{"id":10655,"date":"2019-10-22T11:09:17","date_gmt":"2019-10-22T11:09:17","guid":{"rendered":"http:\/\/montanheiros.cecilia-designs.com\/?page_id=10655"},"modified":"2024-03-21T09:20:15","modified_gmt":"2024-03-21T09:20:15","slug":"cdm-quem-somos","status":"publish","type":"page","link":"https:\/\/www.montanheiros.com\/en\/cdm-quem-somos\/","title":{"rendered":"CDM - Quem somos"},"content":{"rendered":"\n<div class=\"row\"  id=\"row-1089129743\">\n\n\n\t<div id=\"col-727079180\" class=\"col medium-5 small-12 large-5\"  >\n\t\t\t\t<div class=\"col-inner\"  >\n\t\t\t\n\t\t\t\n\n\n  <div class=\"banner has-hover\" id=\"banner-1020534092\">\n          <div class=\"banner-inner fill\">\n        <div class=\"banner-bg fill\" >\n            <div class=\"bg fill bg-fill \"><\/div>\n                                    \n                    <\/div>\n\t\t\n        <div class=\"banner-layers container\">\n            <div class=\"fill banner-link\"><\/div>            \n\n   <div id=\"text-box-872750417\" class=\"text-box banner-layer x50 md-x50 lg-x50 y50 md-y50 lg-y50 res-text\">\n                                <div class=\"text-box-content text dark\">\n              \n              <div class=\"text-inner text-center\">\n                  \n\n\n              <\/div>\n           <\/div>\n                            \n<style>\n#text-box-872750417 {\n  width: 60%;\n}\n#text-box-872750417 .text-box-content {\n  font-size: 100%;\n}\n@media (min-width:550px) {\n  #text-box-872750417 {\n    width: 60%;\n  }\n}\n<\/style>\n    <\/div>\n \n\n        <\/div>\n      <\/div>\n\n            \n<style>\n#banner-1020534092 {\n  padding-top: 196px;\n}\n#banner-1020534092 .bg.bg-loaded {\n  background-image: url(https:\/\/www.montanheiros.com\/wp-content\/uploads\/2019\/04\/big1493375496.jpg);\n}\n#banner-1020534092 .ux-shape-divider--top svg {\n  height: 150px;\n  --divider-top-width: 100%;\n}\n#banner-1020534092 .ux-shape-divider--bottom svg {\n  height: 150px;\n  --divider-width: 100%;\n}\n<\/style>\n  <\/div>\n\n\n\n\t\t<\/div>\n\t\t\t\t\t<\/div>\n\n\t\n\n\t<div id=\"col-1905796842\" class=\"col medium-4 small-12 large-4\"  >\n\t\t\t\t<div class=\"col-inner\"  >\n\t\t\t\n\t\t\t\n\n\n  <div class=\"banner has-hover\" id=\"banner-40494023\">\n          <div class=\"banner-inner fill\">\n        <div class=\"banner-bg fill\" >\n            <div class=\"bg fill bg-fill \"><\/div>\n                                    \n                    <\/div>\n\t\t\n        <div class=\"banner-layers container\">\n            <div class=\"fill banner-link\"><\/div>            \n\n   <div id=\"text-box-1867463088\" class=\"text-box banner-layer x50 md-x50 lg-x50 y50 md-y50 lg-y50 res-text\">\n                                <div class=\"text-box-content text dark\">\n              \n              <div class=\"text-inner text-center\">\n                  \n\n\n              <\/div>\n           <\/div>\n                            \n<style>\n#text-box-1867463088 {\n  width: 60%;\n}\n#text-box-1867463088 .text-box-content {\n  font-size: 100%;\n}\n@media (min-width:550px) {\n  #text-box-1867463088 {\n    width: 60%;\n  }\n}\n<\/style>\n    <\/div>\n \n\n        <\/div>\n      <\/div>\n\n            \n<style>\n#banner-40494023 {\n  padding-top: 220px;\n}\n#banner-40494023 .bg.bg-loaded {\n  background-image: url(https:\/\/www.montanheiros.com\/wp-content\/uploads\/2019\/06\/big1561064848.jpg);\n}\n#banner-40494023 .ux-shape-divider--top svg {\n  height: 150px;\n  --divider-top-width: 100%;\n}\n#banner-40494023 .ux-shape-divider--bottom svg {\n  height: 150px;\n  --divider-width: 100%;\n}\n<\/style>\n  <\/div>\n\n\n\n\t\t<\/div>\n\t\t\t\t\t<\/div>\n\n\t\n\n\t<div id=\"col-714827498\" class=\"col medium-3 small-12 large-3\"  >\n\t\t\t\t<div class=\"col-inner\"  >\n\t\t\t\n\t\t\t\n\n\n  <div class=\"banner has-hover\" id=\"banner-1812162679\">\n          <div class=\"banner-inner fill\">\n        <div class=\"banner-bg fill\" >\n            <div class=\"bg fill bg-fill \"><\/div>\n                                    \n                    <\/div>\n\t\t\n        <div class=\"banner-layers container\">\n            <div class=\"fill banner-link\"><\/div>            \n\n   <div id=\"text-box-297981521\" class=\"text-box banner-layer x50 md-x50 lg-x50 y50 md-y50 lg-y50 res-text\">\n                                <div class=\"text-box-content text dark\">\n              \n              <div class=\"text-inner text-center\">\n                  \n\n\n              <\/div>\n           <\/div>\n                            \n<style>\n#text-box-297981521 {\n  width: 60%;\n}\n#text-box-297981521 .text-box-content {\n  font-size: 100%;\n}\n@media (min-width:550px) {\n  #text-box-297981521 {\n    width: 60%;\n  }\n}\n<\/style>\n    <\/div>\n \n\n        <\/div>\n      <\/div>\n\n            \n<style>\n#banner-1812162679 {\n  padding-top: 220px;\n}\n#banner-1812162679 .bg.bg-loaded {\n  background-image: url(https:\/\/www.montanheiros.com\/wp-content\/uploads\/2019\/10\/big1566482311.jpg);\n}\n#banner-1812162679 .ux-shape-divider--top svg {\n  height: 150px;\n  --divider-top-width: 100%;\n}\n#banner-1812162679 .ux-shape-divider--bottom svg {\n  height: 150px;\n  --divider-width: 100%;\n}\n<\/style>\n  <\/div>\n\n\n\n\t\t<\/div>\n\t\t\t\t\t<\/div>\n\n\t\n\n<\/div>\n<a href=\"http:\/\/montanheiros.com\/cdm-quem-somos\" target=\"_self\" class=\"button success\"  >\n    <span>Quem somos<\/span>\n  <\/a>\n\n\n<a href=\"http:\/\/montanheiros.com\/cdm-quem-somos\/escalada\/\" target=\"_self\" class=\"button primary\"  >\n    <span>escalada<\/span>\n  <\/a>\n\n\n<a href=\"http:\/\/montanheiros.com\/pedestrianismo\" target=\"_self\" class=\"button primary\"  >\n    <span>pedestrianismo<\/span>\n  <\/a>\n\n\n<a href=\"http:\/\/montanheiros.com\/geocaching\" target=\"_self\" class=\"button primary\"  >\n    <span>geocaching<\/span>\n  <\/a>\n\n\n<div class=\"row\"  id=\"row-39062387\">\n\n\n\t<div id=\"col-915448068\" class=\"col medium-6 small-12 large-6\"  >\n\t\t\t\t<div class=\"col-inner\"  >\n\t\t\t\n\t\t\t\n\n<h3><strong>HIST\u00d3RIA<\/strong><\/h3>\n<p>A Associa\u00e7\u00e3o os Montanheiros h\u00e1 v\u00e1rios anos que vinha acdesenvolver atividades no \u00e2mbito dos desportos de montanha, seja ao n\u00edvel do pedestrianismo (prepara\u00e7\u00e3o dos percursos pedestres e realiza\u00e7\u00e3o de caminhadas), da escalada (forma\u00e7\u00e3o de praticantes e de monitores, realiza\u00e7\u00e3o de treinos regulares, organiza\u00e7\u00e3o e participa\u00e7\u00e3o em competi\u00e7\u00f5es, dinamiza\u00e7\u00e3o de infraestruturas pr\u00f3prias) e, mais recentemente, em atividades como o Geocaching.<\/p>\n<p>Por esta raz\u00e3o, achou-se por bem fundar uma entidade totalmente dedicada a\u00a0 estas atividades, um clube: <strong>CDM &#8211; CLUBE DESPORTIVO MONTANHEIROS.<\/strong><\/p>\n<p>O CDM \u2013 Clube Desportivo Montanheiros com o objetivo de albergar a vertente competitiva de diversas modalidades desportivas, que antes existiam na associa\u00e7\u00e3o na forma de sec\u00e7\u00f5es. Com a cria\u00e7\u00e3o deste clube pretendemos que seja esta entidade a assegurar e a contribuir de forma din\u00e2mica para a pr\u00e1tica, desenvolvimento e a promo\u00e7\u00e3o das modalidades desportivas, como \u00e9 do seu objeto social, em particular desportos de montanha.<\/p>\n<p>\u00c9 com este passo t\u00e3o importante, que refor\u00e7amos a nossa aposta nos desportos praticados na natureza, como o skyrunning, o canyoning ou a escalada, n\u00e3o deixando de parte outras atividades, que embora n\u00e3o sendo modalidades desportivas, s\u00e3o praticadas neste meio, como o Geocaching ou o pedestrianismo.<\/p>\n<p>O Clube pretende apostar nos praticantes mais jovens da ilha Terceira para dar continuidade aos \u00f3timos resultados conseguidos pela associa\u00e7\u00e3o em diversas competi\u00e7\u00f5es. \u00c9 na capta\u00e7\u00e3o dos praticantes para os escal\u00f5es de forma\u00e7\u00e3o desde tenra idade, que est\u00e1 a chave para os melhores resultados desportivos e tudo faremos nesse sentido.<\/p>\n<p>Os A\u00e7ores s\u00e3o incontestavelmente um palco de excel\u00eancia para a pr\u00e1tica destas modalidades, notando-se nos \u00faltimos anos um aumento exponencial no n\u00famero de praticantes e de eventos realizados.<\/p>\n<p><strong>Contactos:<\/strong><br \/>Rua da Rocha n\u00ba8<br \/>9700-169 Angra do Hero\u00edsmo<\/p>\n<div class=\"social-icons follow-icons\" ><span>Clube Desportivo Montanheiros<\/span><a href=\"https:\/\/www.facebook.com\/cdmontanheiros\/\" target=\"_blank\" data-label=\"Facebook\" rel=\"noopener noreferrer nofollow\" class=\"icon button circle is-outline facebook tooltip\" title=\"Follow on Facebook\" aria-label=\"Follow on Facebook\"><i class=\"icon-facebook\" ><\/i><\/a><a href=\"mailto:geral.cdmontanheiros@gmail.com\" data-label=\"E-mail\" rel=\"nofollow\" class=\"icon button circle is-outline  email tooltip\" title=\"Send us an email\" aria-label=\"Send us an email\"><i class=\"icon-envelop\" ><\/i><\/a><a href=\"tel:966776531\" target=\"_blank\" data-label=\"Phone\" rel=\"noopener noreferrer nofollow\" class=\"icon button circle is-outline  phone tooltip\" title=\"Call us\" aria-label=\"Call us\"><i class=\"icon-phone\" ><\/i><\/a><\/div>\n\n\n\t\t<\/div>\n\t\t\t\t\t<\/div>\n\n\t\n\n\t<div id=\"col-1839877108\" class=\"col medium-6 small-12 large-6\"  >\n\t\t\t\t<div class=\"col-inner\"  >\n\t\t\t\n\t\t\t\n\n<h3><strong>OBJECTO SOCIAL<\/strong><\/h3>\n<p>O CDM \u2013 Clube Desportivo Montanheiros tem por objeto social o fomento e a pr\u00e1tica direta de modalidades desportivas que possam ser praticadas em cen\u00e1rios naturais ou outros, sendo exemplo disso desportos de montanha, Escalada, a Orienta\u00e7\u00e3o, o Parapente e outros pelos quais o clube se possa vir a interessar.<\/p>\n<ul>\n<li>No \u00e2mbito das suas atribui\u00e7\u00f5es e na prossecu\u00e7\u00e3o ao do seu objeto social, o CDM tem por fins espec\u00edficos:<\/li>\n<li>Promover as varias modalidades desportivas, praticadas ou do interesse do clube, nas suas diferentes vertentes: Divulga\u00e7\u00e3o, Experimenta\u00e7\u00e3o, Forma\u00e7\u00e3o e Competi\u00e7\u00e3o;<\/li>\n<li>Organizar competi\u00e7\u00f5es nas modalidades desenvolvidas pelo CDM e estar dispon\u00edvel para colaborar com associa\u00e7\u00f5es, federa\u00e7\u00f5es, empresas ou outras entidades na coorganiza\u00e7\u00e3o das mesmas;<\/li>\n<li>Competir, atrav\u00e9s da inscri\u00e7\u00e3o de atletas, em provas organizadas pelo CDM e\/ou por outras entidades;<\/li>\n<li>Fazer-se representar, por elementos dos \u00f3rg\u00e3os sociais do CDM ou outro associado efetivo para isso mandatado, em eventos organizados por outras entidades, sejam de competi\u00e7\u00e3o ou n\u00e3o;<\/li>\n<li>Participar em eventos direta ou indiretamente relacionados com os desportos de montanha e escalada, ou outros desenvolvidos ou do interesse do CDM;<\/li>\n<li>Divulgar as modalidades desenvolvidas pelo CDM, como por exemplo os desportos de montanha e escalada, veiculando informa\u00e7\u00e3o sobre as mesmas ou procedendo a demonstra\u00e7\u00f5es em exibi\u00e7\u00f5es e festivais;<\/li>\n<li>Formar e treinar atletas e praticantes, atrav\u00e9s de programas de forma\u00e7\u00e3o pr\u00f3prios ou protocolados com outras institui\u00e7\u00f5es;<\/li>\n<li>Fornecer informa\u00e7\u00e3o e apoiar iniciativas que visem o desenvolvimento das modalidades praticadas ou do interesse do clube, organizadas por estruturas federativas ou outras entidades, conseguindo com isso a promo\u00e7\u00e3o do CDM e do desporto em geral;<\/li>\n<li>Promover os valores de \u00e9tica e disciplina no desporto, junto dos atletas e praticantes do clube, conducente a uma pratica em estreita sintonia com aquelas que s\u00e3o as orienta\u00e7\u00f5es emanadas superiormente por estruturas associativas e federativas da \u00e1rea, e com os valores c\u00edvicos gerais;<\/li>\n<li>Estabelecer um clima de confian\u00e7a, seguran\u00e7a, justi\u00e7a e igualdade de tratamento, entre os atletas e praticantes do clube;<\/li>\n<li>Garantir a todos os interessados a oportunidade de acesso as suas atividades, criando as exce\u00e7\u00f5es necess\u00e1rias, se para tal for necess\u00e1rio.<\/li>\n<\/ul>\n\n\t\t<\/div>\n\t\t\t\t\t<\/div>\n\n\t\n\n<\/div>\n<div class=\"text-center\"><div class=\"is-divider divider clearfix\" style=\"max-width:383px;\"><\/div><\/div>\n\n<div class=\"row\"  id=\"row-629202184\">\n\n\n\t<div id=\"col-2074955162\" class=\"col medium-6 small-12 large-6\"  >\n\t\t\t\t<div class=\"col-inner\"  >\n\t\t\t\n\t\t\t\n\n\n  <div class=\"banner has-hover\" id=\"banner-2039302880\">\n          <div class=\"banner-inner fill\">\n        <div class=\"banner-bg fill\" >\n            <div class=\"bg fill bg-fill \"><\/div>\n                                    \n                    <\/div>\n\t\t\n        <div class=\"banner-layers container\">\n            <div class=\"fill banner-link\"><\/div>               <div id=\"text-box-1299601589\" class=\"text-box banner-layer x50 md-x50 lg-x50 y50 md-y50 lg-y50 res-text\">\n                     <div data-animate=\"fadeIn\">           <div class=\"text-box-content text dark\">\n              \n              <div class=\"text-inner text-center\">\n                  \n\n\n              <\/div>\n           <\/div>\n       <\/div>                     \n<style>\n#text-box-1299601589 {\n  width: 60%;\n}\n#text-box-1299601589 .text-box-content {\n  font-size: 100%;\n}\n@media (min-width:550px) {\n  #text-box-1299601589 {\n    width: 60%;\n  }\n}\n<\/style>\n    <\/div>\n         <\/div>\n      <\/div>\n\n            \n<style>\n#banner-2039302880 {\n  padding-top: 314px;\n}\n#banner-2039302880 .bg.bg-loaded {\n  background-image: url(https:\/\/www.montanheiros.com\/wp-content\/uploads\/2019\/04\/big1_1399368863.jpg);\n}\n#banner-2039302880 .ux-shape-divider--top svg {\n  height: 150px;\n  --divider-top-width: 100%;\n}\n#banner-2039302880 .ux-shape-divider--bottom svg {\n  height: 150px;\n  --divider-width: 100%;\n}\n<\/style>\n  <\/div>\n\n\n\n\t\t<\/div>\n\t\t\t\t\t<\/div>\n\n\t\n\n\t<div id=\"col-140012729\" class=\"col medium-6 small-12 large-6\"  >\n\t\t\t\t<div class=\"col-inner\"  >\n\t\t\t\n\t\t\t\n\n<h3><strong>\u00d3RG\u00c3OS SOCIAIS<\/strong><\/h3>\n<ul>\n<li><strong>Presidente:<\/strong> Paulo Jos\u00e9 Mendes Barcelos<\/li>\n<li><strong>Secret\u00e1rio:<\/strong> Jos\u00e9 Maria Ferreira Botelho<\/li>\n<li><strong>Tesoureiro:<\/strong> Jos\u00e9 Gabriel da Rosa Ficher<\/li>\n<li><strong>Conselho Fiscal<\/strong>: Gil da Silva Navalho<\/li>\n<li><strong>Diretor T\u00e9cnico:<\/strong> Ant\u00f3nio Paulo Vaz Soares<\/li>\n<\/ul>\n\n\t\t<\/div>\n\t\t\t\t\t<\/div>\n\n\t\n\n<\/div>\n\n","protected":false},"excerpt":{"rendered":"<p>Quem somos escalada pedestrianismo geocaching HIST\u00d3RIA A Associa\u00e7\u00e3o os Montanheiros h\u00e1 v\u00e1rios anos que vinha acdesenvolver atividades no \u00e2mbito dos desportos de montanha, seja ao n\u00edvel do pedestrianismo (prepara\u00e7\u00e3o dos percursos pedestres e realiza\u00e7\u00e3o de caminhadas), da escalada (forma\u00e7\u00e3o de praticantes e de monitores, realiza\u00e7\u00e3o de treinos regulares, organiza\u00e7\u00e3o e participa\u00e7\u00e3o em competi\u00e7\u00f5es, dinamiza\u00e7\u00e3o de [&#8230;]\n","protected":false},"author":1,"featured_media":0,"parent":0,"menu_order":0,"comment_status":"closed","ping_status":"closed","template":"","meta":{"jetpack_post_was_ever_published":false,"footnotes":""},"class_list":["post-10655","page","type-page","status-publish","hentry"],"jetpack_sharing_enabled":true,"jetpack_shortlink":"https:\/\/wp.me\/PaT0CI-2LR","_links":{"self":[{"href":"https:\/\/www.montanheiros.com\/en\/wp-json\/wp\/v2\/pages\/10655","targetHints":{"allow":["GET"]}}],"collection":[{"href":"https:\/\/www.montanheiros.com\/en\/wp-json\/wp\/v2\/pages"}],"about":[{"href":"https:\/\/www.montanheiros.com\/en\/wp-json\/wp\/v2\/types\/page"}],"author":[{"embeddable":true,"href":"https:\/\/www.montanheiros.com\/en\/wp-json\/wp\/v2\/users\/1"}],"replies":[{"embeddable":true,"href":"https:\/\/www.montanheiros.com\/en\/wp-json\/wp\/v2\/comments?post=10655"}],"version-history":[{"count":20,"href":"https:\/\/www.montanheiros.com\/en\/wp-json\/wp\/v2\/pages\/10655\/revisions"}],"predecessor-version":[{"id":16554,"href":"https:\/\/www.montanheiros.com\/en\/wp-json\/wp\/v2\/pages\/10655\/revisions\/16554"}],"wp:attachment":[{"href":"https:\/\/www.montanheiros.com\/en\/wp-json\/wp\/v2\/media?parent=10655"}],"curies":[{"name":"wp","href":"https:\/\/api.w.org\/{rel}","templated":true}]}}