{"id":10687,"date":"2019-10-22T13:20:42","date_gmt":"2019-10-22T13:20:42","guid":{"rendered":"http:\/\/montanheiros.cecilia-designs.com\/?page_id=10687"},"modified":"2021-08-25T09:36:15","modified_gmt":"2021-08-25T09:36:15","slug":"cdm-lista-percursos","status":"publish","type":"page","link":"https:\/\/www.montanheiros.com\/en\/cdm-quem-somos\/cdm-lista-percursos\/","title":{"rendered":"CDM - Pedestrianismo | Lista Percursos"},"content":{"rendered":"\n<div class=\"row\"  id=\"row-1176324502\">\n\n\n\t<div id=\"col-1191953519\" class=\"col medium-5 small-12 large-5\"  >\n\t\t\t\t<div class=\"col-inner\"  >\n\t\t\t\n\t\t\t\n\n\n  <div class=\"banner has-hover\" id=\"banner-573655648\">\n          <div class=\"banner-inner fill\">\n        <div class=\"banner-bg fill\" >\n            <div class=\"bg fill bg-fill \"><\/div>\n                                    \n                    <\/div>\n\t\t\n        <div class=\"banner-layers container\">\n            <div class=\"fill banner-link\"><\/div>            \n\n   <div id=\"text-box-794089204\" class=\"text-box banner-layer x50 md-x50 lg-x50 y50 md-y50 lg-y50 res-text\">\n                                <div class=\"text-box-content text dark\">\n              \n              <div class=\"text-inner text-center\">\n                  \n\n\n              <\/div>\n           <\/div>\n                            \n<style>\n#text-box-794089204 {\n  width: 60%;\n}\n#text-box-794089204 .text-box-content {\n  font-size: 100%;\n}\n<\/style>\n    <\/div>\n \n\n        <\/div>\n      <\/div>\n\n            \n<style>\n#banner-573655648 {\n  padding-top: 196px;\n}\n#banner-573655648 .bg.bg-loaded {\n  background-image: url(https:\/\/www.montanheiros.com\/wp-content\/uploads\/2019\/04\/big1493375496.jpg);\n}\n#banner-573655648 .ux-shape-divider--top svg {\n  height: 150px;\n  --divider-top-width: 100%;\n}\n#banner-573655648 .ux-shape-divider--bottom svg {\n  height: 150px;\n  --divider-width: 100%;\n}\n<\/style>\n  <\/div>\n\n\n\n\t\t<\/div>\n\t\t\t\t\t<\/div>\n\n\t\n\n\t<div id=\"col-721350433\" class=\"col medium-4 small-12 large-4\"  >\n\t\t\t\t<div class=\"col-inner\"  >\n\t\t\t\n\t\t\t\n\n\n  <div class=\"banner has-hover\" id=\"banner-1410265614\">\n          <div class=\"banner-inner fill\">\n        <div class=\"banner-bg fill\" >\n            <div class=\"bg fill bg-fill \"><\/div>\n                                    \n                    <\/div>\n\t\t\n        <div class=\"banner-layers container\">\n            <div class=\"fill banner-link\"><\/div>            \n\n   <div id=\"text-box-1363211227\" class=\"text-box banner-layer x50 md-x50 lg-x50 y50 md-y50 lg-y50 res-text\">\n                                <div class=\"text-box-content text dark\">\n              \n              <div class=\"text-inner text-center\">\n                  \n\n\n              <\/div>\n           <\/div>\n                            \n<style>\n#text-box-1363211227 {\n  width: 60%;\n}\n#text-box-1363211227 .text-box-content {\n  font-size: 100%;\n}\n@media (min-width:550px) {\n  #text-box-1363211227 {\n    width: 60%;\n  }\n}\n<\/style>\n    <\/div>\n \n\n        <\/div>\n      <\/div>\n\n            \n<style>\n#banner-1410265614 {\n  padding-top: 220px;\n}\n#banner-1410265614 .bg.bg-loaded {\n  background-image: url(https:\/\/www.montanheiros.com\/wp-content\/uploads\/2019\/10\/big6_1524562189.jpg);\n}\n#banner-1410265614 .ux-shape-divider--top svg {\n  height: 150px;\n  --divider-top-width: 100%;\n}\n#banner-1410265614 .ux-shape-divider--bottom svg {\n  height: 150px;\n  --divider-width: 100%;\n}\n<\/style>\n  <\/div>\n\n\n\n\t\t<\/div>\n\t\t\t\t\t<\/div>\n\n\t\n\n\t<div id=\"col-1112628007\" class=\"col medium-3 small-12 large-3\"  >\n\t\t\t\t<div class=\"col-inner\"  >\n\t\t\t\n\t\t\t\n\n\n  <div class=\"banner has-hover\" id=\"banner-151109678\">\n          <div class=\"banner-inner fill\">\n        <div class=\"banner-bg fill\" >\n            <div class=\"bg fill bg-fill \"><\/div>\n                                    \n                    <\/div>\n\t\t\n        <div class=\"banner-layers container\">\n            <div class=\"fill banner-link\"><\/div>            \n\n   <div id=\"text-box-399037558\" class=\"text-box banner-layer x50 md-x50 lg-x50 y50 md-y50 lg-y50 res-text\">\n                                <div class=\"text-box-content text dark\">\n              \n              <div class=\"text-inner text-center\">\n                  \n\n\n              <\/div>\n           <\/div>\n                            \n<style>\n#text-box-399037558 {\n  width: 60%;\n}\n#text-box-399037558 .text-box-content {\n  font-size: 100%;\n}\n@media (min-width:550px) {\n  #text-box-399037558 {\n    width: 60%;\n  }\n}\n<\/style>\n    <\/div>\n \n\n        <\/div>\n      <\/div>\n\n            \n<style>\n#banner-151109678 {\n  padding-top: 220px;\n}\n#banner-151109678 .bg.bg-loaded {\n  background-image: url(https:\/\/www.montanheiros.com\/wp-content\/uploads\/2019\/10\/big24_1532963057.jpg);\n}\n#banner-151109678 .ux-shape-divider--top svg {\n  height: 150px;\n  --divider-top-width: 100%;\n}\n#banner-151109678 .ux-shape-divider--bottom svg {\n  height: 150px;\n  --divider-width: 100%;\n}\n<\/style>\n  <\/div>\n\n\n\n\t\t<\/div>\n\t\t\t\t\t<\/div>\n\n\t\n\n<\/div>\n<a href=\"http:\/\/montanheiros.cecilia-designs.com\/cdm-quem-somos\" target=\"_self\" class=\"button primary\"  >\n    <span>Quem somos<\/span>\n  <\/a>\n\n\n<a href=\"http:\/\/montanheiros.com\/cdm-quem-somos\/cdm-info\/\" target=\"_self\" class=\"button primary\"  >\n    <span>\u00c9poca desportiva<\/span>\n  <\/a>\n\n\n<a href=\"http:\/\/montanheiros.com\/cdm-quem-somos\/escalada\/\" target=\"_self\" class=\"button primary\"  >\n    <span>escalada<\/span>\n  <\/a>\n\n\n<a href=\"http:\/\/montanheiros.cecilia-designs.com\/pedestrianismo\" target=\"_self\" class=\"button success\"  >\n    <span>pedestrianismo<\/span>\n  <\/a>\n\n\n<a href=\"http:\/\/montanheiros.cecilia-designs.com\/geocaching\" target=\"_self\" class=\"button primary\"  >\n    <span>geocaching<\/span>\n  <\/a>\n\n\n<a class=\"button primary is-underline\"  >\n    <span>Percursos Classificados<\/span>\n  <\/a>\n\n\n<a href=\"http:\/\/montanheiros.cecilia-designs.com\/cdm-lista-percursos\" target=\"_self\" class=\"button success is-underline\"  >\n    <span>Lista dos Percursos<\/span>\n  <\/a>\n\n\n\t<div id=\"gap-846003247\" class=\"gap-element clearfix\" style=\"display:block; height:auto;\">\n\t\t\n<style>\n#gap-846003247 {\n  padding-top: 30px;\n}\n<\/style>\n\t<\/div>\n\t\n\n<div class=\"row\"  id=\"row-392554376\">\n\n\n\t<div id=\"col-1707536051\" class=\"col medium-4 small-12 large-4\"  >\n\t\t\t\t<div class=\"col-inner\"  >\n\t\t\t\n\t\t\t\n\n<h3>Lista dos Percursos Pedestres recomendados<\/h3>\n<p>De acordo com o estipulado no DLR n\u00ba 16\/2004\/A, de 10 de Abril, a classifica\u00e7\u00e3o enquanto \u201cPercursos Pedestres recomendados da Regi\u00e3o Aut\u00f3noma dos A\u00e7ores\u201d \u00e9 atribu\u00edda pelo departamento do Governo Regional competente em mat\u00e9ria de turismo. O facto do reconhecimento dos percursos, ou seja da sua \u201cqualidade\u201d, ser da compet\u00eancia de organismos p\u00fablicos regionais, com compet\u00eancias em mat\u00e9ria de turismo, tem toda a l\u00f3gica e aconselha-se. Observou-se num passado n\u00e3o muito distante uma tentativa de descr\u00e9dito no trabalho que esta regi\u00e3o pretendia fazer em mat\u00e9ria de credita\u00e7\u00e3o destes percursos, o que veio lan\u00e7ar alguma confus\u00e3o e malentendidos. A posi\u00e7\u00e3o dos Montanheiros, neste e noutros assuntos, \u00e9 de que, as delega\u00e7\u00f5es do Governo da Rep\u00fablica em determinadas entidades n\u00e3o governamentais de compet\u00eancias monopol\u00edsticas de credita\u00e7\u00e3o, do que quer que seja, n\u00e3o d\u00e3o o direito a essas entidades de agir de igual modo no espa\u00e7o territorial a\u00e7oriano, excepto com o devido reconhecimento por parte do Governo Regional. Afinal um estatuto auton\u00f3mico existe \u2026 e que se saiba faz-se cumprir.<\/p>\n<p>Por despacho do membro do Governo Regional competente em mat\u00e9ria de turismo foi constitu\u00edda uma \u201cComiss\u00e3o de Acompanhamento dos Percursos Pedestres\u201d, onde est\u00e3o representadas v\u00e1rias entidades governamentais e n\u00e3o governamentais, cujos objectivos passam por \u201cpropor altera\u00e7\u00f5es \u00e0s listagens dos percursos pedestres classificados\u201d, que ap\u00f3s vota\u00e7\u00e3o favor\u00e1vel ficam em vig\u00eancia. Ap\u00f3s reuni\u00e3o desta Comiss\u00e3o, presidida pela Direc\u00e7\u00e3o Regional do Turismo, a 7 de Dezembro de 2004, foi aprovada por unanimidade uma primeira lista de PP recomendados da Regi\u00e3o. Esta lista tem vindo a ser ampliada a cada reuni\u00e3o da CAPP, sendo a sua composi\u00e7\u00e3o, desde Fevereiro de 2006, a seguinte:<\/p>\n\n\t\t<\/div>\n\t\t\t\t\t<\/div>\n\n\t\n\n\t<div id=\"col-2021971940\" class=\"col medium-8 small-12 large-8\"  >\n\t\t\t\t<div class=\"col-inner\"  >\n\t\t\t\n\t\t\t\n\n<table width=\"547\">\n<tbody>\n<tr>\n<td><strong>Designa\u00e7\u00e3o<\/strong><\/td>\n<td><strong>Circuito<\/strong><\/td>\n<td><strong>Entidade proponente<\/strong><\/td>\n<\/tr>\n<tr>\n<td colspan=\"3\"><strong>SANTA MARIA<\/strong><\/td>\n<\/tr>\n<tr>\n<td>PRC3SMA<\/td>\n<td>Entre a Serra e o mar<\/td>\n<td>Dire\u00e7\u00e3o Regional do Turismo<\/td>\n<\/tr>\n<tr>\n<td>PR2SMA<\/td>\n<td>Pico Alto &#8211; Anjos<\/td>\n<td>Dire\u00e7\u00e3o Regional do Turismo<\/td>\n<\/tr>\n<tr>\n<td>PR4SMA<\/td>\n<td>Santo Espirito &#8211; Maia<\/td>\n<td>Dire\u00e7\u00e3o Regional do Turismo<\/td>\n<\/tr>\n<tr>\n<td>PR1SMA<\/td>\n<td>Trilho da Costa Norte<\/td>\n<td>Dire\u00e7\u00e3o Regional do Turismo<\/td>\n<\/tr>\n<tr>\n<td>PR5SMA<\/td>\n<td>Trilho da Costa Sul<\/td>\n<td>Dire\u00e7\u00e3o Regional do Turismo<\/td>\n<\/tr>\n<tr>\n<td>\u00a0<\/td>\n<td>Grande Rota de Santa Maria<\/td>\n<td>Dire\u00e7\u00e3o Regional do Turismo<\/td>\n<\/tr>\n<tr>\n<td colspan=\"3\"><strong>S\u00c3O MIGUEL<\/strong><\/td>\n<\/tr>\n<tr>\n<td>PRC34SMI<\/td>\n<td>Fenais da Ajuda &#8211; Lomba de S.Pedro\u00a0\u00a0\u00a0\u00a0\u00a0\u00a0\u00a0\u00a0\u00a0\u00a0\u00a0\u00a0\u00a0\u00a0\u00a0\u00a0\u00a0\u00a0\u00a0\u00a0\u00a0\u00a0\u00a0<\/td>\n<td>Dire\u00e7\u00e3o Regional do Turismo<\/td>\n<\/tr>\n<tr>\n<td>PRC33SMI<\/td>\n<td>Atalho dos Vermelhos<\/td>\n<td>Dire\u00e7\u00e3o Regional do Turismo<\/td>\n<\/tr>\n<tr>\n<td>PRC29SMI<\/td>\n<td>Caldeira da Ribeira Grande-Salto do Cabrito<\/td>\n<td>Dire\u00e7\u00e3o Regional do Turismo<\/td>\n<\/tr>\n<tr>\n<td>PRC28SMI<\/td>\n<td>Ch\u00e1 Gorreana<\/td>\n<td>Dire\u00e7\u00e3o Regional do Turismo<\/td>\n<\/tr>\n<tr>\n<td>PRC9SMI<\/td>\n<td>Faial da Terra &#8211; Salto do Prego<\/td>\n<td>Dire\u00e7\u00e3o Regional do Turismo<\/td>\n<\/tr>\n<tr>\n<td>PRC6SMI<\/td>\n<td>Furnas<\/td>\n<td>Dire\u00e7\u00e3o Regional do Turismo<\/td>\n<\/tr>\n<tr>\n<td>PRC22SMI<\/td>\n<td>Gren\u00e1 &#8211; Pico do Ferro<\/td>\n<td>Dire\u00e7\u00e3o Regional do Turismo<\/td>\n<\/tr>\n<tr>\n<td>PRC38SMI<\/td>\n<td>Lomba D&#8217;El Rei<\/td>\n<td>Dire\u00e7\u00e3o Regional do Turismo<\/td>\n<\/tr>\n<tr>\n<td>PR4SMI<\/td>\n<td>Mata do Can\u00e1rio &#8211; Sete Cidades<\/td>\n<td>Dire\u00e7\u00e3o Regional do Turismo<\/td>\n<\/tr>\n<tr>\n<td>PRC35SMI<\/td>\n<td>Mo\u00ednhos da Ribeira Funda<\/td>\n<td>Dire\u00e7\u00e3o Regional do Turismo<\/td>\n<\/tr>\n<tr>\n<td>PRC36SMI<\/td>\n<td>Pedra Queimada &#8211; Lajinha-Degredo<\/td>\n<td>Dire\u00e7\u00e3o Regional do Turismo<\/td>\n<\/tr>\n<tr>\n<td>PRC7SMI<\/td>\n<td>Pico da Vara<\/td>\n<td>Dire\u00e7\u00e3o Regional do Turismo<\/td>\n<\/tr>\n<tr>\n<td>PR27SMI<\/td>\n<td>Praia da Viola<\/td>\n<td>Dire\u00e7\u00e3o Regional do Turismo<\/td>\n<\/tr>\n<tr>\n<td>PRC25SMI<\/td>\n<td>Praia &#8211; Lagoa do Fogo<\/td>\n<td>Dire\u00e7\u00e3o Regional do Turismo<\/td>\n<\/tr>\n<tr>\n<td>PR11SMI<\/td>\n<td>Ribeira do Faial da Terra<\/td>\n<td>Dire\u00e7\u00e3o Regional do Turismo<\/td>\n<\/tr>\n<tr>\n<td>PRC20SMI<\/td>\n<td>Rocha da Relva<\/td>\n<td>Dire\u00e7\u00e3o Regional do Turismo<\/td>\n<\/tr>\n<tr>\n<td>PRC37SMI<\/td>\n<td>Rota da \u00e1gua &#8211; Janela do Inferno<\/td>\n<td>Dire\u00e7\u00e3o Regional do Turismo<\/td>\n<\/tr>\n<tr>\n<td>PRC5SMI<\/td>\n<td>Serra Devassa<\/td>\n<td>Dire\u00e7\u00e3o Regional do Turismo<\/td>\n<\/tr>\n<tr>\n<td>PR12SMI<\/td>\n<td>Pico do Agri\u00e3o<\/td>\n<td>Dire\u00e7\u00e3o Regional do Turismo<\/td>\n<\/tr>\n<tr>\n<td>PRC31SMI<\/td>\n<td>Trilho da Lomba da Fazenda<\/td>\n<td>Dire\u00e7\u00e3o Regional do Turismo<\/td>\n<\/tr>\n<tr>\n<td>PR1SMI<\/td>\n<td>Vigia de S. Pedro<\/td>\n<td>Dire\u00e7\u00e3o Regional do Turismo<\/td>\n<\/tr>\n<tr>\n<td>\n<p>PR1SMI<\/p>\n<p>\u00a0<\/p>\n<\/td>\n<td>\n<p>Vista do Rei &#8211; Sete Cidades<\/p>\n<p>\u00a0<\/p>\n<\/td>\n<td>\n<p>Dire\u00e7\u00e3o Regional do Turismo<\/p>\n<p>\u00a0<\/p>\n<\/td>\n<\/tr>\n<tr>\n<td colspan=\"3\"><strong>TERCEIRA<\/strong><\/td>\n<\/tr>\n<tr>\n<td>PRC6TER<\/td>\n<td>Rocha do Cambre<\/td>\n<td>Dire\u00e7\u00e3o Regional do Turismo<\/td>\n<\/tr>\n<tr>\n<td>PR2TER<\/td>\n<td>Ba\u00edas de Agualva<\/td>\n<td>Dire\u00e7\u00e3o Regional do Turismo<\/td>\n<\/tr>\n<tr>\n<td>PRC1TER<\/td>\n<td>Mist\u00e9rios Negros<\/td>\n<td>Dire\u00e7\u00e3o Regional do Turismo<\/td>\n<\/tr>\n<tr>\n<td>PRC4TER<\/td>\n<td>Monte Brasil<\/td>\n<td>Dire\u00e7\u00e3o Regional do Turismo<\/td>\n<\/tr>\n<tr>\n<td>PRC8TER<\/td>\n<td>Relheiras de S. Br\u00e1s<\/td>\n<td>Dire\u00e7\u00e3o Regional do Turismo<\/td>\n<\/tr>\n<tr>\n<td>PRC2TER<\/td>\n<td>Serreta<\/td>\n<td>Dire\u00e7\u00e3o Regional do Turismo<\/td>\n<\/tr>\n<tr>\n<td>PR05TER<\/td>\n<td>Fortes de S\u00e3o Sebasti\u00e3o<\/td>\n<td>Dire\u00e7\u00e3o Regional do Turismo<\/td>\n<\/tr>\n<tr>\n<td>\n<p>PR05TER<\/p>\n<p>PRC7TER<\/p>\n<p>PR09 TER<\/p>\n<p>GR01 TER<\/p>\n<\/td>\n<td>\n<p>Fortes de S. Sebasti\u00e3o<\/p>\n<p>Passagem das Bestas<\/p>\n<p>Malha Grande<\/p>\n<p>Grande Rota do Oeste<\/p>\n<\/td>\n<td>\n<p>Dire\u00e7\u00e3o Regional do Turismo<\/p>\n<p>Dire\u00e7\u00e3o Regional do Turismo<\/p>\n<p>Dire\u00e7\u00e3o Regional do Turismo<\/p>\n<p>Dire\u00e7\u00e3o Regional do Turismo<\/p>\n<\/td>\n<\/tr>\n<tr>\n<td colspan=\"3\"><strong>GRACIOSA<\/strong><\/td>\n<\/tr>\n<tr>\n<td>PR3GRA<\/td>\n<td>Ba\u00eda da Folga<\/td>\n<td>Dire\u00e7\u00e3o Regional do Turismo<\/td>\n<\/tr>\n<tr>\n<td>PR1GRA<\/td>\n<td>Serra Branca &#8211; Praia<\/td>\n<td>Dire\u00e7\u00e3o Regional do Turismo<\/td>\n<\/tr>\n<tr>\n<td>PRC2GRA<\/td>\n<td>Volta \u00e0 Caldeira &#8211; Furna do Enxofre<\/td>\n<td>Dire\u00e7\u00e3o Regional do Turismo<\/td>\n<\/tr>\n<tr>\n<td>\u00a0<\/td>\n<td>Grande Rota da Graciosa<\/td>\n<td>Dire\u00e7\u00e3o Regional do Turismo<\/td>\n<\/tr>\n<tr>\n<td colspan=\"3\"><strong>S. JORGE<\/strong><\/td>\n<\/tr>\n<tr>\n<td>PRC5SJO<\/td>\n<td>Faj\u00e3 de Al\u00e9m<\/td>\n<td>Dire\u00e7\u00e3o Regional do Turismo<\/td>\n<\/tr>\n<tr>\n<td>PR9SJO<\/td>\n<td>Faj\u00e3 dos Vimes &#8211; Fragueira &#8211; Portal<\/td>\n<td>Dire\u00e7\u00e3o Regional do Turismo<\/td>\n<\/tr>\n<tr>\n<td>PR3SJO<\/td>\n<td>Faj\u00e3 dos Vimes &#8211; Lourais &#8211; Faj\u00e3 de S. Jo\u00e3o<\/td>\n<td>Dire\u00e7\u00e3o Regional do Turismo<\/td>\n<\/tr>\n<tr>\n<td>PR4SJO<\/td>\n<td>Pico do Pedro &#8211; Pico da Esperan\u00e7a &#8211; Faj\u00e3 do Ouvidor<\/td>\n<td>Dire\u00e7\u00e3o Regional do Turismo<\/td>\n<\/tr>\n<tr>\n<td>PR1SJO<\/td>\n<td>Serra do Topo &#8211; Faj\u00e3 de Sto. Cristo &#8211; Faj\u00e3 dos Cubres<\/td>\n<td>Dire\u00e7\u00e3o Regional do Turismo<\/td>\n<\/tr>\n<tr>\n<td>PR2SJO<\/td>\n<td>Serra do Topo &#8211; Faj\u00e3 dos vimes<\/td>\n<td>Dire\u00e7\u00e3o Regional do Turismo<\/td>\n<\/tr>\n<tr>\n<td>PRC6SJO<\/td>\n<td>Trilho do Norte Pequeno<\/td>\n<td>Dire\u00e7\u00e3o Regional do Turismo<\/td>\n<\/tr>\n<tr>\n<td>\u00a0<\/td>\n<td>Grande Rota de S.Jorge<\/td>\n<td>Dire\u00e7\u00e3o Regional do Turismo<\/td>\n<\/tr>\n<tr>\n<td colspan=\"3\"><strong>PICO<\/strong><\/td>\n<\/tr>\n<tr>\n<td>PR19PIC<\/td>\n<td>Caminho das Lagoas<\/td>\n<td>Dire\u00e7\u00e3o Regional do Turismo<\/td>\n<\/tr>\n<tr>\n<td>PR7PIC<\/td>\n<td>Caminho das Voltas<\/td>\n<td>Dire\u00e7\u00e3o Regional do Turismo<\/td>\n<\/tr>\n<tr>\n<td>PR2PIC<\/td>\n<td>Caminho dos Burros<\/td>\n<td>Dire\u00e7\u00e3o Regional do Turismo<\/td>\n<\/tr>\n<tr>\n<td>PR1PIC<\/td>\n<td>Caminho da Santa Luzia<\/td>\n<td>Dire\u00e7\u00e3o Regional do Turismo<\/td>\n<\/tr>\n<tr>\n<td>PRC8PIC<\/td>\n<td>Ladeira dos Mo\u00ednhos<\/td>\n<td>Dire\u00e7\u00e3o Regional do Turismo<\/td>\n<\/tr>\n<tr>\n<td>PR13PIC<\/td>\n<td>Lagoa do Capit\u00e3o<\/td>\n<td>Dire\u00e7\u00e3o Regional do Turismo<\/td>\n<\/tr>\n<tr>\n<td>PR15PIC<\/td>\n<td>Mist\u00e9rios do Sul do Pico<\/td>\n<td>Dire\u00e7\u00e3o Regional do Turismo<\/td>\n<\/tr>\n<tr>\n<td>PR18PIC<\/td>\n<td>Nove Canadas da Ribeirinha<\/td>\n<td>Dire\u00e7\u00e3o Regional do Turismo<\/td>\n<\/tr>\n<tr>\n<td>PR3PIC<\/td>\n<td>Porto do Calhau &#8211; Manhenha, Ponta da ilha<\/td>\n<td>Dire\u00e7\u00e3o Regional do Turismo<\/td>\n<\/tr>\n<tr>\n<td>PRC9PIC<\/td>\n<td>Prainha do Norte<\/td>\n<td>Dire\u00e7\u00e3o Regional do Turismo<\/td>\n<\/tr>\n<tr>\n<td>PR10PIC<\/td>\n<td>Santana &#8211; Lajido<\/td>\n<td>Dire\u00e7\u00e3o Regional do Turismo<\/td>\n<\/tr>\n<tr>\n<td>PR5PIC<\/td>\n<td>Vinhas da Cria\u00e7\u00e3o Velha<\/td>\n<td>Dire\u00e7\u00e3o Regional do Turismo<\/td>\n<\/tr>\n<tr>\n<td>PRC11PIC<\/td>\n<td>Calheta do Nesquim<\/td>\n<td>Dire\u00e7\u00e3o Regional do Turismo<\/td>\n<\/tr>\n<tr>\n<td>PR17PIC<\/td>\n<td>Quintas e Ribeiras<\/td>\n<td>Dire\u00e7\u00e3o Regional do Turismo<\/td>\n<\/tr>\n<tr>\n<td colspan=\"3\"><strong>FAIAL<\/strong><\/td>\n<\/tr>\n<tr>\n<td>PRC4FAI<\/td>\n<td>Caldeira\u00a0<\/td>\n<td>Dire\u00e7\u00e3o Regional do Turismo<\/td>\n<\/tr>\n<tr>\n<td>PR7FAI<\/td>\n<td>Caminhos Velhos<\/td>\n<td>Dire\u00e7\u00e3o Regional do Turismo<\/td>\n<\/tr>\n<tr>\n<td>PRC1FAI<\/td>\n<td>Capelo &#8211; Capelinhos<\/td>\n<td>Dire\u00e7\u00e3o Regional do Turismo<\/td>\n<\/tr>\n<tr>\n<td>PRC8FAI<\/td>\n<td>Entre Montes<\/td>\n<td>\u00a0<\/td>\n<\/tr>\n<tr>\n<td>PRC2FAI<\/td>\n<td>Rocha da Faj\u00e3<\/td>\n<td>Dire\u00e7\u00e3o Regional do Turismo<\/td>\n<\/tr>\n<tr>\n<td>PRC5FAI<\/td>\n<td>Rumo ao Morro de Castelo Branco<\/td>\n<td>Dire\u00e7\u00e3o Regional do Turismo<\/td>\n<\/tr>\n<tr>\n<td>PR3FAI<\/td>\n<td>Trilho da Levada<\/td>\n<td>Dire\u00e7\u00e3o Regional do Turismo<\/td>\n<\/tr>\n<tr>\n<td>PR6FAI<\/td>\n<td>Trilho dos Dez Vulc\u00f5es<\/td>\n<td>Dire\u00e7\u00e3o Regional do Turismo<\/td>\n<\/tr>\n<tr>\n<td>\u00a0<\/td>\n<td>Faial Costa a Costa<\/td>\n<td>Dire\u00e7\u00e3o Regional do Turismo<\/td>\n<\/tr>\n<tr>\n<td colspan=\"3\"><strong>FLORES<\/strong><\/td>\n<\/tr>\n<tr>\n<td>PRC4FLO<\/td>\n<td>Faj\u00e3 de Lopo Vaz<\/td>\n<td>Dire\u00e7\u00e3o Regional do Turismo<\/td>\n<\/tr>\n<tr>\n<td>PR2FLO<\/td>\n<td>Lajedo &#8211; Faj\u00e3 Grande<\/td>\n<td>Dire\u00e7\u00e3o Regional do Turismo<\/td>\n<\/tr>\n<tr>\n<td>PR3FLO<\/td>\n<td>Miradouro das Lagoas &#8211; Po\u00e7o do Bacalhau<\/td>\n<td>Dire\u00e7\u00e3o Regional do Turismo<\/td>\n<\/tr>\n<tr>\n<td>PR1FLO<\/td>\n<td>Ponta Delgada &#8211; Faj\u00e3 Grande<\/td>\n<td>Dire\u00e7\u00e3o Regional do Turismo<\/td>\n<\/tr>\n<tr>\n<td>\u00a0<\/td>\n<td>Grande Rota das Flores<\/td>\n<td>Dire\u00e7\u00e3o Regional do Turismo<\/td>\n<\/tr>\n<tr>\n<td colspan=\"3\"><strong>CORVO<\/strong><\/td>\n<\/tr>\n<tr>\n<td>PRC2COR<\/td>\n<td>Caldeir\u00e3o<\/td>\n<td>Dire\u00e7\u00e3o Regional do Turismo<\/td>\n<\/tr>\n<tr>\n<td>PR1COR<\/td>\n<td>Cara do \u00cdndio<\/td>\n<td>Dire\u00e7\u00e3o Regional do Turismo<\/td>\n<\/tr>\n<tr>\n<td>\u00a0<\/td>\n<td>\u00a0<\/td>\n<td>\u00a0<\/td>\n<\/tr>\n<\/tbody>\n<\/table>\n<p>Para mais informa\u00e7\u00f5es sobre os trilhos\u00a0oficiais dos\u00a0A\u00e7ores, contate\/visite os servi\u00e7os de ilha do Turismo\u00a0e Parque Natural:<\/p>\n<p><a href=\"http:\/\/trilhos.visitazores.com\/pt-pt\">http:\/\/trilhos.visitazores.com\/pt-pt<\/a><\/p>\n<p><a href=\"http:\/\/parquesnaturais.azores.gov.pt\">http:\/\/parquesnaturais.azores.gov.pt<\/a><\/p>\n\n\t\t<\/div>\n\t\t\t\t\t<\/div>\n\n\t\n\n<\/div>\n\n","protected":false},"excerpt":{"rendered":"<p>Quem somos \u00c9poca desportiva escalada pedestrianismo geocaching Percursos Classificados Lista dos Percursos Lista dos Percursos Pedestres recomendados De acordo com o estipulado no DLR n\u00ba 16\/2004\/A, de 10 de Abril, a classifica\u00e7\u00e3o enquanto \u201cPercursos Pedestres recomendados da Regi\u00e3o Aut\u00f3noma dos A\u00e7ores\u201d \u00e9 atribu\u00edda pelo departamento do Governo Regional competente em mat\u00e9ria de turismo. O facto [&#8230;]\n","protected":false},"author":1,"featured_media":0,"parent":10655,"menu_order":0,"comment_status":"closed","ping_status":"closed","template":"","meta":{"jetpack_post_was_ever_published":false,"footnotes":""},"class_list":["post-10687","page","type-page","status-publish","hentry"],"jetpack_sharing_enabled":true,"jetpack_shortlink":"https:\/\/wp.me\/PaT0CI-2Mn","_links":{"self":[{"href":"https:\/\/www.montanheiros.com\/en\/wp-json\/wp\/v2\/pages\/10687","targetHints":{"allow":["GET"]}}],"collection":[{"href":"https:\/\/www.montanheiros.com\/en\/wp-json\/wp\/v2\/pages"}],"about":[{"href":"https:\/\/www.montanheiros.com\/en\/wp-json\/wp\/v2\/types\/page"}],"author":[{"embeddable":true,"href":"https:\/\/www.montanheiros.com\/en\/wp-json\/wp\/v2\/users\/1"}],"replies":[{"embeddable":true,"href":"https:\/\/www.montanheiros.com\/en\/wp-json\/wp\/v2\/comments?post=10687"}],"version-history":[{"count":16,"href":"https:\/\/www.montanheiros.com\/en\/wp-json\/wp\/v2\/pages\/10687\/revisions"}],"predecessor-version":[{"id":13993,"href":"https:\/\/www.montanheiros.com\/en\/wp-json\/wp\/v2\/pages\/10687\/revisions\/13993"}],"up":[{"embeddable":true,"href":"https:\/\/www.montanheiros.com\/en\/wp-json\/wp\/v2\/pages\/10655"}],"wp:attachment":[{"href":"https:\/\/www.montanheiros.com\/en\/wp-json\/wp\/v2\/media?parent=10687"}],"curies":[{"name":"wp","href":"https:\/\/api.w.org\/{rel}","templated":true}]}}