{"id":10689,"date":"2019-10-22T13:27:38","date_gmt":"2019-10-22T13:27:38","guid":{"rendered":"http:\/\/montanheiros.cecilia-designs.com\/?page_id=10689"},"modified":"2020-08-10T17:23:44","modified_gmt":"2020-08-10T17:23:44","slug":"cdm-pedestrianismo-percursos","status":"publish","type":"page","link":"https:\/\/www.montanheiros.com\/en\/cdm-quem-somos\/cdm-pedestrianismo-percursos\/","title":{"rendered":"CDM - Pedestrianismo | Percursos"},"content":{"rendered":"\n<div class=\"row\"  id=\"row-1239090540\">\n\n\n\t<div id=\"col-1963418730\" class=\"col medium-5 small-12 large-5\"  >\n\t\t\t\t<div class=\"col-inner\"  >\n\t\t\t\n\t\t\t\n\n\n  <div class=\"banner has-hover\" id=\"banner-854221566\">\n          <div class=\"banner-inner fill\">\n        <div class=\"banner-bg fill\" >\n            <div class=\"bg fill bg-fill \"><\/div>\n                                    \n                    <\/div>\n\t\t\n        <div class=\"banner-layers container\">\n            <div class=\"fill banner-link\"><\/div>            \n\n   <div id=\"text-box-1024365864\" class=\"text-box banner-layer x50 md-x50 lg-x50 y50 md-y50 lg-y50 res-text\">\n                                <div class=\"text-box-content text dark\">\n              \n              <div class=\"text-inner text-center\">\n                  \n\n\n              <\/div>\n           <\/div>\n                            \n<style>\n#text-box-1024365864 {\n  width: 60%;\n}\n#text-box-1024365864 .text-box-content {\n  font-size: 100%;\n}\n<\/style>\n    <\/div>\n \n\n        <\/div>\n      <\/div>\n\n            \n<style>\n#banner-854221566 {\n  padding-top: 196px;\n}\n#banner-854221566 .bg.bg-loaded {\n  background-image: url(https:\/\/www.montanheiros.com\/wp-content\/uploads\/2019\/04\/big1493375496.jpg);\n}\n#banner-854221566 .ux-shape-divider--top svg {\n  height: 150px;\n  --divider-top-width: 100%;\n}\n#banner-854221566 .ux-shape-divider--bottom svg {\n  height: 150px;\n  --divider-width: 100%;\n}\n<\/style>\n  <\/div>\n\n\n\n\t\t<\/div>\n\t\t\t\t\t<\/div>\n\n\t\n\n\t<div id=\"col-1740538686\" class=\"col medium-4 small-12 large-4\"  >\n\t\t\t\t<div class=\"col-inner\"  >\n\t\t\t\n\t\t\t\n\n\n  <div class=\"banner has-hover\" id=\"banner-2018271287\">\n          <div class=\"banner-inner fill\">\n        <div class=\"banner-bg fill\" >\n            <div class=\"bg fill bg-fill \"><\/div>\n                                    \n                    <\/div>\n\t\t\n        <div class=\"banner-layers container\">\n            <div class=\"fill banner-link\"><\/div>            \n\n   <div id=\"text-box-2088787953\" class=\"text-box banner-layer x50 md-x50 lg-x50 y50 md-y50 lg-y50 res-text\">\n                                <div class=\"text-box-content text dark\">\n              \n              <div class=\"text-inner text-center\">\n                  \n\n\n              <\/div>\n           <\/div>\n                            \n<style>\n#text-box-2088787953 {\n  width: 60%;\n}\n#text-box-2088787953 .text-box-content {\n  font-size: 100%;\n}\n@media (min-width:550px) {\n  #text-box-2088787953 {\n    width: 60%;\n  }\n}\n<\/style>\n    <\/div>\n \n\n        <\/div>\n      <\/div>\n\n            \n<style>\n#banner-2018271287 {\n  padding-top: 220px;\n}\n#banner-2018271287 .bg.bg-loaded {\n  background-image: url(https:\/\/www.montanheiros.com\/wp-content\/uploads\/2019\/10\/big48_1531221990.jpg);\n}\n#banner-2018271287 .ux-shape-divider--top svg {\n  height: 150px;\n  --divider-top-width: 100%;\n}\n#banner-2018271287 .ux-shape-divider--bottom svg {\n  height: 150px;\n  --divider-width: 100%;\n}\n<\/style>\n  <\/div>\n\n\n\n\t\t<\/div>\n\t\t\t\t\t<\/div>\n\n\t\n\n\t<div id=\"col-1551213044\" class=\"col medium-3 small-12 large-3\"  >\n\t\t\t\t<div class=\"col-inner\"  >\n\t\t\t\n\t\t\t\n\n\n  <div class=\"banner has-hover\" id=\"banner-776110406\">\n          <div class=\"banner-inner fill\">\n        <div class=\"banner-bg fill\" >\n            <div class=\"bg fill bg-fill \"><\/div>\n                                    \n                    <\/div>\n\t\t\n        <div class=\"banner-layers container\">\n            <div class=\"fill banner-link\"><\/div>            \n\n   <div id=\"text-box-473765296\" class=\"text-box banner-layer x50 md-x50 lg-x50 y50 md-y50 lg-y50 res-text\">\n                                <div class=\"text-box-content text dark\">\n              \n              <div class=\"text-inner text-center\">\n                  \n\n\n              <\/div>\n           <\/div>\n                            \n<style>\n#text-box-473765296 {\n  width: 60%;\n}\n#text-box-473765296 .text-box-content {\n  font-size: 100%;\n}\n@media (min-width:550px) {\n  #text-box-473765296 {\n    width: 60%;\n  }\n}\n<\/style>\n    <\/div>\n \n\n        <\/div>\n      <\/div>\n\n            \n<style>\n#banner-776110406 {\n  padding-top: 220px;\n}\n#banner-776110406 .bg.bg-loaded {\n  background-image: url(https:\/\/www.montanheiros.com\/wp-content\/uploads\/2019\/10\/big14_1529316566.jpg);\n}\n#banner-776110406 .ux-shape-divider--top svg {\n  height: 150px;\n  --divider-top-width: 100%;\n}\n#banner-776110406 .ux-shape-divider--bottom svg {\n  height: 150px;\n  --divider-width: 100%;\n}\n<\/style>\n  <\/div>\n\n\n\n\t\t<\/div>\n\t\t\t\t\t<\/div>\n\n\t\n\n<\/div>\n<a href=\"http:\/\/montanheiros.com\/cdm-quem-somos\" target=\"_self\" class=\"button primary\"  >\n    <span>Quem somos<\/span>\n  <\/a>\n\n\n<a href=\"http:\/\/montanheiros.com\/cdm-quem-somos\/cdm-info\/\" target=\"_self\" class=\"button primary\"  >\n    <span>\u00c9poca desportiva<\/span>\n  <\/a>\n\n\n<a href=\"http:\/\/montanheiros.com\/cdm-quem-somos\/escalada\/\" target=\"_self\" class=\"button primary\"  >\n    <span>escalada<\/span>\n  <\/a>\n\n\n<a href=\"http:\/\/montanheiros.com\/pedestrianismo\" target=\"_self\" class=\"button success\"  >\n    <span>pedestrianismo<\/span>\n  <\/a>\n\n\n<a href=\"http:\/\/montanheiros.com\/geocaching\" target=\"_self\" class=\"button primary\"  >\n    <span>geocaching<\/span>\n  <\/a>\n\n\n<a href=\"http:\/\/montanheiros.com\/cdm-info\/cdm-pedestrianismo-percursos\" target=\"_self\" class=\"button success is-underline\"  >\n    <span>Percursos Classificados<\/span>\n  <\/a>\n\n\n<a href=\"http:\/\/montanheiros.com\/cdm-lista-percursos\" target=\"_self\" class=\"button primary is-underline\"  >\n    <span>Lista dos Percursos<\/span>\n  <\/a>\n\n\n\t<div id=\"gap-2079728987\" class=\"gap-element clearfix\" style=\"display:block; height:auto;\">\n\t\t\n<style>\n#gap-2079728987 {\n  padding-top: 30px;\n}\n<\/style>\n\t<\/div>\n\t\n\n<div class=\"row\"  id=\"row-265247656\">\n\n\n\t<div id=\"col-1161334185\" class=\"col medium-7 small-12 large-7\"  >\n\t\t\t\t<div class=\"col-inner\"  >\n\t\t\t\n\t\t\t\n\n<p>\u00c9 ao Governo Regional quem mais interessa a promo\u00e7\u00e3o dos A\u00e7ores. Assim, a aposta que pretendeu assumir na divulga\u00e7\u00e3o tur\u00edstica do patrim\u00f3nio natural destas ilhas, atrav\u00e9s dos percursos pedestres, s\u00f3 \u00e9 de estranhar por ter ocorrido t\u00e3o tardiamente.<\/p>\n<p>Em 2003 Os Montanheiros congratularam a iniciativa da Secretaria Regional da Economia em avan\u00e7ar com uma proposta de Decreto Legislativo Regional, que pretendia estabelecer o \u201cRegime Jur\u00eddico dos percursos pedestres classificados da Regi\u00e3o Aut\u00f3noma dos A\u00e7ores\u201d.<br \/>Durante o processo de elabora\u00e7\u00e3o deste diploma os Montanheiros foram convidados a dar o seu parecer, onde referimos v\u00e1rios pontos em que est\u00e1vamos em desacordo com a proposta.<\/p>\n<p>Ap\u00f3s a introdu\u00e7\u00e3o de altera\u00e7\u00f5es, algumas por n\u00f3s avan\u00e7adas, acabamos com o DLR n\u00ba 16\/2004\/A, de 10 de Abril, documento que nos suscita ainda alguns reparos.<\/p>\n<h3>O Decreto Legislativo Regional n\u00ba 16\/2004\/A<\/h3>\n<p>Este diploma tem por objecto \u201co regime jur\u00eddico da classifica\u00e7\u00e3o, identifica\u00e7\u00e3o, sinaliza\u00e7\u00e3o, manuten\u00e7\u00e3o, utiliza\u00e7\u00e3o, fiscaliza\u00e7\u00e3o e promo\u00e7\u00e3o dos percursos pedestres da Regi\u00e3o Aut\u00f3noma dos A\u00e7ores\u201d.<br \/>O que no entanto n\u00e3o fica assegurado por este diploma \u00e9 aquilo que consideramos serem obriga\u00e7\u00f5es da SRE, fundamentais para garantir a desenvolvimento sustentado do pedestrianismo na regi\u00e3o.<br \/>Como \u00e9 \u00f3bvio para haver percursos tem de haver promotores e para haver promotores tem de ser dada liberdade e apoio aos interessados que queiram ter um \u201cseu percurso\u201d classificado como \u201crecomendado\u201d.<br \/>Ser promotor de percursos pedestres, com os custos que isso implica, interessa talvez a uma autarquia local para mostrar o Concelho ou a uma Junta de freguesia, sabendo n\u00f3s \u00e0 partida que, nestas condi\u00e7\u00f5es, os condicionalismos geogr\u00e1ficos e administrativos impedem muitas vezes o delineamento do percurso mais favor\u00e1vel para o turista.<\/p>\n<p>Se ao Promotor compete delinear, sinalizar e manter o percurso, e \u00e0 SRE apenas fiscalizar e classificar, ent\u00e3o muitas situa\u00e7\u00f5es poder\u00e3o ficar comprometidas. Estamos em crer que muitos ser\u00e3o os casos em que a pr\u00f3pria SRE ter\u00e1 de se assumir como \u201cpromotora\u201d dos percursos, nomeadamente em ilhas onde outras entidades n\u00e3o surjam como tal (a grande maioria dos casos). E esta situa\u00e7\u00e3o s\u00f3 n\u00e3o ser\u00e1 assim se houver uma colabora\u00e7\u00e3o pr\u00f3xima dos promotores, com ajuda t\u00e9cnica e financeira por parte da SRE, a fim de garantir a continua\u00e7\u00e3o desses percursos.<br \/>N\u00e3o poder\u00e1 ser este diploma desculpa para a tutela se isentar de responsabilidade e trabalho, que nesta mat\u00e9ria ter\u00e1 que ter. Por isso n\u00e3o achamos bem os seguintes artigos deste diploma:<\/p>\n<h3>\u201cA sinaliza\u00e7\u00e3o dos percursos compete aos respectivos promotores\u201d<\/h3>\n<p>Sendo a sinaliza\u00e7\u00e3o uma das quest\u00f5es de grande import\u00e2ncia na seguran\u00e7a do pedestrianista, e sendo a sua coloca\u00e7\u00e3o no terreno uma quest\u00e3o de \u201cimagem regional\u201d que se transmite, h\u00e1 que assegurar a sua padroniza\u00e7\u00e3o e qualidade. \u00c0 que garantir que n\u00e3o se colocam junto aos pain\u00e9is informativos informa\u00e7\u00e3o adicional (por exemplo publicidade), ou resolva personalizar a sinaliza\u00e7\u00e3o. Um bom percurso ficaria assim impossibilitado de ser classificado, ficando todos a perder.<br \/>Pensamos que deveria ser a SRE a assumir, t\u00e9cnica e financeiramente, a sinaliza\u00e7\u00e3o dos percursos que venham a ser inclu\u00eddos na lista de Percursos Recomendados.<\/p>\n<h3>\u201cA manuten\u00e7\u00e3o dos percursos pedestres fica a cargo dos respectivos promotores\u201d<\/h3>\n<p>Ao promover um percurso fora da regi\u00e3o temos de ter garantias que no ano seguinte o promotor esteja na disposi\u00e7\u00e3o de mant\u00ea-lo e que o percurso continue execut\u00e1vel. Como tal a manuten\u00e7\u00e3o dos percursos, ac\u00e7\u00f5es a serem efectuadas com alguma periodicidade, por se tratar de uma quest\u00e3o cujo incumprimento poder\u00e1 fazer da SRE o alvo de cr\u00edticas, por parte dos turistas, tem de receber desta Secretaria algum empenho e compromisso.<br \/>Pensamos que se deveria quantificar financeiramente a manuten\u00e7\u00e3o de um percurso classificado, e se necess\u00e1rio atribuir esse montante ao promotor para garantir a operacionalidade do percurso.<\/p>\n<p>\u201c&#8230; a fiscaliza\u00e7\u00e3o dos percursos pedestres recomendados compete \u00e0 direc\u00e7\u00e3o regional competente em mat\u00e9ria do ambiente, \u00e0 direc\u00e7\u00e3o regional competente em mat\u00e9ria de recursos florestais e ao departamento do Governo Regional competente em mat\u00e9ria de turismo.\u201d<br \/>N\u00e3o \u00e9 prov\u00e1vel que o pedestrianista destrua patrim\u00f3nio ao fazer um trilho, mesmo em zonas protegidas. Afinal quando se define o percurso tem-se exactamente esses cuidados. \u00c9 no entanto mais prov\u00e1vel que o promotor se \u201cesque\u00e7a\u201d da manuten\u00e7\u00e3o que tinha de fazer ou das beneficia\u00e7\u00f5es que tinha de introduzir no percurso.Da mesma forma a quantidade e qualidade da sinaliza\u00e7\u00e3o tem de ser alvo anualmente de fiscaliza\u00e7\u00e3o e manuten\u00e7\u00e3o.<br \/>Assim achamos que um percurso depois de instalado deveria ser alvo de fiscaliza\u00e7\u00e3o, das condi\u00e7\u00f5es do trilho, apenas por parte da SRE, admitindo que \u00e9 a ela que diz respeito directamente a sinaliza\u00e7\u00e3o e exigir dos promotores a manuten\u00e7\u00e3o do percurso.<\/p>\n\n\t\t<\/div>\n\t\t\t\t\t<\/div>\n\n\t\n\n\t<div id=\"col-1054805422\" class=\"col medium-5 small-12 large-5\"  >\n\t\t\t\t<div class=\"col-inner\"  >\n\t\t\t\n\t\t\t\n\n<h3>Ficha T\u00e9cnica de um percurso tur\u00edstico<\/h3>\n<p><span class=\"bold\">Informa\u00e7\u00f5es que dever\u00e3o constar no material de divulga\u00e7\u00e3o (folhetos, pain\u00e9is e outros):<\/span><\/p>\n<p>Ponto de Partida e de Chegada;<br \/>\u00c2mbito do percurso (cultural, ambiental, paisag\u00edstico ou desportivo);<br \/>Tipo de percurso (Pequena Rota \/ Grande Rota, Linear \/ Circular, por caminhos rurais \/ por veredas, etc);<br \/>Dist\u00e2ncia a percorrer;<br \/>Dura\u00e7\u00e3o do Percurso;<br \/>N\u00edvel de Dificuldade;<br \/>Desn\u00edveis;<br \/>Cota m\u00ednima \/ Cota m\u00e1xima;<br \/>\u00c9poca aconselh\u00e1vel (todo o ano, Primavera\/Ver\u00e3o);<\/p>\n<p><span class=\"bold\">Os Percursos Pedestres podem ser classificados de:<\/span><\/p>\n<p>Grande Rota&nbsp;&nbsp;&nbsp;&nbsp;&nbsp; \u2013&nbsp; Mais de 1 dia de marcha, com pernoita<br \/>Pequena Rota&nbsp;&nbsp;&nbsp; \u2013&nbsp; At\u00e9 um dia de jornada, n\u00e3o mais de 30 Km.<\/p>\n\t<div class=\"img has-hover x md-x lg-x y md-y lg-y\" id=\"image_1778507133\">\n\t\t\t\t\t\t\t\t<div class=\"img-inner dark\" >\n\t\t\t<img loading=\"lazy\" decoding=\"async\" width=\"543\" height=\"347\" src=\"https:\/\/www.montanheiros.com\/wp-content\/uploads\/2019\/10\/big1354639907.jpg\" class=\"attachment-large size-large\" alt=\"\" srcset=\"https:\/\/www.montanheiros.com\/wp-content\/uploads\/2019\/10\/big1354639907.jpg 543w, https:\/\/www.montanheiros.com\/wp-content\/uploads\/2019\/10\/big1354639907-500x320.jpg 500w\" sizes=\"auto, (max-width: 543px) 100vw, 543px\" \/>\t\t\t\t\t\t\n\t\t\t\t\t<\/div>\n\t\t\t\t\t\t\t\t\n<style>\n#image_1778507133 {\n  width: 100%;\n}\n<\/style>\n\t<\/div>\n\t\n\n\n\t\t<\/div>\n\t\t\t\t\t<\/div>\n\n\t\n\n<\/div>\n\n","protected":false},"excerpt":{"rendered":"<p>Quem somos \u00c9poca desportiva escalada pedestrianismo geocaching Percursos Classificados Lista dos Percursos \u00c9 ao Governo Regional quem mais interessa a promo\u00e7\u00e3o dos A\u00e7ores. Assim, a aposta que pretendeu assumir na divulga\u00e7\u00e3o tur\u00edstica do patrim\u00f3nio natural destas ilhas, atrav\u00e9s dos percursos pedestres, s\u00f3 \u00e9 de estranhar por ter ocorrido t\u00e3o tardiamente. Em 2003 Os Montanheiros congratularam [&#8230;]\n","protected":false},"author":1,"featured_media":0,"parent":10655,"menu_order":0,"comment_status":"closed","ping_status":"closed","template":"","meta":{"jetpack_post_was_ever_published":false,"footnotes":""},"class_list":["post-10689","page","type-page","status-publish","hentry"],"jetpack_sharing_enabled":true,"jetpack_shortlink":"https:\/\/wp.me\/PaT0CI-2Mp","_links":{"self":[{"href":"https:\/\/www.montanheiros.com\/en\/wp-json\/wp\/v2\/pages\/10689","targetHints":{"allow":["GET"]}}],"collection":[{"href":"https:\/\/www.montanheiros.com\/en\/wp-json\/wp\/v2\/pages"}],"about":[{"href":"https:\/\/www.montanheiros.com\/en\/wp-json\/wp\/v2\/types\/page"}],"author":[{"embeddable":true,"href":"https:\/\/www.montanheiros.com\/en\/wp-json\/wp\/v2\/users\/1"}],"replies":[{"embeddable":true,"href":"https:\/\/www.montanheiros.com\/en\/wp-json\/wp\/v2\/comments?post=10689"}],"version-history":[{"count":12,"href":"https:\/\/www.montanheiros.com\/en\/wp-json\/wp\/v2\/pages\/10689\/revisions"}],"predecessor-version":[{"id":13062,"href":"https:\/\/www.montanheiros.com\/en\/wp-json\/wp\/v2\/pages\/10689\/revisions\/13062"}],"up":[{"embeddable":true,"href":"https:\/\/www.montanheiros.com\/en\/wp-json\/wp\/v2\/pages\/10655"}],"wp:attachment":[{"href":"https:\/\/www.montanheiros.com\/en\/wp-json\/wp\/v2\/media?parent=10689"}],"curies":[{"name":"wp","href":"https:\/\/api.w.org\/{rel}","templated":true}]}}