{"id":10738,"date":"2019-10-22T15:57:39","date_gmt":"2019-10-22T15:57:39","guid":{"rendered":"http:\/\/montanheiros.cecilia-designs.com\/?page_id=10738"},"modified":"2023-03-06T16:07:39","modified_gmt":"2023-03-06T16:07:39","slug":"geocaching","status":"publish","type":"page","link":"https:\/\/www.montanheiros.com\/en\/cdm-quem-somos\/geocaching\/","title":{"rendered":"Geocaching"},"content":{"rendered":"\n<div class=\"row\"  id=\"row-2077947966\">\n\n\n\t<div id=\"col-203760299\" class=\"col medium-5 small-12 large-5\"  >\n\t\t\t\t<div class=\"col-inner\"  >\n\t\t\t\n\t\t\t\n\n\n  <div class=\"banner has-hover\" id=\"banner-351884522\">\n          <div class=\"banner-inner fill\">\n        <div class=\"banner-bg fill\" >\n            <div class=\"bg fill bg-fill \"><\/div>\n                                    \n                    <\/div>\n\t\t\n        <div class=\"banner-layers container\">\n            <div class=\"fill banner-link\"><\/div>            \n\n   <div id=\"text-box-413020888\" class=\"text-box banner-layer x50 md-x50 lg-x50 y50 md-y50 lg-y50 res-text\">\n                                <div class=\"text-box-content text dark\">\n              \n              <div class=\"text-inner text-center\">\n                  \n\n\n              <\/div>\n           <\/div>\n                            \n<style>\n#text-box-413020888 {\n  width: 60%;\n}\n#text-box-413020888 .text-box-content {\n  font-size: 100%;\n}\n<\/style>\n    <\/div>\n \n\n        <\/div>\n      <\/div>\n\n            \n<style>\n#banner-351884522 {\n  padding-top: 196px;\n}\n#banner-351884522 .bg.bg-loaded {\n  background-image: url(https:\/\/www.montanheiros.com\/wp-content\/uploads\/2019\/04\/big1493375496.jpg);\n}\n#banner-351884522 .ux-shape-divider--top svg {\n  height: 150px;\n  --divider-top-width: 100%;\n}\n#banner-351884522 .ux-shape-divider--bottom svg {\n  height: 150px;\n  --divider-width: 100%;\n}\n<\/style>\n  <\/div>\n\n\n\n\t\t<\/div>\n\t\t\t\t\t<\/div>\n\n\t\n\n\t<div id=\"col-316103596\" class=\"col medium-2 small-12 large-2\"  >\n\t\t\t\t<div class=\"col-inner\"  >\n\t\t\t\n\t\t\t\n\n\n\t\t<\/div>\n\t\t\t\t\t<\/div>\n\n\t\n\n<\/div>\n<a href=\"http:\/\/montanheiros.com\/cdm-quem-somos\" target=\"_self\" class=\"button primary\"  >\n    <span>Quem somos<\/span>\n  <\/a>\n\n\n<a href=\"http:\/\/montanheiros.com\/cdm-quem-somos\/escalada\/\" target=\"_self\" class=\"button primary\"  >\n    <span>escalada<\/span>\n  <\/a>\n\n\n<a href=\"http:\/\/montanheiros.com\/pedestrianismo\" target=\"_self\" class=\"button primary\"  >\n    <span>pedestrianismo<\/span>\n  <\/a>\n\n\n<a href=\"http:\/\/montanheiros.com\/geocaching\" target=\"_self\" class=\"button success\"  >\n    <span>SUGEST\u00c3O DE ATIVIDADE<\/span>\n  <\/a>\n\n\n\t<div id=\"gap-1531491110\" class=\"gap-element clearfix\" style=\"display:block; height:auto;\">\n\t\t\n<style>\n#gap-1531491110 {\n  padding-top: 30px;\n}\n<\/style>\n\t<\/div>\n\t\n\n<div class=\"row\"  id=\"row-1543602568\">\n\n\n\t<div id=\"col-7327242\" class=\"col medium-6 small-12 large-6\"  >\n\t\t\t\t<div class=\"col-inner\"  >\n\t\t\t\n\t\t\t\n\n<h3><em><img loading=\"lazy\" decoding=\"async\" class=\"size-medium wp-image-15323 aligncenter\" src=\"http:\/\/www.montanheiros.com\/wp-content\/uploads\/2023\/03\/gdsticker-400x400.jpg\" alt=\"\" width=\"400\" height=\"400\" srcset=\"https:\/\/www.montanheiros.com\/wp-content\/uploads\/2023\/03\/gdsticker-400x400.jpg 400w, https:\/\/www.montanheiros.com\/wp-content\/uploads\/2023\/03\/gdsticker-280x280.jpg 280w, https:\/\/www.montanheiros.com\/wp-content\/uploads\/2023\/03\/gdsticker-300x300.jpg 300w, https:\/\/www.montanheiros.com\/wp-content\/uploads\/2023\/03\/gdsticker-100x100.jpg 100w, https:\/\/www.montanheiros.com\/wp-content\/uploads\/2023\/03\/gdsticker.jpg 500w\" sizes=\"auto, (max-width: 400px) 100vw, 400px\" \/>GEOCACHING<\/em>, um desporto emergente<\/h3>\n<p>O <em>Geocaching,<\/em> para os menos familiarizados com este crescente fen\u00f3meno a n\u00edvel mundial, mais do que um jogo, \u00e9 uma atividade desportiva praticada ao ar livre, que permite a quem a faz desenvolver as suas capacidades de <em>detetive<\/em> e geralmente de conhecer novos locais, por vezes muito interessantes e cuja exist\u00eancia nos passaria ao lado.<\/p>\n<p>Com recurso a um recetor GPS (Sistema de Posicionamento Global) seja num equipamento espec\u00edfico, num <em>smartphone, <\/em>num <em>tablet <\/em>ou outro), a <em>software<\/em> pr\u00f3prio capaz de nos guiar at\u00e9 \u00e0s <em>caches<\/em> escondidas ou de registar a posi\u00e7\u00e3o onde instalamos uma <em>cache <\/em>nossa, esta \u00e9 uma atividade que qualquer praticante pode desenvolver, em praticamente qualquer local deste planeta. No in\u00edcio de 2016 existiam j\u00e1 mais de 2,7 milh\u00f5es de <em>caches<\/em> ativas e estima-se que existissem mais de 6 milh\u00f5es de praticantes, ou <em>geocachers<\/em>, em todo o mundo.<\/p>\n<h3>Sec\u00e7\u00e3o de <em>Geocaching<\/em><\/h3>\n<p>Sendo esta uma atividade realizada em comunh\u00e3o com a Natureza, n\u00e3o passou despercebida \u00e0 Associa\u00e7\u00e3o Os Montanheiros que, desde logo, contou com v\u00e1rios praticantes entre os seus associados e membros dos \u00f3rg\u00e3os sociais. Pareceu-nos ent\u00e3o natural que se criasse no seio da associa\u00e7\u00e3o uma sec\u00e7\u00e3o desta modalidade. M\u00e3os \u00e0 obra e, no dia 20 de fevereiro de 2016, em assembleia-geral, a Associa\u00e7\u00e3o Os Montanheiros criou a SEC\u00c7\u00c3O DE GEOCACHING.<\/p>\n<p>O <em>Geocaching<\/em> \u00e9 uma modalidade recreativa eminentemente individual, desde a cria\u00e7\u00e3o das <em>caches<\/em> \u00e0 pr\u00e1tica de as encontrar, pelo que a Associa\u00e7\u00e3o Os Montanheiros aquilo que pretende \u00e9 criar um <em>espa\u00e7o<\/em> e <em>oportunidade<\/em> para que a comunidade local de <em>geocachers<\/em> possa, em primeiro lugar, conviver e trocar impress\u00f5es.<\/p>\n<p>Pretende-se explorar algumas vertentes desta modalidade, pouco trabalhadas e cujo vazio esperamos ajudar a preencher. \u00c9 o caso da realiza\u00e7\u00e3o de a\u00e7\u00f5es de esclarecimento da comunidade iniciante, sensibilizando-os quanto \u00e0 forma como deve ser praticada esta atividade, ao n\u00edvel t\u00e9cnico e do respeito pela natureza e pela propriedade privada. Esta ser\u00e1 ainda uma oportunidade para se pensar em a\u00e7\u00f5es do interesse comum, como a organiza\u00e7\u00e3o de eventos ou o esclarecimento de novas situa\u00e7\u00f5es que surjam.<\/p>\n<p>A <em>SEC\u00c7\u00c3O DE GEOCACHING<\/em> estar\u00e1 tamb\u00e9m dispon\u00edvel para servir de interlocutor, entre a comunidade de praticantes e entidades p\u00fablicas ou privadas, em representa\u00e7\u00e3o dos <em>geocachers<\/em> que se identificarem com este projeto, quer esclarecendo outras entidades dos anseios dos praticantes, quer veiculando informa\u00e7\u00e3o destas at\u00e9 junto de quem pratica regularmente esta atividade urbana e de natureza.<\/p>\n<p>Fica aqui o repto a todos os <em>geocachers<\/em> que queiram apoiar este projeto, com ideias ou na organiza\u00e7\u00e3o de a\u00e7\u00f5es de grupo, que contactem o respons\u00e1vel por esta sec\u00e7\u00e3o. A recetividade \u00e9 total, quer para assegurar a regularidade de a\u00e7\u00f5es que possam ter sido feitas nos \u00faltimos anos e que interessa manter, quer para novos desafios que se apresentem.<\/p>\n<p>Convidam-se todos os <em>geocachers<\/em> a subscreverem a <em>newsletter<\/em> no portal dos Montanheiros, de forma a serem notificados de todas as not\u00edcias e atividades referentes a esta e outras modalidades.<\/p>\n<h3><em>Geocaching<\/em> nos A\u00e7ores<\/h3>\n<p>Os A\u00e7ores n\u00e3o ficaram indiferentes a este novo conceito desportivo de ar livre e, como tal, a dispers\u00e3o de <em>caches<\/em> (ou \u201ccaixinhas\u201d como tamb\u00e9m s\u00e3o referidas) tem coberto rapidamente toda a regi\u00e3o, contando, no in\u00edcio de 2016, com 2099 <em>geocaches<\/em> lan\u00e7adas. De igual forma, s\u00e3o j\u00e1 muitos os <em>geocachers<\/em> a\u00e7orianos a praticar a modalidade, naturais de todas as ilhas.<\/p>\n<p>Tendo em conta a realidade a\u00e7oriana, apresentamos alguns elementos sobre a implementa\u00e7\u00e3o da modalidade entre n\u00f3s, registando-se alguns resultados interessantes:<\/p>\n<p>\u00a0<\/p>\n<table width=\"322\">\n<tbody>\n<tr>\n<td><strong>N\u00daMERO DE CACHES POR ILHA<\/strong><\/td>\n<td>\u00a0<\/td>\n<\/tr>\n<tr>\n<td>S\u00e3o Miguel<\/td>\n<td>980<\/td>\n<\/tr>\n<tr>\n<td>Terceira<\/td>\n<td>514<\/td>\n<\/tr>\n<tr>\n<td>S\u00e3o Jorge<\/td>\n<td>140<\/td>\n<\/tr>\n<tr>\n<td>Faial<\/td>\n<td>104<\/td>\n<\/tr>\n<tr>\n<td>Santa Maria<\/td>\n<td>102<\/td>\n<\/tr>\n<tr>\n<td>Pico<\/td>\n<td>96<\/td>\n<\/tr>\n<tr>\n<td>Flores<\/td>\n<td>75<\/td>\n<\/tr>\n<tr>\n<td>Graciosa<\/td>\n<td>58<\/td>\n<\/tr>\n<tr>\n<td>Corvo<\/td>\n<td>30<\/td>\n<\/tr>\n<\/tbody>\n<\/table>\n<p><strong>\u00a0<\/strong><\/p>\n<table width=\"321\">\n<tbody>\n<tr>\n<td><strong>N\u00ba DE CACHES\/ MIL HABITANTES<\/strong><\/td>\n<td>\u00a0<\/td>\n<\/tr>\n<tr>\n<td>Corvo<\/td>\n<td>65,4<\/td>\n<\/tr>\n<tr>\n<td>Flores<\/td>\n<td>20,1<\/td>\n<\/tr>\n<tr>\n<td>Santa Maria<\/td>\n<td>18,1<\/td>\n<\/tr>\n<tr>\n<td>S\u00e3o Jorge<\/td>\n<td>16,1<\/td>\n<\/tr>\n<tr>\n<td>Graciosa<\/td>\n<td>13,3<\/td>\n<\/tr>\n<tr>\n<td>Terceira<\/td>\n<td>9,1<\/td>\n<\/tr>\n<tr>\n<td>S\u00e3o Miguel<\/td>\n<td>7,1<\/td>\n<\/tr>\n<tr>\n<td>Faial<\/td>\n<td>7,0<\/td>\n<\/tr>\n<tr>\n<td>Pico<\/td>\n<td>6,9<\/td>\n<\/tr>\n<\/tbody>\n<\/table>\n<p>\u00a0<\/p>\n<table width=\"322\">\n<tbody>\n<tr>\n<td><strong>N\u00ba CACHES\/KM2<\/strong><\/td>\n<td>\u00a0<\/td>\n<\/tr>\n<tr>\n<td>Corvo<\/td>\n<td>1,75<\/td>\n<\/tr>\n<tr>\n<td>S\u00e3o Miguel<\/td>\n<td>1,32<\/td>\n<\/tr>\n<tr>\n<td>Terceira<\/td>\n<td>1,28<\/td>\n<\/tr>\n<tr>\n<td>Santa Maria<\/td>\n<td>1,05<\/td>\n<\/tr>\n<tr>\n<td>Graciosa<\/td>\n<td>0,96<\/td>\n<\/tr>\n<tr>\n<td>Faial<\/td>\n<td>0,60<\/td>\n<\/tr>\n<tr>\n<td>S\u00e3o Jorge<\/td>\n<td>0,57<\/td>\n<\/tr>\n<tr>\n<td>Flores<\/td>\n<td>0,53<\/td>\n<\/tr>\n<tr>\n<td>Pico<\/td>\n<td>0,22<\/td>\n<\/tr>\n<\/tbody>\n<\/table>\n<p>Numa breve an\u00e1lise, conclui-se que as ilhas com menos popula\u00e7\u00e3o t\u00eam uma taxa mais favor\u00e1vel quanto ao n\u00famero de <em>caches<\/em> por habitante, e que as mais populosas recuperam terreno no que se refere ao n\u00famero de <em>caches<\/em> distribu\u00eddas por quil\u00f3metro quadrado.Mais um dado interessante \u00e9 o fato do Corvo liderar nas duas vertentes, e o Pico ficar em ambas no fim da tabela.<\/p>\n<p>Infelizmente falta aqui um dos dados mais importantes, concretamente o n\u00famero de praticantes da modalidade por ilha, o que certamente ajudaria a justificar essa estat\u00edstica, pois na maioria das vezes s\u00e3o estes os propriet\u00e1rios\/gestores das <em>caches<\/em>, e diversos outros par\u00e2metros como a rede vi\u00e1ria e acessibilidades. Diversas outras an\u00e1lises seriam poss\u00edveis se houvesse mais dados. Nem todas as <em>caches<\/em> colocadas nos A\u00e7ores ter\u00e3o como gestores pessoas residentes na regi\u00e3o. Como tal, conseguindo separar umas das outras seria curioso analisar esses n\u00fameros por ilha, em fun\u00e7\u00e3o do n\u00famero de visitantes que cada qual recebe.<\/p>\n<p>\u00a0<\/p>\n<h3>As caches que por a\u00ed andam escondidas<\/h3>\n<p>Nos A\u00e7ores, como na maioria das regi\u00f5es espalhadas por todo o mundo, existem diversos tipos de <em>caches. <\/em>As caches est\u00e3o distribu\u00eddas por todas as ilhas, nos meios urbanos e rurais, do interior ao litoral e, inclusivamente, algumas caches subaqu\u00e1ticas. Predominam claramente as <em>caches<\/em> <em>tradicionais<\/em> que, pelo facto das coordenadas corresponderem \u00e0 sua localiza\u00e7\u00e3o exata, s\u00e3o aquelas mais do agrado da comunidade e por conseguinte as mais visitadas. Tamb\u00e9m para quem nos visita, condicionado pelo tempo que vai passar nestas ilhas, estas s\u00e3o as caches mais apetec\u00edveis e onde \u00e9 maior a probabilidade de sucesso e rentabilidade do tempo investido. Algumas caches podem ser noturnas, s\u00f3 acess\u00edveis na escurid\u00e3o na noite. Encontram-se normalmente em matas onde os <em>geocachers<\/em> t\u00eam de procurar refer\u00eancias, habitualmente refletores, que os guiar\u00e3o at\u00e9 ao destino final.<\/p>\n<p>Os recipientes (<em>containers<\/em>) podem ser classificados de acordo com o seu tamanho. Existem os <em>Micro<\/em> ou <em>Nano<\/em>, quando s\u00e3o pequenos e apenas cont\u00e9m o livro de registo (<em>logbook<\/em>) e s\u00e3o utilizados maioritariamente nos meios urbanos, onde s\u00e3o f\u00e1ceis de esconder e passar despercebidos. Acima destes existem as <em>Pequenas<\/em>, com cerca de 200 ml de capacidade onde, para al\u00e9m do <em>logbook<\/em>, podem conter uma esferogr\u00e1fica ou l\u00e1pis para fazer o registo bem como objetos para troca. Depois existem as <em>Regulares<\/em>, com cerca de 1000 ml de capacidade, e as <em>Grandes<\/em> que podem ter o tamanho de uma caixa de sapatos ou maiores ainda. Existe ainda a categoria <em>Outro<\/em>, em que n\u00e3o \u00e9 referido o tamanho da <em>cache<\/em>, mantendo-se assim a incerteza daquilo que se vai encontrar, o que pode tornar a cache mais atrativa.<\/p>\n<p>Quanto ao formato, existe uma diversidade inimagin\u00e1vel de <em>containers<\/em>, limitados apenas pela criatividade dos propriet\u00e1rios (<em>owners<\/em>). Contrapondo com os recipientes mais simples outros h\u00e1 extremamente elaborados, constru\u00eddos com tal min\u00facia que evidenciam o tempo despendido pelos seus propriet\u00e1rios no seu fabrico. Esses <em>containers<\/em> \u201cde elei\u00e7\u00e3o\u201d de acordo com o tema da <em>cache<\/em> e enquadrados com o local onde est\u00e3o alojados, s\u00e3o por vezes verdadeiras obras de arte e imagina\u00e7\u00e3o, o que contribui claramente para a magia desta atividade e o gosto de quem tem o privil\u00e9gio de os encontrar.<\/p>\n\n\t\t<\/div>\n\t\t\t\t\t<\/div>\n\n\t\n\n\t<div id=\"col-1490963033\" class=\"col medium-6 small-12 large-6\"  >\n\t\t\t\t<div class=\"col-inner\"  >\n\t\t\t\n\t\t\t\n\n<h3>Tipos de geocaches que existem nos A\u00e7ores<\/h3>\n<h4><img loading=\"lazy\" decoding=\"async\" class=\"alignnone size-full wp-image-10758\" src=\"http:\/\/montanheiros.cecilia-designs.com\/wp-content\/uploads\/2019\/10\/01-logo-caixa.jpg\" alt=\"\" width=\"83\" height=\"70\" \/>Geocache Tradicional<\/h4>\n<p>Foi o primeiro tipo de cache que surgiu. Consiste num recipiente, de tamanho e forma vari\u00e1vel, mas sempre suficientemente grande para guardar no interior um <em>logbook<\/em> onde o <em>geocacher<\/em> dever\u00e1 inscrever o seu <em>nickname<\/em> e conter objetos para troca. As <em>Caches<\/em> <em>Tradicionais<\/em> t\u00eam como um dos principais objetivos dar a conhecer aos <em>geocachers<\/em> elementos do patrim\u00f3nio natural, paisagem, arquitetura, hist\u00f3ria e outros.<\/p>\n<p><strong>\u00a0<\/strong><\/p>\n<p><strong><img loading=\"lazy\" decoding=\"async\" class=\"alignnone size-full wp-image-10776\" src=\"http:\/\/montanheiros.cecilia-designs.com\/wp-content\/uploads\/2019\/10\/08-caixas.jpg\" alt=\"\" width=\"88\" height=\"63\" \/><\/strong>Multi-Cache<\/p>\n<p>\u00c9 um tipo de <em>cache<\/em> em que \u00e9 necess\u00e1rio encontrar previamente pontos que remetem para outros, antes do <em>geocacher<\/em> chegar \u00e0 localiza\u00e7\u00e3o final. \u00c9 utilizado essencialmente para fazer o <em>geocacher<\/em> seguir determinado percurso, que tanto podem ser trilhos pedestres como rotas tur\u00edsticas que o leve a visitar monumentos, edif\u00edcios ou locais de import\u00e2ncia hist\u00f3rica. Habitualmente o livro de registo encontra-se num recipiente colocado na localiza\u00e7\u00e3o final.<\/p>\n<p>\u00a0<\/p>\n<p><img loading=\"lazy\" decoding=\"async\" class=\"alignnone size-full wp-image-10763\" src=\"http:\/\/montanheiros.cecilia-designs.com\/wp-content\/uploads\/2019\/10\/07-pergunta.jpg\" alt=\"\" width=\"52\" height=\"72\" \/>Geocaches Mist\u00e9rio ou Puzzle<\/p>\n<p>Nas <em>caches Mist\u00e9rio<\/em> n\u00e3o s\u00e3o dadas as coordenadas do local onde se encontra a <em>cache<\/em>. Para a encontrar, o <em>geocacher<\/em> ter\u00e1 que resolver enigmas ou puzzles publicados na p\u00e1gina da <em>cache<\/em>, alguns simples e outros mais complicados, de forma a determinar as coordenadas corretas, for\u00e7osamente a menos de tr\u00eas quil\u00f3metros dessa localiza\u00e7\u00e3o.<\/p>\n<p><strong>\u00a0<\/strong><\/p>\n<p><strong><img loading=\"lazy\" decoding=\"async\" class=\"alignnone size-full wp-image-10759\" src=\"http:\/\/montanheiros.cecilia-designs.com\/wp-content\/uploads\/2019\/10\/02-envelope.jpg\" alt=\"\" width=\"83\" height=\"70\" \/><\/strong>Letterbox H\u00edbrida<\/p>\n<p>Neste formato de <em>cache<\/em> s\u00e3o publicadas na p\u00e1gina as coordenadas do ponto inicial e usam-se essencialmente dicas e pistas para as etapas seguintes, embora tamb\u00e9m existam modalidades em que se usam coordenadas. Assim, \u00e9 poss\u00edvel ao <em>geocacher<\/em> recorrendo a tarefas, mapas ou simples pistas determinar uma localiza\u00e7\u00e3o sem recurso ao GPS ou telem\u00f3vel, uma aut\u00eantica esp\u00e9cie de ca\u00e7a ao tesouro.<\/p>\n<p>Este tipo de <em>cache<\/em> tem um carimbo no <em>container<\/em> final que \u00e9 utilizado no livro de registo pessoal do <em>geocacher<\/em>.<\/p>\n<p>\u00a0<\/p>\n<p><img loading=\"lazy\" decoding=\"async\" class=\"alignnone size-full wp-image-10760\" src=\"http:\/\/montanheiros.cecilia-designs.com\/wp-content\/uploads\/2019\/10\/03-fala.jpg\" alt=\"\" width=\"83\" height=\"70\" \/>Evento<\/p>\n<p>Na p\u00e1gina de uma <em>Cache Evento<\/em> est\u00e3o as coordenadas de um local, data e hora onde ir\u00e1 ocorrer um determinado acontecimento, habitualmente um encontro de <em>geoachers<\/em> para discutir assuntos de interesse geral para essa comunidade. Este tipo de <em>cache <\/em>\u00e9 promovida por um ou mais <em>geocachers<\/em> que pretendem o conv\u00edvio e a partilha de experi\u00eancias entre praticantes j\u00e1 com provas dadas e aqueles que agora se iniciam nesta atividade, quer sejam locais ou visitantes. A <em>cache<\/em> \u00e9 arquivada ap\u00f3s todos os participantes ter feito o seu registo e o evento terminado.<\/p>\n<p>\u00a0<\/p>\n<p><img loading=\"lazy\" decoding=\"async\" class=\"alignnone size-full wp-image-10765\" src=\"http:\/\/montanheiros.cecilia-designs.com\/wp-content\/uploads\/2019\/10\/10-Cash-in-trash-out.jpg\" alt=\"\" width=\"88\" height=\"81\" \/>Evento Cache In Trash Out (CITO)<\/p>\n<p>Este \u00e9 um tipo de evento, de carater ambiental, onde um grupo de <em>geocachers<\/em> tem por finalidade encontrar-se em determinado local, seja para efetuar uma limpeza de lixo abandonado, combater esp\u00e9cies invasoras, promover a planta\u00e7\u00e3o de \u00e1rvores, ou outro. Esses eventos ocorrem muitas vezes ao longo de trilhos, em locais rec\u00f4nditos.<\/p>\n<p>\u00a0<\/p>\n<p><img loading=\"lazy\" decoding=\"async\" class=\"alignnone size-full wp-image-10764\" src=\"http:\/\/montanheiros.cecilia-designs.com\/wp-content\/uploads\/2019\/10\/09-whereigo.jpg\" alt=\"\" width=\"88\" height=\"81\" \/>Geocaches Wherigo\u2122<\/p>\n<p>\u00c9 uma modalidade de <em>cache mist\u00e9rio<\/em> com m\u00faltiplos pontos. Descarrega-se um ficheiro denominado <em>cartucho<\/em> e, com recurso a um GPS compat\u00edvel, o <em>geocacher<\/em> \u00e9 levado a percorrer um determinado percurso interagindo com elementos f\u00edsicos e virtuais, at\u00e9 encontrar o recipiente final.<\/p>\n<p>\u00a0<\/p>\n<p>\u00a0<img loading=\"lazy\" decoding=\"async\" class=\"alignnone size-full wp-image-10761\" src=\"http:\/\/montanheiros.cecilia-designs.com\/wp-content\/uploads\/2019\/10\/04-terra.jpg\" alt=\"\" width=\"83\" height=\"70\" \/>EarthCache<\/p>\n<p>Devido \u00e0 grande geodiversidade dos A\u00e7ores este \u00e9 um tipo de <em>cache <\/em>muito frequente entre n\u00f3s, habitualmente colocado de forma a mostrar e dar a conhecer elementos de grande valor, em termos de patrim\u00f3nio natural. Nesta modalidade o <em>geocacher<\/em> n\u00e3o vai encontrar nenhum <em>logbook<\/em> para assinar, mas ter\u00e1 de efetuar uma tarefa, habitualmente responder a algumas quest\u00f5es que tem a ver com o local onde est\u00e1 a <em>cache<\/em>.<\/p>\n<p>\u00a0<\/p>\n<p><img loading=\"lazy\" decoding=\"async\" class=\"alignnone size-full wp-image-10762\" src=\"http:\/\/montanheiros.cecilia-designs.com\/wp-content\/uploads\/2019\/10\/05-fantasma.jpg\" alt=\"\" width=\"83\" height=\"70\" \/>Geocache Virtual<\/p>\n<p>Existem ainda as <em>caches<\/em> <em>Virtuais<\/em> que n\u00e3o sendo j\u00e1 autorizadas ainda permanecem na regi\u00e3o. O objetivo n\u00e3o \u00e9 descobrir um recipiente mas uma localiza\u00e7\u00e3o. Como tal, o registo de uma <em>Geocache Virtual<\/em> pode ser feito pedido atrav\u00e9s da responda a uma pergunta que \u00e9 feita, com uma fotografia, completando uma tarefa, ou outro. Os locais a visitar s\u00e3o habitualmente interessantes, garantindo a visita dos geocachers.<\/p>\n<p>\u00a0<\/p>\n<h3>Equipamento necess\u00e1rio e recomenda\u00e7\u00f5es<\/h3>\n<p>O equipamento de cada <em>geocacher<\/em> \u00e9 uma op\u00e7\u00e3o tomada de forma livre e pessoal, embora alguns equipamentos possam n\u00e3o dar a resposta necess\u00e1ria, em determinados cen\u00e1rios. Procurar uma <em>cache<\/em> em meio urbano n\u00e3o \u00e9 o mesmo que procur\u00e1-la no interior das ilhas, onde o sinal \u00e9 mais fraco e as zonas escuras mais frequentes.<\/p>\n<p>Um <em>geocacher <\/em>n\u00e3o sabe o que vai encontrar, pelo que deve estar minimamente preparado para as diversas situa\u00e7\u00f5es que possam ocorrer, ou poder\u00e1 n\u00e3o ser capaz de concluir a sua miss\u00e3o. Existe um determinado n\u00famero de equipamentos e acess\u00f3rios que o <em>geocacher<\/em> dever\u00e1 ter \u00e0 sua disposi\u00e7\u00e3o: GPS ou <em>smarthphone<\/em> | Esferogr\u00e1fica ou L\u00e1pis |B\u00fassola, para locais de densa vegeta\u00e7\u00e3o onde possa existir dificuldade em apanhar sinal GPS | Mapa | Lanterna | Kit de primeiros socorros | Pin\u00e7a | Vestu\u00e1rio e cal\u00e7ado adequado ao tipo de terreno a percorrer | \u00c1gua | Mantimentos.<\/p>\n<p>Por quest\u00f5es de seguran\u00e7a, em locais mais remotos, isolado e onde o terreno possa apresentar maior grau de dificuldade, o <em>geocacher<\/em> deve levar outra pessoa consigo e informar outros da zona para onde vai.<\/p>\n<p>\u00a0<\/p>\n<p>A t\u00edtulo de curiosidade, refira-se que a <em>cache<\/em> ativa mais antiga em Portugal est\u00e1 na Ilha Terceira, na cidade da Praia da Vit\u00f3ria. Tem o nome de <em>Translant Chess Cache<\/em>, e foi colocada pelo <em>geocacher<\/em> Finser a 15 de maio de 2001 e s\u00f3 foi encontrada pela primeira vez praticamente dois anos depois, no dia 8 de janeiro de 2003.<\/p>\n\n\t\t<\/div>\n\t\t\t\t\t<\/div>\n\n\t\n\n<\/div>\n\n","protected":false},"excerpt":{"rendered":"<p>Quem somos escalada pedestrianismo SUGEST\u00c3O DE ATIVIDADE GEOCACHING, um desporto emergente O Geocaching, para os menos familiarizados com este crescente fen\u00f3meno a n\u00edvel mundial, mais do que um jogo, \u00e9 uma atividade desportiva praticada ao ar livre, que permite a quem a faz desenvolver as suas capacidades de detetive e geralmente de conhecer novos locais, [&#8230;]\n","protected":false},"author":1,"featured_media":0,"parent":10655,"menu_order":0,"comment_status":"closed","ping_status":"closed","template":"","meta":{"jetpack_post_was_ever_published":false,"footnotes":""},"class_list":["post-10738","page","type-page","status-publish","hentry"],"jetpack_sharing_enabled":true,"jetpack_shortlink":"https:\/\/wp.me\/PaT0CI-2Nc","_links":{"self":[{"href":"https:\/\/www.montanheiros.com\/en\/wp-json\/wp\/v2\/pages\/10738","targetHints":{"allow":["GET"]}}],"collection":[{"href":"https:\/\/www.montanheiros.com\/en\/wp-json\/wp\/v2\/pages"}],"about":[{"href":"https:\/\/www.montanheiros.com\/en\/wp-json\/wp\/v2\/types\/page"}],"author":[{"embeddable":true,"href":"https:\/\/www.montanheiros.com\/en\/wp-json\/wp\/v2\/users\/1"}],"replies":[{"embeddable":true,"href":"https:\/\/www.montanheiros.com\/en\/wp-json\/wp\/v2\/comments?post=10738"}],"version-history":[{"count":13,"href":"https:\/\/www.montanheiros.com\/en\/wp-json\/wp\/v2\/pages\/10738\/revisions"}],"predecessor-version":[{"id":15324,"href":"https:\/\/www.montanheiros.com\/en\/wp-json\/wp\/v2\/pages\/10738\/revisions\/15324"}],"up":[{"embeddable":true,"href":"https:\/\/www.montanheiros.com\/en\/wp-json\/wp\/v2\/pages\/10655"}],"wp:attachment":[{"href":"https:\/\/www.montanheiros.com\/en\/wp-json\/wp\/v2\/media?parent=10738"}],"curies":[{"name":"wp","href":"https:\/\/api.w.org\/{rel}","templated":true}]}}