{"id":10790,"date":"2019-10-23T09:17:40","date_gmt":"2019-10-23T09:17:40","guid":{"rendered":"http:\/\/montanheiros.cecilia-designs.com\/?page_id=10790"},"modified":"2023-04-26T07:46:17","modified_gmt":"2023-04-26T07:46:17","slug":"galeria","status":"publish","type":"page","link":"https:\/\/www.montanheiros.com\/en\/galeria\/","title":{"rendered":"Galeria"},"content":{"rendered":"\n\t<div id=\"gap-110991872\" class=\"gap-element clearfix\" style=\"display:block; height:auto;\">\n\t\t\n<style>\n#gap-110991872 {\n  padding-top: 30px;\n}\n<\/style>\n\t<\/div>\n\t\n\n<div class=\"row\"  id=\"row-514689073\">\n\n\n\t<div id=\"col-24530831\" class=\"col medium-4 small-12 large-4\"  >\n\t\t\t\t<div class=\"col-inner\"  >\n\t\t\t\n\t\t\t\n\n\n  <div class=\"banner has-hover bg-zoom-fade\" id=\"banner-1615026387\">\n          <div class=\"banner-inner fill\">\n        <div class=\"banner-bg fill\" >\n            <div class=\"bg fill bg-fill \"><\/div>\n                                    \n                    <\/div>\n\t\t\n        <div class=\"banner-layers container\">\n            <a class=\"fill\" href=\"\/montanheiros2018-1992\"  ><div class=\"fill banner-link\"><\/div><\/a>            \n\n   <div id=\"text-box-1717860877\" class=\"text-box banner-layer x50 md-x50 lg-x50 y50 md-y50 lg-y50 res-text\">\n                                <div class=\"text-box-content text dark\">\n              \n              <div class=\"text-inner text-center\">\n                  \n\n<h3 class=\"uppercase\" style=\"text-align: center;\"><strong><a href=\"http:\/\/montanheiros2019-1992\/\" data-wplink-url-error=\"true\">Associa\u00e7\u00e3o<\/a><br \/><a href=\"http:\/\/montanheiros2019-1992\" data-wplink-url-error=\"true\">Os Montanheiros<\/a><br \/><\/strong><\/h3>\n\n              <\/div>\n           <\/div>\n                            \n<style>\n#text-box-1717860877 {\n  width: 77%;\n}\n#text-box-1717860877 .text-box-content {\n  font-size: 100%;\n}\n<\/style>\n    <\/div>\n \n\n        <\/div>\n      <\/div>\n\n            \n<style>\n#banner-1615026387 {\n  padding-top: 160px;\n}\n#banner-1615026387 .bg.bg-loaded {\n  background-image: url(https:\/\/www.montanheiros.com\/wp-content\/uploads\/2019\/05\/big14_1543850192.jpg);\n}\n#banner-1615026387 .bg {\n  background-position: 0% 17%;\n}\n#banner-1615026387 .ux-shape-divider--top svg {\n  height: 150px;\n  --divider-top-width: 100%;\n}\n#banner-1615026387 .ux-shape-divider--bottom svg {\n  height: 150px;\n  --divider-width: 100%;\n}\n<\/style>\n  <\/div>\n\n\n\n\t\t<\/div>\n\t\t\t\t\t<\/div>\n\n\t\n\n\t<div id=\"col-451128099\" class=\"col medium-4 small-12 large-4\"  >\n\t\t\t\t<div class=\"col-inner\"  >\n\t\t\t\n\t\t\t\n\n\n  <div class=\"banner has-hover bg-zoom-fade\" id=\"banner-3713709\">\n          <div class=\"banner-inner fill\">\n        <div class=\"banner-bg fill\" >\n            <div class=\"bg fill bg-fill \"><\/div>\n                                    \n                    <\/div>\n\t\t\n        <div class=\"banner-layers container\">\n            <a class=\"fill\" href=\"\/escalada2016\"  ><div class=\"fill banner-link\"><\/div><\/a>            \n\n   <div id=\"text-box-253242369\" class=\"text-box banner-layer x50 md-x50 lg-x50 y50 md-y50 lg-y50 res-text\">\n                                <div class=\"text-box-content text dark\">\n              \n              <div class=\"text-inner text-center\">\n                  \n\n<h2 class=\"uppercase\"><a href=\"\/escalada2016\"><strong>Escalada<\/strong><\/a><\/h2>\n\n              <\/div>\n           <\/div>\n                            \n<style>\n#text-box-253242369 {\n  width: 60%;\n}\n#text-box-253242369 .text-box-content {\n  font-size: 100%;\n}\n<\/style>\n    <\/div>\n \n\n        <\/div>\n      <\/div>\n\n            \n<style>\n#banner-3713709 {\n  padding-top: 160px;\n}\n#banner-3713709 .bg.bg-loaded {\n  background-image: url(https:\/\/www.montanheiros.com\/wp-content\/uploads\/2019\/10\/big38_1550744302.jpg);\n}\n#banner-3713709 .bg {\n  background-position: 0% 77%;\n}\n#banner-3713709 .ux-shape-divider--top svg {\n  height: 150px;\n  --divider-top-width: 100%;\n}\n#banner-3713709 .ux-shape-divider--bottom svg {\n  height: 150px;\n  --divider-width: 100%;\n}\n<\/style>\n  <\/div>\n\n\n\n\t\t<\/div>\n\t\t\t\t\t<\/div>\n\n\t\n\n\t<div id=\"col-1120801007\" class=\"col medium-4 small-12 large-4\"  >\n\t\t\t\t<div class=\"col-inner\"  >\n\t\t\t\n\t\t\t\n\n\n  <div class=\"banner has-hover bg-zoom-fade\" id=\"banner-2132959050\">\n          <div class=\"banner-inner fill\">\n        <div class=\"banner-bg fill\" >\n            <div class=\"bg fill bg-fill \"><\/div>\n                                    \n                    <\/div>\n\t\t\n        <div class=\"banner-layers container\">\n            <a class=\"fill\" href=\"\/ed-ambiental2019\"  ><div class=\"fill banner-link\"><\/div><\/a>            \n\n   <div id=\"text-box-1737775003\" class=\"text-box banner-layer x50 md-x50 lg-x50 y50 md-y50 lg-y50 res-text\">\n                                <div class=\"text-box-content text dark\">\n              \n              <div class=\"text-inner text-center\">\n                  \n\n<h2 class=\"uppercase\"><span style=\"font-size: 100%;\"><strong><a href=\"\/ed-ambiental2019\">Educa\u00e7\u00e3o<br \/>Ambiental<\/a><\/strong><\/span><\/h2>\n\n              <\/div>\n           <\/div>\n                            \n<style>\n#text-box-1737775003 {\n  width: 60%;\n}\n#text-box-1737775003 .text-box-content {\n  font-size: 100%;\n}\n<\/style>\n    <\/div>\n \n\n        <\/div>\n      <\/div>\n\n            \n<style>\n#banner-2132959050 {\n  padding-top: 160px;\n}\n#banner-2132959050 .bg.bg-loaded {\n  background-image: url(https:\/\/www.montanheiros.com\/wp-content\/uploads\/2019\/05\/big1225545014.jpg);\n}\n#banner-2132959050 .bg {\n  background-position: 0% 10%;\n}\n#banner-2132959050 .ux-shape-divider--top svg {\n  height: 150px;\n  --divider-top-width: 100%;\n}\n#banner-2132959050 .ux-shape-divider--bottom svg {\n  height: 150px;\n  --divider-width: 100%;\n}\n<\/style>\n  <\/div>\n\n\n\n\t\t<\/div>\n\t\t\t\t\t<\/div>\n\n\t\n\n\t<div id=\"col-1582629399\" class=\"col medium-4 small-12 large-4\"  >\n\t\t\t\t<div class=\"col-inner\"  >\n\t\t\t\n\t\t\t\n\n\n  <div class=\"banner has-hover bg-zoom-fade\" id=\"banner-1043002291\">\n          <div class=\"banner-inner fill\">\n        <div class=\"banner-bg fill\" >\n            <div class=\"bg fill bg-fill \"><\/div>\n                                    \n                    <\/div>\n\t\t\n        <div class=\"banner-layers container\">\n            <a class=\"fill\" href=\"\/sjorge2016\"  ><div class=\"fill banner-link\"><\/div><\/a>            \n\n   <div id=\"text-box-1447285432\" class=\"text-box banner-layer x50 md-x50 lg-x50 y50 md-y50 lg-y50 res-text\">\n                                <div class=\"text-box-content text dark\">\n              \n              <div class=\"text-inner text-center\">\n                  \n\n<h3><a href=\"\/sjorge2016\">N\u00facleo de<\/a><\/h3>\n<h2><a href=\"\/sjorge2016\">S\u00e3o Jorge<\/a><\/h2>\n<div class=\"is-divider divider clearfix\" ><\/div>\n\n\n              <\/div>\n           <\/div>\n                            \n<style>\n#text-box-1447285432 {\n  width: 60%;\n}\n#text-box-1447285432 .text-box-content {\n  font-size: 100%;\n}\n<\/style>\n    <\/div>\n \n\n        <\/div>\n      <\/div>\n\n            \n<style>\n#banner-1043002291 {\n  padding-top: 160px;\n}\n#banner-1043002291 .bg.bg-loaded {\n  background-image: url(https:\/\/www.montanheiros.com\/wp-content\/uploads\/2019\/04\/m13-1-1200x800.jpg);\n}\n#banner-1043002291 .bg {\n  background-position: 55% 11%;\n}\n#banner-1043002291 .ux-shape-divider--top svg {\n  height: 150px;\n  --divider-top-width: 100%;\n}\n#banner-1043002291 .ux-shape-divider--bottom svg {\n  height: 150px;\n  --divider-width: 100%;\n}\n<\/style>\n  <\/div>\n\n\n\n\t\t<\/div>\n\t\t\t\t\t<\/div>\n\n\t\n\n\t<div id=\"col-1687558864\" class=\"col medium-4 small-12 large-4\"  >\n\t\t\t\t<div class=\"col-inner\"  >\n\t\t\t\n\t\t\t\n\n\n  <div class=\"banner has-hover bg-zoom-fade\" id=\"banner-1533542860\">\n          <div class=\"banner-inner fill\">\n        <div class=\"banner-bg fill\" >\n            <div class=\"bg fill bg-fill \"><\/div>\n                                    \n                    <\/div>\n\t\t\n        <div class=\"banner-layers container\">\n            <a class=\"fill\" href=\"\/pico2006\"  ><div class=\"fill banner-link\"><\/div><\/a>            \n\n   <div id=\"text-box-1733869118\" class=\"text-box banner-layer x50 md-x50 lg-x50 y50 md-y50 lg-y50 res-text\">\n                                <div class=\"text-box-content text dark\">\n              \n              <div class=\"text-inner text-center\">\n                  \n\n<h3><a href=\"\/pico2006\">N\u00facleo do<\/a><\/h3>\n<h2><a href=\"\/pico2006\"><span style=\"font-size: 130%;\">Pico<\/span><\/a><\/h2>\n<div class=\"is-divider divider clearfix\" ><\/div>\n\n\n              <\/div>\n           <\/div>\n                            \n<style>\n#text-box-1733869118 {\n  width: 60%;\n}\n#text-box-1733869118 .text-box-content {\n  font-size: 100%;\n}\n<\/style>\n    <\/div>\n \n\n        <\/div>\n      <\/div>\n\n            \n<style>\n#banner-1533542860 {\n  padding-top: 160px;\n}\n#banner-1533542860 .bg.bg-loaded {\n  background-image: url(https:\/\/www.montanheiros.com\/wp-content\/uploads\/2019\/04\/big1_1392119057.jpg);\n}\n#banner-1533542860 .ux-shape-divider--top svg {\n  height: 150px;\n  --divider-top-width: 100%;\n}\n#banner-1533542860 .ux-shape-divider--bottom svg {\n  height: 150px;\n  --divider-width: 100%;\n}\n<\/style>\n  <\/div>\n\n\n\n\t\t<\/div>\n\t\t\t\t\t<\/div>\n\n\t\n\n\t<div id=\"col-2006217610\" class=\"col medium-4 small-12 large-4\"  >\n\t\t\t\t<div class=\"col-inner\"  >\n\t\t\t\n\t\t\t\n\n\n  <div class=\"banner has-hover bg-zoom-fade\" id=\"banner-1468107252\">\n          <div class=\"banner-inner fill\">\n        <div class=\"banner-bg fill\" >\n            <div class=\"bg fill bg-fill \"><\/div>\n                                    \n                    <\/div>\n\t\t\n        <div class=\"banner-layers container\">\n            <a class=\"fill\" href=\"\/exposicoes\"  ><div class=\"fill banner-link\"><\/div><\/a>            \n\n   <div id=\"text-box-539367288\" class=\"text-box banner-layer x50 md-x50 lg-x50 y50 md-y50 lg-y50 res-text\">\n                                <div class=\"text-box-content text dark\">\n              \n              <div class=\"text-inner text-center\">\n                  \n\n<h2 class=\"uppercase\"><a href=\"\/exposicoes\">Exposi\u00e7\u00f5es<\/a><\/h2>\n<div class=\"is-divider divider clearfix\" ><\/div>\n\n\n              <\/div>\n           <\/div>\n                            \n<style>\n#text-box-539367288 {\n  width: 60%;\n}\n#text-box-539367288 .text-box-content {\n  font-size: 100%;\n}\n<\/style>\n    <\/div>\n \n\n        <\/div>\n      <\/div>\n\n            \n<style>\n#banner-1468107252 {\n  padding-top: 160px;\n}\n#banner-1468107252 .bg.bg-loaded {\n  background-image: url(https:\/\/www.montanheiros.com\/wp-content\/uploads\/2019\/10\/big1566487886.jpg);\n}\n#banner-1468107252 .bg {\n  background-position: 75% 51%;\n}\n#banner-1468107252 .ux-shape-divider--top svg {\n  height: 150px;\n  --divider-top-width: 100%;\n}\n#banner-1468107252 .ux-shape-divider--bottom svg {\n  height: 150px;\n  --divider-width: 100%;\n}\n<\/style>\n  <\/div>\n\n\n\n\t\t<\/div>\n\t\t\t\t\t<\/div>\n\n\t\n\n<\/div>\n<div class=\"row\"  id=\"row-1989200469\">\n\n\n\t<div id=\"col-483359602\" class=\"col small-12 large-12\"  >\n\t\t\t\t<div class=\"col-inner\"  >\n\t\t\t\n\t\t\t\n\n<a href=\"\/videos\" target=\"_self\" class=\"button primary\"  >\n    <span>V\u00eddeos<\/span>\n  <\/a>\n\n\n<a href=\"\/desportivas2013\" target=\"_self\" class=\"button primary\"  >\n    <span>Provas Desportivas<\/span>\n  <\/a>\n\n\n<a href=\"\/pedestres2015\" target=\"_self\" class=\"button primary\"  >\n    <span>Passeios Pedestres<\/span>\n  <\/a>\n\n\n<a href=\"\/geocaching-galeria\" target=\"_self\" class=\"button primary\"  >\n    <span>Geocaching<\/span>\n  <\/a>\n\n\n<a href=\"\/parapente2008\" target=\"_self\" class=\"button primary\"  >\n    <span>Parapente<\/span>\n  <\/a>\n\n\n<a href=\"\/out-atividades2015\" target=\"_self\" class=\"button primary\"  >\n    <span>Outras atividades<\/span>\n  <\/a>\n\n\n\n\t\t<\/div>\n\t\t\t\t\t<\/div>\n\n\t\n\n<\/div>\n\n","protected":false},"excerpt":{"rendered":"<p>Associa\u00e7\u00e3oOs Montanheiros Escalada Educa\u00e7\u00e3oAmbiental N\u00facleo de S\u00e3o Jorge N\u00facleo do Pico Exposi\u00e7\u00f5es V\u00eddeos Provas Desportivas Passeios Pedestres Geocaching Parapente Outras atividades<\/p>\n","protected":false},"author":1,"featured_media":0,"parent":0,"menu_order":1,"comment_status":"closed","ping_status":"closed","template":"page-blank.php","meta":{"jetpack_post_was_ever_published":false,"footnotes":""},"class_list":["post-10790","page","type-page","status-publish","hentry"],"jetpack_sharing_enabled":true,"jetpack_shortlink":"https:\/\/wp.me\/PaT0CI-2O2","_links":{"self":[{"href":"https:\/\/www.montanheiros.com\/en\/wp-json\/wp\/v2\/pages\/10790","targetHints":{"allow":["GET"]}}],"collection":[{"href":"https:\/\/www.montanheiros.com\/en\/wp-json\/wp\/v2\/pages"}],"about":[{"href":"https:\/\/www.montanheiros.com\/en\/wp-json\/wp\/v2\/types\/page"}],"author":[{"embeddable":true,"href":"https:\/\/www.montanheiros.com\/en\/wp-json\/wp\/v2\/users\/1"}],"replies":[{"embeddable":true,"href":"https:\/\/www.montanheiros.com\/en\/wp-json\/wp\/v2\/comments?post=10790"}],"version-history":[{"count":25,"href":"https:\/\/www.montanheiros.com\/en\/wp-json\/wp\/v2\/pages\/10790\/revisions"}],"predecessor-version":[{"id":15511,"href":"https:\/\/www.montanheiros.com\/en\/wp-json\/wp\/v2\/pages\/10790\/revisions\/15511"}],"wp:attachment":[{"href":"https:\/\/www.montanheiros.com\/en\/wp-json\/wp\/v2\/media?parent=10790"}],"curies":[{"name":"wp","href":"https:\/\/api.w.org\/{rel}","templated":true}]}}