{"id":11074,"date":"2019-11-13T10:34:38","date_gmt":"2019-11-13T10:34:38","guid":{"rendered":"http:\/\/montanheiros.cecilia-designs.com\/?page_id=11074"},"modified":"2024-12-03T16:14:05","modified_gmt":"2024-12-03T16:14:05","slug":"videos","status":"publish","type":"page","link":"https:\/\/www.montanheiros.com\/en\/videos\/","title":{"rendered":"V\u00eddeos"},"content":{"rendered":"\n<h3 class=\"thin-font\"><span style=\"font-size: 120%\">Galeria \/ <\/span><span style=\"font-size: 180%\"><span style=\"font-size: 100%\">V\u00eddeos<\/span><br \/><\/span><\/h3>\n<div class=\"row\"  id=\"row-1669207105\">\n\n\n\t<div id=\"col-1293987800\" class=\"col small-12 large-12\"  >\n\t\t\t\t<div class=\"col-inner\"  >\n\t\t\t\n\t\t\t\n\n<div class=\"row row-dashed\"  id=\"row-1336951831\">\n\n\n\t<div id=\"col-1934326612\" class=\"col medium-4 small-12 large-4\"  >\n\t\t\t\t<div class=\"col-inner\"  >\n\t\t\t\n\t\t\t\n\n<div class=\"container section-title-container\" ><h4 class=\"section-title section-title-normal\"><b><\/b><span class=\"section-title-main\" >Algar do Carv\u00e3o<\/span><b><\/b><\/h4><\/div>\n\n<p><a href=\"https:\/\/www.youtube.com\/watch?v=Kw43UZisXOY\" target=\"_blank\" rel=\"noopener noreferrer\">Crist\u00f3vam &#8211; Faith &amp; Wine | Fortitude Sessions in Algar do Carv\u00e3o<\/a><\/p>\n<p><a href=\"https:\/\/vimeo.com\/125606737\" target=\"_blank\" rel=\"noopener noreferrer\">Projeto \u201cA Musica Portuguesa &#8211; A Gostar Dela Pr\u00f3pria\u201d no Algar do Carv\u00e3o Pelos Myrica Faya<\/a><\/p>\n<p><a href=\"https:\/\/www.youtube.com\/watch?v=Hp7qUpHWQ8E\" target=\"_blank\" rel=\"noopener noreferrer\">Visita ao Algar do Carv\u00e3o a 29 Set &#8211; Imagem e Produ\u00e7\u00e3o: Fernando Pereira<\/a><\/p>\n<p><a href=\"https:\/\/www.youtube.com\/watch?v=AuTV0CUaNWY\" target=\"_blank\" rel=\"noopener noreferrer\">Algar do Carv\u00e3o &#8211; Monumento Natural Regional<\/a><\/p>\n<p><a href=\"https:\/\/www.rtp.pt\/play\/p7120\/e470001\/malamanhados\">Programa &#8220;Mal-Amanhados, os novos cors\u00e1rios das ilhas&#8221; no Algar do Carv\u00e3o<\/a><\/p>\n<p><a href=\"https:\/\/www.rtp.pt\/acores\/local\/algar-do-carvao-vai-ter-um-centro-interpretativo-video_75587?fbclid=IwAR3ZalJeQ6ouk7DHmokjWFkmyCgZRri_-CtZK4_VtUMS8l3jrDvnAOhJ3pk\" data-wplink-url-error=\"true\">Not\u00edcia RTP A\u00e7ores, 30mar2022 -Novo Centro Interpretativo do Algar do Carv\u00e3o<\/a><\/p>\n<p><a href=\"https:\/\/vimeo.com\/788756883\/44c04175ce\" data-wplink-url-error=\"true\">Maria&#8217;s Portuguese Table &#8211; Terceira (Algar do Carv\u00e3o ao min. 16:39)<\/a><\/p>\n<p><a href=\"https:\/\/sicnoticias.pt\/pais\/2023-12-27-Meia-noite-pela-Ilha-Terceira-nos-Acores-b7a7852c?utm_source=site&amp;utm_medium=share&amp;utm_campaign=whatsapp&amp;fbclid=IwAR3I5SVSIpC-ICUQVUS97tBYVg0lEplSmtP2mWMYTCUUV09nBbU-KO0eEEI?utm_source=site&amp;utm_medium=share&amp;utm_campaign=whatsapp\">Meia-Noite &#8211; Programa do Jornal da Noite (destaque ao Algar do Carv\u00e3o ao minuto 15:03) na SIC<\/a><\/p>\n\n\t\t<\/div>\n\t\t\t\t\t<\/div>\n\n\t\n\n\t<div id=\"col-1293082468\" class=\"col medium-4 small-12 large-4\"  >\n\t\t\t\t<div class=\"col-inner\"  >\n\t\t\t\n\t\t\t\n\n<div class=\"container section-title-container\" ><h4 class=\"section-title section-title-normal\"><b><\/b><span class=\"section-title-main\" >ASSOCIA\u00c7\u00c3O OS MONTANHEIROS<\/span><b><\/b><\/h4><\/div>\n\n<p><a href=\"https:\/\/www.youtube.com\/watch?v=djWcn5oM1HI\">Comemora\u00e7\u00e3o do 60\u00ba anivers\u00e1rio da Associa\u00e7\u00e3o Os Montanheiros &#8211; &#8220;Os Montanheiros&#8221; &#8211; V\u00eddeo produzido pela Associa\u00e7\u00e3o Os Montanheiros | Paulo Henrique Silva<\/a><\/p>\n<p>\u00a0<\/p>\n<p><a href=\"https:\/\/www.youtube.com\/watch?v=ylWT10ie6A0&amp;t=1060s\">Comemora\u00e7\u00e3o do 61\u00ba anivers\u00e1rio da Associa\u00e7\u00e3o Os Montanheiros &#8211; &#8220;\u00c1guas Novas&#8221; &#8211; V\u00eddeo produzido pela Associa\u00e7\u00e3o Os Montanheiros | Paulo Henrique Silva<\/a><\/p>\n\n\t\t<\/div>\n\t\t\t\t\t<\/div>\n\n\t\n\n\t<div id=\"col-1484167871\" class=\"col medium-4 small-12 large-4\"  >\n\t\t\t\t<div class=\"col-inner\"  >\n\t\t\t\n\t\t\t\n\n<div class=\"container section-title-container\" ><h4 class=\"section-title section-title-normal\"><b><\/b><span class=\"section-title-main\" >Gruta do Natal<\/span><b><\/b><\/h4><\/div>\n\n<p><a href=\"https:\/\/www.youtube.com\/watch?v=NxdTq7Vtbdw\" target=\"_blank\" rel=\"noopener noreferrer\">Gruta do Natal (por Am\u00e2ndio Caldeira) 2011<\/a><\/p>\n<p><a href=\"https:\/\/cnnportugal.iol.pt\/videos\/cientistas-isolaram-se-numa-ilha-dos-acores-para-verem-como-seria-a-vida-na-lua\/65760d710cf265bc968cd42a\">Reportagem da CNN Portugal sobre a Miss\u00e3o Cam\u00f5es na Gruta do Natal<\/a><\/p>\n<p>\u00a0<\/p>\n\n\t\t<\/div>\n\t\t\t\t\t<\/div>\n\n\t\n\n\t<div id=\"col-1852852741\" class=\"col medium-4 small-12 large-4\"  >\n\t\t\t\t<div class=\"col-inner\"  >\n\t\t\t\n\t\t\t\n\n<div class=\"container section-title-container\" ><h4 class=\"section-title section-title-normal\"><b><\/b><span class=\"section-title-main\" >Escalada<\/span><b><\/b><\/h4><\/div>\n\n<p><a href=\"https:\/\/www.youtube.com\/watch?v=tYMPeV3WNaU&amp;feature=player_embedded&amp;fbclid=IwAR2HHVMcHu3C6u9dQHyR9Ux88rK-BAXryNG8XzHN9MFAwvd1HT3MMHu0NN0\" target=\"_blank\" rel=\"noopener noreferrer\">A Escalada na Ilha Terceira ganha mais express\u00e3o com o Clube Desportivo Montanheiros<\/a><\/p>\n<p><a href=\"https:\/\/www.youtube.com\/watch?v=0ycpHZrO12U\" target=\"_blank\" rel=\"noopener noreferrer\">Bloco na Chanoca, Junho 2010<\/a><\/p>\n<p><a href=\"https:\/\/www.youtube.com\/watch?v=EPyDTkNgO4s&amp;list=PLRi-66D1W6czVDfisUZx71ZxP8klAjefH&amp;index=2\" target=\"_blank\" rel=\"noopener noreferrer\">Sec\u00e7\u00e3o de Escalada no Programa \u201cTerceira Dimens\u00e3o\u201d do Canal Vitec<\/a><\/p>\n<p><a href=\"https:\/\/www.youtube.com\/watch?v=THEMj92gFnk\" target=\"_blank\" rel=\"noopener noreferrer\">Escalada de bloco na ilha Terceira 2010<\/a><\/p>\n<p><a href=\"https:\/\/www.youtube.com\/watch?v=2Fjy7-rFh28\" target=\"_blank\" rel=\"noopener noreferrer\">Escalada na Chanoca -&#8221; Baresi&#8221; 2010<\/a><\/p>\n<p><a href=\"https:\/\/www.youtube.com\/watch?v=GcHHxJuglPc\" target=\"_blank\" rel=\"noopener noreferrer\">Escalada na ilha Terceira<\/a><\/p>\n<p><a href=\"https:\/\/www.youtube.com\/watch?v=lvz3MMdf6EE\" target=\"_blank\" rel=\"noopener noreferrer\">Treinos de escalada dos Montanheiros 2008<\/a><\/p>\n\n\t\t<\/div>\n\t\t\t\t\t<\/div>\n\n\t\n\n<\/div>\n\n\t\t<\/div>\n\t\t\t\t\t<\/div>\n\n\t\n\n\t<div id=\"col-782120202\" class=\"col small-12 large-12\"  >\n\t\t\t\t<div class=\"col-inner\"  >\n\t\t\t\n\t\t\t\n\n<div class=\"row row-dashed\"  id=\"row-1299245039\">\n\n\n\t<div id=\"col-934412515\" class=\"col medium-4 small-12 large-4\"  >\n\t\t\t\t<div class=\"col-inner\"  >\n\t\t\t\n\t\t\t\n\n<div class=\"container section-title-container\" ><h4 class=\"section-title section-title-normal\"><b><\/b><span class=\"section-title-main\" >Exposi\u00e7\u00f5es<\/span><b><\/b><\/h4><\/div>\n\n<p><a href=\"https:\/\/www.youtube.com\/watch?time_continue=13&amp;v=mSgClqpQyAk\" target=\"_blank\" rel=\"noopener noreferrer\">Exposi\u00e7\u00e3o Aves nos A\u00e7ores por R\u00faben Coelho<\/a><\/p>\n<p>&nbsp;<\/p>\n\n\t\t<\/div>\n\t\t\t\t\t<\/div>\n\n\t\n\n\t<div id=\"col-948522385\" class=\"col medium-4 small-12 large-4\"  >\n\t\t\t\t<div class=\"col-inner\"  >\n\t\t\t\n\t\t\t\n\n<div class=\"container section-title-container\" ><h4 class=\"section-title section-title-normal\"><b><\/b><span class=\"section-title-main\" >Caminhadas<\/span><b><\/b><\/h4><\/div>\n\n<p><a href=\"https:\/\/www.youtube.com\/watch?v=qiCXzVShTIw\" target=\"_blank\" rel=\"noopener noreferrer\">Passeio \u00e0s Ba\u00edas de S.Sebasti\u00e3o, 6jul2014 (pela VITEC) &#8211; ilha Terceira<\/a><\/p>\n<p><a href=\"https:\/\/www.youtube.com\/watch?v=lbFTm0kGYzo\" target=\"_blank\" rel=\"noopener noreferrer\">Caminhada \u00e0 Rocha do Chambre, 15 Mar\u00e7o 2009<\/a><\/p>\n<p><a href=\"https:\/\/www.youtube.com\/watch?v=_MFvWTkO4Z0\" target=\"_blank\" rel=\"noopener noreferrer\">Caminhada \u00e0 Serra de Santa B\u00e1rbara, 10 Maio 2009<\/a><\/p>\n<p><a href=\"https:\/\/www.youtube.com\/watch?v=NNPVa3xyzlM\" target=\"_blank\" rel=\"noopener noreferrer\">Caminhado ao Pico do Boi, 5 Abril 2009<\/a><\/p>\n\n\t\t<\/div>\n\t\t\t\t\t<\/div>\n\n\t\n\n\t<div id=\"col-1941508707\" class=\"col medium-4 small-12 large-4\"  >\n\t\t\t\t<div class=\"col-inner\"  >\n\t\t\t\n\t\t\t\n\n<div class=\"container section-title-container\" ><h4 class=\"section-title section-title-normal\"><b><\/b><span class=\"section-title-main\" >V\u00eddeos Promocionais<\/span><b><\/b><\/h4><\/div>\n\n<p><a href=\"https:\/\/vimeo.com\/167238214\" target=\"_blank\" rel=\"noopener noreferrer\">\u201cOdisseia Nos A\u00e7ores\u201d &#8211; Parques dos A\u00e7ores<\/a><\/p>\n<p><a href=\"https:\/\/www.youtube.com\/watch?v=LZw5fV8K_y4&amp;sns=fb\" target=\"_blank\" rel=\"noopener noreferrer\">V\u00eddeo promocional sobre a Ilha Terceira &#8220;Visit Portugal&#8221; &#8211; Apoio TVI<\/a><\/p>\n<p>&nbsp;<\/p>\n\n\t\t<\/div>\n\t\t\t\t\t<\/div>\n\n\t\n\n<\/div>\n\t<div id=\"gap-293803056\" class=\"gap-element clearfix\" style=\"display:block; height:auto;\">\n\t\t\n<style>\n#gap-293803056 {\n  padding-top: 30px;\n}\n<\/style>\n\t<\/div>\n\t\n\n\n\t\t<\/div>\n\t\t\t\t\t<\/div>\n\n\t\n\n\t<div id=\"col-758260731\" class=\"col small-12 large-12\"  >\n\t\t\t\t<div class=\"col-inner\"  >\n\t\t\t\n\t\t\t\n\n<div class=\"row row-dashed\"  id=\"row-171069867\">\n\n\n\t<div id=\"col-189608038\" class=\"col medium-4 small-12 large-4\"  >\n\t\t\t\t<div class=\"col-inner\"  >\n\t\t\t\n\t\t\t\n\n<div class=\"container section-title-container\" ><h4 class=\"section-title section-title-normal\"><b><\/b><span class=\"section-title-main\" >AMBIENTE<\/span><b><\/b><\/h4><\/div>\n\n<p>\u00a0<\/p>\n<p><a href=\"https:\/\/www.facebook.com\/acores.hoje\/videos\/191953906741389\">Entrevista a Lu\u00eds Barcelos do Grupo da Biodiversidade CE3C da Universidade dos A\u00e7ores ao &#8220;A\u00e7ores Hoje&#8221; da RTP A\u00e7ores, no \u00e2mbito da IV Campanha Peda\u00e7os de Mar e Ambiente<\/a><\/p>\n<p>\u00a0<\/p>\n<p><a href=\"https:\/\/www.youtube.com\/watch?v=gIoipGlFdtc\">Campanha SOS Cagarro pelos olhos de S\u00e9bastien Lhoumeau (vers\u00e3o francesa)<\/a><\/p>\n<p>\u00a0<\/p>\n\n\t\t<\/div>\n\t\t\t\t\t<\/div>\n\n\t\n\n\t<div id=\"col-888119802\" class=\"col medium-4 small-12 large-4\"  >\n\t\t\t\t<div class=\"col-inner\"  >\n\t\t\t\n\t\t\t\n\n<div class=\"container section-title-container\" ><h4 class=\"section-title section-title-normal\"><b><\/b><span class=\"section-title-main\" >Outros<\/span><b><\/b><\/h4><\/div>\n\n<p><a href=\"https:\/\/www.youtube.com\/watch?v=pvySwRBeBa4\">Cancro&#8230;saiba venc\u00ea-lo.<\/a><\/p>\n<p><a href=\"https:\/\/www.youtube.com\/watch?v=KANU7HVrQ3U\">Elixir da eterna consci\u00eancia &#8211; Ecoteca da Terceira<\/a><\/p>\n<p><a href=\"https:\/\/www.youtube.com\/watch?v=h2ABnxLYtxE\">Workshop de marionetas &#8211; Ecoteca da Terceira<\/a><\/p>\n\n\t\t<\/div>\n\t\t\t\t\t<\/div>\n\n\t\n\n<\/div>\n\n\t\t<\/div>\n\t\t\t\t\t<\/div>\n\n\t\n\n<\/div>\n\n","protected":false},"excerpt":{"rendered":"<p>Galeria \/ V\u00eddeos Algar do Carv\u00e3o Crist\u00f3vam &#8211; Faith &amp; Wine | Fortitude Sessions in Algar do Carv\u00e3o Projeto \u201cA Musica Portuguesa &#8211; A Gostar Dela Pr\u00f3pria\u201d no Algar do Carv\u00e3o Pelos Myrica Faya Visita ao Algar do Carv\u00e3o a 29 Set &#8211; Imagem e Produ\u00e7\u00e3o: Fernando Pereira Algar do Carv\u00e3o &#8211; Monumento Natural Regional [&#8230;]\n","protected":false},"author":1,"featured_media":0,"parent":0,"menu_order":0,"comment_status":"closed","ping_status":"closed","template":"","meta":{"jetpack_post_was_ever_published":false,"footnotes":""},"class_list":["post-11074","page","type-page","status-publish","hentry"],"jetpack_sharing_enabled":true,"jetpack_shortlink":"https:\/\/wp.me\/PaT0CI-2SC","_links":{"self":[{"href":"https:\/\/www.montanheiros.com\/en\/wp-json\/wp\/v2\/pages\/11074","targetHints":{"allow":["GET"]}}],"collection":[{"href":"https:\/\/www.montanheiros.com\/en\/wp-json\/wp\/v2\/pages"}],"about":[{"href":"https:\/\/www.montanheiros.com\/en\/wp-json\/wp\/v2\/types\/page"}],"author":[{"embeddable":true,"href":"https:\/\/www.montanheiros.com\/en\/wp-json\/wp\/v2\/users\/1"}],"replies":[{"embeddable":true,"href":"https:\/\/www.montanheiros.com\/en\/wp-json\/wp\/v2\/comments?post=11074"}],"version-history":[{"count":17,"href":"https:\/\/www.montanheiros.com\/en\/wp-json\/wp\/v2\/pages\/11074\/revisions"}],"predecessor-version":[{"id":17117,"href":"https:\/\/www.montanheiros.com\/en\/wp-json\/wp\/v2\/pages\/11074\/revisions\/17117"}],"wp:attachment":[{"href":"https:\/\/www.montanheiros.com\/en\/wp-json\/wp\/v2\/media?parent=11074"}],"curies":[{"name":"wp","href":"https:\/\/api.w.org\/{rel}","templated":true}]}}