{"id":12775,"date":"2020-05-05T09:54:15","date_gmt":"2020-05-05T09:54:15","guid":{"rendered":"http:\/\/www.montanheiros.com\/?page_id=12775"},"modified":"2023-05-31T14:53:41","modified_gmt":"2023-05-31T14:53:41","slug":"dias-verdes","status":"publish","type":"page","link":"https:\/\/www.montanheiros.com\/en\/publicacoes\/dias-verdes\/","title":{"rendered":"Dias Verdes"},"content":{"rendered":"\n  <div id=\"page-header-448003827\" class=\"page-header-wrapper\">\n  <div class=\"page-title dark featured-title\">\n\n        <div class=\"page-title-bg\">\n      <div class=\"title-bg fill bg-fill\"\n        data-parallax-container=\".page-title\"\n        data-parallax-background\n        data-parallax=\"-\">\n      <\/div>\n      <div class=\"title-overlay fill\"><\/div>\n    <\/div>\n    \n    <div class=\"page-title-inner container align-bottom text-center flex-row-col medium-flex-wrap\" >\n              <div class=\"title-wrapper uppercase is-large flex-col\">\n          <h1 class=\"entry-title mb-0\">\n            Dias Verdes          <\/h1>\n        <\/div>\n                <div class=\"page-title-sub op-7 flex-col\">\n          <p class=\"lead\">por Paulo Barcelos<\/p>\n        <\/div>\n                    <div class=\"title-content flex-col\">\n              <\/div>\n    <\/div>\n\n     \n<style>\n#page-header-448003827 .page-title-inner {\n  min-height: 200px;\n}\n#page-header-448003827 .title-bg {\n  background-image: url(https:\/\/www.montanheiros.com\/wp-content\/uploads\/2020\/01\/81968952_2678276865540976_7160665004553797632_o.jpg);\n  background-position: 0% 47%;\n}\n<\/style>\n  <\/div>\n    <\/div>\n  \n\n<div class=\"text-center\"><div class=\"is-divider divider clearfix\" style=\"max-width:600px;height:1px;\"><\/div><\/div>\n\n<div class=\"row row-dashed\"  id=\"row-1981585525\">\n\n\n\t<div id=\"col-2122625626\" class=\"col medium-4 small-12 large-4\"  >\n\t\t\t\t<div class=\"col-inner\"  >\n\t\t\t\n\t\t\t\n\n<h4 class=\"thin-font\" style=\"text-align: center;\"><strong><a href=\"http:\/\/www.montanheiros.com\/wp-content\/uploads\/2023\/05\/Dias-verdes_01.pdf\" target=\"_blank\" rel=\"noopener\">Dia Mundial das Zonas H\u00famidas<\/a>\u00a0<\/strong><br \/><span style=\"color: #008000;\">2 de fevereiro<\/span><\/h4>\n\n\t\t<\/div>\n\t\t\t\t\n<style>\n#col-2122625626 > .col-inner {\n  margin: 0px 0px 0px 0px;\n}\n<\/style>\n\t<\/div>\n\n\t\n\n\t<div id=\"col-401587058\" class=\"col medium-4 small-12 large-4\"  >\n\t\t\t\t<div class=\"col-inner\"  >\n\t\t\t\n\t<div class=\"is-border\"\n\t\tstyle=\"border-width:0px 0px 0px 0px;margin:0px 0px 0px 0px;\">\n\t<\/div>\n\t\t\t\n\n<h4 class=\"thin-font\" style=\"text-align: center;\"><a href=\"http:\/\/www.montanheiros.com\/wp-content\/uploads\/2023\/05\/Dias-verdes_02.pdf\" target=\"_blank\" rel=\"noopener\"><strong>Dia Mundial da Vida Selvagem<\/strong><\/a> <br \/><span style=\"color: #008000;\">3 de mar\u00e7o<\/span><\/h4>\n\n\t\t<\/div>\n\t\t\t\t\t<\/div>\n\n\t\n\n\t<div id=\"col-180442279\" class=\"col medium-4 small-12 large-4\"  >\n\t\t\t\t<div class=\"col-inner\"  >\n\t\t\t\n\t\t\t\n\n<h4 class=\"thin-font\" style=\"text-align: center;\"><strong><a href=\"http:\/\/www.montanheiros.com\/wp-content\/uploads\/2023\/05\/Dias-verdes_03.pdf\" target=\"_blank\" rel=\"noopener\">Dia Internacional das Florestas<\/a>\u00a0<\/strong><br \/><span style=\"color: #008000;\">21 de mar\u00e7o<\/span><\/h4>\n\n\t\t<\/div>\n\t\t\t\t\t<\/div>\n\n\t\n\n\n<style>\n#row-1981585525 > .col > .col-inner {\n  padding: 0px 0px 0px 0px;\n}\n<\/style>\n<\/div>\n<div class=\"text-center\"><div class=\"is-divider divider clearfix\" style=\"max-width:600px;height:1px;\"><\/div><\/div>\n\n<div class=\"row row-dashed\"  id=\"row-793586229\">\n\n\n\t<div id=\"col-661006316\" class=\"col medium-4 small-12 large-4\"  >\n\t\t\t\t<div class=\"col-inner\"  >\n\t\t\t\n\t\t\t\n\n<h4 class=\"thin-font\" style=\"text-align: center;\"><a href=\"http:\/\/www.montanheiros.com\/wp-content\/uploads\/2023\/05\/Dias-verdes_04.pdf\" target=\"_blank\" rel=\"noopener\"><strong>Dia Mundial da \u00c1gua<\/strong><\/a><br \/><span style=\"color: #008000;\">22 de mar\u00e7o<\/span><\/h4>\n\n\t\t<\/div>\n\t\t\t\t\t<\/div>\n\n\t\n\n\t<div id=\"col-833164249\" class=\"col medium-4 small-12 large-4\"  >\n\t\t\t\t<div class=\"col-inner\"  >\n\t\t\t\n\t\t\t\n\n<h4 class=\"thin-font\" style=\"text-align: center;\"><a href=\"http:\/\/www.montanheiros.com\/wp-content\/uploads\/2023\/05\/Dias-verdes_05.pdf\" target=\"_blank\" rel=\"noopener\"><strong>Dia da Terra<\/strong><\/a><br \/><span style=\"color: #008000;\">22 de abril<\/span><\/h4>\n\n\t\t<\/div>\n\t\t\t\t\t<\/div>\n\n\t\n\n\t<div id=\"col-903122512\" class=\"col medium-4 small-12 large-4\"  >\n\t\t\t\t<div class=\"col-inner\"  >\n\t\t\t\n\t\t\t\n\n<h4 class=\"thin-font\" style=\"text-align: center;\"><a href=\"http:\/\/www.montanheiros.com\/wp-content\/uploads\/2023\/05\/Dias-verdes_06.pdf\" target=\"_blank\" rel=\"noopener\"><strong>Dia Internacional do Sol<\/strong><\/a><br \/><span style=\"color: #008000;\">3 de maio<\/span><\/h4>\n\n\t\t<\/div>\n\t\t\t\t\t<\/div>\n\n\t\n\n\n<style>\n#row-793586229 > .col > .col-inner {\n  padding: 0px 0px 0px 0px;\n}\n<\/style>\n<\/div>\n<div class=\"text-center\"><div class=\"is-divider divider clearfix\" style=\"max-width:600px;height:1.2px;\"><\/div><\/div>\n\n<div class=\"row row-dashed\"  id=\"row-353777272\">\n\n\n\t<div id=\"col-836395733\" class=\"col medium-4 small-12 large-4\"  >\n\t\t\t\t<div class=\"col-inner\"  >\n\t\t\t\n\t\t\t\n\n<h4 class=\"thin-font\" style=\"text-align: center;\"><strong><a href=\"http:\/\/www.montanheiros.com\/wp-content\/uploads\/2023\/05\/Dias-verdes_07.pdf\" target=\"_blank\" rel=\"noopener\">Dia Mundial das Aves Migrat\u00f3rias<\/a><\/strong><br \/><span style=\"color: #008000;\">2\u00ba s\u00e1bado de maio<\/span><\/h4>\n\n\t\t<\/div>\n\t\t\t\t\t<\/div>\n\n\t\n\n\t<div id=\"col-555556058\" class=\"col medium-4 small-12 large-4\"  >\n\t\t\t\t<div class=\"col-inner\"  >\n\t\t\t\n\t\t\t\n\n<h4 style=\"text-align: center;\"><a href=\"http:\/\/www.montanheiros.com\/wp-content\/uploads\/2023\/05\/Dias-verdes_08.pdf\" target=\"_blank\" rel=\"noopener\"><strong>Dia Europeu do Mar<\/strong><\/a><br \/><span style=\"color: #008000;\">20 de maio<\/span><\/h4>\n\n\t\t<\/div>\n\t\t\t\t\t<\/div>\n\n\t\n\n\t<div id=\"col-380374994\" class=\"col medium-4 small-12 large-4\"  >\n\t\t\t\t<div class=\"col-inner\"  >\n\t\t\t\n\t\t\t\n\n<h4 style=\"text-align: center;\"><strong><a href=\"http:\/\/www.montanheiros.com\/wp-content\/uploads\/2023\/05\/Dias-verdes_09.pdf\" target=\"_blank\" rel=\"noopener\">Dia Internacional da Biodiversidade<\/a><br \/><\/strong><span style=\"color: #339966;\">22 de maio<\/span><\/h4>\n\n\t\t<\/div>\n\t\t\t\t\t<\/div>\n\n\t\n\n<\/div>\n<div class=\"text-center\"><div class=\"is-divider divider clearfix\" style=\"max-width:600px;height:1px;\"><\/div><\/div>\n\n<div class=\"row row-dashed\"  id=\"row-446125737\">\n\n\n\t<div id=\"col-1934449585\" class=\"col medium-4 small-12 large-4\"  >\n\t\t\t\t<div class=\"col-inner\"  >\n\t\t\t\n\t\t\t\n\n<h4 class=\"thin-font\" style=\"text-align: center;\"><a href=\"http:\/\/www.montanheiros.com\/wp-content\/uploads\/2023\/05\/Dias-verdes_10.pdf\" target=\"_blank\" rel=\"noopener\"><strong>Dia Europeu dos Parques<\/strong><\/a><br \/><span style=\"color: #339966;\">24 de maio<\/span><\/h4>\n\n\t\t<\/div>\n\t\t\t\t\t<\/div>\n\n\t\n\n\t<div id=\"col-1880242875\" class=\"col medium-4 small-12 large-4\"  >\n\t\t\t\t<div class=\"col-inner\"  >\n\t\t\t\n\t\t\t\n\n<h4 class=\"thin-font\" style=\"text-align: center;\"><strong><a href=\"http:\/\/www.montanheiros.com\/wp-content\/uploads\/2023\/05\/Dias-verdes_11.pdf\" target=\"_blank\" rel=\"noopener\">Dia Nacional da Energia<\/a><br \/><\/strong><span style=\"color: #339966;\">29 de maio<\/span><\/h4>\n\n\t\t<\/div>\n\t\t\t\t\t<\/div>\n\n\t\n\n\t<div id=\"col-647698263\" class=\"col medium-4 small-12 large-4\"  >\n\t\t\t\t<div class=\"col-inner\"  >\n\t\t\t\n\t\t\t\n\n<h4 class=\"thin-font\" style=\"text-align: center;\"><strong><a href=\"http:\/\/www.montanheiros.com\/wp-content\/uploads\/2023\/05\/Dias-verdes_12.pdf\" target=\"_blank\" rel=\"noopener\">Dia Mundial do Ambiente<\/a><br \/><\/strong><span style=\"color: #339966;\">5 de junho<\/span><\/h4>\n\n\t\t<\/div>\n\t\t\t\t\t<\/div>\n\n\t\n\n<\/div>\n<div class=\"text-center\"><div class=\"is-divider divider clearfix\" style=\"max-width:600px;height:1.3px;\"><\/div><\/div>\n\n<div class=\"row row-dashed\"  id=\"row-623468142\">\n\n\n\t<div id=\"col-1293891007\" class=\"col medium-4 small-12 large-4\"  >\n\t\t\t\t<div class=\"col-inner\"  >\n\t\t\t\n\t\t\t\n\n<h4 class=\"thin-font\" style=\"text-align: center;\"><strong><a href=\"http:\/\/www.montanheiros.com\/wp-content\/uploads\/2023\/05\/Dias-verdes_13.pdf\" target=\"_blank\" rel=\"noopener\">Dia Mundial dos Oceanos<\/a><br \/><\/strong><span style=\"color: #339966;\">8 de junho<\/span><\/h4>\n\n\t\t<\/div>\n\t\t\t\t\t<\/div>\n\n\t\n\n\t<div id=\"col-958650828\" class=\"col medium-4 small-12 large-4\"  >\n\t\t\t\t<div class=\"col-inner\"  >\n\t\t\t\n\t\t\t\n\n<h4 class=\"thin-font\" style=\"text-align: center;\"><strong><a href=\"http:\/\/www.montanheiros.com\/wp-content\/uploads\/2023\/05\/Dias-verdes_14.pdf\" target=\"_blank\" rel=\"noopener\">Dia Mundial do Combate \u00e0 Seca e \u00e0 Desertifica\u00e7\u00e3o<\/a><br \/><\/strong><span style=\"color: #339966;\">17 de junho<\/span><\/h4>\n\n\t\t<\/div>\n\t\t\t\t\t<\/div>\n\n\t\n\n\t<div id=\"col-1019986891\" class=\"col medium-4 small-12 large-4\"  >\n\t\t\t\t<div class=\"col-inner\"  >\n\t\t\t\n\t\t\t\n\n<h4 class=\"thin-font\" style=\"text-align: center;\"><strong><a href=\"http:\/\/www.montanheiros.com\/wp-content\/uploads\/2023\/05\/Dias-verdes_15.pdf\" target=\"_blank\" rel=\"noopener\">Dia Nacional da Conserva\u00e7\u00e3o da Natureza<\/a><br \/><\/strong><span style=\"color: #339966;\">28 de julho<\/span><\/h4>\n\n\t\t<\/div>\n\t\t\t\t\t<\/div>\n\n\t\n\n<\/div>\n<div class=\"text-center\"><div class=\"is-divider divider clearfix\" style=\"max-width:600px;height:1.2px;\"><\/div><\/div>\n\n<div class=\"row row-dashed\"  id=\"row-1796073416\">\n\n\n\t<div id=\"col-124889492\" class=\"col medium-4 small-12 large-4\"  >\n\t\t\t\t<div class=\"col-inner\"  >\n\t\t\t\n\t\t\t\n\n<h4 class=\"thin-font\" style=\"text-align: center;\"><strong><a href=\"http:\/\/www.montanheiros.com\/wp-content\/uploads\/2023\/05\/Dias-verdes_16.pdf\" target=\"_blank\" rel=\"noopener\">Dia Internacional para a Preserva\u00e7\u00e3o da Camada de Ozono<\/a><br \/><\/strong><span style=\"color: #339966;\">16 de setembro<\/span><\/h4>\n\n\t\t<\/div>\n\t\t\t\t\t<\/div>\n\n\t\n\n\t<div id=\"col-1014369992\" class=\"col medium-4 small-12 large-4\"  >\n\t\t\t\t<div class=\"col-inner\"  >\n\t\t\t\n\t\t\t\n\n<h4 class=\"thin-font\" style=\"text-align: center;\"><strong><a href=\"http:\/\/www.montanheiros.com\/wp-content\/uploads\/2023\/05\/Dias-verdes_17.pdf\" target=\"_blank\" rel=\"noopener\">Dia Internacional da Limpeza Costeira<\/a><br \/><\/strong><span style=\"color: #339966;\">3\u00ba s\u00e1bado de setembro<\/span><strong><br \/><\/strong><\/h4>\n\n\t\t<\/div>\n\t\t\t\t\t<\/div>\n\n\t\n\n\t<div id=\"col-396940240\" class=\"col medium-4 small-12 large-4\"  >\n\t\t\t\t<div class=\"col-inner\"  >\n\t\t\t\n\t\t\t\n\n<h4 class=\"thin-font\" style=\"text-align: center;\"><strong><a href=\"http:\/\/www.montanheiros.com\/wp-content\/uploads\/2023\/05\/Dias-verdes_18.pdf\" target=\"_blank\" rel=\"noopener\">Dia Mundial do Habitat<\/a><br \/><\/strong><span style=\"color: #339966;\">1\u00aa segunda-feira de outubro<\/span><strong><br \/><\/strong><\/h4>\n\n\t\t<\/div>\n\t\t\t\t\t<\/div>\n\n\t\n\n<\/div>\n<div class=\"text-center\"><div class=\"is-divider divider clearfix\" style=\"max-width:600px;height:1.2px;\"><\/div><\/div>\n\n<div class=\"row row-dashed\"  id=\"row-1604804374\">\n\n\n\t<div id=\"col-381349297\" class=\"col medium-4 small-12 large-4\"  >\n\t\t\t\t<div class=\"col-inner\"  >\n\t\t\t\n\t\t\t\n\n<h4 class=\"thin-font\" style=\"text-align: center;\"><strong><a href=\"http:\/\/www.montanheiros.com\/wp-content\/uploads\/2023\/05\/Dias-verdes_19.pdf\" target=\"_blank\" rel=\"noopener\">Dia Nacional da \u00c1gua<\/a><br \/><\/strong><span style=\"color: #339966;\">1 de Outubro<\/span><\/h4>\n\n\t\t<\/div>\n\t\t\t\t\t<\/div>\n\n\t\n\n\t<div id=\"col-575752585\" class=\"col medium-4 small-12 large-4\"  >\n\t\t\t\t<div class=\"col-inner\"  >\n\t\t\t\n\t\t\t\n\n<h4 class=\"thin-font\" style=\"text-align: center;\"><strong><a href=\"http:\/\/www.montanheiros.com\/wp-content\/uploads\/2023\/05\/Dias-verdes_20.pdf\" target=\"_blank\" rel=\"noopener\">Dia Nacional do Mar<\/a><br \/><\/strong><span style=\"color: #339966;\">16 de novembro<\/span><strong><br \/><\/strong><\/h4>\n\n\t\t<\/div>\n\t\t\t\t\t<\/div>\n\n\t\n\n\t<div id=\"col-840241139\" class=\"col medium-4 small-12 large-4\"  >\n\t\t\t\t<div class=\"col-inner\"  >\n\t\t\t\n\t\t\t\n\n<h4 class=\"thin-font\" style=\"text-align: center;\"><strong><a href=\"http:\/\/www.montanheiros.com\/wp-content\/uploads\/2023\/05\/Dias-verdes_21.pdf\" target=\"_blank\" rel=\"noopener\">Dia da Floresta Aut\u00f3ctone<\/a><br \/><\/strong><span style=\"color: #339966;\">23 de novembro<\/span><\/h4>\n\n\t\t<\/div>\n\t\t\t\t\t<\/div>\n\n\t\n\n<\/div>\n<div class=\"text-center\"><div class=\"is-divider divider clearfix\" style=\"max-width:600px;height:1px;\"><\/div><\/div>\n\n<div class=\"row row-dashed\"  id=\"row-1216611578\">\n\n\n\t<div id=\"col-1188752288\" class=\"col medium-4 small-12 large-4\"  >\n\t\t\t\t<div class=\"col-inner\"  >\n\t\t\t\n\t\t\t\n\n<h4 class=\"thin-font\" style=\"text-align: center;\"><strong><a href=\"http:\/\/www.montanheiros.com\/wp-content\/uploads\/2023\/05\/Dias-verdes_22.pdf\" target=\"_blank\" rel=\"noopener\">Dia Mundial da Conserva\u00e7\u00e3o da Vida Selvagem<\/a><br \/><\/strong><span style=\"color: #339966;\">4 de dezembro<\/span><\/h4>\n\n\t\t<\/div>\n\t\t\t\t\t<\/div>\n\n\t\n\n\t<div id=\"col-887598253\" class=\"col medium-4 small-12 large-4\"  >\n\t\t\t\t<div class=\"col-inner\"  >\n\t\t\t\n\t\t\t\n\n<h4 class=\"thin-font\" style=\"text-align: center;\"><strong><a href=\"http:\/\/www.montanheiros.com\/wp-content\/uploads\/2023\/05\/Dias-verdes_23.pdf\" target=\"_blank\" rel=\"noopener\">Dia Internacional da Montanha<\/a><br \/><\/strong><span style=\"color: #339966;\">11 de dezembro<\/span><\/h4>\n\n\t\t<\/div>\n\t\t\t\t\t<\/div>\n\n\t\n\n<\/div>\n\n","protected":false},"excerpt":{"rendered":"<p>Dias Verdes por Paulo Barcelos Dia Mundial das Zonas H\u00famidas\u00a02 de fevereiro Dia Mundial da Vida Selvagem 3 de mar\u00e7o Dia Internacional das Florestas\u00a021 de mar\u00e7o Dia Mundial da \u00c1gua22 de mar\u00e7o Dia da Terra22 de abril Dia Internacional do Sol3 de maio Dia Mundial das Aves Migrat\u00f3rias2\u00ba s\u00e1bado de maio Dia Europeu do Mar20 [&#8230;]\n","protected":false},"author":1,"featured_media":0,"parent":14922,"menu_order":0,"comment_status":"closed","ping_status":"closed","template":"","meta":{"jetpack_post_was_ever_published":false,"footnotes":""},"class_list":["post-12775","page","type-page","status-publish","hentry"],"jetpack_sharing_enabled":true,"jetpack_shortlink":"https:\/\/wp.me\/PaT0CI-3k3","_links":{"self":[{"href":"https:\/\/www.montanheiros.com\/en\/wp-json\/wp\/v2\/pages\/12775","targetHints":{"allow":["GET"]}}],"collection":[{"href":"https:\/\/www.montanheiros.com\/en\/wp-json\/wp\/v2\/pages"}],"about":[{"href":"https:\/\/www.montanheiros.com\/en\/wp-json\/wp\/v2\/types\/page"}],"author":[{"embeddable":true,"href":"https:\/\/www.montanheiros.com\/en\/wp-json\/wp\/v2\/users\/1"}],"replies":[{"embeddable":true,"href":"https:\/\/www.montanheiros.com\/en\/wp-json\/wp\/v2\/comments?post=12775"}],"version-history":[{"count":40,"href":"https:\/\/www.montanheiros.com\/en\/wp-json\/wp\/v2\/pages\/12775\/revisions"}],"predecessor-version":[{"id":15630,"href":"https:\/\/www.montanheiros.com\/en\/wp-json\/wp\/v2\/pages\/12775\/revisions\/15630"}],"up":[{"embeddable":true,"href":"https:\/\/www.montanheiros.com\/en\/wp-json\/wp\/v2\/pages\/14922"}],"wp:attachment":[{"href":"https:\/\/www.montanheiros.com\/en\/wp-json\/wp\/v2\/media?parent=12775"}],"curies":[{"name":"wp","href":"https:\/\/api.w.org\/{rel}","templated":true}]}}