{"id":13539,"date":"2021-02-23T16:01:52","date_gmt":"2021-02-23T16:01:52","guid":{"rendered":"http:\/\/www.montanheiros.com\/?page_id=13539"},"modified":"2025-12-31T15:04:13","modified_gmt":"2025-12-31T15:04:13","slug":"associe-se","status":"publish","type":"page","link":"https:\/\/www.montanheiros.com\/en\/montanheiros\/associe-se\/","title":{"rendered":"Join us"},"content":{"rendered":"\n  <div class=\"banner has-hover\" id=\"banner-110613468\">\n          <div class=\"banner-inner fill\">\n        <div class=\"banner-bg fill\" >\n            <div class=\"bg fill bg-fill \"><\/div>\n                                    \n                    <\/div>\n\t\t\n        <div class=\"banner-layers container\">\n            <div class=\"fill banner-link\"><\/div>                <div id=\"text-box-236255869\" class=\"text-box banner-layer x100 md-x100 lg-x100 y0 md-y0 lg-y0 res-text\">\n                                <div class=\"text-box-content text dark\">\n              \n              <div class=\"text-inner text-center\">\n                  \n<h2><span style=\"color: #0000ff;\">Become a member and join us<\/span><\/h2>\n              <\/div>\n           <\/div>\n                            \n<style>\n#text-box-236255869 {\n  width: 60%;\n}\n#text-box-236255869 .text-box-content {\n  font-size: 100%;\n}\n@media (min-width:550px) {\n  #text-box-236255869 {\n    width: 60%;\n  }\n}\n<\/style>\n    <\/div>\n          <\/div>\n      <\/div>\n\n            \n<style>\n#banner-110613468 {\n  padding-top: 350px;\n}\n#banner-110613468 .bg.bg-loaded {\n  background-image: url(https:\/\/www.montanheiros.com\/wp-content\/uploads\/2020\/08\/3-1.jpg);\n}\n#banner-110613468 .bg {\n  background-position: 100% 17%;\n}\n#banner-110613468 .ux-shape-divider--top svg {\n  height: 150px;\n  --divider-top-width: 100%;\n}\n#banner-110613468 .ux-shape-divider--bottom svg {\n  height: 150px;\n  --divider-width: 100%;\n}\n<\/style>\n  <\/div>\n\n \t<div id=\"gap-1011373439\" class=\"gap-element clearfix\" style=\"display:block; height:auto;\">\n\t\t\n<style>\n#gap-1011373439 {\n  padding-top: 30px;\n}\n<\/style>\n\t<\/div>\n\t <div class=\"row\"  id=\"row-755232603\"> \n\t<div id=\"col-390648641\" class=\"col medium-7 small-12 large-7\"  >\n\t\t\t\t<div class=\"col-inner\"  >\n\t\t\t\n\t\t\t\n<p>The primary goal of the Montanheiros Association is the cataloging, exploration, study, and conservation of volcanic caves in the Azores, as well as the enhancement, promotion, and management of natural resources that hold tourism potential, scientific interest, or require conservation. Additionally, the association maintains various other initiatives, primarily related to the protection and appreciation of the environment and natural heritage.<\/p>\n<p>The fact that it operates a Volcanospeleological Museum, manages two volcanic caves for tourism purposes\u2014Algar do Carv\u00e3o and Gruta do Natal\u2014and annually promotes a program of nature walks and outdoor sporting events highlights the association&#8217;s dedication to showcasing the significant natural treasures of these islands to all who are interested.<\/p>\n<p>As a regional Non-Governmental Organization for the Environment (NGO), registered with the Institute of the Environment under registration number 62\/R and with its status defined by Law No. 35\/98, of July 18, Os Montanheiros has the right to representation in advisory bodies of regional and local public administration. Currently, it is a social partner with a seat on the following: the Regional Council for the Environment and Sustainable Development (CRADS), the Executive Committee of the Group for the Study of the Speleological Heritage of the Azores (GESPEA), the Monitoring Committee for the Regional Water Plan, the Monitoring Committee for Pedestrian Trails (CAPP), the Joint Coordination Committee for the Tourism Management Plan of the Autonomous Region of the Azores (POTRAA), the Monitoring Committee for the Sectoral Plan for the Natura Network, and various other commissions linked to regional administration.<\/p>\n<p>By becoming a member of the&nbsp; Montanheiros Association, you will be contributing to the achievement of these objectives.<\/p>\n<p>Join us!<\/p>\n<p>To become a member, simply visit or contact the&nbsp; Montanheiros headquarters on Terceira Island or the branch offices on Pico and S\u00e3o Jorge Islands, depending on your place of residence. You will need to fill out a membership form and submit\/send it along with a photo.<\/p>\n<p>The anual membership fee is <strong><strong>12,00\u20ac.<\/p>\n<p><\/strong><\/strong><\/p>\n<p><strong>MEMBERSHIP APPLICATION FORM: <\/strong><span data-text-color=\"primary\"><a href=\"http:\/\/www.montanheiros.com\/wp-content\/uploads\/2025\/01\/Membership-application-form.pdf\" target=\"_blank\" rel=\"noopener\">Inscri\u00e7\u00e3o de s\u00f3cio &#8211; Ficha.pdf<\/a><\/span><\/p>\n<p><\/p>\n<h1><strong>PAYMENT METHODS:<\/strong><\/h1>\n<h2><span data-text-color=\"primary\"><strong>&nbsp;&#8211; TERCEIRA ISLAND &#8211;<br \/><\/strong><\/span><\/h2>\n<ul>\n<li><strong>Cash&nbsp;<\/strong><\/li>\n<li><strong>Money transfer <\/strong>&#8211;<strong> PT50 0059 0001 1028 8300 05469 <\/strong><strong>(enter membership number)<\/strong><\/li>\n<\/ul>\n<p><\/p>\n<h2><span data-text-color=\"primary\"><strong>&#8211;&nbsp; PICO ISLAND &#8211;<\/strong><\/span><\/h2>\n<ul>\n<li><strong>Cash<\/strong><\/li>\n<li><strong>Money transfer &#8211; PT50 0059 0001 1028 8300 3456 9 (enter membership number)<\/strong><\/li>\n<\/ul>\n<p><\/p>\n<h2><span data-text-color=\"primary\"><strong>&#8211;&nbsp; S.JORGE ISLAND &#8211;<br \/><\/strong><\/span><\/h2>\n<ul>\n<li><strong>Cash<\/strong><\/li>\n<li><strong>Money transfer &#8211; PT50 0059 0001 1028 8300 2486 9 (enter membership number)<\/strong><\/li>\n<\/ul>\n<p><\/p>\n<h3 style=\"text-align: center;\"><strong>REGULATION<\/strong><\/h3>\n<ul>\n<li>The Membership Card is non-transferable. Only Members in possession of their card will be entitled to the benefits outlined in this document.<br \/>Members will only be entitled to these benefits after 2 months of registration, upon presentation of the card and proof of regularized membership fees.<br \/>Members cannot use these benefits for personal commercial purposes, particularly in relation to the matters presented below in sections 1.b and 2.c.<\/li>\n<\/ul>\n<p><\/p>\n<p><strong>MEMBER BENEFITS<\/strong><\/p>\n<p><strong>1. Cave visits<\/strong><\/p>\n<p>a) Members are entitled to free visits to the volcanic caves Algar do Carv\u00e3o and Gruta do Natal, managed by the association, during the normal opening hours to the public, upon presentation of their membership card.<\/p>\n<p>b) Members are allowed to bring one guest.<\/p>\n<p><\/p>\n<p><strong>2.Purchase Montanheiros editions and merchandising:<\/strong><\/p>\n<p>a) Members are entitled to discounts of up to 30%, depending on the specific product.<\/p>\n<p>b) Purchases must be made at the association&#8217;s headquarters, caves visitor centers or Montanheiros branches in S. Jorge and Pico islands.&nbsp;<\/p>\n<p>c) Each member can purchase up to a maximum of 3 units of each product.<\/p>\n<p><\/p>\n<p><strong>3.Courses and Training Sessions<\/strong><\/p>\n<p>a) Members are entitled to DISCOUNTS, as previously defined, when registering for courses and training sessions organized by the association.<\/p>\n<p>b) In most cases, members will also receive priority in registration.<\/p>\n\t\t<\/div>\n\t\t\t\t\t<\/div>\n\n\t \n\t<div id=\"col-1290545885\" class=\"col medium-5 small-12 large-5\"  >\n\t\t\t\t<div class=\"col-inner\"  >\n\t\t\t\n\t\t\t\n<p><\/p>\n<h1><strong>Contacts<\/strong><\/h1>\n<p>&nbsp;<\/p>\n<p><img loading=\"lazy\" decoding=\"async\" class=\"wp-image-12058 aligncenter\" src=\"http:\/\/www.montanheiros.com\/wp-content\/uploads\/2019\/12\/logo-Montanheiros-pt.png\" alt=\"\" width=\"114\" height=\"103\" \/><\/p>\n<h3 style=\"text-align: center;\"><span style=\"color: #282828;\" data-text-color=\"primary\"><strong>&nbsp;MONTANHEIROS HEADQUARTERS<\/strong><\/span><\/h3>\n<h3 style=\"text-align: center;\"><span style=\"color: #282828;\" data-text-color=\"primary\"><strong>TERCEIRA ISLAND<\/strong><\/span><\/h3>\n<p><em>Rua da Rocha, n.\u00ba8<\/em><br \/><em>9700-169 Angra do Hero\u00edsmo<\/em><\/p>\n<p>Phone \/ Cell phone: 295 212 992 \/ &nbsp;961 362 215<br \/>Email: <a href=\"mailto:montanheiros@montanheiros.com\">montanheiros@montanheiros.com<\/a><\/p>\n<p>Opening Schedule &#8211; Monday to Friday: 08:00h \u00e0s 12:00h &#8211; 13h00 \u00e0s 16h00<\/p>\n<p>&nbsp;<\/p>\n<p><img loading=\"lazy\" decoding=\"async\" class=\"wp-image-11803 aligncenter\" src=\"http:\/\/www.montanheiros.com\/wp-content\/uploads\/2019\/11\/big1520248171-789x400.jpg\" alt=\"\" width=\"183\" height=\"93\" srcset=\"https:\/\/www.montanheiros.com\/wp-content\/uploads\/2019\/11\/big1520248171-789x400.jpg 789w, https:\/\/www.montanheiros.com\/wp-content\/uploads\/2019\/11\/big1520248171-768x389.jpg 768w, https:\/\/www.montanheiros.com\/wp-content\/uploads\/2019\/11\/big1520248171-500x253.jpg 500w, https:\/\/www.montanheiros.com\/wp-content\/uploads\/2019\/11\/big1520248171.jpg 1024w\" sizes=\"auto, (max-width: 183px) 100vw, 183px\" \/><\/p>\n<h2 style=\"text-align: center;\"><span style=\"color: #282828;\" data-text-color=\"primary\"><strong>&nbsp;MONTANHEIROS<\/strong><\/span><\/h2>\n<h2 style=\"text-align: center;\"><span style=\"color: #282828;\" data-text-color=\"primary\"><strong>&nbsp;PICO ISLAND<\/strong><\/span><\/h2>\n<address><em>Rua Conselheiro Terra Pinheiro<\/em><\/address>\n<address><em>9950-329 Madalena<\/em><\/address>\n<p><em>E-mail:&nbsp;<a href=\"mailto:nucleodopico@montanheiros.com\">nucleodopico@montanheiros.com<\/a><\/em><\/p>\n<p>&nbsp;<\/p>\n<p><img loading=\"lazy\" decoding=\"async\" class=\"wp-image-11815 aligncenter\" src=\"http:\/\/www.montanheiros.com\/wp-content\/uploads\/2019\/11\/big1549280105.jpeg\" alt=\"\" width=\"163\" height=\"97\" srcset=\"https:\/\/www.montanheiros.com\/wp-content\/uploads\/2019\/11\/big1549280105.jpeg 511w, https:\/\/www.montanheiros.com\/wp-content\/uploads\/2019\/11\/big1549280105-500x297.jpeg 500w\" sizes=\"auto, (max-width: 163px) 100vw, 163px\" \/><\/p>\n<h3 style=\"text-align: center;\"><span style=\"color: #282828;\" data-text-color=\"primary\"><strong>&nbsp;MONTANHEIROS <\/strong><\/span><\/h3>\n<h3 style=\"text-align: center;\"><span style=\"color: #282828;\" data-text-color=\"primary\"><strong>S.JORGE ISLAND<\/strong><\/span><\/h3>\n<address>Edif\u00edcio da Casa do Povo das&nbsp;Manadas \u2013 Estrada Regional \u2013&nbsp;Manadas<br \/>9800-037 Velas<\/address>\n<address>E-mail: <a href=\"mailto:montanheirosnucleosaojorge@gmail.com\">montanheirosnucleosaojorge@gmail.com<\/a><\/address>\n<address>&nbsp;<\/address>\n<p>&nbsp;<\/p>\n<p style=\"text-align: left;\"><img loading=\"lazy\" decoding=\"async\" class=\"wp-image-12423 aligncenter\" src=\"http:\/\/www.montanheiros.com\/wp-content\/uploads\/2020\/01\/Cart\u00e3o-637x400.jpg\" alt=\"\" width=\"258\" height=\"162\" srcset=\"https:\/\/www.montanheiros.com\/wp-content\/uploads\/2020\/01\/Cart\u00e3o-637x400.jpg 637w, https:\/\/www.montanheiros.com\/wp-content\/uploads\/2020\/01\/Cart\u00e3o-1273x800.jpg 1273w, https:\/\/www.montanheiros.com\/wp-content\/uploads\/2020\/01\/Cart\u00e3o-768x483.jpg 768w, https:\/\/www.montanheiros.com\/wp-content\/uploads\/2020\/01\/Cart\u00e3o-1536x965.jpg 1536w, https:\/\/www.montanheiros.com\/wp-content\/uploads\/2020\/01\/Cart\u00e3o-500x314.jpg 500w, https:\/\/www.montanheiros.com\/wp-content\/uploads\/2020\/01\/Cart\u00e3o.jpg 2042w\" sizes=\"auto, (max-width: 258px) 100vw, 258px\" \/><\/p>\n\t\t<\/div>\n\t\t\t\t\t<\/div>\n\n\t <\/div>\n","protected":false},"excerpt":{"rendered":"<p>Become a member and join us The primary goal of the Montanheiros Association is the cataloging, exploration, study, and conservation of volcanic caves in the Azores, as well as the enhancement, promotion, and management of natural resources that hold tourism potential, scientific interest, or require conservation. Additionally, the association maintains various other initiatives, primarily related [&#8230;]\n","protected":false},"author":1,"featured_media":0,"parent":18,"menu_order":1,"comment_status":"closed","ping_status":"closed","template":"","meta":{"jetpack_post_was_ever_published":false,"footnotes":""},"class_list":["post-13539","page","type-page","status-publish","hentry"],"jetpack_sharing_enabled":true,"jetpack_shortlink":"https:\/\/wp.me\/PaT0CI-3wn","_links":{"self":[{"href":"https:\/\/www.montanheiros.com\/en\/wp-json\/wp\/v2\/pages\/13539","targetHints":{"allow":["GET"]}}],"collection":[{"href":"https:\/\/www.montanheiros.com\/en\/wp-json\/wp\/v2\/pages"}],"about":[{"href":"https:\/\/www.montanheiros.com\/en\/wp-json\/wp\/v2\/types\/page"}],"author":[{"embeddable":true,"href":"https:\/\/www.montanheiros.com\/en\/wp-json\/wp\/v2\/users\/1"}],"replies":[{"embeddable":true,"href":"https:\/\/www.montanheiros.com\/en\/wp-json\/wp\/v2\/comments?post=13539"}],"version-history":[{"count":33,"href":"https:\/\/www.montanheiros.com\/en\/wp-json\/wp\/v2\/pages\/13539\/revisions"}],"predecessor-version":[{"id":18036,"href":"https:\/\/www.montanheiros.com\/en\/wp-json\/wp\/v2\/pages\/13539\/revisions\/18036"}],"up":[{"embeddable":true,"href":"https:\/\/www.montanheiros.com\/en\/wp-json\/wp\/v2\/pages\/18"}],"wp:attachment":[{"href":"https:\/\/www.montanheiros.com\/en\/wp-json\/wp\/v2\/media?parent=13539"}],"curies":[{"name":"wp","href":"https:\/\/api.w.org\/{rel}","templated":true}]}}