{"id":15220,"date":"2023-02-18T20:13:04","date_gmt":"2023-02-18T20:13:04","guid":{"rendered":"http:\/\/www.montanheiros.com\/?page_id=15220"},"modified":"2023-04-19T15:13:04","modified_gmt":"2023-04-19T15:13:04","slug":"algarcarvao-brochuras","status":"publish","type":"page","link":"https:\/\/www.montanheiros.com\/en\/algarcarvao\/algarcarvao-brochuras\/","title":{"rendered":"Algar do Carv\u00e3o - Brochuras"},"content":{"rendered":"\n<div class=\"container section-title-container\" ><h3 class=\"section-title section-title-normal\"><b><\/b><span class=\"section-title-main\" >Brochura do Algar do Carv\u00e3o<\/span><b><\/b><\/h3><\/div>\n\n<p>Nesta p\u00e1gina pode descarregar a brochura do Algar do Carv\u00e3o, em formato PDF em diversas l\u00ednguas.<\/p>\n<div class=\"row row-dashed\"  id=\"row-549035373\">\n\n\n\t<div id=\"col-798370113\" class=\"col medium-4 small-12 large-4\"  >\n\t\t\t\t<div class=\"col-inner\"  >\n\t\t\t\n\t\t\t\n\n\t<div class=\"img has-hover x md-x lg-x y md-y lg-y\" id=\"image_645710328\">\n\t\t<a class=\"\" href=\"http:\/\/www.montanheiros.com\/wp-content\/uploads\/2023\/02\/AlgarCarvao-pt.pdf\" target=\"_blank\" rel=\"noopener noreferrer\" >\t\t\t\t\t\t<div class=\"img-inner dark\" >\n\t\t\t<img loading=\"lazy\" decoding=\"async\" width=\"383\" height=\"406\" src=\"https:\/\/www.montanheiros.com\/wp-content\/uploads\/2023\/02\/AlgarCarvao-pt1.jpg\" class=\"attachment-large size-large\" alt=\"\" srcset=\"https:\/\/www.montanheiros.com\/wp-content\/uploads\/2023\/02\/AlgarCarvao-pt1.jpg 383w, https:\/\/www.montanheiros.com\/wp-content\/uploads\/2023\/02\/AlgarCarvao-pt1-377x400.jpg 377w\" sizes=\"auto, (max-width: 383px) 100vw, 383px\" \/>\t\t\t\t\t\t\n\t\t\t\t\t<\/div>\n\t\t\t\t\t\t<\/a>\t\t\n<style>\n#image_645710328 {\n  width: 100%;\n}\n<\/style>\n\t<\/div>\n\t\n\n<a rel=\"noopener noreferrer\" href=\"http:\/\/www.montanheiros.com\/wp-content\/uploads\/2023\/02\/AlgarCarvao-pt.pdf\" target=\"_blank\" class=\"button primary is-gloss box-shadow-2-hover lowercase\"  >\n    <span>PDF (2.9 Mb)<\/span>\n  <\/a>\n\n\n\n\t\t<\/div>\n\t\t\t\t\t<\/div>\n\n\t\n\n\t<div id=\"col-1767360287\" class=\"col medium-4 small-12 large-4\"  >\n\t\t\t\t<div class=\"col-inner\"  >\n\t\t\t\n\t\t\t\n\n\t<div class=\"img has-hover x md-x lg-x y md-y lg-y\" id=\"image_1654226767\">\n\t\t<a class=\"\" href=\"http:\/\/www.montanheiros.com\/wp-content\/uploads\/2023\/02\/AlgarCarvao-en.pdf\" target=\"_blank\" rel=\"noopener noreferrer\" >\t\t\t\t\t\t<div class=\"img-inner dark\" >\n\t\t\t<img loading=\"lazy\" decoding=\"async\" width=\"383\" height=\"406\" src=\"https:\/\/www.montanheiros.com\/wp-content\/uploads\/2023\/02\/AlgarCarvao-en1.jpg\" class=\"attachment-large size-large\" alt=\"\" srcset=\"https:\/\/www.montanheiros.com\/wp-content\/uploads\/2023\/02\/AlgarCarvao-en1.jpg 383w, https:\/\/www.montanheiros.com\/wp-content\/uploads\/2023\/02\/AlgarCarvao-en1-377x400.jpg 377w\" sizes=\"auto, (max-width: 383px) 100vw, 383px\" \/>\t\t\t\t\t\t\n\t\t\t\t\t<\/div>\n\t\t\t\t\t\t<\/a>\t\t\n<style>\n#image_1654226767 {\n  width: 100%;\n}\n<\/style>\n\t<\/div>\n\t\n\n<a rel=\"noopener noreferrer\" href=\"http:\/\/www.montanheiros.com\/wp-content\/uploads\/2023\/02\/AlgarCarvao-en.pdf\" target=\"_blank\" class=\"button primary is-gloss box-shadow-2-hover lowercase\"  >\n    <span>PDF (2.9 Mb)<\/span>\n  <\/a>\n\n\n\n\t\t<\/div>\n\t\t\t\t\t<\/div>\n\n\t\n\n\t<div id=\"col-657902648\" class=\"col medium-4 small-12 large-4\"  >\n\t\t\t\t<div class=\"col-inner\"  >\n\t\t\t\n\t\t\t\n\n\t<div class=\"img has-hover x md-x lg-x y md-y lg-y\" id=\"image_1004697856\">\n\t\t<a class=\"\" href=\"http:\/\/www.montanheiros.com\/wp-content\/uploads\/2023\/02\/AlgarCarvao-fr.pdf\" target=\"_blank\" rel=\"noopener noreferrer\" >\t\t\t\t\t\t<div class=\"img-inner dark\" >\n\t\t\t<img loading=\"lazy\" decoding=\"async\" width=\"383\" height=\"406\" src=\"https:\/\/www.montanheiros.com\/wp-content\/uploads\/2023\/02\/AlgarCarvao-fr1.jpg\" class=\"attachment-large size-large\" alt=\"\" srcset=\"https:\/\/www.montanheiros.com\/wp-content\/uploads\/2023\/02\/AlgarCarvao-fr1.jpg 383w, https:\/\/www.montanheiros.com\/wp-content\/uploads\/2023\/02\/AlgarCarvao-fr1-377x400.jpg 377w\" sizes=\"auto, (max-width: 383px) 100vw, 383px\" \/>\t\t\t\t\t\t\n\t\t\t\t\t<\/div>\n\t\t\t\t\t\t<\/a>\t\t\n<style>\n#image_1004697856 {\n  width: 100%;\n}\n<\/style>\n\t<\/div>\n\t\n\n<a rel=\"noopener noreferrer\" href=\"http:\/\/www.montanheiros.com\/wp-content\/uploads\/2023\/02\/AlgarCarvao-it.pdf\" target=\"_blank\" class=\"button primary is-gloss box-shadow-2-hover lowercase\"  >\n    <span>PDF (2.9 Mb)<\/span>\n  <\/a>\n\n\n\n\t\t<\/div>\n\t\t\t\t\t<\/div>\n\n\t\n\n\t<div id=\"col-1954556640\" class=\"col medium-4 small-12 large-4\"  >\n\t\t\t\t<div class=\"col-inner\"  >\n\t\t\t\n\t\t\t\n\n\t<div class=\"img has-hover x md-x lg-x y md-y lg-y\" id=\"image_1825183462\">\n\t\t<a class=\"\" href=\"http:\/\/www.montanheiros.com\/wp-content\/uploads\/2023\/02\/AlgarCarvao-es.pdf\" target=\"_blank\" rel=\"noopener noreferrer\" >\t\t\t\t\t\t<div class=\"img-inner dark\" >\n\t\t\t<img loading=\"lazy\" decoding=\"async\" width=\"383\" height=\"406\" src=\"https:\/\/www.montanheiros.com\/wp-content\/uploads\/2023\/02\/AlgarCarvao-es1.jpg\" class=\"attachment-large size-large\" alt=\"\" srcset=\"https:\/\/www.montanheiros.com\/wp-content\/uploads\/2023\/02\/AlgarCarvao-es1.jpg 383w, https:\/\/www.montanheiros.com\/wp-content\/uploads\/2023\/02\/AlgarCarvao-es1-377x400.jpg 377w\" sizes=\"auto, (max-width: 383px) 100vw, 383px\" \/>\t\t\t\t\t\t\n\t\t\t\t\t<\/div>\n\t\t\t\t\t\t<\/a>\t\t\n<style>\n#image_1825183462 {\n  width: 100%;\n}\n<\/style>\n\t<\/div>\n\t\n\n<a rel=\"noopener noreferrer\" href=\"http:\/\/www.montanheiros.com\/wp-content\/uploads\/2023\/02\/AlgarCarvao-es.pdf\" target=\"_blank\" class=\"button primary is-gloss box-shadow-2-hover lowercase\"  >\n    <span>PDF (2.9 Mb)<\/span>\n  <\/a>\n\n\n\n\t\t<\/div>\n\t\t\t\t\t<\/div>\n\n\t\n\n\t<div id=\"col-345153415\" class=\"col medium-4 small-12 large-4\"  >\n\t\t\t\t<div class=\"col-inner\"  >\n\t\t\t\n\t\t\t\n\n\t<div class=\"img has-hover x md-x lg-x y md-y lg-y\" id=\"image_603603723\">\n\t\t<a class=\"\" href=\"http:\/\/www.montanheiros.com\/wp-content\/uploads\/2023\/02\/AlgarCarvao-al.pdf\" target=\"_blank\" rel=\"noopener noreferrer\" >\t\t\t\t\t\t<div class=\"img-inner dark\" >\n\t\t\t<img loading=\"lazy\" decoding=\"async\" width=\"383\" height=\"406\" src=\"https:\/\/www.montanheiros.com\/wp-content\/uploads\/2023\/02\/AlgarCarvao-al1.jpg\" class=\"attachment-large size-large\" alt=\"\" srcset=\"https:\/\/www.montanheiros.com\/wp-content\/uploads\/2023\/02\/AlgarCarvao-al1.jpg 383w, https:\/\/www.montanheiros.com\/wp-content\/uploads\/2023\/02\/AlgarCarvao-al1-377x400.jpg 377w\" sizes=\"auto, (max-width: 383px) 100vw, 383px\" \/>\t\t\t\t\t\t\n\t\t\t\t\t<\/div>\n\t\t\t\t\t\t<\/a>\t\t\n<style>\n#image_603603723 {\n  width: 100%;\n}\n<\/style>\n\t<\/div>\n\t\n\n<a rel=\"noopener noreferrer\" href=\"http:\/\/www.montanheiros.com\/wp-content\/uploads\/2023\/02\/AlgarCarvao-al.pdf\" target=\"_blank\" class=\"button primary is-gloss box-shadow-2-hover lowercase\"  >\n    <span>PDF (2.9 Mb)<\/span>\n  <\/a>\n\n\n\n\t\t<\/div>\n\t\t\t\t\t<\/div>\n\n\t\n\n\t<div id=\"col-824436073\" class=\"col medium-4 small-12 large-4\"  >\n\t\t\t\t<div class=\"col-inner\"  >\n\t\t\t\n\t\t\t\n\n\t<div class=\"img has-hover x md-x lg-x y md-y lg-y\" id=\"image_764764545\">\n\t\t<a class=\"\" href=\"http:\/\/www.montanheiros.com\/wp-content\/uploads\/2023\/02\/AlgarCarvao-it.pdf\" target=\"_blank\" rel=\"noopener noreferrer\" >\t\t\t\t\t\t<div class=\"img-inner dark\" >\n\t\t\t<img loading=\"lazy\" decoding=\"async\" width=\"383\" height=\"406\" src=\"https:\/\/www.montanheiros.com\/wp-content\/uploads\/2023\/02\/AlgarCarvao-it1.jpg\" class=\"attachment-large size-large\" alt=\"\" srcset=\"https:\/\/www.montanheiros.com\/wp-content\/uploads\/2023\/02\/AlgarCarvao-it1.jpg 383w, https:\/\/www.montanheiros.com\/wp-content\/uploads\/2023\/02\/AlgarCarvao-it1-377x400.jpg 377w\" sizes=\"auto, (max-width: 383px) 100vw, 383px\" \/>\t\t\t\t\t\t\n\t\t\t\t\t<\/div>\n\t\t\t\t\t\t<\/a>\t\t\n<style>\n#image_764764545 {\n  width: 100%;\n}\n<\/style>\n\t<\/div>\n\t\n\n<a rel=\"noopener noreferrer\" href=\"http:\/\/www.montanheiros.com\/wp-content\/uploads\/2023\/02\/AlgarCarvao-it.pdf\" target=\"_blank\" class=\"button primary is-gloss box-shadow-2-hover lowercase\"  >\n    <span>PDF (2.9 Mb)<\/span>\n  <\/a>\n\n\n\n\t\t<\/div>\n\t\t\t\t\t<\/div>\n\n\t\n\n\t<div id=\"col-406690322\" class=\"col medium-4 small-12 large-4\"  >\n\t\t\t\t<div class=\"col-inner\"  >\n\t\t\t\n\t\t\t\n\n\t<div class=\"img has-hover x md-x lg-x y md-y lg-y\" id=\"image_2065265959\">\n\t\t<a class=\"\" href=\"http:\/\/www.montanheiros.com\/wp-content\/uploads\/2023\/02\/AlgarCarvao-nl.pdf\" target=\"_blank\" rel=\"noopener noreferrer\" >\t\t\t\t\t\t<div class=\"img-inner dark\" >\n\t\t\t<img loading=\"lazy\" decoding=\"async\" width=\"383\" height=\"406\" src=\"https:\/\/www.montanheiros.com\/wp-content\/uploads\/2023\/02\/AlgarCarvao-nl1.jpg\" class=\"attachment-large size-large\" alt=\"\" srcset=\"https:\/\/www.montanheiros.com\/wp-content\/uploads\/2023\/02\/AlgarCarvao-nl1.jpg 383w, https:\/\/www.montanheiros.com\/wp-content\/uploads\/2023\/02\/AlgarCarvao-nl1-377x400.jpg 377w\" sizes=\"auto, (max-width: 383px) 100vw, 383px\" \/>\t\t\t\t\t\t\n\t\t\t\t\t<\/div>\n\t\t\t\t\t\t<\/a>\t\t\n<style>\n#image_2065265959 {\n  width: 100%;\n}\n<\/style>\n\t<\/div>\n\t\n\n<a rel=\"noopener noreferrer\" href=\"http:\/\/www.montanheiros.com\/wp-content\/uploads\/2023\/02\/AlgarCarvao-nl.pdf\" target=\"_blank\" class=\"button primary is-gloss box-shadow-2-hover lowercase\"  >\n    <span>PDF (2.9 Mb)<\/span>\n  <\/a>\n\n\n\n\t\t<\/div>\n\t\t\t\t\t<\/div>\n\n\t\n\n\t<div id=\"col-1913632951\" class=\"col medium-4 small-12 large-4\"  >\n\t\t\t\t<div class=\"col-inner\"  >\n\t\t\t\n\t\t\t\n\n\t<div class=\"img has-hover x md-x lg-x y md-y lg-y\" id=\"image_1728209795\">\n\t\t<a class=\"\" href=\"http:\/\/www.montanheiros.com\/wp-content\/uploads\/2023\/02\/AlgarCarvao-pl.pdf\" target=\"_blank\" rel=\"noopener noreferrer\" >\t\t\t\t\t\t<div class=\"img-inner dark\" >\n\t\t\t<img loading=\"lazy\" decoding=\"async\" width=\"383\" height=\"406\" src=\"https:\/\/www.montanheiros.com\/wp-content\/uploads\/2023\/02\/AlgarCarvao-pl1.jpg\" class=\"attachment-large size-large\" alt=\"\" srcset=\"https:\/\/www.montanheiros.com\/wp-content\/uploads\/2023\/02\/AlgarCarvao-pl1.jpg 383w, https:\/\/www.montanheiros.com\/wp-content\/uploads\/2023\/02\/AlgarCarvao-pl1-377x400.jpg 377w\" sizes=\"auto, (max-width: 383px) 100vw, 383px\" \/>\t\t\t\t\t\t\n\t\t\t\t\t<\/div>\n\t\t\t\t\t\t<\/a>\t\t\n<style>\n#image_1728209795 {\n  width: 100%;\n}\n<\/style>\n\t<\/div>\n\t\n\n<a rel=\"noopener noreferrer\" href=\"http:\/\/www.montanheiros.com\/wp-content\/uploads\/2023\/02\/AlgarCarvao-pl.pdf\" target=\"_blank\" class=\"button primary is-gloss box-shadow-2-hover lowercase\"  >\n    <span>PDF (2.9 Mb)<\/span>\n  <\/a>\n\n\n\n\t\t<\/div>\n\t\t\t\t\t<\/div>\n\n\t\n\n<\/div>\n\n","protected":false},"excerpt":{"rendered":"<p>Brochura do Algar do Carv\u00e3o Nesta p\u00e1gina pode descarregar a brochura do Algar do Carv\u00e3o, em formato PDF em diversas l\u00ednguas. PDF (2.9 Mb) PDF (2.9 Mb) PDF (2.9 Mb) PDF (2.9 Mb) PDF (2.9 Mb) PDF (2.9 Mb) PDF (2.9 Mb) PDF (2.9 Mb)<\/p>\n","protected":false},"author":1,"featured_media":0,"parent":1336,"menu_order":0,"comment_status":"closed","ping_status":"closed","template":"","meta":{"jetpack_post_was_ever_published":false,"footnotes":""},"class_list":["post-15220","page","type-page","status-publish","hentry"],"jetpack_sharing_enabled":true,"jetpack_shortlink":"https:\/\/wp.me\/PaT0CI-3Xu","_links":{"self":[{"href":"https:\/\/www.montanheiros.com\/en\/wp-json\/wp\/v2\/pages\/15220","targetHints":{"allow":["GET"]}}],"collection":[{"href":"https:\/\/www.montanheiros.com\/en\/wp-json\/wp\/v2\/pages"}],"about":[{"href":"https:\/\/www.montanheiros.com\/en\/wp-json\/wp\/v2\/types\/page"}],"author":[{"embeddable":true,"href":"https:\/\/www.montanheiros.com\/en\/wp-json\/wp\/v2\/users\/1"}],"replies":[{"embeddable":true,"href":"https:\/\/www.montanheiros.com\/en\/wp-json\/wp\/v2\/comments?post=15220"}],"version-history":[{"count":19,"href":"https:\/\/www.montanheiros.com\/en\/wp-json\/wp\/v2\/pages\/15220\/revisions"}],"predecessor-version":[{"id":15495,"href":"https:\/\/www.montanheiros.com\/en\/wp-json\/wp\/v2\/pages\/15220\/revisions\/15495"}],"up":[{"embeddable":true,"href":"https:\/\/www.montanheiros.com\/en\/wp-json\/wp\/v2\/pages\/1336"}],"wp:attachment":[{"href":"https:\/\/www.montanheiros.com\/en\/wp-json\/wp\/v2\/media?parent=15220"}],"curies":[{"name":"wp","href":"https:\/\/api.w.org\/{rel}","templated":true}]}}