{"id":15359,"date":"2023-03-19T09:35:06","date_gmt":"2023-03-19T09:35:06","guid":{"rendered":"http:\/\/www.montanheiros.com\/?page_id=15359"},"modified":"2026-03-20T09:43:46","modified_gmt":"2026-03-20T09:43:46","slug":"algarcarvao-aberturas-extra","status":"publish","type":"page","link":"https:\/\/www.montanheiros.com\/en\/algarcarvao-aberturas-extra\/","title":{"rendered":"Algar do Carv\u00e3o - extra openings"},"content":{"rendered":" <div class=\"row\"  id=\"row-612892511\"> \n\t<div id=\"col-324315345\" class=\"col small-12 large-12\"  >\n\t\t\t\t<div class=\"col-inner\"  >\n\t\t\t\n\t\t\t \t<section class=\"section has-parallax\" id=\"section_1795558044\">\n\t\t<div class=\"bg section-bg fill bg-fill  \" data-parallax-container=\".section\" data-parallax-background data-parallax=\"-3\">\n\n\t\t\t\n\t\t\t\n\t\t\t\n\n\t\t<\/div>\n\n\t\t\n\n\t\t<div class=\"section-content relative\">\n\t\t\t\t\t<\/div>\n\n\t\t\n<style>\n#section_1795558044 {\n  padding-top: 30px;\n  padding-bottom: 30px;\n  background-color: rgb(193, 193, 193);\n}\n#section_1795558044 .section-bg.bg-loaded {\n  background-image: url(https:\/\/www.montanheiros.com\/wp-content\/uploads\/2022\/04\/DSCF8844-algar-scaled.jpg);\n}\n#section_1795558044 .section-bg {\n  background-position: 100% 0%;\n}\n#section_1795558044 .ux-shape-divider--top svg {\n  height: 150px;\n  --divider-top-width: 100%;\n}\n#section_1795558044 .ux-shape-divider--bottom svg {\n  height: 150px;\n  --divider-width: 100%;\n}\n<\/style>\n\t<\/section>\n\t <div class=\"row row-large align-middle\"  id=\"row-617228371\"><\/div> \n\t<div id=\"col-958646872\" class=\"col medium-11 small-12 large-11\"  >\n\t\t\t\t<div class=\"col-inner\"  >\n\t\t\t\n\t\t\t\t\t<\/div>\n\t\t\t\t\t<\/div>\n\n\t \t<div id=\"text-2517815309\" class=\"text\">\n\t\t\t\t\n<style>\n#text-2517815309 {\n  color: rgb(255, 255, 255);\n}\n#text-2517815309 > * {\n  color: rgb(255, 255, 255);\n}\n<\/style>\n\t<\/div>\n\t\r\n<h1 class=\"alt-font\"><span style=\"color: #ffffff; font-size: 250%;\">Algar do Carv\u00e3o<\/span><\/h1>\r\n<h4 style=\"text-align: center;\" data-start=\"74\" data-end=\"297\"><strong data-start=\"74\" data-end=\"295\">EXTRA OPENINGS&nbsp;<br \/><br \/><\/strong>Exceptional visits are held only during the weekly visiting season, from October 1 to March 31, and are intended for organized groups that are unable to visit the cave on the regular days and schedules during this season.<\/h4>\r\n<ul data-start=\"299\" data-end=\"445\">\r\n<li data-start=\"299\" data-end=\"445\">\r\n<p data-start=\"301\" data-end=\"445\">They can be scheduled only on <strong>Sundays, Mondays, and Thursdays, except on January 1, Carnival Tuesday, December 1, December 24, 25, and 31.<\/strong><\/p>\r\n<\/li>\r\n<\/ul>\r\n<p><span data-text-color=\"alert\"><strong><u>FEES<\/u><\/strong><\/span><\/p>\r\n<p>\u2013 Fee per group (minimum price up to 30 pax): 330,00\u20ac<\/p>\r\n<p>\u2013 Individual fee (groups over 30 pax): 11,00\u20ac<\/p>\r\n<p><span data-text-color=\"alert\"><strong><u>BOOKINGS<\/u><\/strong><\/span><\/p>\r\n<p data-start=\"74\" data-end=\"158\">Monday to Friday (until Friday 3:30 pm), with a minimum 48 hours\u2019 notice<\/p>\r\n<ul data-start=\"160\" data-end=\"624\">\r\n<li data-start=\"160\" data-end=\"266\">\r\n<p data-start=\"162\" data-end=\"266\">The Montanheiros Association is not responsible for organizing groups for extra openings.<\/p>\r\n<\/li>\r\n<li data-start=\"267\" data-end=\"410\">\r\n<p data-start=\"269\" data-end=\"410\">Reservation emails must include the client\u2019s name, phone number, group name\/queue number, number of participants, and the guide\u2019s name.<\/p>\r\n<\/li>\r\n<li data-start=\"411\" data-end=\"460\">\r\n<p data-start=\"413\" data-end=\"460\">Reservations are subject to availability.<\/p>\r\n<\/li>\r\n<li data-start=\"461\" data-end=\"624\">\r\n<p data-start=\"463\" data-end=\"624\">A reservation is only confirmed upon receiving a reply from the Montanheiros Association, which will confirm the extra openning date and time.<\/p>\r\n<\/li>\r\n<\/ul>\r\n<p><span data-text-color=\"alert\"><strong><u>PUNCTUALITY<\/u><\/strong><\/span><\/p>\r\n<p data-start=\"73\" data-end=\"118\">Punctuality is required<\/p>\r\n<ul data-start=\"120\" data-end=\"296\">\r\n<li data-start=\"120\" data-end=\"296\">\r\n<p data-start=\"122\" data-end=\"296\">If the client does not arrive within 15 minutes of the scheduled time for the extra cave opening, the Montanheiros Association reserves the right to cancel the visit.<\/p>\r\n<\/li>\r\n<\/ul>\r\n<p>&nbsp;<\/p>\r\n<p>For bookings contact us by:<\/p>\r\n<p>295 212 992 | 96 1362215<\/p>\r\n<p>E-mail:<\/p>\r\n<p>montanheiros@montanheiros.com<\/p>\r\n<div class=\"social-icons follow-icons\">Algar do Carv\u00e3o | Associa\u00e7\u00e3o Os Montanheiros<i class=\"icon-envelop\"><\/i><\/div>\r\n<p>INFO | VISITATION REQUESTS |&nbsp; AUTHORIZATIONS:<\/p>\r\n<div class=\"social-icons follow-icons\">Associa\u00e7\u00e3o Os Montanheiros<i class=\"icon-envelop\"><\/i><\/div>\r\n<br \/>\r\n<p>E-mail:<\/p>\r\n<p>montanheiros@montanheiros.com<\/p>\r\n<div class=\"social-icons follow-icons\" ><span>Algar do Carv\u00e3o | Montanheiros Association<\/span><a href=\"mailto:algardocarvao@montanheiros.com; montanheiros@montanheiros.com\" data-label=\"E-mail\" rel=\"nofollow\" class=\"icon button circle is-outline  email tooltip\" title=\"Send us an email\" aria-label=\"Send us an email\"><i class=\"icon-envelop\" ><\/i><\/a><\/div>\r\n<p>&nbsp;INFO | VISITATIONS REQUESTS | AUTHORIZATIONS:<\/p>\r\n<div class=\"social-icons follow-icons\" ><span>Montanheiros Association<\/span><a href=\"mailto:montanheiros@montanheiros.com\" data-label=\"E-mail\" rel=\"nofollow\" class=\"icon button circle is-outline  email tooltip\" title=\"Send us an email\" aria-label=\"Send us an email\"><i class=\"icon-envelop\" ><\/i><\/a><\/div> \t\t<\/div>\n\t\t\t\t\t<\/div>\n\n\t <\/div> <div class=\"is-divider divider clearfix\" style=\"max-width:100%;height:1px;\"><\/div> ","protected":false},"excerpt":{"rendered":"<p>Algar do Carv\u00e3o EXTRA OPENINGS&nbsp; Exceptional visits are held only during the weekly visiting season, from October 1 to March 31, and are intended for organized groups that are unable to visit the cave on the regular days and schedules during this season. They can be scheduled only on Sundays, Mondays, and Thursdays, except on [&#8230;]\n","protected":false},"author":1,"featured_media":0,"parent":0,"menu_order":0,"comment_status":"closed","ping_status":"closed","template":"","meta":{"jetpack_post_was_ever_published":false,"footnotes":""},"class_list":["post-15359","page","type-page","status-publish","hentry"],"jetpack_sharing_enabled":true,"jetpack_shortlink":"https:\/\/wp.me\/PaT0CI-3ZJ","_links":{"self":[{"href":"https:\/\/www.montanheiros.com\/en\/wp-json\/wp\/v2\/pages\/15359","targetHints":{"allow":["GET"]}}],"collection":[{"href":"https:\/\/www.montanheiros.com\/en\/wp-json\/wp\/v2\/pages"}],"about":[{"href":"https:\/\/www.montanheiros.com\/en\/wp-json\/wp\/v2\/types\/page"}],"author":[{"embeddable":true,"href":"https:\/\/www.montanheiros.com\/en\/wp-json\/wp\/v2\/users\/1"}],"replies":[{"embeddable":true,"href":"https:\/\/www.montanheiros.com\/en\/wp-json\/wp\/v2\/comments?post=15359"}],"version-history":[{"count":16,"href":"https:\/\/www.montanheiros.com\/en\/wp-json\/wp\/v2\/pages\/15359\/revisions"}],"predecessor-version":[{"id":18204,"href":"https:\/\/www.montanheiros.com\/en\/wp-json\/wp\/v2\/pages\/15359\/revisions\/18204"}],"wp:attachment":[{"href":"https:\/\/www.montanheiros.com\/en\/wp-json\/wp\/v2\/media?parent=15359"}],"curies":[{"name":"wp","href":"https:\/\/api.w.org\/{rel}","templated":true}]}}