{"id":15545,"date":"2023-05-08T09:41:15","date_gmt":"2023-05-08T09:41:15","guid":{"rendered":"http:\/\/www.montanheiros.com\/?page_id=15545"},"modified":"2026-03-03T14:44:25","modified_gmt":"2026-03-03T14:44:25","slug":"faq-museu","status":"publish","type":"page","link":"https:\/\/www.montanheiros.com\/en\/faq-museu\/","title":{"rendered":"FAQ Museum"},"content":{"rendered":"\r\n<p class=\"alt-font\"><span style=\"font-size: 300%; color: #000000;\">Frequently Asked Questions&nbsp; &nbsp;<\/span><\/p>\r\n<p><em><strong>The Algar do Carv\u00e3o, Gruta do Natal and Volcano speleological Museum management is the sole responsability of the Associa\u00e7\u00e3o Os Montanheiros.&nbsp; <\/strong><\/em><em><strong>The visitation regulations are implemented only by Associa\u00e7\u00e3o Os Montanheiros.<\/strong><\/em><\/p>\r\n<div class=\"text-center\"><div class=\"is-divider divider clearfix\" style=\"max-width:300px;\"><\/div><\/div> <div class=\"row\"  id=\"row-808149234\"> \n\t<div id=\"col-625454282\" class=\"col medium-11 small-12 large-11\"  >\n\t\t\t\t<div class=\"col-inner\"  >\n\t\t\t\n\t\t\t\r\n<h3 class=\"uppercase\" style=\"text-align: center;\"><span style=\"font-size: 120%; color: #282828;\"><strong>Visits to the Volcanospeleological Museum<\/strong><\/span><\/h3>\r\n<p style=\"text-align: center;\"><span style=\"color: #282828; font-size: 120%;\"><strong><em>&nbsp;<\/em><\/strong><\/span><\/p>\r\n<p><span style=\"font-size: 105%; color: #800000;\"><strong>Where is it located?<\/strong><\/span><\/p>\r\n<p data-start=\"73\" data-end=\"259\">The Volcanopeleological Museum is located on the ground floor of the&nbsp; Montanheiros Association headquarters, at Rocha Street No. 8, in the historic center of Angra do Hero\u00edsmo.<\/p>\r\n<p data-start=\"261\" data-end=\"467\" data-is-last-node=\"\" data-is-only-node=\"\">It is the most prominent building on&nbsp; Rocha Street, facing the Bay of Angra, due to its distinctive architecture and the bat featured on its fa\u00e7ade, which is part of the Montanheiros Association logo<\/p>\r\n<p>&nbsp;<\/p>\r\n<p><span style=\"font-size: 105%; color: #800000;\"><strong>2. How much is the ticket?<\/strong><\/span><\/p>\r\n<p>Visits to the museum are free; however, donations are welcome and greatly appreciated.<\/p>\r\n<p>&nbsp;<\/p>\r\n<p><span style=\"color: #800000;\"><strong><span style=\"font-size: 105%;\">3. Are there guided visits to the museum?<\/span><\/strong><\/span><\/p>\r\n<p>Before starting the visit, visitors receive a brief orientation and introductory information, after which they can explore the museum independently and at their own pace. Guided tours are available by prior appointment, especially for study visits.<\/p>\r\n<p>&nbsp;<\/p>\r\n<p><span style=\"font-size: 105%; color: #800000;\"><strong>4. Is the museum accessible to everybody?<\/strong><\/span><\/p>\r\n<p data-start=\"73\" data-end=\"266\">The Museum is located on the ground floor. There is a small step at the entrance of the Montanheiros Association headquarters. Access to the Museum is possible via a ramp or two steps.<\/p>\r\n<p data-start=\"268\" data-end=\"371\" data-is-last-node=\"\" data-is-only-node=\"\">The newest area of the Museum currently has two steps, with a ramp planned for future installation.<\/p>\r\n<p>&nbsp;<\/p>\r\n<p><span style=\"font-size: 105%; color: #800000;\"><strong>5. Are photographs and videos permitted?<\/strong><\/span><\/p>\r\n<p data-start=\"73\" data-end=\"220\">Photography and video recording of the exhibition are allowed. However, capturing images of staff members or other visitors is not permitted.<\/p>\r\n<p data-start=\"222\" data-end=\"312\" data-is-last-node=\"\" data-is-only-node=\"\">Please respect the privacy of others and ensure your own privacy is respected as well.<\/p>\r\n<p>&nbsp;<\/p>\r\n\t\t<\/div>\n\t\t\t\t\t<\/div>\n\n\t <\/div> ","protected":false},"excerpt":{"rendered":"<p>Frequently Asked Questions&nbsp; &nbsp; The Algar do Carv\u00e3o, Gruta do Natal and Volcano speleological Museum management is the sole responsability of the Associa\u00e7\u00e3o Os Montanheiros.&nbsp; The visitation regulations are implemented only by Associa\u00e7\u00e3o Os Montanheiros. Visits to the Volcanospeleological Museum &nbsp; Where is it located? The Volcanopeleological Museum is located on the ground floor of [&#8230;]\n","protected":false},"author":1,"featured_media":0,"parent":0,"menu_order":0,"comment_status":"closed","ping_status":"closed","template":"","meta":{"jetpack_post_was_ever_published":false,"footnotes":""},"class_list":["post-15545","page","type-page","status-publish","hentry"],"jetpack_sharing_enabled":true,"jetpack_shortlink":"https:\/\/wp.me\/PaT0CI-42J","_links":{"self":[{"href":"https:\/\/www.montanheiros.com\/en\/wp-json\/wp\/v2\/pages\/15545","targetHints":{"allow":["GET"]}}],"collection":[{"href":"https:\/\/www.montanheiros.com\/en\/wp-json\/wp\/v2\/pages"}],"about":[{"href":"https:\/\/www.montanheiros.com\/en\/wp-json\/wp\/v2\/types\/page"}],"author":[{"embeddable":true,"href":"https:\/\/www.montanheiros.com\/en\/wp-json\/wp\/v2\/users\/1"}],"replies":[{"embeddable":true,"href":"https:\/\/www.montanheiros.com\/en\/wp-json\/wp\/v2\/comments?post=15545"}],"version-history":[{"count":6,"href":"https:\/\/www.montanheiros.com\/en\/wp-json\/wp\/v2\/pages\/15545\/revisions"}],"predecessor-version":[{"id":18193,"href":"https:\/\/www.montanheiros.com\/en\/wp-json\/wp\/v2\/pages\/15545\/revisions\/18193"}],"wp:attachment":[{"href":"https:\/\/www.montanheiros.com\/en\/wp-json\/wp\/v2\/media?parent=15545"}],"curies":[{"name":"wp","href":"https:\/\/api.w.org\/{rel}","templated":true}]}}