{"id":15833,"date":"2023-07-27T08:25:48","date_gmt":"2023-07-27T08:25:48","guid":{"rendered":"http:\/\/www.montanheiros.com\/?page_id=15833"},"modified":"2023-12-11T22:02:26","modified_gmt":"2023-12-11T22:02:26","slug":"cam-advisor-team","status":"publish","type":"page","link":"https:\/\/www.montanheiros.com\/en\/camoesproject\/cam-advisor-team\/","title":{"rendered":"CAM-advisor-team"},"content":{"rendered":"\n\n  <div class=\"banner has-hover has-parallax\" id=\"banner-63551575\">\n          <div class=\"banner-inner fill\">\n        <div class=\"banner-bg fill\" data-parallax=\"-3\" data-parallax-container=\".banner\" data-parallax-background>\n            <div class=\"bg fill bg-fill \"><\/div>\n                                    \n                    <\/div>\n\t\t\n        <div class=\"banner-layers container\">\n            <div class=\"fill banner-link\"><\/div>            \n\n   <div id=\"text-box-1819574078\" class=\"text-box banner-layer x50 md-x0 lg-x0 y50 md-y5 lg-y5 res-text\">\n                     <div data-animate=\"fadeInLeft\">           <div class=\"text-box-content text dark\">\n              \n              <div class=\"text-inner text-center\">\n                  \n\n\t<div id=\"text-3379319264\" class=\"text\">\n\t\t\n\n<h1 class=\"thin-font\"><span class=\"fancy-underline\" style=\"font-size: 80%;\">Azores CAM\u00f5es<\/span><\/h1>\n\t\t\n<style>\n#text-3379319264 {\n  text-align: center;\n}\n<\/style>\n\t<\/div>\n\t\n\n              <\/div>\n           <\/div>\n       <\/div>                     \n<style>\n#text-box-1819574078 {\n  width: 80%;\n}\n#text-box-1819574078 .text-box-content {\n  font-size: 100%;\n}\n@media (min-width:550px) {\n  #text-box-1819574078 {\n    width: 34%;\n  }\n}\n<\/style>\n    <\/div>\n \n\n        <\/div>\n      <\/div>\n\n            \n<style>\n#banner-63551575 {\n  padding-top: 120px;\n}\n#banner-63551575 .bg.bg-loaded {\n  background-image: url(https:\/\/www.montanheiros.com\/wp-content\/uploads\/2023\/07\/2023_06_17_Azores_Cave_14.jpg);\n}\n#banner-63551575 .overlay {\n  background-color: rgba(0, 0, 0, 0.3);\n}\n#banner-63551575 .bg {\n  background-position: 35% 23%;\n}\n#banner-63551575 .ux-shape-divider--top svg {\n  height: 150px;\n  --divider-top-width: 100%;\n}\n#banner-63551575 .ux-shape-divider--bottom svg {\n  height: 150px;\n  --divider-width: 100%;\n}\n<\/style>\n  <\/div>\n\n\n<div class=\"row row-collapse row-full-width\"  id=\"row-2013533988\">\n\n\n\t<div id=\"col-2124834499\" class=\"col small-12 large-12\"  >\n\t\t\t\t<div class=\"col-inner text-left\" style=\"background-color:rgba(139, 175, 225, 0.506);\" >\n\t\t\t\n\t\t\t\n\n<a href=\"https:\/\/www.montanheiros.com\/camoesproject\" target=\"_self\" class=\"button primary is-outline\"  style=\"border-radius:99px;\">\n    <span>home<\/span>\n  <\/a>\n\n\n<a href=\"https:\/\/www.montanheiros.com\/camoesproject\/cam-core-team\" target=\"_self\" class=\"button primary is-outline\"  style=\"border-radius:99px;\">\n    <span>Core Team<\/span>\n  <\/a>\n\n\n<a href=\"https:\/\/www.montanheiros.com\/camoesproject\/cam-science-team\" target=\"_self\" class=\"button primary is-outline\"  style=\"border-radius:99px;\">\n    <span>Science Commission<\/span>\n  <\/a>\n\n\n<a href=\"https:\/\/www.montanheiros.com\/camoesproject\/cam-advisor-team\" target=\"_self\" class=\"button primary is-outline\"  style=\"border-radius:99px;\">\n    <span>Advisory Team<\/span>\n  <\/a>\n\n\n<a href=\"https:\/\/www.montanheiros.com\/camoesproject\/CAM-film-Crew\/\" target=\"_self\" class=\"button primary is-outline\"  style=\"border-radius:99px;\">\n    <span>Film Crew<\/span>\n  <\/a>\n\n\n\n\t\t<\/div>\n\t\t\t\t\n<style>\n#col-2124834499 > .col-inner {\n  padding: 15px 5px 2px 15px;\n  margin: 0px 0px 0px 0px;\n  border-radius: 4px;\n}\n<\/style>\n\t<\/div>\n\n\t\n\n<\/div>\n\n  <div class=\"banner has-hover has-parallax\" id=\"banner-1388704728\">\n          <div class=\"banner-inner fill\">\n        <div class=\"banner-bg fill\" data-parallax=\"-3\" data-parallax-container=\".banner\" data-parallax-background>\n            <div class=\"bg fill bg-fill \"><\/div>\n                        <div class=\"overlay\"><\/div>            \n                    <\/div>\n\t\t\n        <div class=\"banner-layers container\">\n            <div class=\"fill banner-link\"><\/div>            \n\n   <div id=\"text-box-1858944126\" class=\"text-box banner-layer x50 md-x50 lg-x50 y50 md-y0 lg-y0 res-text\">\n                                <div class=\"text-box-content text dark\">\n              \n              <div class=\"text-inner text-center\">\n                  \n\n\t<div id=\"text-1969979193\" class=\"text\">\n\t\t\n\n<h6 align=\"center\">\u00a0<\/h6>\n<h2 class=\"thin-font\" align=\"center\">CAM\u00f5es Advisory Team<\/h2>\n<h6>\u00a0<\/h6>\n\t\t\n<style>\n#text-1969979193 {\n  color: rgb(255,255,255);\n}\n#text-1969979193 > * {\n  color: rgb(255,255,255);\n}\n<\/style>\n\t<\/div>\n\t\n<div class=\"row\"  id=\"row-1531704457\">\n\n\n\t<div id=\"col-1138273152\" class=\"col medium-4 small-12 large-4\"  >\n\t\t\t\t<div class=\"col-inner\"  >\n\t\t\t\n\t\t\t\n\n\t<div class=\"box has-hover   has-hover box-text-bottom\" >\n\n\t\t<div class=\"box-image\" style=\"border-radius:100%;width:40%;\">\n\t\t\t\t\t\t<div class=\"\" >\n\t\t\t\t<img loading=\"lazy\" decoding=\"async\" width=\"350\" height=\"350\" src=\"https:\/\/www.montanheiros.com\/wp-content\/uploads\/2023\/07\/CAMoes_Advisor_Fernando_Pereira.jpg\" class=\"attachment- size-\" alt=\"\" srcset=\"https:\/\/www.montanheiros.com\/wp-content\/uploads\/2023\/07\/CAMoes_Advisor_Fernando_Pereira.jpg 350w, https:\/\/www.montanheiros.com\/wp-content\/uploads\/2023\/07\/CAMoes_Advisor_Fernando_Pereira-280x280.jpg 280w, https:\/\/www.montanheiros.com\/wp-content\/uploads\/2023\/07\/CAMoes_Advisor_Fernando_Pereira-300x300.jpg 300w, https:\/\/www.montanheiros.com\/wp-content\/uploads\/2023\/07\/CAMoes_Advisor_Fernando_Pereira-100x100.jpg 100w\" sizes=\"auto, (max-width: 350px) 100vw, 350px\" \/>\t\t\t\t\t\t\t\t\t\t\t<\/div>\n\t\t\t\t\t<\/div>\n\n\t\t<div class=\"box-text text-center\" >\n\t\t\t<div class=\"box-text-inner\">\n\t\t\t\t\n\n\t<div id=\"text-2887353686\" class=\"text\">\n\t\t\n\n<h4 style=\"text-align: center;\"><a href=\"https:\/\/gba.uac.pt\/member\/fernando-pereira\" target=\"_blank\" rel=\"noopener\">Fernando Pereira<\/a><\/h4>\n<p style=\"text-align: center;\" align=\"left\">University of the Azores Department<br \/>of Agrarian Sciences<\/p>\n<p style=\"text-align: center;\" align=\"left\">Fernando is a field technician at the University of the Azores Department of Agrarian Sciences and one of the most active members of the Speleological Association &#8220;Os Montanheiros&#8221;. With many years of experience dedicated to exploring the natural areas of the Azores, in particular its caves, he is one of the most knowledgeable naturalists of the underground of the Azores.<\/p>\n<p style=\"text-align: center;\">\u00a0<\/p>\n\t\t\n<style>\n#text-2887353686 {\n  text-align: center;\n}\n<\/style>\n\t<\/div>\n\t\n\n\t\t\t<\/div>\n\t\t<\/div>\n\t<\/div>\n\t\n\n\t\t<\/div>\n\t\t\t\t\t<\/div>\n\n\t\n\n\t<div id=\"col-97252033\" class=\"col medium-4 small-12 large-4\"  >\n\t\t\t\t<div class=\"col-inner\"  >\n\t\t\t\n\t\t\t\n\n\t<div class=\"box has-hover   has-hover box-text-bottom\" >\n\n\t\t<div class=\"box-image\" style=\"border-radius:100%;width:40%;\">\n\t\t\t\t\t\t<div class=\"\" >\n\t\t\t\t<img loading=\"lazy\" decoding=\"async\" width=\"350\" height=\"350\" src=\"https:\/\/www.montanheiros.com\/wp-content\/uploads\/2023\/07\/CAMoes_Advisor_Isabel_Amorim_do_Rosario.jpg\" class=\"attachment- size-\" alt=\"\" srcset=\"https:\/\/www.montanheiros.com\/wp-content\/uploads\/2023\/07\/CAMoes_Advisor_Isabel_Amorim_do_Rosario.jpg 350w, https:\/\/www.montanheiros.com\/wp-content\/uploads\/2023\/07\/CAMoes_Advisor_Isabel_Amorim_do_Rosario-280x280.jpg 280w, https:\/\/www.montanheiros.com\/wp-content\/uploads\/2023\/07\/CAMoes_Advisor_Isabel_Amorim_do_Rosario-300x300.jpg 300w, https:\/\/www.montanheiros.com\/wp-content\/uploads\/2023\/07\/CAMoes_Advisor_Isabel_Amorim_do_Rosario-100x100.jpg 100w\" sizes=\"auto, (max-width: 350px) 100vw, 350px\" \/>\t\t\t\t\t\t\t\t\t\t\t<\/div>\n\t\t\t\t\t<\/div>\n\n\t\t<div class=\"box-text text-center\" >\n\t\t\t<div class=\"box-text-inner\">\n\t\t\t\t\n\n<h4 style=\"text-align: center;\"><a href=\"https:\/\/www.linkedin.com\/in\/isabel-amorim-do-ros%C3%A1rio-7544909\/\" target=\"_blank\" rel=\"noopener\">Isabel Maria Amorim do Ros\u00e1rio<\/a><\/h4>\n<p style=\"text-align: center;\" align=\"left\">Centre for Ecology, Evolution and Environmental Changes &amp; CHANGE &#8211; Global Change and Sustainability Institute \/ Azorean Biodiversity Group and Universidade dos A\u00e7ores<\/p>\n<p style=\"text-align: center;\" align=\"left\">Isabel obtained a degree in Biology (Licenciatura in Biologia, Zoology) in 1994 at the Faculdade de Ci\u00eancias da Universidade de Lisboa, and obtained the degrees of Candidate in Philosophy &#8211; Biology and Doctor of Philosophy in Biology at the University of California, Los Angeles. She is a researcher at the University of the Azores at Angra do Hero\u00edsmo, a member of &#8220;IUCN Mid-Atlantic Island Invertebrates Specialist Group&#8221; and a co-organizer of the annual science communication event &#8220;Fala Ci\u00eancia? Comunicar Ci\u00eancia nos A\u00e7ores&#8221;. Her research focuses on the areas of evolutionary biology, speciation, phylogeography, phylogenetics, molecular systematics, molecular ecology, biodiversity conservation and subterranean biology.<\/p>\n\n\t\t\t<\/div>\n\t\t<\/div>\n\t<\/div>\n\t\n\n\t\t<\/div>\n\t\t\t\t\t<\/div>\n\n\t\n\n\t<div id=\"col-6716654\" class=\"col medium-4 small-12 large-4\"  >\n\t\t\t\t<div class=\"col-inner\"  >\n\t\t\t\n\t\t\t\n\n\t<div class=\"box has-hover   has-hover box-text-bottom\" >\n\n\t\t<div class=\"box-image\" style=\"border-radius:100%;width:40%;\">\n\t\t\t\t\t\t<div class=\"\" >\n\t\t\t\t<img loading=\"lazy\" decoding=\"async\" width=\"350\" height=\"350\" src=\"https:\/\/www.montanheiros.com\/wp-content\/uploads\/2023\/09\/AndreDias.jpg\" class=\"attachment- size-\" alt=\"\" srcset=\"https:\/\/www.montanheiros.com\/wp-content\/uploads\/2023\/09\/AndreDias.jpg 350w, https:\/\/www.montanheiros.com\/wp-content\/uploads\/2023\/09\/AndreDias-280x280.jpg 280w, https:\/\/www.montanheiros.com\/wp-content\/uploads\/2023\/09\/AndreDias-300x300.jpg 300w, https:\/\/www.montanheiros.com\/wp-content\/uploads\/2023\/09\/AndreDias-100x100.jpg 100w\" sizes=\"auto, (max-width: 350px) 100vw, 350px\" \/>\t\t\t\t\t\t\t\t\t\t\t<\/div>\n\t\t\t\t\t<\/div>\n\n\t\t<div class=\"box-text text-center\" >\n\t\t\t<div class=\"box-text-inner\">\n\t\t\t\t\n\n<h4 style=\"text-align: center;\"><a href=\"https:\/\/www.linkedin.com\/in\/isabel-amorim-do-ros%C3%A1rio-7544909\/\" target=\"_blank\" rel=\"noopener\">Andr\u00e9 Dias<\/a><\/h4>\n<p>Andr\u00e9 Dias holds an MSc and Ph.D. in Electrical Engineering from the Instituto Superior T\u00e9cnico of the University of Lisbon in Portugal. He is an Assistant Professor at the Instituto Superior de Engenharia of Porto (ISEP) and a Senior Researcher at the Centre for Robotics and Autonomous Systems at INESC TEC. Andr\u00e9 Dias has over 50 publications in field robotics and participates as a researcher or coordinator in several European and national robotic projects. His current research interest includes the development of perception, control, and navigation methods for autonomous aerial vehicles.<\/p>\n\n\t\t\t<\/div>\n\t\t<\/div>\n\t<\/div>\n\t\n\n\t\t<\/div>\n\t\t\t\t\t<\/div>\n\n\t\n\n<\/div>\n<div class=\"row\"  id=\"row-1253256174\">\n\n\n\t<div id=\"col-247485512\" class=\"col medium-4 small-12 large-4\"  >\n\t\t\t\t<div class=\"col-inner\"  >\n\t\t\t\n\t\t\t\n\n\t<div class=\"box has-hover   has-hover box-text-bottom\" >\n\n\t\t<div class=\"box-image\" style=\"border-radius:100%;width:40%;\">\n\t\t\t\t\t\t<div class=\"\" >\n\t\t\t\t<img loading=\"lazy\" decoding=\"async\" width=\"350\" height=\"350\" src=\"https:\/\/www.montanheiros.com\/wp-content\/uploads\/2023\/09\/Joao_lousada.jpg\" class=\"attachment- size-\" alt=\"\" srcset=\"https:\/\/www.montanheiros.com\/wp-content\/uploads\/2023\/09\/Joao_lousada.jpg 350w, https:\/\/www.montanheiros.com\/wp-content\/uploads\/2023\/09\/Joao_lousada-280x280.jpg 280w, https:\/\/www.montanheiros.com\/wp-content\/uploads\/2023\/09\/Joao_lousada-300x300.jpg 300w, https:\/\/www.montanheiros.com\/wp-content\/uploads\/2023\/09\/Joao_lousada-100x100.jpg 100w\" sizes=\"auto, (max-width: 350px) 100vw, 350px\" \/>\t\t\t\t\t\t\t\t\t\t\t<\/div>\n\t\t\t\t\t<\/div>\n\n\t\t<div class=\"box-text text-center\" >\n\t\t\t<div class=\"box-text-inner\">\n\t\t\t\t\n\n<h4 style=\"text-align: center;\"><a href=\"https:\/\/www.linkedin.com\/in\/joaolousada\/\" target=\"_blank\" rel=\"noopener\">Jo\u00e3o Lousada<\/a><\/h4>\n<p style=\"text-align: center;\">International Space Station European Columbus laboratory\u00a0\u00a0<\/p>\n<p style=\"text-align: center;\">Jo\u00e3o Lousada earned his Master\u2019s degree in aerospace engineering at the Instituto Superior T\u00e9cnico, in Lisbon. He is currently a Flight Director for the ISS Columbus project and as such has led several ESA missions and projects, in particular the Alpha mission of Thomas Pesquet, in 2021 and the Minerva mission of Samantha Cristoforetti, in 2022. He has participated in several analog expeditions, in varied environments such as glaciers and deserts, with the latest mission being the AMADEE-20 mission, with the Austrian Space Forum (OeWF), where he served as crew commander. He is a certified private pilot, skydiver and master SCUBA diver.<\/p>\n\n\t\t\t<\/div>\n\t\t<\/div>\n\t<\/div>\n\t\n\n\t\t<\/div>\n\t\t\t\t\t<\/div>\n\n\t\n\n\t<div id=\"col-284860518\" class=\"col medium-4 small-12 large-4\"  >\n\t\t\t\t<div class=\"col-inner\"  >\n\t\t\t\n\t\t\t\n\n\t<div class=\"box has-hover   has-hover box-text-bottom\" >\n\n\t\t<div class=\"box-image\" style=\"border-radius:100%;width:40%;\">\n\t\t\t\t\t\t<div class=\"\" >\n\t\t\t\t<img loading=\"lazy\" decoding=\"async\" width=\"350\" height=\"350\" src=\"https:\/\/www.montanheiros.com\/wp-content\/uploads\/2023\/09\/Foto-Ana-Malheiro.jpg\" class=\"attachment- size-\" alt=\"\" \/>\t\t\t\t\t\t\t\t\t\t\t<\/div>\n\t\t\t\t\t<\/div>\n\n\t\t<div class=\"box-text text-center\" >\n\t\t\t<div class=\"box-text-inner\">\n\t\t\t\t\n\n<h4 style=\"text-align: center;\"><a href=\"https:\/\/www.linkedin.com\/in\/joaolousada\/\" target=\"_blank\" rel=\"noopener\">Ana Maria Mota de Albergaria Pacheco Malheiro<\/a><\/h4>\n<p>Regional Laboratory of Civil Engineering in the Azores, Geotechnical and Prospection Department<\/p>\n<p>Ana Malheiro is the Director of Services of the Geotechnical and Prospection Department at the Regional Laboratory of Civil Engineering in the Azores. She is a geologist with over 39 years of experience in practice and research in Engineering Geology, Geotechnics and Geological Risks. She studied Geology at the University of Lisbon (Sciences Faculty) and received her Master Degree at the University of Azores in Volcanology and Geological Risks. Since 1984 she has served in the Regional Laboratory of Civil Engineering where she is responsible for the areas of geology of engineering, geological prospection, geotechnics and geological risks. She was Chief of the Division of Ports from may 1995 to may 1998.<\/p>\n\n\t\t\t<\/div>\n\t\t<\/div>\n\t<\/div>\n\t\n\n\t\t<\/div>\n\t\t\t\t\t<\/div>\n\n\t\n\n<\/div>\n\n              <\/div>\n           <\/div>\n                            \n<style>\n#text-box-1858944126 {\n  width: 82%;\n}\n#text-box-1858944126 .text-box-content {\n  font-size: 100%;\n}\n@media (min-width:550px) {\n  #text-box-1858944126 {\n    width: 97%;\n  }\n}\n<\/style>\n    <\/div>\n \n\n        <\/div>\n      <\/div>\n\n            \n<style>\n#banner-1388704728 {\n  padding-top: 1700px;\n}\n#banner-1388704728 .bg.bg-loaded {\n  background-image: url(https:\/\/www.montanheiros.com\/wp-content\/uploads\/2023\/07\/2023_06_17_Azores_Cave_14.jpg);\n}\n#banner-1388704728 .overlay {\n  background-color: rgba(0,0,0,.5);\n}\n#banner-1388704728 .bg {\n  background-position: 18% 0%;\n}\n#banner-1388704728 .ux-shape-divider--top svg {\n  height: 150px;\n  --divider-top-width: 100%;\n}\n#banner-1388704728 .ux-shape-divider--bottom svg {\n  height: 150px;\n  --divider-width: 100%;\n}\n<\/style>\n  <\/div>\n\n\n\n","protected":false},"excerpt":{"rendered":"<p>Azores CAM\u00f5es home Core Team Science Commission Advisory Team Film Crew \u00a0 CAM\u00f5es Advisory Team \u00a0 Fernando Pereira University of the Azores Departmentof Agrarian Sciences Fernando is a field technician at the University of the Azores Department of Agrarian Sciences and one of the most active members of the Speleological Association &#8220;Os Montanheiros&#8221;. With many [&#8230;]\n","protected":false},"author":1,"featured_media":15739,"parent":15715,"menu_order":0,"comment_status":"closed","ping_status":"closed","template":"page-blank-landingpage.php","meta":{"jetpack_post_was_ever_published":false,"footnotes":""},"class_list":["post-15833","page","type-page","status-publish","has-post-thumbnail","hentry"],"jetpack_sharing_enabled":true,"jetpack_shortlink":"https:\/\/wp.me\/PaT0CI-47n","_links":{"self":[{"href":"https:\/\/www.montanheiros.com\/en\/wp-json\/wp\/v2\/pages\/15833","targetHints":{"allow":["GET"]}}],"collection":[{"href":"https:\/\/www.montanheiros.com\/en\/wp-json\/wp\/v2\/pages"}],"about":[{"href":"https:\/\/www.montanheiros.com\/en\/wp-json\/wp\/v2\/types\/page"}],"author":[{"embeddable":true,"href":"https:\/\/www.montanheiros.com\/en\/wp-json\/wp\/v2\/users\/1"}],"replies":[{"embeddable":true,"href":"https:\/\/www.montanheiros.com\/en\/wp-json\/wp\/v2\/comments?post=15833"}],"version-history":[{"count":9,"href":"https:\/\/www.montanheiros.com\/en\/wp-json\/wp\/v2\/pages\/15833\/revisions"}],"predecessor-version":[{"id":16328,"href":"https:\/\/www.montanheiros.com\/en\/wp-json\/wp\/v2\/pages\/15833\/revisions\/16328"}],"up":[{"embeddable":true,"href":"https:\/\/www.montanheiros.com\/en\/wp-json\/wp\/v2\/pages\/15715"}],"wp:featuredmedia":[{"embeddable":true,"href":"https:\/\/www.montanheiros.com\/en\/wp-json\/wp\/v2\/media\/15739"}],"wp:attachment":[{"href":"https:\/\/www.montanheiros.com\/en\/wp-json\/wp\/v2\/media?parent=15833"}],"curies":[{"name":"wp","href":"https:\/\/api.w.org\/{rel}","templated":true}]}}