{"id":15864,"date":"2023-07-27T11:21:35","date_gmt":"2023-07-27T11:21:35","guid":{"rendered":"http:\/\/www.montanheiros.com\/?page_id=15864"},"modified":"2024-01-02T11:00:36","modified_gmt":"2024-01-02T11:00:36","slug":"cam-conf-publi","status":"publish","type":"page","link":"https:\/\/www.montanheiros.com\/en\/camoesproject\/cam-conf-publi\/","title":{"rendered":"CAM-Conferences-Publications"},"content":{"rendered":"\n\n  <div class=\"banner has-hover has-parallax\" id=\"banner-1340040272\">\n          <div class=\"banner-inner fill\">\n        <div class=\"banner-bg fill\" data-parallax=\"-3\" data-parallax-container=\".banner\" data-parallax-background>\n            <div class=\"bg fill bg-fill \"><\/div>\n                                    \n                    <\/div>\n\t\t\n        <div class=\"banner-layers container\">\n            <div class=\"fill banner-link\"><\/div>            \n\n   <div id=\"text-box-494446573\" class=\"text-box banner-layer x50 md-x0 lg-x0 y50 md-y5 lg-y5 res-text\">\n                     <div data-animate=\"fadeInLeft\">           <div class=\"text-box-content text dark\">\n              \n              <div class=\"text-inner text-center\">\n                  \n\n\t<div id=\"text-3634870835\" class=\"text\">\n\t\t\n\n<h1 class=\"thin-font\"><span class=\"fancy-underline\" style=\"font-size: 80%;\">Azores CAM\u00f5es<\/span><\/h1>\n\t\t\n<style>\n#text-3634870835 {\n  text-align: center;\n}\n<\/style>\n\t<\/div>\n\t\n\n              <\/div>\n           <\/div>\n       <\/div>                     \n<style>\n#text-box-494446573 {\n  width: 80%;\n}\n#text-box-494446573 .text-box-content {\n  font-size: 100%;\n}\n@media (min-width:550px) {\n  #text-box-494446573 {\n    width: 34%;\n  }\n}\n<\/style>\n    <\/div>\n \n\n        <\/div>\n      <\/div>\n\n            \n<style>\n#banner-1340040272 {\n  padding-top: 120px;\n}\n#banner-1340040272 .bg.bg-loaded {\n  background-image: url(https:\/\/www.montanheiros.com\/wp-content\/uploads\/2023\/07\/2023_06_17_Azores_Cave_14.jpg);\n}\n#banner-1340040272 .overlay {\n  background-color: rgba(0, 0, 0, 0.3);\n}\n#banner-1340040272 .bg {\n  background-position: 35% 23%;\n}\n#banner-1340040272 .ux-shape-divider--top svg {\n  height: 150px;\n  --divider-top-width: 100%;\n}\n#banner-1340040272 .ux-shape-divider--bottom svg {\n  height: 150px;\n  --divider-width: 100%;\n}\n<\/style>\n  <\/div>\n\n\n<div class=\"row row-collapse row-full-width\"  id=\"row-993681951\">\n\n\n\t<div id=\"col-1716530844\" class=\"col small-12 large-12\"  >\n\t\t\t\t<div class=\"col-inner text-left\" style=\"background-color:rgba(139, 175, 225, 0.506);\" >\n\t\t\t\n\t\t\t\n\n<a href=\"https:\/\/www.montanheiros.com\/camoesproject\" target=\"_self\" class=\"button primary is-outline\"  style=\"border-radius:99px;\">\n    <span>home<\/span>\n  <\/a>\n\n\n\n\t\t<\/div>\n\t\t\t\t\n<style>\n#col-1716530844 > .col-inner {\n  padding: 15px 5px 2px 15px;\n  margin: 0px 0px 0px 0px;\n  border-radius: 4px;\n}\n<\/style>\n\t<\/div>\n\n\t\n\n<\/div>\n\n  <div class=\"banner has-hover has-parallax\" id=\"banner-2068547597\">\n          <div class=\"banner-inner fill\">\n        <div class=\"banner-bg fill\" data-parallax=\"-3\" data-parallax-container=\".banner\" data-parallax-background>\n            <div class=\"bg fill bg-fill \"><\/div>\n                        <div class=\"overlay\"><\/div>            \n                    <\/div>\n\t\t\n        <div class=\"banner-layers container\">\n            <div class=\"fill banner-link\"><\/div>            \n\n   <div id=\"text-box-255760295\" class=\"text-box banner-layer x50 md-x50 lg-x50 y50 md-y0 lg-y0 res-text\">\n                                <div class=\"text-box-content text dark\">\n              \n              <div class=\"text-inner text-center\">\n                  \n\n\t<div id=\"text-2917481285\" class=\"text\">\n\t\t\n\n<h6 align=\"center\">\u00a0<\/h6>\n<h3>Conferences and Science Publications<\/h3>\n<h6>\u00a0<\/h6>\n\t\t\n<style>\n#text-2917481285 {\n  color: rgb(255,255,255);\n}\n#text-2917481285 > * {\n  color: rgb(255,255,255);\n}\n<\/style>\n\t<\/div>\n\t\n<div class=\"row row-dashed\"  id=\"row-136405080\">\n\n\n\t<div id=\"col-871926758\" class=\"col medium-5 small-12 large-5\"  >\n\t\t\t\t<div class=\"col-inner\"  >\n\t\t\t\n\t\t\t\n\n\n\n<iframe loading=\"lazy\" width=\"560\" height=\"315\" src=\"https:\/\/www.youtube.com\/embed\/79tgBJQkRQY?si=remgny9_IDzOROhw\" title=\"YouTube video player\" frameborder=\"0\" allow=\"accelerometer; autoplay; clipboard-write; encrypted-media; gyroscope; picture-in-picture; web-share\" allowfullscreen><\/iframe>\n\n\t<div id=\"text-2585507397\" class=\"text\">\n\t\t\n\n<p><a href=\"https:\/\/youtu.be\/79tgBJQkRQY?si=qHLRMqW73KSg_IV-\" target=\"_blank\" rel=\"noopener\">CAM\u00f5es:\u00a0<\/a><i><a href=\"_wp_link_placeholder\">How Caving Can Inform Climate Solutions.<\/a><br \/><\/i>COP28 Presentation by Yvette Gonzalez<br \/>December 8, 2023<i><br \/><\/i><\/p>\n\t\t\n<style>\n#text-2585507397 {\n  text-align: left;\n}\n<\/style>\n\t<\/div>\n\t\n\n\t\t<\/div>\n\t\t\t\t\t<\/div>\n\n\t\n\n\t<div id=\"col-539893637\" class=\"col medium-5 small-12 large-5\"  >\n\t\t\t\t<div class=\"col-inner\"  >\n\t\t\t\n\t\t\t\n\n\t<div id=\"text-1184853364\" class=\"text\">\n\t\t\n\n<p>&#8220;Neuroscience Technologies for Long Term Space Exploration: How orbital and caving research is advancing neuroscience solutions for human health&#8221;.<br \/><a href=\"https:\/\/powersourcesummit.com\/\" target=\"_blank\" rel=\"noopener\">Power Source Summit<\/a>. Presentation: Yvette Gonzalez.<br \/>USA, 2024.<\/p>\n\t\t\n<style>\n#text-1184853364 {\n  text-align: left;\n}\n<\/style>\n\t<\/div>\n\t\n\n\t\t<\/div>\n\t\t\t\t\t<\/div>\n\n\t\n\n\t<div id=\"col-1857713933\" class=\"col medium-5 small-12 large-5\"  >\n\t\t\t\t<div class=\"col-inner\"  >\n\t\t\t\n\t\t\t\n\n\t<div id=\"text-2197152613\" class=\"text\">\n\t\t\n\n<p><i>Under review: <\/i>Miller, Ana Z., Gonzalez-Serricchio, A., Gonzalez, Y., Andrejkovi\u010dov\u00e1, S., and Pires, A.\u201c<b>Exploring Cave Analog Sites: A Study Of Azorean Lava Tube Systems As A Promising New Environment For Astrobiology And Astrogeology Research<\/b>\u201d, European Astrobiology Institute (EAI) <span style=\"color: #7fb3b3;\"><a style=\"color: #7fb3b3;\" href=\"https:\/\/europeanastrobiology.eu\/azores-workshop-2023-home\/\" target=\"_blank\" rel=\"noopener\">Life in the Sub-Surface: Habitats, Species, Metabolism, and Survival Strategies Workshop<\/a><\/span>, Terceira Island, Azores, Portugal, October 2023.<\/p>\n\t\t\n<style>\n#text-2197152613 {\n  text-align: left;\n}\n<\/style>\n\t<\/div>\n\t\n\n\t\t<\/div>\n\t\t\t\t\t<\/div>\n\n\t\n\n\t<div id=\"col-1206236277\" class=\"col medium-5 small-12 large-5\"  >\n\t\t\t\t<div class=\"col-inner\"  >\n\t\t\t\n\t\t\t\n\n\t<div id=\"text-3634271545\" class=\"text\">\n\t\t\n\n<p><i>Presented and now under review for publication: <\/i>Moura, R., Pires, A., Nunes, J.C., Barcelos, P., Caetano, P., Quinteiro, P., Gonzalez-Serrichio, A.S., Gonzalez, Y., Andrejkovi\u010dov\u00e1, S., Niel, P. &amp; Chamin\u00e9, H.I. \u201c<b>Azorean Lava Tube Systems: A Proposal For A New Planetary Analogue Site Towards Future Lunar And Martian Exploration Research<\/b>\u201d, <span style=\"color: #7fb3b3;\"><a style=\"color: #7fb3b3;\" href=\"https:\/\/www.sgem.org\/\">XXIIIrd International Multidisciplinary Scientific GeoConference Surveying, Geology and Mining, Ecology and Management SGEM<\/a><\/span>, Bulgaria, June 2023, , 8p., in press<\/p>\n\t\t\n<style>\n#text-3634271545 {\n  text-align: left;\n}\n<\/style>\n\t<\/div>\n\t\n\n\t\t<\/div>\n\t\t\t\t\t<\/div>\n\n\t\n\n\t<div id=\"col-1279883746\" class=\"col medium-5 small-12 large-5\"  >\n\t\t\t\t<div class=\"col-inner\"  >\n\t\t\t\n\t\t\t\n\n\t<div id=\"text-4055419623\" class=\"text\">\n\t\t\n\n<p><i>Presented and now under review for publication: <\/i>Moura, R., Pires, A., Cabral Pinto, M. &amp; Nunes, J.C (2023). \u201c<b>General Characteristics Of The Capelinhos Volcano (Azores Islands, Portugal) As A New Planetary Analog Site Aimed At Space Exploration Research\u201d<\/b>. <span style=\"color: #7fb3b3;\"><a style=\"color: #7fb3b3;\" href=\"https:\/\/www.sgem.org\/\">XXIIIrd International Multidisciplinary Scientific GeoConference Surveying, Geology and Mining, Ecology and Management SGEM<\/a><\/span>, Bulgaria, 8p., in press.<\/p>\n\t\t\n<style>\n#text-4055419623 {\n  text-align: left;\n}\n<\/style>\n\t<\/div>\n\t\n\n\t\t<\/div>\n\t\t\t\t\t<\/div>\n\n\t\n\n\t<div id=\"col-1626367475\" class=\"col medium-5 small-12 large-5\"  >\n\t\t\t\t<div class=\"col-inner\"  >\n\t\t\t\n\t\t\t\n\n\t<div id=\"text-3649278827\" class=\"text\">\n\t\t\n\n<p><i>Accepted: <\/i>Pires, A., Patil, R., Dias, A., Gonzalez, Y., Moura, R., Chamin\u00e9, H. \u201c<b>The Mars Desert Research Station Applied Surveys Using 1 Aerial Robotic Systems: Contribution Towards a GIS 2 Mapping on Analog Site\u201d. <\/b><a href=\"https:\/\/medgu.org\/index.php\"><span style=\"color: #7fb3b3;\">Mediterranean Geosciences Union<\/span><\/a> (MedGu), Istanbul, November 2023.<\/p>\n\t\t\n<style>\n#text-3649278827 {\n  text-align: left;\n}\n<\/style>\n\t<\/div>\n\t\n\n\t\t<\/div>\n\t\t\t\t\t<\/div>\n\n\t\n\n\t<div id=\"col-1165509762\" class=\"col medium-5 small-12 large-5\"  >\n\t\t\t\t<div class=\"col-inner\"  >\n\t\t\t\n\t\t\t\n\n\n\t\t<\/div>\n\t\t\t\t\t<\/div>\n\n\t\n\n\t<div id=\"col-564360306\" class=\"col medium-5 small-12 large-5\"  >\n\t\t\t\t<div class=\"col-inner\"  >\n\t\t\t\n\t\t\t\n\n\n\t\t<\/div>\n\t\t\t\t\t<\/div>\n\n\t\n\n<\/div>\n\n              <\/div>\n           <\/div>\n                            \n<style>\n#text-box-255760295 {\n  width: 82%;\n}\n#text-box-255760295 .text-box-content {\n  font-size: 100%;\n}\n@media (min-width:550px) {\n  #text-box-255760295 {\n    width: 97%;\n  }\n}\n<\/style>\n    <\/div>\n \n\n        <\/div>\n      <\/div>\n\n            \n<style>\n#banner-2068547597 {\n  padding-top: 1500px;\n}\n#banner-2068547597 .bg.bg-loaded {\n  background-image: url(https:\/\/www.montanheiros.com\/wp-content\/uploads\/2023\/07\/Copy-of-2023_06_15_GLEX_14-1.jpg);\n}\n#banner-2068547597 .overlay {\n  background-color: rgba(0, 0, 0, 0.68);\n}\n#banner-2068547597 .bg {\n  background-position: 18% 0%;\n}\n#banner-2068547597 .ux-shape-divider--top svg {\n  height: 150px;\n  --divider-top-width: 100%;\n}\n#banner-2068547597 .ux-shape-divider--bottom svg {\n  height: 150px;\n  --divider-width: 100%;\n}\n<\/style>\n  <\/div>\n\n\n\n","protected":false},"excerpt":{"rendered":"<p>Azores CAM\u00f5es home \u00a0 Conferences and Science Publications \u00a0 CAM\u00f5es:\u00a0How Caving Can Inform Climate Solutions.COP28 Presentation by Yvette GonzalezDecember 8, 2023 &#8220;Neuroscience Technologies for Long Term Space Exploration: How orbital and caving research is advancing neuroscience solutions for human health&#8221;.Power Source Summit. Presentation: Yvette Gonzalez.USA, 2024. Under review: Miller, Ana Z., Gonzalez-Serricchio, A., Gonzalez, Y., [&#8230;]\n","protected":false},"author":1,"featured_media":15739,"parent":15715,"menu_order":0,"comment_status":"closed","ping_status":"closed","template":"page-blank-landingpage.php","meta":{"jetpack_post_was_ever_published":false,"footnotes":""},"class_list":["post-15864","page","type-page","status-publish","has-post-thumbnail","hentry"],"jetpack_sharing_enabled":true,"jetpack_shortlink":"https:\/\/wp.me\/PaT0CI-47S","_links":{"self":[{"href":"https:\/\/www.montanheiros.com\/en\/wp-json\/wp\/v2\/pages\/15864","targetHints":{"allow":["GET"]}}],"collection":[{"href":"https:\/\/www.montanheiros.com\/en\/wp-json\/wp\/v2\/pages"}],"about":[{"href":"https:\/\/www.montanheiros.com\/en\/wp-json\/wp\/v2\/types\/page"}],"author":[{"embeddable":true,"href":"https:\/\/www.montanheiros.com\/en\/wp-json\/wp\/v2\/users\/1"}],"replies":[{"embeddable":true,"href":"https:\/\/www.montanheiros.com\/en\/wp-json\/wp\/v2\/comments?post=15864"}],"version-history":[{"count":11,"href":"https:\/\/www.montanheiros.com\/en\/wp-json\/wp\/v2\/pages\/15864\/revisions"}],"predecessor-version":[{"id":16368,"href":"https:\/\/www.montanheiros.com\/en\/wp-json\/wp\/v2\/pages\/15864\/revisions\/16368"}],"up":[{"embeddable":true,"href":"https:\/\/www.montanheiros.com\/en\/wp-json\/wp\/v2\/pages\/15715"}],"wp:featuredmedia":[{"embeddable":true,"href":"https:\/\/www.montanheiros.com\/en\/wp-json\/wp\/v2\/media\/15739"}],"wp:attachment":[{"href":"https:\/\/www.montanheiros.com\/en\/wp-json\/wp\/v2\/media?parent=15864"}],"curies":[{"name":"wp","href":"https:\/\/api.w.org\/{rel}","templated":true}]}}