{"id":15869,"date":"2023-07-27T11:43:04","date_gmt":"2023-07-27T11:43:04","guid":{"rendered":"http:\/\/www.montanheiros.com\/?page_id=15869"},"modified":"2023-12-11T22:27:52","modified_gmt":"2023-12-11T22:27:52","slug":"cam-press","status":"publish","type":"page","link":"https:\/\/www.montanheiros.com\/en\/camoesproject\/cam-press\/","title":{"rendered":"CAM-press-releases"},"content":{"rendered":"\n\n  <div class=\"banner has-hover has-parallax\" id=\"banner-1752189558\">\n          <div class=\"banner-inner fill\">\n        <div class=\"banner-bg fill\" data-parallax=\"-3\" data-parallax-container=\".banner\" data-parallax-background>\n            <div class=\"bg fill bg-fill \"><\/div>\n                                    \n                    <\/div>\n\t\t\n        <div class=\"banner-layers container\">\n            <div class=\"fill banner-link\"><\/div>            \n\n   <div id=\"text-box-1071764388\" class=\"text-box banner-layer x50 md-x0 lg-x0 y50 md-y5 lg-y5 res-text\">\n                     <div data-animate=\"fadeInLeft\">           <div class=\"text-box-content text dark\">\n              \n              <div class=\"text-inner text-center\">\n                  \n\n\t<div id=\"text-2799930213\" class=\"text\">\n\t\t\n\n<h1 class=\"thin-font\"><span class=\"fancy-underline\" style=\"font-size: 80%;\">Azores CAM\u00f5es<\/span><\/h1>\n\t\t\n<style>\n#text-2799930213 {\n  text-align: center;\n}\n<\/style>\n\t<\/div>\n\t\n\n              <\/div>\n           <\/div>\n       <\/div>                     \n<style>\n#text-box-1071764388 {\n  width: 80%;\n}\n#text-box-1071764388 .text-box-content {\n  font-size: 100%;\n}\n@media (min-width:550px) {\n  #text-box-1071764388 {\n    width: 34%;\n  }\n}\n<\/style>\n    <\/div>\n \n\n        <\/div>\n      <\/div>\n\n            \n<style>\n#banner-1752189558 {\n  padding-top: 120px;\n}\n#banner-1752189558 .bg.bg-loaded {\n  background-image: url(https:\/\/www.montanheiros.com\/wp-content\/uploads\/2023\/07\/2023_06_17_Azores_Cave_14.jpg);\n}\n#banner-1752189558 .overlay {\n  background-color: rgba(0, 0, 0, 0.3);\n}\n#banner-1752189558 .bg {\n  background-position: 35% 23%;\n}\n#banner-1752189558 .ux-shape-divider--top svg {\n  height: 150px;\n  --divider-top-width: 100%;\n}\n#banner-1752189558 .ux-shape-divider--bottom svg {\n  height: 150px;\n  --divider-width: 100%;\n}\n<\/style>\n  <\/div>\n\n\n<div class=\"row row-collapse row-full-width\"  id=\"row-1275799083\">\n\n\n\t<div id=\"col-1317681441\" class=\"col small-12 large-12\"  >\n\t\t\t\t<div class=\"col-inner text-left\" style=\"background-color:rgba(139, 175, 225, 0.506);\" >\n\t\t\t\n\t\t\t\n\n<a href=\"https:\/\/www.montanheiros.com\/camoesproject\" target=\"_self\" class=\"button primary is-outline\"  style=\"border-radius:99px;\">\n    <span>home<\/span>\n  <\/a>\n\n\n<a href=\"https:\/\/www.montanheiros.com\/camoesproject\/cam-media\" target=\"_self\" class=\"button primary is-outline\"  style=\"border-radius:99px;\">\n    <span>In the News<\/span>\n  <\/a>\n\n\n<a href=\"https:\/\/www.montanheiros.com\/camoesproject\/cam-press\" target=\"_self\" class=\"button primary is-outline\"  style=\"border-radius:99px;\">\n    <span>Press Releases<\/span>\n  <\/a>\n\n\n<a href=\"https:\/\/www.montanheiros.com\/camoesproject\/cam-press-kit\" target=\"_self\" class=\"button primary is-outline\"  style=\"border-radius:99px;\">\n    <span>Press Kit<\/span>\n  <\/a>\n\n\n\n\t\t<\/div>\n\t\t\t\t\n<style>\n#col-1317681441 > .col-inner {\n  padding: 15px 5px 2px 15px;\n  margin: 0px 0px 0px 0px;\n  border-radius: 4px;\n}\n<\/style>\n\t<\/div>\n\n\t\n\n<\/div>\n\n  <div class=\"banner has-hover has-parallax\" id=\"banner-2041274807\">\n          <div class=\"banner-inner fill\">\n        <div class=\"banner-bg fill\" data-parallax=\"-3\" data-parallax-container=\".banner\" data-parallax-background>\n            <div class=\"bg fill bg-fill \"><\/div>\n                        <div class=\"overlay\"><\/div>            \n                    <\/div>\n\t\t\n        <div class=\"banner-layers container\">\n            <div class=\"fill banner-link\"><\/div>            \n\n   <div id=\"text-box-1928900430\" class=\"text-box banner-layer x50 md-x50 lg-x50 y50 md-y0 lg-y0 res-text\">\n                                <div class=\"text-box-content text dark\">\n              \n              <div class=\"text-inner text-center\">\n                  \n\n<div class=\"container section-title-container\" style=\"margin-top:30px;\"><h4 class=\"section-title section-title-center\"><b><\/b><span class=\"section-title-main\" >SpaceWatch.Global Interviews<\/span><b><\/b><\/h4><\/div>\n\n\n\n<iframe loading=\"lazy\" title=\"vimeo-player\" src=\"https:\/\/player.vimeo.com\/video\/889935276?h=49425327f2\" width=\"640\" height=\"360\" frameborder=\"0\"    allowfullscreen><\/iframe>\n\n<div class=\"row\"  id=\"row-247543312\">\n\n\n\t<div id=\"col-1846792142\" class=\"col medium-4 small-12 large-4\"  >\n\t\t\t\t<div class=\"col-inner\"  >\n\t\t\t\n\t\t\t\n\n\n\n<iframe loading=\"lazy\" title=\"vimeo-player\" src=\"https:\/\/player.vimeo.com\/video\/890581893?h=7cb6b4ee4b\" width=\"640\" height=\"360\" frameborder=\"0\"    allowfullscreen><\/iframe>\n\n\n\t\t<\/div>\n\t\t\t\t\t<\/div>\n\n\t\n\n\t<div id=\"col-1045947382\" class=\"col medium-4 small-12 large-4\"  >\n\t\t\t\t<div class=\"col-inner\"  >\n\t\t\t\n\t\t\t\n\n\n\n<iframe loading=\"lazy\" title=\"vimeo-player\" src=\"https:\/\/player.vimeo.com\/video\/890586508?h=695900647d\" width=\"640\" height=\"360\" frameborder=\"0\"    allowfullscreen><\/iframe>\n\n\n\t\t<\/div>\n\t\t\t\t\t<\/div>\n\n\t\n\n\t<div id=\"col-80739825\" class=\"col medium-4 small-12 large-4\"  >\n\t\t\t\t<div class=\"col-inner\"  >\n\t\t\t\n\t\t\t\n\n\n\n<iframe loading=\"lazy\" title=\"vimeo-player\" src=\"https:\/\/player.vimeo.com\/video\/889802810?h=57cbca2a80\" width=\"640\" height=\"360\" frameborder=\"0\"    allowfullscreen><\/iframe>\n\n\n\t\t<\/div>\n\t\t\t\t\t<\/div>\n\n\t\n\n<\/div>\n<p class=\"name post-title entry-title\"><span style=\"font-size: 120%;\"><strong>CAM\u00f5es Special \u2013 interview with Mission Controller Dr. Slavka Andrejkovi\u010dov\u00e1<\/strong><\/span><\/p>\n<a rel=\"noopener noreferrer\" href=\"https:\/\/spacewatch.global\/2023\/12\/space-cafe-radio-camoes-special-with-mission-controller-dr-slavka-andrejkovicova\/\" target=\"_blank\" class=\"button secondary\"  >\n    <span>Space Caf\u00e9 Radio<\/span>\n  <\/a>\n\n\n<div class=\"text-center\"><div class=\"is-divider divider clearfix\" style=\"max-width:300px;\"><\/div><\/div>\n\n<p class=\"name post-title entry-title\"><span style=\"font-size: 120%;\"><strong>Julie Skentelbery interview with Crew Zero member, Yvette Gonzalez.<\/p>\n<p><\/span><\/p>\n<p>November 30, 2023 (start at 48:42 &#8211; 58:07)<\/p>\n<a rel=\"noopener noreferrer\" href=\"https:\/\/www.bbc.co.uk\/sounds\/play\/p0gqz291\" target=\"_blank\" class=\"button secondary\"  >\n    <span>BBC Radio Cornwall<\/span>\n  <\/a>\n\n\n<div class=\"is-divider divider clearfix\" style=\"max-width:300px;\"><\/div>\n\n<p class=\"name post-title entry-title\"><span style=\"font-size: 120%;\"><strong>Cientistas isolaram-se numa gruta, numa ilha dos A\u00e7ores, para &#8220;verem&#8221; como seria a vida na Lua    <\/p>\n<p><\/span><\/p>\n<p>2023-12-10<\/p>\n<a rel=\"noopener noreferrer\" href=\"https:\/\/cnnportugal.iol.pt\/amp\/videos\/cientistas-isolaram-se-numa-gruta-numa-ilha-dos-acores-para-verem-como-seria-a-vida-na-lua\/65760d710cf265bc968cd42a\" target=\"_blank\" class=\"button secondary\"  >\n    <span>CNN Portugal<\/span>\n  <\/a>\n\n\n\t<div id=\"text-2074979353\" class=\"text\">\n\t\t\n\n<h6 align=\"center\">\u00a0<\/h6>\n<h2 class=\"thin-font\" align=\"center\">Press Releases<\/h2>\n<h6>\u00a0<\/h6>\n\t\t\n<style>\n#text-2074979353 {\n  color: rgb(255,255,255);\n}\n#text-2074979353 > * {\n  color: rgb(255,255,255);\n}\n<\/style>\n\t<\/div>\n\t\n<div class=\"row row-dashed\"  id=\"row-26941445\">\n\n\n\t<div id=\"col-1418054554\" class=\"col medium-4 small-12 large-4\"  >\n\t\t\t\t<div class=\"col-inner\"  >\n\t\t\t\n\t\t\t\n\n\t<div id=\"text-163280196\" class=\"text\">\n\t\t\n\n<p>April 14, 2023<br \/><a href=\"https:\/\/spacewatch.global\/2023\/04\/glex-summit-2023-to-hold-in-portugal\/\" target=\"_blank\" rel=\"noopener\"><b>GLEX Summit 2023 to Hold in Portugal<\/b><\/a><\/p>\n\t\t\n<style>\n#text-163280196 {\n  text-align: left;\n}\n<\/style>\n\t<\/div>\n\t\n\n\t\t<\/div>\n\t\t\t\t\t<\/div>\n\n\t\n\n\t<div id=\"col-1789305332\" class=\"col medium-4 small-12 large-4\"  >\n\t\t\t\t<div class=\"col-inner\"  >\n\t\t\t\n\t\t\t\n\n<p style=\"text-align: left;\">April 14, 2023<br \/><a href=\"https:\/\/www.inesctec.pt\/en\/events\/soe23-space-ocean-and-earth-insights#about\" target=\"_blank\" rel=\"noopener\"><b>SOE&#8217;23 &#8211; Space, Ocean and Earth Insights: <br \/><\/b><b>The Quest to Inspire a Universe of Extreme Explorers\u202f<\/b><\/a><\/p>\n\n\t\t<\/div>\n\t\t\t\t\t<\/div>\n\n\t\n\n\t<div id=\"col-1285538305\" class=\"col medium-4 small-12 large-4\"  >\n\t\t\t\t<div class=\"col-inner\"  >\n\t\t\t\n\t\t\t\n\n\n\t\t<\/div>\n\t\t\t\t\t<\/div>\n\n\t\n\n<\/div>\n\n              <\/div>\n           <\/div>\n                            \n<style>\n#text-box-1928900430 {\n  width: 82%;\n}\n#text-box-1928900430 .text-box-content {\n  font-size: 100%;\n}\n@media (min-width:550px) {\n  #text-box-1928900430 {\n    width: 100%;\n  }\n}\n<\/style>\n    <\/div>\n \n\n        <\/div>\n      <\/div>\n\n            \n<style>\n#banner-2041274807 {\n  padding-top: 1850px;\n}\n#banner-2041274807 .bg.bg-loaded {\n  background-image: url(https:\/\/www.montanheiros.com\/wp-content\/uploads\/2023\/07\/2023_06_17_Azores_Landscape_14.jpg);\n}\n#banner-2041274807 .overlay {\n  background-color: rgba(0, 0, 0, 0.709);\n}\n#banner-2041274807 .bg {\n  background-position: 18% 0%;\n}\n#banner-2041274807 .ux-shape-divider--top svg {\n  height: 150px;\n  --divider-top-width: 100%;\n}\n#banner-2041274807 .ux-shape-divider--bottom svg {\n  height: 150px;\n  --divider-width: 100%;\n}\n<\/style>\n  <\/div>\n\n\n\n","protected":false},"excerpt":{"rendered":"<p>Azores CAM\u00f5es home In the News Press Releases Press Kit SpaceWatch.Global Interviews CAM\u00f5es Special \u2013 interview with Mission Controller Dr. Slavka Andrejkovi\u010dov\u00e1 Space Caf\u00e9 Radio Julie Skentelbery interview with Crew Zero member, Yvette Gonzalez. November 30, 2023 (start at 48:42 &#8211; 58:07) BBC Radio Cornwall Cientistas isolaram-se numa gruta, numa ilha dos A\u00e7ores, para &#8220;verem&#8221; [&#8230;]\n","protected":false},"author":1,"featured_media":15739,"parent":15715,"menu_order":0,"comment_status":"closed","ping_status":"closed","template":"page-blank-landingpage.php","meta":{"jetpack_post_was_ever_published":false,"footnotes":""},"class_list":["post-15869","page","type-page","status-publish","has-post-thumbnail","hentry"],"jetpack_sharing_enabled":true,"jetpack_shortlink":"https:\/\/wp.me\/PaT0CI-47X","_links":{"self":[{"href":"https:\/\/www.montanheiros.com\/en\/wp-json\/wp\/v2\/pages\/15869","targetHints":{"allow":["GET"]}}],"collection":[{"href":"https:\/\/www.montanheiros.com\/en\/wp-json\/wp\/v2\/pages"}],"about":[{"href":"https:\/\/www.montanheiros.com\/en\/wp-json\/wp\/v2\/types\/page"}],"author":[{"embeddable":true,"href":"https:\/\/www.montanheiros.com\/en\/wp-json\/wp\/v2\/users\/1"}],"replies":[{"embeddable":true,"href":"https:\/\/www.montanheiros.com\/en\/wp-json\/wp\/v2\/comments?post=15869"}],"version-history":[{"count":13,"href":"https:\/\/www.montanheiros.com\/en\/wp-json\/wp\/v2\/pages\/15869\/revisions"}],"predecessor-version":[{"id":16333,"href":"https:\/\/www.montanheiros.com\/en\/wp-json\/wp\/v2\/pages\/15869\/revisions\/16333"}],"up":[{"embeddable":true,"href":"https:\/\/www.montanheiros.com\/en\/wp-json\/wp\/v2\/pages\/15715"}],"wp:featuredmedia":[{"embeddable":true,"href":"https:\/\/www.montanheiros.com\/en\/wp-json\/wp\/v2\/media\/15739"}],"wp:attachment":[{"href":"https:\/\/www.montanheiros.com\/en\/wp-json\/wp\/v2\/media?parent=15869"}],"curies":[{"name":"wp","href":"https:\/\/api.w.org\/{rel}","templated":true}]}}