{"id":15878,"date":"2023-07-27T14:10:57","date_gmt":"2023-07-27T14:10:57","guid":{"rendered":"http:\/\/www.montanheiros.com\/?page_id=15878"},"modified":"2024-03-25T07:43:11","modified_gmt":"2024-03-25T07:43:11","slug":"cam-media","status":"publish","type":"page","link":"https:\/\/www.montanheiros.com\/en\/camoesproject\/cam-media\/","title":{"rendered":"CAM-media"},"content":{"rendered":"\n\n  <div class=\"banner has-hover has-parallax\" id=\"banner-1675120810\">\n          <div class=\"banner-inner fill\">\n        <div class=\"banner-bg fill\" data-parallax=\"-3\" data-parallax-container=\".banner\" data-parallax-background>\n            <div class=\"bg fill bg-fill \"><\/div>\n                                    \n                    <\/div>\n\t\t\n        <div class=\"banner-layers container\">\n            <div class=\"fill banner-link\"><\/div>            \n\n   <div id=\"text-box-1188885433\" class=\"text-box banner-layer x50 md-x0 lg-x0 y50 md-y5 lg-y5 res-text\">\n                     <div data-animate=\"fadeInLeft\">           <div class=\"text-box-content text dark\">\n              \n              <div class=\"text-inner text-center\">\n                  \n\n\t<div id=\"text-1234033341\" class=\"text\">\n\t\t\n\n<h1 class=\"thin-font\"><span class=\"fancy-underline\" style=\"font-size: 80%;\">Azores CAM\u00f5es<\/span><\/h1>\n\t\t\n<style>\n#text-1234033341 {\n  text-align: center;\n}\n<\/style>\n\t<\/div>\n\t\n\n              <\/div>\n           <\/div>\n       <\/div>                     \n<style>\n#text-box-1188885433 {\n  width: 80%;\n}\n#text-box-1188885433 .text-box-content {\n  font-size: 100%;\n}\n@media (min-width:550px) {\n  #text-box-1188885433 {\n    width: 34%;\n  }\n}\n<\/style>\n    <\/div>\n \n\n        <\/div>\n      <\/div>\n\n            \n<style>\n#banner-1675120810 {\n  padding-top: 120px;\n}\n#banner-1675120810 .bg.bg-loaded {\n  background-image: url(https:\/\/www.montanheiros.com\/wp-content\/uploads\/2023\/07\/2023_06_17_Azores_Cave_14.jpg);\n}\n#banner-1675120810 .overlay {\n  background-color: rgba(0, 0, 0, 0.3);\n}\n#banner-1675120810 .bg {\n  background-position: 35% 23%;\n}\n#banner-1675120810 .ux-shape-divider--top svg {\n  height: 150px;\n  --divider-top-width: 100%;\n}\n#banner-1675120810 .ux-shape-divider--bottom svg {\n  height: 150px;\n  --divider-width: 100%;\n}\n<\/style>\n  <\/div>\n\n\n<div class=\"row row-collapse row-full-width\"  id=\"row-1534269822\">\n\n\n\t<div id=\"col-777972163\" class=\"col small-12 large-12\"  >\n\t\t\t\t<div class=\"col-inner text-left\" style=\"background-color:rgba(139, 175, 225, 0.506);\" >\n\t\t\t\n\t\t\t\n\n<a href=\"https:\/\/www.montanheiros.com\/camoesproject\" target=\"_self\" class=\"button primary is-outline\"  style=\"border-radius:99px;\">\n    <span>home<\/span>\n  <\/a>\n\n\n<a href=\"https:\/\/www.montanheiros.com\/camoesproject\/cam-media\" target=\"_self\" class=\"button primary is-outline\"  style=\"border-radius:99px;\">\n    <span>In the News<\/span>\n  <\/a>\n\n\n<a href=\"https:\/\/www.montanheiros.com\/camoesproject\/cam-press\" target=\"_self\" class=\"button primary is-outline\"  style=\"border-radius:99px;\">\n    <span>Press Releases<\/span>\n  <\/a>\n\n\n<a href=\"https:\/\/www.montanheiros.com\/camoesproject\/cam-press-kit\" target=\"_self\" class=\"button primary is-outline\"  style=\"border-radius:99px;\">\n    <span>Press Kit<\/span>\n  <\/a>\n\n\n\n\t\t<\/div>\n\t\t\t\t\n<style>\n#col-777972163 > .col-inner {\n  padding: 15px 5px 2px 15px;\n  margin: 0px 0px 0px 0px;\n  border-radius: 4px;\n}\n<\/style>\n\t<\/div>\n\n\t\n\n<\/div>\n\n  <div class=\"banner has-hover has-parallax\" id=\"banner-808071815\">\n          <div class=\"banner-inner fill\">\n        <div class=\"banner-bg fill\" data-parallax=\"-3\" data-parallax-container=\".banner\" data-parallax-background>\n            <div class=\"bg fill bg-fill \"><\/div>\n                        <div class=\"overlay\"><\/div>            \n                    <\/div>\n\t\t\n        <div class=\"banner-layers container\">\n            <div class=\"fill banner-link\"><\/div>            \n\n   <div id=\"text-box-896896211\" class=\"text-box banner-layer x50 md-x50 lg-x50 y50 md-y0 lg-y0 res-text\">\n                                <div class=\"text-box-content text dark\">\n              \n              <div class=\"text-inner text-left\">\n                  \n\n\t<div id=\"text-999684678\" class=\"text\">\n\t\t\n\n<h6 align=\"center\">\u00a0<\/h6>\n<h2 class=\"thin-font\" align=\"center\">In the News<\/h2>\n<h6>\u00a0<\/h6>\n\t\t\n<style>\n#text-999684678 {\n  text-align: center;\n  color: rgb(255,255,255);\n}\n#text-999684678 > * {\n  color: rgb(255,255,255);\n}\n<\/style>\n\t<\/div>\n\t\n<div class=\"row\"  id=\"row-553841844\">\n\n\n\t<div id=\"col-1564826785\" class=\"col medium-4 small-12 large-4\"  >\n\t\t\t\t<div class=\"col-inner text-center\"  >\n\t\t\t\n\t\t\t\n\n\t<div class=\"img has-hover x md-x lg-x y md-y lg-y\" id=\"image_1155973705\">\n\t\t<a class=\"\" href=\"https:\/\/www.explorers.org\/wp-content\/uploads\/EL_Winter_24_EC-1.pdf?mc_cid=ec94c5f44d\" target=\"_blank\" rel=\"noopener noreferrer\" >\t\t\t\t\t\t<div class=\"img-inner dark\" >\n\t\t\t<img loading=\"lazy\" decoding=\"async\" width=\"375\" height=\"308\" src=\"https:\/\/www.montanheiros.com\/wp-content\/uploads\/2024\/03\/CAM-TEC_journal_feature_2024_1.jpg\" class=\"attachment-large size-large\" alt=\"\" \/>\t\t\t\t\t\t\n\t\t\t\t\t<\/div>\n\t\t\t\t\t\t<\/a>\t\t\n<style>\n#image_1155973705 {\n  width: 63%;\n}\n<\/style>\n\t<\/div>\n\t\n\n\n\t\t<\/div>\n\t\t\t\t\t<\/div>\n\n\t\n\n\t<div id=\"col-672673421\" class=\"col medium-8 small-12 large-8\"  >\n\t\t\t\t<div class=\"col-inner\"  >\n\t\t\t\n\t\t\t\n\n\n\t\t<div class=\"icon-box featured-box icon-box-left text-left\"  >\n\t\t\t\t\t<div class=\"icon-box-img\" style=\"width: 144px\">\n\t\t\t\t<div class=\"icon\">\n\t\t\t\t\t<div class=\"icon-inner\" >\n\t\t\t\t\t\t<img loading=\"lazy\" decoding=\"async\" width=\"375\" height=\"308\" src=\"https:\/\/www.montanheiros.com\/wp-content\/uploads\/2024\/03\/CAM_TEC_Flag_1.jpg\" class=\"attachment-medium size-medium\" alt=\"\" \/>\t\t\t\t\t<\/div>\n\t\t\t\t<\/div>\n\t\t\t<\/div>\n\t\t\t\t<div class=\"icon-box-text last-reset\">\n\t\t\t\t\t\t\t\t\t\n\n<p>The CAM\u00f5es mission was an official Explorers Club Flag Expedition.\u00a0 The team carried Flag #72 into Gruta do Natal and contributed their exploration report to the history of the Explorers Club.\u00a0 They are featured in <span style=\"color: #ffcc00;\"><a style=\"color: #ffcc00;\" href=\"https:\/\/www.explorers.org\/wp-content\/uploads\/EL_Winter_24_EC-1.pdf?mc_cid=ec94c5f44d&amp;mc_eid=e7a9e37a79\" target=\"_blank\" rel=\"noopener\">Volume 56.1 of the Explorers Log<\/a><\/span>.\u00a0<\/p>\n\n\t\t<\/div>\n\t<\/div>\n\t\n\t\n\n\t\t<\/div>\n\t\t\t\t\t<\/div>\n\n\t\n\n<\/div>\n\t<div id=\"gap-1265845175\" class=\"gap-element clearfix\" style=\"display:block; height:auto;\">\n\t\t\n<style>\n#gap-1265845175 {\n  padding-top: 30px;\n}\n<\/style>\n\t<\/div>\n\t\n\n<div class=\"text-center\"><div class=\"is-divider divider clearfix\" style=\"max-width:300px;\"><\/div><\/div>\n\n<div class=\"row row-dashed\"  id=\"row-1953675836\">\n\n\n\t<div id=\"col-480573584\" class=\"col medium-4 small-12 large-4\"  >\n\t\t\t\t<div class=\"col-inner\"  >\n\t\t\t\n\t\t\t\n\n<p>November 29, 2023<br \/>RTP<\/p>\n<p style=\"text-align: left;\"><a href=\"https:\/\/acores.rtp.pt\/local\/terminou-a-missao-analoga-lunar-na-gruta-do-natal\" target=\"_blank\" rel=\"noopener\" data-wplink-edit=\"true\"><b><span style=\"font-size: 115%;\"><em>Terminou a miss\u00e3o an\u00e1loga lunar na Gruta do Natal<\/em><\/span><\/b><\/a><\/p>\n\n\t\t<\/div>\n\t\t\t\t\t<\/div>\n\n\t\n\n\t<div id=\"col-1057810069\" class=\"col medium-4 small-12 large-4\"  >\n\t\t\t\t<div class=\"col-inner\"  >\n\t\t\t\n\t\t\t\n\n<p>November 24, 2023<br \/>RTP<\/p>\n<p style=\"text-align: left;\"><a href=\"https:\/\/www.rtp.pt\/noticias\/pais\/astronautas-de-cinco-paises-simulam-expedicao-a-lua-no-interior-da-gruta-do-natal-na-ilha-terceira_v1532206\" target=\"_blank\" rel=\"noopener\" data-wplink-edit=\"true\"><b><span style=\"font-size: 115%;\"><em>Astronautas de cinco pa\u00edses simulam expedi\u00e7\u00e3o \u00e0 Lua no interior da Gruta do Natal, na ilha Terceira<\/em><\/span><\/b><\/a><\/p>\n\n\t\t<\/div>\n\t\t\t\t\t<\/div>\n\n\t\n\n\t<div id=\"col-595803738\" class=\"col medium-4 small-12 large-4\"  >\n\t\t\t\t<div class=\"col-inner\"  >\n\t\t\t\n\t\t\t\n\n<p>November 23, 2023<br \/>TEK<\/p>\n<p style=\"text-align: left;\"><a href=\"https:\/\/tek.sapo.pt\/noticias\/ciencia\/artigos\/ambiente-lunar-vai-ser-simulado-numa-gruta-nos-acores-durante-uma-semana\" target=\"_blank\" rel=\"noopener\"><b><span style=\"font-size: 115%;\"><em>Ambiente lunar vai ser simulado numa gruta nos A\u00e7ores durante uma semana<\/em><\/span><\/b><\/a><\/p>\n\n\t\t<\/div>\n\t\t\t\t\t<\/div>\n\n\t\n\n\t<div id=\"col-983097005\" class=\"col medium-4 small-12 large-4\"  >\n\t\t\t\t<div class=\"col-inner\"  >\n\t\t\t\n\t\t\t\n\n<p>November 22, 2023<br \/>University of Plymouth <\/p>\n<p style=\"text-align: left;\"><a href=\"https:\/\/www.plymouth.ac.uk\/news\/plymouth-researchers-contribute-to-new-mission-exploring-the-impacts-on-humans-of-space-flight\" target=\"_blank\" rel=\"noopener\"><b><span style=\"font-size: 115%;\"><em>Plymouth researchers contribute to new mission exploring the impacts on humans of space flight: The CAM\u00f5es project is bringing together a team of experts to carry out research that will be critical for improving conditions on future space flights<\/em><\/span><\/b><\/a><\/p>\n<p>By Alan Williams<\/p>\n\n\t\t<\/div>\n\t\t\t\t\t<\/div>\n\n\t\n\n\t<div id=\"col-1008586807\" class=\"col medium-4 small-12 large-4\"  >\n\t\t\t\t<div class=\"col-inner\"  >\n\t\t\t\n\t\t\t\n\n<p>November 22, 2023<br \/>R\u00e1dio Renascen\u00e7a<\/p>\n<p style=\"text-align: left;\"><a href=\"https:\/\/rr.sapo.pt\/noticia\/pais\/2023\/11\/22\/gruta-nos-acores-acolhe-missao-de-treino-para-astronautas\/356196\/\" target=\"_blank\" rel=\"noopener\" data-wplink-edit=\"true\"><b><span style=\"font-size: 115%;\"><em>Gruta nos A\u00e7ores acolhe miss\u00e3o de treino para astronautas<\/em><\/span><\/b><\/a><\/p>\n\n\t\t<\/div>\n\t\t\t\t\t<\/div>\n\n\t\n\n\t<div id=\"col-121881809\" class=\"col medium-4 small-12 large-4\"  >\n\t\t\t\t<div class=\"col-inner\"  >\n\t\t\t\n\t\t\t\n\n<p>November 17, 2023<br \/>P\u00fablico<\/p>\n<p style=\"text-align: left;\"><a href=\"\/\/www.publico.pt\/2023\/11\/17\/ciencia\/noticia\/vamos-lua-sair-portugal-ha-simulacao-curso-acores-2070567\" target=\"_blank\" rel=\"noopener\"><b><span style=\"font-size: 115%;\"><em>Vamos \u00e0 Lua sem sair de Portugal? H\u00e1 uma simula\u00e7\u00e3o em curso nos A\u00e7ores<\/em><\/span><\/b><\/a><\/p>\n<p>By Ant\u00f3nio Ara\u00fajo<\/p>\n\n\t\t<\/div>\n\t\t\t\t\t<\/div>\n\n\t\n\n\t<div id=\"col-1435732530\" class=\"col medium-4 small-12 large-4\"  >\n\t\t\t\t<div class=\"col-inner\"  >\n\t\t\t\n\t\t\t\n\n<p>November 17, 2023<br \/>SAPO24<\/p>\n<p style=\"text-align: left;\"><a href=\"https:\/\/24-sapo-pt.cdn.ampproject.org\/c\/s\/24.sapo.pt\/amp\/tecnologia\/artigos\/investigadores-simulam-ambiente-lunar-numa-gruta-nos-acores\" target=\"_blank\" rel=\"noopener\"><b><span style=\"font-size: 115%;\"><em>Investigadores simulam ambiente lunar numa gruta nos A\u00e7ores<\/em><\/span><\/b><\/a><\/p>\n<p>By MadreMedia\/Lusa<\/p>\n\n\t\t<\/div>\n\t\t\t\t\t<\/div>\n\n\t\n\n\t<div id=\"col-390293882\" class=\"col medium-4 small-12 large-4\"  >\n\t\t\t\t<div class=\"col-inner\"  >\n\t\t\t\n\t\t\t\n\n<p>November 17, 2023<br \/>SAPO24 <\/p>\n<p style=\"text-align: left;\"><a href=\"https:\/\/24.sapo.pt\/tecnologia\/artigos\/investigadores-simulam-ambiente-lunar-numa-gruta-nos-acores\" target=\"_blank\" rel=\"noopener\"><b><span style=\"font-size: 115%;\"><em>Investigadores simulam ambiente lunar numa gruta nos A\u00e7ores<\/em><\/span><\/b><\/a><\/p>\n\n\t\t<\/div>\n\t\t\t\t\t<\/div>\n\n\t\n\n\t<div id=\"col-884343050\" class=\"col medium-4 small-12 large-4\"  >\n\t\t\t\t<div class=\"col-inner\"  >\n\t\t\t\n\t\t\t\n\n<p>November 11, 2023<br \/>Not\u00edcias Magazine<\/p>\n<p style=\"text-align: left;\"><a https:\/\/www.noticiasmagazine.pt\/2023\/destaques-da-noticias-magazine-deste-domingo-158\/historias\/294747\/\" target=\"_blank\" rel=\"noopener\"><b><span style=\"font-size: 115%;\"><em>The Azores will act as the moon: The first lunar analogue mission in Portugal will start on the 22nd, in Gruta do Natal, on the island of Terceira. Two women will lead the team for the initial mission of the CAM\u00f5es project. And it won&#8217;t be by chance. <\/em><\/span><\/b><\/a><\/p>\n<p>A work by journalist Ana Tulha.<\/p>\n\n\t\t<\/div>\n\t\t\t\t\t<\/div>\n\n\t\n\n\t<div id=\"col-2097941717\" class=\"col medium-4 small-12 large-4\"  >\n\t\t\t\t<div class=\"col-inner\"  >\n\t\t\t\n\t\t\t\n\n<p>October 26, 2023<br \/>Jornal de Noticias (JN)<\/p>\n<p style=\"text-align: left;\"><a href=\"https:\/\/www.jn.pt\/2180050684\/gruta-nos-acores-com-ambiente-lunar-vai-servir-para-treinar-astronautas\/\" target=\"_blank\" rel=\"noopener\" data-wplink-edit=\"true\"><b><span style=\"font-size: 115%;\"><em>Gruta nos A\u00e7ores com ambiente lunar vai servir para treinar astronautas<\/em><\/span><\/b><\/a><\/p>\n\n\t\t<\/div>\n\t\t\t\t\t<\/div>\n\n\t\n\n\t<div id=\"col-735663424\" class=\"col medium-4 small-12 large-4\"  >\n\t\t\t\t<div class=\"col-inner\"  >\n\t\t\t\n\t\t\t\n\n<p>October 26, 2023<br \/>P\u00fablico<\/p>\n<p style=\"text-align: left;\"><a href=\"https:\/\/www.publico.pt\/2023\/10\/26\/ciencia\/noticia\/astronautasanalogos-simulam-ambiente-lunar-gruta-natal-acores-2068104\" target=\"_blank\" rel=\"noopener\"><b><span style=\"font-size: 115%;\"><em>Astronautas-an\u00e1logos simulam ambiente lunar na Gruta do Natal nos A\u00e7ores<\/em><\/span><\/b><\/a><\/p>\n\n\t\t<\/div>\n\t\t\t\t\t<\/div>\n\n\t\n\n\t<div id=\"col-679796428\" class=\"col medium-4 small-12 large-4\"  >\n\t\t\t\t<div class=\"col-inner\"  >\n\t\t\t\n\t\t\t\n\n<p>October 26, 2023<br \/>Correio de Manh\u00e3<\/p>\n<p style=\"text-align: left;\"><a href=\"https:\/\/www.cmjornal.pt\/sociedade\/detalhe\/astronautas-simulam-ambiente-lunar-na-gruta-do-natal-nos-acores\" target=\"_blank\" rel=\"noopener\"><b><span style=\"font-size: 115%;\"><em>Astronautas simulam ambiente lunar na Gruta do Natal nos A\u00e7ores<\/em><\/span><\/b><\/a><\/p>\n\n\t\t<\/div>\n\t\t\t\t\t<\/div>\n\n\t\n\n\t<div id=\"col-222219346\" class=\"col medium-4 small-12 large-4\"  >\n\t\t\t\t<div class=\"col-inner\"  >\n\t\t\t\n\t\t\t\n\n<p style=\"text-align: left;\">July 18, 2023<br \/>CAM\u00f5es featured in Science Business:<\/p>\n<p style=\"text-align: left;\"><a href=\"https:\/\/sciencebusiness.net\/network-updates\/inesc-tec-among-entities-promoting-first-analog-space-mission-carried-out-portugal\" target=\"_blank\" rel=\"noopener\"><b><span style=\"font-size: 115%;\"><em>INESC TEC among the entities promoting the first analog space mission carried out in Portugal<\/em><\/span><\/b><\/a><b><\/b><\/p>\n\n\t\t<\/div>\n\t\t\t\t\t<\/div>\n\n\t\n\n\t<div id=\"col-1732842986\" class=\"col medium-4 small-12 large-4\"  >\n\t\t\t\t<div class=\"col-inner\"  >\n\t\t\t\n\t\t\t\n\n\t<div id=\"text-2562101513\" class=\"text\">\n\t\t\n\n<p>July 11, 2023<br \/>CAM\u00f5es featured with the University of Texas at Austin Portugal Program:<\/p>\n<p><a href=\"https:\/\/utaustinportugal.org\/ut-austin-portugal-premieres-in-the-explorers-clubs-global-exploration-summit\/\" target=\"_blank\" rel=\"noopener\">https:\/\/utaustinportugal.org\/ut-austin-portugal-premieres-in-the-explorers-clubs-global-exploration-summit\/<\/a><\/p>\n\t\t\n<style>\n#text-2562101513 {\n  text-align: left;\n}\n<\/style>\n\t<\/div>\n\t\n\n\t\t<\/div>\n\t\t\t\t\t<\/div>\n\n\t\n\n\t<div id=\"col-499007203\" class=\"col medium-4 small-12 large-4\"  >\n\t\t\t\t<div class=\"col-inner\"  >\n\t\t\t\n\t\t\t\n\n\t<div id=\"text-4010761160\" class=\"text\">\n\t\t\n\n<p style=\"text-align: left;\">June 30, 2023<br \/>CAM\u00f5es featured in SpaceWatch.Global:\u00a0<\/p>\n<h5 style=\"text-align: left;\"><a href=\"https:\/\/spacewatch.global\/2023\/06\/spacewatchgl-opinion-building-the-future-of-space-ocean-earth-collaborative-research\/\" target=\"_blank\" rel=\"noopener\"><b><span style=\"font-size: 115%;\"><em>Building the Future of Space, Ocean, Earth Collaborative Research<\/em><\/span><\/b><\/a><\/h5>\n<p style=\"text-align: left;\">\u00a0<\/p>\n\t\t\n<style>\n#text-4010761160 {\n  text-align: center;\n}\n<\/style>\n\t<\/div>\n\t\n\n\t\t<\/div>\n\t\t\t\t\t<\/div>\n\n\t\n\n\t<div id=\"col-1822432830\" class=\"col medium-4 small-12 large-4\"  >\n\t\t\t\t<div class=\"col-inner\"  >\n\t\t\t\n\t\t\t\n\n<p style=\"text-align: left;\">June 16, 2023<br \/>CAM\u00f5es featured in the Portugal newspaper Expresso:<\/p>\n<h5 style=\"text-align: left;\"><a href=\"https:\/\/expresso.pt\/sociedade\/ciencia\/2023-06-16-Gruta-na-ilha-Terceira-vai-receber-primeira-missao-espacial-analoga-a-Marte-939006b6\" target=\"_blank\" rel=\"noopener\"><b><span style=\"font-size: 115%;\"><em>Gruta na ilha Terceira vai receber primeira &#8220;miss\u00e3o espacial an\u00e1loga a Marte&#8221;<\/em><\/span><\/b><\/a><\/h5>\n\n\t\t<\/div>\n\t\t\t\t\t<\/div>\n\n\t\n\n\t<div id=\"col-69459839\" class=\"col medium-4 small-12 large-4\"  >\n\t\t\t\t<div class=\"col-inner\"  >\n\t\t\t\n\t\t\t\n\n<p style=\"text-align: left;\">June 14, 2023<br \/>CAM\u00f5es featured in the INESC TEC news:<\/p>\n<h5 style=\"text-align: left;\"><a href=\"https:\/\/www.inesctec.pt\/en\/news\/inesc-tec-among-the-entities-promoting-the-first-analog-space-mission-carried-out-in-portugal#about\" target=\"_blank\" rel=\"noopener\"><b><span style=\"font-size: 115%;\"><em>INESC TEC among the entities promoting the first analog space mission carried out in Portugal<\/em><\/span><\/b><\/a><\/h5>\n\n\t\t<\/div>\n\t\t\t\t\t<\/div>\n\n\t\n\n\t<div id=\"col-141663081\" class=\"col medium-4 small-12 large-4\"  >\n\t\t\t\t<div class=\"col-inner\"  >\n\t\t\t\n\t\t\t\n\n\t<div id=\"text-2368570202\" class=\"text\">\n\t\t\n\n<p>May 8, 2023<br \/>CAM\u00f5es Co-Lead, Dr. Ana Pires, featured on TVI Jornal in Portugal for her analog work:<\/p>\n<p><span style=\"font-size: 115%;\"><em><a href=\"https:\/\/youtu.be\/evWxQ0Uidt0\" target=\"_blank\" rel=\"noopener\"><b>Ana Pires, miss\u00e3o an\u00e1loga a Marte &#8211; TVI Jornal<\/b><\/a><\/em><\/span><\/p>\n\t\t\n<style>\n#text-2368570202 {\n  text-align: left;\n}\n<\/style>\n\t<\/div>\n\t\n\n\t\t<\/div>\n\t\t\t\t\t<\/div>\n\n\t\n\n\t<div id=\"col-2134340868\" class=\"col medium-4 small-12 large-4\"  >\n\t\t\t\t<div class=\"col-inner\"  >\n\t\t\t\n\t\t\t\n\n\t<div id=\"text-3160074962\" class=\"text\">\n\t\t\n\n<p>April 25, 2023<\/p>\n<p>CAM\u00f5es Co-Lead, Dr. Ana Pires, featured on CNN Portugal for her space analog work:<\/p>\n<h5><span style=\"font-size: 115%;\"><em><b>Cientista portuguesa integra miss\u00e3o an\u00e1loga a Marte. Vai estar duas semanas no deserto do Utah<\/b><\/em><\/span><\/h5>\n\t\t\n<style>\n#text-3160074962 {\n  text-align: left;\n}\n<\/style>\n\t<\/div>\n\t\n\n\t\t<\/div>\n\t\t\t\t\t<\/div>\n\n\t\n\n<\/div>\n\n              <\/div>\n           <\/div>\n                            \n<style>\n#text-box-896896211 {\n  width: 82%;\n}\n#text-box-896896211 .text-box-content {\n  font-size: 100%;\n}\n@media (min-width:550px) {\n  #text-box-896896211 {\n    width: 97%;\n  }\n}\n<\/style>\n    <\/div>\n \n\n        <\/div>\n      <\/div>\n\n            \n<style>\n#banner-808071815 {\n  padding-top: 2344px;\n}\n#banner-808071815 .bg.bg-loaded {\n  background-image: url(https:\/\/www.montanheiros.com\/wp-content\/uploads\/2023\/07\/2023_06_17_Azores_Landscape_14.jpg);\n}\n#banner-808071815 .overlay {\n  background-color: rgba(0, 0, 0, 0.709);\n}\n#banner-808071815 .bg {\n  background-position: 18% 0%;\n}\n#banner-808071815 .ux-shape-divider--top svg {\n  height: 150px;\n  --divider-top-width: 100%;\n}\n#banner-808071815 .ux-shape-divider--bottom svg {\n  height: 150px;\n  --divider-width: 100%;\n}\n<\/style>\n  <\/div>\n\n\n\n","protected":false},"excerpt":{"rendered":"<p>Azores CAM\u00f5es home In the News Press Releases Press Kit \u00a0 In the News \u00a0 The CAM\u00f5es mission was an official Explorers Club Flag Expedition.\u00a0 The team carried Flag #72 into Gruta do Natal and contributed their exploration report to the history of the Explorers Club.\u00a0 They are featured in Volume 56.1 of the Explorers [&#8230;]\n","protected":false},"author":1,"featured_media":15739,"parent":15715,"menu_order":0,"comment_status":"closed","ping_status":"closed","template":"page-blank-landingpage.php","meta":{"jetpack_post_was_ever_published":false,"footnotes":""},"class_list":["post-15878","page","type-page","status-publish","has-post-thumbnail","hentry"],"jetpack_sharing_enabled":true,"jetpack_shortlink":"https:\/\/wp.me\/PaT0CI-486","_links":{"self":[{"href":"https:\/\/www.montanheiros.com\/en\/wp-json\/wp\/v2\/pages\/15878","targetHints":{"allow":["GET"]}}],"collection":[{"href":"https:\/\/www.montanheiros.com\/en\/wp-json\/wp\/v2\/pages"}],"about":[{"href":"https:\/\/www.montanheiros.com\/en\/wp-json\/wp\/v2\/types\/page"}],"author":[{"embeddable":true,"href":"https:\/\/www.montanheiros.com\/en\/wp-json\/wp\/v2\/users\/1"}],"replies":[{"embeddable":true,"href":"https:\/\/www.montanheiros.com\/en\/wp-json\/wp\/v2\/comments?post=15878"}],"version-history":[{"count":16,"href":"https:\/\/www.montanheiros.com\/en\/wp-json\/wp\/v2\/pages\/15878\/revisions"}],"predecessor-version":[{"id":16598,"href":"https:\/\/www.montanheiros.com\/en\/wp-json\/wp\/v2\/pages\/15878\/revisions\/16598"}],"up":[{"embeddable":true,"href":"https:\/\/www.montanheiros.com\/en\/wp-json\/wp\/v2\/pages\/15715"}],"wp:featuredmedia":[{"embeddable":true,"href":"https:\/\/www.montanheiros.com\/en\/wp-json\/wp\/v2\/media\/15739"}],"wp:attachment":[{"href":"https:\/\/www.montanheiros.com\/en\/wp-json\/wp\/v2\/media?parent=15878"}],"curies":[{"name":"wp","href":"https:\/\/api.w.org\/{rel}","templated":true}]}}