{"id":18,"date":"2019-04-09T22:45:00","date_gmt":"2019-04-09T22:45:00","guid":{"rendered":"http:\/\/montanheiros.cecilia-designs.com\/?page_id=18"},"modified":"2021-03-16T11:51:42","modified_gmt":"2021-03-16T11:51:42","slug":"montanheiros","status":"publish","type":"page","link":"https:\/\/www.montanheiros.com\/en\/montanheiros\/","title":{"rendered":"Os Montanheiros"},"content":{"rendered":"\n<div class=\"row\"  id=\"row-225267706\">\n\n\n\t<div id=\"col-1114854577\" class=\"col medium-8 small-12 large-8\"  >\n\t\t\t\t<div class=\"col-inner\"  >\n\t\t\t\n\t\t\t\n\n\n  <div class=\"banner has-hover\" id=\"banner-41045878\">\n          <div class=\"banner-inner fill\">\n        <div class=\"banner-bg fill\" >\n            <div class=\"bg fill bg-fill \"><\/div>\n                        <div class=\"overlay\"><\/div>            \n                    <\/div>\n\t\t\n        <div class=\"banner-layers container\">\n            <div class=\"fill banner-link\"><\/div>            \n\n   <div id=\"text-box-1500479177\" class=\"text-box banner-layer x75 md-x75 lg-x75 y100 md-y100 lg-y100 res-text\">\n                                <div class=\"text-box-content text dark\">\n              \n              <div class=\"text-inner text-center\">\n                  \n\n\n              <\/div>\n           <\/div>\n                            \n<style>\n#text-box-1500479177 {\n  width: 60%;\n}\n#text-box-1500479177 .text-box-content {\n  font-size: 100%;\n}\n@media (min-width:550px) {\n  #text-box-1500479177 {\n    width: 40%;\n  }\n}\n<\/style>\n    <\/div>\n \n\n        <\/div>\n      <\/div>\n\n            \n<style>\n#banner-41045878 {\n  padding-top: 300px;\n}\n#banner-41045878 .bg.bg-loaded {\n  background-image: url(https:\/\/www.montanheiros.com\/wp-content\/uploads\/2019\/04\/big1354281590.jpg);\n}\n#banner-41045878 .overlay {\n  background-color: rgba(0, 0, 0, 0.31);\n}\n#banner-41045878 .bg {\n  background-position: 69% 73%;\n}\n#banner-41045878 .ux-shape-divider--top svg {\n  height: 150px;\n  --divider-top-width: 100%;\n}\n#banner-41045878 .ux-shape-divider--bottom svg {\n  height: 150px;\n  --divider-width: 100%;\n}\n<\/style>\n  <\/div>\n\n\n\n\t\t<\/div>\n\t\t\t\t\t<\/div>\n\n\t\n\n\t<div id=\"col-1820046826\" class=\"col medium-4 small-12 large-4\"  >\n\t\t\t\t<div class=\"col-inner\"  >\n\t\t\t\n\t\t\t\n\n\n  <div class=\"banner has-hover\" id=\"banner-779224836\">\n          <div class=\"banner-inner fill\">\n        <div class=\"banner-bg fill\" >\n            <div class=\"bg fill bg-fill \"><\/div>\n                                    \n                    <\/div>\n\t\t\n        <div class=\"banner-layers container\">\n            <div class=\"fill banner-link\"><\/div>            \n\n   <div id=\"text-box-753641200\" class=\"text-box banner-layer x50 md-x50 lg-x50 y50 md-y50 lg-y50 res-text\">\n                                <div class=\"text-box-content text dark\">\n              \n              <div class=\"text-inner text-center\">\n                  \n\n\n              <\/div>\n           <\/div>\n                            \n<style>\n#text-box-753641200 {\n  width: 60%;\n}\n#text-box-753641200 .text-box-content {\n  font-size: 100%;\n}\n@media (min-width:550px) {\n  #text-box-753641200 {\n    width: 60%;\n  }\n}\n<\/style>\n    <\/div>\n \n\n        <\/div>\n      <\/div>\n\n            \n<style>\n#banner-779224836 {\n  padding-top: 300px;\n}\n#banner-779224836 .bg.bg-loaded {\n  background-image: url(https:\/\/www.montanheiros.com\/wp-content\/uploads\/2019\/04\/big1_1389973603-1.jpg);\n}\n#banner-779224836 .ux-shape-divider--top svg {\n  height: 150px;\n  --divider-top-width: 100%;\n}\n#banner-779224836 .ux-shape-divider--bottom svg {\n  height: 150px;\n  --divider-width: 100%;\n}\n<\/style>\n  <\/div>\n\n\n\n\t\t<\/div>\n\t\t\t\t\t<\/div>\n\n\t\n\n<\/div>\n<div class=\"row\"  id=\"row-1960961757\">\n\n\n\t<div id=\"col-1521033875\" class=\"col medium-7 small-12 large-7\"  >\n\t\t\t\t<div class=\"col-inner\"  >\n\t\t\t\n\t\t\t\n\n<h2 class=\"uppercase\">Quem Somos<\/h2>\n<p>A\u00a0 Associa\u00e7\u00e3o Os Montanheiros \u00e9 uma Organiza\u00e7\u00e3o N\u00e3o Governamental de Ambiente (ONGA), constitu\u00edda na cidade de Angra do Hero\u00edsmo a 1 de dezembro de 1963, sendo uma das associa\u00e7\u00f5es mais antigas em Portugal dentro da sua \u00e1rea de atua\u00e7\u00e3o. De Utilidade P\u00fablica, por Resolu\u00e7\u00e3o de Conselho de Governo Regional de 10 de maio de 1983, tem sede pr\u00f3pria na ilha Terceira e atividade de \u00e2mbito regional, desenvolvendo-se pelas 9 ilhas dos A\u00e7ores.<\/p>\n<p>Os Montanheiros possuem desde 2004 um N\u00facleo da associa\u00e7\u00e3o na ilha do Pico, desde 2006 outro N\u00facleo na ilha de S. Jorge e em 2009 abriu um N\u00facleo na ilha de S.Miguel, que entretanto encerrou.<br \/>Sem fins lucrativos, de car\u00e1cter cient\u00edfico, cultural, educacional, l\u00fadico e ambientalista, promove a espeleologia e os interesses pela geologia como \u00e1reas principais de atividade, definidas estatutariamente. \u00c9 seu objetivo priorit\u00e1rio a inventaria\u00e7\u00e3o, explora\u00e7\u00e3o, estudo e conserva\u00e7\u00e3o das cavidades vulc\u00e2nicas nos A\u00e7ores, e ainda a valoriza\u00e7\u00e3o, promo\u00e7\u00e3o e gest\u00e3o de recursos naturais, que ofere\u00e7am potencialidades tur\u00edsticas, interesse cient\u00edfico ou necessidade de conserva\u00e7\u00e3o, mantendo no entanto diversas outras iniciativas, ligadas principalmente \u00e0 defesa e valoriza\u00e7\u00e3o do ambiente e do patrim\u00f3nio natural.<\/p>\n<p>O facto de possuir um museu vulcanoespeleol\u00f3gico, gerir turisticamente 2 cavidades vulc\u00e2nicas: Algar do Carv\u00e3o e Gruta do Natal, e promover anualmente um programa de caminhadas em natureza, denuncia o interesse que esta associa\u00e7\u00e3o sempre manteve em dar a conhecer um pouco dos importantes valores naturais destas ilhas, a todos os interessados.<\/p>\n<p>Enquanto ONGA, de \u00e2mbito regional, inscrita no Instituto de Ambiente sob o registo n\u00famero 62\/R e com estatuto definido pela Lei n.\u00ba 35\/98, de 18 de julho, Os Montanheiros gozam do direito de representa\u00e7\u00e3o nos \u00f3rg\u00e3os consultivos da administra\u00e7\u00e3o p\u00fablica regional e local, sendo atualmente parceiro social, com assento no: Conselho Regional do Ambiente e Desenvolvimento Sustent\u00e1vel (CRADS), Comiss\u00e3o Executiva do Grupo para o Estudo do Patrim\u00f3nio Espeleol\u00f3gico dos A\u00e7ores (GESPEA), Comiss\u00e3o de Acompanhamento do Plano Regional da \u00c1gua, Comiss\u00e3o de Acompanhamento dos Percursos Pedestres (CAPP), Comiss\u00e3o Mista de Coordena\u00e7\u00e3o do Plano de Ordenamento de Turismo da Regi\u00e3o Aut\u00f3noma dos A\u00e7ores (POTRAA), Comiss\u00e3o de Acompanhamento do Plano Setorial para a Rede Natura e em diversas outras comiss\u00f5es ligadas \u00e0 administra\u00e7\u00e3o regional.<\/p>\n\n\t\t<\/div>\n\t\t\t\t\t<\/div>\n\n\t\n\n\t<div id=\"col-1707420461\" class=\"col medium-5 small-12 large-5\"  >\n\t\t\t\t<div class=\"col-inner\"  >\n\t\t\t\n\t\t\t\n\n<h2 class=\"uppercase\">Distin\u00e7\u00f5es<\/h2>\n<h3>Medalha de M\u00e9rito Municipal<\/h3>\n<p>&#8211; Atribui\u00e7\u00e3o aprovada em Assembleia Municipal de Angra do Hero\u00edsmo de 19 de dezembro de 2003.<\/p>\n<h3>Membro Honor\u00e1rio da Ordem de M\u00e9rito<\/h3>\n<p>&#8211; T\u00edtulo conferido a esta associa\u00e7\u00e3o por Sua Exa. o Presidente da Rep\u00fablica Dr. M\u00e1rio Soares, a 9 junho de 1994.<\/p>\n<h3>Institui\u00e7\u00e3o de Utilidade P\u00fablica<\/h3>\n<p>&#8211; Declara\u00e7\u00e3o atribu\u00edda por Resolu\u00e7\u00e3o do Governo Regional a 10 de maio de 1983, em virtude dos relevantes servi\u00e7os prestados \u00e0 comunidade.<\/p>\n<h3>Voto de louvor<\/h3>\n<p>&#8211; Aprovado em Assembleia Municipal de Angra do Hero\u00edsmo de 29 de abril de 1983, por servi\u00e7os prestados em prol do desenvolvimento do concelho.<\/p>\n<h3>Voto de congratula\u00e7\u00e3o<\/h3>\n<p>&#8211; Aprovado em Assembleia Legislativa da Regi\u00e3o Aut\u00f3noma dos A\u00e7ores, na Horta a 10 de dezembro de 2013<\/p>\n\n\t\t<\/div>\n\t\t\t\t\t<\/div>\n\n\t\n\n<\/div>\n\n","protected":false},"excerpt":{"rendered":"<p>Quem Somos A\u00a0 Associa\u00e7\u00e3o Os Montanheiros \u00e9 uma Organiza\u00e7\u00e3o N\u00e3o Governamental de Ambiente (ONGA), constitu\u00edda na cidade de Angra do Hero\u00edsmo a 1 de dezembro de 1963, sendo uma das associa\u00e7\u00f5es mais antigas em Portugal dentro da sua \u00e1rea de atua\u00e7\u00e3o. De Utilidade P\u00fablica, por Resolu\u00e7\u00e3o de Conselho de Governo Regional de 10 de maio [&#8230;]\n","protected":false},"author":1,"featured_media":0,"parent":0,"menu_order":0,"comment_status":"closed","ping_status":"closed","template":"","meta":{"jetpack_post_was_ever_published":false,"footnotes":""},"class_list":["post-18","page","type-page","status-publish","hentry"],"jetpack_sharing_enabled":true,"jetpack_shortlink":"https:\/\/wp.me\/PaT0CI-i","_links":{"self":[{"href":"https:\/\/www.montanheiros.com\/en\/wp-json\/wp\/v2\/pages\/18","targetHints":{"allow":["GET"]}}],"collection":[{"href":"https:\/\/www.montanheiros.com\/en\/wp-json\/wp\/v2\/pages"}],"about":[{"href":"https:\/\/www.montanheiros.com\/en\/wp-json\/wp\/v2\/types\/page"}],"author":[{"embeddable":true,"href":"https:\/\/www.montanheiros.com\/en\/wp-json\/wp\/v2\/users\/1"}],"replies":[{"embeddable":true,"href":"https:\/\/www.montanheiros.com\/en\/wp-json\/wp\/v2\/comments?post=18"}],"version-history":[{"count":12,"href":"https:\/\/www.montanheiros.com\/en\/wp-json\/wp\/v2\/pages\/18\/revisions"}],"predecessor-version":[{"id":13608,"href":"https:\/\/www.montanheiros.com\/en\/wp-json\/wp\/v2\/pages\/18\/revisions\/13608"}],"wp:attachment":[{"href":"https:\/\/www.montanheiros.com\/en\/wp-json\/wp\/v2\/media?parent=18"}],"curies":[{"name":"wp","href":"https:\/\/api.w.org\/{rel}","templated":true}]}}