{"id":373,"date":"2019-04-12T09:08:16","date_gmt":"2019-04-12T09:08:16","guid":{"rendered":"http:\/\/montanheiros.cecilia-designs.com\/?page_id=373"},"modified":"2022-09-22T10:59:41","modified_gmt":"2022-09-22T10:59:41","slug":"associacao","status":"publish","type":"page","link":"https:\/\/www.montanheiros.com\/en\/montanheiros\/associacao\/","title":{"rendered":"Social Bodies"},"content":{"rendered":"\r\n\n  <div class=\"banner has-hover\" id=\"banner-1427554772\">\n          <div class=\"banner-inner fill\">\n        <div class=\"banner-bg fill\" >\n            <div class=\"bg fill bg-fill \"><\/div>\n                                    \n                    <\/div>\n\t\t\n        <div class=\"banner-layers container\">\n            <div class=\"fill banner-link\"><\/div>            \r\n\r\n   <div id=\"text-box-939973656\" class=\"text-box banner-layer x50 md-x50 lg-x50 y50 md-y50 lg-y50 res-text\">\n                                <div class=\"text-box-content text dark\">\n              \n              <div class=\"text-inner text-center\">\n                  \r\n\r\n\r\n              <\/div>\n           <\/div>\n                            \n<style>\n#text-box-939973656 {\n  width: 60%;\n}\n#text-box-939973656 .text-box-content {\n  font-size: 100%;\n}\n@media (min-width:550px) {\n  #text-box-939973656 {\n    width: 60%;\n  }\n}\n<\/style>\n    <\/div>\n \r\n\r\n        <\/div>\n      <\/div>\n\n            \n<style>\n#banner-1427554772 {\n  padding-top: 350px;\n}\n#banner-1427554772 .bg.bg-loaded {\n  background-image: url(https:\/\/www.montanheiros.com\/wp-content\/uploads\/2019\/04\/m1-1200x800.jpg);\n}\n#banner-1427554772 .bg {\n  background-position: 0% 0%;\n}\n#banner-1427554772 .ux-shape-divider--top svg {\n  height: 150px;\n  --divider-top-width: 100%;\n}\n#banner-1427554772 .ux-shape-divider--bottom svg {\n  height: 150px;\n  --divider-width: 100%;\n}\n<\/style>\n  <\/div>\n\n\r\n\t<div id=\"gap-1510449072\" class=\"gap-element clearfix\" style=\"display:block; height:auto;\">\n\t\t\n<style>\n#gap-1510449072 {\n  padding-top: 30px;\n}\n<\/style>\n\t<\/div>\n\t\r\n\r\n<div class=\"row\"  id=\"row-698164787\">\r\n\r\n\n\t<div id=\"col-1638977210\" class=\"col medium-8 small-12 large-8\"  >\n\t\t\t\t<div class=\"col-inner\"  >\n\t\t\t\n\t\t\t\r\n\r\n<h2>Social Bodies \u2013 Association\u2019s Regional Direction<\/h2>\r\n<p><strong>General Assembly:<\/strong> <br \/>President &#8211; Maria Marcelina Silva Alves<br \/>Vice-President &#8211; Lu\u00eds Miguel Duarte Barcelos<br \/>Secretary &#8211; Jos\u00e9 Ant\u00f3nio N\u00f3ia Trigueiro<\/p>\r\n<p><strong>Direction: <\/strong><br \/>President &#8211; Paulo Jos\u00e9 Mendes Barcelos <br \/>Secretary &#8211; Jos\u00e9 Maria Ferreira Botelho <br \/>Treasury &#8211; Jos\u00e9 Gabriel da Rosa Ficher <br \/>1st Voting Member &#8211; Fernando Emanuel Amarante Pacheco Pereira <br \/>2nd Voting Member &#8211; Paulo Henrique Lopes Mendon\u00e7a<\/p>\r\n<p><strong>Fiscal Council:<\/strong> <br \/>President &#8211; Jos\u00e9 Daniel de Sousa da Costa <br \/>Vice-President &#8211; Gil da Silva Navalho <br \/>Secretary &#8211; Lu\u00eds Ant\u00f3nio Nascimento Parreira<\/p>\r\n\r\n\t\t<\/div>\n\t\t\t\t\t<\/div>\n\n\t\r\n\n\t<div id=\"col-1929530392\" class=\"col medium-4 small-12 large-4\"  >\n\t\t\t\t<div class=\"col-inner\"  >\n\t\t\t\n\t\t\t\r\n\r\n<h1>\u00a0<\/h1>\r\n<h1>Address and Contacts<\/h1>\r\n<p>Rua da Rocha, n.\u00ba8<br \/>9700-169 Angra do Hero\u00edsmo<\/p>\r\n<div class=\"social-icons follow-icons\" ><span>Associa\u00e7\u00e3o Os Montanheiros<\/span><a href=\"mailto:montanheiros@montanheiros.com\" data-label=\"E-mail\" rel=\"nofollow\" class=\"icon button circle is-outline  email tooltip\" title=\"Send us an email\" aria-label=\"Send us an email\"><i class=\"icon-envelop\" ><\/i><\/a><a href=\"tel:295212992\" target=\"_blank\" data-label=\"Phone\" rel=\"noopener noreferrer nofollow\" class=\"icon button circle is-outline  phone tooltip\" title=\"Call us\" aria-label=\"Call us\"><i class=\"icon-phone\" ><\/i><\/a><\/div>\r\n\r\n<div class=\"social-icons follow-icons\" ><span>Phone<\/span><a href=\"tel:961362215\" target=\"_blank\" data-label=\"Phone\" rel=\"noopener noreferrer nofollow\" class=\"icon button circle is-outline  phone tooltip\" title=\"Call us\" aria-label=\"Call us\"><i class=\"icon-phone\" ><\/i><\/a><\/div>\r\n\r\n<h3>Business hours<\/h3>\r\n<p>Working days: 08:00h to 12:00h &#8211; 13h00 to 16h00<\/p>\r\n\r\n\t\t<\/div>\n\t\t\t\t\t<\/div>\n\n\t\r\n\r\n<\/div>\r\n\r\n","protected":false},"excerpt":{"rendered":"<p>Social Bodies \u2013 Association\u2019s Regional Direction General Assembly: President &#8211; Maria Marcelina Silva AlvesVice-President &#8211; Lu\u00eds Miguel Duarte BarcelosSecretary &#8211; Jos\u00e9 Ant\u00f3nio N\u00f3ia Trigueiro Direction: President &#8211; Paulo Jos\u00e9 Mendes Barcelos Secretary &#8211; Jos\u00e9 Maria Ferreira Botelho Treasury &#8211; Jos\u00e9 Gabriel da Rosa Ficher 1st Voting Member &#8211; Fernando Emanuel Amarante Pacheco Pereira 2nd Voting [&#8230;]\n","protected":false},"author":1,"featured_media":0,"parent":18,"menu_order":1,"comment_status":"closed","ping_status":"closed","template":"","meta":{"jetpack_post_was_ever_published":false,"footnotes":""},"class_list":["post-373","page","type-page","status-publish","hentry"],"jetpack_sharing_enabled":true,"jetpack_shortlink":"https:\/\/wp.me\/PaT0CI-61","_links":{"self":[{"href":"https:\/\/www.montanheiros.com\/en\/wp-json\/wp\/v2\/pages\/373","targetHints":{"allow":["GET"]}}],"collection":[{"href":"https:\/\/www.montanheiros.com\/en\/wp-json\/wp\/v2\/pages"}],"about":[{"href":"https:\/\/www.montanheiros.com\/en\/wp-json\/wp\/v2\/types\/page"}],"author":[{"embeddable":true,"href":"https:\/\/www.montanheiros.com\/en\/wp-json\/wp\/v2\/users\/1"}],"replies":[{"embeddable":true,"href":"https:\/\/www.montanheiros.com\/en\/wp-json\/wp\/v2\/comments?post=373"}],"version-history":[{"count":20,"href":"https:\/\/www.montanheiros.com\/en\/wp-json\/wp\/v2\/pages\/373\/revisions"}],"predecessor-version":[{"id":14912,"href":"https:\/\/www.montanheiros.com\/en\/wp-json\/wp\/v2\/pages\/373\/revisions\/14912"}],"up":[{"embeddable":true,"href":"https:\/\/www.montanheiros.com\/en\/wp-json\/wp\/v2\/pages\/18"}],"wp:attachment":[{"href":"https:\/\/www.montanheiros.com\/en\/wp-json\/wp\/v2\/media?parent=373"}],"curies":[{"name":"wp","href":"https:\/\/api.w.org\/{rel}","templated":true}]}}