{"id":383,"date":"2019-04-12T14:06:35","date_gmt":"2019-04-12T14:06:35","guid":{"rendered":"http:\/\/montanheiros.cecilia-designs.com\/?page_id=383"},"modified":"2019-12-02T21:58:02","modified_gmt":"2019-12-02T21:58:02","slug":"atividades","status":"publish","type":"page","link":"https:\/\/www.montanheiros.com\/en\/montanheiros\/atividades\/","title":{"rendered":"Atividades Desenvolvidas"},"content":{"rendered":"\n  <div class=\"banner-grid-wrapper\">\n  <div id=\"banner-grid-179846895\" class=\"banner-grid row row-grid row-small\" data-packery-options=\"\">\n                      \n\n<div class=\"col grid-col large-7 grid-col-1\" ><div class=\"col-inner\">\n\n\n  <div class=\"banner has-hover\" id=\"banner-226939192\">\n          <div class=\"banner-inner fill\">\n        <div class=\"banner-bg fill\" >\n            <div class=\"bg fill bg-fill \"><\/div>\n                                    \n                    <\/div>\n\t\t\n        <div class=\"banner-layers container\">\n            <div class=\"fill banner-link\"><\/div>            \n\n   <div id=\"text-box-1463541335\" class=\"text-box banner-layer x20 md-x20 lg-x20 y90 md-y90 lg-y90 res-text\">\n                                <div class=\"text-box-content text dark text-shadow-3\">\n              \n              <div class=\"text-inner text-center\">\n                  \n\n<p><span style=\"font-size: 150%;\">D\u00e9cada de 60. Reuni\u00e3o da 1\u00ba Dire\u00e7\u00e3o dos Montanheiros. Felizmente houve quem oferecesse o mobili\u00e1rio.<\/span><\/p>\n\n              <\/div>\n           <\/div>\n                            \n<style>\n#text-box-1463541335 .text-box-content {\n  background-color: rgba(115, 115, 115, 0.31);\n  font-size: 115%;\n}\n#text-box-1463541335 {\n  width: 60%;\n}\n<\/style>\n    <\/div>\n \n\n        <\/div>\n      <\/div>\n\n            \n<style>\n#banner-226939192 {\n  padding-top: 300px;\n}\n#banner-226939192 .bg.bg-loaded {\n  background-image: url(https:\/\/www.montanheiros.com\/wp-content\/uploads\/2019\/04\/big1_1389974087-1.jpg);\n}\n#banner-226939192 .bg {\n  background-position: 55% 21%;\n}\n#banner-226939192 .ux-shape-divider--top svg {\n  height: 150px;\n  --divider-top-width: 100%;\n}\n#banner-226939192 .ux-shape-divider--bottom svg {\n  height: 150px;\n  --divider-width: 100%;\n}\n<\/style>\n  <\/div>\n\n\n\n<\/div><\/div>\n<div class=\"col grid-col large-5 grid-col-1\" ><div class=\"col-inner\">\n\n\t<div class=\"img has-hover x md-x lg-x y md-y lg-y\" id=\"image_1275532175\">\n\t\t\t\t\t\t\t\t<div class=\"img-inner dark\" >\n\t\t\t<img loading=\"lazy\" decoding=\"async\" width=\"960\" height=\"538\" src=\"https:\/\/www.montanheiros.com\/wp-content\/uploads\/2019\/04\/big1377853680.jpg\" class=\"attachment-large size-large\" alt=\"\" srcset=\"https:\/\/www.montanheiros.com\/wp-content\/uploads\/2019\/04\/big1377853680.jpg 960w, https:\/\/www.montanheiros.com\/wp-content\/uploads\/2019\/04\/big1377853680-500x280.jpg 500w, https:\/\/www.montanheiros.com\/wp-content\/uploads\/2019\/04\/big1377853680-714x400.jpg 714w, https:\/\/www.montanheiros.com\/wp-content\/uploads\/2019\/04\/big1377853680-768x430.jpg 768w\" sizes=\"auto, (max-width: 960px) 100vw, 960px\" \/>\t\t\t\t\t\t\n\t\t\t\t\t<\/div>\n\t\t\t\t\t\t\t\t\n<style>\n#image_1275532175 {\n  width: 100%;\n}\n<\/style>\n\t<\/div>\n\t\n\n\n<\/div><\/div>\n\n            <\/div>\n    <style>\n    #banner-grid-179846895 .grid-col-1{height: 301px}\n    #banner-grid-179846895 .grid-col-1-2{height: 150.5px}\n    #banner-grid-179846895 .grid-col-1-3{height:100.33333333333px}\n    #banner-grid-179846895 .grid-col-2-3{height: 200.66666666667px}\n    #banner-grid-179846895 .grid-col-1-4{height: 75.25px}\n    #banner-grid-179846895 .grid-col-3-4{height: 225.75px}\n\n\n    \n    \n\n  <\/style>\n    <\/div>\n  \n<a href=\"http:\/\/montanheiros.com\/montanheiros\/atividades\/\" target=\"_self\" class=\"button success is-shade\"  >\n    <span>Atividades desenvolvidas<\/span>\n  <\/a>\n\n\n<a href=\"http:\/\/montanheiros.com\/montanheiros\/exposicoes\" target=\"_self\" class=\"button primary is-shade\"  >\n    <span>Exposi\u00e7\u00f5es<\/span>\n  <\/a>\n\n\n<a href=\"http:\/\/montanheiros.com\/montanheiros\/out-atividades\" target=\"_self\" class=\"button primary is-shade\"  >\n    <span>outras atividades<\/span>\n  <\/a>\n\n\n<div class=\"row\"  id=\"row-1868793050\">\n\n\n\t<div id=\"col-9148321\" class=\"col medium-8 small-12 large-8\"  >\n\t\t\t\t<div class=\"col-inner\"  >\n\t\t\t\n\t\t\t\n\n<div class=\"container section-title-container\" ><h3 class=\"section-title section-title-normal\"><b><\/b><span class=\"section-title-main\" >Atividades Desenvolvidas<\/span><b><\/b><\/h3><\/div>\n\n<p>N\u00e3o existindo no arquip\u00e9lago qualquer outra organiza\u00e7\u00e3o que se dedicasse, como actividade principal, \u00e0s explora\u00e7\u00f5es espeleol\u00f3gicas, ap\u00f3s o seu aparecimento em 1963, \u201cOs Montanheiros\u201d entregaram-se a desvendar os segredos deixados pelas erup\u00e7\u00f5es vulc\u00e2nicas sa\u00eddas das profundezas da terra e pelas escoadas l\u00e1vicas.<\/p>\n<p>Teriam por objectivo promover o conhecimento e divulga\u00e7\u00e3o dos motivos naturais de reconhecido interesse cient\u00edfico e paisag\u00edstico das nossas ilhas. No seu ide\u00e1rio de trabalho estava programado: (1) a realiza\u00e7\u00e3o de diversos trabalhos de campo, levantamentos topogr\u00e1ficos, fotogr\u00e1ficos e cinematogr\u00e1ficos de explora\u00e7\u00f5es espeleol\u00f3gicas, (2) fundar um museu, (3) promover excurs\u00f5es de car\u00e1cter cient\u00edfico, tur\u00edstico, cultural, desportivo e paisag\u00edstico a todo o arquip\u00e9lago, (4) confer\u00eancias e exposi\u00e7\u00f5es, (5) documentar e registar eventos ou elementos de car\u00e1cter geogr\u00e1fico, orogr\u00e1fico e geol\u00f3gicos importantes.<\/p>\n<h3>Um in\u00edcio em For\u00e7a<\/h3>\n<p>Denotando grande din\u00e2mica inicial, durante o ano de 1964 o mesmo grupo j\u00e1 havia explorado detalhadamente 17 grutas e 3 algares, todos na ilha Terceira, extraindo por vezes fragmentos rochosos e outras subst\u00e2ncias minerais, com o objectivo de fazer exposi\u00e7\u00f5es e de iniciarem um espa\u00e7o museol\u00f3gico.<br>Tamb\u00e9m desde cedo realizaram Os Montanheiros trabalho fora da ilha Terceira, organizando expedi\u00e7\u00f5es para as outras ilhas. Avan\u00e7aram para a ilha Graciosa onde fizeram v\u00e1rios estudos na Furna do Enxofre assim como na Caldeirinha do P\u00earo Botelho, onde desceram.. Na ilha de S. Jorge, nas Bocas de Santo Amaro, tamb\u00e9m fizeram estudos, \u00e0 profundidade de 140 metros. Em 1966, foram iniciados outros estudos, desta feita nalgumas grutas da ilha do Pico. Seguiram-se outras ilhas. Dado o interesse de algumas dessas grutas, procedia-se \u00e0 topografia, fotografia e filmagem das mesmas.<\/p>\n<p>Os Montanheiros mostravam uma voca\u00e7\u00e3o inata e arrojada para a espeleologia, descobrindo verdadeiras belezas subterr\u00e2neas e contribuindo valiosamente para o estudo e reconhecimento do subsolo. De ent\u00e3o para c\u00e1, t\u00eam desenvolvido uma actividade marcante valorizando o patrim\u00f3nio no subsolo, quer pela pr\u00e1tica da espeleologia, quer dotando as melhores dessas estruturas de condi\u00e7\u00f5es capazes de receber todos aqueles que pretenderem apreciar maravilhas como o Algar do carv\u00e3o.<\/p>\n<p>As actividades do grupo estendiam-se ainda a outros campos, nomeadamente com a realiza\u00e7\u00e3o de excurs\u00f5es com grupos de pessoas interessadas, \u00e0s paisagens naturais do interior da ilha.<\/p>\n<p>Em 1964, foi organizada a primeira exposi\u00e7\u00e3o, com \u00eaxito, que foi ilustrada com um interessante document\u00e1rio cinematogr\u00e1fico do trabalho que foi feito. Iniciou-se na sede da associa\u00e7\u00e3o uma exposi\u00e7\u00e3o do material recolhido nas diversas explora\u00e7\u00f5es e de fotografias dos trabalhos levados a cabo durante o seu primeiro ano de exist\u00eancia, que foi felizmente um \u00eaxito dado o interesse dos numerosos visitantes que ocorreram \u00e0 mesma. Ao arrojo da sua equipa fotogr\u00e1fica deve-se uma s\u00e9rie muito importante de valiosos documentos. Estas exposi\u00e7\u00f5es foram as precursoras daquelas que a associa\u00e7\u00e3o ainda mant\u00e9m de forma permanente.<br>Em 1965 mudam a Sede para o n.\u00ba 108 \u2013 2\u00ba, da Rua de S\u00e3o Jo\u00e3o. As instala\u00e7\u00f5es modestas n\u00e3o faziam arrefecer a chama da continuidade. Para quem l\u00e1 fosse era j\u00e1 poss\u00edvel observar um pequeno espa\u00e7o museol\u00f3gico constitu\u00eddo por diversas amostras geol\u00f3gicas, mapas a guarnecer as paredes das salas, uma sec\u00e7\u00e3o de cinema e tamb\u00e9m de fotografia documentando os valiosos trabalhos levados a cabo, equipamentos diversos: capacetes, lanternas el\u00e9ctricas de m\u00e3o, espias, cordame, picaretas, baterias, cadeira, telefones port\u00e1teis, bornais e cantis, c\u00e2ntaros fotogr\u00e1ficos, etc.<\/p>\n<p>Estava aqui a aplica\u00e7\u00e3o do conhecimento aprendido e das realidades observadas no campo. Este quadro era completado com a promo\u00e7\u00e3o de ciclos de confer\u00eancias e de palestras, animados de projec\u00e7\u00f5es, especialmente, subordinadas \u00e0 espeleologia e \u00e0 vulcanologia. Esses conv\u00edvios ocorriam em diferentes pontos da ilha, geralmente nos sal\u00f5es das filarm\u00f3nicas, e sempre com grande aflu\u00eancia de pessoas.<\/p>\n<p>Desde as actividades institu\u00eddas estatutariamente \u00e0quelas que por acr\u00e9scimo se foram juntando, no decorrer da vida activa desta associa\u00e7\u00e3o muito foi feito. Com preocupa\u00e7\u00f5es e solicita\u00e7\u00f5es diferentes, ao longo dos tempos, tamb\u00e9m muitas das actividades desta associa\u00e7\u00e3o foram sendo progressivamente alteradas, embora nunca aquelas que se prendiam com a raz\u00e3o de ser principal desta associa\u00e7\u00e3o: a espeleologia.<\/p>\n<h3>40 Anos de Actividades<\/h3>\n<p>Ao longo dos seus mais de 40 anos de exist\u00eancia que os Montanheiros tem desenvolvido in\u00fameras actividades e participado em ac\u00e7\u00f5es diversas, ligadas aos objectivos para o qual foi criada, e em resposta a solicita\u00e7\u00f5es da sociedade civil. Podemos enquadra-las nos seguintes t\u00f3picos:<\/p>\n<ul>\n<li>Reconhecimento de cavidades vulc\u00e2nicas e invent\u00e1rio do patrim\u00f3nio espeleol\u00f3gico dos A\u00e7ores, com mais de 30 expedi\u00e7\u00f5es cient\u00edficas a outras ilhas;<\/li>\n<li>Explora\u00e7\u00e3o de mais de 250 grutas e algares, com topografia, fotografia e filmagem de v\u00e1rias destas;<\/li>\n<li>Colabora\u00e7\u00e3o e apoio a grupos de cientistas nacionais e estrangeiros e outros interessados na \u00e1rea da espeleologia, que pretendem estudar os A\u00e7ores;<\/li>\n<li>Apoio a estudos de bioespeleologia \u2013 Entomofauna cavern\u00edcola;<\/li>\n<li>Abertura ao p\u00fablico, na sua sede, do \u00fanico museu vulcanoespeleol\u00f3gico do pa\u00eds;<\/li>\n<li>Exposi\u00e7\u00f5es permanentes na sua sede, sobre vulcanologia, patrim\u00f3nio flor\u00edstico, geologia geral, taxidermia, xiloteca, pedologia, geomorfologia das ilhas e do mar com recurso a maquetas, e exposi\u00e7\u00e3o fotogr\u00e1fica permanente sobre os A\u00e7ores;<\/li>\n<li>Abertura ao p\u00fablico do Monumento Natural Regional Algar do Carv\u00e3o, a mais preciosa cavidade vulc\u00e2nica da Regi\u00e3o, perten\u00e7a desta associa\u00e7\u00e3o; abertura ao p\u00fablico da \u201cGruta do Natal\u201d, um tubo de lava muito conhecido pelos eventos sociais que l\u00e1 se realizam; gest\u00e3o tur\u00edstica da Gruta das Torres, um projecto pertencente \u00e0 Secretaria Regional do Ambiente e do Mar;<\/li>\n<li>Exposi\u00e7\u00e3o m\u00f3vel \u201cConhecer para preservar\u201d, em pain\u00e9is de fotografias muito variadas, que percorrem diversos espa\u00e7os p\u00fablicos nesta ilha a fim de dar a conhecer e sensibilizar as pessoas na protec\u00e7\u00e3o dos nossos mais importantes valores naturais;<\/li>\n<li>Ac\u00e7\u00f5es de forma\u00e7\u00e3o e exerc\u00edcios de demonstra\u00e7\u00e3o para aprendizagem da espeleologia a grupos escolares e outros grupos sociais;<\/li>\n<li>Apoio a escolas em trabalhos v\u00e1rios, com recep\u00e7\u00e3o de turmas para visitas guiadas;<\/li>\n<li>Programa anual de caminhadas, aberto ao p\u00fablico em geral;<\/li>\n<li>Demonstra\u00e7\u00e3o, forma\u00e7\u00e3o e apoio a actividades regulares na \u00e1rea da escalada;<\/li>\n<li>Organiza\u00e7\u00e3o de outras actividades de ar livre e de educa\u00e7\u00e3o ambiental;<\/li>\n<li>Actividades de busca e salvamento;<\/li>\n<li>Miss\u00f5es de Utilidade P\u00fablica;<\/li>\n<li>Interc\u00e2mbios com outras associa\u00e7\u00f5es para troca de experi\u00eancias e conhecimento;<\/li>\n<li>Colabora\u00e7\u00f5es com diversas entidades oficiais na organiza\u00e7\u00e3o de eventos;<\/li>\n<li>Participa\u00e7\u00e3o em congressos e simp\u00f3sios nacionais e internacionais;<\/li>\n<li>Organiza\u00e7\u00e3o de encontros com especialistas e interessados nas sua \u00e1reas de actua\u00e7\u00e3o;<\/li>\n<li>Parceiro social do Governo Regional, com assento em diversos conselhos regionais e comiss\u00f5es de acompanhamento.<\/li>\n<\/ul>\n\n\t\t<\/div>\n\t\t\t\t\t<\/div>\n\n\t\n\n\t<div id=\"col-1494598820\" class=\"col medium-4 small-12 large-4\"  >\n\t\t\t\t<div class=\"col-inner\"  >\n\t\t\t\n\t\t\t\n\n<div class=\"container section-title-container\" ><h3 class=\"section-title section-title-normal\"><b><\/b><span class=\"section-title-main\" >Hino<\/span><b><\/b><\/h3><\/div>\n\n<p>Feito j\u00e1 h\u00e1 algumas d\u00e9cadas, numa altura em que era comum as coletividades terem o seu hino, os Montanheiros tamb\u00e9m fizeram quest\u00e3o de possuir o seu, que se faz ouvir todos os anos por altura do seu anivers\u00e1rio.<\/p>\n<blockquote>\n<p><span style=\"font-size: 85%;\">Unidos e Corajosos<\/span><br><span style=\"font-size: 85%;\">Olhamos a Natureza<\/span><br><span style=\"font-size: 85%;\">Pr\u2019a desvendar, curiosos<\/span><br><span style=\"font-size: 85%;\">Sua tamanha beleza!<\/span><\/p>\n<p><span style=\"font-size: 85%;\">Pelas entranhas da Terra<\/span><br><span style=\"font-size: 85%;\">Andamos dia ap\u00f3s dia<\/span><br><span style=\"font-size: 85%;\">Pisando o vale e a Serra<\/span><br><span style=\"font-size: 85%;\">Com ardor e galhardia!<\/span><\/p>\n<p><span style=\"font-size: 85%;\">Avante Montanheiros<\/span><br><span style=\"font-size: 85%;\">Num gesto de civismo<\/span><br><span style=\"font-size: 85%;\">N\u00f3s fomos os primeiros<\/span><br><span style=\"font-size: 85%;\">A descer ao abismo.<\/span><br><span style=\"font-size: 85%;\">As grutas e algares,<\/span><br><span style=\"font-size: 85%;\">Cavernas, galerias,<\/span><br><span style=\"font-size: 85%;\">Que at\u00e9 nossos olhares<\/span><br><span style=\"font-size: 85%;\">Lhe chamam romarias<\/span><\/p>\n<p><span style=\"font-size: 85%;\">Onde jamais penetrou<\/span><br><span style=\"font-size: 85%;\">A luz do Sol t\u00e3o brilhante<\/span><br><span style=\"font-size: 85%;\">O Montanheiro entrou<\/span><br><span style=\"font-size: 85%;\">E regressou triunfante!<\/span><\/p>\n<p><span style=\"font-size: 85%;\">Nossa miss\u00e3o \u00e9 honrosa<\/span><br><span style=\"font-size: 85%;\">Nossa gente aventureira<\/span><br><span style=\"font-size: 85%;\">P\u2019ra tornar mais valorosa<\/span><br><span style=\"font-size: 85%;\">A linda ilha Terceira!<\/span><\/p>\n<p><span style=\"font-size: 85%;\">Avante Montanheiros.<\/span><br><span style=\"font-size: 85%;\">Num gesto de civismo<\/span><br><span style=\"font-size: 85%;\">N\u00f3s fomos os primeiros<\/span><br><span style=\"font-size: 85%;\">A descer ao abismo.<\/span><br><span style=\"font-size: 85%;\">As grutas e algares,<\/span><br><span style=\"font-size: 85%;\">Cavernas, galerias,<\/span><br><span style=\"font-size: 85%;\">Que at\u00e9 nossos olhares<\/span><br><span style=\"font-size: 85%;\">Lhe chamam romarias<\/span><\/p>\n<\/blockquote>\n<p class=\"small\">Letra e M\u00fasica de ANT\u00d3NIO MENDES 1971<\/p>\n\n\t\t<\/div>\n\t\t\t\t\t<\/div>\n\n\t\n\n<\/div>\n","protected":false},"excerpt":{"rendered":"<p>D\u00e9cada de 60. Reuni\u00e3o da 1\u00ba Dire\u00e7\u00e3o dos Montanheiros. Felizmente houve quem oferecesse o mobili\u00e1rio. Atividades desenvolvidas Exposi\u00e7\u00f5es outras atividades Atividades Desenvolvidas N\u00e3o existindo no arquip\u00e9lago qualquer outra organiza\u00e7\u00e3o que se dedicasse, como actividade principal, \u00e0s explora\u00e7\u00f5es espeleol\u00f3gicas, ap\u00f3s o seu aparecimento em 1963, \u201cOs Montanheiros\u201d entregaram-se a desvendar os segredos deixados pelas erup\u00e7\u00f5es vulc\u00e2nicas [&#8230;]\n","protected":false},"author":1,"featured_media":0,"parent":18,"menu_order":0,"comment_status":"closed","ping_status":"closed","template":"","meta":{"jetpack_post_was_ever_published":false,"footnotes":""},"class_list":["post-383","page","type-page","status-publish","hentry"],"jetpack_sharing_enabled":true,"jetpack_shortlink":"https:\/\/wp.me\/PaT0CI-6b","_links":{"self":[{"href":"https:\/\/www.montanheiros.com\/en\/wp-json\/wp\/v2\/pages\/383","targetHints":{"allow":["GET"]}}],"collection":[{"href":"https:\/\/www.montanheiros.com\/en\/wp-json\/wp\/v2\/pages"}],"about":[{"href":"https:\/\/www.montanheiros.com\/en\/wp-json\/wp\/v2\/types\/page"}],"author":[{"embeddable":true,"href":"https:\/\/www.montanheiros.com\/en\/wp-json\/wp\/v2\/users\/1"}],"replies":[{"embeddable":true,"href":"https:\/\/www.montanheiros.com\/en\/wp-json\/wp\/v2\/comments?post=383"}],"version-history":[{"count":18,"href":"https:\/\/www.montanheiros.com\/en\/wp-json\/wp\/v2\/pages\/383\/revisions"}],"predecessor-version":[{"id":12111,"href":"https:\/\/www.montanheiros.com\/en\/wp-json\/wp\/v2\/pages\/383\/revisions\/12111"}],"up":[{"embeddable":true,"href":"https:\/\/www.montanheiros.com\/en\/wp-json\/wp\/v2\/pages\/18"}],"wp:attachment":[{"href":"https:\/\/www.montanheiros.com\/en\/wp-json\/wp\/v2\/media?parent=383"}],"curies":[{"name":"wp","href":"https:\/\/api.w.org\/{rel}","templated":true}]}}