{"id":470,"date":"2019-04-13T18:19:58","date_gmt":"2019-04-13T18:19:58","guid":{"rendered":"http:\/\/montanheiros.cecilia-designs.com\/?page_id=470"},"modified":"2021-03-16T12:06:13","modified_gmt":"2021-03-16T12:06:13","slug":"historia","status":"publish","type":"page","link":"https:\/\/www.montanheiros.com\/en\/montanheiros\/historia\/","title":{"rendered":"History"},"content":{"rendered":" <div class=\"row\"  id=\"row-854857340\"> \n\t<div id=\"col-1570262857\" class=\"col medium-4 small-12 large-4\"  >\n\t\t\t\t<div class=\"col-inner\"  >\n\t\t\t\n\t\t\t \n  <div class=\"banner has-hover\" id=\"banner-93656815\">\n          <div class=\"banner-inner fill\">\n        <div class=\"banner-bg fill\" >\n            <div class=\"bg fill bg-fill \"><\/div>\n                                    \n                    <\/div>\n\t\t\n        <div class=\"banner-layers container\">\n            <div class=\"fill banner-link\"><\/div>                <div id=\"text-box-1812485498\" class=\"text-box banner-layer x50 md-x50 lg-x50 y50 md-y50 lg-y50 res-text\">\n                                <div class=\"text-box-content text dark\">\n              \n              <div class=\"text-inner text-center\">\n                                 <\/div>\n           <\/div>\n                            \n<style>\n#text-box-1812485498 {\n  width: 60%;\n}\n#text-box-1812485498 .text-box-content {\n  font-size: 100%;\n}\n@media (min-width:550px) {\n  #text-box-1812485498 {\n    width: 60%;\n  }\n}\n<\/style>\n    <\/div>\n          <\/div>\n      <\/div>\n\n            \n<style>\n#banner-93656815 {\n  padding-top: 400px;\n}\n#banner-93656815 .bg.bg-loaded {\n  background-image: url(https:\/\/www.montanheiros.com\/wp-content\/uploads\/2019\/04\/big4_1553687307.jpg);\n}\n#banner-93656815 .ux-shape-divider--top svg {\n  height: 150px;\n  --divider-top-width: 100%;\n}\n#banner-93656815 .ux-shape-divider--bottom svg {\n  height: 150px;\n  --divider-width: 100%;\n}\n<\/style>\n  <\/div>\n\n \t\t<\/div>\n\t\t\t\t\t<\/div>\n\n\t \n\t<div id=\"col-1301196594\" class=\"col medium-4 small-12 large-4\"  >\n\t\t\t\t<div class=\"col-inner\"  >\n\t\t\t\n\t\t\t \n  <div class=\"banner has-hover\" id=\"banner-471474616\">\n          <div class=\"banner-inner fill\">\n        <div class=\"banner-bg fill\" >\n            <div class=\"bg fill bg-fill \"><\/div>\n                                    \n                    <\/div>\n\t\t\n        <div class=\"banner-layers container\">\n            <div class=\"fill banner-link\"><\/div>                <div id=\"text-box-1919873142\" class=\"text-box banner-layer x50 md-x50 lg-x50 y50 md-y50 lg-y50 res-text\">\n                                <div class=\"text-box-content text dark\">\n              \n              <div class=\"text-inner text-center\">\n                                 <\/div>\n           <\/div>\n                            \n<style>\n#text-box-1919873142 {\n  width: 60%;\n}\n#text-box-1919873142 .text-box-content {\n  font-size: 100%;\n}\n@media (min-width:550px) {\n  #text-box-1919873142 {\n    width: 60%;\n  }\n}\n<\/style>\n    <\/div>\n          <\/div>\n      <\/div>\n\n            \n<style>\n#banner-471474616 {\n  padding-top: 400px;\n}\n#banner-471474616 .bg.bg-loaded {\n  background-image: url(https:\/\/www.montanheiros.com\/wp-content\/uploads\/2019\/04\/big1_1389976625-1.jpg);\n}\n#banner-471474616 .ux-shape-divider--top svg {\n  height: 150px;\n  --divider-top-width: 100%;\n}\n#banner-471474616 .ux-shape-divider--bottom svg {\n  height: 150px;\n  --divider-width: 100%;\n}\n<\/style>\n  <\/div>\n\n \t\t<\/div>\n\t\t\t\t\t<\/div>\n\n\t \n\t<div id=\"col-1223615265\" class=\"col medium-4 small-12 large-4\"  >\n\t\t\t\t<div class=\"col-inner\"  >\n\t\t\t\n\t\t\t \n  <div class=\"banner has-hover\" id=\"banner-454555555\">\n          <div class=\"banner-inner fill\">\n        <div class=\"banner-bg fill\" >\n            <div class=\"bg fill bg-fill \"><\/div>\n                                    \n                    <\/div>\n\t\t\n        <div class=\"banner-layers container\">\n            <div class=\"fill banner-link\"><\/div>                <div id=\"text-box-877662365\" class=\"text-box banner-layer x50 md-x50 lg-x50 y50 md-y50 lg-y50 res-text\">\n                                <div class=\"text-box-content text dark\">\n              \n              <div class=\"text-inner text-center\">\n                                 <\/div>\n           <\/div>\n                            \n<style>\n#text-box-877662365 {\n  width: 60%;\n}\n#text-box-877662365 .text-box-content {\n  font-size: 100%;\n}\n@media (min-width:550px) {\n  #text-box-877662365 {\n    width: 60%;\n  }\n}\n<\/style>\n    <\/div>\n          <\/div>\n      <\/div>\n\n            \n<style>\n#banner-454555555 {\n  padding-top: 400px;\n}\n#banner-454555555 .bg.bg-loaded {\n  background-image: url(https:\/\/www.montanheiros.com\/wp-content\/uploads\/2019\/04\/big1_1389976268-1.jpg);\n}\n#banner-454555555 .ux-shape-divider--top svg {\n  height: 150px;\n  --divider-top-width: 100%;\n}\n#banner-454555555 .ux-shape-divider--bottom svg {\n  height: 150px;\n  --divider-width: 100%;\n}\n<\/style>\n  <\/div>\n\n \t\t<\/div>\n\t\t\t\t\t<\/div>\n\n\t <\/div> <div class=\"row\"  id=\"row-1675220307\"> \n\t<div id=\"col-1816875777\" class=\"col medium-8 small-12 large-8\"  >\n\t\t\t\t<div class=\"col-inner\"  >\n\t\t\t\n\t\t\t\r\n<h1 class=\"thin-font\"><span style=\"font-size: 120%;\">History<\/span><\/h1>\r\n<p>In the early 60s we were, by many considered the \u201cgolden decade\u201d of the previous century. It was the time of revolution in the customs and mentalities. Thorough the world there was a desire to escape the dullness and routine, to lay the foundations to a better life, more social and fraternal.<\/p>\r\n<p>Although isolated in the middle of the Atlantic, the Azores did not escape the reorganization saga they getting to know, mostly through Radio, the best means of communication at the time. Each group, in each activity, were looking to set the tone as much as they could and as much as they had available. The need was felt to discover, to know, and to make known, aspects of life that until then had been ignored or forgotten. Science was expanding.<\/p>\r\n<p>This was how a group of young people, possessed by a strong adventurous spirit and an attraction for the unknown, were willing to leave the comfortable floors of the city of Angra, dedicating themselves, on weekends, to go through the wildest areas of the interior of Terceira island, &#8220;discovering&#8221; what, until then, was unknown to them. <br \/>During these walks, for the adventure and to socialize, and also to hunt some rabbits, they happened upon natural cavities hidden in the lava flows that helped form this island. They were facing a &#8220;new&#8221; natural heritage of which there were many fanciful stories, which they decided to unveil, penetrating deep into the subsoil of this island, taking the risk of descending to the algae so profusely scattered and scrutinizing many hundreds of meters of volcanic caves.<br \/>However, the practical results of these adventures did not reach the public eye. They were only transmitted orally to friends and close people. The explanation for this was the absence of an association and team spirit; they were nothing more than isolated adventures, whose ends were aimed at undoing popular belief, proving bravery, and satisfying personal curiosity. These ventures lacked the cultural, social, and scientific character that they should have.<br \/>One day someone mentioned the existence of a new &#8220;hole&#8221; that seemed worthy of a visit. One more hike and we are led to this new volcanic pit, of very considerable proportions, named Algar do Carv\u00e3o, (probably because it is located on Pico do Carv\u00e3o). After careful observation, the group realized that this new challenge was out of the ordinary, exceptionally arduous and risky, as it was for others before them.<br \/>But in August 1963, Am\u00e9rico de Lemos Silveira Luiz, at the head of a group of young people, successfully organized two promising descents to Algar do Carv\u00e3o, from where they extracted unusual pieces of rock. They were the first real explorations of Algar do Carv\u00e3o, surrounded by great fanfare, as many people came to watch, and they turned out to be very auspicious.<\/p>\r\n<p>This was the beginning of making the population aware of speleology, an activity that was completely unknown in the Azores. With the success of these descents, the spirit of the group&#8217;s greatest enthusiast, Am\u00e9rico Luiz, began to develop the idea of creating an institution that would encourage speleology studies, but that would also extend to culture and education.<br \/>The descent to Algar do Carv\u00e3o had great repercussion in the press, insular and national, creating around this group of young people an atmosphere of sympathy and enthusiasm from scholars, researchers, technicians from various areas and many curious people, who provided valuable and disinterested collaboration. Some of these were Lt-Col. Jos\u00e9 Agostinho, Dr. Victor Hugo Forjaz, Dr. Jaime Ferreira, Prof. Veiga Ferreira, Prof. Zbysewsky, Eng. Fernando Codorniz Fagundes, Engineering Technicians Ulisses Simas Bettencourt and \u00c1lvaro Lopes Dias, Topographer Ant\u00f3nio Pedro and the Designer P\u00e9ricles Ortins.<br \/>Only after the descent to Algar do Carv\u00e3o had been practiced with resounding success, and given the dynamics that were being generated and the organization that was required, perhaps thinking of future actions, there was a need to ensure the participation of those who were there and create a movement capable of involving and giving credibility to the projects that the future was opening the doors to. It was important to show that such motifs and hidden beauties could be good and strong attractions if they were put within the reach of interested populations, allowing some of them not only speleology as a science but also ensuring tourism authentic poles of human attraction.<br \/>It was born then, in the spirit of these brave young men who performed such feats, the idea of creating an associative movement properly organized and with appropriate statutes, which would encourage the studies of speleology, but whose action was also extensive to the promotion of knowledge, dissemination and protection of natural geological heritage and landscape.<br \/>It was on the last Sunday of November 1963 when it was decided to make it an official group called<strong>\u201cOs Montanheiros\u201c \u2013 Organiza\u00e7\u00e3o de Campismo Terceirense\u201d. <\/strong><br \/>Soon after, on December 1, 1963, the first headquarters was made, located at Rua de S\u00e3o Jo\u00e3o, n\u00ba 127, in Angra, making this the founding day, commemorated every year. In the management book of Os Montanheiros there is this date marked as the beginning of the activities, accompanied by the names of the following members: Am\u00e9rico Juiz, Lu\u00eds Rafael \u00c1vila Azevedo, Jo\u00e3o Pereira, Jorge Silva, Jos\u00e9 Louren\u00e7o Miranda, \u00c2ngelo Silveira Luiz. Then, with time, other wills joined it, increasing the flow of enthusiasm and the ability to do.<\/p>\r\n<p>The statutes were drawn up, and Lieutenant-Colonel Jos\u00e9 Agostinho, a friend of nostalgic memory, always available to help, contributed a lot to their making. Because the name of the group included the word <strong>\u201ccampismo\u201d<\/strong> (camping) the first statutes were not approved by the competent entity. Convinced of the importance of the initially adopted principles, and of the continuity of the group, it was decided to suppress <strong>\u201cOrganiza\u00e7\u00e3o de Campismo Terceirense\u201d<\/strong> which was replaced by <strong>\u201cSociedade Cultural Educativa\u201d<\/strong>.&nbsp;<\/p>\r\n<p>Later still, with the interests and activities of the group well defined, it was necessary to change the name of the association again, this time to <strong>\u201cOs Montanheiros &#8211; Sociedade de Explora\u00e7\u00e3o Espeleol\u00f3gica\u201d<\/strong>. The new statutes were approved and registered in 1967, and it is the name that has remained until very recently.<\/p>\r\n<p>On March 11, 2008, the current direction decided to change the name of the association to &#8220;<strong>Associa\u00e7\u00e3o Os Montanheiros<\/strong>&#8220;, because it continued to dedicate itself to the exploration of the underground world, in its disclosure and preservation, but also started to dedicate itself to environmental education and promotion of activities related to nature.<\/p>\r\n<p>Thus was born the association, known to many as OS MONTANHEIROS.<\/p>\r\n\t\t<\/div>\n\t\t\t\t\t<\/div>\n\n\t \n\t<div id=\"col-499518214\" class=\"col medium-4 small-12 large-4\"  >\n\t\t\t\t<div class=\"col-inner\"  >\n\t\t\t\n\t\t\t\r\n<h1 class=\"alt-font\"><span style=\"font-size: 120%;\"><strong>Founding Members<\/strong><\/span><\/h1>\r\n<p>Os Montanheiros were born from the mobilization of a group of citizens interested in a cause e willing to contribute with the time and means necessary to its success. The names of these men, whose contributions became decisive for the start-up of the association, are perpetuated here.<\/p>\r\n<p>1 &#8211; Am\u00e9rico de Lemos Silveira Lu\u00eds<br \/>2 &#8211; Lu\u00eds Rafael \u00c1vila Azevedo<br \/>3 &#8211; Rog\u00e9rio Tiago da Silva<br \/>4- Roberto Faria Louren\u00e7o<br \/>5 -\u00c1lvaro da Concei\u00e7\u00e3o Lopes Dias<br \/>6 &#8211; Manuel da Silva Bettencourt<br \/>7 &#8211; Guilherme Il\u00eddio Ferreira Brasil<br \/>8 &#8211; Jorge Orlando Ferreira da Silva<br \/>9 &#8211; Fernando Henrique da Costa \u00c1vila<br \/>10 &#8211; Ant\u00f3nio Deodato Ferreira<br \/>11 &#8211; Jos\u00e9 Machado Fagundes<br \/>12 &#8211; Ulisses Simas Bettencourt<br \/>13 &#8211; Jos\u00e9 Manuel Borges<br \/>14 &#8211; Anat\u00f3lio Ferreira Cardoso<br \/>15 &#8211; Diamantino Campos Paz<br \/>16 &#8211; Leonildo Paulo Soares Martins<br \/>17 &#8211; Manuel Aguiar da Silva<br \/>18 &#8211; Manuel Alves<br \/>19 &#8211; Manuel Teixeira de Sousa<br \/>20 &#8211; Paulo Jos\u00e9 Borges de Lima<br \/>21 &#8211; Eovaldo Jo\u00e3o Melo Moniz<br \/>22 &#8211; Guilherme Albano \u00c1vila<br \/>23 &#8211; Oscildo Alc\u00e1\u00e7ova Couto de Sousa<br \/>24 &#8211; Hermano Mendon\u00e7a Fernandes<br \/>25 &#8211; Arnaldo Vieira Lopes<br \/>26 &#8211; Lu\u00eds Carlos Serpa Gouveia<br \/>27 &#8211; Fernando Neto Crist\u00f3vam<br \/>28 &#8211; Jo\u00e3o Alves Regalo<br \/>29 &#8211; Jo\u00e3o Alberto de Melo Miranda<br \/>30 &#8211; Daniel Ant\u00f3nio Cardoso<\/p>\r\n<h1 class=\"alt-font\"><span style=\"font-size: 120%;\"><em><b>Hino dos Montanheiros<\/b><\/em><\/span><\/h1>\r\n<p><em>Unidos e Corajosos<\/em><br \/><em>Olhamos a Natureza<\/em><br \/><em>Pr\u2019a desvendar, curiosos<\/em><br \/><em>Sua tamanha beleza!<\/em><\/p>\r\n<p><em>Pelas entranhas da Terra<\/em><br \/><em>Andamos dia ap\u00f3s dia<\/em><br \/><em>Pisando o vale e a Serra<\/em><br \/><em>Com ardor e galhardia!<\/em><\/p>\r\n<p><em>Avante Montanheiros<\/em><br \/><em>Num gesto de civismo<\/em><br \/><em>N\u00f3s fomos os primeiros<\/em><br \/><em>A descer ao abismo.<\/em><br \/><em>As grutas e algares,<\/em><br \/><em>Cavernas, galerias,<\/em><br \/><em>Que at\u00e9 nossos olhares<\/em><br \/><em>Lhe chamam romarias &#8230;<\/em><\/p>\r\n<p><em>Onde jamais penetrou<\/em><br \/><em>A luz do Sol t\u00e3o brilhante<\/em><br \/><em>O Montanheiro entrou<\/em><br \/><em>E regressou triunfante!<\/em><\/p>\r\n<p><em>Nossa miss\u00e3o \u00e9 honrosa <\/em><br \/><em>Nossa gente aventureira<\/em><br \/><em>P\u2019ra tornar mais valorosa<\/em><br \/><em>A linda ilha Terceira!<\/em><\/p>\r\n<p><em>Avante Montanheiros.<\/em><br \/><em>Num gesto de civismo<\/em><br \/><em>N\u00f3s fomos os primeiros<\/em><br \/><em>A descer ao abismo.<\/em><br \/><em>As grutas e algares,<\/em><br \/><em>Cavernas, galerias,<\/em><br \/><em>Que at\u00e9 nossos olhares<\/em><br \/><em>Lhe chamam romarias.<\/em><\/p>\r\n<p>Lyrics and music by ANT\u00d3NIO MENDES (1971)<\/p>\r\n<p>&nbsp;<\/p>\r\n<p>&nbsp;<\/p>\r\n\t\t<\/div>\n\t\t\t\t\t<\/div>\n\n\t <\/div> ","protected":false},"excerpt":{"rendered":"<p>History In the early 60s we were, by many considered the \u201cgolden decade\u201d of the previous century. It was the time of revolution in the customs and mentalities. Thorough the world there was a desire to escape the dullness and routine, to lay the foundations to a better life, more social and fraternal. Although isolated [&#8230;]\n","protected":false},"author":1,"featured_media":0,"parent":18,"menu_order":0,"comment_status":"closed","ping_status":"closed","template":"","meta":{"jetpack_post_was_ever_published":false,"footnotes":""},"class_list":["post-470","page","type-page","status-publish","hentry"],"jetpack_sharing_enabled":true,"jetpack_shortlink":"https:\/\/wp.me\/PaT0CI-7A","_links":{"self":[{"href":"https:\/\/www.montanheiros.com\/en\/wp-json\/wp\/v2\/pages\/470","targetHints":{"allow":["GET"]}}],"collection":[{"href":"https:\/\/www.montanheiros.com\/en\/wp-json\/wp\/v2\/pages"}],"about":[{"href":"https:\/\/www.montanheiros.com\/en\/wp-json\/wp\/v2\/types\/page"}],"author":[{"embeddable":true,"href":"https:\/\/www.montanheiros.com\/en\/wp-json\/wp\/v2\/users\/1"}],"replies":[{"embeddable":true,"href":"https:\/\/www.montanheiros.com\/en\/wp-json\/wp\/v2\/comments?post=470"}],"version-history":[{"count":12,"href":"https:\/\/www.montanheiros.com\/en\/wp-json\/wp\/v2\/pages\/470\/revisions"}],"predecessor-version":[{"id":15322,"href":"https:\/\/www.montanheiros.com\/en\/wp-json\/wp\/v2\/pages\/470\/revisions\/15322"}],"up":[{"embeddable":true,"href":"https:\/\/www.montanheiros.com\/en\/wp-json\/wp\/v2\/pages\/18"}],"wp:attachment":[{"href":"https:\/\/www.montanheiros.com\/en\/wp-json\/wp\/v2\/media?parent=470"}],"curies":[{"name":"wp","href":"https:\/\/api.w.org\/{rel}","templated":true}]}}