{"id":476,"date":"2019-04-13T21:30:25","date_gmt":"2019-04-13T21:30:25","guid":{"rendered":"http:\/\/montanheiros.cecilia-designs.com\/?page_id=476"},"modified":"2025-10-12T06:42:58","modified_gmt":"2025-10-12T06:42:58","slug":"nucleo-sjorge","status":"publish","type":"page","link":"https:\/\/www.montanheiros.com\/en\/nucleo-sjorge\/","title":{"rendered":"Branch of S\u00e3o Jorge"},"content":{"rendered":"\r\n<div class=\"row\"  id=\"row-1590691178\">\r\n\r\n\n\t<div id=\"col-604646536\" class=\"col small-12 large-12\"  >\n\t\t\t\t<div class=\"col-inner\"  >\n\t\t\t\n\t\t\t\r\n\r\n\n  <div class=\"banner has-hover\" id=\"banner-1368533730\">\n          <div class=\"banner-inner fill\">\n        <div class=\"banner-bg fill\" >\n            <div class=\"bg fill bg-fill \"><\/div>\n                                    \n                    <\/div>\n\t\t\n        <div class=\"banner-layers container\">\n            <div class=\"fill banner-link\"><\/div>            \r\n\r\n   <div id=\"text-box-1099333709\" class=\"text-box banner-layer x50 md-x50 lg-x50 y50 md-y50 lg-y50 res-text\">\n                                <div class=\"text-box-content text dark\">\n              \n              <div class=\"text-inner text-center\">\n                  \r\n\r\n<h3 class=\"uppercase\" style=\"text-align: center\"><strong>Os Montanheiros\u2019 branch of<br \/><\/strong><\/h3>\r\n<h1 class=\"alt-font\" style=\"text-align: center\"><span style=\"font-size: 180%\">S\u00e3o Jorge<\/span><\/h1>\r\n\r\n              <\/div>\n           <\/div>\n                            \n<style>\n#text-box-1099333709 {\n  width: 60%;\n}\n#text-box-1099333709 .text-box-content {\n  font-size: 100%;\n}\n<\/style>\n    <\/div>\n \r\n\r\n        <\/div>\n      <\/div>\n\n            \n<style>\n#banner-1368533730 {\n  padding-top: 400px;\n}\n#banner-1368533730 .bg.bg-loaded {\n  background-image: url(https:\/\/www.montanheiros.com\/wp-content\/uploads\/2019\/04\/m13-1-1200x800.jpg);\n}\n#banner-1368533730 .bg {\n  background-position: 9% 49%;\n}\n#banner-1368533730 .ux-shape-divider--top svg {\n  height: 150px;\n  --divider-top-width: 100%;\n}\n#banner-1368533730 .ux-shape-divider--bottom svg {\n  height: 150px;\n  --divider-width: 100%;\n}\n<\/style>\n  <\/div>\n\n\r\n<a href=\"http:\/\/www.montanheiros.com\/en\/sjorge2016\/\" target=\"_self\" class=\"button primary\"  >\n    <span>atividades do N\u00facleo<\/span>\n  <\/a>\n\r\n\r\n\r\n\t\t<\/div>\n\t\t\t\t\t<\/div>\n\n\t\r\n\n\t<div id=\"col-1288370723\" class=\"col medium-7 small-12 large-7\"  >\n\t\t\t\t<div class=\"col-inner\"  >\n\t\t\t\n\t\t\t\r\n\r\n<p><span style=\"color: #000000\">The constitution of the Os Montanheiros\u2019 branch of S\u00e3o Jorge was approved at the General Assembly of the Association on February 3, 2006, the proposal passed unanimously.<\/span><\/p>\r\n<p><span style=\"color: #000000\">Following the first meeting of the Branch, held last June 2, it was approved by the present the constitution of a provisional Board for the year 2006: Director &#8211; Eduardo Rui de Braga Franco, Treasurer &#8211; Odelta de F\u00e1tima Gon\u00e7alves Cabral and Secretary &#8211; Marta Lu\u00edsa Soares.<\/span><\/p>\r\n<p><span style=\"color: #000000\">The main objectives that are placed in the near future are:<\/span><\/p>\r\n<ul type=\"circle\">\r\n<li><span style=\"color: #000000\">Promote the implementation of hiking trails on a regular basis;<\/span><\/li>\r\n<li><span style=\"color: #000000\">Promote training actions in the areas of speleology and climbing;<\/span><\/li>\r\n<li><span style=\"color: #000000\">Promote awareness actions on the natural heritage of the island of S\u00e3o Jorge;<\/span><\/li>\r\n<li><span style=\"color: #000000\">Establish partnerships with various local entities;<\/span><\/li>\r\n<\/ul>\r\n\r\n\t\t<\/div>\n\t\t\t\t\t<\/div>\n\n\t\r\n\n\t<div id=\"col-2021701994\" class=\"col medium-5 small-12 large-5\"  >\n\t\t\t\t<div class=\"col-inner\"  >\n\t\t\t\n\t\t\t\r\n\r\n<h3><img loading=\"lazy\" decoding=\"async\" class=\"alignnonewp-image-11815\" src=\"http:\/\/www.montanheiros.com\/wp-content\/uploads\/2019\/11\/big1549280105.jpeg\" alt=\"\" width=\"285\" height=\"170\" srcset=\"https:\/\/www.montanheiros.com\/wp-content\/uploads\/2019\/11\/big1549280105.jpeg 511w, https:\/\/www.montanheiros.com\/wp-content\/uploads\/2019\/11\/big1549280105-500x297.jpeg 500w\" sizes=\"auto, (max-width: 285px) 100vw, 285px\" \/><\/h3>\r\n<h3>\u00a0<\/h3>\r\n<h3>Board of Directors:<\/h3>\r\n<p>President &#8211;<span style=\"font-size: 14.4px\">Maria Odilia Silveira Teixeira<\/span><br \/>Secretary &#8211;<span style=\"font-size: 14.4px\">Monica Duarte Goncalves Jorge<\/span><br \/>Treasurer &#8211; Maria Elisabete Azevedo de Sousa<\/p>\r\n<h3>Contacts:<\/h3>\r\n<address>Edif\u00edcio da Casa do Povo das\u00a0Manadas &#8211; Estrada Regional &#8211;\u00a0Manadas<\/address>\r\n<address>\u00a0<\/address>\r\n<p>Od\u00edlia Teixeira: +351 914349440 | M\u00f3nica Jorge: +351 918054485 | Maria Elisabete Sousa: +351 963834314<\/p>\r\n<div class=\"social-icons follow-icons\" ><span>Os Montanheiros - N\u00facleo de S. Jorge<\/span><a href=\"https:\/\/www.facebook.com\/Montanheiros-N\u00facleo-de-S\u00e3o-Jorge-201820496519971\/\" target=\"_blank\" data-label=\"Facebook\" rel=\"noopener noreferrer nofollow\" class=\"icon button circle is-outline facebook tooltip\" title=\"Follow on Facebook\" aria-label=\"Follow on Facebook\"><i class=\"icon-facebook\" ><\/i><\/a><a href=\"mailto:montanheirosnucleosaojorge@gmail.com\" data-label=\"E-mail\" rel=\"nofollow\" class=\"icon button circle is-outline  email tooltip\" title=\"Send us an email\" aria-label=\"Send us an email\"><i class=\"icon-envelop\" ><\/i><\/a><\/div>\r\n\r\n\r\n\t\t<\/div>\n\t\t\t\t\t<\/div>\n\n\t\r\n\r\n<\/div>\r\n\r\n","protected":false},"excerpt":{"rendered":"<p>Os Montanheiros\u2019 branch of S\u00e3o Jorge atividades do N\u00facleo The constitution of the Os Montanheiros\u2019 branch of S\u00e3o Jorge was approved at the General Assembly of the Association on February 3, 2006, the proposal passed unanimously. Following the first meeting of the Branch, held last June 2, it was approved by the present the constitution [&#8230;]\n","protected":false},"author":1,"featured_media":0,"parent":0,"menu_order":0,"comment_status":"closed","ping_status":"closed","template":"","meta":{"jetpack_post_was_ever_published":false,"footnotes":""},"class_list":["post-476","page","type-page","status-publish","hentry"],"jetpack_sharing_enabled":true,"jetpack_shortlink":"https:\/\/wp.me\/PaT0CI-7G","_links":{"self":[{"href":"https:\/\/www.montanheiros.com\/en\/wp-json\/wp\/v2\/pages\/476","targetHints":{"allow":["GET"]}}],"collection":[{"href":"https:\/\/www.montanheiros.com\/en\/wp-json\/wp\/v2\/pages"}],"about":[{"href":"https:\/\/www.montanheiros.com\/en\/wp-json\/wp\/v2\/types\/page"}],"author":[{"embeddable":true,"href":"https:\/\/www.montanheiros.com\/en\/wp-json\/wp\/v2\/users\/1"}],"replies":[{"embeddable":true,"href":"https:\/\/www.montanheiros.com\/en\/wp-json\/wp\/v2\/comments?post=476"}],"version-history":[{"count":26,"href":"https:\/\/www.montanheiros.com\/en\/wp-json\/wp\/v2\/pages\/476\/revisions"}],"predecessor-version":[{"id":14863,"href":"https:\/\/www.montanheiros.com\/en\/wp-json\/wp\/v2\/pages\/476\/revisions\/14863"}],"wp:attachment":[{"href":"https:\/\/www.montanheiros.com\/en\/wp-json\/wp\/v2\/media?parent=476"}],"curies":[{"name":"wp","href":"https:\/\/api.w.org\/{rel}","templated":true}]}}