{"id":494,"date":"2019-04-13T21:57:50","date_gmt":"2019-04-13T21:57:50","guid":{"rendered":"http:\/\/montanheiros.cecilia-designs.com\/?page_id=494"},"modified":"2019-12-02T23:15:17","modified_gmt":"2019-12-02T23:15:17","slug":"patrimonio-natural","status":"publish","type":"page","link":"https:\/\/www.montanheiros.com\/en\/patrimonio-natural\/","title":{"rendered":"Patrim\u00f3nio Natural"},"content":{"rendered":"\n  <div class=\"banner-grid-wrapper\">\n  <div id=\"banner-grid-1356286761\" class=\"banner-grid row row-grid row-small\" data-packery-options=\"\">\n                      \n\n<div class=\"col grid-col large-3 grid-col-3-4\" ><div class=\"col-inner\">\n\n\n  <div class=\"banner has-hover\" id=\"banner-1584707872\">\n          <div class=\"banner-inner fill\">\n        <div class=\"banner-bg fill\" >\n            <div class=\"bg fill bg-fill \"><\/div>\n                                    \n                    <\/div>\n\t\t\n        <div class=\"banner-layers container\">\n            <div class=\"fill banner-link\"><\/div>            \n\n   <div id=\"text-box-1239077777\" class=\"text-box banner-layer x50 md-x50 lg-x50 y50 md-y50 lg-y50 res-text\">\n                                <div class=\"text-box-content text dark\">\n              \n              <div class=\"text-inner text-center\">\n                  \n\n<h1 class=\"alt-font\"><span style=\"font-size: 140%;\">Patrim\u00f3nio Natural<br><\/span><\/h1>\n\n              <\/div>\n           <\/div>\n                            \n<style>\n#text-box-1239077777 {\n  width: 60%;\n}\n#text-box-1239077777 .text-box-content {\n  font-size: 100%;\n}\n@media (min-width:550px) {\n  #text-box-1239077777 {\n    width: 60%;\n  }\n}\n<\/style>\n    <\/div>\n \n\n        <\/div>\n      <\/div>\n\n            \n<style>\n#banner-1584707872 {\n  padding-top: 500px;\n}\n#banner-1584707872 .bg.bg-loaded {\n  background-image: url(https:\/\/www.montanheiros.com\/wp-content\/uploads\/2019\/04\/m4-1-533x800.jpg);\n}\n#banner-1584707872 .ux-shape-divider--top svg {\n  height: 150px;\n  --divider-top-width: 100%;\n}\n#banner-1584707872 .ux-shape-divider--bottom svg {\n  height: 150px;\n  --divider-width: 100%;\n}\n<\/style>\n  <\/div>\n\n\n\n<\/div><\/div>\n<div class=\"col grid-col large-6 grid-col-2-3\" ><div class=\"col-inner\">\n\n\t<div class=\"img has-hover x md-x lg-x y md-y lg-y\" id=\"image_844626135\">\n\t\t\t\t\t\t\t\t<div class=\"img-inner dark\" >\n\t\t\t<img loading=\"lazy\" decoding=\"async\" width=\"1020\" height=\"680\" src=\"https:\/\/www.montanheiros.com\/wp-content\/uploads\/2019\/04\/m14-1200x800.jpg\" class=\"attachment-large size-large\" alt=\"\" srcset=\"https:\/\/www.montanheiros.com\/wp-content\/uploads\/2019\/04\/m14-1200x800.jpg 1200w, https:\/\/www.montanheiros.com\/wp-content\/uploads\/2019\/04\/m14-500x333.jpg 500w, https:\/\/www.montanheiros.com\/wp-content\/uploads\/2019\/04\/m14-600x400.jpg 600w, https:\/\/www.montanheiros.com\/wp-content\/uploads\/2019\/04\/m14-768x512.jpg 768w, https:\/\/www.montanheiros.com\/wp-content\/uploads\/2019\/04\/m14.jpg 2000w\" sizes=\"auto, (max-width: 1020px) 100vw, 1020px\" \/>\t\t\t\t\t\t\n\t\t\t\t\t<\/div>\n\t\t\t\t\t\t\t\t\n<style>\n#image_844626135 {\n  width: 100%;\n}\n<\/style>\n\t<\/div>\n\t\n\n\n<\/div><\/div>\n<div class=\"col grid-col large-3 grid-col-2-3\" ><div class=\"col-inner\">\n\n\t<div class=\"img has-hover x md-x lg-x y md-y lg-y\" id=\"image_574803289\">\n\t\t\t\t\t\t\t\t<div class=\"img-inner dark\" >\n\t\t\t<img loading=\"lazy\" decoding=\"async\" width=\"533\" height=\"800\" src=\"https:\/\/www.montanheiros.com\/wp-content\/uploads\/2019\/04\/m10-1-533x800.jpg\" class=\"attachment-large size-large\" alt=\"\" srcset=\"https:\/\/www.montanheiros.com\/wp-content\/uploads\/2019\/04\/m10-1-533x800.jpg 533w, https:\/\/www.montanheiros.com\/wp-content\/uploads\/2019\/04\/m10-1-500x750.jpg 500w, https:\/\/www.montanheiros.com\/wp-content\/uploads\/2019\/04\/m10-1-267x400.jpg 267w, https:\/\/www.montanheiros.com\/wp-content\/uploads\/2019\/04\/m10-1-768x1152.jpg 768w\" sizes=\"auto, (max-width: 533px) 100vw, 533px\" \/>\t\t\t\t\t\t\n\t\t\t\t\t<\/div>\n\t\t\t\t\t\t\t\t\n<style>\n#image_574803289 {\n  width: 100%;\n}\n<\/style>\n\t<\/div>\n\t\n\n\n<\/div><\/div>\n<div class=\"col grid-col large-9 grid-col-3-4\" ><div class=\"col-inner\">\n\n<div class=\"slider-wrapper relative\" id=\"slider-1675474374\" >\n    <div class=\"slider slider-nav-circle slider-nav-large slider-nav-light slider-style-normal\"\n        data-flickity-options='{\n            \"cellAlign\": \"center\",\n            \"imagesLoaded\": true,\n            \"lazyLoad\": 1,\n            \"freeScroll\": false,\n            \"wrapAround\": true,\n            \"autoPlay\": 6000,\n            \"pauseAutoPlayOnHover\" : true,\n            \"prevNextButtons\": true,\n            \"contain\" : true,\n            \"adaptiveHeight\" : true,\n            \"dragThreshold\" : 10,\n            \"percentPosition\": true,\n            \"pageDots\": true,\n            \"rightToLeft\": false,\n            \"draggable\": true,\n            \"selectedAttraction\": 0.1,\n            \"parallax\" : 0,\n            \"friction\": 0.6        }'\n        >\n        \n\n\t<div class=\"img has-hover x md-x lg-x y md-y lg-y\" id=\"image_1366754810\">\n\t\t\t\t\t\t\t\t<div class=\"img-inner image-cover dark\" style=\"padding-top:56.25%;\">\n\t\t\t<img loading=\"lazy\" decoding=\"async\" width=\"1020\" height=\"679\" src=\"https:\/\/www.montanheiros.com\/wp-content\/uploads\/2019\/04\/big291358342790.jpg\" class=\"attachment-large size-large\" alt=\"\" srcset=\"https:\/\/www.montanheiros.com\/wp-content\/uploads\/2019\/04\/big291358342790.jpg 1024w, https:\/\/www.montanheiros.com\/wp-content\/uploads\/2019\/04\/big291358342790-500x333.jpg 500w, https:\/\/www.montanheiros.com\/wp-content\/uploads\/2019\/04\/big291358342790-601x400.jpg 601w, https:\/\/www.montanheiros.com\/wp-content\/uploads\/2019\/04\/big291358342790-768x512.jpg 768w\" sizes=\"auto, (max-width: 1020px) 100vw, 1020px\" \/>\t\t\t\t\t\t\n\t\t\t\t\t<\/div>\n\t\t\t\t\t\t\t\t\n<style>\n#image_1366754810 {\n  width: 100%;\n}\n<\/style>\n\t<\/div>\n\t\n\n\t<div class=\"img has-hover x md-x lg-x y md-y lg-y\" id=\"image_60973455\">\n\t\t\t\t\t\t\t\t<div class=\"img-inner image-cover dark\" style=\"padding-top:56.25%;\">\n\t\t\t<img loading=\"lazy\" decoding=\"async\" width=\"958\" height=\"800\" src=\"https:\/\/www.montanheiros.com\/wp-content\/uploads\/2019\/04\/Montanheiros_1-1-958x800.jpg\" class=\"attachment-large size-large\" alt=\"\" srcset=\"https:\/\/www.montanheiros.com\/wp-content\/uploads\/2019\/04\/Montanheiros_1-1-958x800.jpg 958w, https:\/\/www.montanheiros.com\/wp-content\/uploads\/2019\/04\/Montanheiros_1-1-500x417.jpg 500w, https:\/\/www.montanheiros.com\/wp-content\/uploads\/2019\/04\/Montanheiros_1-1-479x400.jpg 479w, https:\/\/www.montanheiros.com\/wp-content\/uploads\/2019\/04\/Montanheiros_1-1-768x641.jpg 768w, https:\/\/www.montanheiros.com\/wp-content\/uploads\/2019\/04\/Montanheiros_1-1.jpg 2048w\" sizes=\"auto, (max-width: 958px) 100vw, 958px\" \/>\t\t\t\t\t\t\n\t\t\t\t\t<\/div>\n\t\t\t\t\t\t\t\t\n<style>\n#image_60973455 {\n  width: 100%;\n}\n<\/style>\n\t<\/div>\n\t\n\n\t<div class=\"img has-hover x md-x lg-x y md-y lg-y\" id=\"image_1245000335\">\n\t\t\t\t\t\t\t\t<div class=\"img-inner image-cover dark\" style=\"padding-top:56.25%;\">\n\t\t\t<img loading=\"lazy\" decoding=\"async\" width=\"1020\" height=\"680\" src=\"https:\/\/www.montanheiros.com\/wp-content\/uploads\/2019\/04\/Montanheiros_2-1-1200x800.jpg\" class=\"attachment-large size-large\" alt=\"\" srcset=\"https:\/\/www.montanheiros.com\/wp-content\/uploads\/2019\/04\/Montanheiros_2-1-1200x800.jpg 1200w, https:\/\/www.montanheiros.com\/wp-content\/uploads\/2019\/04\/Montanheiros_2-1-500x333.jpg 500w, https:\/\/www.montanheiros.com\/wp-content\/uploads\/2019\/04\/Montanheiros_2-1-600x400.jpg 600w, https:\/\/www.montanheiros.com\/wp-content\/uploads\/2019\/04\/Montanheiros_2-1-768x512.jpg 768w, https:\/\/www.montanheiros.com\/wp-content\/uploads\/2019\/04\/Montanheiros_2-1.jpg 2048w\" sizes=\"auto, (max-width: 1020px) 100vw, 1020px\" \/>\t\t\t\t\t\t\n\t\t\t\t\t<\/div>\n\t\t\t\t\t\t\t\t\n<style>\n#image_1245000335 {\n  width: 100%;\n}\n<\/style>\n\t<\/div>\n\t\n\n\n     <\/div>\n\n     <div class=\"loading-spin dark large centered\"><\/div>\n\n     \t<\/div>\n\n\n\n<\/div><\/div>\n<div class=\"col grid-col large-3 grid-col-2-3\" ><div class=\"col-inner\">\n\n\t<div class=\"img has-hover x md-x lg-x y md-y lg-y\" id=\"image_754802762\">\n\t\t\t\t\t\t\t\t<div class=\"img-inner dark\" >\n\t\t\t<img loading=\"lazy\" decoding=\"async\" width=\"533\" height=\"800\" src=\"https:\/\/www.montanheiros.com\/wp-content\/uploads\/2019\/04\/m9-533x800.jpg\" class=\"attachment-large size-large\" alt=\"\" srcset=\"https:\/\/www.montanheiros.com\/wp-content\/uploads\/2019\/04\/m9-533x800.jpg 533w, https:\/\/www.montanheiros.com\/wp-content\/uploads\/2019\/04\/m9-500x750.jpg 500w, https:\/\/www.montanheiros.com\/wp-content\/uploads\/2019\/04\/m9-267x400.jpg 267w, https:\/\/www.montanheiros.com\/wp-content\/uploads\/2019\/04\/m9-768x1152.jpg 768w\" sizes=\"auto, (max-width: 533px) 100vw, 533px\" \/>\t\t\t\t\t\t\n\t\t\t\t\t<\/div>\n\t\t\t\t\t\t\t\t\n<style>\n#image_754802762 {\n  width: 100%;\n}\n<\/style>\n\t<\/div>\n\t\n\n\n<\/div><\/div>\n\n            <\/div>\n    <style>\n    #banner-grid-1356286761 .grid-col-1{height: 600px}\n    #banner-grid-1356286761 .grid-col-1-2{height: 300px}\n    #banner-grid-1356286761 .grid-col-1-3{height:200px}\n    #banner-grid-1356286761 .grid-col-2-3{height: 400px}\n    #banner-grid-1356286761 .grid-col-1-4{height: 150px}\n    #banner-grid-1356286761 .grid-col-3-4{height: 450px}\n\n\n    \n    \n\n  <\/style>\n    <\/div>\n  \n<a href=\"http:\/\/montanheiros.com\/patrimonio-natural\/\" target=\"_self\" class=\"button success\"  >\n    <span>Patrim\u00f3nio Natural<\/span>\n  <\/a>\n\n\n<a href=\"http:\/\/montanheiros.com\/ed-ambiental\/fauna\" target=\"_self\" class=\"button primary\"  >\n    <span>fauna<\/span>\n  <\/a>\n\n\n<a href=\"http:\/\/montanheiros.com\/ed-ambiental\/flora\" target=\"_self\" class=\"button primary\"  >\n    <span>Flora<\/span>\n  <\/a>\n\n\n<div class=\"row\"  id=\"row-183551319\">\n\n\n\t<div id=\"col-45758661\" class=\"col medium-8 small-12 large-8\"  >\n\t\t\t\t<div class=\"col-inner\"  >\n\t\t\t\n\t\t\t\n\n<p><span style=\"color: #000000;\">\u00c9 aquilo que nestas ilhas o homem herdou e ainda n\u00e3o destruiu\u2026<\/span><\/p>\n<p><span style=\"color: #000000;\">\u00c9 o mar que nos rodeia, da mais \u00ednfima micro concha ao maior do cet\u00e1ceos que vemos passar ao largo. \u00c9 a orla costeira, semeada de pequenos penedos, de praias de areia cinzenta e de ilh\u00e9us ou vulc\u00f5es que nasceram do mar. S\u00e3o todas as aves marinhas ou migrat\u00f3rias que arribam de meses a meses; as errantes, que se desviam da rota e n\u00e3o erram a ilha; as residentes que se foram a\u00e7orianizando. Os insectos, as aranhas, outros bichos e bichinhos; s\u00e3o os l\u00edquenes e os musgos; as algas terrestres e as bact\u00e9rias. S\u00e3o as plantas\u2026 sejam \u00e1rvores ou monda, sirvam para alguma coisa ou para coisa nenhuma\u2026 as que trepam as arribas e as que cobrem os matos. S\u00e3o florestas densas, s\u00e3o bosques esparsos. S\u00e3o vulc\u00f5es adormecidos; nascentes, lagoas e ribeiras; escarpas, vales, e grutas; fumarolas, fontes hidrotermais e montes submarinos. S\u00e3o as montanhas que ultrapassam as nuvens \u2026 e s\u00f3 n\u00e3o s\u00e3o as pr\u00f3prias nuvens por serem t\u00e3o ef\u00e9meras. S\u00e3o todas as cores do arco-\u00edris, quando aparece. Sem arco-\u00edris: \u00e9 o verde, \u00e9 o azul, \u00e9 o cinzento e o negro\u2026 por vezes o amarelo.<\/span><\/p>\n<p><span style=\"color: #000000;\">Patrim\u00f3nio natural s\u00e3o as paisagens, aquilo que as molda, aquilo que as povoa. \u00c9 o que temos de melhor.<\/span><\/p>\n<p><span style=\"color: #000000;\">Quem conhece gosta, valoriza, preserva. \u00c9 assim connosco, com estes Montanheiros, para quem as avenidas se ligam naturalmente \u00e0s cumeeiras dos vulc\u00f5es.<\/span><\/p>\n<h5><span style=\"color: #000000;\">Imagens: Os Montanheiros\/ Filipe Louren\u00e7o\/ Paulo Figueiredo<\/span><\/h5>\n\n\t\t<\/div>\n\t\t\t\t\t<\/div>\n\n\t\n\n\t<div id=\"col-905310418\" class=\"col medium-4 small-12 large-4\"  >\n\t\t\t\t<div class=\"col-inner\"  >\n\t\t\t\n\t\t\t\n\n\n  <div class=\"banner has-hover\" id=\"banner-157088366\">\n          <div class=\"banner-inner fill\">\n        <div class=\"banner-bg fill\" >\n            <div class=\"bg fill bg-fill \"><\/div>\n                                    \n                    <\/div>\n\t\t\n        <div class=\"banner-layers container\">\n            <div class=\"fill banner-link\"><\/div>            \n\n   <div id=\"text-box-1335104061\" class=\"text-box banner-layer x50 md-x50 lg-x50 y50 md-y50 lg-y50 res-text\">\n                                <div class=\"text-box-content text dark\">\n              \n              <div class=\"text-inner text-center\">\n                  \n\n\n              <\/div>\n           <\/div>\n                            \n<style>\n#text-box-1335104061 {\n  width: 60%;\n}\n#text-box-1335104061 .text-box-content {\n  font-size: 100%;\n}\n@media (min-width:550px) {\n  #text-box-1335104061 {\n    width: 60%;\n  }\n}\n<\/style>\n    <\/div>\n \n\n        <\/div>\n      <\/div>\n\n            \n<style>\n#banner-157088366 {\n  padding-top: 500px;\n}\n#banner-157088366 .bg.bg-loaded {\n  background-image: url(https:\/\/www.montanheiros.com\/wp-content\/uploads\/2019\/04\/m13-1-1200x800.jpg);\n}\n#banner-157088366 .ux-shape-divider--top svg {\n  height: 150px;\n  --divider-top-width: 100%;\n}\n#banner-157088366 .ux-shape-divider--bottom svg {\n  height: 150px;\n  --divider-width: 100%;\n}\n<\/style>\n  <\/div>\n\n\n\n\t\t<\/div>\n\t\t\t\t\t<\/div>\n\n\t\n\n<\/div>\n","protected":false},"excerpt":{"rendered":"<p>Patrim\u00f3nio Natural Patrim\u00f3nio Natural fauna Flora \u00c9 aquilo que nestas ilhas o homem herdou e ainda n\u00e3o destruiu\u2026 \u00c9 o mar que nos rodeia, da mais \u00ednfima micro concha ao maior do cet\u00e1ceos que vemos passar ao largo. \u00c9 a orla costeira, semeada de pequenos penedos, de praias de areia cinzenta e de ilh\u00e9us ou [&#8230;]\n","protected":false},"author":1,"featured_media":0,"parent":0,"menu_order":0,"comment_status":"closed","ping_status":"closed","template":"","meta":{"jetpack_post_was_ever_published":false,"footnotes":""},"class_list":["post-494","page","type-page","status-publish","hentry"],"jetpack_sharing_enabled":true,"jetpack_shortlink":"https:\/\/wp.me\/PaT0CI-7Y","_links":{"self":[{"href":"https:\/\/www.montanheiros.com\/en\/wp-json\/wp\/v2\/pages\/494","targetHints":{"allow":["GET"]}}],"collection":[{"href":"https:\/\/www.montanheiros.com\/en\/wp-json\/wp\/v2\/pages"}],"about":[{"href":"https:\/\/www.montanheiros.com\/en\/wp-json\/wp\/v2\/types\/page"}],"author":[{"embeddable":true,"href":"https:\/\/www.montanheiros.com\/en\/wp-json\/wp\/v2\/users\/1"}],"replies":[{"embeddable":true,"href":"https:\/\/www.montanheiros.com\/en\/wp-json\/wp\/v2\/comments?post=494"}],"version-history":[{"count":9,"href":"https:\/\/www.montanheiros.com\/en\/wp-json\/wp\/v2\/pages\/494\/revisions"}],"predecessor-version":[{"id":12135,"href":"https:\/\/www.montanheiros.com\/en\/wp-json\/wp\/v2\/pages\/494\/revisions\/12135"}],"wp:attachment":[{"href":"https:\/\/www.montanheiros.com\/en\/wp-json\/wp\/v2\/media?parent=494"}],"curies":[{"name":"wp","href":"https:\/\/api.w.org\/{rel}","templated":true}]}}