{"id":669,"date":"2019-04-14T13:52:33","date_gmt":"2019-04-14T13:52:33","guid":{"rendered":"http:\/\/montanheiros.cecilia-designs.com\/?page_id=669"},"modified":"2025-07-23T11:15:41","modified_gmt":"2025-07-23T11:15:41","slug":"escalada","status":"publish","type":"page","link":"https:\/\/www.montanheiros.com\/en\/cdm-quem-somos\/escalada\/","title":{"rendered":"Escalada"},"content":{"rendered":"\n<div class=\"row\"  id=\"row-1445139822\">\n\n\n\t<div id=\"col-1629450931\" class=\"col medium-4 small-12 large-4\"  >\n\t\t\t\t<div class=\"col-inner\"  >\n\t\t\t\n\t\t\t\n\n\n  <div class=\"banner has-hover\" id=\"banner-350545552\">\n          <div class=\"banner-inner fill\">\n        <div class=\"banner-bg fill\" >\n            <div class=\"bg fill bg-fill \"><\/div>\n                                    \n                    <\/div>\n\t\t\n        <div class=\"banner-layers container\">\n            <div class=\"fill banner-link\"><\/div>            \n\n   <div id=\"text-box-932952642\" class=\"text-box banner-layer x50 md-x50 lg-x50 y50 md-y50 lg-y50 res-text\">\n                                <div class=\"text-box-content text dark\">\n              \n              <div class=\"text-inner text-center\">\n                  \n\n\n              <\/div>\n           <\/div>\n                            \n<style>\n#text-box-932952642 {\n  width: 60%;\n}\n#text-box-932952642 .text-box-content {\n  font-size: 100%;\n}\n<\/style>\n    <\/div>\n \n\n        <\/div>\n      <\/div>\n\n            \n<style>\n#banner-350545552 {\n  padding-top: 156px;\n}\n#banner-350545552 .bg.bg-loaded {\n  background-image: url(https:\/\/www.montanheiros.com\/wp-content\/uploads\/2019\/04\/big1493375496.jpg);\n}\n#banner-350545552 .ux-shape-divider--top svg {\n  height: 150px;\n  --divider-top-width: 100%;\n}\n#banner-350545552 .ux-shape-divider--bottom svg {\n  height: 150px;\n  --divider-width: 100%;\n}\n<\/style>\n  <\/div>\n\n\n\n\t\t<\/div>\n\t\t\t\t\t<\/div>\n\n\t\n\n\t<div id=\"col-105317412\" class=\"col medium-4 small-12 large-4\"  >\n\t\t\t\t<div class=\"col-inner\"  >\n\t\t\t\n\t\t\t\n\n\t<div class=\"img has-hover x md-x lg-x y md-y lg-y\" id=\"image_1899689676\">\n\t\t\t\t\t\t\t\t<div class=\"img-inner dark\" >\n\t\t\t<img loading=\"lazy\" decoding=\"async\" width=\"720\" height=\"480\" src=\"https:\/\/www.montanheiros.com\/wp-content\/uploads\/2019\/10\/big38_1550744302.jpg\" class=\"attachment-large size-large\" alt=\"\" srcset=\"https:\/\/www.montanheiros.com\/wp-content\/uploads\/2019\/10\/big38_1550744302.jpg 720w, https:\/\/www.montanheiros.com\/wp-content\/uploads\/2019\/10\/big38_1550744302-600x400.jpg 600w, https:\/\/www.montanheiros.com\/wp-content\/uploads\/2019\/10\/big38_1550744302-500x333.jpg 500w\" sizes=\"auto, (max-width: 720px) 100vw, 720px\" \/>\t\t\t\t\t\t\n\t\t\t\t\t<\/div>\n\t\t\t\t\t\t\t\t\n<style>\n#image_1899689676 {\n  width: 100%;\n}\n<\/style>\n\t<\/div>\n\t\n\n\n\t\t<\/div>\n\t\t\t\t\t<\/div>\n\n\t\n\n\t<div id=\"col-795709232\" class=\"col medium-4 small-12 large-4\"  >\n\t\t\t\t<div class=\"col-inner\"  >\n\t\t\t\n\t\t\t\n\n\t<div class=\"img has-hover x md-x lg-x y md-y lg-y\" id=\"image_1807098405\">\n\t\t\t\t\t\t\t\t<div class=\"img-inner dark\" >\n\t\t\t<img loading=\"lazy\" decoding=\"async\" width=\"720\" height=\"480\" src=\"https:\/\/www.montanheiros.com\/wp-content\/uploads\/2019\/10\/big1_1550744297.jpg\" class=\"attachment-large size-large\" alt=\"\" srcset=\"https:\/\/www.montanheiros.com\/wp-content\/uploads\/2019\/10\/big1_1550744297.jpg 720w, https:\/\/www.montanheiros.com\/wp-content\/uploads\/2019\/10\/big1_1550744297-600x400.jpg 600w, https:\/\/www.montanheiros.com\/wp-content\/uploads\/2019\/10\/big1_1550744297-500x333.jpg 500w\" sizes=\"auto, (max-width: 720px) 100vw, 720px\" \/>\t\t\t\t\t\t\n\t\t\t\t\t<\/div>\n\t\t\t\t\t\t\t\t\n<style>\n#image_1807098405 {\n  width: 100%;\n}\n<\/style>\n\t<\/div>\n\t\n\n\n\t\t<\/div>\n\t\t\t\t\t<\/div>\n\n\t\n\n<\/div>\n<a href=\"http:\/\/montanheiros.com\/cdm-quem-somos\" target=\"_self\" class=\"button primary\"  >\n    <span>quem somos<\/span>\n  <\/a>\n\n\n<a href=\"http:\/\/montanheiros.com\/escalada\/\" target=\"_self\" class=\"button success\"  >\n    <span>Escalada<\/span>\n  <\/a>\n\n\n<a href=\"http:\/\/montanheiros.com\/pedestrianismo\" target=\"_self\" class=\"button primary\"  >\n    <span>Pedestrianismo<\/span>\n  <\/a>\n\n\n<div class=\"row\"  id=\"row-834359386\">\n\n\n\t<div id=\"col-1434409857\" class=\"col small-12 large-12\"  >\n\t\t\t\t<div class=\"col-inner\"  >\n\t\t\t\n\t\t\t\n\n<div class=\"row\"  id=\"row-44463470\">\n\n\n\t<div id=\"col-1306004342\" class=\"col medium-6 small-12 large-6\"  >\n\t\t\t\t<div class=\"col-inner\"  >\n\t\t\t\n\t\t\t\n\n<h1 class=\"uppercase\">Escalada<\/h1>\n<p>A escalada na ilha Terceira \u00e9 relativamente recente, come\u00e7ou a ser desenvolvida h\u00e1 cerca de 20 anos por praticantes de escalada vindos de Portugal Continental e de outros locais. Quando estes escaladores foram confrontados com a realidade da Ilha Terceira, sem zonas devidamente equipadas e reconhecendo o potencial de certos locais para a pr\u00e1tica de escalada, resolveram dar o seu contributo criando assim as primeiras zonas de escalada.<\/p>\n<p>Estes primeiros passos foram os que possibilitaram o crescente interesse pela modalidade, levando consequentemente a um aumento de praticantes e posteriormente \u00e0 cria\u00e7\u00e3o da Sec\u00e7\u00e3o de Escalada da Associa\u00e7\u00e3o <em>Os Montanheiros<\/em>.<\/p>\n<p>Mais tarde, essa mesma Sec\u00e7\u00e3o de Escalada dos <em>Montanheiro<\/em>s e os seus parceiros, j\u00e1 de forma organizada e sem fins lucrativos, deram in\u00edcio a outra fase do desenvolvimento da escalada na ilha Terceira. Foram explorados novos locais, elaborados v\u00e1rios projetos de equipagem de zonas de escalada que culminaram na cria\u00e7\u00e3o de mais umas centenas de vias de escalada desportiva, nasceram incont\u00e1veis vias de escalada em bloco e muitas vias de escalada cl\u00e1ssica, um pouco por toda a ilha.<\/p>\n<p>Quando se fala de escalada na ilha Terceira \u00e9 automaticamente associada a imagem dos <em>Montanheiros <\/em>e com ela um enorme respeito pela natureza e dedica\u00e7\u00e3o para o desenvolvimento deste desporto que promove a atividade f\u00edsica em contacto com a natureza e uma constante supera\u00e7\u00e3o de obst\u00e1culos tanto f\u00edsicos como psicol\u00f3gicos.<\/p>\n<p>Dando mais um passo importante na promo\u00e7\u00e3o da pr\u00e1tica desportiva, nasce o CDM \u2013 Clube Desportivo Montanheiros que, que embora tenha personalidade jur\u00eddica pr\u00f3pria, \u00e9 patrim\u00f3nio da Associa\u00e7\u00e3o Os Montanheiros. Com a cria\u00e7\u00e3o deste clubepretendemos que seja esta entidade a assegurar e a contribuir de forma din\u00e2mica para a pr\u00e1tica, desenvolvimento e a promo\u00e7\u00e3o das modalidades desportivas que anteriormente estavam organizadas por sec\u00e7\u00f5es.<\/p>\n<p>Come\u00e7amos agora uma nova fase como clube desportivo mas mantemos toda uma experi\u00eancia acumulada ao longo dos 20 anos em que a sec\u00e7\u00e3o de escalada dinamizou este desporto. Antevemos que com esta mudan\u00e7a e experi\u00eancia acumulada, os excelentes resultados alcan\u00e7ados no passado sejam superados no futuro!<\/p>\n\n  <div class=\"banner has-hover\" id=\"banner-489285305\">\n          <div class=\"banner-inner fill\">\n        <div class=\"banner-bg fill\" >\n            <div class=\"bg fill bg-fill \"><\/div>\n                        <div class=\"overlay\"><\/div>            \n                    <\/div>\n\t\t\n        <div class=\"banner-layers container\">\n            <div class=\"fill banner-link\"><\/div>            \n\n   <div id=\"text-box-1938786277\" class=\"text-box banner-layer x50 md-x50 lg-x50 y100 md-y100 lg-y100 res-text\">\n                                <div class=\"text-box-content text box-shadow-3 dark\">\n              \n              <div class=\"text-inner text-center\">\n                  \n\n<h3><span style=\"font-size: 95%\">AS INSTALA\u00c7\u00d5ES<\/span><\/h3>\n<p style=\"text-align: left\"><span style=\"font-size: 120%\">Neste momento o CDM conta com o rec\u00e9m-inaugurado muro de escalada que se encontra no Complexo Desportivo Tom\u00e1s de Borba para a pr\u00e1tica de escalada de bloco e tamb\u00e9m uma parede de escalada desportiva. No total s\u00e3o cerca de trezentos metros quadrados de \u00e1rea escal\u00e1vel, recheados com mais de quinhentas presas que se encontram distribu\u00eddas entre os v\u00e1rios muros de escalada e uma parede para escalada desportiva. No apoio encontram-se balne\u00e1rios para que os atletas tenham todo o conforto e comodidades para o antes e depois dos treinos.<\/span><\/p>\n\n              <\/div>\n           <\/div>\n                            \n<style>\n#text-box-1938786277 .text-box-content {\n  background-color: rgba(0, 0, 0, 0.86);\n  font-size: 100%;\n}\n#text-box-1938786277 .text-inner {\n  padding: 30px 30px 30px 30px;\n}\n#text-box-1938786277 {\n  width: 60%;\n}\n@media (min-width:550px) {\n  #text-box-1938786277 {\n    width: 100%;\n  }\n}\n<\/style>\n    <\/div>\n \n\n        <\/div>\n      <\/div>\n\n            \n<style>\n#banner-489285305 {\n  padding-top: 400px;\n}\n#banner-489285305 .bg.bg-loaded {\n  background-image: url(https:\/\/www.montanheiros.com\/wp-content\/uploads\/2019\/04\/big1_1445616900.jpg);\n}\n#banner-489285305 .overlay {\n  background-color: rgba(0, 0, 0, 0.2);\n}\n#banner-489285305 .ux-shape-divider--top svg {\n  height: 150px;\n  --divider-top-width: 100%;\n}\n#banner-489285305 .ux-shape-divider--bottom svg {\n  height: 150px;\n  --divider-width: 100%;\n}\n<\/style>\n  <\/div>\n\n\n\n\t\t<\/div>\n\t\t\t\t\t<\/div>\n\n\t\n\n\t<div id=\"col-2081796582\" class=\"col medium-6 small-12 large-6\"  >\n\t\t\t\t<div class=\"col-inner\"  >\n\t\t\t\n\t\t\t\n\n<h3 style=\"text-align: center\"><strong>\u00c9POCA DESPORTIVA DE ESCALADA\u00a0<\/strong><\/h3>\n<div class=\"text_exposed_show\">\n<p>\u00a0<\/p>\n<p style=\"text-align: center\"><strong>\u00a0FIQUE A PAR DE TODA A INFORMA\u00c7\u00c3O SOBRE A MOBILIDADE, INSCRI\u00c7\u00d5ES, TREINOS E PRE\u00c7\u00c1RIO, ENTRANDO EM CONTATO COM O RESPONS\u00c1VEL ANT\u00d3NIO PAULO VAZ SOARES:<\/strong><\/p>\n<p style=\"text-align: center\">\u00a0<\/p>\n<\/div>\n<div class=\"social-icons follow-icons\" ><span>Sec\u00e7\u00e3o de Escalada<\/span><a href=\"mailto:geral.cdmontanheiros@gmail.com\" data-label=\"E-mail\" rel=\"nofollow\" class=\"icon button circle is-outline  email tooltip\" title=\"Send us an email\" aria-label=\"Send us an email\"><i class=\"icon-envelop\" ><\/i><\/a><\/div>\n\n<div class=\"text-center\"><div class=\"is-divider divider clearfix\" style=\"max-width:200px;\"><\/div><\/div>\n\n<div class=\"row\"  id=\"row-1897378461\">\n\n\n\t<div id=\"col-1849723317\" class=\"col small-12 large-12\"  >\n\t\t\t\t<div class=\"col-inner text-center\"  >\n\t\t\t\n\t\t\t\n\n\n\n<div class=\"fb-page\" data-href=\"https:\/\/www.facebook.com\/cdmontanheiros\" data-tabs=\"timeline\" data-width=\"340\" data-height=\"200\" data-small-header=\"true\" data-adapt-container-width=\"true\" data-hide-cover=\"false\" data-show-facepile=\"true\"><blockquote cite=\"https:\/\/www.facebook.com\/cdmontanheiros\" class=\"fb-xfbml-parse-ignore\"><a href=\"https:\/\/www.facebook.com\/cdmontanheiros\">Clube Desportivo Montanheiros<\/a><\/blockquote><\/div>\n\n\n\t\t<\/div>\n\t\t\t\t\t<\/div>\n\n\t\n\n<\/div>\n\n\t\t<\/div>\n\t\t\t\t\t<\/div>\n\n\t\n\n<\/div>\n\n\t\t<\/div>\n\t\t\t\t\t<\/div>\n\n\t\n\n<\/div>\n\n","protected":false},"excerpt":{"rendered":"<p>quem somos Escalada Pedestrianismo Escalada A escalada na ilha Terceira \u00e9 relativamente recente, come\u00e7ou a ser desenvolvida h\u00e1 cerca de 20 anos por praticantes de escalada vindos de Portugal Continental e de outros locais. Quando estes escaladores foram confrontados com a realidade da Ilha Terceira, sem zonas devidamente equipadas e reconhecendo o potencial de certos [&#8230;]\n","protected":false},"author":1,"featured_media":0,"parent":10655,"menu_order":0,"comment_status":"closed","ping_status":"closed","template":"","meta":{"jetpack_post_was_ever_published":false,"footnotes":""},"class_list":["post-669","page","type-page","status-publish","hentry"],"jetpack_sharing_enabled":true,"jetpack_shortlink":"https:\/\/wp.me\/PaT0CI-aN","_links":{"self":[{"href":"https:\/\/www.montanheiros.com\/en\/wp-json\/wp\/v2\/pages\/669","targetHints":{"allow":["GET"]}}],"collection":[{"href":"https:\/\/www.montanheiros.com\/en\/wp-json\/wp\/v2\/pages"}],"about":[{"href":"https:\/\/www.montanheiros.com\/en\/wp-json\/wp\/v2\/types\/page"}],"author":[{"embeddable":true,"href":"https:\/\/www.montanheiros.com\/en\/wp-json\/wp\/v2\/users\/1"}],"replies":[{"embeddable":true,"href":"https:\/\/www.montanheiros.com\/en\/wp-json\/wp\/v2\/comments?post=669"}],"version-history":[{"count":35,"href":"https:\/\/www.montanheiros.com\/en\/wp-json\/wp\/v2\/pages\/669\/revisions"}],"predecessor-version":[{"id":17571,"href":"https:\/\/www.montanheiros.com\/en\/wp-json\/wp\/v2\/pages\/669\/revisions\/17571"}],"up":[{"embeddable":true,"href":"https:\/\/www.montanheiros.com\/en\/wp-json\/wp\/v2\/pages\/10655"}],"wp:attachment":[{"href":"https:\/\/www.montanheiros.com\/en\/wp-json\/wp\/v2\/media?parent=669"}],"curies":[{"name":"wp","href":"https:\/\/api.w.org\/{rel}","templated":true}]}}