{"id":7485,"date":"2019-05-08T12:42:02","date_gmt":"2019-05-08T12:42:02","guid":{"rendered":"http:\/\/montanheiros.cecilia-designs.com\/?page_id=7485"},"modified":"2019-12-03T12:27:27","modified_gmt":"2019-12-03T12:27:27","slug":"speleoazores-home","status":"publish","type":"page","link":"https:\/\/www.montanheiros.com\/en\/speleoazores-home\/","title":{"rendered":"Speleoazores"},"content":{"rendered":"\n<div class=\"slider-wrapper relative\" id=\"slider-1198768610\" >\n    <div class=\"slider slider-nav-circle slider-nav-large slider-nav-light slider-style-normal slider-show-nav\"\n        data-flickity-options='{\n            \"cellAlign\": \"center\",\n            \"imagesLoaded\": true,\n            \"lazyLoad\": 1,\n            \"freeScroll\": false,\n            \"wrapAround\": true,\n            \"autoPlay\": 6000,\n            \"pauseAutoPlayOnHover\" : true,\n            \"prevNextButtons\": true,\n            \"contain\" : true,\n            \"adaptiveHeight\" : true,\n            \"dragThreshold\" : 10,\n            \"percentPosition\": true,\n            \"pageDots\": false,\n            \"rightToLeft\": false,\n            \"draggable\": true,\n            \"selectedAttraction\": 0.1,\n            \"parallax\" : 0,\n            \"friction\": 0.6        }'\n        >\n        \n\n\n  <div class=\"banner has-hover\" id=\"banner-327536728\">\n          <div class=\"banner-inner fill\">\n        <div class=\"banner-bg fill\" >\n            <div class=\"bg fill bg-fill \"><\/div>\n                        <div class=\"overlay\"><\/div>            \n                    <\/div>\n\t\t\n        <div class=\"banner-layers container\">\n            <div class=\"fill banner-link\"><\/div>            \n\n   <div id=\"text-box-1214540136\" class=\"text-box banner-layer x50 md-x50 lg-x50 y50 md-y50 lg-y50 res-text\">\n                                <div class=\"text-box-content text dark\">\n              \n              <div class=\"text-inner text-center\">\n                  \n\n\n              <\/div>\n           <\/div>\n                            \n<style>\n#text-box-1214540136 {\n  width: 60%;\n}\n#text-box-1214540136 .text-box-content {\n  font-size: 100%;\n}\n@media (min-width:550px) {\n  #text-box-1214540136 {\n    width: 60%;\n  }\n}\n<\/style>\n    <\/div>\n \n\n        <\/div>\n      <\/div>\n\n            \n<style>\n#banner-327536728 {\n  padding-top: 419px;\n}\n#banner-327536728 .bg.bg-loaded {\n  background-image: url(https:\/\/www.montanheiros.com\/wp-content\/uploads\/2019\/05\/big1142267503.jpg);\n}\n#banner-327536728 .overlay {\n  background-color: rgba(19, 6, 6, 0.36);\n}\n#banner-327536728 .bg {\n  background-position: 60% 46%;\n}\n#banner-327536728 .ux-shape-divider--top svg {\n  height: 150px;\n  --divider-top-width: 100%;\n}\n#banner-327536728 .ux-shape-divider--bottom svg {\n  height: 150px;\n  --divider-width: 100%;\n}\n<\/style>\n  <\/div>\n\n\n\n     <\/div>\n\n     <div class=\"loading-spin dark large centered\"><\/div>\n\n     \t<\/div>\n\n\n<div class=\"row\"  id=\"row-112827996\">\n\n\n\t<div id=\"col-279670283\" class=\"col medium-3 small-12 large-3\"  >\n\t\t\t\t<div class=\"col-inner text-left\"  >\n\t\t\t\n\t\t\t\n\n\t<div class=\"img has-hover x md-x lg-x y md-y lg-y\" id=\"image_1564710025\">\n\t\t\t\t\t\t\t\t<div class=\"img-inner dark\" >\n\t\t\t<img loading=\"lazy\" decoding=\"async\" width=\"320\" height=\"113\" src=\"https:\/\/www.montanheiros.com\/wp-content\/uploads\/2019\/05\/logo_gespea.png\" class=\"attachment-large size-large\" alt=\"\" \/>\t\t\t\t\t\t\n\t\t\t\t\t<\/div>\n\t\t\t\t\t\t\t\t\n<style>\n#image_1564710025 {\n  width: 100%;\n}\n<\/style>\n\t<\/div>\n\t\n\n\n\t\t<\/div>\n\t\t\t\t\t<\/div>\n\n\t\n\n\t<div id=\"col-1760608014\" class=\"col medium-9 small-12 large-9\"  >\n\t\t\t\t<div class=\"col-inner text-right\"  >\n\t\t\t\n\t\t\t\n\n<a href=\"\/speleoazores\/speleoazores-atividades\" target=\"_self\" class=\"button alert is-underline lowercase\"  >\n    <span>atividades<\/span>\n  <\/a>\n\n\n<a href=\"\/speleoazores\/publicacoes\/\" target=\"_self\" class=\"button alert is-underline lowercase\"  >\n    <span>publica\u00e7\u00f5es\/\/arquivo\/\/links<\/span>\n  <\/a>\n\n\n<a href=\"\/speleoazores\/quem\/\" target=\"_self\" class=\"button alert is-underline lowercase\"  >\n    <span>quem somos<\/span>\n  <\/a>\n\n\n<a href=\"\/speleoazores\/glossario\/\" target=\"_self\" class=\"button alert is-underline lowercase\"  >\n    <span>gloss\u00e1rio<\/span>\n  <\/a>\n\n\n\n\t\t<\/div>\n\t\t\t\t\t<\/div>\n\n\t\n\n<\/div>\n<div class=\"row align-middle align-center\"  id=\"row-1130916692\">\n\n\n\t<div id=\"col-2140660348\" class=\"col medium-7 small-12 large-7\"  >\n\t\t\t\t<div class=\"col-inner text-center\"  >\n\t\t\t\n\t\t\t\n\n<p style=\"text-align: left;\">Devido \u00e0 natureza vulc\u00e2nica do Arquip\u00e9lago e \u00e0 presen\u00e7a de escoadas l\u00e1vicas do tipo bas\u00e1ltico, as ilhas dos A\u00e7ores apresentam um diversificado patrim\u00f3nio espeleol\u00f3gico.<br>S\u00e3o conhecidas cerca de 250 cavidades naturais, correspondendo a muitas dezenas de quil\u00f3metros de caminhos subterr\u00e2neos, onde se escondem muitos segredos e estranhas formas de vida.<\/p>\n<p style=\"text-align: left;\">Estas cavidades s\u00e3o de diferentes tipos: grutas e algares vulc\u00e2nicos, fendas e grutas de eros\u00e3o, ocorrendo, por vezes, a combina\u00e7\u00e3o de formas.<\/p>\n<p style=\"text-align: left;\">O n\u00famero mais significativo de cavidades est\u00e1 distribu\u00eddo pelas Ilhas do Pico com 112, Terceira com 67, S. Jorge com 18, S. Miguel com 27, Graciosa com 10, embora sejam conhecidas forma\u00e7\u00f5es subterr\u00e2neas nas outras ilhas.<\/p>\n<p style=\"text-align: left;\">\u00c9 na ilha do Pico onde se pode encontrar o maior n\u00famero de esp\u00e9cies de insectos cavern\u00edcolas, aut\u00f3ctones, conhecidas nos A\u00e7ores. Os maiores tubos l\u00e1vicos existentes nos A\u00e7ores, s\u00e3o a Gruta das Torres na ilha do Pico e a Gruta dos Balc\u00f5es na ilha Terceira com 5 150m e 4421m respectivamente. O Algar do Morro Pelado e as Bocas do Fogo na ilha de S. Jorge, com 140m e 120m respectivamente, s\u00e3o os algares que apresentam maiores profundidades.<\/p>\n\n\t\t<\/div>\n\t\t\t\t\t<\/div>\n\n\t\n\n\t<div id=\"col-481038235\" class=\"col medium-5 small-12 large-5\"  >\n\t\t\t\t<div class=\"col-inner text-center\"  >\n\t\t\t\n\t\t\t\n\n\t<div class=\"img has-hover x md-x lg-x y md-y lg-y\" id=\"image_1892836011\">\n\t\t\t\t\t\t\t\t<div class=\"img-inner box-shadow-2 dark\" >\n\t\t\t<img loading=\"lazy\" decoding=\"async\" width=\"400\" height=\"253\" src=\"https:\/\/www.montanheiros.com\/wp-content\/uploads\/2019\/05\/mapa_placa_mini.jpg\" class=\"attachment-large size-large\" alt=\"\" \/>\t\t\t\t\t\t\n\t\t\t\t\t<\/div>\n\t\t\t\t\t\t\t\t\n<style>\n#image_1892836011 {\n  width: 100%;\n}\n<\/style>\n\t<\/div>\n\t\n\n\n\t\t<\/div>\n\t\t\t\t\t<\/div>\n\n\t\n\n<\/div>\n<div class=\"row\"  id=\"row-668262395\">\n\n\n\t<div id=\"col-817771777\" class=\"col medium-6 small-12 large-6\"  >\n\t\t\t\t<div class=\"col-inner\"  >\n\t\t\t\n\t\t\t\n\n\n  <div class=\"banner has-hover\" id=\"banner-1413897548\">\n          <div class=\"banner-inner fill\">\n        <div class=\"banner-bg fill\" >\n            <div class=\"bg fill bg-fill \"><\/div>\n                                    \n                    <\/div>\n\t\t\n        <div class=\"banner-layers container\">\n            <a class=\"fill\" href=\"\/speleoazores\/speleoazores-cavidades-vulcanicas\"  ><div class=\"fill banner-link\"><\/div><\/a>            \n\n   <div id=\"text-box-947257151\" class=\"text-box banner-layer x50 md-x50 lg-x50 y50 md-y50 lg-y50 res-text\">\n                                <div class=\"text-box-content text dark\">\n              \n              <div class=\"text-inner text-center\">\n                  \n\n<h2 class=\"uppercase\">cavidades vulc\u00e2nicas<\/h2>\n\n              <\/div>\n           <\/div>\n                            \n<style>\n#text-box-947257151 {\n  width: 60%;\n}\n#text-box-947257151 .text-box-content {\n  font-size: 100%;\n}\n<\/style>\n    <\/div>\n \n\n        <\/div>\n      <\/div>\n\n            \n<style>\n#banner-1413897548 {\n  padding-top: 200px;\n  background-color: rgb(222, 222, 222);\n}\n#banner-1413897548 .bg.bg-loaded {\n  background-image: url(https:\/\/www.montanheiros.com\/wp-content\/uploads\/2019\/05\/big5_1543850268.jpg);\n}\n#banner-1413897548 .bg {\n  background-position: 0% 57%;\n}\n#banner-1413897548 .ux-shape-divider--top svg {\n  height: 150px;\n  --divider-top-width: 100%;\n}\n#banner-1413897548 .ux-shape-divider--bottom svg {\n  height: 150px;\n  --divider-width: 100%;\n}\n<\/style>\n  <\/div>\n\n\n\n\t\t<\/div>\n\t\t\t\t\t<\/div>\n\n\t\n\n\t<div id=\"col-72138478\" class=\"col medium-6 small-12 large-6\"  >\n\t\t\t\t<div class=\"col-inner\"  >\n\t\t\t\n\t\t\t\n\n\n  <div class=\"banner has-hover\" id=\"banner-318579147\">\n          <div class=\"banner-inner fill\">\n        <div class=\"banner-bg fill\" >\n            <div class=\"bg fill bg-fill \"><\/div>\n                                    \n                    <\/div>\n\t\t\n        <div class=\"banner-layers container\">\n            <a class=\"fill\" href=\"\/speleoazores\/speleoazores-algar-carvao\/\"  ><div class=\"fill banner-link\"><\/div><\/a>            \n\n   <div id=\"text-box-597155750\" class=\"text-box banner-layer x50 md-x50 lg-x50 y50 md-y50 lg-y50 res-text\">\n                                <div class=\"text-box-content text dark\">\n              \n              <div class=\"text-inner text-center\">\n                  \n\n<h2 class=\"uppercase\">cavidades vulc\u00e2nicas abertas ao publico<\/h2>\n\n              <\/div>\n           <\/div>\n                            \n<style>\n#text-box-597155750 {\n  width: 60%;\n}\n#text-box-597155750 .text-box-content {\n  font-size: 100%;\n}\n<\/style>\n    <\/div>\n \n\n        <\/div>\n      <\/div>\n\n            \n<style>\n#banner-318579147 {\n  padding-top: 200px;\n  background-color: rgb(222, 222, 222);\n}\n#banner-318579147 .bg.bg-loaded {\n  background-image: url(https:\/\/www.montanheiros.com\/wp-content\/uploads\/2019\/05\/tubo.jpg);\n}\n#banner-318579147 .bg {\n  background-position: 0% 5%;\n}\n#banner-318579147 .ux-shape-divider--top svg {\n  height: 150px;\n  --divider-top-width: 100%;\n}\n#banner-318579147 .ux-shape-divider--bottom svg {\n  height: 150px;\n  --divider-width: 100%;\n}\n<\/style>\n  <\/div>\n\n\n\n\t\t<\/div>\n\t\t\t\t\t<\/div>\n\n\t\n\n\t<div id=\"col-483047367\" class=\"col large-12\"  >\n\t\t\t\t<div class=\"col-inner text-center\"  >\n\t\t\t\n\t\t\t\n\n<div class=\"container section-title-container\" ><h4 class=\"section-title section-title-center\"><b><\/b><span class=\"section-title-main\" >IPEA - invent\u00e1rio do patrim\u00f3nio espeleol\u00f3gico dos A\u00e7ores<\/span><b><\/b><\/h4><\/div>\n\n<a href=\"\/speleoazores\/ipea-faial\/\" target=\"_self\" class=\"button alert is-underline lowercase\"  style=\"border-radius:10px;\">\n    <span>Faial<\/span>\n  <\/a>\n\n\n<a href=\"\/speleoazores\/ipea-flores\/\" target=\"_self\" class=\"button alert is-underline lowercase\"  style=\"border-radius:10px;\">\n    <span>Flores<\/span>\n  <\/a>\n\n\n<a href=\"\/speleoazores\/ipea-graciosa\/\" target=\"_self\" class=\"button alert is-underline lowercase\"  style=\"border-radius:10px;\">\n    <span>Graciosa<\/span>\n  <\/a>\n\n\n<a href=\"\/speleoazores\/ipea-pico\/\" target=\"_self\" class=\"button alert is-underline lowercase\"  style=\"border-radius:10px;\">\n    <span>Pico<\/span>\n  <\/a>\n\n\n<a href=\"\/speleoazores\/ipea-sjorge\/\" target=\"_self\" class=\"button alert is-underline lowercase\"  style=\"border-radius:10px;\">\n    <span>S. Jorge<\/span>\n  <\/a>\n\n\n<a href=\"\/speleoazores\/ipea-smaria\/\" target=\"_self\" class=\"button alert is-underline lowercase\"  style=\"border-radius:10px;\">\n    <span>S. Maria<\/span>\n  <\/a>\n\n\n<a href=\"\/speleoazores\/ipea-smiguel\/\" target=\"_self\" class=\"button alert is-underline lowercase\"  style=\"border-radius:10px;\">\n    <span>S. Miguel<\/span>\n  <\/a>\n\n\n<a href=\"\/speleoazores\/ipea-terceira\/\" target=\"_self\" class=\"button alert is-underline lowercase\"  style=\"border-radius:10px;\">\n    <span>Terceira<\/span>\n  <\/a>\n\n\n\n\t\t<\/div>\n\t\t\t\t\t<\/div>\n\n\t\n\n<\/div>\n","protected":false},"excerpt":{"rendered":"<p>atividades publica\u00e7\u00f5es\/\/arquivo\/\/links quem somos gloss\u00e1rio Devido \u00e0 natureza vulc\u00e2nica do Arquip\u00e9lago e \u00e0 presen\u00e7a de escoadas l\u00e1vicas do tipo bas\u00e1ltico, as ilhas dos A\u00e7ores apresentam um diversificado patrim\u00f3nio espeleol\u00f3gico.S\u00e3o conhecidas cerca de 250 cavidades naturais, correspondendo a muitas dezenas de quil\u00f3metros de caminhos subterr\u00e2neos, onde se escondem muitos segredos e estranhas formas de vida. Estas [&#8230;]\n","protected":false},"author":1,"featured_media":0,"parent":0,"menu_order":3,"comment_status":"closed","ping_status":"closed","template":"page-single-page-nav.php","meta":{"jetpack_post_was_ever_published":false,"footnotes":""},"class_list":["post-7485","page","type-page","status-publish","hentry"],"jetpack_sharing_enabled":true,"jetpack_shortlink":"https:\/\/wp.me\/PaT0CI-1WJ","_links":{"self":[{"href":"https:\/\/www.montanheiros.com\/en\/wp-json\/wp\/v2\/pages\/7485","targetHints":{"allow":["GET"]}}],"collection":[{"href":"https:\/\/www.montanheiros.com\/en\/wp-json\/wp\/v2\/pages"}],"about":[{"href":"https:\/\/www.montanheiros.com\/en\/wp-json\/wp\/v2\/types\/page"}],"author":[{"embeddable":true,"href":"https:\/\/www.montanheiros.com\/en\/wp-json\/wp\/v2\/users\/1"}],"replies":[{"embeddable":true,"href":"https:\/\/www.montanheiros.com\/en\/wp-json\/wp\/v2\/comments?post=7485"}],"version-history":[{"count":25,"href":"https:\/\/www.montanheiros.com\/en\/wp-json\/wp\/v2\/pages\/7485\/revisions"}],"predecessor-version":[{"id":12168,"href":"https:\/\/www.montanheiros.com\/en\/wp-json\/wp\/v2\/pages\/7485\/revisions\/12168"}],"wp:attachment":[{"href":"https:\/\/www.montanheiros.com\/en\/wp-json\/wp\/v2\/media?parent=7485"}],"curies":[{"name":"wp","href":"https:\/\/api.w.org\/{rel}","templated":true}]}}