{"id":7497,"date":"2019-05-08T14:15:19","date_gmt":"2019-05-08T14:15:19","guid":{"rendered":"http:\/\/montanheiros.cecilia-designs.com\/?page_id=7497"},"modified":"2023-04-26T07:30:12","modified_gmt":"2023-04-26T07:30:12","slug":"glossario","status":"publish","type":"page","link":"https:\/\/www.montanheiros.com\/en\/speleoazores-home\/glossario\/","title":{"rendered":"Gloss\u00e1rio"},"content":{"rendered":"\n<div class=\"row\"  id=\"row-2146935297\">\n\n\n\t<div id=\"col-1779964799\" class=\"col medium-3 small-6 large-3\"  >\n\t\t\t\t<div class=\"col-inner\"  >\n\t\t\t\n\t\t\t\n\n\t<div class=\"img has-hover x md-x lg-x y md-y lg-y\" id=\"image_383507850\">\n\t\t<a class=\"\" href=\"\/speleoazores\"  >\t\t\t\t\t\t<div class=\"img-inner dark\" style=\"margin:11px 0px 0px 0px;\">\n\t\t\t<img loading=\"lazy\" decoding=\"async\" width=\"320\" height=\"113\" src=\"https:\/\/www.montanheiros.com\/wp-content\/uploads\/2019\/05\/logo_gespea.png\" class=\"attachment-large size-large\" alt=\"\" \/>\t\t\t\t\t\t\n\t\t\t\t\t<\/div>\n\t\t\t\t\t\t<\/a>\t\t\n<style>\n#image_383507850 {\n  width: 100%;\n}\n<\/style>\n\t<\/div>\n\t\n\n\n\t\t<\/div>\n\t\t\t\t\t<\/div>\n\n\t\n\n\t<div id=\"col-397140907\" class=\"col medium-9 small-12 large-9\"  >\n\t\t\t\t<div class=\"col-inner text-right\"  >\n\t\t\t\n\t\t\t\n\n<a href=\"\/espeleoazores\/\" target=\"_self\" class=\"button alert is-underline lowercase\"  >\n    <span>in\u00edcio<\/span>\n  <\/a>\n\n\n<a href=\"\/espeleoazores\/atividades\" target=\"_self\" class=\"button alert is-underline lowercase\"  >\n    <span>atividades<\/span>\n  <\/a>\n\n\n<a href=\"\/espeleoazores\/publicacoes\" target=\"_self\" class=\"button alert is-underline lowercase\"  >\n    <span>publica\u00e7\u00f5es\/\/arquivo\/\/links<\/span>\n  <\/a>\n\n\n<a href=\"\/espeleoazores\/quem\" target=\"_self\" class=\"button alert is-underline lowercase\"  >\n    <span>quem somos<\/span>\n  <\/a>\n\n\n\n\t\t<\/div>\n\t\t\t\t\t<\/div>\n\n\t\n\n<\/div>\n\t<section class=\"section\" id=\"section_173902732\">\n\t\t<div class=\"bg section-bg fill bg-fill  \" >\n\n\t\t\t\n\t\t\t\n\t\t\t\n\n\t\t<\/div>\n\n\t\t\n\n\t\t<div class=\"section-content relative\">\n\t\t\t\n\n<div class=\"row align-equal align-center row-dashed\"  id=\"row-1483340883\">\n\n\n\t<div id=\"col-221744899\" class=\"col small-12 large-12\"  >\n\t\t\t\t<div class=\"col-inner text-center\"  >\n\t\t\t\n\t\t\t\n\n<a href=\"\/speleoazores-cavidades-vulcanicas\/\" target=\"_self\" class=\"button white is-underline\"  >\n    <span>Cavidades Vulc\u00e2nicas<\/span>\n  <\/a>\n\n\n<a href=\"\/speleoazores-home\/speleoazores-algar-carvao\/\" target=\"_self\" class=\"button white is-underline\"  >\n    <span>Cavidades abertas ao p\u00fablico<\/span>\n  <\/a>\n\n\n<a href=\"\/speleoazores\/ipea-faial\/\" target=\"_self\" class=\"button white is-underline lowercase\"  >\n    <span>IPEA<\/span>\n  <\/a>\n\n\n<a href=\"\/espeleoazores\/glossario\" target=\"_self\" class=\"button success is-underline\"  >\n    <span>gloss\u00e1rio<\/span>\n  <\/a>\n\n\n\n\t\t<\/div>\n\t\t\t\t\t<\/div>\n\n\t\n\n<\/div>\n\n\t\t<\/div>\n\n\t\t\n<style>\n#section_173902732 {\n  padding-top: 0px;\n  padding-bottom: 0px;\n  min-height: 59px;\n  background-color: rgb(245, 245, 245);\n}\n#section_173902732 .section-bg.bg-loaded {\n  background-image: url(https:\/\/www.montanheiros.com\/wp-content\/uploads\/2019\/05\/big5_1543850268.jpg);\n}\n#section_173902732 .ux-shape-divider--top svg {\n  height: 150px;\n  --divider-top-width: 100%;\n}\n#section_173902732 .ux-shape-divider--bottom svg {\n  height: 150px;\n  --divider-width: 100%;\n}\n<\/style>\n\t<\/section>\n\t\n\t<div id=\"gap-317007540\" class=\"gap-element clearfix\" style=\"display:block; height:auto;\">\n\t\t\n<style>\n#gap-317007540 {\n  padding-top: 30px;\n}\n<\/style>\n\t<\/div>\n\t\n\n<div class=\"container section-title-container\" ><h3 class=\"section-title section-title-normal\"><b><\/b><span class=\"section-title-main\" >Gloss\u00e1rio Vulcanol\u00f3gico<\/span><b><\/b><\/h3><\/div>\n\n<div class=\"row\"  id=\"row-750438486\">\n\n\n\t<div id=\"col-28354979\" class=\"col medium-6 small-12 large-6\"  >\n\t\t\t\t<div class=\"col-inner\"  >\n\t\t\t\n\t\t\t\n\n<p style=\"text-align: left;\"><span style=\"color: #e14d43;\">Caldeira<\/span><br \/>Depress\u00e3o vulc\u00e2nica, com di\u00e2metro igual ou superior a 1500m. A sua forma\u00e7\u00e3o est\u00e1 associada a magmas \u00e1cidos e erup\u00e7\u00f5es muito explosivas e violentas, onde s\u00e3o emitidas grandes quantidades de pedra-pomes, cinzas e escoadas pirocl\u00e1sticas, num curto espa\u00e7o de tempo, provocando assim um esvaziamento da c\u00e2mara magm\u00e1tica e o consequente abatimento do edif\u00edcio vulc\u00e2nico.<\/p>\n<p style=\"text-align: left;\"><span style=\"color: #e14d43;\">Campos de Lava <br \/><\/span>Correspondem a locais originados por escoadas l\u00e1vicas bas\u00e1lticas, associadas a um vulcanismo b\u00e1sico e efusivo (calmo). Estes locais designam-se localmente por \u201cch\u00e3o de biscoito\u201d quando se tratam de lavas a-a ou por \u201cch\u00e3o de lajido\u201d, quando se tratam de lavas pahoehoe.<\/p>\n<p style=\"text-align: left;\"><span style=\"color: #e14d43;\">Cavidades Vulc\u00e2nicas <br \/><\/span>Existem dois tipos principais de cavidades vulc\u00e2nicas, os Tubos l\u00e1vicos e os Algares vulc\u00e2nicos. Os tubos l\u00e1vicos, s\u00e3o alongados na direc\u00e7\u00e3o do escoamento (sub-horizontal), e formam-se devido \u00e0 drenagem da lava do interior de uma escoada, cuja superf\u00edcie e os bordos, solidificaram mais rapidamente devido ao contacto com o ar. Estas estruturas podem atingir alguns quil\u00f3metros de cumprimento, por alguns metros de altura, possuindo no seu interior estruturas caracter\u00edsticas tais como estalactites e estalagmites l\u00e1vicas, balc\u00f5es, bolhas de g\u00e1s, lava balls. Os algares vulc\u00e2nicos, apresentam um desenvolvimento sub-vertical e correspondem a antigas condutas que foram drenadas de lava.<\/p>\n<p style=\"text-align: left;\"><span style=\"color: #e14d43;\">Cone de tufos <br \/><\/span>Tamb\u00e9m designados por cones de hialoclastitos, est\u00e3o frequentemente associados a erup\u00e7\u00f5es bas\u00e1lticas surtseianas, do tipo freatomagm\u00e1tico, A explosividade associada a estas erup\u00e7\u00f5es, resulat do facto da conduta se situar em \u00e1guas pouco profundas, na maioria dos casos no mar. Evidenciam uma forma c\u00f3nica bem definida, e evidenciam grande uma estratifica\u00e7\u00e3o n\u00edtida e colora\u00e7\u00e3o amarelada ou acastanhada t\u00edpica.<\/p>\n<p style=\"text-align: left;\"><span style=\"color: #e14d43;\">Cones de esc\u00f3rias <br \/><\/span>S\u00e3o formados essencialmente por piroclastos bas\u00e1lticos soltos podendo por vezes estes apresentarem-se soldados (spatter cones). Os piroclastos podem apresentar-se com dimens\u00f5es variadas, podendo existir n\u00edveis intercalados de pequenas escoadas l\u00e1vicas. Apresentam uma forma c\u00f3nica bem definida e a presen\u00e7a no seu topo de uma cratera de explos\u00e3o. Normalmente s\u00e3o monogen\u00e9ticos (edificados durante uma \u00fanica erup\u00e7\u00e3o vulc\u00e2nica quase sempre do tipo estromboliano).<\/p>\n<p style=\"text-align: left;\"><span style=\"color: #e14d43;\">Cratera de explos\u00e3o <br \/><\/span>Localizam-se no topo dos cones pirocl\u00e1sticos e de estratovulc\u00f5es. Apresentam um contorno circular, alongado ou em ferradura e em corte t\u00eam a forma de um cone invertido ou ta\u00e7a. Est\u00e3o relacionadas com a incapacidade do cone em se edificar directamente sobre a conduta emissora, devido \u00e0s cont\u00ednuas explos\u00f5es que a\u00ed ocorrem durante a erup\u00e7\u00e3o e que projectam os materiais que tendem a acumular-se sobre a \u201cboca\u201d.<\/p>\n<p style=\"text-align: left;\"><span style=\"color: #e14d43;\">Cristas de press\u00e3o <br \/><\/span>Eleva\u00e7\u00e3o alongada, em forma de crista que ocorre no topo das escoadas l\u00e1vicas, originada pela movimenta\u00e7\u00e3o da lava no seu interior , que provoca um press\u00e3o hidrost\u00e1tica no topo da escoada, arqueando-a segundo uma estrutura linear.<\/p>\n<p style=\"text-align: left;\"><span style=\"color: #e14d43;\">Delta l\u00e1vica <br \/><\/span>Os deltas l\u00e1vicos ou faj\u00e3s l\u00e1vicas, formam-se quando as escoadas avan\u00e7am sobre um lago ou atingem o mar, provocando o recuo da antiga linha de costa.<\/p>\n<p style=\"text-align: left;\"><span style=\"color: #e14d43;\">Disjun\u00e7\u00e3o prism\u00e1tica<br \/><\/span>A Disjun\u00e7\u00e3o prism\u00e1tica temb\u00e9m designada por Disjun\u00e7\u00e3o colunar, corresponde a um tipo de altera\u00e7\u00e3o existente em rochas vulc\u00e2nicas, relacionada com contrac\u00e7\u00f5es que se geram no seio da escoada, aquando do arrefecimento e solidifica\u00e7\u00e3o da lava, formando assim prismas de forma hexagonal que s\u00e3o sempre perpendiculares \u00e0 superf\u00edcie de arrefecimento.<\/p>\n<p style=\"text-align: left;\"><span style=\"color: #e14d43;\">Domas tarqu\u00edticos<\/span><br \/>Formam-se quando a lava \u00e9 muito viscosa e tem dificuldade em fluir. Tende ent\u00e3o a acumular-se directamente sobre a conduta ou a abertura emissora, originando vertentes muito declivosas. Estas estruturas evidenciam frequentemente uma estrutura rochosa interna segundo camadas conc\u00eantricas e n\u00edveis mais externos compostos por material muito fragmentado.<\/p>\n<p style=\"text-align: left;\"><span style=\"color: #e14d43;\">Escoada l\u00e1vicas<\/span><br \/>Material em fus\u00e3o, associado a fases efusivas, que se movimenta ao longo das vertentes.<\/p>\n<p style=\"text-align: left;\"><span style=\"color: #e14d43;\">Escoadas pirocl\u00e1sticas<\/span><br \/>Fluxos pirocl\u00e1sticos em que os clastos de dimens\u00f5es variadas (sendo as cinzas dominantes), movimentam-se envolvidos em g\u00e1s a temperaturas elevadas.<\/p>\n\n\t\t<\/div>\n\t\t\t\t\t<\/div>\n\n\t\n\n\t<div id=\"col-1928590245\" class=\"col medium-6 small-12 large-6\"  >\n\t\t\t\t<div class=\"col-inner\"  >\n\t\t\t\n\t\t\t\n\n<p style=\"text-align: left;\"><span style=\"color: #e14d43;\">Estratovulc\u00e3o<\/span><br \/>O estratovulc\u00e3o ou vulc\u00e3o comp\u00f3sito, \u00e9 formado por n\u00edveis pirocl\u00e1sticos intercalados com n\u00edveis l\u00e1vicos. Estes vulc\u00f5es constituem a maioria dos grandes vulc\u00f5es terrestres, podendo atingir v\u00e1rios quil\u00f3metros de altura.<\/p>\n<p style=\"text-align: left;\"><span style=\"color: #e14d43;\">Faj\u00e3 detr\u00edtica<\/span><br \/>Faj\u00e3 detr\u00edtica ou de talude, correspondem a deslizamentos ou escorregamentos resultantes de uma ac\u00e7\u00e3o erosiva na base da vertente, provocando uma perda de suporte das forma\u00e7\u00f5es superiores, que se movimentam ao longo do declive sob a ac\u00e7\u00e3o do seu peso, constituindo um dep\u00f3sito de gravidade com topo aplanado.<\/p>\n<p style=\"text-align: left;\"><span style=\"color: #e14d43;\">Hornito<\/span><br \/>Pequenos cones l\u00e1vicos sem raiz, sem conduta profunda, formados por \u201csalpicos\u201d de lava, em resultado de explos\u00f5es pequenas e pontuais que ocorrem \u00e0 superf\u00edcie de escoadas l\u00e1vicas. T\u00eam forma c\u00f3nica bem definida e podem apresentar uma abertura ou \u201cboca\u201d no topo.<\/p>\n<p style=\"text-align: left;\"><span style=\"color: #e14d43;\">Ignimbritos<\/span><br \/>Est\u00e3o associados a erup\u00e7\u00f5es vulc\u00e2nicas muito explosivas (magmas \u00e1cidos), resultando do dep\u00f3sito de materiais provenientes das escoadas pirocl\u00e1sticas (essencialmente pedra-pomes). Podem apresentar-se soldados onde se podem observar as fiamee (lent\u00edculas v\u00edtreas, escuras e densas compostas por fragmentos pom\u00edticos comprimidos e estirados), ou n\u00e3o soldados, onde \u00e9 comum a presen\u00e7a de carv\u00f5es.<\/p>\n<p style=\"text-align: left;\"><span style=\"color: #e14d43;\">Lava encordoada<\/span><br \/>Lava do tipo pahoehoe com forma de cordas. Este aspecto resulta da forma\u00e7\u00e3o de uma fina crosta superficial durante o seu processo de consolida\u00e7\u00e3o, debaixo da qual a lava continua a fluir, enrugando-a e dando-lhe a forma final de encordoamento.<\/p>\n<p style=\"text-align: left;\"><span style=\"color: #e14d43;\">Lavas do tipo <em>aa<\/em><\/span><br \/>Apresentam superf\u00edcie muito irregular, espinhosa e \u00e1spera, de fragmentos soltos e escori\u00e1ceos de dimens\u00f5es variadas (designados por <em>clinker<\/em>).<\/p>\n<p style=\"text-align: left;\"><span style=\"color: #e14d43;\">Lavas do tipo <em>pahoehoe<\/em><\/span><br \/>Apresentam superf\u00edcie cont\u00ednua, lisa, ou ligeiramente ondulada, caracter\u00edsticas de erup\u00e7\u00e3o bas\u00e1ltica e efusiva. Designadas localmente por Lajes ou Lajidos.<\/p>\n<p style=\"text-align: left;\"><span style=\"color: #e14d43;\"><em>Maar<\/em><\/span><br \/>Tipo particular de cratera de explos\u00e3o, que apresentam como principal caracter\u00edstica o facto de constitu\u00edrem formas de relevo encaixadas, n\u00e3o tendo normalmente associado um cone vulc\u00e2nico bem definido.<\/p>\n<p style=\"text-align: left;\"><span style=\"color: #e14d43;\">Obsidiana<\/span><br \/>Vidro vulc\u00e2nico de cor negra e fractura concoidal e brilho v\u00edtreo, associado a magmas muito siliciosos (riol\u00edticos).<\/p>\n<p style=\"text-align: left;\"><span style=\"color: #e14d43;\">Pahoehoe toes<\/span><br \/>L\u00f3bulos convexos com superf\u00edcies lisas, dimens\u00f5es variadas que est\u00e3o associados ao mecanismo de avan\u00e7o das escoadas pahoehoe. Resultam da injec\u00e7\u00e3o de lava fluida atrav\u00e9s de uma abertura que se abre na frente da escoada devido ao seu avan\u00e7o.<\/p>\n<p style=\"text-align: left;\"><span style=\"color: #e14d43;\">Pedra-pomes<\/span><br \/>Piroclasto de cor clara, associado a erup\u00e7\u00f5es explosivas de magmas diferenciados, siliciosos e interm\u00e9dios. S\u00e3o fragmentos muito vesiculados, de grande porosidade e baixa densidade.<\/p>\n<p style=\"text-align: left;\"><span style=\"color: #e14d43;\">Piroclastos<\/span><br \/>Fragmentos l\u00e1vicos de dimens\u00f5es variadas (cinzas \u2013 lapilli \u2013 bombas \u2013 blocos), projectados durante explos\u00f5es vulc\u00e2nicas.<\/p>\n<p style=\"text-align: left;\"><span style=\"color: #e14d43;\">Surtseana<\/span><br \/>Actividade hidrovulc\u00e2nica equivalente \u00e0s estrombolianas, associada a magmas b\u00e1sicos.<\/p>\n<p style=\"text-align: left;\"><span style=\"color: #e14d43;\">Tumuli<\/span><br \/>S\u00e3o arqueamentos da crosta superficial das escoadas l\u00e1vicas, com forma circular ou oval. Originam-se devido \u00e0s press\u00f5es hidrost\u00e1ticas exercidas no topo da escoada, j\u00e1 solidificada pela movimenta\u00e7\u00e3o inferior da lava ainda l\u00edquida. Por vezes os tumuli podem fender-se e a lava pode ascender \u00e0 superf\u00edcie atrav\u00e9s destas aberturas.<\/p>\n<p style=\"text-align: left;\"><span style=\"color: #e14d43;\">Vulc\u00e3o em escudo<\/span><br \/>Formam-se principalmente devido a erup\u00e7\u00f5es bas\u00e1lticas efusivas e correspondem a formas c\u00f3nicas achatadas, por vezes muito extensas e com declives suaves. Apresentam um contorno circular. A sua forma resulta do empilhamento de v\u00e1rias escoadas de lava bas\u00e1ltica pouco espessas.<\/p>\n<p style=\"text-align: left;\">&nbsp;<\/p>\n\n\t\t<\/div>\n\t\t\t\t\t<\/div>\n\n\t\n\n<\/div>\n\n","protected":false},"excerpt":{"rendered":"<p>in\u00edcio atividades publica\u00e7\u00f5es\/\/arquivo\/\/links quem somos Cavidades Vulc\u00e2nicas Cavidades abertas ao p\u00fablico IPEA gloss\u00e1rio Gloss\u00e1rio Vulcanol\u00f3gico CaldeiraDepress\u00e3o vulc\u00e2nica, com di\u00e2metro igual ou superior a 1500m. A sua forma\u00e7\u00e3o est\u00e1 associada a magmas \u00e1cidos e erup\u00e7\u00f5es muito explosivas e violentas, onde s\u00e3o emitidas grandes quantidades de pedra-pomes, cinzas e escoadas pirocl\u00e1sticas, num curto espa\u00e7o de tempo, provocando [&#8230;]\n","protected":false},"author":1,"featured_media":0,"parent":7485,"menu_order":3,"comment_status":"closed","ping_status":"closed","template":"page-single-page-nav.php","meta":{"jetpack_post_was_ever_published":false,"footnotes":""},"class_list":["post-7497","page","type-page","status-publish","hentry"],"jetpack_sharing_enabled":true,"jetpack_shortlink":"https:\/\/wp.me\/PaT0CI-1WV","_links":{"self":[{"href":"https:\/\/www.montanheiros.com\/en\/wp-json\/wp\/v2\/pages\/7497","targetHints":{"allow":["GET"]}}],"collection":[{"href":"https:\/\/www.montanheiros.com\/en\/wp-json\/wp\/v2\/pages"}],"about":[{"href":"https:\/\/www.montanheiros.com\/en\/wp-json\/wp\/v2\/types\/page"}],"author":[{"embeddable":true,"href":"https:\/\/www.montanheiros.com\/en\/wp-json\/wp\/v2\/users\/1"}],"replies":[{"embeddable":true,"href":"https:\/\/www.montanheiros.com\/en\/wp-json\/wp\/v2\/comments?post=7497"}],"version-history":[{"count":15,"href":"https:\/\/www.montanheiros.com\/en\/wp-json\/wp\/v2\/pages\/7497\/revisions"}],"predecessor-version":[{"id":15509,"href":"https:\/\/www.montanheiros.com\/en\/wp-json\/wp\/v2\/pages\/7497\/revisions\/15509"}],"up":[{"embeddable":true,"href":"https:\/\/www.montanheiros.com\/en\/wp-json\/wp\/v2\/pages\/7485"}],"wp:attachment":[{"href":"https:\/\/www.montanheiros.com\/en\/wp-json\/wp\/v2\/media?parent=7497"}],"curies":[{"name":"wp","href":"https:\/\/api.w.org\/{rel}","templated":true}]}}