{"id":7502,"date":"2019-05-08T20:23:20","date_gmt":"2019-05-08T20:23:20","guid":{"rendered":"http:\/\/montanheiros.cecilia-designs.com\/?page_id=7502"},"modified":"2020-10-24T08:01:24","modified_gmt":"2020-10-24T08:01:24","slug":"publicacoes","status":"publish","type":"page","link":"https:\/\/www.montanheiros.com\/en\/speleoazores-home\/publicacoes\/","title":{"rendered":"Publica\u00e7\u00f5es e arquivo"},"content":{"rendered":"\n<div class=\"row\"  id=\"row-1119450176\">\n\n\n\t<div id=\"col-588648106\" class=\"col medium-3 small-12 large-3\"  >\n\t\t\t\t<div class=\"col-inner text-right\"  >\n\t\t\t\n\t\t\t\n\n\t<div class=\"img has-hover x md-x lg-x y md-y lg-y\" id=\"image_907205862\">\n\t\t<a class=\"\" href=\"\/speleoazores-home\/\"  >\t\t\t\t\t\t<div class=\"img-inner dark\" >\n\t\t\t<img loading=\"lazy\" decoding=\"async\" width=\"320\" height=\"113\" src=\"https:\/\/www.montanheiros.com\/wp-content\/uploads\/2019\/05\/logo_gespea.png\" class=\"attachment-large size-large\" alt=\"\" \/>\t\t\t\t\t\t\n\t\t\t\t\t<\/div>\n\t\t\t\t\t\t<\/a>\t\t\n<style>\n#image_907205862 {\n  width: 100%;\n}\n<\/style>\n\t<\/div>\n\t\n\n\n\t\t<\/div>\n\t\t\t\t\n<style>\n#col-588648106 > .col-inner {\n  padding: 8px 0px 0px 0px;\n}\n<\/style>\n\t<\/div>\n\n\t\n\n\t<div id=\"col-1079527199\" class=\"col medium-9 small-12 large-9\"  >\n\t\t\t\t<div class=\"col-inner text-right\"  >\n\t\t\t\n\t\t\t\n\n<a href=\"\/speleoazores-home\/\" target=\"_self\" class=\"button alert is-underline lowercase\"  >\n    <span>in\u00edcio<\/span>\n  <\/a>\n\n\n<a href=\"\/speleoazores\/speleoazores-atividades\/\" target=\"_self\" class=\"button alert is-underline lowercase\"  >\n    <span>atividades<\/span>\n  <\/a>\n\n\n<a href=\"\/speleoazores\/publicacoes\/\" target=\"_self\" class=\"button secondary is-underline lowercase\"  >\n    <span>publica\u00e7\u00f5es\/\/arquivo\/\/links<\/span>\n  <\/a>\n\n\n<a href=\"\/speleoazores\/quem\/\" target=\"_self\" class=\"button alert is-underline lowercase\"  >\n    <span>quem somos<\/span>\n  <\/a>\n\n\n\n\t\t<\/div>\n\t\t\t\t\t<\/div>\n\n\t\n\n<\/div>\n\t<section class=\"section\" id=\"section_1896565147\">\n\t\t<div class=\"bg section-bg fill bg-fill  \" >\n\n\t\t\t\n\t\t\t\n\t\t\t\n\n\t\t<\/div>\n\n\t\t\n\n\t\t<div class=\"section-content relative\">\n\t\t\t\n\n<div class=\"row align-center\"  id=\"row-1309988437\">\n\n\n\t<div id=\"col-20352641\" class=\"col medium-10 small-12 large-10\"  >\n\t\t\t\t<div class=\"col-inner text-center\"  >\n\t\t\t\n\t\t\t\n\n<a href=\"\/speleoazores\/speleoazores-cavidades-vulcanicas\/\" target=\"_self\" class=\"button white is-underline\"  >\n    <span>Cavidades Vulc\u00e2nicas<\/span>\n  <\/a>\n\n\n<a href=\"\/speleoazores\/speleoazores-algar-carvao\" target=\"_self\" class=\"button white is-underline\"  >\n    <span>Cavidades abertas ao p\u00fablico<\/span>\n  <\/a>\n\n\n<a href=\"\/speleoazores\/ipea\/\" target=\"_self\" class=\"button white is-underline\"  >\n    <span>IPEA<\/span>\n  <\/a>\n\n\n<a href=\"\/speleoazores\/glossario\/\" target=\"_self\" class=\"button white is-underline\"  >\n    <span>gloss\u00e1rio<\/span>\n  <\/a>\n\n\n\n\t\t<\/div>\n\t\t\t\t\n<style>\n#col-20352641 > .col-inner {\n  padding: 20px 0px 0px 0px;\n}\n<\/style>\n\t<\/div>\n\n\t\n\n<\/div>\n\n\t\t<\/div>\n\n\t\t\n<style>\n#section_1896565147 {\n  padding-top: 0px;\n  padding-bottom: 0px;\n  min-height: 59px;\n  background-color: rgb(245, 245, 245);\n}\n#section_1896565147 .section-bg.bg-loaded {\n  background-image: url(https:\/\/www.montanheiros.com\/wp-content\/uploads\/2019\/05\/big5_1543850268.jpg);\n}\n#section_1896565147 .ux-shape-divider--top svg {\n  height: 150px;\n  --divider-top-width: 100%;\n}\n#section_1896565147 .ux-shape-divider--bottom svg {\n  height: 150px;\n  --divider-width: 100%;\n}\n<\/style>\n\t<\/section>\n\t\n\t<div id=\"gap-1255611343\" class=\"gap-element clearfix\" style=\"display:block; height:auto;\">\n\t\t\n<style>\n#gap-1255611343 {\n  padding-top: 30px;\n}\n<\/style>\n\t<\/div>\n\t\n\n<div class=\"row row-large row-dashed\"  id=\"row-429988894\">\n\n\n\t<div id=\"col-49899452\" class=\"col medium-6 small-12 large-6\"  >\n\t\t\t\t<div class=\"col-inner\"  >\n\t\t\t\n\t\t\t\n\n<div class=\"container section-title-container\" ><h3 class=\"section-title section-title-normal\"><b><\/b><span class=\"section-title-main\" >Publica\u00e7\u00f5es<\/span><b><\/b><\/h3><\/div>\n\n<p>XI International Symposium on Vulcanospeleology<br \/><a href=\"\/wp-content\/uploads\/2019\/05\/Livro_Abstracts_7.pdf\" target=\"_blank\" rel=\"noopener noreferrer\">Livro de actas 7<\/a><\/p>\n<p>XI International Symposium on Vulcanospeleology<br \/><a href=\"\/wp-content\/uploads\/2019\/05\/Livro_Abstracts_6.pdf\" target=\"_blank\" rel=\"noopener noreferrer\">Livro de actas 6<\/a><\/p>\n<p>XI International Symposium on Vulcanospeleology<br \/><a href=\"\/wp-content\/uploads\/2019\/05\/Livro_Abstracts_5.pdf\" target=\"_blank\" rel=\"noopener noreferrer\">Livro de actas 5<\/a><\/p>\n<p>XI International Symposium on Vulcanospeleology<br \/><a href=\"\/wp-content\/uploads\/2019\/05\/Livro_Abstracts_4.pdf\" target=\"_blank\" rel=\"noopener noreferrer\">Livro de actas 4<\/a><\/p>\n<p>XI International Symposium on Vulcanospeleology<br \/><a href=\"\/wp-content\/uploads\/2019\/05\/Livro_Abstracts_3.pdf\" target=\"_blank\" rel=\"noopener noreferrer\">Livro de actas 3<\/a><\/p>\n<p>XI International Symposium on Vulcanospeleology<br \/><a href=\"\/wp-content\/uploads\/2019\/05\/Livro_Abstracts_2.pdf\" target=\"_blank\" rel=\"noopener noreferrer\">Livro de actas 2<\/a><\/p>\n<p>XI International Symposium on Vulcanospeleology<br \/><a href=\"\/wp-content\/uploads\/2019\/05\/Livro_Abstracts_1.pdf\" target=\"_blank\" rel=\"noopener noreferrer\">Livro de actas 1<\/a><\/p>\n<p><a href=\"\/wp-content\/uploads\/2019\/05\/brochura_cav_vulc_azores.pdf\" target=\"_blank\" rel=\"noopener noreferrer\">Cavidades Vulc\u00e2nicas dos A\u00e7ores<\/a><br \/>Brochura sobre as Cavidades Vulc\u00e2nicas dos A\u00e7ores, de Agosto de 2002<\/p>\n<p><a href=\"http:\/\/www.montanheiros.com\/wp-content\/uploads\/2020\/10\/Catalogo-Grutas-Vulcanicas.pdf\" target=\"_blank\" rel=\"noopener noreferrer\">Cat\u00e1logo das Cavidades Vulc\u00e2nicas dos A\u00e7ores<\/a><br \/><em>Catalogue of the Azorean Volcanic Caves<\/em><\/p>\n\n\t\t<\/div>\n\t\t\t\t\t<\/div>\n\n\t\n\n\t<div id=\"col-654074756\" class=\"col medium-6 small-12 large-6\"  >\n\t\t\t\t<div class=\"col-inner\"  >\n\t\t\t\n\t\t\t\n\n<div class=\"container section-title-container\" ><h3 class=\"section-title section-title-normal\"><b><\/b><span class=\"section-title-main\" >Arquivo de not\u00edcias<\/span><b><\/b><\/h3><\/div>\n\n<div class=\"accordion\">\n\n<div id=\"accordion-1323765222\" class=\"accordion-item\"><a id=\"accordion-1323765222-label\" href=\"#\" class=\"accordion-title plain\" aria-expanded=\"false\" aria-controls=\"accordion-1323765222-content\"><button class=\"toggle\" aria-label=\"Toggle\"><i class=\"icon-angle-down\"><\/i><\/button><span>Participa\u00e7\u00e3o do GESPEA no XII International Symposium on Vulcanospeleology \u2013 M\u00e9xico 2007<\/span><\/a><div id=\"accordion-1323765222-content\" class=\"accordion-inner\" aria-labelledby=\"accordion-1323765222-label\">\n\n\t<div class=\"box has-hover   has-hover box-text-bottom\" >\n\n\t\t<div class=\"box-image\" style=\"width:71%;\">\n\t\t\t\t\t\t<div class=\"\" >\n\t\t\t\t<img loading=\"lazy\" decoding=\"async\" width=\"389\" height=\"221\" src=\"https:\/\/www.montanheiros.com\/wp-content\/uploads\/2019\/05\/XII-ISV-mexico.jpg\" class=\"attachment- size-\" alt=\"\" \/>\t\t\t\t\t\t\t\t\t\t\t<\/div>\n\t\t\t\t\t<\/div>\n\n\t\t<div class=\"box-text text-center\" >\n\t\t\t<div class=\"box-text-inner\">\n\t\t\t\t\n\n<p align=\"left\">Decorreu em Tepoztlan, M\u00e9xico, de 2 a 7 de Julho, o XII International Symposium on Volcanospeleology, onde participou uma delega\u00e7\u00e3o do GESPEA, composta por Jo\u00e3o Carlos Nunes, Jo\u00e3o Paulo Const\u00e2ncia, Fernando Pereira, Paulo Barcelos, Paulo Borges e Paulino Costa, que apresentaram diversas comunica\u00e7\u00f5es sobre o Patrim\u00f3nio Espeleol\u00f3gico dos A\u00e7ores. <b> <\/b><\/p>\n<p align=\"right\"><em>2006-09-12<\/em><\/p>\n\n\t\t\t<\/div>\n\t\t<\/div>\n\t<\/div>\n\t\n\n<\/div><\/div>\n<div id=\"accordion-2176630273\" class=\"accordion-item\"><a id=\"accordion-2176630273-label\" href=\"#\" class=\"accordion-title plain\" aria-expanded=\"false\" aria-controls=\"accordion-2176630273-content\"><button class=\"toggle\" aria-label=\"Toggle\"><i class=\"icon-angle-down\"><\/i><\/button><span>Campanha Espeleol\u00f3gica GESPICO 2006<\/span><\/a><div id=\"accordion-2176630273-content\" class=\"accordion-inner\" aria-labelledby=\"accordion-2176630273-label\">\n\n\t<div class=\"box has-hover   has-hover box-text-bottom\" >\n\n\t\t<div class=\"box-image\" style=\"width:71%;\">\n\t\t\t\t\t\t<div class=\"\" >\n\t\t\t\t<img loading=\"lazy\" decoding=\"async\" width=\"390\" height=\"293\" src=\"https:\/\/www.montanheiros.com\/wp-content\/uploads\/2019\/05\/Frei-Matias-W5-18.8.2004-4.jpg\" class=\"attachment- size-\" alt=\"\" \/>\t\t\t\t\t\t\t\t\t\t\t<\/div>\n\t\t\t\t\t<\/div>\n\n\t\t<div class=\"box-text text-center\" >\n\t\t\t<div class=\"box-text-inner\">\n\t\t\t\t\n\n<p align=\"left\">Decorreu na ilha do Pico de 23 a 27 de Agosto a Campanha espeleol\u00f3gica GESPICO 2006, onde se efectuaram trabalhos de prospec\u00e7\u00e3o, tendo sido encontradas 4 novas cavidades vulc\u00e2nicas que n\u00e3o constavam no Invent\u00e1rio do Patrim\u00f3nio Espeleol\u00f3gico dos A\u00e7ores (IPEA), bem como trabalhos de compila\u00e7\u00e3o de elementos em falta sobre algumas cavidades vulc\u00e2nicas do IPEA. <br \/>Participaram nesta actividade Paulino Costa, Jo\u00e3o Carlos Nunes, Paulo Barcelos, Fernando Pereira, Jos\u00e9 Maria, Paulo Freitas, Jos\u00e9 Carlos Machado e Roberto Salazar. <b> <\/b><\/p>\n<p align=\"right\"><em>2006-09-12<\/em><\/p>\n\n\t\t\t<\/div>\n\t\t<\/div>\n\t<\/div>\n\t\n\n<\/div><\/div>\n<div id=\"accordion-2371524427\" class=\"accordion-item\"><a id=\"accordion-2371524427-label\" href=\"#\" class=\"accordion-title plain\" aria-expanded=\"false\" aria-controls=\"accordion-2371524427-content\"><button class=\"toggle\" aria-label=\"Toggle\"><i class=\"icon-angle-down\"><\/i><\/button><span>Expedi\u00e7\u00e3o Cient\u00edfica a Santa Maria<\/span><\/a><div id=\"accordion-2371524427-content\" class=\"accordion-inner\" aria-labelledby=\"accordion-2371524427-label\">\n\n\t<div class=\"box has-hover   has-hover box-text-bottom\" >\n\n\t\t<div class=\"box-image\" style=\"width:71%;\">\n\t\t\t\t\t\t<div class=\"\" >\n\t\t\t\t<img loading=\"lazy\" decoding=\"async\" width=\"389\" height=\"253\" src=\"https:\/\/www.montanheiros.com\/wp-content\/uploads\/2019\/05\/Barreiro-da-Faneca-01.jpg\" class=\"attachment- size-\" alt=\"\" \/>\t\t\t\t\t\t\t\t\t\t\t<\/div>\n\t\t\t\t\t<\/div>\n\n\t\t<div class=\"box-text text-center\" >\n\t\t\t<div class=\"box-text-inner\">\n\t\t\t\t\n\n<p align=\"left\">Nos pr\u00f3ximos dias 13 a16 de Setembro, o GESPEA ir\u00e1 desenvolver uma campanha bioespeleol\u00f3gica na ilha de Santa Maria, com o objectivo de aferir e recolher novos elementos sobre as cavidades vulc\u00e2nicas de Santa Maria, constantes do Invent\u00e1rio do Patrim\u00f3nio Espeleol\u00f3gico dos A\u00e7ores (IPEA) . Esta campanha est\u00e1 inserida no projecto \u201cGEOMUNUMENTOS E PALEOGEOGRAFIA DOS A\u00c7ORES\u201d, promovido pela Universidade dos A\u00e7ores. <b> <\/b><\/p>\n<p align=\"right\"><em>2006-09-12<\/em><\/p>\n\n\t\t\t<\/div>\n\t\t<\/div>\n\t<\/div>\n\t\n\n<\/div><\/div>\n\n<\/div>\n\t<div id=\"gap-800759755\" class=\"gap-element clearfix\" style=\"display:block; height:auto;\">\n\t\t\n<style>\n#gap-800759755 {\n  padding-top: 40px;\n}\n<\/style>\n\t<\/div>\n\t\n\n<div class=\"container section-title-container\" ><h3 class=\"section-title section-title-normal\"><b><\/b><span class=\"section-title-main\" >Links<\/span><b><\/b><\/h3><\/div>\n\n<p>Montanheiros: <a href=\"http:\/\/www.montanheiros.com\"> http:\/\/www.montanheiros.com <\/a><\/p>\n<p>Virtual lava tube: <a href=\"http:\/\/www.goodearthgraphics.com\/virtual_tube\/virtube.html\"> http:\/\/www.goodearthgraphics.com\/virtual_tube\/virtube.html <\/a><\/p>\n<p>Icelandic Speleological Society: <a href=\"http:\/\/www.speleo.is\/about_iss.htm\"> http:\/\/www.speleo.is\/about_iss.htm <\/a><\/p>\n<p>Progeo: <a href=\"http:\/\/www.progeo.pt\/progeo_pt.htm\"> http:\/\/www.progeo.pt\/progeo_pt.htm <\/a><\/p>\n<p>Uni\u00e3o Internacional de Espeleologia: <a href=\"http:\/\/www.uis-speleo.org\/\"> http:\/\/www.uis-speleo.org\/ <\/a><\/p>\n<p>Federa\u00e7\u00e3o Portuguesa de Espeleologia: <a href=\"http:\/\/www.fpe-espeleo.org\/\"> http:\/\/www.fpe-espeleo.org\/ <\/a><\/p>\n<p>Show caves: <a href=\"http:\/\/www.showcaves.com\/english\/explain\/Speleology\/LavaTube.html\"> http:\/\/www.showcaves.com\/english\/explain\/Speleology\/LavaTube.html <\/a><\/p>\n\n\t\t<\/div>\n\t\t\t\t\t<\/div>\n\n\t\n\n<\/div>\n\n","protected":false},"excerpt":{"rendered":"<p>in\u00edcio atividades publica\u00e7\u00f5es\/\/arquivo\/\/links quem somos Cavidades Vulc\u00e2nicas Cavidades abertas ao p\u00fablico IPEA gloss\u00e1rio Publica\u00e7\u00f5es XI International Symposium on VulcanospeleologyLivro de actas 7 XI International Symposium on VulcanospeleologyLivro de actas 6 XI International Symposium on VulcanospeleologyLivro de actas 5 XI International Symposium on VulcanospeleologyLivro de actas 4 XI International Symposium on VulcanospeleologyLivro de actas 3 XI [&#8230;]\n","protected":false},"author":1,"featured_media":0,"parent":7485,"menu_order":3,"comment_status":"closed","ping_status":"closed","template":"page-single-page-nav.php","meta":{"jetpack_post_was_ever_published":false,"footnotes":""},"class_list":["post-7502","page","type-page","status-publish","hentry"],"jetpack_sharing_enabled":true,"jetpack_shortlink":"https:\/\/wp.me\/PaT0CI-1X0","_links":{"self":[{"href":"https:\/\/www.montanheiros.com\/en\/wp-json\/wp\/v2\/pages\/7502","targetHints":{"allow":["GET"]}}],"collection":[{"href":"https:\/\/www.montanheiros.com\/en\/wp-json\/wp\/v2\/pages"}],"about":[{"href":"https:\/\/www.montanheiros.com\/en\/wp-json\/wp\/v2\/types\/page"}],"author":[{"embeddable":true,"href":"https:\/\/www.montanheiros.com\/en\/wp-json\/wp\/v2\/users\/1"}],"replies":[{"embeddable":true,"href":"https:\/\/www.montanheiros.com\/en\/wp-json\/wp\/v2\/comments?post=7502"}],"version-history":[{"count":19,"href":"https:\/\/www.montanheiros.com\/en\/wp-json\/wp\/v2\/pages\/7502\/revisions"}],"predecessor-version":[{"id":13374,"href":"https:\/\/www.montanheiros.com\/en\/wp-json\/wp\/v2\/pages\/7502\/revisions\/13374"}],"up":[{"embeddable":true,"href":"https:\/\/www.montanheiros.com\/en\/wp-json\/wp\/v2\/pages\/7485"}],"wp:attachment":[{"href":"https:\/\/www.montanheiros.com\/en\/wp-json\/wp\/v2\/media?parent=7502"}],"curies":[{"name":"wp","href":"https:\/\/api.w.org\/{rel}","templated":true}]}}