{"id":7532,"date":"2019-05-08T22:22:13","date_gmt":"2019-05-08T22:22:13","guid":{"rendered":"http:\/\/montanheiros.cecilia-designs.com\/?page_id=7532"},"modified":"2019-12-03T12:33:09","modified_gmt":"2019-12-03T12:33:09","slug":"speleoazores-atividades","status":"publish","type":"page","link":"https:\/\/www.montanheiros.com\/en\/speleoazores-home\/speleoazores-atividades\/","title":{"rendered":"Atividades realizadas"},"content":{"rendered":"\n<div class=\"row\"  id=\"row-970259963\">\n\n\n\t<div id=\"col-1759917822\" class=\"col medium-3 small-12 large-3\"  >\n\t\t\t\t<div class=\"col-inner text-right\"  >\n\t\t\t\n\t\t\t\n\n\t<div class=\"img has-hover x md-x lg-x y md-y lg-y\" id=\"image_4217975\">\n\t\t<a class=\"\" href=\"\/speleoazores-home\"  >\t\t\t\t\t\t<div class=\"img-inner dark\" >\n\t\t\t<img loading=\"lazy\" decoding=\"async\" width=\"320\" height=\"113\" src=\"https:\/\/www.montanheiros.com\/wp-content\/uploads\/2019\/05\/logo_gespea.png\" class=\"attachment-large size-large\" alt=\"\" \/>\t\t\t\t\t\t\n\t\t\t\t\t<\/div>\n\t\t\t\t\t\t<\/a>\t\t\n<style>\n#image_4217975 {\n  width: 100%;\n}\n<\/style>\n\t<\/div>\n\t\n\n\n\t\t<\/div>\n\t\t\t\t\n<style>\n#col-1759917822 > .col-inner {\n  padding: 8px 0px 0px 0px;\n}\n<\/style>\n\t<\/div>\n\n\t\n\n\t<div id=\"col-1866538960\" class=\"col medium-9 small-12 large-9\"  >\n\t\t\t\t<div class=\"col-inner text-right\"  >\n\t\t\t\n\t\t\t\n\n<a href=\"\/speleoazores-home\/\" target=\"_self\" class=\"button alert is-underline lowercase\"  >\n    <span>in\u00edcio<\/span>\n  <\/a>\n\n\n<a href=\"\/speleoazores\/speleoazores-atividades\/\" target=\"_self\" class=\"button secondary is-underline lowercase\"  >\n    <span>atividades<\/span>\n  <\/a>\n\n\n<a href=\"\/speleoazores\/publicacoes\/\" target=\"_self\" class=\"button alert is-underline lowercase\"  >\n    <span>publica\u00e7\u00f5es\/\/arquivo\/\/links<\/span>\n  <\/a>\n\n\n<a href=\"\/speleoazores\/quem\/\" target=\"_self\" class=\"button alert is-underline lowercase\"  >\n    <span>quem somos<\/span>\n  <\/a>\n\n\n\n\t\t<\/div>\n\t\t\t\t\t<\/div>\n\n\t\n\n<\/div>\n\t<section class=\"section\" id=\"section_1010952772\">\n\t\t<div class=\"bg section-bg fill bg-fill  \" >\n\n\t\t\t\n\t\t\t\n\t\t\t\n\n\t\t<\/div>\n\n\t\t\n\n\t\t<div class=\"section-content relative\">\n\t\t\t\n\n<div class=\"row align-center\"  id=\"row-1623312513\">\n\n\n\t<div id=\"col-853906280\" class=\"col medium-10 small-12 large-10\"  >\n\t\t\t\t<div class=\"col-inner text-center\"  >\n\t\t\t\n\t\t\t\n\n<a href=\"\/speleoazores\/speleoazores-cavidades-vulcanicas\/\" target=\"_self\" class=\"button white is-underline\"  >\n    <span>Cavidades Vulc\u00e2nicas<\/span>\n  <\/a>\n\n\n<a href=\"\/speleoazores\/speleoazores-algar-carvao\/\" target=\"_self\" class=\"button white is-underline\"  >\n    <span>Cavidades abertas ao p\u00fablico<\/span>\n  <\/a>\n\n\n<a href=\"\/speleoazores\/ipea\/\" target=\"_self\" class=\"button white is-underline\"  >\n    <span>IPEA<\/span>\n  <\/a>\n\n\n<a href=\"\/speleoazores\/glossario\/\" target=\"_self\" class=\"button white is-underline\"  >\n    <span>gloss\u00e1rio<\/span>\n  <\/a>\n\n\n\n\t\t<\/div>\n\t\t\t\t\n<style>\n#col-853906280 > .col-inner {\n  padding: 20px 0px 0px 0px;\n}\n<\/style>\n\t<\/div>\n\n\t\n\n<\/div>\n\n\t\t<\/div>\n\n\t\t\n<style>\n#section_1010952772 {\n  padding-top: 0px;\n  padding-bottom: 0px;\n  min-height: 59px;\n  background-color: rgb(245, 245, 245);\n}\n#section_1010952772 .section-bg.bg-loaded {\n  background-image: url(https:\/\/www.montanheiros.com\/wp-content\/uploads\/2019\/05\/big5_1543850268.jpg);\n}\n#section_1010952772 .ux-shape-divider--top svg {\n  height: 150px;\n  --divider-top-width: 100%;\n}\n#section_1010952772 .ux-shape-divider--bottom svg {\n  height: 150px;\n  --divider-width: 100%;\n}\n<\/style>\n\t<\/section>\n\t\n\t<div id=\"gap-740405716\" class=\"gap-element clearfix\" style=\"display:block; height:auto;\">\n\t\t\n<style>\n#gap-740405716 {\n  padding-top: 30px;\n}\n<\/style>\n\t<\/div>\n\t\n\n<div class=\"container section-title-container\" ><h3 class=\"section-title section-title-normal\"><b><\/b><span class=\"section-title-main\" >Atividades realizadas<\/span><b><\/b><\/h3><\/div>\n\n<div class=\"row row-large row-dashed\"  id=\"row-1364888383\">\n\n\n\t<div id=\"col-360882450\" class=\"col medium-6 small-12 large-6\"  >\n\t\t\t\t<div class=\"col-inner\"  >\n\t\t\t\n\t\t\t\n\n<div class=\"container section-title-container\" ><h4 class=\"section-title section-title-bold-center\"><b><\/b><span class=\"section-title-main\" >2007<\/span><b><\/b><\/h4><\/div>\n\n\t<div class=\"img has-hover x md-x lg-x y md-y lg-y\" id=\"image_1996403866\">\n\t\t\t\t\t\t\t\t<div class=\"img-inner dark\" >\n\t\t\t<img loading=\"lazy\" decoding=\"async\" width=\"389\" height=\"221\" src=\"https:\/\/www.montanheiros.com\/wp-content\/uploads\/2019\/05\/XII-ISV-mexico-1.jpg\" class=\"attachment-large size-large\" alt=\"\" \/>\t\t\t\t\t\t\n\t\t\t\t\t<\/div>\n\t\t\t\t\t\t\t\t\n<style>\n#image_1996403866 {\n  width: 100%;\n}\n<\/style>\n\t<\/div>\n\t\n\n<p><span class=\"vermelho_Titulo\"><strong>Participa\u00e7\u00e3o do GESPEA no XII International Symposium on Vulcanospeleology \u2013 M\u00e9xico 2007<\/strong><\/span><\/p>\n<p>Decorreu em Tepoztlan, M\u00e9xico, de 2 a 7 de Julho, o XII International Symposium on Volcanospeleology, onde participou uma delega\u00e7\u00e3o do GESPEA, composta por Jo\u00e3o Carlos Nunes, Jo\u00e3o Paulo Const\u00e2ncia, Fernando Pereira, Paulo Barcelos, Paulo Borges e Paulino Costa, que apresentaram diversas comunica\u00e7\u00f5es sobre o Patrim\u00f3nio Espeleol\u00f3gico dos A\u00e7ores.<\/p>\n<div class=\"container section-title-container\" ><h4 class=\"section-title section-title-bold-center\"><b><\/b><span class=\"section-title-main\" >2006<\/span><b><\/b><\/h4><\/div>\n\n\t<div class=\"img has-hover x md-x lg-x y md-y lg-y\" id=\"image_424281986\">\n\t\t\t\t\t\t\t\t<div class=\"img-inner dark\" >\n\t\t\t<img loading=\"lazy\" decoding=\"async\" width=\"390\" height=\"293\" src=\"https:\/\/www.montanheiros.com\/wp-content\/uploads\/2019\/05\/Frei-Matias-W5-18.8.2004-4-1.jpg\" class=\"attachment-large size-large\" alt=\"\" \/>\t\t\t\t\t\t\n\t\t\t\t\t<\/div>\n\t\t\t\t\t\t\t\t\n<style>\n#image_424281986 {\n  width: 100%;\n}\n<\/style>\n\t<\/div>\n\t\n\n<p><span class=\"vermelho_Titulo\"><strong>Campanha Espeleol\u00f3gica GESPICO 2006<\/strong><\/span><\/p>\n<p>Decorreu na ilha do Pico de 23 a 27 de Agosto a Campanha espeleol\u00f3gica GESPICO 2006, onde se efectuaram trabalhos de prospec\u00e7\u00e3o, tendo sido encontradas 4 novas cavidades vulc\u00e2nicas que n\u00e3o constavam no Invent\u00e1rio do Patrim\u00f3nio Espeleol\u00f3gico dos A\u00e7ores (IPEA), bem como trabalhos de compila\u00e7\u00e3o de elementos em falta sobre algumas cavidades vulc\u00e2nicas do IPEA.<br>Participaram nesta actividade Paulino Costa, Jo\u00e3o Carlos Nunes, Paulo Barcelos, Fernando Pereira, Jos\u00e9 Maria, Paulo Freitas, Jos\u00e9 Carlos Machado e Roberto Salazar.<\/p>\n<div class=\"is-divider divider clearfix\" style=\"max-width:238px;height:2px;\"><\/div>\n\n\t<div class=\"img has-hover x md-x lg-x y md-y lg-y\" id=\"image_1458889914\">\n\t\t\t\t\t\t\t\t<div class=\"img-inner dark\" >\n\t\t\t<img loading=\"lazy\" decoding=\"async\" width=\"389\" height=\"253\" src=\"https:\/\/www.montanheiros.com\/wp-content\/uploads\/2019\/05\/Barreiro-da-Faneca-01-1.jpg\" class=\"attachment-large size-large\" alt=\"\" \/>\t\t\t\t\t\t\n\t\t\t\t\t<\/div>\n\t\t\t\t\t\t\t\t\n<style>\n#image_1458889914 {\n  width: 100%;\n}\n<\/style>\n\t<\/div>\n\t\n\n<p><span class=\"vermelho_Titulo\"><strong>Expedi\u00e7\u00e3o Cient\u00edfica a Santa Maria <\/strong><\/span><\/p>\n<p>Nos dias 13 a16 de Setembro, o GESPEA desenvolveu uma campanha bioespeleol\u00f3gica na ilha de Santa Maria, com o objectivo de aferir e recolher novos elementos sobre as cavidades vulc\u00e2nicas de Santa Maria, constantes do Invent\u00e1rio do Patrim\u00f3nio Espeleol\u00f3gico dos A\u00e7ores (IPEA). Esta campanha est\u00e1 inserida no projecto \u201cGEOMUNUMENTOS E PALEOGEOGRAFIA DOS A\u00c7ORES\u201d, promovido pela Universidade dos A\u00e7ores.<\/p>\n<div class=\"container section-title-container\" ><h4 class=\"section-title section-title-bold-center\"><b><\/b><span class=\"section-title-main\" >2004<\/span><b><\/b><\/h4><\/div>\n\n<p>Organiza\u00e7\u00e3o, em parceria com a SRA, do <em>XIth International Symposium on Volcanospeleology \u2013 Azores 2004<\/em>, que decorreu na ilha do Pico, entre 12 e 17 de Maio de 2004 e que inclui visitas de estudo nas ilhas de S\u00e3o Jorge (10 a 12 de Maio), Faial (13 de Maio), S\u00e3o Miguel (18 a 20 de Maio), Terceira (20 a 21 de Maio) e Graciosa (21 a 22 de Maio). Neste simp\u00f3sio, com cerca de 70 participantes de 14 pa\u00edses, foram apresentadas 6 comunica\u00e7\u00f5es orais e pain\u00e9is elaborados pela equipa do GESPEA;<\/p>\n<p><img loading=\"lazy\" decoding=\"async\" class=\"alignnone size-full wp-image-7554 aligncenter\" src=\"\/wp-content\/uploads\/2019\/05\/xi_symposium_2.gif\" alt=\"\" width=\"356\" height=\"125\"><\/p>\n<ul>\n<li>Raking Azorean Caves base on management indeces <strong><em>Jo\u00e3o P. Const\u00e2ncia, Paulo A.V. Borges, Manuel P. Costa, Jo\u00e3o C. Nunes, Paulo Barcelos, Fernando Pereira<\/em>, <em>Te\u00f3filo BRAGA<\/em><\/strong><\/li>\n<li>\u201cAlgar do Carv\u00e3o\u201d volcanic pit, Terceira island (Azores): geology and volcanology <strong><em>Victor H. Forjaz, Jo\u00e3o C. NUNES, Paulo BARCELOS<\/em><\/strong><\/li>\n<li>Long-term study of population density of the troglobitic Azorean ground-beetle <em>Trechus terceiranus<\/em> at Algar do Carv\u00e3o show cave: implications for cave management <strong><em>Paulo A.V. Borges, Fernando Pereira<\/em><\/strong><\/li>\n<li>&nbsp;Indicators of conservation value of Azorean caves based on arthropod fauna <strong><em>Paulo A.V. Borges, Fernando Pereira, Jo\u00e3o P. Const\u00e2ncia<\/em><\/strong><\/li>\n<li>Indicators of conservation value of Azorean caves based on its bryophyte flora at cave entrances <strong><em>Rosalina Gabriel, Fernando Pereira, Paulo A.V. Borges, Jo\u00e3o P. Const\u00e2ncia<\/em><\/strong><\/li>\n<li>GESPEA: working group on volcanic caves of Azores <strong><em>Manuel P. Costa, Fernando Pereira, Jo\u00e3o P. Const\u00e2ncia, Jo\u00e3o C. Nunes, Paulo Barcelos, Paulo A.V. Borges<\/em><\/strong><\/li>\n<li>New data on the probable Malha Grande lava flow complex including Malha, Buracos and Balc\u00f5es caves, Terceira, Azores <strong><em>Fernando Pereira, Paulo BARCELOS, Jos\u00e9 M. BOTELHO, Luis BETTENCOURT, Paulo A.V. Borges<\/em><\/strong><\/li>\n<\/ul>\n<div class=\"is-divider divider clearfix\" style=\"max-width:238px;height:2px;\"><\/div>\n\n<p>No \u00e2mbito do Simp\u00f3sio \u201c<em>XI ISV \u2013 Azores 2004<\/em>\u201d foi criado o site www.multi.pt\/speleoazores e produziram-se diversos materiais promocionais, guias das visitas de estudo, um \u201cLivro de <em>Abstracts<\/em>\u201d e, ainda, um Cd-Rom com todas as apresenta\u00e7\u00f5es orais e em <em>poster<\/em>;<\/p>\n<p><img loading=\"lazy\" decoding=\"async\" class=\"alignnone size-full wp-image-7556 aligncenter\" src=\"\/wp-content\/uploads\/2019\/05\/site_multi.gif\" alt=\"\" width=\"164\" height=\"123\"><\/p>\n<div class=\"is-divider divider clearfix\" style=\"max-width:238px;height:2px;\"><\/div>\n\n<p>Prepara\u00e7\u00e3o de um \u201cPlano Sectorial das Cavidades Vulc\u00e2nicas dos A\u00e7ores\u201d;<\/p>\n<div class=\"is-divider divider clearfix\" style=\"max-width:238px;height:2px;\"><\/div>\n\n<p>Realiza\u00e7\u00e3o de expedi\u00e7\u00e3o na Ilha do Pico, entre 16 e 20 de Agosto de 2004 visando a verifica\u00e7\u00e3o de elementos existentes e obten\u00e7\u00e3o de novos dados de posicionamento GPS relativamente a grutas desta ilha inventariadas no \u00e2mbito do IPEA \u2013 Invent\u00e1rio do Patrim\u00f3nio Espeleol\u00f3gico.<\/p>\n<p><img loading=\"lazy\" decoding=\"async\" class=\"alignnone size-full wp-image-7558 aligncenter\" src=\"\/wp-content\/uploads\/2019\/05\/expedicao_ao_pico.gif\" alt=\"\" width=\"356\" height=\"129\"><\/p>\n<p>Foram visitadas 29 cavidades vulc\u00e2nicas existentes no IPEA e inventariadas 20 novas grutas e algares.<\/p>\n\n\t\t<\/div>\n\t\t\t\t\t<\/div>\n\n\t\n\n\t<div id=\"col-1767528961\" class=\"col medium-6 small-12 large-6\"  >\n\t\t\t\t<div class=\"col-inner\"  >\n\t\t\t\n\t\t\t\n\n<div class=\"container section-title-container\" ><h4 class=\"section-title section-title-bold-center\"><b><\/b><span class=\"section-title-main\" >2003<\/span><b><\/b><\/h4><\/div>\n\n<p>Entre 24 e 28 de Setembro de 2003, uma delega\u00e7\u00e3o do GESPEA efectuou uma desloca\u00e7\u00e3o \u00e0 Ilha de S. Jorge, na sequ\u00eancia da solicita\u00e7\u00e3o da C\u00e2mara Municipal de Velas (Ilha de S. Jorge), com vista a obter um parecer sobre a potencial abertura ao p\u00fablico da Gruta da Beira e sua eventual integra\u00e7\u00e3o nos circuitos de visita\u00e7\u00e3o da ilha, designadamente como forma de promo\u00e7\u00e3o tur\u00edstica. Para al\u00e9m da elabora\u00e7\u00e3o de um relat\u00f3rio, que foi entregue \u00e0 C\u00e2mara de Velas, a equipa do GESPEA realizou diversos trabalhos nas cavidades vulc\u00e2nicas da ilha;<\/p>\n<p><img loading=\"lazy\" decoding=\"async\" class=\"alignnone size-full wp-image-7552 aligncenter\" src=\"\/wp-content\/uploads\/2019\/05\/gruta_da_beira.gif\" alt=\"\" width=\"356\" height=\"132\"><\/p>\n<div class=\"is-divider divider clearfix\" style=\"max-width:238px;height:2px;\"><\/div>\n\n<p>Visita de estudo ao arquip\u00e9lago das Can\u00e1rias (ilhas de Tenerife e Lanzarote), entre 18 e 30 de Outubro de 2003, a convite da SEE- Os Montanheiros e ao abrigo do Programa Leader +, no decurso da qual visitaram-se diversas cavidades vulc\u00e2nicas e \u00e1reas classificadas;<\/p>\n<p><img loading=\"lazy\" decoding=\"async\" class=\"alignnone size-full wp-image-7553 aligncenter\" src=\"\/wp-content\/uploads\/2019\/05\/tenerife_lanzarote.gif\" alt=\"\" width=\"356\" height=\"130\"><\/p>\n<div class=\"is-divider divider clearfix\" style=\"max-width:238px;height:2px;\"><\/div>\n\n<p>Elabora\u00e7\u00e3o de pareceres, no \u00e2mbito dos processos de classifica\u00e7\u00e3o como \u201cMonumento Natural Regional\u201d da Rocha dos Bord\u00f5es (Ilha das Flores) e do Pico das Camarinhas-Ponta da Ferraria (Ilha de S\u00e3o Miguel);<\/p>\n<div class=\"container section-title-container\" ><h4 class=\"section-title section-title-bold-center\"><b><\/b><span class=\"section-title-main\" >2002<\/span><b><\/b><\/h4><\/div>\n\n<p>Produ\u00e7\u00e3o de um v\u00eddeo intitulado \u201cCavidades vulc\u00e2nicas dos A\u00e7ores\u201d, com assinatura de Jos\u00e9 Serra na realiza\u00e7\u00e3o e imagem, o qual foi pr\u00e9-selecionado para participar no 17\u00ba <em>Sondrio Festival<\/em> \u2013 Mostra Internacional de Document\u00e1rios sobre Parques e Monumentos Naturais, que se realizou entre 3 e 12 de Outubro de 2002, em Sondrio, It\u00e1lia;<\/p>\n<div class=\"is-divider divider clearfix\" style=\"max-width:238px;height:2px;\"><\/div>\n\n<p>Edi\u00e7\u00e3o da brochura \u201cAzores Volcanic Caves\u201d, bilingue, sobre as cavidades vulc\u00e2nicas, sua g\u00e9nese, principais estruturas, sua utiliza\u00e7\u00e3o pelo homem, fauna e flora cavern\u00edcolas e, ainda, as principais cavidades vulc\u00e2nicas existentes na Regi\u00e3o;<\/p>\n<div class=\"is-divider divider clearfix\" style=\"max-width:238px;height:2px;\"><\/div>\n\n<p>Participa\u00e7\u00e3o no <em>Xth International Symposium on Volcanospeleology (Xth ISV),<\/em> que se realizou em Setembro de 2002, em Reykjavik (Isl\u00e2ndia), onde foram apresentadas 5 comunica\u00e7\u00f5es orais e 2 pain\u00e9is sobre as grutas e algares vulc\u00e2nicos dos A\u00e7ores.<\/p>\n<p align=\"left\"><img loading=\"lazy\" decoding=\"async\" class=\"alignnone size-full wp-image-7541 aligncenter\" src=\"\/wp-content\/uploads\/2019\/05\/islandia.gif\" alt=\"\" width=\"367\" height=\"127\"><\/p>\n<ul>\n<li>A data base and classification system for the Azorean volcanic caves <strong><em>Jo\u00e3o P. Const\u00e2ncia, Jo\u00e3o C. Nunes<\/em>, <em>Te\u00f3filo Braga<\/em><\/strong><\/li>\n<li>Ranking Azorean caves based on geological, biological and conservation attributes <strong><em>Jo\u00e3o P. Const\u00e2ncia, Paulo A.V. Borges, Manuel P. Costa, Jo\u00e3o C. Nunes, Paulo Barcelos, Fernando Pereira<\/em>, <em>Te\u00f3filo Braga<\/em><\/strong><\/li>\n<li>\u201cGruta das Torres\u201d Project<strong><em> &nbsp;Manuel P. Costa<\/em><\/strong><\/li>\n<li>Carv\u00e3o cave (S. Miguel island, Azores, Portugal): An Educational experience <strong><em>Jo\u00e3o C. Nunes<\/em>, <em>Te\u00f3filo Braga, Jo\u00e3o P. Const\u00e2ncia<\/em><\/strong><\/li>\n<li>Ranking Azorean caves based on arthropod fauna <strong><em>Paulo A.V. Borges<\/em><\/strong><\/li>\n<\/ul>\n<p>Neste encontro foi ainda exibido o videograma produzido pelo GESPEA;<\/p>\n<div class=\"is-divider divider clearfix\" style=\"max-width:238px;height:2px;\"><\/div>\n\n<p>No <em>Xth ISV<\/em> foi apresentada \u00e0 <em>Comission on Volcanic Caves<\/em> da <em>UIS<\/em> a candidatura da Secretaria Regional do Ambiente\/ GESPEA para a organiza\u00e7\u00e3o nos A\u00e7ores do <em>XIth International Symposium on Volcanospeleology;<\/em><\/p>\n<p><img loading=\"lazy\" decoding=\"async\" class=\"alignnone size-full wp-image-7542 aligncenter\" src=\"\/wp-content\/uploads\/2019\/05\/xi_symposium.gif\" alt=\"\" width=\"262\" height=\"134\"><\/p>\n<div class=\"is-divider divider clearfix\" style=\"max-width:238px;height:2px;\"><\/div>\n\n<p>Elabora\u00e7\u00e3o de uma \u201cPasta Pedag\u00f3gica\u201d, distribu\u00edda por todas as escolas da Regi\u00e3o, incluindo a brochura e o v\u00eddeo de divulga\u00e7\u00e3o editados pelo GESPEA e dados estat\u00edsticos sobre as cavidades vulc\u00e2nicas dos A\u00e7ores;<\/p>\n<p><img loading=\"lazy\" decoding=\"async\" class=\"alignnone size-full wp-image-7544 aligncenter\" src=\"\/wp-content\/uploads\/2019\/05\/pasta_pedagogica.gif\" alt=\"\" width=\"161\" height=\"214\"><\/p>\n<div class=\"is-divider divider clearfix\" style=\"max-width:238px;height:2px;\"><\/div>\n\n<p>Realiza\u00e7\u00e3o da expedi\u00e7\u00e3o cient\u00edfica PicoSpel 2003, que decorreu na Ilha do Pico, entre 30 de Mar\u00e7o e 5 de Abril de 2003 por forma a poder aferir, e padronizar, os dados existentes no Invent\u00e1rio do Patrim\u00f3nio Espeleol\u00f3gico dos A\u00e7ores (IPEA), desenvolvido pelo GESPEA.<\/p>\n<p>No \u00e2mbito desta campanha efectuaram-se trabalhos de prospec\u00e7\u00e3o, caracteriza\u00e7\u00e3o geol\u00f3gica e biol\u00f3gica, cartografia e recolha de imagens em grutas daquela ilha.<\/p>\n<p align=\"left\"><img loading=\"lazy\" decoding=\"async\" class=\"alignnone size-full wp-image-7546 aligncenter\" src=\"\/wp-content\/uploads\/2019\/05\/picospel.gif\" alt=\"\" width=\"370\" height=\"132\"><\/p>\n<p>No decurso dos trabalhos foram inventariadas e estudadas em pormenor duas novas cavidades na ilha do Pico: as grutas das Can\u00e1rias (S\u00e3o Roque do Pico) e do Mist\u00e9rio da Silveira (Lajes do Pico);<\/p>\n<div class=\"is-divider divider clearfix\" style=\"max-width:238px;height:2px;\"><\/div>\n\n<p>Entrega, \u00e0s Autarquias da Regi\u00e3o Aut\u00f3noma dos A\u00e7ores, de um pacote informativo, contendo elementos sobre as cavidades vulc\u00e2nicas existentes nos respectivos concelhos;<\/p>\n<div class=\"is-divider divider clearfix\" style=\"max-width:238px;height:2px;\"><\/div>\n\n<p>Apresenta\u00e7\u00e3o \u00e0 SRA de proposta de classifica\u00e7\u00e3o, ao abrigo do D.L.R. n\u00ba 21\/93\/A, da Gruta do Carv\u00e3o (S. Miguel), Furna do Enxofre (Graciosa), Gruta das Torres (Pico) e Algar do Carv\u00e3o (Terceira) como \u201cMonumento Natural Regional\u201d;<\/p>\n<div class=\"is-divider divider clearfix\" style=\"max-width:238px;height:2px;\"><\/div>\n\n<p>Elabora\u00e7\u00e3o de uma listagem e de medidas de protec\u00e7\u00e3o para as cavidades vulc\u00e2nicas dos A\u00e7ores sob maior amea\u00e7a;<\/p>\n<div class=\"is-divider divider clearfix\" style=\"max-width:238px;height:2px;\"><\/div>\n\n<p>Acompanhamento do projecto de abertura ao p\u00fablico da Gruta das Torres (Ilha do Pico) e constru\u00e7\u00e3o do respectivo Centro de Visitantes;<\/p>\n<p><img loading=\"lazy\" decoding=\"async\" class=\"alignnone size-full wp-image-7551 aligncenter\" src=\"\/wp-content\/uploads\/2019\/05\/gruta_das_torres.gif\" alt=\"\" width=\"358\" height=\"193\"><\/p>\n\n\t\t<\/div>\n\t\t\t\t\t<\/div>\n\n\t\n\n<\/div>\n","protected":false},"excerpt":{"rendered":"<p>in\u00edcio atividades publica\u00e7\u00f5es\/\/arquivo\/\/links quem somos Cavidades Vulc\u00e2nicas Cavidades abertas ao p\u00fablico IPEA gloss\u00e1rio Atividades realizadas 2007 Participa\u00e7\u00e3o do GESPEA no XII International Symposium on Vulcanospeleology \u2013 M\u00e9xico 2007 Decorreu em Tepoztlan, M\u00e9xico, de 2 a 7 de Julho, o XII International Symposium on Volcanospeleology, onde participou uma delega\u00e7\u00e3o do GESPEA, composta por Jo\u00e3o Carlos Nunes, [&#8230;]\n","protected":false},"author":1,"featured_media":0,"parent":7485,"menu_order":3,"comment_status":"closed","ping_status":"closed","template":"page-single-page-nav.php","meta":{"jetpack_post_was_ever_published":false,"footnotes":""},"class_list":["post-7532","page","type-page","status-publish","hentry"],"jetpack_sharing_enabled":true,"jetpack_shortlink":"https:\/\/wp.me\/PaT0CI-1Xu","_links":{"self":[{"href":"https:\/\/www.montanheiros.com\/en\/wp-json\/wp\/v2\/pages\/7532","targetHints":{"allow":["GET"]}}],"collection":[{"href":"https:\/\/www.montanheiros.com\/en\/wp-json\/wp\/v2\/pages"}],"about":[{"href":"https:\/\/www.montanheiros.com\/en\/wp-json\/wp\/v2\/types\/page"}],"author":[{"embeddable":true,"href":"https:\/\/www.montanheiros.com\/en\/wp-json\/wp\/v2\/users\/1"}],"replies":[{"embeddable":true,"href":"https:\/\/www.montanheiros.com\/en\/wp-json\/wp\/v2\/comments?post=7532"}],"version-history":[{"count":23,"href":"https:\/\/www.montanheiros.com\/en\/wp-json\/wp\/v2\/pages\/7532\/revisions"}],"predecessor-version":[{"id":12171,"href":"https:\/\/www.montanheiros.com\/en\/wp-json\/wp\/v2\/pages\/7532\/revisions\/12171"}],"up":[{"embeddable":true,"href":"https:\/\/www.montanheiros.com\/en\/wp-json\/wp\/v2\/pages\/7485"}],"wp:attachment":[{"href":"https:\/\/www.montanheiros.com\/en\/wp-json\/wp\/v2\/media?parent=7532"}],"curies":[{"name":"wp","href":"https:\/\/api.w.org\/{rel}","templated":true}]}}