{"id":7535,"date":"2019-05-08T22:32:45","date_gmt":"2019-05-08T22:32:45","guid":{"rendered":"http:\/\/montanheiros.cecilia-designs.com\/?page_id=7535"},"modified":"2019-12-03T15:06:06","modified_gmt":"2019-12-03T15:06:06","slug":"quem","status":"publish","type":"page","link":"https:\/\/www.montanheiros.com\/en\/speleoazores-home\/quem\/","title":{"rendered":"Quem Somos"},"content":{"rendered":"\n<div class=\"row\"  id=\"row-1747973180\">\n\n\n\t<div id=\"col-900331060\" class=\"col medium-3 small-12 large-3\"  >\n\t\t\t\t<div class=\"col-inner text-right\"  >\n\t\t\t\n\t\t\t\n\n\t<div class=\"img has-hover x md-x lg-x y md-y lg-y\" id=\"image_362606722\">\n\t\t\t\t\t\t\t\t<div class=\"img-inner dark\" >\n\t\t\t<img loading=\"lazy\" decoding=\"async\" width=\"320\" height=\"113\" src=\"https:\/\/www.montanheiros.com\/wp-content\/uploads\/2019\/05\/logo_gespea.png\" class=\"attachment-large size-large\" alt=\"\" \/>\t\t\t\t\t\t\n\t\t\t\t\t<\/div>\n\t\t\t\t\t\t\t\t\n<style>\n#image_362606722 {\n  width: 100%;\n}\n<\/style>\n\t<\/div>\n\t\n\n\n\t\t<\/div>\n\t\t\t\t\n<style>\n#col-900331060 > .col-inner {\n  padding: 8px 0px 0px 0px;\n}\n<\/style>\n\t<\/div>\n\n\t\n\n\t<div id=\"col-1780298634\" class=\"col medium-9 small-12 large-9\"  >\n\t\t\t\t<div class=\"col-inner text-right\"  >\n\t\t\t\n\t\t\t\n\n<a href=\"\/speleoazores-home\" target=\"_self\" class=\"button alert is-underline lowercase\"  >\n    <span>in\u00edcio<\/span>\n  <\/a>\n\n\n<a href=\"\/speleoazores\/speleoazores-atividades\/\" target=\"_self\" class=\"button alert is-underline lowercase\"  >\n    <span>atividades<\/span>\n  <\/a>\n\n\n<a href=\"\/speleoazores\/publicacoes\/\" target=\"_self\" class=\"button alert is-underline lowercase\"  >\n    <span>publica\u00e7\u00f5es\/\/arquivo\/\/links<\/span>\n  <\/a>\n\n\n<a href=\"\/speleoazores\/quem\/\" target=\"_self\" class=\"button secondary is-underline lowercase\"  >\n    <span>quem somos<\/span>\n  <\/a>\n\n\n\n\t\t<\/div>\n\t\t\t\t\t<\/div>\n\n\t\n\n<\/div>\n\t<section class=\"section\" id=\"section_845352097\">\n\t\t<div class=\"bg section-bg fill bg-fill  \" >\n\n\t\t\t\n\t\t\t\n\t\t\t\n\n\t\t<\/div>\n\n\t\t\n\n\t\t<div class=\"section-content relative\">\n\t\t\t\n\n<div class=\"row align-center\"  id=\"row-945965047\">\n\n\n\t<div id=\"col-258316374\" class=\"col medium-10 small-12 large-10\"  >\n\t\t\t\t<div class=\"col-inner text-center\"  >\n\t\t\t\n\t\t\t\n\n<a href=\"\/speleoazores\/speleoazores-cavidades-vulcanicas\/\" target=\"_self\" class=\"button white is-underline\"  >\n    <span>Cavidades Vulc\u00e2nicas<\/span>\n  <\/a>\n\n\n<a href=\"\/speleoazores\/speleoazores-algar-carvao\/\" target=\"_self\" class=\"button white is-underline\"  >\n    <span>Cavidades abertas ao p\u00fablico<\/span>\n  <\/a>\n\n\n<a href=\"\/speleoazores\/ipea\/\" target=\"_self\" class=\"button white is-underline\"  >\n    <span>IPEA<\/span>\n  <\/a>\n\n\n<a href=\"\/speleoazores\/glossario\/\" target=\"_self\" class=\"button white is-underline\"  >\n    <span>gloss\u00e1rio<\/span>\n  <\/a>\n\n\n\n\t\t<\/div>\n\t\t\t\t\n<style>\n#col-258316374 > .col-inner {\n  padding: 20px 0px 0px 0px;\n}\n<\/style>\n\t<\/div>\n\n\t\n\n<\/div>\n\n\t\t<\/div>\n\n\t\t\n<style>\n#section_845352097 {\n  padding-top: 0px;\n  padding-bottom: 0px;\n  min-height: 59px;\n  background-color: rgb(245, 245, 245);\n}\n#section_845352097 .section-bg.bg-loaded {\n  background-image: url(https:\/\/www.montanheiros.com\/wp-content\/uploads\/2019\/05\/big5_1543850268.jpg);\n}\n#section_845352097 .ux-shape-divider--top svg {\n  height: 150px;\n  --divider-top-width: 100%;\n}\n#section_845352097 .ux-shape-divider--bottom svg {\n  height: 150px;\n  --divider-width: 100%;\n}\n<\/style>\n\t<\/section>\n\t\n\t<div id=\"gap-1944981888\" class=\"gap-element clearfix\" style=\"display:block; height:auto;\">\n\t\t\n<style>\n#gap-1944981888 {\n  padding-top: 30px;\n}\n<\/style>\n\t<\/div>\n\t\n\n<div class=\"row row-small row-dashed\"  id=\"row-1260546501\">\n\n\n\t<div id=\"col-15581907\" class=\"col medium-6 small-12 large-6\"  >\n\t\t\t\t<div class=\"col-inner\"  >\n\t\t\t\n\t\t\t\n\n<div class=\"container section-title-container\" ><h3 class=\"section-title section-title-normal\"><b><\/b><span class=\"section-title-main\" >Quem somos<\/span><b><\/b><\/h3><\/div>\n\n<div align=\"center\">\n<p class=\"vermelho_Titulo\" style=\"text-align: left;\"><strong>Grupo de Trabalho para o Estudo do Patrim\u00f3nio Espeleol\u00f3gico dos A\u00e7ores<\/strong><\/p>\n<\/div>\n<p>Devido \u00e0 natureza vulc\u00e2nica do Arquip\u00e9lago e \u00e0 presen\u00e7a de escoadas l\u00e1vicas do tipo bas\u00e1ltico, as ilhas dos A\u00e7ores apresentam um diversificado patrim\u00f3nio espeleol\u00f3gico com valor insubstitu\u00edvel e inestim\u00e1vel. S\u00e3o conhecidas cerca de 250 cavidades naturais, (tubos de lava e algares vulc\u00e2nicos), correspondendo a muitas dezenas de quil\u00f3metros de caminhos subterr\u00e2neos, onde se escondem muitos segredos e estranhas formas de vida. As cavidades vulc\u00e2nicas dos A\u00e7ores complementam-se, possuindo no seu conjunto uma diversificada riqueza geol\u00f3gica, biol\u00f3gica e&nbsp; est\u00e9tica, que poder\u00e1 ser divulgada ou protegida consoante a especificidade do local em causa.<\/p>\n<p>Consciente da import\u00e2ncia deste patrim\u00f3nio, o Governo Regional dos A\u00e7ores criou atrav\u00e9s da resolu\u00e7\u00e3o N.\u00ba 149\/98 de 25 de Junho, um grupo multidisciplinar encarregado de promover a elabora\u00e7\u00e3o de um estudo sobre as cavidades vulc\u00e2nicas dos A\u00e7ores, que posteriormente, atrav\u00e9s da resolu\u00e7\u00e3o N.\u00ba 191\/2002 passou a desigar-se GESPEA (Grupo de Trabalho para o Estudo do Patrim\u00f3nio Espeleol\u00f3gico dos A\u00e7ores).<\/p>\n<p>Este grupo tem como objectivos principais, propor ao Governo Regional as medidas legislativas adequadas \u00e0 protec\u00e7\u00e3o, conserva\u00e7\u00e3o e valoriza\u00e7\u00e3o do Patrim\u00f3nio Espeleol\u00f3gico dos A\u00e7ores (PEA); Propor ao Governo Regional a classifica\u00e7\u00e3o de cavidades vulc\u00e2nicas; Emitir parecer sobre planos de ordenamento e de gest\u00e3o, para as cavidades vulc\u00e2nicas, que venham a ser realizados; Emitir pareceres e pronunciar-se sobre quaisquer actos, interven\u00e7\u00f5es ou actividades, de natureza p\u00fablica ou privada, que se desenvolvam nas cavidades vulc\u00e2nicas dos A\u00e7ores, ou que interfiram directa ou indirectamente com estas; Promover campanhas de sensibiliza\u00e7\u00e3o e de divulga\u00e7\u00e3o do PEA; Promover estudos de pormenor sobre as cavidades vulc\u00e2nicas pouco conhecidas ou recentemente descobertas.<\/p>\n<div class=\"row row-collapse row-solid\"  id=\"row-1740413875\">\n\n\n\t<div id=\"col-967624932\" class=\"col medium-6 small-12 large-6\"  >\n\t\t\t\t<div class=\"col-inner\"  >\n\t\t\t\n\t\t\t\n\n<p><span style=\"color: #ffffff\"><a style=\"color: #ffffff\" href=\"http:\/\/montanheiros.cecilia-designs.com\/wp-content\/uploads\/2019\/05\/Resolucao_n_1912002.pdf\" target=\"_blank\" rel=\"noopener noreferrer\">Resolu\u00e7\u00e3o n.\u00ba 191\/2002<\/a><\/span><br><span style=\"color: #ffffff;\">Cria, no \u00e2mbito da Secretaria Regional do Ambiente, o Grupo de Trabalho para o estudo do Patrim\u00f3nio Espeleol\u00f3gico dos A\u00e7ores (GESPEA), definindo a sua constitui\u00e7\u00e3o&#8230;<\/span><\/p>\n\n\t\t<\/div>\n\t\t\t\t\n<style>\n#col-967624932 > .col-inner {\n  padding: 10px 6px 6px 6px;\n}\n<\/style>\n\t<\/div>\n\n\t\n\n\t<div id=\"col-500565294\" class=\"col medium-6 small-12 large-6\"  >\n\t\t\t\t<div class=\"col-inner\"  >\n\t\t\t\n\t\t\t\n\n<p><span style=\"color: #ffffff\"><a style=\"color: #ffffff\" href=\"http:\/\/montanheiros.cecilia-designs.com\/wp-content\/uploads\/2019\/05\/Resolucao_n_1912002.pdf\" target=\"_blank\" rel=\"noopener noreferrer\">Resolu\u00e7\u00e3o n.\u00ba 191\/2002<\/a><\/span><br><span style=\"color: #ffffff;\">Cria, no \u00e2mbito da Secretaria Regional do Ambiente, o Grupo de Trabalho para o estudo do Patrim\u00f3nio Espeleol\u00f3gico dos A\u00e7ores (GESPEA), definindo a sua constitui\u00e7\u00e3o&#8230;<\/span><\/p>\n\n\t\t<\/div>\n\t\t\t\t\n<style>\n#col-500565294 > .col-inner {\n  padding: 10px 6px 6px 6px;\n}\n<\/style>\n\t<\/div>\n\n\t\n\n\n<style>\n#row-1740413875 > .col > .col-inner {\n  padding: 3px 10px 11px 14px;\n  background-color: rgb(200, 129, 104);\n}\n<\/style>\n<\/div>\n\n\t\t<\/div>\n\t\t\t\t\t<\/div>\n\n\t\n\n\t<div id=\"col-1178072415\" class=\"col medium-6 small-12 large-6\"  >\n\t\t\t\t<div class=\"col-inner\"  >\n\t\t\t\n\t\t\t\n\n<div class=\"container section-title-container\" ><h3 class=\"section-title section-title-normal\"><b><\/b><span class=\"section-title-main\" >Constitui\u00e7\u00e3o do GESPEA<\/span><b><\/b><\/h3><\/div>\n\n<p class=\"vermelho_Titulo\"><strong>&nbsp;<\/strong><strong> O GESPEA \u00e9 constitu\u00eddo por uma Comiss\u00e3o Consultiva, composta por:<\/strong><\/p>\n<ul>\n<li>2 representantes da Direc\u00e7\u00e3o Regional do Ambiente<\/li>\n<li>1 representante da Direc\u00e7\u00e3o Regional da Ci\u00eancia e Tecnologia<\/li>\n<li>1 representante da Direc\u00e7\u00e3o Regional do Turismo<\/li>\n<li>1 representante da Direc\u00e7\u00e3o Regional da Cultura<\/li>\n<li>1 representante da Universidade dos A\u00e7ores<\/li>\n<li>1 representante da Associa\u00e7\u00e3o de Munic\u00edpios da Regi\u00e3o Aut\u00f3noma dos A\u00e7ores<\/li>\n<li>1 representante da Associa\u00e7\u00e3o de Defesa do Ambiente \u2013 AZORICA<\/li>\n<li>1 representante da Associa\u00e7\u00e3o de Juventude e Defesa do Patrim\u00f3nio Hist\u00f3rico-cultural e Natural de S\u00e3o Jorge<\/li>\n<li>1 representante da Associa\u00e7\u00e3o Ecol\u00f3gica \u201cAmigos dos A\u00e7ores\u201d<\/li>\n<li>1 representante do C\u00edrculo de Amigos da Ilha do Pico<\/li>\n<li>1 representante da Associa\u00e7\u00e3o de Defesa do Ambiente \u201cQuercus\u201d<\/li>\n<li>1 representante do Observat\u00f3rio Vulcanol\u00f3gico e Geot\u00e9rmico dos A\u00e7ores<\/li>\n<li>1 representante da Sociedade de Explora\u00e7\u00e3o Espeleol\u00f3gica \u201cOs Montanheiros\u201d<\/li>\n<li>1 representante da Associa\u00e7\u00e3o de Defesa do Ambiente \u201cG\u00ea-questa\u201d<\/li>\n<li>2 especialistas convidados no dom\u00ednio da Biovulcanoespeleologia<\/li>\n<\/ul>\n<p><strong> E por uma Comiss\u00e3o Executiva, composta pelo: <\/strong><\/p>\n<ul>\n<li>representante da DRA (Paulino Costa) que assume as fun\u00e7\u00f5es de coordenador<\/li>\n<li>representante da Universidade dos A\u00e7ores (Jo\u00e3o Carlos Nunes)<\/li>\n<li>representante da Associa\u00e7\u00e3o Ecol\u00f3gica \u201cAmigos dos A\u00e7ores\u201d (Jo\u00e3o Paulo Const\u00e2ncia)<\/li>\n<li>representante da Sociedade de Explora\u00e7\u00e3o Espeleol\u00f3gica \u201cOs Montanheiros\u201d (Paulo Barcelos)<\/li>\n<li>especialista convidado no dom\u00ednio da Biovulcanoespeleologia (Paulo Borges)<\/li>\n<li>especialista convidado no dom\u00ednio da Vulcanoespeleologia (Fernando Pereira).<\/li>\n<\/ul>\n\n\t\t<\/div>\n\t\t\t\t\t<\/div>\n\n\t\n\n<\/div>\n","protected":false},"excerpt":{"rendered":"<p>in\u00edcio atividades publica\u00e7\u00f5es\/\/arquivo\/\/links quem somos Cavidades Vulc\u00e2nicas Cavidades abertas ao p\u00fablico IPEA gloss\u00e1rio Quem somos Grupo de Trabalho para o Estudo do Patrim\u00f3nio Espeleol\u00f3gico dos A\u00e7ores Devido \u00e0 natureza vulc\u00e2nica do Arquip\u00e9lago e \u00e0 presen\u00e7a de escoadas l\u00e1vicas do tipo bas\u00e1ltico, as ilhas dos A\u00e7ores apresentam um diversificado patrim\u00f3nio espeleol\u00f3gico com valor insubstitu\u00edvel e inestim\u00e1vel. [&#8230;]\n","protected":false},"author":1,"featured_media":0,"parent":7485,"menu_order":3,"comment_status":"closed","ping_status":"closed","template":"page-single-page-nav.php","meta":{"jetpack_post_was_ever_published":false,"footnotes":""},"class_list":["post-7535","page","type-page","status-publish","hentry"],"jetpack_sharing_enabled":true,"jetpack_shortlink":"https:\/\/wp.me\/PaT0CI-1Xx","_links":{"self":[{"href":"https:\/\/www.montanheiros.com\/en\/wp-json\/wp\/v2\/pages\/7535","targetHints":{"allow":["GET"]}}],"collection":[{"href":"https:\/\/www.montanheiros.com\/en\/wp-json\/wp\/v2\/pages"}],"about":[{"href":"https:\/\/www.montanheiros.com\/en\/wp-json\/wp\/v2\/types\/page"}],"author":[{"embeddable":true,"href":"https:\/\/www.montanheiros.com\/en\/wp-json\/wp\/v2\/users\/1"}],"replies":[{"embeddable":true,"href":"https:\/\/www.montanheiros.com\/en\/wp-json\/wp\/v2\/comments?post=7535"}],"version-history":[{"count":12,"href":"https:\/\/www.montanheiros.com\/en\/wp-json\/wp\/v2\/pages\/7535\/revisions"}],"predecessor-version":[{"id":12226,"href":"https:\/\/www.montanheiros.com\/en\/wp-json\/wp\/v2\/pages\/7535\/revisions\/12226"}],"up":[{"embeddable":true,"href":"https:\/\/www.montanheiros.com\/en\/wp-json\/wp\/v2\/pages\/7485"}],"wp:attachment":[{"href":"https:\/\/www.montanheiros.com\/en\/wp-json\/wp\/v2\/media?parent=7535"}],"curies":[{"name":"wp","href":"https:\/\/api.w.org\/{rel}","templated":true}]}}