{"id":7566,"date":"2019-05-09T21:47:23","date_gmt":"2019-05-09T21:47:23","guid":{"rendered":"http:\/\/montanheiros.cecilia-designs.com\/?page_id=7566"},"modified":"2019-12-03T14:30:57","modified_gmt":"2019-12-03T14:30:57","slug":"ipea-faial","status":"publish","type":"page","link":"https:\/\/www.montanheiros.com\/en\/speleoazores-home\/ipea-faial\/","title":{"rendered":"IPEA Faial"},"content":{"rendered":"\n<div class=\"row\"  id=\"row-1257507134\">\n\n\n\t<div id=\"col-876265445\" class=\"col medium-3 small-6 large-3\"  >\n\t\t\t\t<div class=\"col-inner\"  >\n\t\t\t\n\t\t\t\n\n\t<div class=\"img has-hover x md-x lg-x y md-y lg-y\" id=\"image_309001430\">\n\t\t<a class=\"\" href=\"\/speleoazores-home\"  >\t\t\t\t\t\t<div class=\"img-inner dark\" style=\"margin:11px 0px -23px 0px;\">\n\t\t\t<img loading=\"lazy\" decoding=\"async\" width=\"320\" height=\"113\" src=\"https:\/\/www.montanheiros.com\/wp-content\/uploads\/2019\/05\/logo_gespea.png\" class=\"attachment-large size-large\" alt=\"\" \/>\t\t\t\t\t\t\n\t\t\t\t\t<\/div>\n\t\t\t\t\t\t<\/a>\t\t\n<style>\n#image_309001430 {\n  width: 100%;\n}\n<\/style>\n\t<\/div>\n\t\n\n\n\t\t<\/div>\n\t\t\t\t\t<\/div>\n\n\t\n\n\t<div id=\"col-375269022\" class=\"col medium-9 small-12 large-9\"  >\n\t\t\t\t<div class=\"col-inner text-right\"  >\n\t\t\t\n\t\t\t\n\n<a href=\"\/speleoazores-home\/\" target=\"_self\" class=\"button alert is-underline lowercase\"  >\n    <span>in\u00edcio<\/span>\n  <\/a>\n\n\n<a href=\"\/espeleoazores\/speleoazores-atividades\" target=\"_self\" class=\"button alert is-underline lowercase\"  >\n    <span>atividades<\/span>\n  <\/a>\n\n\n<a href=\"\/espeleoazores\/publicacoes\" target=\"_self\" class=\"button alert is-underline lowercase\"  >\n    <span>publica\u00e7\u00f5es\/\/arquivo\/\/links<\/span>\n  <\/a>\n\n\n<a href=\"\/espeleoazores\/quem\" target=\"_self\" class=\"button alert is-underline lowercase\"  >\n    <span>quem somos<\/span>\n  <\/a>\n\n\n\n\t\t<\/div>\n\t\t\t\t\t<\/div>\n\n\t\n\n<\/div>\n\t<section class=\"section\" id=\"section_1784852652\">\n\t\t<div class=\"bg section-bg fill bg-fill  \" >\n\n\t\t\t\n\t\t\t\n\t\t\t\n\n\t\t<\/div>\n\n\t\t\n\n\t\t<div class=\"section-content relative\">\n\t\t\t\n\n<div class=\"row align-equal align-center row-dashed\"  id=\"row-2984339\">\n\n\n\t<div id=\"col-2076670342\" class=\"col small-12 large-12\"  >\n\t\t\t\t<div class=\"col-inner text-center\"  >\n\t\t\t\n\t\t\t\n\n<a href=\"\/speleoazores\/speleoazores-cavidades-vulcanicas\" target=\"_self\" class=\"button white is-underline\"  >\n    <span>Cavidades Vulc\u00e2nicas<\/span>\n  <\/a>\n\n\n<a href=\"http:\/\/speleoazores\/speleoazores-algar-carvao\/\" target=\"_self\" class=\"button white is-underline\"  >\n    <span>Cavidades abertas ao p\u00fablico<\/span>\n  <\/a>\n\n\n<a href=\"\/speleoazores\/ipea-faial\/\" target=\"_self\" class=\"button success is-underline lowercase\"  >\n    <span>IPEA<\/span>\n  <\/a>\n\n\n<a href=\"\/espeleoazores\/glossario\" target=\"_self\" class=\"button white is-underline\"  >\n    <span>Gloss\u00e1rio<\/span>\n  <\/a>\n\n\n\n\t\t<\/div>\n\t\t\t\t\t<\/div>\n\n\t\n\n<\/div>\n\n\t\t<\/div>\n\n\t\t\n<style>\n#section_1784852652 {\n  padding-top: 0px;\n  padding-bottom: 0px;\n  min-height: 59px;\n  background-color: rgb(245, 245, 245);\n}\n#section_1784852652 .section-bg.bg-loaded {\n  background-image: url(https:\/\/www.montanheiros.com\/wp-content\/uploads\/2019\/05\/big5_1543850268.jpg);\n}\n#section_1784852652 .ux-shape-divider--top svg {\n  height: 150px;\n  --divider-top-width: 100%;\n}\n#section_1784852652 .ux-shape-divider--bottom svg {\n  height: 150px;\n  --divider-width: 100%;\n}\n<\/style>\n\t<\/section>\n\t\n<div class=\"row align-middle align-center\"  id=\"row-215227107\">\n\n\n\t<div id=\"col-234949501\" class=\"col small-12 large-12\"  >\n\t\t\t\t<div class=\"col-inner text-center\"  >\n\t\t\t\n\t\t\t\n\n<a href=\"\/speleoazores\/ipea-faial\/\" target=\"_self\" class=\"button secondary is-underline lowercase\"  >\n    <span>Faial<\/span>\n  <\/a>\n\n\n<a href=\"\/speleoazores\/ipea-flores\/\" target=\"_self\" class=\"button alert is-underline lowercase\"  >\n    <span>Flores<\/span>\n  <\/a>\n\n\n<a href=\"\/speleoazores\/ipea-graciosa\/\" target=\"_self\" class=\"button alert is-underline lowercase\"  >\n    <span>Graciosa<\/span>\n  <\/a>\n\n\n<a href=\"\/speleoazores\/ipea-pico-madalena\/\" target=\"_self\" class=\"button alert is-underline lowercase\"  >\n    <span>Pico\/\/Madalena<\/span>\n  <\/a>\n\n\n<a href=\"\/speleoazores\/ipea-pico-lajes\/\" target=\"_self\" class=\"button alert is-underline lowercase\"  >\n    <span>Pico\/\/Lajes<\/span>\n  <\/a>\n\n\n<a href=\"\/speleoazores\/ipea-pico-sroque\/\" target=\"_self\" class=\"button alert is-underline lowercase\"  >\n    <span>Pico\/\/S. Roque<\/span>\n  <\/a>\n\n\n<a href=\"\/speleoazores\/ipea-sjorge\/\" target=\"_self\" class=\"button alert is-underline lowercase\"  >\n    <span>S. Jorge<\/span>\n  <\/a>\n\n\n<a href=\"\/speleoazores\/ipea-smaria\/\" target=\"_self\" class=\"button alert is-underline lowercase\"  >\n    <span>S. Maria<\/span>\n  <\/a>\n\n\n<a href=\"\/speleoazores\/ipea-smiguel\/\" target=\"_self\" class=\"button alert is-underline lowercase\"  >\n    <span>S. Miguel<\/span>\n  <\/a>\n\n\n<a href=\"\/speleoazores\/ipea-terceira\/\" target=\"_self\" class=\"button alert is-underline lowercase\"  >\n    <span>Terceira<\/span>\n  <\/a>\n\n\n\n\t\t<\/div>\n\t\t\t\t\n<style>\n#col-234949501 > .col-inner {\n  margin: 0px 0px -17px 0px;\n}\n<\/style>\n\t<\/div>\n\n\t\n\n<\/div>\n\t<div id=\"gap-1843060286\" class=\"gap-element clearfix\" style=\"display:block; height:auto;\">\n\t\t\n<style>\n#gap-1843060286 {\n  padding-top: 30px;\n}\n<\/style>\n\t<\/div>\n\t\n\n<div class=\"row\"  id=\"row-1426327671\">\n\n\n\t<div id=\"col-843060967\" class=\"col small-12 large-12\"  >\n\t\t\t\t<div class=\"col-inner\"  >\n\t\t\t\n\t\t\t\n\n<h2 class=\"thin-font\">IPEA\/\/Invent\u00e1rio do Patrim\u00f3nio Espeleol\u00f3gico dos A\u00e7ores<\/h2>\n\n\t\t<\/div>\n\t\t\t\t\t<\/div>\n\n\t\n\n<\/div>\n<div class=\"container section-title-container\" ><h3 class=\"section-title section-title-center\"><b><\/b><span class=\"section-title-main\" style=\"color:rgb(0, 0, 0);\">Faial<\/span><b><\/b><\/h3><\/div>\n\n<div class=\"row row-dashed\"  id=\"row-1801274717\">\n\n\n\t<div id=\"col-1135680393\" class=\"col medium-6 small-12 large-6\"  >\n\t\t\t\t<div class=\"col-inner\"  >\n\t\t\t\n\t\t\t\n\n\n\t\t<div class=\"icon-box featured-box icon-box-right text-right\"  >\n\t\t\t\t\t<div class=\"icon-box-img\" style=\"width: 152px\">\n\t\t\t\t<div class=\"icon\">\n\t\t\t\t\t<div class=\"icon-inner\" >\n\t\t\t\t\t\t<img loading=\"lazy\" decoding=\"async\" width=\"604\" height=\"400\" src=\"https:\/\/www.montanheiros.com\/wp-content\/uploads\/2019\/06\/big18_1456315086-604x400.jpg\" class=\"attachment-medium size-medium\" alt=\"\" srcset=\"https:\/\/www.montanheiros.com\/wp-content\/uploads\/2019\/06\/big18_1456315086-604x400.jpg 604w, https:\/\/www.montanheiros.com\/wp-content\/uploads\/2019\/06\/big18_1456315086-768x509.jpg 768w, https:\/\/www.montanheiros.com\/wp-content\/uploads\/2019\/06\/big18_1456315086-500x331.jpg 500w, https:\/\/www.montanheiros.com\/wp-content\/uploads\/2019\/06\/big18_1456315086.jpg 800w\" sizes=\"auto, (max-width: 604px) 100vw, 604px\" \/>\t\t\t\t\t<\/div>\n\t\t\t\t<\/div>\n\t\t\t<\/div>\n\t\t\t\t<div class=\"icon-box-text last-reset\">\n\t\t\t\t\t\t\t\t\t\n\n<h3 style=\"text-align: left;\">Furna das Cabras<\/h3>\n<p style=\"text-align: left;\">Ilha: Faial<br>Concelho: Horta<br>Freguesia: Capelo<br>Tipo de Cavidade: Tubo de Lava<br>Geomorfologia: Campo de Lava<br>\u00c1rea Classificada:<br>Profundidade:<br>Comprimento: <br>Largura M\u00e1xima:<br>Altura M\u00e1xima:<\/p>\n<hr>\n<p style=\"text-align: left;\">&nbsp;<\/p>\n\n\t\t<\/div>\n\t<\/div>\n\t\n\t\n\n\t\t<div class=\"icon-box featured-box icon-box-right text-right\"  >\n\t\t\t\t\t<div class=\"icon-box-img\" style=\"width: 152px\">\n\t\t\t\t<div class=\"icon\">\n\t\t\t\t\t<div class=\"icon-inner\" >\n\t\t\t\t\t\t<img loading=\"lazy\" decoding=\"async\" width=\"564\" height=\"400\" src=\"https:\/\/www.montanheiros.com\/wp-content\/uploads\/2019\/06\/Furna-Ruim_1-564x400.jpg\" class=\"attachment-medium size-medium\" alt=\"\" srcset=\"https:\/\/www.montanheiros.com\/wp-content\/uploads\/2019\/06\/Furna-Ruim_1-564x400.jpg 564w, https:\/\/www.montanheiros.com\/wp-content\/uploads\/2019\/06\/Furna-Ruim_1-500x355.jpg 500w, https:\/\/www.montanheiros.com\/wp-content\/uploads\/2019\/06\/Furna-Ruim_1.jpg 682w\" sizes=\"auto, (max-width: 564px) 100vw, 564px\" \/>\t\t\t\t\t<\/div>\n\t\t\t\t<\/div>\n\t\t\t<\/div>\n\t\t\t\t<div class=\"icon-box-text last-reset\">\n\t\t\t\t\t\t\t\t\t\n\n<h3 style=\"text-align: left;\">Furna Ruim<\/h3>\n<p style=\"text-align: left;\">Ilha: Faial<br>Concelho: Horta<br>Freguesia: Capelo<br>Tipo de Cavidade: Algar Fenda<br>Geomorfologia: Cone Vulc\u00e2nico\/Cratera<br>\u00c1rea Classificada: Rede Natura 2000<br>Profundidade: 55m<br>Comprimento: <br>Largura M\u00e1xima: <br>Altura M\u00e1xima:<\/p>\n<hr>\n<p style=\"text-align: left;\">&nbsp;<\/p>\n\n\t\t<\/div>\n\t<\/div>\n\t\n\t\n\n\t\t<div class=\"icon-box featured-box icon-box-right text-right\"  >\n\t\t\t\t\t<div class=\"icon-box-img\" style=\"width: 152px\">\n\t\t\t\t<div class=\"icon\">\n\t\t\t\t\t<div class=\"icon-inner\" >\n\t\t\t\t\t\t<img loading=\"lazy\" decoding=\"async\" width=\"542\" height=\"400\" src=\"https:\/\/www.montanheiros.com\/wp-content\/uploads\/2019\/06\/gruta-da-rua-do-Algar-542x400.jpg\" class=\"attachment-medium size-medium\" alt=\"\" srcset=\"https:\/\/www.montanheiros.com\/wp-content\/uploads\/2019\/06\/gruta-da-rua-do-Algar-542x400.jpg 542w, https:\/\/www.montanheiros.com\/wp-content\/uploads\/2019\/06\/gruta-da-rua-do-Algar-500x369.jpg 500w, https:\/\/www.montanheiros.com\/wp-content\/uploads\/2019\/06\/gruta-da-rua-do-Algar.jpg 595w\" sizes=\"auto, (max-width: 542px) 100vw, 542px\" \/>\t\t\t\t\t<\/div>\n\t\t\t\t<\/div>\n\t\t\t<\/div>\n\t\t\t\t<div class=\"icon-box-text last-reset\">\n\t\t\t\t\t\t\t\t\t\n\n<h3 style=\"text-align: left;\">Gruta da Rua do Algar<\/h3>\n<p style=\"text-align: left;\">Ilha: Faial<br>Freguesia: Feteira<br>Tipo de Cavidade: Tubo de Lava<br>Geomorfologia: Campo de Lava<br>\u00c1rea Classificada: <br>Profundidade: <br>Comprimento: <br>Largura M\u00e1xima: <br>Altura M\u00e1xima:<\/p>\n<hr>\n<p style=\"text-align: left;\">&nbsp;<\/p>\n\n\t\t<\/div>\n\t<\/div>\n\t\n\t\n\n\t\t<div class=\"icon-box featured-box icon-box-right text-right\"  >\n\t\t\t\t\t<div class=\"icon-box-img\" style=\"width: 152px\">\n\t\t\t\t<div class=\"icon\">\n\t\t\t\t\t<div class=\"icon-inner\" >\n\t\t\t\t\t\t<img loading=\"lazy\" decoding=\"async\" width=\"565\" height=\"400\" src=\"https:\/\/www.montanheiros.com\/wp-content\/uploads\/2019\/06\/Gruta-das-Anelares-565x400.jpg\" class=\"attachment-medium size-medium\" alt=\"\" srcset=\"https:\/\/www.montanheiros.com\/wp-content\/uploads\/2019\/06\/Gruta-das-Anelares-565x400.jpg 565w, https:\/\/www.montanheiros.com\/wp-content\/uploads\/2019\/06\/Gruta-das-Anelares-768x544.jpg 768w, https:\/\/www.montanheiros.com\/wp-content\/uploads\/2019\/06\/Gruta-das-Anelares-1129x800.jpg 1129w, https:\/\/www.montanheiros.com\/wp-content\/uploads\/2019\/06\/Gruta-das-Anelares-500x354.jpg 500w\" sizes=\"auto, (max-width: 565px) 100vw, 565px\" \/>\t\t\t\t\t<\/div>\n\t\t\t\t<\/div>\n\t\t\t<\/div>\n\t\t\t\t<div class=\"icon-box-text last-reset\">\n\t\t\t\t\t\t\t\t\t\n\n<h3 style=\"text-align: left;\">Gruta das Anelares<\/h3>\n<p style=\"text-align: left;\">Ilha: Faial<br>Concelho: Horta<br>Freguesia: Castelo Branco<br>Tipo de Cavidade: Tubo de Lava<br>Geomorfologia: Encosta<br>\u00c1rea Classificada: <br>Profundidade: <br>Comprimento: 35,5m<br>Largura M\u00e1xima: 2.5m<br>Altura M\u00e1xima: 3.7m<\/p>\n<hr>\n<p style=\"text-align: left;\">&nbsp;<\/p>\n\n\t\t<\/div>\n\t<\/div>\n\t\n\t\n\n\t\t<div class=\"icon-box featured-box icon-box-right text-right\"  >\n\t\t\t\t\t<div class=\"icon-box-img\" style=\"width: 152px\">\n\t\t\t\t<div class=\"icon\">\n\t\t\t\t\t<div class=\"icon-inner\" >\n\t\t\t\t\t\t<img loading=\"lazy\" decoding=\"async\" width=\"564\" height=\"400\" src=\"https:\/\/www.montanheiros.com\/wp-content\/uploads\/2019\/06\/Gruta-do-Cabeco-do-Canto-564x400.jpg\" class=\"attachment-medium size-medium\" alt=\"\" srcset=\"https:\/\/www.montanheiros.com\/wp-content\/uploads\/2019\/06\/Gruta-do-Cabeco-do-Canto-564x400.jpg 564w, https:\/\/www.montanheiros.com\/wp-content\/uploads\/2019\/06\/Gruta-do-Cabeco-do-Canto-500x355.jpg 500w, https:\/\/www.montanheiros.com\/wp-content\/uploads\/2019\/06\/Gruta-do-Cabeco-do-Canto.jpg 682w\" sizes=\"auto, (max-width: 564px) 100vw, 564px\" \/>\t\t\t\t\t<\/div>\n\t\t\t\t<\/div>\n\t\t\t<\/div>\n\t\t\t\t<div class=\"icon-box-text last-reset\">\n\t\t\t\t\t\t\t\t\t\n\n<h3 style=\"text-align: left;\">Gruta do Cabe\u00e7o do Canto<\/h3>\n<p style=\"text-align: left;\">Ilha: Faial<br>Concelho: Horta<br>Freguesia: Capelo<br>Tipo de Cavidade: Tubo de Lava<br>Geomorfologia: Cone Vulc\u00e2nico\/Cratera<br>\u00c1rea Classificada: Rede Natura 2000<br>Profundidade: <br>Comprimento: 18,7m<br>Largura M\u00e1xima: 7.5m<br>Altura M\u00e1xima: 5.1m<\/p>\n<hr>\n<p style=\"text-align: left;\">&nbsp;<\/p>\n\n\t\t<\/div>\n\t<\/div>\n\t\n\t\n\n\t\t<\/div>\n\t\t\t\t\t<\/div>\n\n\t\n\n\t<div id=\"col-467164511\" class=\"col medium-6 small-12 large-6\"  >\n\t\t\t\t<div class=\"col-inner\"  >\n\t\t\t\n\t\t\t\n\n\n\t\t<div class=\"icon-box featured-box icon-box-right text-right\"  >\n\t\t\t\t\t<div class=\"icon-box-img\" style=\"width: 152px\">\n\t\t\t\t<div class=\"icon\">\n\t\t\t\t\t<div class=\"icon-inner\" >\n\t\t\t\t\t\t<img loading=\"lazy\" decoding=\"async\" width=\"533\" height=\"400\" src=\"https:\/\/www.montanheiros.com\/wp-content\/uploads\/2019\/06\/Gruta-Cruzeiro-533x400.jpg\" class=\"attachment-medium size-medium\" alt=\"\" srcset=\"https:\/\/www.montanheiros.com\/wp-content\/uploads\/2019\/06\/Gruta-Cruzeiro-533x400.jpg 533w, https:\/\/www.montanheiros.com\/wp-content\/uploads\/2019\/06\/Gruta-Cruzeiro-768x576.jpg 768w, https:\/\/www.montanheiros.com\/wp-content\/uploads\/2019\/06\/Gruta-Cruzeiro-500x375.jpg 500w, https:\/\/www.montanheiros.com\/wp-content\/uploads\/2019\/06\/Gruta-Cruzeiro.jpg 800w\" sizes=\"auto, (max-width: 533px) 100vw, 533px\" \/>\t\t\t\t\t<\/div>\n\t\t\t\t<\/div>\n\t\t\t<\/div>\n\t\t\t\t<div class=\"icon-box-text last-reset\">\n\t\t\t\t\t\t\t\t\t\n\n<h3 style=\"text-align: left;\">Gruta do Cruzeiro<\/h3>\n<p style=\"text-align: left;\">Ilha: Faial<br>Concelho: Horta<br>Freguesia: Capelo<br>Tipo de Cavidade: Tubo de Lava<br>Geomorfologia: Campo de Lava<br>\u00c1rea Classificada: <br>Profundidade: <br>Comprimento: 30m<br>Largura M\u00e1xima: <br>Altura M\u00e1xima:<\/p>\n<hr>\n<p style=\"text-align: left;\">&nbsp;<\/p>\n\n\t\t<\/div>\n\t<\/div>\n\t\n\t\n\n\t\t<div class=\"icon-box featured-box icon-box-right text-right\"  >\n\t\t\t\t\t<div class=\"icon-box-img\" style=\"width: 152px\">\n\t\t\t\t<div class=\"icon\">\n\t\t\t\t\t<div class=\"icon-inner\" >\n\t\t\t\t\t\t<img loading=\"lazy\" decoding=\"async\" width=\"542\" height=\"400\" src=\"https:\/\/www.montanheiros.com\/wp-content\/uploads\/2019\/06\/Gruta-do-Luis-Pereira-542x400.jpg\" class=\"attachment-medium size-medium\" alt=\"\" srcset=\"https:\/\/www.montanheiros.com\/wp-content\/uploads\/2019\/06\/Gruta-do-Luis-Pereira-542x400.jpg 542w, https:\/\/www.montanheiros.com\/wp-content\/uploads\/2019\/06\/Gruta-do-Luis-Pereira-500x369.jpg 500w, https:\/\/www.montanheiros.com\/wp-content\/uploads\/2019\/06\/Gruta-do-Luis-Pereira.jpg 595w\" sizes=\"auto, (max-width: 542px) 100vw, 542px\" \/>\t\t\t\t\t<\/div>\n\t\t\t\t<\/div>\n\t\t\t<\/div>\n\t\t\t\t<div class=\"icon-box-text last-reset\">\n\t\t\t\t\t\t\t\t\t\n\n<h3 style=\"text-align: left;\">Gruta do Luis Pereira<\/h3>\n<p style=\"text-align: left;\">Ilha: Faial<br>Concelho: Horta<br>Freguesia: Praia do Norte<br>Tipo de Cavidade: Tubo de Lava<br>Geomorfologia: Campo de Lava Encosta<br>\u00c1rea Classificada: <br>Profundidade: <br>Comprimento: 50m<br>Largura M\u00e1xima: 2m<br>Altura M\u00e1xima: 1m<\/p>\n<hr>\n<p style=\"text-align: left;\">&nbsp;<\/p>\n\n\t\t<\/div>\n\t<\/div>\n\t\n\t\n\n\t\t<div class=\"icon-box featured-box icon-box-right text-right\"  >\n\t\t\t\t\t<div class=\"icon-box-img\" style=\"width: 152px\">\n\t\t\t\t<div class=\"icon\">\n\t\t\t\t\t<div class=\"icon-inner\" >\n\t\t\t\t\t\t<img loading=\"lazy\" decoding=\"async\" width=\"565\" height=\"400\" src=\"https:\/\/www.montanheiros.com\/wp-content\/uploads\/2019\/06\/Gruta-do-Parque-do-Capelo_1-565x400.jpg\" class=\"attachment-medium size-medium\" alt=\"\" srcset=\"https:\/\/www.montanheiros.com\/wp-content\/uploads\/2019\/06\/Gruta-do-Parque-do-Capelo_1-565x400.jpg 565w, https:\/\/www.montanheiros.com\/wp-content\/uploads\/2019\/06\/Gruta-do-Parque-do-Capelo_1-500x354.jpg 500w, https:\/\/www.montanheiros.com\/wp-content\/uploads\/2019\/06\/Gruta-do-Parque-do-Capelo_1.jpg 568w\" sizes=\"auto, (max-width: 565px) 100vw, 565px\" \/>\t\t\t\t\t<\/div>\n\t\t\t\t<\/div>\n\t\t\t<\/div>\n\t\t\t\t<div class=\"icon-box-text last-reset\">\n\t\t\t\t\t\t\t\t\t\n\n<h3 style=\"text-align: left;\">Gruta do Parque do Capelo<\/h3>\n<p style=\"text-align: left;\">Ilha: Faial<br>Concelho: Horta<br>Freguesia: Capelo<br>Tipo de Cavidade: Tubo de Lava<br>Geomorfologia: Encosta<br>\u00c1rea Classificada: Reserva Florestal Natural do Parque do Capelo<br>Profundidade: <br>Comprimento: 55,3m<br>Largura M\u00e1xima: 5.2m<br>Altura M\u00e1xima: 1.6m<\/p>\n<hr>\n<p style=\"text-align: left;\">&nbsp;<\/p>\n\n\t\t<\/div>\n\t<\/div>\n\t\n\t\n\n\t\t<div class=\"icon-box featured-box icon-box-right text-right\"  >\n\t\t\t\t\t<div class=\"icon-box-img\" style=\"width: 152px\">\n\t\t\t\t<div class=\"icon\">\n\t\t\t\t\t<div class=\"icon-inner\" >\n\t\t\t\t\t\t<img loading=\"lazy\" decoding=\"async\" width=\"542\" height=\"400\" src=\"https:\/\/www.montanheiros.com\/wp-content\/uploads\/2019\/06\/Gruta-dos-Covoes-542x400.jpg\" class=\"attachment-medium size-medium\" alt=\"\" srcset=\"https:\/\/www.montanheiros.com\/wp-content\/uploads\/2019\/06\/Gruta-dos-Covoes-542x400.jpg 542w, https:\/\/www.montanheiros.com\/wp-content\/uploads\/2019\/06\/Gruta-dos-Covoes-500x369.jpg 500w, https:\/\/www.montanheiros.com\/wp-content\/uploads\/2019\/06\/Gruta-dos-Covoes.jpg 595w\" sizes=\"auto, (max-width: 542px) 100vw, 542px\" \/>\t\t\t\t\t<\/div>\n\t\t\t\t<\/div>\n\t\t\t<\/div>\n\t\t\t\t<div class=\"icon-box-text last-reset\">\n\t\t\t\t\t\t\t\t\t\n\n<h3 style=\"text-align: left;\">Gruta dos Cov\u00f5es<\/h3>\n<p style=\"text-align: left;\">Ilha: Faial<br>Concelho: Horta<br>Freguesia: Cedros<br>Tipo de Cavidade: Tubo de Lava<br>Geomorfologia: Encosta<br>\u00c1rea Classificada: <br>Profundidade: <br>Comprimento: <br>Largura M\u00e1xima: <br>Altura M\u00e1xima:<\/p>\n<hr>\n<p style=\"text-align: left;\">&nbsp;<\/p>\n\n\t\t<\/div>\n\t<\/div>\n\t\n\t\n\n\t\t<\/div>\n\t\t\t\t\t<\/div>\n\n\t\n\n\n<style>\n#row-1801274717 > .col > .col-inner {\n  padding: 0px 23px 0px 27px;\n}\n<\/style>\n<\/div>\n","protected":false},"excerpt":{"rendered":"<p>in\u00edcio atividades publica\u00e7\u00f5es\/\/arquivo\/\/links quem somos Cavidades Vulc\u00e2nicas Cavidades abertas ao p\u00fablico IPEA Gloss\u00e1rio Faial Flores Graciosa Pico\/\/Madalena Pico\/\/Lajes Pico\/\/S. Roque S. Jorge S. Maria S. Miguel Terceira IPEA\/\/Invent\u00e1rio do Patrim\u00f3nio Espeleol\u00f3gico dos A\u00e7ores Faial Furna das Cabras Ilha: FaialConcelho: HortaFreguesia: CapeloTipo de Cavidade: Tubo de LavaGeomorfologia: Campo de Lava\u00c1rea Classificada:Profundidade:Comprimento: Largura M\u00e1xima:Altura M\u00e1xima: &nbsp; Furna [&#8230;]\n","protected":false},"author":1,"featured_media":0,"parent":7485,"menu_order":3,"comment_status":"closed","ping_status":"closed","template":"page-single-page-nav.php","meta":{"jetpack_post_was_ever_published":false,"footnotes":""},"class_list":["post-7566","page","type-page","status-publish","hentry"],"jetpack_sharing_enabled":true,"jetpack_shortlink":"https:\/\/wp.me\/PaT0CI-1Y2","_links":{"self":[{"href":"https:\/\/www.montanheiros.com\/en\/wp-json\/wp\/v2\/pages\/7566","targetHints":{"allow":["GET"]}}],"collection":[{"href":"https:\/\/www.montanheiros.com\/en\/wp-json\/wp\/v2\/pages"}],"about":[{"href":"https:\/\/www.montanheiros.com\/en\/wp-json\/wp\/v2\/types\/page"}],"author":[{"embeddable":true,"href":"https:\/\/www.montanheiros.com\/en\/wp-json\/wp\/v2\/users\/1"}],"replies":[{"embeddable":true,"href":"https:\/\/www.montanheiros.com\/en\/wp-json\/wp\/v2\/comments?post=7566"}],"version-history":[{"count":27,"href":"https:\/\/www.montanheiros.com\/en\/wp-json\/wp\/v2\/pages\/7566\/revisions"}],"predecessor-version":[{"id":12204,"href":"https:\/\/www.montanheiros.com\/en\/wp-json\/wp\/v2\/pages\/7566\/revisions\/12204"}],"up":[{"embeddable":true,"href":"https:\/\/www.montanheiros.com\/en\/wp-json\/wp\/v2\/pages\/7485"}],"wp:attachment":[{"href":"https:\/\/www.montanheiros.com\/en\/wp-json\/wp\/v2\/media?parent=7566"}],"curies":[{"name":"wp","href":"https:\/\/api.w.org\/{rel}","templated":true}]}}