{"id":7583,"date":"2019-05-10T13:59:58","date_gmt":"2019-05-10T13:59:58","guid":{"rendered":"http:\/\/montanheiros.cecilia-designs.com\/?page_id=7583"},"modified":"2019-12-03T14:36:16","modified_gmt":"2019-12-03T14:36:16","slug":"ipea-flores","status":"publish","type":"page","link":"https:\/\/www.montanheiros.com\/en\/speleoazores-home\/ipea-flores\/","title":{"rendered":"IPEA Flores"},"content":{"rendered":"\n<div class=\"row\"  id=\"row-662465964\">\n\n\n\t<div id=\"col-885762603\" class=\"col medium-3 small-6 large-3\"  >\n\t\t\t\t<div class=\"col-inner\"  >\n\t\t\t\n\t\t\t\n\n\t<div class=\"img has-hover x md-x lg-x y md-y lg-y\" id=\"image_565015823\">\n\t\t<a class=\"\" href=\"\/speleoazores-home\"  >\t\t\t\t\t\t<div class=\"img-inner dark\" style=\"margin:11px 0px -23px 0px;\">\n\t\t\t<img loading=\"lazy\" decoding=\"async\" width=\"320\" height=\"113\" src=\"https:\/\/www.montanheiros.com\/wp-content\/uploads\/2019\/05\/logo_gespea.png\" class=\"attachment-large size-large\" alt=\"\" \/>\t\t\t\t\t\t\n\t\t\t\t\t<\/div>\n\t\t\t\t\t\t<\/a>\t\t\n<style>\n#image_565015823 {\n  width: 100%;\n}\n<\/style>\n\t<\/div>\n\t\n\n\n\t\t<\/div>\n\t\t\t\t\t<\/div>\n\n\t\n\n\t<div id=\"col-1420942615\" class=\"col medium-9 small-12 large-9\"  >\n\t\t\t\t<div class=\"col-inner text-right\"  >\n\t\t\t\n\t\t\t\n\n<a href=\"\/speleoazores-home\/\" target=\"_self\" class=\"button alert is-underline lowercase\"  >\n    <span>in\u00edcio<\/span>\n  <\/a>\n\n\n<a href=\"\/espeleoazores\/speleoazores-atividades\" target=\"_self\" class=\"button alert is-underline lowercase\"  >\n    <span>atividades<\/span>\n  <\/a>\n\n\n<a href=\"\/espeleoazores\/publicacoes\" target=\"_self\" class=\"button alert is-underline lowercase\"  >\n    <span>publica\u00e7\u00f5es\/\/arquivo\/\/links<\/span>\n  <\/a>\n\n\n<a href=\"\/espeleoazores\/quem\" target=\"_self\" class=\"button alert is-underline lowercase\"  >\n    <span>quem somos<\/span>\n  <\/a>\n\n\n\n\t\t<\/div>\n\t\t\t\t\t<\/div>\n\n\t\n\n<\/div>\n\t<section class=\"section\" id=\"section_607170079\">\n\t\t<div class=\"bg section-bg fill bg-fill  \" >\n\n\t\t\t\n\t\t\t\n\t\t\t\n\n\t\t<\/div>\n\n\t\t\n\n\t\t<div class=\"section-content relative\">\n\t\t\t\n\n<div class=\"row align-equal align-center row-dashed\"  id=\"row-669910711\">\n\n\n\t<div id=\"col-1043743690\" class=\"col small-12 large-12\"  >\n\t\t\t\t<div class=\"col-inner text-center\"  >\n\t\t\t\n\t\t\t\n\n<a href=\"\/speleoazores\/speleoazores-cavidades-vulcanicas\" target=\"_self\" class=\"button white is-underline\"  >\n    <span>Cavidades Vulc\u00e2nicas<\/span>\n  <\/a>\n\n\n<a href=\"\/speleoazores\/speleoazores-algar-carvao\/\" target=\"_self\" class=\"button white is-underline\"  >\n    <span>Cavidades abertas ao p\u00fablico<\/span>\n  <\/a>\n\n\n<a href=\"\/speleoazores\/ipea-faial\/\" target=\"_self\" class=\"button success is-underline lowercase\"  >\n    <span>IPEA<\/span>\n  <\/a>\n\n\n<a href=\"\/espeleoazores\/glossario\" target=\"_self\" class=\"button white is-underline\"  >\n    <span>gloss\u00e1rio<\/span>\n  <\/a>\n\n\n\n\t\t<\/div>\n\t\t\t\t\t<\/div>\n\n\t\n\n<\/div>\n\n\t\t<\/div>\n\n\t\t\n<style>\n#section_607170079 {\n  padding-top: 0px;\n  padding-bottom: 0px;\n  min-height: 59px;\n  background-color: rgb(245, 245, 245);\n}\n#section_607170079 .section-bg.bg-loaded {\n  background-image: url(https:\/\/www.montanheiros.com\/wp-content\/uploads\/2019\/05\/big5_1543850268.jpg);\n}\n#section_607170079 .ux-shape-divider--top svg {\n  height: 150px;\n  --divider-top-width: 100%;\n}\n#section_607170079 .ux-shape-divider--bottom svg {\n  height: 150px;\n  --divider-width: 100%;\n}\n<\/style>\n\t<\/section>\n\t\n<div class=\"row align-middle align-center\"  id=\"row-1219828635\">\n\n\n\t<div id=\"col-240095564\" class=\"col small-12 large-12\"  >\n\t\t\t\t<div class=\"col-inner text-center\"  >\n\t\t\t\n\t\t\t\n\n<a href=\"\/speleoazores\/ipea-faial\/\" target=\"_self\" class=\"button alert is-underline lowercase\"  >\n    <span>Faial<\/span>\n  <\/a>\n\n\n<a href=\"\/speleoazores\/ipea-flores\/\" target=\"_self\" class=\"button secondary is-underline lowercase\"  >\n    <span>Flores<\/span>\n  <\/a>\n\n\n<a href=\"\/speleoazores\/ipea-graciosa\/\" target=\"_self\" class=\"button alert is-underline lowercase\"  >\n    <span>Graciosa<\/span>\n  <\/a>\n\n\n<a href=\"\/speleoazores\/ipea-pico-madalena\/\" target=\"_self\" class=\"button alert is-underline lowercase\"  >\n    <span>Pico\/\/Madalena<\/span>\n  <\/a>\n\n\n<a href=\"\/speleoazores\/ipea-pico-lajes\/\" target=\"_self\" class=\"button alert is-underline lowercase\"  >\n    <span>Pico\/\/Lajes<\/span>\n  <\/a>\n\n\n<a href=\"\/speleoazores\/ipea-pico-sroque\/\" target=\"_self\" class=\"button alert is-underline lowercase\"  >\n    <span>Pico\/\/S. Roque<\/span>\n  <\/a>\n\n\n<a href=\"\/speleoazores\/ipea-sjorge\/\" target=\"_self\" class=\"button alert is-underline lowercase\"  >\n    <span>S. Jorge<\/span>\n  <\/a>\n\n\n<a href=\"\/speleoazores\/ipea-smaria\/\" target=\"_self\" class=\"button alert is-underline lowercase\"  >\n    <span>S. Maria<\/span>\n  <\/a>\n\n\n<a href=\"\/speleoazores\/ipea-smiguel\/\" target=\"_self\" class=\"button alert is-underline lowercase\"  >\n    <span>S. Miguel<\/span>\n  <\/a>\n\n\n<a href=\"\/speleoazores\/ipea-terceira\/\" target=\"_self\" class=\"button alert is-underline lowercase\"  >\n    <span>Terceira<\/span>\n  <\/a>\n\n\n\n\t\t<\/div>\n\t\t\t\t\n<style>\n#col-240095564 > .col-inner {\n  margin: 0px 0px -17px 0px;\n}\n<\/style>\n\t<\/div>\n\n\t\n\n<\/div>\n\t<div id=\"gap-1451295336\" class=\"gap-element clearfix\" style=\"display:block; height:auto;\">\n\t\t\n<style>\n#gap-1451295336 {\n  padding-top: 30px;\n}\n<\/style>\n\t<\/div>\n\t\n\n<div class=\"row\"  id=\"row-1163969565\">\n\n\n\t<div id=\"col-1631905401\" class=\"col small-12 large-12\"  >\n\t\t\t\t<div class=\"col-inner\"  >\n\t\t\t\n\t\t\t\n\n<h2 class=\"thin-font\">IPEA\/\/Invent\u00e1rio do Patrim\u00f3nio Espeleol\u00f3gico dos A\u00e7ores<\/h2>\n\n\t\t<\/div>\n\t\t\t\t\t<\/div>\n\n\t\n\n<\/div>\n<div class=\"container section-title-container\" ><h3 class=\"section-title section-title-center\"><b><\/b><span class=\"section-title-main\" style=\"color:rgb(0, 0, 0);\">Flores<\/span><b><\/b><\/h3><\/div>\n\n<div class=\"row row-dashed\"  id=\"row-342028097\">\n\n\n\t<div id=\"col-211807086\" class=\"col medium-6 small-12 large-6\"  >\n\t\t\t\t<div class=\"col-inner\"  >\n\t\t\t\n\t\t\t\n\n\n\t\t<div class=\"icon-box featured-box icon-box-right text-right\"  >\n\t\t\t\t\t<div class=\"icon-box-img\" style=\"width: 152px\">\n\t\t\t\t<div class=\"icon\">\n\t\t\t\t\t<div class=\"icon-inner\" >\n\t\t\t\t\t\t<img loading=\"lazy\" decoding=\"async\" width=\"295\" height=\"400\" src=\"https:\/\/www.montanheiros.com\/wp-content\/uploads\/2019\/06\/Gruta-do-Galo-295x400.jpg\" class=\"attachment-medium size-medium\" alt=\"\" srcset=\"https:\/\/www.montanheiros.com\/wp-content\/uploads\/2019\/06\/Gruta-do-Galo-295x400.jpg 295w, https:\/\/www.montanheiros.com\/wp-content\/uploads\/2019\/06\/Gruta-do-Galo.jpg 439w\" sizes=\"auto, (max-width: 295px) 100vw, 295px\" \/>\t\t\t\t\t<\/div>\n\t\t\t\t<\/div>\n\t\t\t<\/div>\n\t\t\t\t<div class=\"icon-box-text last-reset\">\n\t\t\t\t\t\t\t\t\t\n\n<h3 style=\"text-align: left;\">Gruta do Galo<\/h3>\n<p style=\"text-align: left;\">Ilha: Flores<br>Concelho: Santa Cruz das Flores<br>Freguesia: Ponta Delgada<br>Tipo de Cavidade: <br>Geomorfologia: <br>\u00c1rea Classificada: <br>Profundidade: <br>Comprimento: <br>Largura M\u00e1xima: <br>Altura M\u00e1xima:<\/p>\n<hr>\n<p style=\"text-align: left;\">&nbsp;<\/p>\n\n\t\t<\/div>\n\t<\/div>\n\t\n\t\n\n\t\t<\/div>\n\t\t\t\t\t<\/div>\n\n\t\n\n\t<div id=\"col-2014401748\" class=\"col medium-6 small-12 large-6\"  >\n\t\t\t\t<div class=\"col-inner\"  >\n\t\t\t\n\t\t\t\n\n\n\t\t<div class=\"icon-box featured-box icon-box-right text-right\"  >\n\t\t\t\t\t<div class=\"icon-box-img\" style=\"width: 152px\">\n\t\t\t\t<div class=\"icon\">\n\t\t\t\t\t<div class=\"icon-inner\" >\n\t\t\t\t\t\t<img loading=\"lazy\" decoding=\"async\" width=\"564\" height=\"400\" src=\"https:\/\/www.montanheiros.com\/wp-content\/uploads\/2019\/06\/Caldeirinha-do-Pero-Botelho-564x400.jpg\" class=\"attachment-medium size-medium\" alt=\"\" srcset=\"https:\/\/www.montanheiros.com\/wp-content\/uploads\/2019\/06\/Caldeirinha-do-Pero-Botelho-564x400.jpg 564w, https:\/\/www.montanheiros.com\/wp-content\/uploads\/2019\/06\/Caldeirinha-do-Pero-Botelho-500x355.jpg 500w, https:\/\/www.montanheiros.com\/wp-content\/uploads\/2019\/06\/Caldeirinha-do-Pero-Botelho.jpg 682w\" sizes=\"auto, (max-width: 564px) 100vw, 564px\" \/>\t\t\t\t\t<\/div>\n\t\t\t\t<\/div>\n\t\t\t<\/div>\n\t\t\t\t<div class=\"icon-box-text last-reset\">\n\t\t\t\t\t\t\t\t\t\n\n<h3 style=\"text-align: left;\">Caldeirinha de P\u00earo Botelho<\/h3>\n<p style=\"text-align: left;\">Ilha: Graciosa<br>Concelho: Santa Cruz da Graciosa<br>Freguesia: Luz<br>Tipo de Cavidade: Algar<br>Geomorfologia: Caldeira<br>\u00c1rea Classificada: <br>Profundidade: 37m<br>Comprimento: 38m<br>Largura M\u00e1xima: 24.6m<br>Altura M\u00e1xima: 7.4m<\/p>\n<hr>\n<p style=\"text-align: left;\">&nbsp;<\/p>\n\n\t\t<\/div>\n\t<\/div>\n\t\n\t\n\n\t\t<\/div>\n\t\t\t\t\t<\/div>\n\n\t\n\n\n<style>\n#row-342028097 > .col > .col-inner {\n  padding: 0px 23px 0px 27px;\n}\n<\/style>\n<\/div>\n","protected":false},"excerpt":{"rendered":"<p>in\u00edcio atividades publica\u00e7\u00f5es\/\/arquivo\/\/links quem somos Cavidades Vulc\u00e2nicas Cavidades abertas ao p\u00fablico IPEA gloss\u00e1rio Faial Flores Graciosa Pico\/\/Madalena Pico\/\/Lajes Pico\/\/S. Roque S. Jorge S. Maria S. Miguel Terceira IPEA\/\/Invent\u00e1rio do Patrim\u00f3nio Espeleol\u00f3gico dos A\u00e7ores Flores Gruta do Galo Ilha: FloresConcelho: Santa Cruz das FloresFreguesia: Ponta DelgadaTipo de Cavidade: Geomorfologia: \u00c1rea Classificada: Profundidade: Comprimento: Largura M\u00e1xima: Altura [&#8230;]\n","protected":false},"author":1,"featured_media":0,"parent":7485,"menu_order":3,"comment_status":"closed","ping_status":"closed","template":"page-single-page-nav.php","meta":{"jetpack_post_was_ever_published":false,"footnotes":""},"class_list":["post-7583","page","type-page","status-publish","hentry"],"jetpack_sharing_enabled":true,"jetpack_shortlink":"https:\/\/wp.me\/PaT0CI-1Yj","_links":{"self":[{"href":"https:\/\/www.montanheiros.com\/en\/wp-json\/wp\/v2\/pages\/7583","targetHints":{"allow":["GET"]}}],"collection":[{"href":"https:\/\/www.montanheiros.com\/en\/wp-json\/wp\/v2\/pages"}],"about":[{"href":"https:\/\/www.montanheiros.com\/en\/wp-json\/wp\/v2\/types\/page"}],"author":[{"embeddable":true,"href":"https:\/\/www.montanheiros.com\/en\/wp-json\/wp\/v2\/users\/1"}],"replies":[{"embeddable":true,"href":"https:\/\/www.montanheiros.com\/en\/wp-json\/wp\/v2\/comments?post=7583"}],"version-history":[{"count":10,"href":"https:\/\/www.montanheiros.com\/en\/wp-json\/wp\/v2\/pages\/7583\/revisions"}],"predecessor-version":[{"id":12206,"href":"https:\/\/www.montanheiros.com\/en\/wp-json\/wp\/v2\/pages\/7583\/revisions\/12206"}],"up":[{"embeddable":true,"href":"https:\/\/www.montanheiros.com\/en\/wp-json\/wp\/v2\/pages\/7485"}],"wp:attachment":[{"href":"https:\/\/www.montanheiros.com\/en\/wp-json\/wp\/v2\/media?parent=7583"}],"curies":[{"name":"wp","href":"https:\/\/api.w.org\/{rel}","templated":true}]}}