{"id":7640,"date":"2019-05-11T08:21:52","date_gmt":"2019-05-11T08:21:52","guid":{"rendered":"http:\/\/montanheiros.cecilia-designs.com\/?page_id=7640"},"modified":"2019-12-03T14:42:52","modified_gmt":"2019-12-03T14:42:52","slug":"ipea-pico-lajes","status":"publish","type":"page","link":"https:\/\/www.montanheiros.com\/en\/speleoazores-home\/ipea-pico-lajes\/","title":{"rendered":"IPEA Pico | Lajes do Pico"},"content":{"rendered":"\n<div class=\"row\"  id=\"row-269281712\">\n\n\n\t<div id=\"col-326489579\" class=\"col medium-3 small-6 large-3\"  >\n\t\t\t\t<div class=\"col-inner\"  >\n\t\t\t\n\t\t\t\n\t<div class=\"img has-hover x md-x lg-x y md-y lg-y\" id=\"image_1981934959\">\n\t\t<a class=\"\" href=\"\/speleoazores\"  >\t\t\t\t\t\t<div class=\"img-inner dark\" style=\"margin:11px 0px -23px 0px;\">\n\t\t\t<img loading=\"lazy\" decoding=\"async\" width=\"320\" height=\"113\" src=\"https:\/\/www.montanheiros.com\/wp-content\/uploads\/2019\/05\/logo_gespea.png\" class=\"attachment-large size-large\" alt=\"\" \/>\t\t\t\t\t\t\n\t\t\t\t\t<\/div>\n\t\t\t\t\t\t<\/a>\t\t\n<style>\n#image_1981934959 {\n  width: 100%;\n}\n<\/style>\n\t<\/div>\n\t\n\t\t<\/div>\n\t\t\t\t\n<style>\n#col-326489579 > .col-inner {\n  padding: 0px 0px 0px 0px;\n}\n<\/style>\n\t<\/div>\n\n\t\n\n\t<div id=\"col-1102279504\" class=\"col medium-9 small-12 large-9\"  >\n\t\t\t\t<div class=\"col-inner text-right\"  >\n\t\t\t\n\t\t\t\n\n<a href=\"\/espeleoazores\/\" target=\"_self\" class=\"button alert is-underline lowercase\"  >\n    <span>in\u00edcio<\/span>\n  <\/a>\n\n\n<a href=\"\/espeleoazores\/atividades\" target=\"_self\" class=\"button alert is-underline lowercase\"  >\n    <span>atividades<\/span>\n  <\/a>\n\n\n<a href=\"\/espeleoazores\/publicacoes\" target=\"_self\" class=\"button alert is-underline lowercase\"  >\n    <span>publica\u00e7\u00f5es\/\/arquivo\/\/links<\/span>\n  <\/a>\n\n\n<a href=\"\/espeleoazores\/quem\" target=\"_self\" class=\"button alert is-underline lowercase\"  >\n    <span>quem somos<\/span>\n  <\/a>\n\n\t\t<\/div>\n\t\t\t\t\t<\/div>\n\n\t\n<\/div>\n\t<section class=\"section\" id=\"section_1410935637\">\n\t\t<div class=\"bg section-bg fill bg-fill  \" >\n\n\t\t\t\n\t\t\t\n\t\t\t\n\n\t\t<\/div>\n\n\t\t\n\n\t\t<div class=\"section-content relative\">\n\t\t\t\n<div class=\"row align-equal align-center row-dashed\"  id=\"row-1343633483\">\n\n\t<div id=\"col-1560468848\" class=\"col small-12 large-12\"  >\n\t\t\t\t<div class=\"col-inner text-center\"  >\n\t\t\t\n\t\t\t\n\n<a href=\"\/speleoazores\/cavidades-vulcanicas\" target=\"_self\" class=\"button white is-underline\"  >\n    <span>Cavidades Vulc\u00e2nicas<\/span>\n  <\/a>\n\n\n<a href=\"\/speleoazores\/algar-carvao\" target=\"_self\" class=\"button white is-underline\"  >\n    <span>Cavidades abertas ao p\u00fablico<\/span>\n  <\/a>\n\n\n<a href=\"\/speleoazores\/ipea-faial\/\" target=\"_self\" class=\"button success is-underline lowercase\"  >\n    <span>IPEA<\/span>\n  <\/a>\n\n\n<a href=\"\/espeleoazores\/glossario\" target=\"_self\" class=\"button white is-underline\"  >\n    <span>gloss\u00e1rio<\/span>\n  <\/a>\n\n\t\t<\/div>\n\t\t\t\t\t<\/div>\n\n\t\n<\/div>\n\t\t<\/div>\n\n\t\t\n<style>\n#section_1410935637 {\n  padding-top: 0px;\n  padding-bottom: 0px;\n  min-height: 59px;\n  background-color: rgb(245, 245, 245);\n}\n#section_1410935637 .section-bg.bg-loaded {\n  background-image: url(https:\/\/www.montanheiros.com\/wp-content\/uploads\/2019\/05\/big5_1543850268.jpg);\n}\n#section_1410935637 .ux-shape-divider--top svg {\n  height: 150px;\n  --divider-top-width: 100%;\n}\n#section_1410935637 .ux-shape-divider--bottom svg {\n  height: 150px;\n  --divider-width: 100%;\n}\n<\/style>\n\t<\/section>\n\t\n<div class=\"row row-small row-full-width align-middle align-center\"  id=\"row-687954773\">\n\n\t<div id=\"col-1890521897\" class=\"col small-12 large-12\"  >\n\t\t\t\t<div class=\"col-inner text-center\"  >\n\t\t\t\n\t\t\t\n\n<a href=\"\/speleoazores\/ipea-faial\/\" target=\"_self\" class=\"button alert is-underline lowercase\"  >\n    <span>Faial<\/span>\n  <\/a>\n\n\n<a href=\"\/speleoazores\/ipea-flores\/\" target=\"_self\" class=\"button alert is-underline lowercase\"  >\n    <span>Flores<\/span>\n  <\/a>\n\n\n<a href=\"\/speleoazores\/ipea-graciosa\/\" target=\"_self\" class=\"button alert is-underline lowercase\"  >\n    <span>Graciosa<\/span>\n  <\/a>\n\n\n<a href=\"\/speleoazores\/ipea-pico-madalena\/\" target=\"_self\" class=\"button alert is-underline lowercase\"  >\n    <span>Pico\/\/Madalena<\/span>\n  <\/a>\n\n\n<a href=\"\/speleoazores\/ipea-pico-lajes\/\" target=\"_self\" class=\"button secondary is-underline lowercase\"  >\n    <span>Pico\/\/Lajes<\/span>\n  <\/a>\n\n\n<a href=\"\/speleoazores\/ipea-pico-sroque\/\" target=\"_self\" class=\"button alert is-underline lowercase\"  >\n    <span>Pico\/\/S. Roque<\/span>\n  <\/a>\n\n\n<a href=\"\/speleoazores\/ipea-sjorge\/\" target=\"_self\" class=\"button alert is-underline lowercase\"  >\n    <span>S. Jorge<\/span>\n  <\/a>\n\n\n<a href=\"\/speleoazores\/ipea-smaria\/\" target=\"_self\" class=\"button alert is-underline lowercase\"  >\n    <span>S. Maria<\/span>\n  <\/a>\n\n\n<a href=\"\/speleoazores\/ipea-smiguel\/\" target=\"_self\" class=\"button alert is-underline lowercase\"  >\n    <span>S. Miguel<\/span>\n  <\/a>\n\n\n<a href=\"\/speleoazores\/ipea-terceira\/\" target=\"_self\" class=\"button alert is-underline lowercase\"  >\n    <span>Terceira<\/span>\n  <\/a>\n\n\n\n\t\t<\/div>\n\t\t\t\t\n<style>\n#col-1890521897 > .col-inner {\n  margin: 0px 0px -20px 0px;\n}\n<\/style>\n\t<\/div>\n\n\t\n\n\n<style>\n#row-687954773 > .col > .col-inner {\n  padding: 0px 0px 0px 0px;\n}\n<\/style>\n<\/div>\n<div class=\"row\"  id=\"row-1752727298\">\n\n\n\t<div id=\"col-486871081\" class=\"col small-12 large-12\"  >\n\t\t\t\t<div class=\"col-inner\"  >\n\t\t\t\n\t\t\t\n\n\t<div id=\"gap-1613587535\" class=\"gap-element clearfix\" style=\"display:block; height:auto;\">\n\t\t\n<style>\n#gap-1613587535 {\n  padding-top: 30px;\n}\n<\/style>\n\t<\/div>\n\t\n\n<h2 class=\"thin-font\">IPEA\/\/Invent\u00e1rio do Patrim\u00f3nio Espeleol\u00f3gico dos A\u00e7ores<\/h2>\n\n\t\t<\/div>\n\t\t\t\t\n<style>\n#col-486871081 > .col-inner {\n  padding: 0px 0px 0px 0px;\n}\n<\/style>\n\t<\/div>\n\n\t\n\n<\/div>\n<div class=\"container section-title-container\" ><h3 class=\"section-title section-title-center\"><b><\/b><span class=\"section-title-main\" style=\"color:rgb(0, 0, 0);\">Pico\/\/Lajes do Pico<\/span><b><\/b><\/h3><\/div>\n\n<div class=\"row row-dashed\"  id=\"row-433678562\">\n\n\n\t<div id=\"col-992802781\" class=\"col medium-6 small-12 large-6\"  >\n\t\t\t\t<div class=\"col-inner\"  >\n\t\t\t\n\t\t\t\n\n\n\t\t<div class=\"icon-box featured-box icon-box-right text-right\"  >\n\t\t\t\t\t<div class=\"icon-box-img\" style=\"width: 152px\">\n\t\t\t\t<div class=\"icon\">\n\t\t\t\t\t<div class=\"icon-inner\" >\n\t\t\t\t\t\t<img loading=\"lazy\" decoding=\"async\" width=\"400\" height=\"300\" src=\"https:\/\/www.montanheiros.com\/wp-content\/uploads\/2019\/05\/big1153225258.jpg\" class=\"attachment-medium size-medium\" alt=\"\" \/>\t\t\t\t\t<\/div>\n\t\t\t\t<\/div>\n\t\t\t<\/div>\n\t\t\t\t<div class=\"icon-box-text last-reset\">\n\t\t\t\t\t\t\t\t\t\n\n<h3 style=\"text-align: left;\">Algar dos Burros<\/h3>\n<p style=\"text-align: left;\">Ilha: Pico<br>Concelho: Lajes do Pico<br>Freguesia: Ribeiras<br>Tipo de Cavidade: Algar<br>Geomorfologia: Planalto<br>\u00c1rea Classificada: <br>Profundidade: 22m<br>Comprimento: 42m<br>Largura M\u00e1xima: <br>Altura M\u00e1xima:<\/p>\n<hr>\n<p style=\"text-align: left;\">&nbsp;<\/p>\n\n\t\t<\/div>\n\t<\/div>\n\t\n\t\n\n\t\t<div class=\"icon-box featured-box icon-box-right text-right\"  >\n\t\t\t\t\t<div class=\"icon-box-img\" style=\"width: 152px\">\n\t\t\t\t<div class=\"icon\">\n\t\t\t\t\t<div class=\"icon-inner\" >\n\t\t\t\t\t\t<img loading=\"lazy\" decoding=\"async\" width=\"400\" height=\"300\" src=\"https:\/\/www.montanheiros.com\/wp-content\/uploads\/2019\/05\/big1153225258.jpg\" class=\"attachment-medium size-medium\" alt=\"\" \/>\t\t\t\t\t<\/div>\n\t\t\t\t<\/div>\n\t\t\t<\/div>\n\t\t\t\t<div class=\"icon-box-text last-reset\">\n\t\t\t\t\t\t\t\t\t\n\n<h3 style=\"text-align: left;\">Algar dos Terreiros<\/h3>\n<p style=\"text-align: left;\">Ilha: Pico<br>Concelho: Lajes do Pico<br>Freguesia: Lajes do Pico<br>Tipo de Cavidade: Tubo de Lava<br>Geomorfologia: Campo de Lava<br>\u00c1rea Classificada: <br>Profundidade: <br>Comprimento: 30m<br>Largura M\u00e1xima: <br>Altura M\u00e1xima:<\/p>\n<hr>\n<p style=\"text-align: left;\">&nbsp;<\/p>\n\n\t\t<\/div>\n\t<\/div>\n\t\n\t\n\n\t\t<div class=\"icon-box featured-box icon-box-right text-right\"  >\n\t\t\t\t\t<div class=\"icon-box-img\" style=\"width: 152px\">\n\t\t\t\t<div class=\"icon\">\n\t\t\t\t\t<div class=\"icon-inner\" >\n\t\t\t\t\t\t<img loading=\"lazy\" decoding=\"async\" width=\"400\" height=\"300\" src=\"https:\/\/www.montanheiros.com\/wp-content\/uploads\/2019\/05\/big1153225258.jpg\" class=\"attachment-medium size-medium\" alt=\"\" \/>\t\t\t\t\t<\/div>\n\t\t\t\t<\/div>\n\t\t\t<\/div>\n\t\t\t\t<div class=\"icon-box-text last-reset\">\n\t\t\t\t\t\t\t\t\t\n\n<h3 style=\"text-align: left;\">Algar dos Tuneis<\/h3>\n<p style=\"text-align: left;\">Ilha: Pico<br>Concelho: Lajes do Pico<br>Freguesia: Ribeiras<br>Tipo de Cavidade: Tubo de Lava<br>Geomorfologia: Campo de Lava<br>\u00c1rea Classificada: <br>Profundidade: <br>Comprimento: 286m<br>Largura M\u00e1xima: 9m<br>Altura M\u00e1xima:<\/p>\n<hr>\n<p style=\"text-align: left;\">&nbsp;<\/p>\n\n\t\t<\/div>\n\t<\/div>\n\t\n\t\n\n\t\t<div class=\"icon-box featured-box icon-box-right text-right\"  >\n\t\t\t\t\t<div class=\"icon-box-img\" style=\"width: 152px\">\n\t\t\t\t<div class=\"icon\">\n\t\t\t\t\t<div class=\"icon-inner\" >\n\t\t\t\t\t\t<img loading=\"lazy\" decoding=\"async\" width=\"400\" height=\"300\" src=\"https:\/\/www.montanheiros.com\/wp-content\/uploads\/2019\/05\/big1153225258.jpg\" class=\"attachment-medium size-medium\" alt=\"\" \/>\t\t\t\t\t<\/div>\n\t\t\t\t<\/div>\n\t\t\t<\/div>\n\t\t\t\t<div class=\"icon-box-text last-reset\">\n\t\t\t\t\t\t\t\t\t\n\n<h3 style=\"text-align: left;\">Furna da Baixa<\/h3>\n<p style=\"text-align: left;\">Ilha: Pico<br>Concelho: Lajes do Pico<br>Freguesia: Ribeirinha<br>Tipo de Cavidade: Tubo de Lava<br>Geomorfologia: Campo de Lava<br>\u00c1rea Classificada: <br>Profundidade: <br>Comprimento: 40m<br>Largura M\u00e1xima: <br>Altura M\u00e1xima:<\/p>\n<hr>\n<p style=\"text-align: left;\">&nbsp;<\/p>\n\n\t\t<\/div>\n\t<\/div>\n\t\n\t\n\n\t\t<div class=\"icon-box featured-box icon-box-right text-right\"  >\n\t\t\t\t\t<div class=\"icon-box-img\" style=\"width: 152px\">\n\t\t\t\t<div class=\"icon\">\n\t\t\t\t\t<div class=\"icon-inner\" >\n\t\t\t\t\t\t<img loading=\"lazy\" decoding=\"async\" width=\"400\" height=\"300\" src=\"https:\/\/www.montanheiros.com\/wp-content\/uploads\/2019\/05\/big1153225258.jpg\" class=\"attachment-medium size-medium\" alt=\"\" \/>\t\t\t\t\t<\/div>\n\t\t\t\t<\/div>\n\t\t\t<\/div>\n\t\t\t\t<div class=\"icon-box-text last-reset\">\n\t\t\t\t\t\t\t\t\t\n\n<h3 style=\"text-align: left;\">Furna da Sapateira<\/h3>\n<p style=\"text-align: left;\">Ilha: Pico<br>Concelho: Lajes do Pico<br>Freguesia: Piedade<br>Tipo de Cavidade: Tubo de Lava<br>Geomorfologia: Campo de Lava<br>\u00c1rea Classificada: <br>Profundidade: <br>Comprimento: 50m<br>Largura M\u00e1xima: <br>Altura M\u00e1xima:<\/p>\n<hr>\n<p style=\"text-align: left;\">&nbsp;<\/p>\n\n\t\t<\/div>\n\t<\/div>\n\t\n\t\n\n\t\t<div class=\"icon-box featured-box icon-box-right text-right\"  >\n\t\t\t\t\t<div class=\"icon-box-img\" style=\"width: 152px\">\n\t\t\t\t<div class=\"icon\">\n\t\t\t\t\t<div class=\"icon-inner\" >\n\t\t\t\t\t\t<img loading=\"lazy\" decoding=\"async\" width=\"400\" height=\"300\" src=\"https:\/\/www.montanheiros.com\/wp-content\/uploads\/2019\/05\/big1153225258.jpg\" class=\"attachment-medium size-medium\" alt=\"\" \/>\t\t\t\t\t<\/div>\n\t\t\t\t<\/div>\n\t\t\t<\/div>\n\t\t\t\t<div class=\"icon-box-text last-reset\">\n\t\t\t\t\t\t\t\t\t\n\n<h3 style=\"text-align: left;\">Furna das Barbeiras<\/h3>\n<p style=\"text-align: left;\">Ilha: Pico<br>Concelho: Lajes do Pico<br>Freguesia: Piedade<br>Tipo de Cavidade: Tubo de Lava<br>Geomorfologia: <br>\u00c1rea Classificada: Rede Natura 2000<br>Profundidade: <br>Comprimento: 13,5m<br>Largura M\u00e1xima: 10m<br>Altura M\u00e1xima: 3m<\/p>\n<hr>\n<p style=\"text-align: left;\">&nbsp;<\/p>\n\n\t\t<\/div>\n\t<\/div>\n\t\n\t\n\n\t\t<div class=\"icon-box featured-box icon-box-right text-right\"  >\n\t\t\t\t\t<div class=\"icon-box-img\" style=\"width: 152px\">\n\t\t\t\t<div class=\"icon\">\n\t\t\t\t\t<div class=\"icon-inner\" >\n\t\t\t\t\t\t<img loading=\"lazy\" decoding=\"async\" width=\"400\" height=\"300\" src=\"https:\/\/www.montanheiros.com\/wp-content\/uploads\/2019\/05\/big1153225258.jpg\" class=\"attachment-medium size-medium\" alt=\"\" \/>\t\t\t\t\t<\/div>\n\t\t\t\t<\/div>\n\t\t\t<\/div>\n\t\t\t\t<div class=\"icon-box-text last-reset\">\n\t\t\t\t\t\t\t\t\t\n\n<h3 style=\"text-align: left;\">Furna das Pombas<\/h3>\n<p style=\"text-align: left;\">Ilha: Pico<br>Concelho: Lajes do Pico<br>Freguesia: Piedade<br>Tipo de Cavidade: Tubo de Lava<br>Geomorfologia: Arriba<br>\u00c1rea Classificada: <br>Profundidade: <br>Comprimento: 60m<br>Largura M\u00e1xima: <br>Altura M\u00e1xima:<\/p>\n<hr>\n<p style=\"text-align: left;\">&nbsp;<\/p>\n\n\t\t<\/div>\n\t<\/div>\n\t\n\t\n\n\t\t<div class=\"icon-box featured-box icon-box-right text-right\"  >\n\t\t\t\t\t<div class=\"icon-box-img\" style=\"width: 152px\">\n\t\t\t\t<div class=\"icon\">\n\t\t\t\t\t<div class=\"icon-inner\" >\n\t\t\t\t\t\t<img loading=\"lazy\" decoding=\"async\" width=\"400\" height=\"300\" src=\"https:\/\/www.montanheiros.com\/wp-content\/uploads\/2019\/05\/big1153225258.jpg\" class=\"attachment-medium size-medium\" alt=\"\" \/>\t\t\t\t\t<\/div>\n\t\t\t\t<\/div>\n\t\t\t<\/div>\n\t\t\t\t<div class=\"icon-box-text last-reset\">\n\t\t\t\t\t\t\t\t\t\n\n<h3 style=\"text-align: left;\">Gruta da Pia<\/h3>\n<p style=\"text-align: left;\">Ilha: Pico<br>Concelho: Lajes do Pico<br>Freguesia: Ribeirinha<br>Tipo de Cavidade: Tubo de Lava<br>Geomorfologia: Campo de Lava<br>\u00c1rea Classificada: <br>Profundidade: <br>Comprimento: 35m<br>Largura M\u00e1xima: <br>Altura M\u00e1xima: 5m<\/p>\n<hr>\n<p style=\"text-align: left;\">&nbsp;<\/p>\n\n\t\t<\/div>\n\t<\/div>\n\t\n\t\n\n\t\t<\/div>\n\t\t\t\t\t<\/div>\n\n\t\n\n\t<div id=\"col-949105248\" class=\"col medium-6 small-12 large-6\"  >\n\t\t\t\t<div class=\"col-inner\"  >\n\t\t\t\n\t\t\t\n\n\n\t\t<div class=\"icon-box featured-box icon-box-right text-right\"  >\n\t\t\t\t\t<div class=\"icon-box-img\" style=\"width: 152px\">\n\t\t\t\t<div class=\"icon\">\n\t\t\t\t\t<div class=\"icon-inner\" >\n\t\t\t\t\t\t<img loading=\"lazy\" decoding=\"async\" width=\"400\" height=\"300\" src=\"https:\/\/www.montanheiros.com\/wp-content\/uploads\/2019\/05\/big1153225258.jpg\" class=\"attachment-medium size-medium\" alt=\"\" \/>\t\t\t\t\t<\/div>\n\t\t\t\t<\/div>\n\t\t\t<\/div>\n\t\t\t\t<div class=\"icon-box-text last-reset\">\n\t\t\t\t\t\t\t\t\t\n\n<h3 style=\"text-align: left;\">Gruta da Ribeira do Fundo<\/h3>\n<p style=\"text-align: left;\">Ilha: Pico<br>Concelho: Lajes do Pico<br>Freguesia: Ribeirinha<br>Tipo de Cavidade: Tubo de Lava<br>Geomorfologia: Encosta<br>\u00c1rea Classificada: <br>Profundidade: <br>Comprimento: 200m<br>Largura M\u00e1xima: 10m<br>Altura M\u00e1xima: 7m<\/p>\n<hr>\n<p style=\"text-align: left;\">&nbsp;<\/p>\n\n\t\t<\/div>\n\t<\/div>\n\t\n\t\n\n\t\t<div class=\"icon-box featured-box icon-box-right text-right\"  >\n\t\t\t\t\t<div class=\"icon-box-img\" style=\"width: 152px\">\n\t\t\t\t<div class=\"icon\">\n\t\t\t\t\t<div class=\"icon-inner\" >\n\t\t\t\t\t\t<img loading=\"lazy\" decoding=\"async\" width=\"400\" height=\"300\" src=\"https:\/\/www.montanheiros.com\/wp-content\/uploads\/2019\/05\/big1153225258.jpg\" class=\"attachment-medium size-medium\" alt=\"\" \/>\t\t\t\t\t<\/div>\n\t\t\t\t<\/div>\n\t\t\t<\/div>\n\t\t\t\t<div class=\"icon-box-text last-reset\">\n\t\t\t\t\t\t\t\t\t\n\n<h3 style=\"text-align: left;\">Gruta da Tia Adelaide<\/h3>\n<p style=\"text-align: left;\">Ilha: Pico<br>Concelho: Lajes do Pico<br>Freguesia: Ribeirinha<br>Tipo de Cavidade: Tubo de Lava<br>Geomorfologia: <br>\u00c1rea Classificada: <br>Profundidade: <br>Comprimento: 150m<br>Largura M\u00e1xima: <br>Altura M\u00e1xima:<\/p>\n<hr>\n<p style=\"text-align: left;\">&nbsp;<\/p>\n\n\t\t<\/div>\n\t<\/div>\n\t\n\t\n\n\t\t<div class=\"icon-box featured-box icon-box-right text-right\"  >\n\t\t\t\t\t<div class=\"icon-box-img\" style=\"width: 152px\">\n\t\t\t\t<div class=\"icon\">\n\t\t\t\t\t<div class=\"icon-inner\" >\n\t\t\t\t\t\t<img loading=\"lazy\" decoding=\"async\" width=\"400\" height=\"300\" src=\"https:\/\/www.montanheiros.com\/wp-content\/uploads\/2019\/05\/big1153225258.jpg\" class=\"attachment-medium size-medium\" alt=\"\" \/>\t\t\t\t\t<\/div>\n\t\t\t\t<\/div>\n\t\t\t<\/div>\n\t\t\t\t<div class=\"icon-box-text last-reset\">\n\t\t\t\t\t\t\t\t\t\n\n<h3 style=\"text-align: left;\">Gruta do Cabe\u00e7o do Carvalhal<\/h3>\n<p style=\"text-align: left;\">Ilha: Pico<br>Concelho: Lajes do Pico<br>Freguesia: Lajes do Pico<br>Tipo de Cavidade: Tubo de Lava<br>Geomorfologia: Cone Vulc\u00e2nico\/Cratera<br>\u00c1rea Classificada: <br>Profundidade: <br>Comprimento: <br>Largura M\u00e1xima: 4m<br>Altura M\u00e1xima: 7m<\/p>\n<hr>\n<p style=\"text-align: left;\">&nbsp;<\/p>\n\n\t\t<\/div>\n\t<\/div>\n\t\n\t\n\n\t\t<div class=\"icon-box featured-box icon-box-right text-right\"  >\n\t\t\t\t\t<div class=\"icon-box-img\" style=\"width: 152px\">\n\t\t\t\t<div class=\"icon\">\n\t\t\t\t\t<div class=\"icon-inner\" >\n\t\t\t\t\t\t<img loading=\"lazy\" decoding=\"async\" width=\"400\" height=\"300\" src=\"https:\/\/www.montanheiros.com\/wp-content\/uploads\/2019\/05\/big1153225258.jpg\" class=\"attachment-medium size-medium\" alt=\"\" \/>\t\t\t\t\t<\/div>\n\t\t\t\t<\/div>\n\t\t\t<\/div>\n\t\t\t\t<div class=\"icon-box-text last-reset\">\n\t\t\t\t\t\t\t\t\t\n\n<h3 style=\"text-align: left;\">Gruta do Mist\u00e9rio da Silveira 3<\/h3>\n<p style=\"text-align: left;\">Ilha: Pico<br>Concelho: Lajes do Pico<br>Freguesia: Lajes do Pico<br>Tipo de Cavidade: Tubo de Lava<br>Geomorfologia: Campo de Lava<br>\u00c1rea Classificada: <br>Profundidade: <br>Comprimento: <br>Largura M\u00e1xima: <br>Altura M\u00e1xima:<\/p>\n<hr>\n<p style=\"text-align: left;\">&nbsp;<\/p>\n\n\t\t<\/div>\n\t<\/div>\n\t\n\t\n\n\t\t<div class=\"icon-box featured-box icon-box-right text-right\"  >\n\t\t\t\t\t<div class=\"icon-box-img\" style=\"width: 152px\">\n\t\t\t\t<div class=\"icon\">\n\t\t\t\t\t<div class=\"icon-inner\" >\n\t\t\t\t\t\t<img loading=\"lazy\" decoding=\"async\" width=\"400\" height=\"300\" src=\"https:\/\/www.montanheiros.com\/wp-content\/uploads\/2019\/05\/big1153225258.jpg\" class=\"attachment-medium size-medium\" alt=\"\" \/>\t\t\t\t\t<\/div>\n\t\t\t\t<\/div>\n\t\t\t<\/div>\n\t\t\t\t<div class=\"icon-box-text last-reset\">\n\t\t\t\t\t\t\t\t\t\n\n<h3 style=\"text-align: left;\">Gruta do Mist\u00e9rio da Silveira I<\/h3>\n<p style=\"text-align: left;\">Ilha: Pico<br>Concelho: Lajes do Pico<br>Freguesia: S\u00e3o Jo\u00e3o<br>Tipo de Cavidade: Tubo de Lava<br>Geomorfologia: Encosta Erup\u00e7\u00a6o Hist\u00f3rica (1720 A.D.)<br>\u00c1rea Classificada: <br>Profundidade: <br>Comprimento: <br>Largura M\u00e1xima: 9.38m<br>Altura M\u00e1xima: 3.6m<\/p>\n\n\t\t<\/div>\n\t<\/div>\n\t\n\t\n\n\t\t<div class=\"icon-box featured-box icon-box-right text-right\"  >\n\t\t\t\t\t<div class=\"icon-box-img\" style=\"width: 152px\">\n\t\t\t\t<div class=\"icon\">\n\t\t\t\t\t<div class=\"icon-inner\" >\n\t\t\t\t\t\t<img loading=\"lazy\" decoding=\"async\" width=\"400\" height=\"300\" src=\"https:\/\/www.montanheiros.com\/wp-content\/uploads\/2019\/05\/big1153225258.jpg\" class=\"attachment-medium size-medium\" alt=\"\" \/>\t\t\t\t\t<\/div>\n\t\t\t\t<\/div>\n\t\t\t<\/div>\n\t\t\t\t<div class=\"icon-box-text last-reset\">\n\t\t\t\t\t\t\t\t\t\n\n<h3 style=\"text-align: left;\">Gruta do Gabriel<\/h3>\n<p style=\"text-align: left;\">Ilha: Pico<br>Concelho: Lajes do Pico<br>Freguesia: Ribeiras<br>Tipo de Cavidade: Tubo de Lava<br>Geomorfologia: Campo de Lava<br>\u00c1rea Classificada: <br>Profundidade: <br>Comprimento: 120m<br>Largura M\u00e1xima: <br>Altura M\u00e1xima:<\/p>\n<hr>\n<p style=\"text-align: left;\">&nbsp;<\/p>\n\n\t\t<\/div>\n\t<\/div>\n\t\n\t\n\n\t\t<div class=\"icon-box featured-box icon-box-right text-right\"  >\n\t\t\t\t\t<div class=\"icon-box-img\" style=\"width: 152px\">\n\t\t\t\t<div class=\"icon\">\n\t\t\t\t\t<div class=\"icon-inner\" >\n\t\t\t\t\t\t<img loading=\"lazy\" decoding=\"async\" width=\"400\" height=\"300\" src=\"https:\/\/www.montanheiros.com\/wp-content\/uploads\/2019\/05\/big1153225258.jpg\" class=\"attachment-medium size-medium\" alt=\"\" \/>\t\t\t\t\t<\/div>\n\t\t\t\t<\/div>\n\t\t\t<\/div>\n\t\t\t\t<div class=\"icon-box-text last-reset\">\n\t\t\t\t\t\t\t\t\t\n\n<h3 style=\"text-align: left;\">Gruta do Sold\u00e3o<\/h3>\n<p style=\"text-align: left;\">Ilha: Pico<br>Concelho: Lajes do Pico<br>Freguesia: S\u00e3o Jo\u00e3o<br>Tipo de Cavidade: Tubo de Lava<br>Geomorfologia: Campo de Lava Encosta<br>\u00c1rea Classificada: <br>Profundidade: <br>Comprimento: 1451m<br>Largura M\u00e1xima: 5.4m<br>Altura M\u00e1xima: 8m<\/p>\n<hr>\n<p style=\"text-align: left;\">&nbsp;<\/p>\n\n\t\t<\/div>\n\t<\/div>\n\t\n\t\n\n\t\t<\/div>\n\t\t\t\t\t<\/div>\n\n\t\n\n\n<style>\n#row-433678562 > .col > .col-inner {\n  padding: 0px 23px 0px 27px;\n}\n<\/style>\n<\/div>\n\t<div id=\"gap-1153714065\" class=\"gap-element clearfix\" style=\"display:block; height:auto;\">\n\t\t\n<style>\n#gap-1153714065 {\n  padding-top: 30px;\n}\n<\/style>\n\t<\/div>\n\t\n","protected":false},"excerpt":{"rendered":"<p>in\u00edcio atividades publica\u00e7\u00f5es\/\/arquivo\/\/links quem somos Cavidades Vulc\u00e2nicas Cavidades abertas ao p\u00fablico IPEA gloss\u00e1rio Faial Flores Graciosa Pico\/\/Madalena Pico\/\/Lajes Pico\/\/S. Roque S. Jorge S. Maria S. Miguel Terceira IPEA\/\/Invent\u00e1rio do Patrim\u00f3nio Espeleol\u00f3gico dos A\u00e7ores Pico\/\/Lajes do Pico Algar dos Burros Ilha: PicoConcelho: Lajes do PicoFreguesia: RibeirasTipo de Cavidade: AlgarGeomorfologia: Planalto\u00c1rea Classificada: Profundidade: 22mComprimento: 42mLargura M\u00e1xima: Altura [&#8230;]\n","protected":false},"author":1,"featured_media":0,"parent":7485,"menu_order":3,"comment_status":"closed","ping_status":"closed","template":"page-single-page-nav.php","meta":{"jetpack_post_was_ever_published":false,"footnotes":""},"class_list":["post-7640","page","type-page","status-publish","hentry"],"jetpack_sharing_enabled":true,"jetpack_shortlink":"https:\/\/wp.me\/PaT0CI-1Ze","_links":{"self":[{"href":"https:\/\/www.montanheiros.com\/en\/wp-json\/wp\/v2\/pages\/7640","targetHints":{"allow":["GET"]}}],"collection":[{"href":"https:\/\/www.montanheiros.com\/en\/wp-json\/wp\/v2\/pages"}],"about":[{"href":"https:\/\/www.montanheiros.com\/en\/wp-json\/wp\/v2\/types\/page"}],"author":[{"embeddable":true,"href":"https:\/\/www.montanheiros.com\/en\/wp-json\/wp\/v2\/users\/1"}],"replies":[{"embeddable":true,"href":"https:\/\/www.montanheiros.com\/en\/wp-json\/wp\/v2\/comments?post=7640"}],"version-history":[{"count":8,"href":"https:\/\/www.montanheiros.com\/en\/wp-json\/wp\/v2\/pages\/7640\/revisions"}],"predecessor-version":[{"id":12210,"href":"https:\/\/www.montanheiros.com\/en\/wp-json\/wp\/v2\/pages\/7640\/revisions\/12210"}],"up":[{"embeddable":true,"href":"https:\/\/www.montanheiros.com\/en\/wp-json\/wp\/v2\/pages\/7485"}],"wp:attachment":[{"href":"https:\/\/www.montanheiros.com\/en\/wp-json\/wp\/v2\/media?parent=7640"}],"curies":[{"name":"wp","href":"https:\/\/api.w.org\/{rel}","templated":true}]}}