{"id":7688,"date":"2019-05-12T22:07:22","date_gmt":"2019-05-12T22:07:22","guid":{"rendered":"http:\/\/montanheiros.cecilia-designs.com\/?page_id=7688"},"modified":"2019-12-03T14:14:15","modified_gmt":"2019-12-03T14:14:15","slug":"speleoazores-cavidades-vulcanicas","status":"publish","type":"page","link":"https:\/\/www.montanheiros.com\/en\/speleoazores-home\/speleoazores-cavidades-vulcanicas\/","title":{"rendered":"Cavidades Vulc\u00e2nicas"},"content":{"rendered":"\n<div class=\"row\"  id=\"row-1876606539\">\n\n\n\t<div id=\"col-552674394\" class=\"col medium-3 small-6 large-3\"  >\n\t\t\t\t<div class=\"col-inner\"  >\n\t\t\t\n\t\t\t\n\n\t<div class=\"img has-hover x md-x lg-x y md-y lg-y\" id=\"image_950217973\">\n\t\t<a class=\"\" href=\"\/speleoazores\"  >\t\t\t\t\t\t<div class=\"img-inner dark\" style=\"margin:11px 0px 0px 0px;\">\n\t\t\t<img loading=\"lazy\" decoding=\"async\" width=\"320\" height=\"113\" src=\"https:\/\/www.montanheiros.com\/wp-content\/uploads\/2019\/05\/logo_gespea.png\" class=\"attachment-large size-large\" alt=\"\" \/>\t\t\t\t\t\t\n\t\t\t\t\t<\/div>\n\t\t\t\t\t\t<\/a>\t\t\n<style>\n#image_950217973 {\n  width: 100%;\n}\n<\/style>\n\t<\/div>\n\t\n\n\n\t\t<\/div>\n\t\t\t\t\t<\/div>\n\n\t\n\n\t<div id=\"col-634299898\" class=\"col medium-9 small-12 large-9\"  >\n\t\t\t\t<div class=\"col-inner text-right\"  >\n\t\t\t\n\t\t\t\n\n<a href=\"\/espeleoazores\/\" target=\"_self\" class=\"button alert is-underline lowercase\"  >\n    <span>in\u00edcio<\/span>\n  <\/a>\n\n\n<a href=\"\/espeleoazores\/atividades\" target=\"_self\" class=\"button alert is-underline lowercase\"  >\n    <span>atividades<\/span>\n  <\/a>\n\n\n<a href=\"\/espeleoazores\/publicacoes\" target=\"_self\" class=\"button alert is-underline lowercase\"  >\n    <span>publica\u00e7\u00f5es\/\/arquivo\/\/links<\/span>\n  <\/a>\n\n\n<a href=\"\/espeleoazores\/quem\" target=\"_self\" class=\"button alert is-underline lowercase\"  >\n    <span>quem somos<\/span>\n  <\/a>\n\n\n\n\t\t<\/div>\n\t\t\t\t\t<\/div>\n\n\t\n\n<\/div>\n\t<section class=\"section\" id=\"section_622722407\">\n\t\t<div class=\"bg section-bg fill bg-fill  \" >\n\n\t\t\t\n\t\t\t\n\t\t\t\n\n\t\t<\/div>\n\n\t\t\n\n\t\t<div class=\"section-content relative\">\n\t\t\t\n\n<div class=\"row align-equal align-center row-dashed\"  id=\"row-1446101993\">\n\n\n\t<div id=\"col-1423174058\" class=\"col small-12 large-12\"  >\n\t\t\t\t<div class=\"col-inner text-center\"  >\n\t\t\t\n\t\t\t\n\n<a href=\"\/speleoazores\/cavidades-vulcanicas\" target=\"_self\" class=\"button success is-underline\"  >\n    <span>Cavidades Vulc\u00e2nicas<\/span>\n  <\/a>\n\n\n<a href=\"\/speleoazores\/speleoazores-algar-carvao\" target=\"_self\" class=\"button white is-underline\"  >\n    <span>Cavidades abertas ao p\u00fablico<\/span>\n  <\/a>\n\n\n<a href=\"\/speleoazores\/ipea-faial\/\" target=\"_self\" class=\"button white is-underline lowercase\"  >\n    <span>IPEA<\/span>\n  <\/a>\n\n\n<a href=\"\/espeleoazores\/glossario\" target=\"_self\" class=\"button white is-underline\"  >\n    <span>gloss\u00e1rio<\/span>\n  <\/a>\n\n\n\n\t\t<\/div>\n\t\t\t\t\t<\/div>\n\n\t\n\n<\/div>\n\n\t\t<\/div>\n\n\t\t\n<style>\n#section_622722407 {\n  padding-top: 0px;\n  padding-bottom: 0px;\n  min-height: 59px;\n  background-color: rgb(245, 245, 245);\n}\n#section_622722407 .section-bg.bg-loaded {\n  background-image: url(https:\/\/www.montanheiros.com\/wp-content\/uploads\/2019\/05\/big5_1543850268.jpg);\n}\n#section_622722407 .ux-shape-divider--top svg {\n  height: 150px;\n  --divider-top-width: 100%;\n}\n#section_622722407 .ux-shape-divider--bottom svg {\n  height: 150px;\n  --divider-width: 100%;\n}\n<\/style>\n\t<\/section>\n\t\n\t<div id=\"gap-93071227\" class=\"gap-element clearfix\" style=\"display:block; height:auto;\">\n\t\t\n<style>\n#gap-93071227 {\n  padding-top: 30px;\n}\n<\/style>\n\t<\/div>\n\t\n\n<div class=\"container section-title-container\" ><h3 class=\"section-title section-title-center\"><b><\/b><span class=\"section-title-main\" style=\"color:rgb(0, 0, 0);\">Forma\u00e7\u00e3o<\/span><b><\/b><\/h3><\/div>\n\n<div class=\"row\"  id=\"row-215723334\">\n\n\n\t<div id=\"col-1022218997\" class=\"col medium-4 small-12 large-4\"  >\n\t\t\t\t<div class=\"col-inner\"  >\n\t\t\t\n\t\t\t\n\n\t<div class=\"img has-hover x md-x lg-x y md-y lg-y\" id=\"image_417822992\">\n\t\t\t\t\t\t\t\t<div class=\"img-inner dark\" >\n\t\t\t<img loading=\"lazy\" decoding=\"async\" width=\"400\" height=\"286\" src=\"https:\/\/www.montanheiros.com\/wp-content\/uploads\/2019\/05\/tubo-1.jpg\" class=\"attachment-large size-large\" alt=\"\" \/>\t\t\t\t\t\t\n\t\t\t\t\t<\/div>\n\t\t\t\t\t\t\t\t\n<style>\n#image_417822992 {\n  width: 100%;\n}\n<\/style>\n\t<\/div>\n\t\n\n\n\t\t<\/div>\n\t\t\t\t\t<\/div>\n\n\t\n\n\t<div id=\"col-1786826580\" class=\"col medium-4 small-12 large-4\"  >\n\t\t\t\t<div class=\"col-inner\"  >\n\t\t\t\n\t\t\t\n\n<p><strong>G\u00e9nese de Cavidades<\/strong><\/p>\n<p>As cavidades vulc\u00e2nicas, n\u00e3o sendo muito comuns, encontram-se em locais onde o magma ascende \u00e0 superf\u00edcie, como por exemplo nos A\u00e7ores, Estados Unidos, Can\u00e1rias, Isl\u00e2ndia, It\u00e1lia, Jap\u00e3o, K\u00e9nia e Coreia.<\/p>\n<p>Podem-se considerar dois tipos de cavidades vulc\u00e2nicas:<\/p>\n\n\t\t<\/div>\n\t\t\t\t\t<\/div>\n\n\t\n\n\t<div id=\"col-226708976\" class=\"col medium-4 small-12 large-4\"  >\n\t\t\t\t<div class=\"col-inner\"  >\n\t\t\t\n\t\t\t\n\n\t<div class=\"img has-hover x md-x lg-x y md-y lg-y\" id=\"image_1526214805\">\n\t\t\t\t\t\t\t\t<div class=\"img-inner dark\" >\n\t\t\t<img loading=\"lazy\" decoding=\"async\" width=\"400\" height=\"300\" src=\"https:\/\/www.montanheiros.com\/wp-content\/uploads\/2019\/05\/algar.jpg\" class=\"attachment-large size-large\" alt=\"\" \/>\t\t\t\t\t\t\n\t\t\t\t\t<\/div>\n\t\t\t\t\t\t\t\t\n<style>\n#image_1526214805 {\n  width: 100%;\n}\n<\/style>\n\t<\/div>\n\t\n\n<p>Os <strong>Algares vulc\u00e2nicos<\/strong>, por outro lado s\u00e3o na sua maioria antigas chamin\u00e9s ou condutas vulc\u00e2nicas, mais ou menos verticais, que se esvaziaram de lava e que deram lugar a estas singulares cavidades.<\/p>\n\n\t\t<\/div>\n\t\t\t\t\t<\/div>\n\n\t\n\n<\/div>\n<div class=\"row\"  id=\"row-396782400\">\n\n\n\t<div id=\"col-429476850\" class=\"col small-12 large-12\"  >\n\t\t\t\t<div class=\"col-inner\"  >\n\t\t\t\n\t\t\t\n\n<p>Os <strong>Tubos l\u00e1vicos<\/strong>, cuja sua forma\u00e7\u00e3o pode-se esquematizar do seguinte modo<\/p>\n\n\t\t<\/div>\n\t\t\t\t\t<\/div>\n\n\t\n\n\n<style>\n#row-396782400 > .col > .col-inner {\n  padding: 0px 0px 0px 0px;\n}\n<\/style>\n<\/div>\n<div class=\"row\"  id=\"row-1957265665\">\n\n\n\t<div id=\"col-1895520483\" class=\"col medium-4 small-12 large-4\"  >\n\t\t\t\t<div class=\"col-inner\"  >\n\t\t\t\n\t\t\t\n\n\t<div class=\"box has-hover   has-hover box-text-bottom\" >\n\n\t\t<div class=\"box-image\" >\n\t\t\t\t\t\t<div class=\"\" >\n\t\t\t\t<img loading=\"lazy\" decoding=\"async\" width=\"404\" height=\"266\" src=\"https:\/\/www.montanheiros.com\/wp-content\/uploads\/2019\/05\/tubo-lavico1.jpg\" class=\"attachment- size-\" alt=\"\" \/>\t\t\t\t\t\t\t\t\t\t\t<\/div>\n\t\t\t\t\t<\/div>\n\n\t\t<div class=\"box-text text-center\" >\n\t\t\t<div class=\"box-text-inner\">\n\t\t\t\t\n\n<p style=\"text-align: left;\"><span style=\"color: #e14d43;\">1<\/span> Numa primeira fase, \u00e0 medida que as escoadas l\u00e1vicas mais fluidas descem os declives, d\u00e1-se o arrefecimento das suas zonas superficiais e laterais e forma-se uma crosta mais ou menos s\u00f3lida, debaixo da qual continua a escorrer lava ainda quente;<\/p>\n\n\t\t\t<\/div>\n\t\t<\/div>\n\t<\/div>\n\t\n\n\t\t<\/div>\n\t\t\t\t\t<\/div>\n\n\t\n\n\t<div id=\"col-826922679\" class=\"col medium-4 small-12 large-4\"  >\n\t\t\t\t<div class=\"col-inner\"  >\n\t\t\t\n\t\t\t\n\n\t<div class=\"box has-hover   has-hover box-text-bottom\" >\n\n\t\t<div class=\"box-image\" >\n\t\t\t\t\t\t<div class=\"\" >\n\t\t\t\t<img loading=\"lazy\" decoding=\"async\" width=\"404\" height=\"266\" src=\"https:\/\/www.montanheiros.com\/wp-content\/uploads\/2019\/05\/tubo-lavico2.jpg\" class=\"attachment- size-\" alt=\"\" \/>\t\t\t\t\t\t\t\t\t\t\t<\/div>\n\t\t\t\t\t<\/div>\n\n\t\t<div class=\"box-text text-center\" >\n\t\t\t<div class=\"box-text-inner\">\n\t\t\t\t\n\n<p style=\"text-align: left;\"><span style=\"color: #e14d43;\">2<\/span> Numa fase seguinte, este n\u00edvel de lava incandescente pode sofrer abaixamento, devido a uma diminui\u00e7\u00e3o nas emiss\u00f5es do vulc\u00e3o, surgindo, assim um vazio sob a crosta superficial j\u00e1 solidificada;<\/p>\n\n\t\t\t<\/div>\n\t\t<\/div>\n\t<\/div>\n\t\n\n\t\t<\/div>\n\t\t\t\t\t<\/div>\n\n\t\n\n\t<div id=\"col-1589716200\" class=\"col medium-4 small-12 large-4\"  >\n\t\t\t\t<div class=\"col-inner\"  >\n\t\t\t\n\t\t\t\n\n\t<div class=\"box has-hover   has-hover box-text-bottom\" >\n\n\t\t<div class=\"box-image\" >\n\t\t\t\t\t\t<div class=\"\" >\n\t\t\t\t<img loading=\"lazy\" decoding=\"async\" width=\"404\" height=\"266\" src=\"https:\/\/www.montanheiros.com\/wp-content\/uploads\/2019\/05\/tubo-lavico3.jpg\" class=\"attachment- size-\" alt=\"\" \/>\t\t\t\t\t\t\t\t\t\t\t<\/div>\n\t\t\t\t\t<\/div>\n\n\t\t<div class=\"box-text text-center\" >\n\t\t\t<div class=\"box-text-inner\">\n\t\t\t\t\n\n<p style=\"text-align: left;\"><span class=\"input_filtro\" style=\"color: #e14d43;\">3<\/span> Quando termina a erup\u00e7\u00e3o vulc\u00e2nica, fica formado o t\u00fanel ou gruta l\u00e1vica, a qual se vai desenvolver por alguns metros ou quil\u00f3metros de extens\u00e3o.<\/p>\n\n\t\t\t<\/div>\n\t\t<\/div>\n\t<\/div>\n\t\n\n\t\t<\/div>\n\t\t\t\t\t<\/div>\n\n\t\n\n<\/div>\n<div class=\"container section-title-container\" ><h3 class=\"section-title section-title-center\"><b><\/b><span class=\"section-title-main\" style=\"color:rgb(0, 0, 0);\">Estruturas<\/span><b><\/b><\/h3><\/div>\n\n<div class=\"row row-dashed\"  id=\"row-1030802681\">\n\n\n\t<div id=\"col-1203583209\" class=\"col small-12 large-12\"  >\n\t\t\t\t<div class=\"col-inner\"  >\n\t\t\t\n\t\t\t\n\n<div class=\"row\"  id=\"row-531629713\">\n\n\n\t<div id=\"col-485487631\" class=\"col medium-4 small-12 large-4\"  >\n\t\t\t\t<div class=\"col-inner\"  >\n\t\t\t\n\t\t\t\n\n<h2 style=\"text-align: left;\">Estrutura<\/h2>\n<p>O interior das cavidades vulc\u00e2nicas \u00e9 rico em espeleotemas caracter\u00edsticos deste tipo de estruturas, de onde podemos destacar as:<\/p>\n<p>&#8211; lava <em>pahoehoe,<\/em><br>&#8211; lava <em>a-a<\/em>,<br>&#8211; clarab\u00f3ias,<br>&#8211; balc\u00f5es, <br>&#8211; estalactites e estalagmites l\u00e1vicas,<br>&#8211; estalactites e estalagmites secund\u00e1rias,<br>&#8211;<em> lava balls<\/em>,<br>&#8211; bolhas de g\u00e1s,<br>&#8211; paredes estriadas,<br>&#8211; <em>levees<\/em><\/p>\n\n\t\t<\/div>\n\t\t\t\t\t<\/div>\n\n\t\n\n\t<div id=\"col-973725103\" class=\"col medium-4 small-12 large-4\"  >\n\t\t\t\t<div class=\"col-inner\"  >\n\t\t\t\n\t\t\t\n\n\t<div class=\"img has-hover x md-x lg-x y md-y lg-y\" id=\"image_1274091597\">\n\t\t\t\t\t\t\t\t<div class=\"img-inner dark\" >\n\t\t\t<img loading=\"lazy\" decoding=\"async\" width=\"350\" height=\"524\" src=\"https:\/\/www.montanheiros.com\/wp-content\/uploads\/2019\/05\/levees.jpg\" class=\"attachment-large size-large\" alt=\"\" srcset=\"https:\/\/www.montanheiros.com\/wp-content\/uploads\/2019\/05\/levees.jpg 350w, https:\/\/www.montanheiros.com\/wp-content\/uploads\/2019\/05\/levees-267x400.jpg 267w\" sizes=\"auto, (max-width: 350px) 100vw, 350px\" \/>\t\t\t\t\t\t\n\t\t\t\t\t<\/div>\n\t\t\t\t\t\t\t\t\n<style>\n#image_1274091597 {\n  width: 100%;\n}\n<\/style>\n\t<\/div>\n\t\n\n\t<div class=\"img has-hover x md-x lg-x y md-y lg-y\" id=\"image_1048490354\">\n\t\t\t\t\t\t\t\t<div class=\"img-inner dark\" >\n\t\t\t<img loading=\"lazy\" decoding=\"async\" width=\"400\" height=\"267\" src=\"https:\/\/www.montanheiros.com\/wp-content\/uploads\/2019\/05\/coluna.jpg\" class=\"attachment-large size-large\" alt=\"\" \/>\t\t\t\t\t\t\n\t\t\t\t\t<\/div>\n\t\t\t\t\t\t\t\t\n<style>\n#image_1048490354 {\n  width: 100%;\n}\n<\/style>\n\t<\/div>\n\t\n\n\n\t\t<\/div>\n\t\t\t\t\t<\/div>\n\n\t\n\n\t<div id=\"col-593951351\" class=\"col medium-4 small-12 large-4\"  >\n\t\t\t\t<div class=\"col-inner\"  >\n\t\t\t\n\t\t\t\n\n\t<div class=\"img has-hover x md-x lg-x y md-y lg-y\" id=\"image_1959945886\">\n\t\t\t\t\t\t\t\t<div class=\"img-inner dark\" >\n\t\t\t<img loading=\"lazy\" decoding=\"async\" width=\"400\" height=\"269\" src=\"https:\/\/www.montanheiros.com\/wp-content\/uploads\/2019\/05\/estalactite_lavica.jpg\" class=\"attachment-large size-large\" alt=\"\" \/>\t\t\t\t\t\t\n\t\t\t\t\t<\/div>\n\t\t\t\t\t\t\t\t\n<style>\n#image_1959945886 {\n  width: 100%;\n}\n<\/style>\n\t<\/div>\n\t\n\n\t<div class=\"img has-hover x md-x lg-x y md-y lg-y\" id=\"image_951901679\">\n\t\t\t\t\t\t\t\t<div class=\"img-inner dark\" >\n\t\t\t<img loading=\"lazy\" decoding=\"async\" width=\"400\" height=\"273\" src=\"https:\/\/www.montanheiros.com\/wp-content\/uploads\/2019\/05\/estalagmite_lavica.jpg\" class=\"attachment-large size-large\" alt=\"\" \/>\t\t\t\t\t\t\n\t\t\t\t\t<\/div>\n\t\t\t\t\t\t\t\t\n<style>\n#image_951901679 {\n  width: 100%;\n}\n<\/style>\n\t<\/div>\n\t\n\n\t<div class=\"img has-hover x md-x lg-x y md-y lg-y\" id=\"image_373006948\">\n\t\t\t\t\t\t\t\t<div class=\"img-inner dark\" >\n\t\t\t<img loading=\"lazy\" decoding=\"async\" width=\"400\" height=\"266\" src=\"https:\/\/www.montanheiros.com\/wp-content\/uploads\/2019\/05\/bancada_lateral.jpg\" class=\"attachment-large size-large\" alt=\"\" \/>\t\t\t\t\t\t\n\t\t\t\t\t<\/div>\n\t\t\t\t\t\t\t\t\n<style>\n#image_373006948 {\n  width: 100%;\n}\n<\/style>\n\t<\/div>\n\t\n\n\n\t\t<\/div>\n\t\t\t\t\t<\/div>\n\n\t\n\n<\/div>\n\n\t\t<\/div>\n\t\t\t\t\t<\/div>\n\n\t\n\n<\/div>\n<div class=\"container section-title-container\" ><h3 class=\"section-title section-title-center\"><b><\/b><span class=\"section-title-main\" style=\"color:rgb(0, 0, 0);\">Fauna<\/span><b><\/b><\/h3><\/div>\n\n<div class=\"row row-dashed\"  id=\"row-707751920\">\n\n\n\t<div id=\"col-396757941\" class=\"col medium-4 small-12 large-4\"  >\n\t\t\t\t<div class=\"col-inner\"  >\n\t\t\t\n\t\t\t\n\n<p>A fauna cavern\u00edcola dos A\u00e7ores \u00e9 constitu\u00edda por 20 esp\u00e9cies end\u00e9micas trogl\u00f3bias apenas conhecidas deste arquip\u00e9lago. Destacamos o escaravelho cego <em>Thalassophilus azoricus<\/em> que apenas \u00e9 conhecido da Gruta de \u00c1gua de Pau em S. Miguel. No Pico temos 3 esp\u00e9cies de escaravelhos do g\u00e9nero Trechus, que chegam a ocorrer em pares nas mesmas cavidades. Est\u00e3o a ser realizados estudos gen\u00e9ticos das esp\u00e9cies de Trechus dos A\u00e7ores de forma a perceber a origem e evolu\u00e7\u00e3o das seis esp\u00e9cies cavern\u00edcolas (Pico, Terceira, S. Jorge e Faial) e das duas esp\u00e9cies de floresta conhecidas (S. Miguel e Terceira).<\/p>\n<p>De entre a fauna conhecida destacamos ainda tr\u00eas esp\u00e9cies de aranhas duas das quais s\u00f3 ocorrem no Algar do Carv\u00e3o (Terceira) e s\u00e3o facilmente observ\u00e1veis nas suas teias ao longo da descida ao Algar, e ainda tr\u00eas esp\u00e9cies de cigarrinhas do g\u00e9nero Cixius que se alimentam das ra\u00edzes que penetram no interior dos tubos de lava.<\/p>\n\n\t\t<\/div>\n\t\t\t\t\t<\/div>\n\n\t\n\n\t<div id=\"col-537514270\" class=\"col medium-4 small-12 large-4\"  >\n\t\t\t\t<div class=\"col-inner\"  >\n\t\t\t\n\t\t\t\n\n\t<div class=\"img has-hover x md-x lg-x y md-y lg-y\" id=\"image_62121213\">\n\t\t\t\t\t\t\t\t<div class=\"img-inner dark\" >\n\t\t\t<img loading=\"lazy\" decoding=\"async\" width=\"400\" height=\"267\" src=\"https:\/\/www.montanheiros.com\/wp-content\/uploads\/2019\/05\/trechus.jpg\" class=\"attachment-large size-large\" alt=\"\" \/>\t\t\t\t\t\t\n\t\t\t\t\t<\/div>\n\t\t\t\t\t\t\t\t\n<style>\n#image_62121213 {\n  width: 100%;\n}\n<\/style>\n\t<\/div>\n\t\n\n<p><span style=\"font-size: 100%;\"><strong>Listagem de todas as esp\u00e9cies de Fauna nos A\u00e7ores<\/strong>, catalogadas por ilha, ordem, fam\u00edlia, etc. <a href=\"\/wp-content\/uploads\/2019\/05\/Fauna-Grutas.xls\">Fauna das grutas (documento excel)<\/a><\/span><\/p>\n<div class=\"row\"  id=\"row-1552986786\">\n\n\n\t<div id=\"col-843041007\" class=\"col small-12 large-12\"  >\n\t\t\t\t<div class=\"col-inner text-center\"  >\n\t\t\t\n\t\t\t\n\n<a href=\"\/speleoazores\/speleoazores-fauna-faial\" target=\"_self\" class=\"button alert is-underline lowercase\"  >\n    <span>Faial<\/span>\n  <\/a>\n\n\n<a href=\"\/speleoazores\/speleoazores-fauna-graciosa\" target=\"_self\" class=\"button alert is-underline lowercase\"  >\n    <span>Graciosa<\/span>\n  <\/a>\n\n\n<a href=\"\/speleoazores\/speleoazores-fauna-pico\" target=\"_self\" class=\"button alert is-underline lowercase\"  >\n    <span>Pico<\/span>\n  <\/a>\n\n\n<a href=\"\/speleoazores\/speleoazores-fauna-sjorge\" target=\"_self\" class=\"button alert is-underline lowercase\"  >\n    <span>S\u00e3o Jorge<\/span>\n  <\/a>\n\n\n\n\t\t<\/div>\n\t\t\t\t\t<\/div>\n\n\t\n\n\t<div id=\"col-1821151362\" class=\"col small-12 large-12\"  >\n\t\t\t\t<div class=\"col-inner text-center\"  >\n\t\t\t\n\t\t\t\n\n<a href=\"\/speleoazores\/speleoazores-fauna-smaria\" target=\"_self\" class=\"button alert is-underline lowercase\"  >\n    <span>Santa Maria<\/span>\n  <\/a>\n\n\n<a href=\"\/speleoazores\/speleoazores-fauna-smiguel\" target=\"_self\" class=\"button alert is-underline lowercase\"  >\n    <span>S\u00e3o Miguel<\/span>\n  <\/a>\n\n\n<a href=\"\/speleoazores\/speleoazores-fauna-terceira\" target=\"_self\" class=\"button alert is-underline lowercase\"  >\n    <span>Terceira<\/span>\n  <\/a>\n\n\n\n\t\t<\/div>\n\t\t\t\t\t<\/div>\n\n\t\n\n<\/div>\n\n\t\t<\/div>\n\t\t\t\t\t<\/div>\n\n\t\n\n\t<div id=\"col-1022937265\" class=\"col medium-4 small-12 large-4\"  >\n\t\t\t\t<div class=\"col-inner\"  >\n\t\t\t\n\t\t\t\n\n\t<div class=\"img has-hover x md-x lg-x y md-y lg-y\" id=\"image_704303235\">\n\t\t\t\t\t\t\t\t<div class=\"img-inner dark\" >\n\t\t\t<img loading=\"lazy\" decoding=\"async\" width=\"350\" height=\"520\" src=\"https:\/\/www.montanheiros.com\/wp-content\/uploads\/2019\/05\/raizes.jpg\" class=\"attachment-large size-large\" alt=\"\" srcset=\"https:\/\/www.montanheiros.com\/wp-content\/uploads\/2019\/05\/raizes.jpg 350w, https:\/\/www.montanheiros.com\/wp-content\/uploads\/2019\/05\/raizes-269x400.jpg 269w\" sizes=\"auto, (max-width: 350px) 100vw, 350px\" \/>\t\t\t\t\t\t\n\t\t\t\t\t<\/div>\n\t\t\t\t\t\t\t\t\n<style>\n#image_704303235 {\n  width: 100%;\n}\n<\/style>\n\t<\/div>\n\t\n\n\n\t\t<\/div>\n\t\t\t\t\t<\/div>\n\n\t\n\n<\/div>\n","protected":false},"excerpt":{"rendered":"<p>in\u00edcio atividades publica\u00e7\u00f5es\/\/arquivo\/\/links quem somos Cavidades Vulc\u00e2nicas Cavidades abertas ao p\u00fablico IPEA gloss\u00e1rio Forma\u00e7\u00e3o G\u00e9nese de Cavidades As cavidades vulc\u00e2nicas, n\u00e3o sendo muito comuns, encontram-se em locais onde o magma ascende \u00e0 superf\u00edcie, como por exemplo nos A\u00e7ores, Estados Unidos, Can\u00e1rias, Isl\u00e2ndia, It\u00e1lia, Jap\u00e3o, K\u00e9nia e Coreia. Podem-se considerar dois tipos de cavidades vulc\u00e2nicas: Os [&#8230;]\n","protected":false},"author":1,"featured_media":0,"parent":7485,"menu_order":3,"comment_status":"closed","ping_status":"closed","template":"page-single-page-nav.php","meta":{"jetpack_post_was_ever_published":false,"footnotes":""},"class_list":["post-7688","page","type-page","status-publish","hentry"],"jetpack_sharing_enabled":true,"jetpack_shortlink":"https:\/\/wp.me\/PaT0CI-200","_links":{"self":[{"href":"https:\/\/www.montanheiros.com\/en\/wp-json\/wp\/v2\/pages\/7688","targetHints":{"allow":["GET"]}}],"collection":[{"href":"https:\/\/www.montanheiros.com\/en\/wp-json\/wp\/v2\/pages"}],"about":[{"href":"https:\/\/www.montanheiros.com\/en\/wp-json\/wp\/v2\/types\/page"}],"author":[{"embeddable":true,"href":"https:\/\/www.montanheiros.com\/en\/wp-json\/wp\/v2\/users\/1"}],"replies":[{"embeddable":true,"href":"https:\/\/www.montanheiros.com\/en\/wp-json\/wp\/v2\/comments?post=7688"}],"version-history":[{"count":16,"href":"https:\/\/www.montanheiros.com\/en\/wp-json\/wp\/v2\/pages\/7688\/revisions"}],"predecessor-version":[{"id":12188,"href":"https:\/\/www.montanheiros.com\/en\/wp-json\/wp\/v2\/pages\/7688\/revisions\/12188"}],"up":[{"embeddable":true,"href":"https:\/\/www.montanheiros.com\/en\/wp-json\/wp\/v2\/pages\/7485"}],"wp:attachment":[{"href":"https:\/\/www.montanheiros.com\/en\/wp-json\/wp\/v2\/media?parent=7688"}],"curies":[{"name":"wp","href":"https:\/\/api.w.org\/{rel}","templated":true}]}}