{"id":7711,"date":"2019-05-13T14:37:39","date_gmt":"2019-05-13T14:37:39","guid":{"rendered":"http:\/\/montanheiros.cecilia-designs.com\/?page_id=7711"},"modified":"2019-12-03T14:24:10","modified_gmt":"2019-12-03T14:24:10","slug":"speleoazores-fauna-faial","status":"publish","type":"page","link":"https:\/\/www.montanheiros.com\/en\/speleoazores-home\/speleoazores-fauna-faial\/","title":{"rendered":"Cavidades Vulc\u00e2nicas | Fauna do Faial"},"content":{"rendered":"\n<div class=\"row\"  id=\"row-997004728\">\n\n\t<div id=\"col-346939242\" class=\"col medium-3 small-6 large-3\"  >\n\t\t\t\t<div class=\"col-inner\"  >\n\t\t\t\n\t\t\t\n\t<div class=\"img has-hover x md-x lg-x y md-y lg-y\" id=\"image_438545604\">\n\t\t<a class=\"\" href=\"\/speleoazores-home\"  >\t\t\t\t\t\t<div class=\"img-inner dark\" style=\"margin:11px 0px 0px 0px;\">\n\t\t\t<img loading=\"lazy\" decoding=\"async\" width=\"320\" height=\"113\" src=\"https:\/\/www.montanheiros.com\/wp-content\/uploads\/2019\/05\/logo_gespea.png\" class=\"attachment-large size-large\" alt=\"\" \/>\t\t\t\t\t\t\n\t\t\t\t\t<\/div>\n\t\t\t\t\t\t<\/a>\t\t\n<style>\n#image_438545604 {\n  width: 100%;\n}\n<\/style>\n\t<\/div>\n\t\n\t\t<\/div>\n\t\t\t\t\t<\/div>\n\n\t\n\n\t<div id=\"col-878497802\" class=\"col medium-9 small-12 large-9\"  >\n\t\t\t\t<div class=\"col-inner text-right\"  >\n\t\t\t\n\t\t\t\n\n<a href=\"\/speleoazores-home\/\" target=\"_self\" class=\"button alert is-underline lowercase\"  >\n    <span>in\u00edcio<\/span>\n  <\/a>\n\n\n<a href=\"\/espeleoazores\/speleoazores-atividades\" target=\"_self\" class=\"button alert is-underline lowercase\"  >\n    <span>atividades<\/span>\n  <\/a>\n\n\n<a href=\"\/espeleoazores\/publicacoes\" target=\"_self\" class=\"button alert is-underline lowercase\"  >\n    <span>publica\u00e7\u00f5es\/\/arquivo\/\/links<\/span>\n  <\/a>\n\n\n<a href=\"\/espeleoazores\/quem\" target=\"_self\" class=\"button alert is-underline lowercase\"  >\n    <span>quem somos<\/span>\n  <\/a>\n\n\t\t<\/div>\n\t\t\t\t\t<\/div>\n\n\t\n<\/div>\n\t<section class=\"section\" id=\"section_426911805\">\n\t\t<div class=\"bg section-bg fill bg-fill  \" >\n\n\t\t\t\n\t\t\t\n\t\t\t\n\n\t\t<\/div>\n\n\t\t\n\n\t\t<div class=\"section-content relative\">\n\t\t\t\n<div class=\"row align-equal align-center row-dashed\"  id=\"row-1889627498\">\n\n\t<div id=\"col-935851991\" class=\"col small-12 large-12\"  >\n\t\t\t\t<div class=\"col-inner text-center\"  >\n\t\t\t\n\t\t\t\n\n<a href=\"\/speleoazores\/speleoazores-cavidades-vulcanicas\" target=\"_self\" class=\"button success is-underline\"  >\n    <span>Cavidades Vulc\u00e2nicas<\/span>\n  <\/a>\n\n\n<a href=\"\/speleoazores\/speleoazores-algar-carvao\" target=\"_self\" class=\"button white is-underline\"  >\n    <span>Cavidades abertas ao p\u00fablico<\/span>\n  <\/a>\n\n\n<a href=\"\/speleoazores\/ipea-faial\/\" target=\"_self\" class=\"button white is-underline lowercase\"  >\n    <span>IPEA<\/span>\n  <\/a>\n\n\n<a href=\"\/espeleoazores\/glossario\" target=\"_self\" class=\"button white is-underline\"  >\n    <span>Gloss\u00e1rio<\/span>\n  <\/a>\n\n\n\n\t\t<\/div>\n\t\t\t\t\t<\/div>\n\n\t\n\n<\/div>\n\n\t\t<\/div>\n\n\t\t\n<style>\n#section_426911805 {\n  padding-top: 0px;\n  padding-bottom: 0px;\n  min-height: 59px;\n  background-color: rgb(245, 245, 245);\n}\n#section_426911805 .section-bg.bg-loaded {\n  background-image: url(https:\/\/www.montanheiros.com\/wp-content\/uploads\/2019\/05\/big5_1543850268.jpg);\n}\n#section_426911805 .ux-shape-divider--top svg {\n  height: 150px;\n  --divider-top-width: 100%;\n}\n#section_426911805 .ux-shape-divider--bottom svg {\n  height: 150px;\n  --divider-width: 100%;\n}\n<\/style>\n\t<\/section>\n\t\n\t<div id=\"gap-1610363214\" class=\"gap-element clearfix\" style=\"display:block; height:auto;\">\n\t\t\n<style>\n#gap-1610363214 {\n  padding-top: 30px;\n}\n<\/style>\n\t<\/div>\n\t\n\n<div class=\"container section-title-container\" ><h3 class=\"section-title section-title-center\"><b><\/b><span class=\"section-title-main\" style=\"color:rgb(0, 0, 0);\">Fauna Cavern\u00edcola do Faial<\/span><b><\/b><\/h3><\/div>\n\n<div class=\"row\"  id=\"row-871327255\">\n\n\n\t<div id=\"col-1754658805\" class=\"col small-12 large-12\"  >\n\t\t\t\t<div class=\"col-inner\"  >\n\t\t\t\n\t\t\t\n\n<table border=\"0\" frame=\"VOID\" rules=\"NONE\" cellspacing=\"0\">\n<colgroup>\n<col width=\"343\" \/>\n<col width=\"138\" \/>\n<col width=\"158\" \/><\/colgroup>\n<tbody>\n<tr>\n<td align=\"LEFT\" width=\"343\" height=\"16\"><span style=\"color: #e14d43;\"><b>Furna Ruim (Faial)<\/b><\/span><\/td>\n<td align=\"LEFT\" width=\"138\">\u00a0<\/td>\n<td align=\"LEFT\" width=\"158\">\u00a0<\/td>\n<\/tr>\n<tr>\n<td align=\"LEFT\" valign=\"MIDDLE\" height=\"40\"><strong>Esp\u00e9cie<\/strong><\/td>\n<td align=\"LEFT\" valign=\"MIDDLE\"><strong>Ordem<\/strong><\/td>\n<td align=\"LEFT\" valign=\"MIDDLE\"><strong>Fam\u00edlia<\/strong><\/td>\n<\/tr>\n<tr>\n<td align=\"LEFT\" height=\"16\">Conoppia palmicincta (Michael)<\/td>\n<td align=\"LEFT\">Acari-Oribatei<\/td>\n<td align=\"LEFT\">Cepheidae<\/td>\n<\/tr>\n<tr>\n<td align=\"LEFT\" height=\"16\">Euzetes globula (Nicolet)<\/td>\n<td align=\"LEFT\">Acari-Oribatei<\/td>\n<td align=\"LEFT\">Euzetidae<\/td>\n<\/tr>\n<tr>\n<td align=\"LEFT\" height=\"16\">Galumna rasilis P\u00e9rez &#8211; I\u00f1igo<\/td>\n<td align=\"LEFT\">Acari-Oribatei<\/td>\n<td align=\"LEFT\">Galumnidae<\/td>\n<\/tr>\n<tr>\n<td align=\"LEFT\" height=\"16\">Galumna sp. (n sp.) Morell &amp; Sub\u00edas<\/td>\n<td align=\"LEFT\">Acari-Oribatei<\/td>\n<td align=\"LEFT\">Galumnidae<\/td>\n<\/tr>\n<tr>\n<td align=\"LEFT\" height=\"16\">Phthiracarus piger (Scopoli)<\/td>\n<td align=\"LEFT\">Acari-Oribatei<\/td>\n<td align=\"LEFT\">Phthiracaridae<\/td>\n<\/tr>\n<tr>\n<td align=\"LEFT\" height=\"16\">Xenillus discrepans azorensis P\u00e9rez &#8211; I\u00f1igo<\/td>\n<td align=\"LEFT\">Acari-Oribatei<\/td>\n<td align=\"LEFT\">Xenillidae<\/td>\n<\/tr>\n<tr>\n<td align=\"LEFT\" height=\"16\">Lepthyphantes acoreensis Wunderlich<\/td>\n<td align=\"LEFT\">Araneae<\/td>\n<td align=\"LEFT\">Linyphiidae<\/td>\n<\/tr>\n<tr>\n<td align=\"LEFT\" height=\"16\">Rugathodes acoreensis Wunderlich<\/td>\n<td align=\"LEFT\">Araneae<\/td>\n<td align=\"LEFT\">Theridiidae<\/td>\n<\/tr>\n<tr>\n<td align=\"LEFT\" height=\"16\">Rugathodes pico Merrett &amp; Ashmole<\/td>\n<td align=\"LEFT\">Araneae<\/td>\n<td align=\"LEFT\">Theridiidae<\/td>\n<\/tr>\n<tr>\n<td align=\"LEFT\" height=\"16\">Lithobius obscurus azoreae Eason &amp; Ashmole<\/td>\n<td align=\"LEFT\">Chilopoda<\/td>\n<td align=\"LEFT\">Lithobiidae<\/td>\n<\/tr>\n<tr>\n<td align=\"LEFT\" height=\"16\">Lithobius pilicornis Newport<\/td>\n<td align=\"LEFT\">Chilopoda<\/td>\n<td align=\"LEFT\">Lithobiidae<\/td>\n<\/tr>\n<tr>\n<td align=\"LEFT\" height=\"16\">Orchestia chevreuxi De Guerne,<\/td>\n<td align=\"LEFT\">Crustacea<\/td>\n<td align=\"LEFT\">Talitridae<\/td>\n<\/tr>\n<tr>\n<td align=\"LEFT\" height=\"16\">Aloconota sulcifrons (Stephens)<\/td>\n<td align=\"LEFT\">Coleoptera<\/td>\n<td align=\"LEFT\">Staphylinidae<\/td>\n<\/tr>\n<tr>\n<td align=\"LEFT\" height=\"16\">Dicyrtomina minuta (Fabricius)<\/td>\n<td align=\"LEFT\">Collembola<\/td>\n<td align=\"LEFT\">Dicyrtomidae<\/td>\n<\/tr>\n<tr>\n<td align=\"LEFT\" height=\"16\">Pseudosinella ashmoleorum Gama<\/td>\n<td align=\"LEFT\">Collembola<\/td>\n<td align=\"LEFT\">Entomobryidae<\/td>\n<\/tr>\n<tr>\n<td align=\"LEFT\" height=\"16\">Lepidocyrtus curvicollis Bourlet<\/td>\n<td align=\"LEFT\">Collembola<\/td>\n<td align=\"LEFT\">Entomobryidae<\/td>\n<\/tr>\n<tr>\n<td align=\"LEFT\" height=\"16\">Ceratophysella denticulata (Bagnall)<\/td>\n<td align=\"LEFT\">Collembola<\/td>\n<td align=\"LEFT\">Hypogastruridae<\/td>\n<\/tr>\n<tr>\n<td align=\"LEFT\" height=\"16\">Ceratophysella gibbosa (Bagnall)<\/td>\n<td align=\"LEFT\">Collembola<\/td>\n<td align=\"LEFT\">Hypogastruridae<\/td>\n<\/tr>\n<tr>\n<td align=\"LEFT\" height=\"16\">Xenylla maritima Tullberg<\/td>\n<td align=\"LEFT\">Collembola<\/td>\n<td align=\"LEFT\">Hypogastruridae<\/td>\n<\/tr>\n<tr>\n<td align=\"LEFT\" height=\"16\">Folsomia candida (Willem)<\/td>\n<td align=\"LEFT\">Collembola<\/td>\n<td align=\"LEFT\">Isotomidae<\/td>\n<\/tr>\n<tr>\n<td align=\"LEFT\" height=\"16\">Isotoma maritima meridionalis Altner<\/td>\n<td align=\"LEFT\">Collembola<\/td>\n<td align=\"LEFT\">Isotomidae<\/td>\n<\/tr>\n<tr>\n<td align=\"LEFT\" height=\"16\">Onychiurus insubrarius Gisin<\/td>\n<td align=\"LEFT\">Collembola<\/td>\n<td align=\"LEFT\">Onychiuridae<\/td>\n<\/tr>\n<tr>\n<td align=\"LEFT\" height=\"16\">Sminthurinus niger (Lubbock)<\/td>\n<td align=\"LEFT\">Collembola<\/td>\n<td align=\"LEFT\">Sminthuridae<\/td>\n<\/tr>\n<\/tbody>\n<table border=\"0\" frame=\"VOID\" rules=\"NONE\" cellspacing=\"0\">\n<colgroup>\n<col width=\"343\" \/>\n<col width=\"138\" \/>\n<col width=\"158\" \/><\/colgroup>\n<tbody>\n<tr>\n<td align=\"LEFT\" width=\"343\" height=\"16\"><span style=\"color: #e14d43;\"><b>Gruta do Cabe\u00e7o do Canto (Faial)<\/b><\/span><\/td>\n<td align=\"LEFT\" width=\"138\">\u00a0<\/td>\n<td align=\"LEFT\" width=\"158\">\u00a0<\/td>\n<\/tr>\n<tr>\n<td align=\"LEFT\" valign=\"MIDDLE\" height=\"40\"><strong>Esp\u00e9cie<\/strong><\/td>\n<td align=\"LEFT\" valign=\"MIDDLE\"><strong>Ordem<\/strong><\/td>\n<td align=\"LEFT\" valign=\"MIDDLE\"><strong>Fam\u00edlia<\/strong><\/td>\n<\/tr>\n<tr>\n<td align=\"LEFT\" height=\"16\">Cixius cavazoricus Hoch<\/td>\n<td align=\"LEFT\">Homoptera<\/td>\n<td align=\"LEFT\">Cixiidae<\/td>\n<\/tr>\n<\/tbody>\n<\/table>\n<table border=\"0\" frame=\"VOID\" rules=\"NONE\" cellspacing=\"0\">\n<colgroup>\n<col width=\"343\" \/>\n<col width=\"138\" \/>\n<col width=\"158\" \/><\/colgroup>\n<tbody>\n<tr>\n<td align=\"LEFT\" width=\"343\" height=\"16\"><span style=\"color: #e14d43;\"><b>Gruta das Anelares (Faial)<\/b><\/span><\/td>\n<td align=\"LEFT\" width=\"138\">\u00a0<\/td>\n<td align=\"LEFT\" width=\"158\">\u00a0<\/td>\n<\/tr>\n<tr>\n<td align=\"LEFT\" valign=\"MIDDLE\" height=\"40\"><strong>Esp\u00e9cie<\/strong><\/td>\n<td align=\"LEFT\" valign=\"MIDDLE\"><strong>Ordem<\/strong><\/td>\n<td align=\"LEFT\" valign=\"MIDDLE\"><strong>Fam\u00edlia<\/strong><\/td>\n<\/tr>\n<tr>\n<td align=\"LEFT\" height=\"16\">Cixius cavazoricus Hoch<\/td>\n<td align=\"LEFT\">Homoptera<\/td>\n<td align=\"LEFT\">Cixiidae<\/td>\n<\/tr>\n<\/tbody>\n<\/table>\n<table border=\"0\" frame=\"VOID\" rules=\"NONE\" cellspacing=\"0\">\n<colgroup>\n<col width=\"343\" \/>\n<col width=\"138\" \/>\n<col width=\"158\" \/><\/colgroup>\n<tbody>\n<tr>\n<td align=\"LEFT\" width=\"343\" height=\"16\"><span style=\"color: #e14d43;\"><b>Gruta do Parque do Capelo (Faial)<\/b><\/span><\/td>\n<td align=\"LEFT\" width=\"138\">\u00a0<\/td>\n<td align=\"LEFT\" width=\"158\">\u00a0<\/td>\n<\/tr>\n<tr>\n<td align=\"LEFT\" valign=\"MIDDLE\" height=\"40\"><strong>Esp\u00e9cie<\/strong><\/td>\n<td align=\"LEFT\" valign=\"MIDDLE\"><strong>Ordem<\/strong><\/td>\n<td align=\"LEFT\" valign=\"MIDDLE\"><strong>Fam\u00edlia<\/strong><\/td>\n<\/tr>\n<tr>\n<td align=\"LEFT\" height=\"16\">Trechus oromii Borges, Serrano &amp; Amorim<\/td>\n<td align=\"LEFT\">Coleoptera<\/td>\n<td align=\"LEFT\">Carabidae<\/td>\n<\/tr>\n<\/tbody>\n<\/table>\n\n\t\t<\/div>\n\t\t\t\t\t<\/div>\n\n\t\n\n<\/div>\n","protected":false},"excerpt":{"rendered":"<p>in\u00edcio atividades publica\u00e7\u00f5es\/\/arquivo\/\/links quem somos Cavidades Vulc\u00e2nicas Cavidades abertas ao p\u00fablico IPEA Gloss\u00e1rio Fauna Cavern\u00edcola do Faial Furna Ruim (Faial) \u00a0 \u00a0 Esp\u00e9cie Ordem Fam\u00edlia Conoppia palmicincta (Michael) Acari-Oribatei Cepheidae Euzetes globula (Nicolet) Acari-Oribatei Euzetidae Galumna rasilis P\u00e9rez &#8211; I\u00f1igo Acari-Oribatei Galumnidae Galumna sp. (n sp.) Morell &amp; Sub\u00edas Acari-Oribatei Galumnidae Phthiracarus piger (Scopoli) Acari-Oribatei [&#8230;]\n","protected":false},"author":1,"featured_media":0,"parent":7485,"menu_order":3,"comment_status":"closed","ping_status":"closed","template":"page-single-page-nav.php","meta":{"jetpack_post_was_ever_published":false,"footnotes":""},"class_list":["post-7711","page","type-page","status-publish","hentry"],"jetpack_sharing_enabled":true,"jetpack_shortlink":"https:\/\/wp.me\/PaT0CI-20n","_links":{"self":[{"href":"https:\/\/www.montanheiros.com\/en\/wp-json\/wp\/v2\/pages\/7711","targetHints":{"allow":["GET"]}}],"collection":[{"href":"https:\/\/www.montanheiros.com\/en\/wp-json\/wp\/v2\/pages"}],"about":[{"href":"https:\/\/www.montanheiros.com\/en\/wp-json\/wp\/v2\/types\/page"}],"author":[{"embeddable":true,"href":"https:\/\/www.montanheiros.com\/en\/wp-json\/wp\/v2\/users\/1"}],"replies":[{"embeddable":true,"href":"https:\/\/www.montanheiros.com\/en\/wp-json\/wp\/v2\/comments?post=7711"}],"version-history":[{"count":12,"href":"https:\/\/www.montanheiros.com\/en\/wp-json\/wp\/v2\/pages\/7711\/revisions"}],"predecessor-version":[{"id":12198,"href":"https:\/\/www.montanheiros.com\/en\/wp-json\/wp\/v2\/pages\/7711\/revisions\/12198"}],"up":[{"embeddable":true,"href":"https:\/\/www.montanheiros.com\/en\/wp-json\/wp\/v2\/pages\/7485"}],"wp:attachment":[{"href":"https:\/\/www.montanheiros.com\/en\/wp-json\/wp\/v2\/media?parent=7711"}],"curies":[{"name":"wp","href":"https:\/\/api.w.org\/{rel}","templated":true}]}}