{"id":7715,"date":"2019-05-13T15:05:49","date_gmt":"2019-05-13T15:05:49","guid":{"rendered":"http:\/\/montanheiros.cecilia-designs.com\/?page_id=7715"},"modified":"2019-12-03T14:18:10","modified_gmt":"2019-12-03T14:18:10","slug":"speleoazores-fauna-terceira","status":"publish","type":"page","link":"https:\/\/www.montanheiros.com\/en\/speleoazores-home\/speleoazores-fauna-terceira\/","title":{"rendered":"Cavidades Vulc\u00e2nicas | Fauna da Terceira"},"content":{"rendered":"\n<div class=\"row\"  id=\"row-909401141\">\n\n\n\t<div id=\"col-269525543\" class=\"col medium-3 small-6 large-3\"  >\n\t\t\t\t<div class=\"col-inner\"  >\n\t\t\t\n\t\t\t\n\n\t<div class=\"img has-hover x md-x lg-x y md-y lg-y\" id=\"image_409915793\">\n\t\t<a class=\"\" href=\"\/speleoazores-home\"  >\t\t\t\t\t\t<div class=\"img-inner dark\" style=\"margin:11px 0px 0px 0px;\">\n\t\t\t<img loading=\"lazy\" decoding=\"async\" width=\"320\" height=\"113\" src=\"https:\/\/www.montanheiros.com\/wp-content\/uploads\/2019\/05\/logo_gespea.png\" class=\"attachment-large size-large\" alt=\"\" \/>\t\t\t\t\t\t\n\t\t\t\t\t<\/div>\n\t\t\t\t\t\t<\/a>\t\t\n<style>\n#image_409915793 {\n  width: 100%;\n}\n<\/style>\n\t<\/div>\n\t\n\t\t<\/div>\n\t\t\t\t\t<\/div>\n\n\t\n\n\t<div id=\"col-1321973942\" class=\"col medium-9 small-12 large-9\"  >\n\t\t\t\t<div class=\"col-inner text-right\"  >\n\t\t\t\n\t\t\t\n<a href=\"\/speleoazores-home\/\" target=\"_self\" class=\"button alert is-underline lowercase\"  >\n    <span>in\u00edcio<\/span>\n  <\/a>\n\n\n<a href=\"\/espeleoazores\/speleoazores-atividades\" target=\"_self\" class=\"button alert is-underline lowercase\"  >\n    <span>atividades<\/span>\n  <\/a>\n\n\n<a href=\"\/espeleoazores\/publicacoes\" target=\"_self\" class=\"button alert is-underline lowercase\"  >\n    <span>publica\u00e7\u00f5es\/\/arquivo\/\/links<\/span>\n  <\/a>\n\n\n<a href=\"\/espeleoazores\/quem\" target=\"_self\" class=\"button alert is-underline lowercase\"  >\n    <span>quem somos<\/span>\n  <\/a>\n\n\t\t<\/div>\n\t\t\t\t\t<\/div>\n\n\t\n<\/div>\n\t<section class=\"section\" id=\"section_960826312\">\n\t\t<div class=\"bg section-bg fill bg-fill  \" >\n\n\t\t\t\n\t\t\t\n\t\t\t\n\n\t\t<\/div>\n\n\t\t\n\n\t\t<div class=\"section-content relative\">\n\t\t\t\n\n<div class=\"row align-equal align-center row-dashed\"  id=\"row-1334380394\">\n\n\n\t<div id=\"col-232276349\" class=\"col small-12 large-12\"  >\n\t\t\t\t<div class=\"col-inner text-center\"  >\n\t\t\t\n\t\t\t\n\n<a href=\"\/speleoazores\/speleoazores-cavidades-vulcanicas\" target=\"_self\" class=\"button success is-underline\"  >\n    <span>Cavidades Vulc\u00e2nicas<\/span>\n  <\/a>\n\n\n<a href=\"\/speleoazores\/speleoazores-algar-carvao\" target=\"_self\" class=\"button white is-underline\"  >\n    <span>Cavidades abertas ao p\u00fablico<\/span>\n  <\/a>\n\n\n<a href=\"\/speleoazores\/ipea-faial\/\" target=\"_self\" class=\"button white is-underline lowercase\"  >\n    <span>IPEA<\/span>\n  <\/a>\n\n\n<a href=\"\/espeleoazores\/glossario\" target=\"_self\" class=\"button white is-underline\"  >\n    <span>gloss\u00e1rio<\/span>\n  <\/a>\n\n\n\n\t\t<\/div>\n\t\t\t\t\t<\/div>\n\n\t\n\n<\/div>\n\n\t\t<\/div>\n\n\t\t\n<style>\n#section_960826312 {\n  padding-top: 0px;\n  padding-bottom: 0px;\n  min-height: 59px;\n  background-color: rgb(245, 245, 245);\n}\n#section_960826312 .section-bg.bg-loaded {\n  background-image: url(https:\/\/www.montanheiros.com\/wp-content\/uploads\/2019\/05\/big5_1543850268.jpg);\n}\n#section_960826312 .ux-shape-divider--top svg {\n  height: 150px;\n  --divider-top-width: 100%;\n}\n#section_960826312 .ux-shape-divider--bottom svg {\n  height: 150px;\n  --divider-width: 100%;\n}\n<\/style>\n\t<\/section>\n\t\n\t<div id=\"gap-1291421607\" class=\"gap-element clearfix\" style=\"display:block; height:auto;\">\n\t\t\n<style>\n#gap-1291421607 {\n  padding-top: 30px;\n}\n<\/style>\n\t<\/div>\n\t\n\n<div class=\"container section-title-container\" ><h3 class=\"section-title section-title-center\"><b><\/b><span class=\"section-title-main\" style=\"color:rgb(0, 0, 0);\">Fauna Cavern\u00edcola do Faial<\/span><b><\/b><\/h3><\/div>\n\n<div class=\"row\"  id=\"row-1700762308\">\n\n\n\t<div id=\"col-2052571812\" class=\"col small-12 large-12\"  >\n\t\t\t\t<div class=\"col-inner\"  >\n\t\t\t\n\t\t\t\n\n<table frame=\"VOID\" rules=\"NONE\" cellspacing=\"0\" border=\"0\"><colgroup><col width=\"343\"><col width=\"138\"><col width=\"158\"><\/colgroup>\n<tbody>\n<tr>\n<td width=\"343\" height=\"16\" align=\"LEFT\"><span style=\"color: #e14d43;\"><b>Gruta do Caldeira (Terceira)<\/b><\/span><\/td>\n<td width=\"138\" align=\"LEFT\">&nbsp;<\/td>\n<td width=\"158\" align=\"LEFT\">&nbsp;<\/td>\n<\/tr>\n<tr>\n<td valign=\"MIDDLE\" height=\"40\" align=\"LEFT\"><strong>Esp\u00e9cie<\/strong><\/td>\n<td valign=\"MIDDLE\" align=\"LEFT\"><strong>Ordem<\/strong><\/td>\n<td valign=\"MIDDLE\" align=\"LEFT\"><strong>Fam\u00edlia<\/strong><\/td>\n<\/tr>\n<tr>\n<td height=\"16\" align=\"LEFT\">Trechus terceiranus Machado<\/td>\n<td align=\"LEFT\">Coleoptera<\/td>\n<td align=\"LEFT\">Carabidae<\/td>\n<\/tr>\n<tr>\n<td height=\"16\" align=\"LEFT\">Pseudosinella ashmoleorum Gama<\/td>\n<td align=\"LEFT\">Collembola<\/td>\n<td align=\"LEFT\">Entomobryidae<\/td>\n<\/tr>\n<tr>\n<td height=\"16\" align=\"LEFT\">Pseudosinella azorica Gama<\/td>\n<td align=\"LEFT\">Collembola<\/td>\n<td align=\"LEFT\">Entomobryidae<\/td>\n<\/tr>\n<\/tbody>\n<\/table>\n<table frame=\"VOID\" rules=\"NONE\" cellspacing=\"0\" border=\"0\"><colgroup><col width=\"343\"><col width=\"138\"><col width=\"158\"><\/colgroup>\n<tbody>\n<tr>\n<td width=\"343\" height=\"16\" align=\"LEFT\"><span style=\"color: #e14d43;\"><b>Gruta do Coelho (Terceira)<\/b><\/span><\/td>\n<td width=\"138\" align=\"LEFT\">&nbsp;<\/td>\n<td width=\"158\" align=\"LEFT\">&nbsp;<\/td>\n<\/tr>\n<tr>\n<td valign=\"MIDDLE\" height=\"40\" align=\"LEFT\"><strong>Esp\u00e9cie<\/strong><\/td>\n<td valign=\"MIDDLE\" align=\"LEFT\"><strong>Ordem<\/strong><\/td>\n<td valign=\"MIDDLE\" align=\"LEFT\"><strong>Fam\u00edlia<\/strong><\/td>\n<\/tr>\n<tr>\n<td height=\"16\" align=\"LEFT\">Platynothrus peltifer (Koch)<\/td>\n<td align=\"LEFT\">Acari-Oribatei<\/td>\n<td align=\"LEFT\">Camisiidae<\/td>\n<\/tr>\n<tr>\n<td height=\"16\" align=\"LEFT\">Acrogalumna longiplumus (Berlese)<\/td>\n<td align=\"LEFT\">Acari-Oribatei<\/td>\n<td align=\"LEFT\">Galumnidae<\/td>\n<\/tr>\n<tr>\n<td height=\"16\" align=\"LEFT\">Nothrus palustris azorensis P\u00e9rez &#8211; I\u00f1igo<\/td>\n<td align=\"LEFT\">Acari-Oribatei<\/td>\n<td align=\"LEFT\">Nothridae<\/td>\n<\/tr>\n<tr>\n<td height=\"16\" align=\"LEFT\">Pardosa acoreensis Simon<\/td>\n<td align=\"LEFT\">Araneae<\/td>\n<td align=\"LEFT\">Lycosidae<\/td>\n<\/tr>\n<tr>\n<td height=\"16\" align=\"LEFT\">Trechus terceiranus Machado<\/td>\n<td align=\"LEFT\">Coleoptera<\/td>\n<td align=\"LEFT\">Carabidae<\/td>\n<\/tr>\n<tr>\n<td height=\"16\" align=\"LEFT\">Aloconota sulcifrons (Stephens)<\/td>\n<td align=\"LEFT\">Coleoptera<\/td>\n<td align=\"LEFT\">Staphylinidae<\/td>\n<\/tr>\n<tr>\n<td height=\"16\" align=\"LEFT\">Pseudosinella ashmoleorum Gama<\/td>\n<td align=\"LEFT\">Collembola<\/td>\n<td align=\"LEFT\">Entomobryidae<\/td>\n<\/tr>\n<tr>\n<td height=\"16\" align=\"LEFT\">Hypogastrura denticulata (Bagnall)<\/td>\n<td align=\"LEFT\">Collembola<\/td>\n<td align=\"LEFT\">Hypogastruridae<\/td>\n<\/tr>\n<tr>\n<td height=\"16\" align=\"LEFT\">Folsomia fimetaria (Linnaeus)<\/td>\n<td align=\"LEFT\">Collembola<\/td>\n<td align=\"LEFT\">Isotomidae<\/td>\n<\/tr>\n<tr>\n<td height=\"16\" align=\"LEFT\">Onychiurus n. sp. Gama<\/td>\n<td align=\"LEFT\">Collembola<\/td>\n<td align=\"LEFT\">Onychiuridae<\/td>\n<\/tr>\n<tr>\n<td height=\"16\" align=\"LEFT\">Tomocerus minor (Lubbock)<\/td>\n<td align=\"LEFT\">Collembola<\/td>\n<td align=\"LEFT\">Tomoceridae<\/td>\n<\/tr>\n<tr>\n<td height=\"16\" align=\"LEFT\">Aphaereta minuta (Nees)<\/td>\n<td align=\"LEFT\">Hymenoptera<\/td>\n<td align=\"LEFT\">Braconidae<\/td>\n<\/tr>\n<\/tbody>\n<\/table>\n<table frame=\"VOID\" rules=\"NONE\" cellspacing=\"0\" border=\"0\"><colgroup><col width=\"343\"><col width=\"138\"><col width=\"158\"><\/colgroup>\n<tbody>\n<tr>\n<td width=\"343\" height=\"16\" align=\"LEFT\"><span style=\"color: #e14d43;\"><b>Gruta das Agulhas (Terceira)<\/b><\/span><\/td>\n<td width=\"138\" align=\"LEFT\">&nbsp;<\/td>\n<td width=\"158\" align=\"LEFT\">&nbsp;<\/td>\n<\/tr>\n<tr>\n<td valign=\"MIDDLE\" height=\"40\" align=\"LEFT\"><strong>Esp\u00e9cie<\/strong><\/td>\n<td valign=\"MIDDLE\" align=\"LEFT\"><strong>Ordem<\/strong><\/td>\n<td valign=\"MIDDLE\" align=\"LEFT\"><strong>Fam\u00edlia<\/strong><\/td>\n<\/tr>\n<tr>\n<td height=\"16\" align=\"LEFT\">Phthiracarus (Archiphthiracarus) falciformis Morell &amp; Sub\u00edas<\/td>\n<td align=\"LEFT\">Acari-Oribatei<\/td>\n<td align=\"LEFT\">Phthiracaridae<\/td>\n<\/tr>\n<tr>\n<td height=\"16\" align=\"LEFT\">Scheloribates laevigatus (C.L. Koch)<\/td>\n<td align=\"LEFT\">Acari-Oribatei<\/td>\n<td align=\"LEFT\">Scheloribatidae<\/td>\n<\/tr>\n<tr>\n<td height=\"16\" align=\"LEFT\">Dysdera crocata C. L. Koch<\/td>\n<td align=\"LEFT\">Araneae<\/td>\n<td align=\"LEFT\">Dysderidae<\/td>\n<\/tr>\n<tr>\n<td height=\"16\" align=\"LEFT\">Eidmanella pallida (Emerton)<\/td>\n<td align=\"LEFT\">Araneae<\/td>\n<td align=\"LEFT\">Nesticidae<\/td>\n<\/tr>\n<tr>\n<td height=\"16\" align=\"LEFT\">Chthonius ischnocheles (Hermann)<\/td>\n<td align=\"LEFT\">Pseudoscorpiones<\/td>\n<td align=\"LEFT\">Chthoniidae<\/td>\n<\/tr>\n<tr>\n<td height=\"16\" align=\"LEFT\">Pseudoblothrus vulcanus Mahnert<\/td>\n<td align=\"LEFT\">Pseudoscorpiones<\/td>\n<td align=\"LEFT\">Syarinidae<\/td>\n<\/tr>\n<tr>\n<td height=\"16\" align=\"LEFT\">Lithobius melanopus borgei Eason &amp; Ashmole<\/td>\n<td align=\"LEFT\">Chilopoda<\/td>\n<td align=\"LEFT\">Lithobiidae<\/td>\n<\/tr>\n<tr>\n<td height=\"16\" align=\"LEFT\">Cryptops hortensis Leach<\/td>\n<td align=\"LEFT\">Chilopoda<\/td>\n<td align=\"LEFT\">Cryptopidae<\/td>\n<\/tr>\n<tr>\n<td height=\"16\" align=\"LEFT\">Ligia italica Fabricius<\/td>\n<td align=\"LEFT\">Crustacea<\/td>\n<td align=\"LEFT\">Ligiidae<\/td>\n<\/tr>\n<tr>\n<td height=\"16\" align=\"LEFT\">Halophiloscia couchi (Kinahan)<\/td>\n<td align=\"LEFT\">Crustacea<\/td>\n<td align=\"LEFT\">Oniscidae<\/td>\n<\/tr>\n<tr>\n<td height=\"16\" align=\"LEFT\">Armadilloniscus littoralis (Budde-Lund)<\/td>\n<td align=\"LEFT\">Crustacea<\/td>\n<td align=\"LEFT\">Scyphacidae<\/td>\n<\/tr>\n<tr>\n<td height=\"16\" align=\"LEFT\">Stenoniscus pleonalis<\/td>\n<td align=\"LEFT\">Crustacea<\/td>\n<td align=\"LEFT\">Stenoniscidae<\/td>\n<\/tr>\n<tr>\n<td height=\"16\" align=\"LEFT\">Macarorchestia martini Stock<\/td>\n<td align=\"LEFT\">Crustacea<\/td>\n<td align=\"LEFT\">Talitridae<\/td>\n<\/tr>\n<tr>\n<td height=\"16\" align=\"LEFT\">Orchestia chevreuxi De Guerne,<\/td>\n<td align=\"LEFT\">Crustacea<\/td>\n<td align=\"LEFT\">Talitridae<\/td>\n<\/tr>\n<tr>\n<td height=\"16\" align=\"LEFT\">Trichoniscus pygmeus Sars<\/td>\n<td align=\"LEFT\">Crustacea<\/td>\n<td align=\"LEFT\">Trichonoscidae<\/td>\n<\/tr>\n<tr>\n<td height=\"16\" align=\"LEFT\">Pseudophonus rufipes (De Geer)<\/td>\n<td align=\"LEFT\">Coleoptera<\/td>\n<td align=\"LEFT\">Carabidae<\/td>\n<\/tr>\n<tr>\n<td height=\"16\" align=\"LEFT\">Ptenidium pusillum (Gyllenhal)<\/td>\n<td align=\"LEFT\">Coleoptera<\/td>\n<td align=\"LEFT\">Ptiliidae<\/td>\n<\/tr>\n<tr>\n<td height=\"16\" align=\"LEFT\">Atheta (s. str.) laticollis (Stephens)<\/td>\n<td align=\"LEFT\">Coleoptera<\/td>\n<td align=\"LEFT\">Staphylinidae<\/td>\n<\/tr>\n<tr>\n<td height=\"16\" align=\"LEFT\">Disparrhopalites patrizii (Cassagnau et Delamare)<\/td>\n<td align=\"LEFT\">Collembola<\/td>\n<td align=\"LEFT\">Arrhopalitidae<\/td>\n<\/tr>\n<tr>\n<td height=\"16\" align=\"LEFT\">Pseudosinella ashmoleorum Gama<\/td>\n<td align=\"LEFT\">Collembola<\/td>\n<td align=\"LEFT\">Entomobryidae<\/td>\n<\/tr>\n<tr>\n<td height=\"16\" align=\"LEFT\">Pseudosinella azorica Gama<\/td>\n<td align=\"LEFT\">Collembola<\/td>\n<td align=\"LEFT\">Entomobryidae<\/td>\n<\/tr>\n<tr>\n<td height=\"16\" align=\"LEFT\">Entomobrya dollfusi Denis<\/td>\n<td align=\"LEFT\">Collembola<\/td>\n<td align=\"LEFT\">Entomobryidae<\/td>\n<\/tr>\n<tr>\n<td height=\"16\" align=\"LEFT\">Lepidocyrtus curvicollis Bourlet<\/td>\n<td align=\"LEFT\">Collembola<\/td>\n<td align=\"LEFT\">Entomobryidae<\/td>\n<\/tr>\n<tr>\n<td height=\"16\" align=\"LEFT\">Folsomia candida (Willem)<\/td>\n<td align=\"LEFT\">Collembola<\/td>\n<td align=\"LEFT\">Isotomidae<\/td>\n<\/tr>\n<tr>\n<td height=\"16\" align=\"LEFT\">Folsomia fimetaria (Linnaeus)<\/td>\n<td align=\"LEFT\">Collembola<\/td>\n<td align=\"LEFT\">Isotomidae<\/td>\n<\/tr>\n<tr>\n<td height=\"16\" align=\"LEFT\">Isotoma maritima meridionalis Altner<\/td>\n<td align=\"LEFT\">Collembola<\/td>\n<td align=\"LEFT\">Isotomidae<\/td>\n<\/tr>\n<tr>\n<td height=\"16\" align=\"LEFT\">Neelus murinus Folsom<\/td>\n<td align=\"LEFT\">Collembola<\/td>\n<td align=\"LEFT\">Neelidae<\/td>\n<\/tr>\n<tr>\n<td height=\"16\" align=\"LEFT\">Anisolabis maritima Gene<\/td>\n<td align=\"LEFT\">Dermaptera<\/td>\n<td align=\"LEFT\">Carcinophoridae<\/td>\n<\/tr>\n<\/tbody>\n<\/table>\n<table frame=\"VOID\" rules=\"NONE\" cellspacing=\"0\" border=\"0\"><colgroup><col width=\"343\"><col width=\"138\"><col width=\"158\"><\/colgroup>\n<tbody>\n<tr>\n<td width=\"343\" height=\"16\" align=\"LEFT\"><span style=\"color: #e14d43;\"><b>Gruta dos Balc\u00f5es (Terceira)<\/b><\/span><\/td>\n<td width=\"138\" align=\"LEFT\">&nbsp;<\/td>\n<td width=\"158\" align=\"LEFT\">&nbsp;<\/td>\n<\/tr>\n<tr>\n<td valign=\"MIDDLE\" height=\"40\" align=\"LEFT\"><strong>Esp\u00e9cie<\/strong><\/td>\n<td valign=\"MIDDLE\" align=\"LEFT\"><strong>Ordem<\/strong><\/td>\n<td valign=\"MIDDLE\" align=\"LEFT\"><strong>Fam\u00edlia<\/strong><\/td>\n<\/tr>\n<tr>\n<td height=\"16\" align=\"LEFT\">Meta marianae (Scopoli)<\/td>\n<td align=\"LEFT\">Araneae<\/td>\n<td align=\"LEFT\">Tetragnathidae<\/td>\n<\/tr>\n<tr>\n<td height=\"16\" align=\"LEFT\">Lithobius obscurus azoreae Eason &amp; Ashmole<\/td>\n<td align=\"LEFT\">Chilopoda<\/td>\n<td align=\"LEFT\">Lithobiidae<\/td>\n<\/tr>\n<tr>\n<td height=\"16\" align=\"LEFT\">Lithobius pilicornis Newport<\/td>\n<td align=\"LEFT\">Chilopoda<\/td>\n<td align=\"LEFT\">Lithobiidae<\/td>\n<\/tr>\n<tr>\n<td height=\"16\" align=\"LEFT\">Oniscus asellus (Linnaeus)<\/td>\n<td align=\"LEFT\">Crustacea<\/td>\n<td align=\"LEFT\">Oniscidae<\/td>\n<\/tr>\n<tr>\n<td height=\"16\" align=\"LEFT\">Trechus terceiranus Machado<\/td>\n<td align=\"LEFT\">Coleoptera<\/td>\n<td align=\"LEFT\">Carabidae<\/td>\n<\/tr>\n<tr>\n<td height=\"16\" align=\"LEFT\">Hydroporus guernei R\u00e9gimbart<\/td>\n<td align=\"LEFT\">Coleoptera<\/td>\n<td align=\"LEFT\">Dystiscidae<\/td>\n<\/tr>\n<tr>\n<td height=\"16\" align=\"LEFT\">Aloconota sulcifrons (Stephens)<\/td>\n<td align=\"LEFT\">Coleoptera<\/td>\n<td align=\"LEFT\">Staphylinidae<\/td>\n<\/tr>\n<tr>\n<td height=\"16\" align=\"LEFT\">Disparrhopalites patrizii (Cassagnau et Delamare)<\/td>\n<td align=\"LEFT\">Collembola<\/td>\n<td align=\"LEFT\">Arrhopalitidae<\/td>\n<\/tr>\n<tr>\n<td height=\"16\" align=\"LEFT\">Pseudosinella ashmoleorum Gama<\/td>\n<td align=\"LEFT\">Collembola<\/td>\n<td align=\"LEFT\">Entomobryidae<\/td>\n<\/tr>\n<tr>\n<td height=\"16\" align=\"LEFT\">Lepidocyrtus curvicollis Bourlet<\/td>\n<td align=\"LEFT\">Collembola<\/td>\n<td align=\"LEFT\">Entomobryidae<\/td>\n<\/tr>\n<tr>\n<td height=\"16\" align=\"LEFT\">Hypogastrura denticulata (Bagnall)<\/td>\n<td align=\"LEFT\">Collembola<\/td>\n<td align=\"LEFT\">Hypogastruridae<\/td>\n<\/tr>\n<tr>\n<td height=\"16\" align=\"LEFT\">Folsomia fimetaria (Linnaeus)<\/td>\n<td align=\"LEFT\">Collembola<\/td>\n<td align=\"LEFT\">Isotomidae<\/td>\n<\/tr>\n<tr>\n<td height=\"16\" align=\"LEFT\">Isotomurus palustris (Muller)<\/td>\n<td align=\"LEFT\">Collembola<\/td>\n<td align=\"LEFT\">Isotomidae<\/td>\n<\/tr>\n<tr>\n<td height=\"16\" align=\"LEFT\">Neelus murinus Folsom<\/td>\n<td align=\"LEFT\">Collembola<\/td>\n<td align=\"LEFT\">Neelidae<\/td>\n<\/tr>\n<tr>\n<td height=\"16\" align=\"LEFT\">Onychiurus n. sp. Gama<\/td>\n<td align=\"LEFT\">Collembola<\/td>\n<td align=\"LEFT\">Onychiuridae<\/td>\n<\/tr>\n<tr>\n<td height=\"16\" align=\"LEFT\">Tomocerus minor (Lubbock)<\/td>\n<td align=\"LEFT\">Collembola<\/td>\n<td align=\"LEFT\">Tomoceridae<\/td>\n<\/tr>\n<tr>\n<td height=\"16\" align=\"LEFT\">Spilopsyllus cuniculi<\/td>\n<td align=\"LEFT\">Siphonaptera<\/td>\n<td align=\"LEFT\">Pulicidae<\/td>\n<\/tr>\n<\/tbody>\n<\/table>\n<table frame=\"VOID\" rules=\"NONE\" cellspacing=\"0\" border=\"0\"><colgroup><col width=\"343\"><col width=\"138\"><col width=\"158\"><\/colgroup>\n<tbody>\n<tr>\n<td width=\"343\" height=\"16\" align=\"LEFT\"><span style=\"color: #e14d43;\"><b>Gruta do Natal (Terceira)<\/b><\/span><\/td>\n<td width=\"138\" align=\"LEFT\">&nbsp;<\/td>\n<td width=\"158\" align=\"LEFT\">&nbsp;<\/td>\n<\/tr>\n<tr>\n<td valign=\"MIDDLE\" height=\"40\" align=\"LEFT\"><strong>Esp\u00e9cie<\/strong><\/td>\n<td valign=\"MIDDLE\" align=\"LEFT\"><strong>Ordem<\/strong><\/td>\n<td valign=\"MIDDLE\" align=\"LEFT\"><strong>Fam\u00edlia<\/strong><\/td>\n<\/tr>\n<tr>\n<td height=\"16\" align=\"LEFT\">Tomocerus minor (Lubbock)<\/td>\n<td align=\"LEFT\">Collembola<\/td>\n<td align=\"LEFT\">Tomoceridae<\/td>\n<\/tr>\n<\/tbody>\n<\/table>\n<table frame=\"VOID\" rules=\"NONE\" cellspacing=\"0\" border=\"0\"><colgroup><col width=\"343\"><col width=\"138\"><col width=\"158\"><\/colgroup>\n<tbody>\n<tr>\n<td width=\"343\" height=\"16\" align=\"LEFT\"><span style=\"color: #e14d43;\"><b>Gruta da Madre de Deus (Terceira)<\/b><\/span><\/td>\n<td width=\"138\" align=\"LEFT\">&nbsp;<\/td>\n<td width=\"158\" align=\"LEFT\">&nbsp;<\/td>\n<\/tr>\n<tr>\n<td valign=\"MIDDLE\" height=\"40\" align=\"LEFT\"><strong>Esp\u00e9cie<\/strong><\/td>\n<td valign=\"MIDDLE\" align=\"LEFT\"><strong>Ordem<\/strong><\/td>\n<td valign=\"MIDDLE\" align=\"LEFT\"><strong>Fam\u00edlia<\/strong><\/td>\n<\/tr>\n<tr>\n<td height=\"16\" align=\"LEFT\">Lithobius obscurus azoreae Eason &amp; Ashmole<\/td>\n<td align=\"LEFT\">Chilopoda<\/td>\n<td align=\"LEFT\">Lithobiidae<\/td>\n<\/tr>\n<\/tbody>\n<\/table>\n<table frame=\"VOID\" rules=\"NONE\" cellspacing=\"0\" border=\"0\"><colgroup><col width=\"343\"><col width=\"138\"><col width=\"158\"><\/colgroup>\n<tbody>\n<tr>\n<td width=\"343\" height=\"16\" align=\"LEFT\"><span style=\"color: #e14d43;\"><b>Algar do Carv\u00e3o (Terceira)<\/b><\/span><\/td>\n<td width=\"138\" align=\"LEFT\">&nbsp;<\/td>\n<td width=\"158\" align=\"LEFT\">&nbsp;<\/td>\n<\/tr>\n<tr>\n<td height=\"16\" align=\"LEFT\"><strong>Esp\u00e9cie<\/strong><\/td>\n<td align=\"LEFT\"><strong>Ordem<\/strong><\/td>\n<td align=\"LEFT\"><strong>Fam\u00edlia<\/strong><\/td>\n<\/tr>\n<tr>\n<td height=\"16\" align=\"LEFT\">Gen.nov. sp. nov. Wunderlich<\/td>\n<td align=\"LEFT\">Araneae<\/td>\n<td align=\"LEFT\">Linyphiidae<\/td>\n<\/tr>\n<tr>\n<td height=\"16\" align=\"LEFT\">Porrhomma n.sp. Wunderlich<\/td>\n<td align=\"LEFT\">Araneae<\/td>\n<td align=\"LEFT\">Linyphiidae<\/td>\n<\/tr>\n<tr>\n<td height=\"16\" align=\"LEFT\">Trechus terceiranus Machado<\/td>\n<td align=\"LEFT\">Coleoptera<\/td>\n<td align=\"LEFT\">Carabidae<\/td>\n<\/tr>\n<tr>\n<td height=\"16\" align=\"LEFT\">Catops coracinus Kelln.<\/td>\n<td align=\"LEFT\">Coleoptera<\/td>\n<td align=\"LEFT\">Leiodidae<\/td>\n<\/tr>\n<\/tbody>\n<\/table>\n<table frame=\"VOID\" rules=\"NONE\" cellspacing=\"0\" border=\"0\"><colgroup><col width=\"343\"><col width=\"138\"><col width=\"158\"><\/colgroup>\n<tbody>\n<tr>\n<td width=\"343\" height=\"16\" align=\"LEFT\"><span style=\"color: #e14d43;\"><b>Gruta do Chocolate (Terceira)<\/b><\/span><\/td>\n<td width=\"138\" align=\"LEFT\">&nbsp;<\/td>\n<td width=\"158\" align=\"LEFT\">&nbsp;<\/td>\n<\/tr>\n<tr>\n<td valign=\"MIDDLE\" height=\"40\" align=\"LEFT\"><strong>Esp\u00e9cie<\/strong><\/td>\n<td valign=\"MIDDLE\" align=\"LEFT\"><strong>Ordem<\/strong><\/td>\n<td valign=\"MIDDLE\" align=\"LEFT\"><strong>Fam\u00edlia<\/strong><\/td>\n<\/tr>\n<tr>\n<td height=\"16\" align=\"LEFT\">Euphthiracarus cribrarius (Berlese)<\/td>\n<td align=\"LEFT\">Acari-Oribatei<\/td>\n<td align=\"LEFT\">Euphthiracaridae<\/td>\n<\/tr>\n<tr>\n<td height=\"16\" align=\"LEFT\">Euzetes globula (Nicolet)<\/td>\n<td align=\"LEFT\">Acari-Oribatei<\/td>\n<td align=\"LEFT\">Euzetidae<\/td>\n<\/tr>\n<tr>\n<td height=\"16\" align=\"LEFT\">Acrogalumna longiplumus (Berlese)<\/td>\n<td align=\"LEFT\">Acari-Oribatei<\/td>\n<td align=\"LEFT\">Galumnidae<\/td>\n<\/tr>\n<tr>\n<td height=\"16\" align=\"LEFT\">Hermanniella granulata (Nicolet)<\/td>\n<td align=\"LEFT\">Acari-Oribatei<\/td>\n<td align=\"LEFT\">Hermanniellidae<\/td>\n<\/tr>\n<tr>\n<td height=\"16\" align=\"LEFT\">Nanhermannia nanus (Nicolet)<\/td>\n<td align=\"LEFT\">Acari-Oribatei<\/td>\n<td align=\"LEFT\">Nanhermanniidae<\/td>\n<\/tr>\n<tr>\n<td height=\"16\" align=\"LEFT\">Phthiracarus piger (Scopoli)<\/td>\n<td align=\"LEFT\">Acari-Oribatei<\/td>\n<td align=\"LEFT\">Phthiracaridae<\/td>\n<\/tr>\n<\/tbody>\n<\/table>\n\n\t\t<\/div>\n\t\t\t\t\t<\/div>\n\n\t\n\n<\/div>\n","protected":false},"excerpt":{"rendered":"<p>in\u00edcio atividades publica\u00e7\u00f5es\/\/arquivo\/\/links quem somos Cavidades Vulc\u00e2nicas Cavidades abertas ao p\u00fablico IPEA gloss\u00e1rio Fauna Cavern\u00edcola do Faial Gruta do Caldeira (Terceira) &nbsp; &nbsp; Esp\u00e9cie Ordem Fam\u00edlia Trechus terceiranus Machado Coleoptera Carabidae Pseudosinella ashmoleorum Gama Collembola Entomobryidae Pseudosinella azorica Gama Collembola Entomobryidae Gruta do Coelho (Terceira) &nbsp; &nbsp; Esp\u00e9cie Ordem Fam\u00edlia Platynothrus peltifer (Koch) Acari-Oribatei Camisiidae [&#8230;]\n","protected":false},"author":1,"featured_media":0,"parent":7485,"menu_order":3,"comment_status":"closed","ping_status":"closed","template":"page-single-page-nav.php","meta":{"jetpack_post_was_ever_published":false,"footnotes":""},"class_list":["post-7715","page","type-page","status-publish","hentry"],"jetpack_sharing_enabled":true,"jetpack_shortlink":"https:\/\/wp.me\/PaT0CI-20r","_links":{"self":[{"href":"https:\/\/www.montanheiros.com\/en\/wp-json\/wp\/v2\/pages\/7715","targetHints":{"allow":["GET"]}}],"collection":[{"href":"https:\/\/www.montanheiros.com\/en\/wp-json\/wp\/v2\/pages"}],"about":[{"href":"https:\/\/www.montanheiros.com\/en\/wp-json\/wp\/v2\/types\/page"}],"author":[{"embeddable":true,"href":"https:\/\/www.montanheiros.com\/en\/wp-json\/wp\/v2\/users\/1"}],"replies":[{"embeddable":true,"href":"https:\/\/www.montanheiros.com\/en\/wp-json\/wp\/v2\/comments?post=7715"}],"version-history":[{"count":11,"href":"https:\/\/www.montanheiros.com\/en\/wp-json\/wp\/v2\/pages\/7715\/revisions"}],"predecessor-version":[{"id":12192,"href":"https:\/\/www.montanheiros.com\/en\/wp-json\/wp\/v2\/pages\/7715\/revisions\/12192"}],"up":[{"embeddable":true,"href":"https:\/\/www.montanheiros.com\/en\/wp-json\/wp\/v2\/pages\/7485"}],"wp:attachment":[{"href":"https:\/\/www.montanheiros.com\/en\/wp-json\/wp\/v2\/media?parent=7715"}],"curies":[{"name":"wp","href":"https:\/\/api.w.org\/{rel}","templated":true}]}}