{"id":7718,"date":"2019-05-13T15:06:00","date_gmt":"2019-05-13T15:06:00","guid":{"rendered":"http:\/\/montanheiros.cecilia-designs.com\/?page_id=7718"},"modified":"2019-12-03T14:21:04","modified_gmt":"2019-12-03T14:21:04","slug":"speleoazores-fauna-sjorge","status":"publish","type":"page","link":"https:\/\/www.montanheiros.com\/en\/speleoazores-home\/speleoazores-fauna-sjorge\/","title":{"rendered":"Cavidades Vulc\u00e2nicas | Fauna de S\u00e3o Jorge"},"content":{"rendered":"\n<div class=\"row\"  id=\"row-602973864\">\n\n\t<div id=\"col-138814025\" class=\"col medium-3 small-6 large-3\"  >\n\t\t\t\t<div class=\"col-inner\"  >\n\t\t\t\n\t\t\t\n\t<div class=\"img has-hover x md-x lg-x y md-y lg-y\" id=\"image_1639658712\">\n\t\t<a class=\"\" href=\"\/speleoazores-home\"  >\t\t\t\t\t\t<div class=\"img-inner dark\" style=\"margin:11px 0px 0px 0px;\">\n\t\t\t<img loading=\"lazy\" decoding=\"async\" width=\"320\" height=\"113\" src=\"https:\/\/www.montanheiros.com\/wp-content\/uploads\/2019\/05\/logo_gespea.png\" class=\"attachment-large size-large\" alt=\"\" \/>\t\t\t\t\t\t\n\t\t\t\t\t<\/div>\n\t\t\t\t\t\t<\/a>\t\t\n<style>\n#image_1639658712 {\n  width: 100%;\n}\n<\/style>\n\t<\/div>\n\t\n\t\t<\/div>\n\t\t\t\t\t<\/div>\n\n\t\n\n\t<div id=\"col-1865974815\" class=\"col medium-9 small-12 large-9\"  >\n\t\t\t\t<div class=\"col-inner text-right\"  >\n\t\t\t\n\t\t\t\n<a href=\"\/speleoazores-home\/\" target=\"_self\" class=\"button alert is-underline lowercase\"  >\n    <span>in\u00edcio<\/span>\n  <\/a>\n\n\n<a href=\"\/espeleoazores\/speleoazores-atividades\" target=\"_self\" class=\"button alert is-underline lowercase\"  >\n    <span>atividades<\/span>\n  <\/a>\n\n\n<a href=\"\/espeleoazores\/publicacoes\" target=\"_self\" class=\"button alert is-underline lowercase\"  >\n    <span>publica\u00e7\u00f5es\/\/arquivo\/\/links<\/span>\n  <\/a>\n\n\n<a href=\"\/espeleoazores\/quem\" target=\"_self\" class=\"button alert is-underline lowercase\"  >\n    <span>quem somos<\/span>\n  <\/a>\n\n\n\n\t\t<\/div>\n\t\t\t\t\t<\/div>\n\n\t\n\n<\/div>\n\t<section class=\"section\" id=\"section_827268495\">\n\t\t<div class=\"bg section-bg fill bg-fill  \" >\n\n\t\t\t\n\t\t\t\n\t\t\t\n\n\t\t<\/div>\n\n\t\t\n\n\t\t<div class=\"section-content relative\">\n\t\t\t\n\n<div class=\"row align-equal align-center row-dashed\"  id=\"row-1963665757\">\n\n\n\t<div id=\"col-644341656\" class=\"col small-12 large-12\"  >\n\t\t\t\t<div class=\"col-inner text-center\"  >\n\t\t\t\n\t\t\t\n\n<a href=\"\/speleoazores\/speleoazores-cavidades-vulcanicas\" target=\"_self\" class=\"button success is-underline\"  >\n    <span>Cavidades Vulc\u00e2nicas<\/span>\n  <\/a>\n\n\n<a href=\"\/speleoazores\/speleoazores-algar-carvao\" target=\"_self\" class=\"button white is-underline\"  >\n    <span>Cavidades abertas ao p\u00fablico<\/span>\n  <\/a>\n\n\n<a href=\"\/speleoazores\/ipea-faial\/\" target=\"_self\" class=\"button white is-underline lowercase\"  >\n    <span>IPEA<\/span>\n  <\/a>\n\n\n<a href=\"\/espeleoazores\/glossario\" target=\"_self\" class=\"button white is-underline\"  >\n    <span>gloss\u00e1rio<\/span>\n  <\/a>\n\n\n\n\t\t<\/div>\n\t\t\t\t\t<\/div>\n\n\t\n\n<\/div>\n\n\t\t<\/div>\n\n\t\t\n<style>\n#section_827268495 {\n  padding-top: 0px;\n  padding-bottom: 0px;\n  min-height: 59px;\n  background-color: rgb(245, 245, 245);\n}\n#section_827268495 .section-bg.bg-loaded {\n  background-image: url(https:\/\/www.montanheiros.com\/wp-content\/uploads\/2019\/05\/big5_1543850268.jpg);\n}\n#section_827268495 .ux-shape-divider--top svg {\n  height: 150px;\n  --divider-top-width: 100%;\n}\n#section_827268495 .ux-shape-divider--bottom svg {\n  height: 150px;\n  --divider-width: 100%;\n}\n<\/style>\n\t<\/section>\n\t\n\t<div id=\"gap-1677866218\" class=\"gap-element clearfix\" style=\"display:block; height:auto;\">\n\t\t\n<style>\n#gap-1677866218 {\n  padding-top: 30px;\n}\n<\/style>\n\t<\/div>\n\t\n\n<div class=\"container section-title-container\" ><h3 class=\"section-title section-title-center\"><b><\/b><span class=\"section-title-main\" style=\"color:rgb(0, 0, 0);\">Fauna Cavern\u00edcola do Faial<\/span><b><\/b><\/h3><\/div>\n\n<div class=\"row\"  id=\"row-1711539507\">\n\n\n\t<div id=\"col-1851058168\" class=\"col small-12 large-12\"  >\n\t\t\t\t<div class=\"col-inner\"  >\n\t\t\t\n\t\t\t\n\n<table frame=\"VOID\" rules=\"NONE\" cellspacing=\"0\" border=\"0\"><colgroup><col width=\"343\"><col width=\"138\"><col width=\"158\"><\/colgroup>\n<tbody>\n<tr>\n<td width=\"343\" height=\"16\" align=\"LEFT\"><span style=\"color: #e14d43;\"><b>Gruta da Beira (S. Jorge)<\/b><\/span><\/td>\n<td width=\"138\" align=\"LEFT\">&nbsp;<\/td>\n<td width=\"158\" align=\"LEFT\">&nbsp;<\/td>\n<\/tr>\n<tr>\n<td valign=\"MIDDLE\" height=\"40\" align=\"LEFT\"><strong>Esp\u00e9cie<\/strong><\/td>\n<td valign=\"MIDDLE\" align=\"LEFT\"><strong>Ordem<\/strong><\/td>\n<td valign=\"MIDDLE\" align=\"LEFT\"><strong>Fam\u00edlia<\/strong><\/td>\n<\/tr>\n<tr>\n<td height=\"16\" align=\"LEFT\">Pseudoblothrus oromii Mahnert<\/td>\n<td align=\"LEFT\">Pseudoscorpiones<\/td>\n<td align=\"LEFT\">Syarinidae<\/td>\n<\/tr>\n<tr>\n<td height=\"16\" align=\"LEFT\">Gen.nov. sp. nov.<\/td>\n<td align=\"LEFT\">Crustacea<\/td>\n<td align=\"LEFT\">Trichoniscidae<\/td>\n<\/tr>\n<tr>\n<td height=\"16\" align=\"LEFT\">Lepidocyrtus curvicollis Bourlet<\/td>\n<td align=\"LEFT\">Collembola<\/td>\n<td align=\"LEFT\">Entomobryidae<\/td>\n<\/tr>\n<tr>\n<td height=\"16\" align=\"LEFT\">Folsomia fimetaria (Linnaeus)<\/td>\n<td align=\"LEFT\">Collembola<\/td>\n<td align=\"LEFT\">Isotomidae<\/td>\n<\/tr>\n<tr>\n<td height=\"16\" align=\"LEFT\">Folsomia norvegica<\/td>\n<td align=\"LEFT\">Collembola<\/td>\n<td align=\"LEFT\">Isotomidae<\/td>\n<\/tr>\n<tr>\n<td height=\"16\" align=\"LEFT\">Bourletiella viridescens Stach s. Gisin<\/td>\n<td align=\"LEFT\">Collembola<\/td>\n<td align=\"LEFT\">Sminthuridae<\/td>\n<\/tr>\n<tr>\n<td height=\"16\" align=\"LEFT\">Tomocerus minor (Lubbock)<\/td>\n<td align=\"LEFT\">Collembola<\/td>\n<td align=\"LEFT\">Tomoceridae<\/td>\n<\/tr>\n<\/tbody>\n<\/table>\n<table frame=\"VOID\" rules=\"NONE\" cellspacing=\"0\" border=\"0\"><colgroup><col width=\"343\"><col width=\"138\"><col width=\"158\"><\/colgroup>\n<tbody>\n<tr>\n<td width=\"343\" height=\"16\" align=\"LEFT\"><span style=\"color: #e14d43;\"><b>Algar das Bocas do Fogo (S. Jorge)<\/b><\/span><\/td>\n<td width=\"138\" align=\"LEFT\">&nbsp;<\/td>\n<td width=\"158\" align=\"LEFT\">&nbsp;<\/td>\n<\/tr>\n<tr>\n<td valign=\"MIDDLE\" height=\"40\" align=\"LEFT\"><strong>Esp\u00e9cie<\/strong><\/td>\n<td valign=\"MIDDLE\" align=\"LEFT\"><strong>Ordem<\/strong><\/td>\n<td valign=\"MIDDLE\" align=\"LEFT\"><strong>Fam\u00edlia<\/strong><\/td>\n<\/tr>\n<tr>\n<td height=\"16\" align=\"LEFT\">Tritegeus bisulcatus Grandjean<\/td>\n<td align=\"LEFT\">Acari-Oribatei<\/td>\n<td align=\"LEFT\">Cepheidae<\/td>\n<\/tr>\n<tr>\n<td height=\"16\" align=\"LEFT\">Damaeus pomboi P\u00e9rez &#8211; I\u00f1igo<\/td>\n<td align=\"LEFT\">Acari-Oribatei<\/td>\n<td align=\"LEFT\">Damaeidae<\/td>\n<\/tr>\n<tr>\n<td height=\"16\" align=\"LEFT\">Euzetes globula (Nicolet)<\/td>\n<td align=\"LEFT\">Acari-Oribatei<\/td>\n<td align=\"LEFT\">Euzetidae<\/td>\n<\/tr>\n<tr>\n<td height=\"16\" align=\"LEFT\">Galumna sp. (n sp.) Morell &amp; Sub\u00edas<\/td>\n<td align=\"LEFT\">Acari-Oribatei<\/td>\n<td align=\"LEFT\">Galumnidae<\/td>\n<\/tr>\n<tr>\n<td height=\"16\" align=\"LEFT\">Acrogalumna longiplumus (Berlese)<\/td>\n<td align=\"LEFT\">Acari-Oribatei<\/td>\n<td align=\"LEFT\">Galumnidae<\/td>\n<\/tr>\n<tr>\n<td height=\"16\" align=\"LEFT\">Liacarus alatus Berlese<\/td>\n<td align=\"LEFT\">Acari-Oribatei<\/td>\n<td align=\"LEFT\">Liacaridae<\/td>\n<\/tr>\n<tr>\n<td height=\"16\" align=\"LEFT\">Liacarus mucronatus Willmann<\/td>\n<td align=\"LEFT\">Acari-Oribatei<\/td>\n<td align=\"LEFT\">Liacaridae<\/td>\n<\/tr>\n<tr>\n<td height=\"16\" align=\"LEFT\">Nanhermannia nanus (Nicolet)<\/td>\n<td align=\"LEFT\">Acari-Oribatei<\/td>\n<td align=\"LEFT\">Nanhermanniidae<\/td>\n<\/tr>\n<tr>\n<td height=\"16\" align=\"LEFT\">Oribatella quadricornuta (Michael)<\/td>\n<td align=\"LEFT\">Acari-Oribatei<\/td>\n<td align=\"LEFT\">Orbatellidae<\/td>\n<\/tr>\n<tr>\n<td height=\"16\" align=\"LEFT\">Lithobius pilicornis Newport<\/td>\n<td align=\"LEFT\">Chilopoda<\/td>\n<td align=\"LEFT\">Lithobiidae<\/td>\n<\/tr>\n<tr>\n<td height=\"16\" align=\"LEFT\">Trechus jorgensis Orom\u00ed &amp; Borges<\/td>\n<td align=\"LEFT\">Coleoptera<\/td>\n<td align=\"LEFT\">Carabidae<\/td>\n<\/tr>\n<tr>\n<td height=\"16\" align=\"LEFT\">Cryptophagus saginatus Sturm<\/td>\n<td align=\"LEFT\">Coleoptera<\/td>\n<td align=\"LEFT\">Cryptophagidae<\/td>\n<\/tr>\n<tr>\n<td height=\"16\" align=\"LEFT\">Aloconota sulcifrons (Stephens)<\/td>\n<td align=\"LEFT\">Coleoptera<\/td>\n<td align=\"LEFT\">Staphylinidae<\/td>\n<\/tr>\n<tr>\n<td height=\"16\" align=\"LEFT\">Atheta (s. str.) acuicollis (Sharp)<\/td>\n<td align=\"LEFT\">Coleoptera<\/td>\n<td align=\"LEFT\">Staphylinidae<\/td>\n<\/tr>\n<tr>\n<td height=\"16\" align=\"LEFT\">Disparrhopalites patrizii (Cassagnau et Delamare)<\/td>\n<td align=\"LEFT\">Collembola<\/td>\n<td align=\"LEFT\">Arrhopalitidae<\/td>\n<\/tr>\n<tr>\n<td height=\"16\" align=\"LEFT\">Pseudosinella azorica Gama<\/td>\n<td align=\"LEFT\">Collembola<\/td>\n<td align=\"LEFT\">Entomobryidae<\/td>\n<\/tr>\n<tr>\n<td height=\"16\" align=\"LEFT\">Heteromurus major (Moniez)<\/td>\n<td align=\"LEFT\">Collembola<\/td>\n<td align=\"LEFT\">Entomobryidae<\/td>\n<\/tr>\n<tr>\n<td height=\"16\" align=\"LEFT\">Lepidocyrtus curvicollis Bourlet<\/td>\n<td align=\"LEFT\">Collembola<\/td>\n<td align=\"LEFT\">Entomobryidae<\/td>\n<\/tr>\n<tr>\n<td height=\"16\" align=\"LEFT\">Ceratophysella denticulata (Bagnall)<\/td>\n<td align=\"LEFT\">Collembola<\/td>\n<td align=\"LEFT\">Hypogastruridae<\/td>\n<\/tr>\n<tr>\n<td height=\"16\" align=\"LEFT\">Xenylla maritima Tullberg<\/td>\n<td align=\"LEFT\">Collembola<\/td>\n<td align=\"LEFT\">Hypogastruridae<\/td>\n<\/tr>\n<tr>\n<td height=\"16\" align=\"LEFT\">Isotoma maritima meridionalis Altner<\/td>\n<td align=\"LEFT\">Collembola<\/td>\n<td align=\"LEFT\">Isotomidae<\/td>\n<\/tr>\n<tr>\n<td height=\"16\" align=\"LEFT\">Neelus murinus Folsom<\/td>\n<td align=\"LEFT\">Collembola<\/td>\n<td align=\"LEFT\">Neelidae<\/td>\n<\/tr>\n<tr>\n<td height=\"16\" align=\"LEFT\">Allacma fusca (Linnaeus)<\/td>\n<td align=\"LEFT\">Collembola<\/td>\n<td align=\"LEFT\">Sminthuridae<\/td>\n<\/tr>\n<tr>\n<td height=\"16\" align=\"LEFT\">Tomocerus minor (Lubbock)<\/td>\n<td align=\"LEFT\">Collembola<\/td>\n<td align=\"LEFT\">Tomoceridae<\/td>\n<\/tr>\n<\/tbody>\n<\/table>\n\n\t\t<\/div>\n\t\t\t\t\t<\/div>\n\n\t\n\n<\/div>\n","protected":false},"excerpt":{"rendered":"<p>in\u00edcio atividades publica\u00e7\u00f5es\/\/arquivo\/\/links quem somos Cavidades Vulc\u00e2nicas Cavidades abertas ao p\u00fablico IPEA gloss\u00e1rio Fauna Cavern\u00edcola do Faial Gruta da Beira (S. Jorge) &nbsp; &nbsp; Esp\u00e9cie Ordem Fam\u00edlia Pseudoblothrus oromii Mahnert Pseudoscorpiones Syarinidae Gen.nov. sp. nov. Crustacea Trichoniscidae Lepidocyrtus curvicollis Bourlet Collembola Entomobryidae Folsomia fimetaria (Linnaeus) Collembola Isotomidae Folsomia norvegica Collembola Isotomidae Bourletiella viridescens Stach s. [&#8230;]\n","protected":false},"author":1,"featured_media":0,"parent":7485,"menu_order":3,"comment_status":"closed","ping_status":"closed","template":"page-single-page-nav.php","meta":{"jetpack_post_was_ever_published":false,"footnotes":""},"class_list":["post-7718","page","type-page","status-publish","hentry"],"jetpack_sharing_enabled":true,"jetpack_shortlink":"https:\/\/wp.me\/PaT0CI-20u","_links":{"self":[{"href":"https:\/\/www.montanheiros.com\/en\/wp-json\/wp\/v2\/pages\/7718","targetHints":{"allow":["GET"]}}],"collection":[{"href":"https:\/\/www.montanheiros.com\/en\/wp-json\/wp\/v2\/pages"}],"about":[{"href":"https:\/\/www.montanheiros.com\/en\/wp-json\/wp\/v2\/types\/page"}],"author":[{"embeddable":true,"href":"https:\/\/www.montanheiros.com\/en\/wp-json\/wp\/v2\/users\/1"}],"replies":[{"embeddable":true,"href":"https:\/\/www.montanheiros.com\/en\/wp-json\/wp\/v2\/comments?post=7718"}],"version-history":[{"count":9,"href":"https:\/\/www.montanheiros.com\/en\/wp-json\/wp\/v2\/pages\/7718\/revisions"}],"predecessor-version":[{"id":12195,"href":"https:\/\/www.montanheiros.com\/en\/wp-json\/wp\/v2\/pages\/7718\/revisions\/12195"}],"up":[{"embeddable":true,"href":"https:\/\/www.montanheiros.com\/en\/wp-json\/wp\/v2\/pages\/7485"}],"wp:attachment":[{"href":"https:\/\/www.montanheiros.com\/en\/wp-json\/wp\/v2\/media?parent=7718"}],"curies":[{"name":"wp","href":"https:\/\/api.w.org\/{rel}","templated":true}]}}