{"id":7771,"date":"2019-05-13T20:49:18","date_gmt":"2019-05-13T20:49:18","guid":{"rendered":"http:\/\/montanheiros.cecilia-designs.com\/?page_id=7771"},"modified":"2019-12-03T12:35:51","modified_gmt":"2019-12-03T12:35:51","slug":"speleoazores-algar-carvao","status":"publish","type":"page","link":"https:\/\/www.montanheiros.com\/en\/speleoazores-home\/speleoazores-algar-carvao\/","title":{"rendered":"Cavidades Abertas ao P\u00fablico | Algar do Carv\u00e3o"},"content":{"rendered":"\n<div class=\"row\"  id=\"row-394834751\">\n\n\n\t<div id=\"col-937276017\" class=\"col medium-3 small-6 large-3\"  >\n\t\t\t\t<div class=\"col-inner\"  >\n\t\t\t\n\t\t\t\n\n\t<div class=\"img has-hover x md-x lg-x y md-y lg-y\" id=\"image_708025369\">\n\t\t<a class=\"\" href=\"\/speleoazores-home\"  >\t\t\t\t\t\t<div class=\"img-inner dark\" style=\"margin:11px 0px 0px 0px;\">\n\t\t\t<img loading=\"lazy\" decoding=\"async\" width=\"320\" height=\"113\" src=\"https:\/\/www.montanheiros.com\/wp-content\/uploads\/2019\/05\/logo_gespea.png\" class=\"attachment-large size-large\" alt=\"\" \/>\t\t\t\t\t\t\n\t\t\t\t\t<\/div>\n\t\t\t\t\t\t<\/a>\t\t\n<style>\n#image_708025369 {\n  width: 100%;\n}\n<\/style>\n\t<\/div>\n\t\n\n\n\t\t<\/div>\n\t\t\t\t\t<\/div>\n\n\t\n\n\t<div id=\"col-429301686\" class=\"col medium-9 small-12 large-9\"  >\n\t\t\t\t<div class=\"col-inner text-right\"  >\n\t\t\t\n\t\t\t\n\n<a href=\"\/speleoazores-home\/\" target=\"_self\" class=\"button alert is-underline lowercase\"  >\n    <span>in\u00edcio<\/span>\n  <\/a>\n\n\n<a href=\"\/espeleoazores\/speleoazores-atividades\" target=\"_self\" class=\"button alert is-underline lowercase\"  >\n    <span>atividades<\/span>\n  <\/a>\n\n\n<a href=\"\/espeleoazores\/publicacoes\" target=\"_self\" class=\"button alert is-underline lowercase\"  >\n    <span>publica\u00e7\u00f5es\/\/arquivo\/\/links<\/span>\n  <\/a>\n\n\n<a href=\"\/espeleoazores\/quem\" target=\"_self\" class=\"button alert is-underline lowercase\"  >\n    <span>quem somos<\/span>\n  <\/a>\n\n\n\n\t\t<\/div>\n\t\t\t\t\t<\/div>\n\n\t\n\n<\/div>\n\t<section class=\"section\" id=\"section_1538350035\">\n\t\t<div class=\"bg section-bg fill bg-fill  \" >\n\n\t\t\t\n\t\t\t\n\t\t\t\n\n\t\t<\/div>\n\n\t\t\n\n\t\t<div class=\"section-content relative\">\n\t\t\t\n\n<div class=\"row align-equal align-center row-dashed\"  id=\"row-1638427854\">\n\n\n\t<div id=\"col-878523184\" class=\"col small-12 large-12\"  >\n\t\t\t\t<div class=\"col-inner text-center\"  >\n\t\t\t\n\t\t\t\n\n<a href=\"\/speleoazores\/speleoazores-cavidades-vulcanicas\" target=\"_self\" class=\"button white is-underline\"  >\n    <span>Cavidades Vulc\u00e2nicas<\/span>\n  <\/a>\n\n\n<a href=\"\/speleoazores\/speleoazores-algar-carvao\/\" target=\"_self\" class=\"button success is-underline\"  >\n    <span>Cavidades abertas ao p\u00fablico<\/span>\n  <\/a>\n\n\n<a href=\"\/speleoazores\/ipea-faial\/\" target=\"_self\" class=\"button white is-underline lowercase\"  >\n    <span>IPEA<\/span>\n  <\/a>\n\n\n<a href=\"\/espeleoazores\/glossario\" target=\"_self\" class=\"button white is-underline\"  >\n    <span>gloss\u00e1rio<\/span>\n  <\/a>\n\n\n\n\t\t<\/div>\n\t\t\t\t\t<\/div>\n\n\t\n\n<\/div>\n\n\t\t<\/div>\n\n\t\t\n<style>\n#section_1538350035 {\n  padding-top: 0px;\n  padding-bottom: 0px;\n  min-height: 59px;\n  background-color: rgb(245, 245, 245);\n}\n#section_1538350035 .section-bg.bg-loaded {\n  background-image: url(https:\/\/www.montanheiros.com\/wp-content\/uploads\/2019\/05\/big5_1543850268.jpg);\n}\n#section_1538350035 .ux-shape-divider--top svg {\n  height: 150px;\n  --divider-top-width: 100%;\n}\n#section_1538350035 .ux-shape-divider--bottom svg {\n  height: 150px;\n  --divider-width: 100%;\n}\n<\/style>\n\t<\/section>\n\t\n\t<div id=\"gap-1695120029\" class=\"gap-element clearfix\" style=\"display:block; height:auto;\">\n\t\t\n<style>\n#gap-1695120029 {\n  padding-top: 30px;\n}\n<\/style>\n\t<\/div>\n\t\n\n<div class=\"row\"  id=\"row-29855047\">\n\n\n\t<div id=\"col-840268031\" class=\"col small-12 large-12\"  >\n\t\t\t\t<div class=\"col-inner text-center\"  >\n\t\t\t\n\t\t\t\n\n<a href=\"\/speleoazores\/speleoazores-algar-carvao\/\" target=\"_self\" class=\"button success is-underline lowercase\"  >\n    <span>Algar do Carv\u00e3o<\/span>\n  <\/a>\n\n\n<a href=\"\/speleoazores\/%20speleoazores-furna-enxofre\" target=\"_self\" class=\"button alert is-underline lowercase\"  >\n    <span>Caldeira da Graciosa e Furna do Enxofre<\/span>\n  <\/a>\n\n\n<a href=\"\/espeleoazores\/speleoazores-furna-dagua\" target=\"_self\" class=\"button alert is-underline lowercase\"  >\n    <span>Furna d'\u00c1gua<\/span>\n  <\/a>\n\n\n<a href=\"\/speleoazores\/speleoazores-gruta-carvao\" target=\"_self\" class=\"button alert is-underline lowercase\"  >\n    <span>Gruta do Carv\u00e3o<\/span>\n  <\/a>\n\n\n<a href=\"\/espeleoazores\/speleoazores-gruta-torres\" target=\"_self\" class=\"button alert is-underline lowercase\"  >\n    <span>Gruta das Torres<\/span>\n  <\/a>\n\n\n<a href=\"\/espeleoazores\/speleoazores-gruta-natal\" target=\"_self\" class=\"button alert is-underline lowercase\"  >\n    <span>Gruta do Natal<\/span>\n  <\/a>\n\n\n\n\t\t<\/div>\n\t\t\t\t\t<\/div>\n\n\t\n\n<\/div>\n<div class=\"container section-title-container\" ><h3 class=\"section-title section-title-center\"><b><\/b><span class=\"section-title-main\" style=\"color:rgb(0, 0, 0);\">Algar do Carv\u00e3o<\/span><b><\/b><\/h3><\/div>\n\n<div class=\"row\"  id=\"row-1677751637\">\n\n\n\t<div id=\"col-1219406328\" class=\"col medium-5 small-12 large-5\"  >\n\t\t\t\t<div class=\"col-inner\"  >\n\t\t\t\n\t\t\t\n\n\t<div class=\"img has-hover x md-x lg-x y md-y lg-y\" id=\"image_999171652\">\n\t\t\t\t\t\t\t\t<div class=\"img-inner dark\" >\n\t\t\t<img loading=\"lazy\" decoding=\"async\" width=\"400\" height=\"264\" src=\"https:\/\/www.montanheiros.com\/wp-content\/uploads\/2019\/05\/algar_do_carvao.jpg\" class=\"attachment-large size-large\" alt=\"\" \/>\t\t\t\t\t\t\n\t\t\t\t\t<\/div>\n\t\t\t\t\t\t\t\t\n<style>\n#image_999171652 {\n  width: 100%;\n}\n<\/style>\n\t<\/div>\n\t\n\n\n\t\t<\/div>\n\t\t\t\t\t<\/div>\n\n\t\n\n\t<div id=\"col-784660255\" class=\"col medium-5 small-12 large-5\"  >\n\t\t\t\t<div class=\"col-inner\"  >\n\t\t\t\n\t\t\t\n\n<p>&nbsp;O Algar do Carv\u00e3o est\u00e1 situado na zona central da ilha Terceira, a cotas aproximadas de 550 metros. Anteriormente integrada numa Reserva Geol\u00f3gica Natural, a \u00e1rea do Algar do Carv\u00e3o (40,5 hectares) foi recentemente reclassificada como \u201cMonumento Natural Regional\u201d, com a publica\u00e7\u00e3o do DLR n\u00ba 9\/2004\/A, de 23 de Mar\u00e7o, dadas as suas peculiaridades vulcanol\u00f3gicas, bem como a sua import\u00e2ncia em termos ambientais.<\/p>\n\n\t\t<\/div>\n\t\t\t\t\t<\/div>\n\n\t\n\n\t<div id=\"col-82019967\" class=\"col medium-2 small-12 large-2\"  >\n\t\t\t\t<div class=\"col-inner\"  >\n\t\t\t\n\t\t\t\n\n\t<div class=\"img has-hover x md-x lg-x y md-y lg-y\" id=\"image_816520560\">\n\t\t\t\t\t\t\t\t<div class=\"img-inner dark\" >\n\t\t\t<img loading=\"lazy\" decoding=\"async\" width=\"175\" height=\"143\" src=\"https:\/\/www.montanheiros.com\/wp-content\/uploads\/2019\/05\/TERCEIRA_Algar_do_Carvao.gif\" class=\"attachment-large size-large\" alt=\"\" \/>\t\t\t\t\t\t\n\t\t\t\t\t<\/div>\n\t\t\t\t\t\t\t\t\n<style>\n#image_816520560 {\n  width: 100%;\n}\n<\/style>\n\t<\/div>\n\t\n\n\n\t\t<\/div>\n\t\t\t\t\t<\/div>\n\n\t\n\n<\/div>\n<div class=\"row row-dashed\"  id=\"row-117550318\">\n\n\n\t<div id=\"col-187880524\" class=\"col medium-9 small-12 large-9\"  >\n\t\t\t\t<div class=\"col-inner\"  >\n\t\t\t\n\t\t\t\n\n<p>O cone vulc\u00e2nico onde se desenvolve esta impressionante conduta integra a denominada \u201cZona Bas\u00e1ltica Fissural\u201d, implantada entre os grandes edif\u00edcios vulc\u00e2nicos de Santa B\u00e1rbara (a oeste), do Pico Alto (a norte) e de Guilherme Moniz, a sul. O Algar do Carv\u00e3o teve a sua origem ao longo de duas fases distintas. Assim, uma parte do algar corresponde \u00e0 conduta dum cone de esc\u00f3rias, que esteve em actividade h\u00e1 cerca de 1700 a 2100 anos BP. Por outro lado, a parte maior, e mais antiga, desta cavidade vulc\u00e2nica desenvolve-se em espessas escoadas l\u00e1vicas ou em domos de composi\u00e7\u00e3o traqu\u00edtica s.s. (Si \u2248 66%), que est\u00e3o relacionados com uma actividade no vulc\u00e3o do Pico Alto e t\u00eam uma idade de aproximadamente 3.200 anos BP. Durante a actividade do vulc\u00e3o do Algar do Carv\u00e3o, foram emitidas escoadas l\u00e1vicas bas\u00e1ltica (Si \u2248 47%) muito fluidas que cobriram uma \u00e1rea total de 16 km 2, incluindo todo o fundo da Caldeira de Guilherme Moniz.<\/p>\n<p>A boca do algar apresenta dimens\u00f5es de 17 x 27 metros e d\u00e1 passagem a uma conduta vertical com cerca de 45 m de desn\u00edvel. Depois de uma rampa, constitu\u00edda por um dep\u00f3sito de gravidade, h\u00e1 novo desn\u00edvel na vertical que termina numa lagoa de \u00e1guas l\u00edmpidas, a cerca de 80 metros de profundidade relativamente \u00e0 boca do algar. Esta lagoa, que \u00e9 alimentada por \u00e1guas das chuvas, atinge uma profundidade m\u00e1xima da ordem de 15 metros e seca quase completamente no Ver\u00e3o, em anos de pouca precipita\u00e7\u00e3o.<\/p>\n<p>Nalgumas partes do algar, o tecto e paredes primitivas ca\u00edram na sequ\u00eancia de desabamentos, enquanto que noutras apresentam-se revestidas por materiais negros, v\u00edtreos e lisos. Estes revestimentos, que traduzem o recuo da lava para o interior da chamin\u00e9, s\u00e3o constitu\u00eddos maioritariamente por obsidiana e apresentam-se muitas vezes sob a forma de escorrimentos laterais ou formando l\u00e2minas pendentes.<\/p>\n<p>Os complexos fen\u00f3menos geol\u00f3gicos e bioqu\u00edmicos ocorridos no sistema hidrogeol\u00f3gico que caracteriza o Algar do Carv\u00e3o levaram, ao longo dos anos, \u00e0 forma\u00e7\u00e3o de estalactites e estalagmites de s\u00edlica amorfa (Si \u2248 77% a 82%), porventura as estruturas mais exuberantes, raras e belas existentes neste algar e nas cavidades vulc\u00e2nicas dos A\u00e7ores. Estas estalactites de opala , com cor branca leitosa e veios internos avermelhados, revestem uma parte importante do tecto e das paredes do algar, atingindo cerca de 1 metro de comprimento e 40 a 50 cm de di\u00e2metro.<\/p>\n<p>A \u00e1rea do Monumento Natural do Algar do Carv\u00e3o, onde existe uma vegeta\u00e7\u00e3o natural do tipo floresta h\u00famida macaron\u00e9sica e zonas de turfeiras, faz parte integrante do <em>SIC<\/em> denominado de \u201cSerra de Santa B\u00e1rbara e Pico Alto\u201d, da Rede Natura 2000. O not\u00e1vel povoamento vegetal que recobre o cone, a sua cratera e uma parte substancial da conduta vulc\u00e2nica (sobretudo nos 22 metros abaixo da boca) inclui 34 esp\u00e9cies diferentes de hep\u00e1ticas, 22 de musgos e 27 de plantas vasculares (12 das quais s\u00e3o fetos), incluindo algumas esp\u00e9cies end\u00e9micas dos A\u00e7ores e da Macaron\u00e9sia. Entre as esp\u00e9cies presentes destaca-se: louro (<em>Laurus azorica<\/em>), urze (<em>Erica azorica<\/em>), agri\u00e3o (<em>Cardamine caldeirarum<\/em>), azevinho (<em>Ilex perado azorica<\/em>), <em>Lysimachia azorica<\/em>, <em>Selaginella kraussiana<\/em> e o feto <em>Trichomanes speciosum<\/em>, o qual \u00e9 muito comum no interior do algar.<\/p>\n<p>Nas zonas mais profundas e mais afastadas da boca do algar, prevalecem diversas esp\u00e9cies de algas verdes, diatom\u00e1ceas e bolores. Esta cavidade vulc\u00e2nica alberga, ainda, uma importante fauna trogl\u00f3bia, adaptada \u00e0 vida subterr\u00e2nea, de entre a qual se destaca o escaravelho <em>Trechus terceiranus<\/em>, end\u00e9mico da ilha Terceira, a centopeia <em>Lithobius obscurus azorae<\/em> e, ainda, duas esp\u00e9cies de aranhas, tamb\u00e9m end\u00e9micas (<em>Porrhomma <\/em>n. sp. e <em>Lepthyphantes<\/em> n. sp.). Nesta cavidade pode encontrar-se tamb\u00e9m uma fauna de insectos que, embora n\u00e3o trogl\u00f3bia, prefere este tipo de habitat. \u00c9 o caso do escaravelho <em>Catops coracinus<\/em> (conhecido apenas da ilha Terceira) e o Mil-P\u00e9s (<em>Blaniulus guttulatus<\/em>). De real\u00e7ar ainda a presen\u00e7a de uma fauna diversificada de aranhas, incluindo a aranha end\u00e9mica dos A\u00e7ores <em>Rugathodes acoreensis<\/em> e ainda a <em>Meta merianae<\/em>.<\/p>\n<p>\u00c9 poss\u00edvel observar nesta \u00e1rea classificada a avifauna t\u00edpica dos A\u00e7ores, como \u00e9 o caso do pardal (<em>Passer domesticus<\/em>), do melro-preto (<em>Turdus merula azorensis<\/em>) e do tentilh\u00e3o (<em>Fringilla coelebs<\/em>).<\/p>\n\n\t\t<\/div>\n\t\t\t\t\t<\/div>\n\n\t\n\n\t<div id=\"col-739026522\" class=\"col medium-3 small-12 large-3\"  >\n\t\t\t\t<div class=\"col-inner\"  >\n\t\t\t\n\t\t\t\n\n\t<div class=\"img has-hover x md-x lg-x y md-y lg-y\" id=\"image_1925327823\">\n\t\t\t\t\t\t\t\t<div class=\"img-inner dark\" >\n\t\t\t<img loading=\"lazy\" decoding=\"async\" width=\"206\" height=\"156\" src=\"https:\/\/www.montanheiros.com\/wp-content\/uploads\/2019\/05\/algar_mini_1.jpg\" class=\"attachment-large size-large\" alt=\"\" \/>\t\t\t\t\t\t\n\t\t\t\t\t<\/div>\n\t\t\t\t\t\t\t\t\n<style>\n#image_1925327823 {\n  width: 100%;\n}\n<\/style>\n\t<\/div>\n\t\n\n\t<div class=\"img has-hover x md-x lg-x y md-y lg-y\" id=\"image_309821429\">\n\t\t\t\t\t\t\t\t<div class=\"img-inner dark\" >\n\t\t\t<img loading=\"lazy\" decoding=\"async\" width=\"206\" height=\"156\" src=\"https:\/\/www.montanheiros.com\/wp-content\/uploads\/2019\/05\/algar_mini_2.jpg\" class=\"attachment-large size-large\" alt=\"\" \/>\t\t\t\t\t\t\n\t\t\t\t\t<\/div>\n\t\t\t\t\t\t\t\t\n<style>\n#image_309821429 {\n  width: 100%;\n}\n<\/style>\n\t<\/div>\n\t\n\n\t<div class=\"img has-hover x md-x lg-x y md-y lg-y\" id=\"image_72007981\">\n\t\t\t\t\t\t\t\t<div class=\"img-inner dark\" >\n\t\t\t<img loading=\"lazy\" decoding=\"async\" width=\"206\" height=\"156\" src=\"https:\/\/www.montanheiros.com\/wp-content\/uploads\/2019\/05\/algar_mini_3.jpg\" class=\"attachment-large size-large\" alt=\"\" \/>\t\t\t\t\t\t\n\t\t\t\t\t<\/div>\n\t\t\t\t\t\t\t\t\n<style>\n#image_72007981 {\n  width: 100%;\n}\n<\/style>\n\t<\/div>\n\t\n\n<p><a href=\"\/wp-content\/uploads\/2019\/05\/lei_algar_carvao.pdf\" target=\"_blank\" rel=\"noopener noreferrer\">Decreto Legislativo Regional n.o 9\/2004\/A<\/a><br>Reclassifica a Reserva Natural Geol\u00f3gica do Algar do Carv\u00e3o como monumento natural regional<\/p>\n<hr>\n<p>&nbsp;<\/p>\n\n\t\t<\/div>\n\t\t\t\t\t<\/div>\n\n\t\n\n<\/div>\n","protected":false},"excerpt":{"rendered":"<p>in\u00edcio atividades publica\u00e7\u00f5es\/\/arquivo\/\/links quem somos Cavidades Vulc\u00e2nicas Cavidades abertas ao p\u00fablico IPEA gloss\u00e1rio Algar do Carv\u00e3o Caldeira da Graciosa e Furna do Enxofre Furna d&#8217;\u00c1gua Gruta do Carv\u00e3o Gruta das Torres Gruta do Natal Algar do Carv\u00e3o &nbsp;O Algar do Carv\u00e3o est\u00e1 situado na zona central da ilha Terceira, a cotas aproximadas de 550 metros. [&#8230;]\n","protected":false},"author":1,"featured_media":0,"parent":7485,"menu_order":3,"comment_status":"closed","ping_status":"closed","template":"page-single-page-nav.php","meta":{"jetpack_post_was_ever_published":false,"footnotes":""},"class_list":["post-7771","page","type-page","status-publish","hentry"],"jetpack_sharing_enabled":true,"jetpack_shortlink":"https:\/\/wp.me\/PaT0CI-21l","_links":{"self":[{"href":"https:\/\/www.montanheiros.com\/en\/wp-json\/wp\/v2\/pages\/7771","targetHints":{"allow":["GET"]}}],"collection":[{"href":"https:\/\/www.montanheiros.com\/en\/wp-json\/wp\/v2\/pages"}],"about":[{"href":"https:\/\/www.montanheiros.com\/en\/wp-json\/wp\/v2\/types\/page"}],"author":[{"embeddable":true,"href":"https:\/\/www.montanheiros.com\/en\/wp-json\/wp\/v2\/users\/1"}],"replies":[{"embeddable":true,"href":"https:\/\/www.montanheiros.com\/en\/wp-json\/wp\/v2\/comments?post=7771"}],"version-history":[{"count":14,"href":"https:\/\/www.montanheiros.com\/en\/wp-json\/wp\/v2\/pages\/7771\/revisions"}],"predecessor-version":[{"id":12173,"href":"https:\/\/www.montanheiros.com\/en\/wp-json\/wp\/v2\/pages\/7771\/revisions\/12173"}],"up":[{"embeddable":true,"href":"https:\/\/www.montanheiros.com\/en\/wp-json\/wp\/v2\/pages\/7485"}],"wp:attachment":[{"href":"https:\/\/www.montanheiros.com\/en\/wp-json\/wp\/v2\/media?parent=7771"}],"curies":[{"name":"wp","href":"https:\/\/api.w.org\/{rel}","templated":true}]}}