{"id":7816,"date":"2019-05-14T14:47:06","date_gmt":"2019-05-14T14:47:06","guid":{"rendered":"http:\/\/montanheiros.cecilia-designs.com\/?page_id=7816"},"modified":"2019-12-03T13:52:38","modified_gmt":"2019-12-03T13:52:38","slug":"speleoazores-furna-enxofre","status":"publish","type":"page","link":"https:\/\/www.montanheiros.com\/en\/speleoazores-home\/speleoazores-furna-enxofre\/","title":{"rendered":"Cavidades Abertas ao P\u00fablico | Furna do Enxofre"},"content":{"rendered":"\n<div class=\"row\"  id=\"row-1507743650\">\n\n\n\t<div id=\"col-240297442\" class=\"col medium-3 small-6 large-3\"  >\n\t\t\t\t<div class=\"col-inner\"  >\n\t\t\t\n\t\t\t\n\n\t<div class=\"img has-hover x md-x lg-x y md-y lg-y\" id=\"image_173028932\">\n\t\t<a class=\"\" href=\"\/speleoazores\"  >\t\t\t\t\t\t<div class=\"img-inner dark\" style=\"margin:11px 0px 0px 0px;\">\n\t\t\t<img loading=\"lazy\" decoding=\"async\" width=\"320\" height=\"113\" src=\"https:\/\/www.montanheiros.com\/wp-content\/uploads\/2019\/05\/logo_gespea.png\" class=\"attachment-large size-large\" alt=\"\" \/>\t\t\t\t\t\t\n\t\t\t\t\t<\/div>\n\t\t\t\t\t\t<\/a>\t\t\n<style>\n#image_173028932 {\n  width: 100%;\n}\n<\/style>\n\t<\/div>\n\t\n\n\n\t\t<\/div>\n\t\t\t\t\t<\/div>\n\n\t\n\n\t<div id=\"col-1802466549\" class=\"col medium-9 small-12 large-9\"  >\n\t\t\t\t<div class=\"col-inner text-right\"  >\n\t\t\t\n\t\t\t\n\n<a href=\"\/speleoazores-home\" target=\"_self\" class=\"button alert is-underline lowercase\"  >\n    <span>in\u00edcio<\/span>\n  <\/a>\n\n\n<a href=\"\/espeleoazores\/speleoazores-atividades\" target=\"_self\" class=\"button alert is-underline lowercase\"  >\n    <span>atividades<\/span>\n  <\/a>\n\n\n<a href=\"\/espeleoazores\/publicacoes\" target=\"_self\" class=\"button alert is-underline lowercase\"  >\n    <span>publica\u00e7\u00f5es\/\/arquivo\/\/links<\/span>\n  <\/a>\n\n\n<a href=\"\/espeleoazores\/quem\" target=\"_self\" class=\"button alert is-underline lowercase\"  >\n    <span>quem somos<\/span>\n  <\/a>\n\n\n\n\t\t<\/div>\n\t\t\t\t\t<\/div>\n\n\t\n\n<\/div>\n\t<section class=\"section\" id=\"section_1175749686\">\n\t\t<div class=\"bg section-bg fill bg-fill  \" >\n\n\t\t\t\n\t\t\t\n\t\t\t\n\n\t\t<\/div>\n\n\t\t\n\n\t\t<div class=\"section-content relative\">\n\t\t\t\n\n<div class=\"row align-equal align-center row-dashed\"  id=\"row-873587969\">\n\n\n\t<div id=\"col-1315371032\" class=\"col small-12 large-12\"  >\n\t\t\t\t<div class=\"col-inner text-center\"  >\n\t\t\t\n\t\t\t\n\n<a href=\"\/speleoazores\/cavidades-vulcanicas\" target=\"_self\" class=\"button white is-underline\"  >\n    <span>Cavidades Vulc\u00e2nicas<\/span>\n  <\/a>\n\n\n<a href=\"\/speleoazores\/speleoazores-algar-carvao\/\" target=\"_self\" class=\"button success is-underline\"  >\n    <span>Cavidades abertas ao p\u00fablico<\/span>\n  <\/a>\n\n\n<a href=\"\/speleoazores\/ipea-faial\/\" target=\"_self\" class=\"button white is-underline lowercase\"  >\n    <span>IPEA<\/span>\n  <\/a>\n\n\n<a href=\"\/espeleoazores\/glossario\" target=\"_self\" class=\"button white is-underline\"  >\n    <span>gloss\u00e1rio<\/span>\n  <\/a>\n\n\n\n\t\t<\/div>\n\t\t\t\t\t<\/div>\n\n\t\n\n<\/div>\n\n\t\t<\/div>\n\n\t\t\n<style>\n#section_1175749686 {\n  padding-top: 0px;\n  padding-bottom: 0px;\n  min-height: 59px;\n  background-color: rgb(245, 245, 245);\n}\n#section_1175749686 .section-bg.bg-loaded {\n  background-image: url(https:\/\/www.montanheiros.com\/wp-content\/uploads\/2019\/05\/big5_1543850268.jpg);\n}\n#section_1175749686 .ux-shape-divider--top svg {\n  height: 150px;\n  --divider-top-width: 100%;\n}\n#section_1175749686 .ux-shape-divider--bottom svg {\n  height: 150px;\n  --divider-width: 100%;\n}\n<\/style>\n\t<\/section>\n\t\n\t<div id=\"gap-1843103655\" class=\"gap-element clearfix\" style=\"display:block; height:auto;\">\n\t\t\n<style>\n#gap-1843103655 {\n  padding-top: 30px;\n}\n<\/style>\n\t<\/div>\n\t\n\n<div class=\"row\"  id=\"row-1351526441\">\n\n\n\t<div id=\"col-1086141183\" class=\"col small-12 large-12\"  >\n\t\t\t\t<div class=\"col-inner text-center\"  >\n\t\t\t\n\t\t\t\n\n<a href=\"\/speleoazores\/speleoazores-algar-carvao\/\" target=\"_self\" class=\"button alert is-underline lowercase\"  >\n    <span>Algar do Carv\u00e3o<\/span>\n  <\/a>\n\n\n<a href=\"\/speleoazores\/speleoazores-furna-enxofre\" target=\"_self\" class=\"button success is-underline lowercase\"  >\n    <span>Caldeira da Graciosa e Furna do Enxofre<\/span>\n  <\/a>\n\n\n<a href=\"\/espeleoazores\/speleoazores-furna-dagua\" target=\"_self\" class=\"button alert is-underline lowercase\"  >\n    <span>Furna d'\u00c1gua<\/span>\n  <\/a>\n\n\n<a href=\"\/speleoazores\/speleoazores-gruta-carvao\" target=\"_self\" class=\"button alert is-underline lowercase\"  >\n    <span>Gruta do Carv\u00e3o<\/span>\n  <\/a>\n\n\n<a href=\"\/espeleoazores\/speleoazores-gruta-torres\" target=\"_self\" class=\"button alert is-underline lowercase\"  >\n    <span>Gruta das Torres<\/span>\n  <\/a>\n\n\n<a href=\"\/espeleoazores\/speleoazores-gruta-natal\" target=\"_self\" class=\"button alert is-underline lowercase\"  >\n    <span>Gruta do Natal<\/span>\n  <\/a>\n\n\n\n\t\t<\/div>\n\t\t\t\t\t<\/div>\n\n\t\n\n<\/div>\n<div class=\"container section-title-container\" ><h3 class=\"section-title section-title-center\"><b><\/b><span class=\"section-title-main\" style=\"color:rgb(0, 0, 0);\">Caldeira da Graciosa e Furna do Enxofre<\/span><b><\/b><\/h3><\/div>\n\n<div class=\"row\"  id=\"row-465432145\">\n\n\n\t<div id=\"col-676837736\" class=\"col medium-10 small-12 large-10\"  >\n\t\t\t\t<div class=\"col-inner\"  >\n\t\t\t\n\t\t\t\n\n<p>A ilha da Graciosa (61 km2) caracteriza-se, do ponto de vista morfovulc\u00e2nico, por duas regi\u00f5es principiais: 1) o Vulc\u00e3o da Caldeira, o mais pequeno vulc\u00e3o poligen\u00e9tico dos A\u00e7ores (~2 km3), que ocupa a parte sudeste da ilha e 2) a Plataforma NW, uma regi\u00e3o de natureza bas\u00e1ltica s.l. (~40 km2) constitu\u00edda por cerca de 55 cones monogen\u00e9ticos (e.g. cones de esc\u00f3rias) e pelas escoadas l\u00e1vicas associadas. O Vulc\u00e3o da Caldeira apresenta um di\u00e2metro basal de aproximadamente 4,4 km, uma altitude m\u00e1xima de 302 m e possui uma depress\u00e3o el\u00edptica no seu topo, com 1,6 x 0,8 km de di\u00e2metro. Trata-se de uma caldeira de subsid\u00eancia, associada a erup\u00e7\u00f5es siliciosas explosivas (do tipo pliniano), que se ter\u00e1 originado h\u00e1 cerca de 12 200 anos B.P.<\/p>\n\n\t\t<\/div>\n\t\t\t\t\t<\/div>\n\n\t\n\n\t<div id=\"col-1069655763\" class=\"col medium-2 small-12 large-2\"  >\n\t\t\t\t<div class=\"col-inner\"  >\n\t\t\t\n\t\t\t\n\n\t<div class=\"img has-hover x md-x lg-x y md-y lg-y\" id=\"image_1296949844\">\n\t\t\t\t\t\t\t\t<div class=\"img-inner dark\" >\n\t\t\t<img loading=\"lazy\" decoding=\"async\" width=\"175\" height=\"143\" src=\"https:\/\/www.montanheiros.com\/wp-content\/uploads\/2019\/05\/GRACIOSA_caldeira_furna.gif\" class=\"attachment-large size-large\" alt=\"\" \/>\t\t\t\t\t\t\n\t\t\t\t\t<\/div>\n\t\t\t\t\t\t\t\t\n<style>\n#image_1296949844 {\n  width: 100%;\n}\n<\/style>\n\t<\/div>\n\t\n\n\n\t\t<\/div>\n\t\t\t\t\t<\/div>\n\n\t\n\n<\/div>\n<div class=\"row row-dashed\"  id=\"row-948738452\">\n\n\n\t<div id=\"col-1383990349\" class=\"col medium-4 small-12 large-4\"  >\n\t\t\t\t<div class=\"col-inner\"  >\n\t\t\t\n\t\t\t\n\n\t<div class=\"img has-hover x md-x lg-x y md-y lg-y\" id=\"image_1585126131\">\n\t\t\t\t\t\t\t\t<div class=\"img-inner dark\" >\n\t\t\t<img loading=\"lazy\" decoding=\"async\" width=\"350\" height=\"546\" src=\"https:\/\/www.montanheiros.com\/wp-content\/uploads\/2019\/05\/furna_enxofre.jpg\" class=\"attachment-large size-large\" alt=\"\" srcset=\"https:\/\/www.montanheiros.com\/wp-content\/uploads\/2019\/05\/furna_enxofre.jpg 350w, https:\/\/www.montanheiros.com\/wp-content\/uploads\/2019\/05\/furna_enxofre-256x400.jpg 256w\" sizes=\"auto, (max-width: 350px) 100vw, 350px\" \/>\t\t\t\t\t\t\n\t\t\t\t\t<\/div>\n\t\t\t\t\t\t\t\t\n<style>\n#image_1585126131 {\n  width: 100%;\n}\n<\/style>\n\t<\/div>\n\t\n\n<p><a href=\"\/wp-content\/uploads\/2019\/05\/lei_caldeira-da-graciosa.pdf\">Decreto Legislativo Regional n.\u00ba 24\/2004\/A<\/a><br>\nConsiderando que a caldeira da ilha Graciosa consiste numa estrutura geol\u00f3gica de elevado interesse, encontrando- se no seu interior a furna do Enxofre, uma cavidade vulc\u00e2nica que se situa entre aquelas onde as necessidades de protec\u00e7\u00e3o, preserva\u00e7\u00e3o e de partilha dos valores biol\u00f3gicos, est\u00e9ticos, cient\u00edficos e culturais mais se fazem sentir;<\/p>\n<hr>\n\n\t\t<\/div>\n\t\t\t\t\t<\/div>\n\n\t\n\n\t<div id=\"col-981907415\" class=\"col medium-8 small-12 large-8\"  >\n\t\t\t\t<div class=\"col-inner\"  >\n\t\t\t\n\t\t\t\n\n<p>No interior da caldeira, de vertentes abruptas e escarpadas e alongada segundo uma direc\u00e7\u00e3o geral NW-SE, existem dois centros eruptivos e uma imponente estrutura subterr\u00e2nea: a Furna do Enxofre, verdadeiro ex-libris da Ilha Graciosa.<br>A Furna do Enxofre \u00e9 uma imponente caverna l\u00e1vica, com um comprimento m\u00e1ximo de 194 m e cerca de 40 m de altura na parte central, que se caracteriza por apresentar um tecto em ab\u00f3bada perfeita. Localizada na parte SE da Caldeira da Graciosa, esta estrutura subterr\u00e2nea comunica com o exterior atrav\u00e9s de duas fendas dispostas ao longo de uma direc\u00e7\u00e3o geral noroeste-sudeste.<\/p>\n<p>O acesso ao seu interior faz-se atrav\u00e9s de uma torre com cerca de 37 m de altura e uma escadaria em caracol com 183 degraus, edificada no in\u00edcio do s\u00e9culo XX. N\u00e3o obstante, a Furna do Enxofre foi explorada no s\u00e9culo XIX por visitantes ilustres, como o Pr\u00edncipe Alberto do M\u00f3naco e os naturalistas Fouqu\u00e9 e Hartung.<\/p>\n<p>A Furna do Enxofre \u00e9 considerada \u00fanica no panorama vulcano-espeleol\u00f3gico internacional e a sua g\u00e9nese est\u00e1 associada a uma importante fase efusiva intracaldeira, do tipo havaiano, que envolveu a forma\u00e7\u00e3o de um lago de lava. Na fase final desta erup\u00e7\u00e3o havaiana, a lava existente no interior da caldeira, ainda fluida, foi drenada ao longo da conduta principal do vulc\u00e3o, precisamente pela zona onde se encontra actualmente esta cavidade.<\/p>\n<p>No interior da cavidade vulc\u00e2nica, para al\u00e9m de um lago de \u00e1gua fria, existe um importante campo de desgaseifica\u00e7\u00e3o, constitu\u00eddo por uma fumarola com lama e por emana\u00e7\u00f5es gasosas difusas de di\u00f3xido de carbono, que se libertam imperceptivelmente em diversas \u00e1reas do ch\u00e3o da gruta. Em determinadas condi\u00e7\u00f5es ambientais a concentra\u00e7\u00e3o de di\u00f3xido de carbono no ar atmosf\u00e9rico pode atingir valores superiores aos admiss\u00edveis em termos de sa\u00fade p\u00fablica, facto pelo qual o local \u00e9 monitorizado em cont\u00ednuo.<\/p>\n\n\t\t<\/div>\n\t\t\t\t\t<\/div>\n\n\t\n\n<\/div>\n","protected":false},"excerpt":{"rendered":"<p>in\u00edcio atividades publica\u00e7\u00f5es\/\/arquivo\/\/links quem somos Cavidades Vulc\u00e2nicas Cavidades abertas ao p\u00fablico IPEA gloss\u00e1rio Algar do Carv\u00e3o Caldeira da Graciosa e Furna do Enxofre Furna d&#8217;\u00c1gua Gruta do Carv\u00e3o Gruta das Torres Gruta do Natal Caldeira da Graciosa e Furna do Enxofre A ilha da Graciosa (61 km2) caracteriza-se, do ponto de vista morfovulc\u00e2nico, por duas [&#8230;]\n","protected":false},"author":1,"featured_media":0,"parent":7485,"menu_order":3,"comment_status":"closed","ping_status":"closed","template":"page-single-page-nav.php","meta":{"jetpack_post_was_ever_published":false,"footnotes":""},"class_list":["post-7816","page","type-page","status-publish","hentry"],"jetpack_sharing_enabled":true,"jetpack_shortlink":"https:\/\/wp.me\/PaT0CI-224","_links":{"self":[{"href":"https:\/\/www.montanheiros.com\/en\/wp-json\/wp\/v2\/pages\/7816","targetHints":{"allow":["GET"]}}],"collection":[{"href":"https:\/\/www.montanheiros.com\/en\/wp-json\/wp\/v2\/pages"}],"about":[{"href":"https:\/\/www.montanheiros.com\/en\/wp-json\/wp\/v2\/types\/page"}],"author":[{"embeddable":true,"href":"https:\/\/www.montanheiros.com\/en\/wp-json\/wp\/v2\/users\/1"}],"replies":[{"embeddable":true,"href":"https:\/\/www.montanheiros.com\/en\/wp-json\/wp\/v2\/comments?post=7816"}],"version-history":[{"count":13,"href":"https:\/\/www.montanheiros.com\/en\/wp-json\/wp\/v2\/pages\/7816\/revisions"}],"predecessor-version":[{"id":12180,"href":"https:\/\/www.montanheiros.com\/en\/wp-json\/wp\/v2\/pages\/7816\/revisions\/12180"}],"up":[{"embeddable":true,"href":"https:\/\/www.montanheiros.com\/en\/wp-json\/wp\/v2\/pages\/7485"}],"wp:attachment":[{"href":"https:\/\/www.montanheiros.com\/en\/wp-json\/wp\/v2\/media?parent=7816"}],"curies":[{"name":"wp","href":"https:\/\/api.w.org\/{rel}","templated":true}]}}