{"id":7827,"date":"2019-05-17T21:08:35","date_gmt":"2019-05-17T21:08:35","guid":{"rendered":"http:\/\/montanheiros.cecilia-designs.com\/?page_id=7827"},"modified":"2019-12-03T13:49:56","modified_gmt":"2019-12-03T13:49:56","slug":"speleoazores-furna-dagua","status":"publish","type":"page","link":"https:\/\/www.montanheiros.com\/en\/speleoazores-home\/speleoazores-furna-dagua\/","title":{"rendered":"Cavidades Abertas ao P\u00fablico | Furna d'\u00c1gua"},"content":{"rendered":"\n<div class=\"row\"  id=\"row-1785593691\">\n\n\n\t<div id=\"col-1171328824\" class=\"col medium-3 small-6 large-3\"  >\n\t\t\t\t<div class=\"col-inner\"  >\n\t\t\t\n\t\t\t\n\n\t<div class=\"img has-hover x md-x lg-x y md-y lg-y\" id=\"image_1931986625\">\n\t\t<a class=\"\" href=\"\/speleoazores-home\"  >\t\t\t\t\t\t<div class=\"img-inner dark\" style=\"margin:11px 0px 0px 0px;\">\n\t\t\t<img loading=\"lazy\" decoding=\"async\" width=\"320\" height=\"113\" src=\"https:\/\/www.montanheiros.com\/wp-content\/uploads\/2019\/05\/logo_gespea.png\" class=\"attachment-large size-large\" alt=\"\" \/>\t\t\t\t\t\t\n\t\t\t\t\t<\/div>\n\t\t\t\t\t\t<\/a>\t\t\n<style>\n#image_1931986625 {\n  width: 100%;\n}\n<\/style>\n\t<\/div>\n\t\n\n\n\t\t<\/div>\n\t\t\t\t\t<\/div>\n\n\t\n\n\t<div id=\"col-762420555\" class=\"col medium-9 small-12 large-9\"  >\n\t\t\t\t<div class=\"col-inner text-right\"  >\n\t\t\t\n\t\t\t\n\n<a href=\"\/speleoazores-home\" target=\"_self\" class=\"button alert is-underline lowercase\"  >\n    <span>in\u00edcio<\/span>\n  <\/a>\n\n\n<a href=\"\/espeleoazores\/speleoazores-atividades\" target=\"_self\" class=\"button alert is-underline lowercase\"  >\n    <span>atividades<\/span>\n  <\/a>\n\n\n<a href=\"\/espeleoazores\/publicacoes\" target=\"_self\" class=\"button alert is-underline lowercase\"  >\n    <span>publica\u00e7\u00f5es\/\/arquivo\/\/links<\/span>\n  <\/a>\n\n\n<a href=\"\/espeleoazores\/quem\" target=\"_self\" class=\"button alert is-underline lowercase\"  >\n    <span>quem somos<\/span>\n  <\/a>\n\n\n\n\t\t<\/div>\n\t\t\t\t\t<\/div>\n\n\t\n\n<\/div>\n\t<section class=\"section\" id=\"section_100783362\">\n\t\t<div class=\"bg section-bg fill bg-fill  \" >\n\n\t\t\t\n\t\t\t\n\t\t\t\n\n\t\t<\/div>\n\n\t\t\n\n\t\t<div class=\"section-content relative\">\n\t\t\t\n\n<div class=\"row align-equal align-center row-dashed\"  id=\"row-1878934328\">\n\n\n\t<div id=\"col-372388689\" class=\"col small-12 large-12\"  >\n\t\t\t\t<div class=\"col-inner text-center\"  >\n\t\t\t\n\t\t\t\n\n<a href=\"\/speleoazores\/speleoazores-cavidades-vulcanicas\" target=\"_self\" class=\"button white is-underline\"  >\n    <span>Cavidades Vulc\u00e2nicas<\/span>\n  <\/a>\n\n\n<a href=\"\/speleoazores\/speleoazores-algar-carvao\/\" target=\"_self\" class=\"button success is-underline\"  >\n    <span>Cavidades abertas ao p\u00fablico<\/span>\n  <\/a>\n\n\n<a href=\"\/speleoazores\/ipea-faial\/\" target=\"_self\" class=\"button white is-underline lowercase\"  >\n    <span>IPEA<\/span>\n  <\/a>\n\n\n<a href=\"\/espeleoazores\/glossario\" target=\"_self\" class=\"button white is-underline\"  >\n    <span>gloss\u00e1rio<\/span>\n  <\/a>\n\n\n\n\t\t<\/div>\n\t\t\t\t\t<\/div>\n\n\t\n\n<\/div>\n\n\t\t<\/div>\n\n\t\t\n<style>\n#section_100783362 {\n  padding-top: 0px;\n  padding-bottom: 0px;\n  min-height: 59px;\n  background-color: rgb(245, 245, 245);\n}\n#section_100783362 .section-bg.bg-loaded {\n  background-image: url(https:\/\/www.montanheiros.com\/wp-content\/uploads\/2019\/05\/big5_1543850268.jpg);\n}\n#section_100783362 .ux-shape-divider--top svg {\n  height: 150px;\n  --divider-top-width: 100%;\n}\n#section_100783362 .ux-shape-divider--bottom svg {\n  height: 150px;\n  --divider-width: 100%;\n}\n<\/style>\n\t<\/section>\n\t\n\t<div id=\"gap-2116362530\" class=\"gap-element clearfix\" style=\"display:block; height:auto;\">\n\t\t\n<style>\n#gap-2116362530 {\n  padding-top: 30px;\n}\n<\/style>\n\t<\/div>\n\t\n\n<div class=\"row\"  id=\"row-272170838\">\n\n\n\t<div id=\"col-1384909947\" class=\"col small-12 large-12\"  >\n\t\t\t\t<div class=\"col-inner text-center\"  >\n\t\t\t\n\t\t\t\n\n<a href=\"\/speleoazores\/speleoazores-algar-carvao\/\" target=\"_self\" class=\"button alert is-underline lowercase\"  >\n    <span>Algar do Carv\u00e3o<\/span>\n  <\/a>\n\n\n<a href=\"\/speleoazores\/speleoazores-furna-enxofre\" target=\"_self\" class=\"button alert is-underline lowercase\"  >\n    <span>Caldeira da Graciosa e Furna do Enxofre<\/span>\n  <\/a>\n\n\n<a href=\"\/espeleoazores\/speleoazores-furna-dagua\" target=\"_self\" class=\"button success is-underline lowercase\"  >\n    <span>Furna d'\u00c1gua<\/span>\n  <\/a>\n\n\n<a href=\"\/speleoazores\/speleoazores-gruta-carvao\" target=\"_self\" class=\"button alert is-underline lowercase\"  >\n    <span>Gruta do Carv\u00e3o<\/span>\n  <\/a>\n\n\n<a href=\"\/espeleoazores\/speleoazores-gruta-torres\" target=\"_self\" class=\"button alert is-underline lowercase\"  >\n    <span>Gruta das Torres<\/span>\n  <\/a>\n\n\n<a href=\"\/espeleoazores\/speleoazores-gruta-natal\" target=\"_self\" class=\"button alert is-underline lowercase\"  >\n    <span>Gruta do Natal<\/span>\n  <\/a>\n\n\n\n\t\t<\/div>\n\t\t\t\t\t<\/div>\n\n\t\n\n<\/div>\n<div class=\"container section-title-container\" ><h3 class=\"section-title section-title-center\"><b><\/b><span class=\"section-title-main\" style=\"color:rgb(0, 0, 0);\">Furna d'\u00c1gua<\/span><b><\/b><\/h3><\/div>\n\n<div class=\"row row-dashed\"  id=\"row-2069344527\">\n\n\n\t<div id=\"col-2115554311\" class=\"col medium-10 small-12 large-10\"  >\n\t\t\t\t<div class=\"col-inner\"  >\n\t\t\t\n\t\t\t\n\n<p align=\"left\"><strong>Situa\u00e7\u00e3o<\/strong><\/p>\n<p align=\"left\">A Furna d&#8217;\u00c1gua \u00e9 uma gruta de origem vulc\u00e2nica, situada no lado Oeste da Caldeira Guilherme Moniz, entre o Pico Espig\u00e3o Barreiro e o Pico da Cruz, passando por debaixo da estrada que liga a Via R\u00e1pida Angra-Cabo da Praia ao Cabrito. As suas coordenadas U.T.M. s\u00e3o 4843\/42845, ficando as suas entradas na proximidade da grande lagoa artificial situada ao Cabrito, a cerce de 1.300 metros do entroncamento com a Via R\u00e1pida.<\/p>\n<p align=\"left\"><strong>Hist\u00f3ria<\/strong><\/p>\n<p align=\"left\">A Furna d&#8217;\u00c1gua deve o seu nome \u00e0 existencia de abund\u00e2ncia de fontes de \u00e1gua no seu interior, as quais j\u00e1 eram conhecidas em 1838. Nessa altura, a ent\u00e3o edilidade da vila de S\u00e3o Sebasti\u00e3o, dirigida por Francisco Ferreira Drumond, fez vistorias \u00e0 Furna do Cabrito \u00e0 Furna d&#8217;\u00c1gua com vista ao aproveitamento das suas \u00e1guas. <br>Segundo o auto dessas vistorias foi decidido pela capta\u00e7\u00e3o e condu\u00e7\u00e3o das \u00e1guas da Furna do Cabrito, mas n\u00e3o da Furna d&#8217;\u00c1gua. Pois a capta\u00e7\u00e3o e condu\u00e7\u00e3o das suas \u00e1guas era dificil. A C\u00e2mara Municipal de Angra do Hero\u00eesmo, considerou em 1945 a possibilidade da capta\u00e7\u00e3o dessas \u00e1guas, mas o projecto parece que n\u00e3o foi por diante.<br>Em 1867, Frank Fouqu\u00e9, em visita \u00e0 ilha Terceira para estudar a erup\u00e7\u00e3o submarina da Serreta, descreve um t\u00fanel de lava \u00e0 entrada da Caldeira Guilherme Moniz, considerando-o como um dos mais bonitos por ele visitado. Pela sua descri\u00e7\u00e3o parece tratar-se da Furna d&#8217;\u00c1gua.<br>S\u00f3 em 1 de Setembro de 1953, a ent\u00e3o Junta Geral, deu inicio \u00e0s obras de capta\u00e7\u00e3o das \u00e1guas da Furna d&#8217;\u00c1gua e retoma da capta\u00e7\u00e3o das \u00e1guas da Furna do Cabrito.<br>Para al\u00e9m do abastecimento h\u00eddrico p\u00fablico, essas \u00e1guas serviam para mover as centrais hidorel\u00e9tricas da Nasce \u00c1gua, S. Jo\u00e3o de Deus e Jardim Duque da Terceira, as quais ainda funcionam quando h\u00e1 excedentes.<br>Actualmente s\u00e3o os Servi\u00e7os Municipalizados de Angra do Hero\u00eesmo que fazem a manuten\u00e7\u00e3o e explora\u00e7\u00e3o de ambas as grutas, sendo a \u00e1gua usada essencialmente para abastecimento p\u00fablico. Estas duas grutas constituem a maior fonte de \u00e1gua da Ilha Terceira.<\/p>\n<p align=\"left\"><strong>Descri\u00e7\u00e3o<\/strong><\/p>\n<p align=\"left\">A gruta tem actualmente 560 metros, incluindo os t\u00faneis abertos pelo homem. Tirando estes, calcula-se que o comprimento original da gruta fosse de 458 metros.<br>A gruta possui tr\u00eas ramifica\u00e7\u00f5es para a sua direita, tendo a primeira 97 metros de comprimento, sendo os seus \u00faltimos 37 metros artificiais. \u00c9 no extremo deste t\u00fanel artificial que se que se localiza a actual entrada da gruta.<br>As restantes ramifica\u00e7\u00f5es possuem 28 e 54 metros respectivamente.<br>A largura da gruta varia entre os 9,5 metros e os 0,5, sendo a sua altura m\u00e1xima de 9 metros.<\/p>\n<p align=\"left\"><strong>Morfog\u00e9nese<\/strong><\/p>\n<p align=\"left\">A gruta formou-se no derrame de lava que transbordou da Caldeira Guilherme Moniz em direc\u00e7\u00e3o \u00e1 freguesia da Feteira. Julga-se que isso sucedeu h\u00e1 2.000 anos. Trata-se do t\u00fanel oco deixado ap\u00f3s a passagem da \u00faltima escoada l\u00e1vica. Durante a sua g\u00e9nese parece ter havido estrangulamento da corrente de lava, correspondente ao inicio da gruta, que separou esta da Gruta dos Ratos. Apesar das muitas obras j\u00e1 decorridas no seu interior, \u00e9 ainda possivel observar sinais de bancadas de lava, estalactites de refus\u00e3o, lava do tipo &#8220;p\u00e3o de milho&#8221; (na \u00faltima sala da gruta) e lava <em>aa<\/em> (crista central do ch\u00e3o da gruta). Chama-se \u00e0 aten\u00e7\u00e3o de que partes da gruta foram submetidas a explos\u00f5es, com consequente destrui\u00e7\u00e3o das suas paredes, tecto e pavimentos originais para passagem das condutas de \u00e1gua existentes no seu interior.<\/p>\n\n\t\t<\/div>\n\t\t\t\t\t<\/div>\n\n\t\n\n\t<div id=\"col-118269415\" class=\"col medium-2 small-12 large-2\"  >\n\t\t\t\t<div class=\"col-inner\"  >\n\t\t\t\n\t\t\t\n\n\t<div class=\"img has-hover x md-x lg-x y md-y lg-y\" id=\"image_382960474\">\n\t\t\t\t\t\t\t\t<div class=\"img-inner dark\" >\n\t\t\t<img loading=\"lazy\" decoding=\"async\" width=\"175\" height=\"143\" src=\"https:\/\/www.montanheiros.com\/wp-content\/uploads\/2019\/05\/TERCEIRA_furna_agua.gif\" class=\"attachment-large size-large\" alt=\"\" \/>\t\t\t\t\t\t\n\t\t\t\t\t<\/div>\n\t\t\t\t\t\t\t\t\n<style>\n#image_382960474 {\n  width: 100%;\n}\n<\/style>\n\t<\/div>\n\t\n\n\n\t\t<\/div>\n\t\t\t\t\t<\/div>\n\n\t\n\n<\/div>\n","protected":false},"excerpt":{"rendered":"<p>in\u00edcio atividades publica\u00e7\u00f5es\/\/arquivo\/\/links quem somos Cavidades Vulc\u00e2nicas Cavidades abertas ao p\u00fablico IPEA gloss\u00e1rio Algar do Carv\u00e3o Caldeira da Graciosa e Furna do Enxofre Furna d&#8217;\u00c1gua Gruta do Carv\u00e3o Gruta das Torres Gruta do Natal Furna d&#8217;\u00c1gua Situa\u00e7\u00e3o A Furna d&#8217;\u00c1gua \u00e9 uma gruta de origem vulc\u00e2nica, situada no lado Oeste da Caldeira Guilherme Moniz, entre [&#8230;]\n","protected":false},"author":1,"featured_media":0,"parent":7485,"menu_order":3,"comment_status":"closed","ping_status":"closed","template":"page-single-page-nav.php","meta":{"jetpack_post_was_ever_published":false,"footnotes":""},"class_list":["post-7827","page","type-page","status-publish","hentry"],"jetpack_sharing_enabled":true,"jetpack_shortlink":"https:\/\/wp.me\/PaT0CI-22f","_links":{"self":[{"href":"https:\/\/www.montanheiros.com\/en\/wp-json\/wp\/v2\/pages\/7827","targetHints":{"allow":["GET"]}}],"collection":[{"href":"https:\/\/www.montanheiros.com\/en\/wp-json\/wp\/v2\/pages"}],"about":[{"href":"https:\/\/www.montanheiros.com\/en\/wp-json\/wp\/v2\/types\/page"}],"author":[{"embeddable":true,"href":"https:\/\/www.montanheiros.com\/en\/wp-json\/wp\/v2\/users\/1"}],"replies":[{"embeddable":true,"href":"https:\/\/www.montanheiros.com\/en\/wp-json\/wp\/v2\/comments?post=7827"}],"version-history":[{"count":15,"href":"https:\/\/www.montanheiros.com\/en\/wp-json\/wp\/v2\/pages\/7827\/revisions"}],"predecessor-version":[{"id":12178,"href":"https:\/\/www.montanheiros.com\/en\/wp-json\/wp\/v2\/pages\/7827\/revisions\/12178"}],"up":[{"embeddable":true,"href":"https:\/\/www.montanheiros.com\/en\/wp-json\/wp\/v2\/pages\/7485"}],"wp:attachment":[{"href":"https:\/\/www.montanheiros.com\/en\/wp-json\/wp\/v2\/media?parent=7827"}],"curies":[{"name":"wp","href":"https:\/\/api.w.org\/{rel}","templated":true}]}}