{"id":7832,"date":"2019-05-17T21:28:49","date_gmt":"2019-05-17T21:28:49","guid":{"rendered":"http:\/\/montanheiros.cecilia-designs.com\/?page_id=7832"},"modified":"2019-12-03T13:55:30","modified_gmt":"2019-12-03T13:55:30","slug":"speleoazores-gruta-carvao","status":"publish","type":"page","link":"https:\/\/www.montanheiros.com\/en\/speleoazores-home\/speleoazores-gruta-carvao\/","title":{"rendered":"Cavidades Abertas ao P\u00fablico | Gruta da Carv\u00e3o"},"content":{"rendered":"\n<div class=\"row\"  id=\"row-1023256592\">\n\n\n\t<div id=\"col-1550904353\" class=\"col medium-3 small-6 large-3\"  >\n\t\t\t\t<div class=\"col-inner\"  >\n\t\t\t\n\t\t\t\n\n\t<div class=\"img has-hover x md-x lg-x y md-y lg-y\" id=\"image_1911267487\">\n\t\t<a class=\"\" href=\"\/speleoazores\"  >\t\t\t\t\t\t<div class=\"img-inner dark\" style=\"margin:11px 0px 0px 0px;\">\n\t\t\t<img loading=\"lazy\" decoding=\"async\" width=\"320\" height=\"113\" src=\"https:\/\/www.montanheiros.com\/wp-content\/uploads\/2019\/05\/logo_gespea.png\" class=\"attachment-large size-large\" alt=\"\" \/>\t\t\t\t\t\t\n\t\t\t\t\t<\/div>\n\t\t\t\t\t\t<\/a>\t\t\n<style>\n#image_1911267487 {\n  width: 100%;\n}\n<\/style>\n\t<\/div>\n\t\n\n\n\t\t<\/div>\n\t\t\t\t\t<\/div>\n\n\t\n\n\t<div id=\"col-1349458189\" class=\"col medium-9 small-12 large-9\"  >\n\t\t\t\t<div class=\"col-inner text-right\"  >\n\t\t\t\n\t\t\t\n\n<a href=\"\/speleoazores-home\" target=\"_self\" class=\"button alert is-underline lowercase\"  >\n    <span>in\u00edcio<\/span>\n  <\/a>\n\n\n<a href=\"\/espeleoazores\/speleoazores-atividades\" target=\"_self\" class=\"button alert is-underline lowercase\"  >\n    <span>atividades<\/span>\n  <\/a>\n\n\n<a href=\"\/espeleoazores\/publicacoes\" target=\"_self\" class=\"button alert is-underline lowercase\"  >\n    <span>publica\u00e7\u00f5es\/\/arquivo\/\/links<\/span>\n  <\/a>\n\n\n<a href=\"\/espeleoazores\/quem\" target=\"_self\" class=\"button alert is-underline lowercase\"  >\n    <span>quem somos<\/span>\n  <\/a>\n\n\n\n\t\t<\/div>\n\t\t\t\t\t<\/div>\n\n\t\n\n<\/div>\n\t<section class=\"section\" id=\"section_1949057573\">\n\t\t<div class=\"bg section-bg fill bg-fill  \" >\n\n\t\t\t\n\t\t\t\n\t\t\t\n\n\t\t<\/div>\n\n\t\t\n\n\t\t<div class=\"section-content relative\">\n\t\t\t\n\n<div class=\"row align-equal align-center row-dashed\"  id=\"row-2072200555\">\n\n\n\t<div id=\"col-1993088609\" class=\"col small-12 large-12\"  >\n\t\t\t\t<div class=\"col-inner text-center\"  >\n\t\t\t\n\t\t\t\n\n<a href=\"\/speleoazores\/cavidades-vulcanicas\" target=\"_self\" class=\"button white is-underline\"  >\n    <span>Cavidades Vulc\u00e2nicas<\/span>\n  <\/a>\n\n\n<a href=\"\/speleoazores\/speleoazores-algar-carvao\/\" target=\"_self\" class=\"button success is-underline\"  >\n    <span>Cavidades abertas ao p\u00fablico<\/span>\n  <\/a>\n\n\n<a href=\"http:\/\/speleoazores\/ipea-faial\/\" target=\"_self\" class=\"button white is-underline lowercase\"  >\n    <span>IPEA<\/span>\n  <\/a>\n\n\n<a href=\"\/espeleoazores\/glossario\" target=\"_self\" class=\"button white is-underline\"  >\n    <span>gloss\u00e1rio<\/span>\n  <\/a>\n\n\n\n\t\t<\/div>\n\t\t\t\t\t<\/div>\n\n\t\n\n<\/div>\n\n\t\t<\/div>\n\n\t\t\n<style>\n#section_1949057573 {\n  padding-top: 0px;\n  padding-bottom: 0px;\n  min-height: 59px;\n  background-color: rgb(245, 245, 245);\n}\n#section_1949057573 .section-bg.bg-loaded {\n  background-image: url(https:\/\/www.montanheiros.com\/wp-content\/uploads\/2019\/05\/big5_1543850268.jpg);\n}\n#section_1949057573 .ux-shape-divider--top svg {\n  height: 150px;\n  --divider-top-width: 100%;\n}\n#section_1949057573 .ux-shape-divider--bottom svg {\n  height: 150px;\n  --divider-width: 100%;\n}\n<\/style>\n\t<\/section>\n\t\n\t<div id=\"gap-95000008\" class=\"gap-element clearfix\" style=\"display:block; height:auto;\">\n\t\t\n<style>\n#gap-95000008 {\n  padding-top: 30px;\n}\n<\/style>\n\t<\/div>\n\t\n\n<div class=\"row\"  id=\"row-2126194481\">\n\n\n\t<div id=\"col-1865635081\" class=\"col small-12 large-12\"  >\n\t\t\t\t<div class=\"col-inner text-center\"  >\n\t\t\t\n\t\t\t\n\n<a href=\"\/speleoazores\/speleoazores-algar-carvao\/\" target=\"_self\" class=\"button alert is-underline lowercase\"  >\n    <span>Algar do Carv\u00e3o<\/span>\n  <\/a>\n\n\n<a href=\"\/speleoazores\/speleoazores-furna-enxofre\" target=\"_self\" class=\"button alert is-underline lowercase\"  >\n    <span>Caldeira da Graciosa e Furna do Enxofre<\/span>\n  <\/a>\n\n\n<a href=\"\/espeleoazores\/speleoazores-furna-dagua\" target=\"_self\" class=\"button alert is-underline lowercase\"  >\n    <span>Furna d'\u00c1gua<\/span>\n  <\/a>\n\n\n<a href=\"\/speleoazores\/speleoazores-gruta-carvao\" target=\"_self\" class=\"button success is-underline lowercase\"  >\n    <span>Gruta do Carv\u00e3o<\/span>\n  <\/a>\n\n\n<a href=\"\/espeleoazores\/speleoazores-gruta-torres\" target=\"_self\" class=\"button alert is-underline lowercase\"  >\n    <span>Gruta das Torres<\/span>\n  <\/a>\n\n\n<a href=\"\/espeleoazores\/speleoazores-gruta-natal\" target=\"_self\" class=\"button alert is-underline lowercase\"  >\n    <span>Gruta do Natal<\/span>\n  <\/a>\n\n\n\n\t\t<\/div>\n\t\t\t\t\t<\/div>\n\n\t\n\n<\/div>\n<div class=\"container section-title-container\" ><h3 class=\"section-title section-title-center\"><b><\/b><span class=\"section-title-main\" style=\"color:rgb(0, 0, 0);\">Gruta do Carv\u00e3o<\/span><b><\/b><\/h3><\/div>\n\n<div class=\"row\"  id=\"row-877667713\">\n\n\n\t<div id=\"col-531222283\" class=\"col medium-10 small-12 large-10\"  >\n\t\t\t\t<div class=\"col-inner\"  >\n\t\t\t\n\t\t\t\n\n<p>A Gruta do Carv\u00e3o \u00e9 a cavidade vulc\u00e2nica mais conhecida da Ilha de S. Miguel.<br>No s\u00e9culo XVI foi descrita por Gaspar Fructuoso no seu livro &#8220;Saudades da Terra&#8221;: \u201cAl\u00e9m, a pouco espa\u00e7o da Fortaleza para oeste est\u00e1 uma ponta que se chama a Ponta dos Algares, porque saiem ali dois com as suas bocas, por dentro dos quais se caminha grande caminho por baixo da terra, por cujo v\u00e3o parece que correu ribeira de biscoito, em outro tempo, n\u00e3o sabido nem visto\u201d<\/p>\n\n\t\t<\/div>\n\t\t\t\t\t<\/div>\n\n\t\n\n\t<div id=\"col-1194346026\" class=\"col medium-2 small-12 large-2\"  >\n\t\t\t\t<div class=\"col-inner\"  >\n\t\t\t\n\t\t\t\n\n\t<div class=\"img has-hover x md-x lg-x y md-y lg-y\" id=\"image_468939884\">\n\t\t\t\t\t\t\t\t<div class=\"img-inner dark\" >\n\t\t\t<img loading=\"lazy\" decoding=\"async\" width=\"175\" height=\"143\" src=\"https:\/\/www.montanheiros.com\/wp-content\/uploads\/2019\/05\/SMI_gruta_do_carvao.gif\" class=\"attachment-large size-large\" alt=\"\" \/>\t\t\t\t\t\t\n\t\t\t\t\t<\/div>\n\t\t\t\t\t\t\t\t\n<style>\n#image_468939884 {\n  width: 100%;\n}\n<\/style>\n\t<\/div>\n\t\n\n\n\t\t<\/div>\n\t\t\t\t\t<\/div>\n\n\t\n\n<\/div>\n<div class=\"row row-dashed\"  id=\"row-276491905\">\n\n\n\t<div id=\"col-1796298598\" class=\"col medium-4 small-12 large-4\"  >\n\t\t\t\t<div class=\"col-inner\"  >\n\t\t\t\n\t\t\t\n\n\t<div class=\"img has-hover x md-x lg-x y md-y lg-y\" id=\"image_876291844\">\n\t\t\t\t\t\t\t\t<div class=\"img-inner dark\" >\n\t\t\t<img loading=\"lazy\" decoding=\"async\" width=\"400\" height=\"267\" src=\"https:\/\/www.montanheiros.com\/wp-content\/uploads\/2019\/05\/gruta_carvao.jpg\" class=\"attachment-large size-large\" alt=\"\" \/>\t\t\t\t\t\t\n\t\t\t\t\t<\/div>\n\t\t\t\t\t\t\t\t\n<style>\n#image_876291844 {\n  width: 100%;\n}\n<\/style>\n\t<\/div>\n\t\n\n<p><a href=\"\/wp-content\/uploads\/2019\/05\/lei_gruta-carvao.pdf\" target=\"_blank\" rel=\"noopener noreferrer\"><strong>Decreto Legislativo Regional n.\u00ba 4\/2005\/A, de 11 de Maio:<\/strong><\/a><br>Classifica como monumento natural regional a gruta do Carv\u00e3o, na ilha de S\u00e3o Miguel<\/p>\n<hr>\n\n\t\t<\/div>\n\t\t\t\t\t<\/div>\n\n\t\n\n\t<div id=\"col-933883398\" class=\"col medium-8 small-12 large-8\"  >\n\t\t\t\t<div class=\"col-inner\"  >\n\t\t\t\n\t\t\t\n\n<p align=\"left\">Em 1821, John White Webster refere a exist\u00eancia de uma gruta na zona dos Arrifes, e que corresponde ao prolongamento para montante da Gruta do Carv\u00e3o, actualmente inacess\u00edvel: <em>\u201cTendo n\u00f3s chegado a um campo, cerca de tr\u00eas a quatro milhas a noroeste de Ponta Delgada, descobrimos a entrada para as cavernas, que \u00e9 uma fenda nas rochas, que neste lugar apenas tem uns poucos de p\u00e9s de altura, e a qual \u00e9 o suficiente larga para admitir duas pessoas ombro com ombro\u201d<\/em><\/p>\n<p align=\"left\">George Hartung, em 1860, referiu-se a esta gruta, descrevendo o seu tro\u00e7o inferior: <em>\u201cgaleria subterr\u00e2nea &#8230; para a qual se desce atrav\u00e9s duma abertura existente nos terrenos de Sta. Clara, percorre uma extens\u00e3o de 810 p\u00e9s em direc\u00e7\u00e3o \u00e0 costa bifurcando-se a meio caminho\u201d<\/em><\/p>\n<p align=\"left\">A Gruta do Carv\u00e3o recebeu tamb\u00e9m a designa\u00e7\u00e3o de Gruta da Rua Formosa, de acordo com elementos fornecidos por Ernesto do Canto, em 1881: <em>\u201cNum terreno sito na rua Formosa em Ponta Delgada, existe um destes algares com alguns quil\u00f3metros de extens\u00e3o e mui digno de ser visitado\u201d<\/em><\/p>\n<p align=\"left\">Em 1886, Walter Frederic Walker, para al\u00e9m de evidenciar a exist\u00eancia do prolongamento da Gruta do Carv\u00e3o para norte da cidade de Ponta Delgada, descreve algumas estruturas da gruta:<em> \u201c&#8230; a gruta do norte &#8230; se fosse devidamente explorada provavelmente se descobriria que se juntava a outra galeria, a entrada para a qual fica situada num jardim&#8230; no Foral do Carv\u00e3o &#8230;. Pendendo daquele (tecto) v\u00eam-se agulhas de lava de todos os tamanhos parecendo como se uma s\u00fabita rajada gelada tivesse arrefecido as gotas incandescentes que caiam\u201d<\/em><\/p>\n<p align=\"left\">Emygdio da Silva, no seu livro <em>&#8220;S. Miguel em 1893&#8221;, escreve: \u201c&#8230; \u00e9 o mais not\u00e1vel dos t\u00faneis vulc\u00e2nicos dos A\u00e7ores &#8230; desemboca no mar depois de atravessar inferiormente a f\u00e1brica de alcool de Santa Clara, vinda na direc\u00e7\u00e3o norte-sul &#8230; a entrada, que fica em um terreno da Rua Formosa, propriedade do sr. dr. Caetano d&#8217;Andrade\u201d <\/em><\/p>\n\n\t\t<\/div>\n\t\t\t\t\t<\/div>\n\n\t\n\n\t<div id=\"col-1090237684\" class=\"col small-12 large-12\"  >\n\t\t\t\t<div class=\"col-inner\"  >\n\t\t\t\n\t\t\t\n\n<p align=\"left\"><strong>Aspectos Geogr\u00e1ficos e Geol\u00f3gicos<\/strong><\/p>\n<p align=\"left\">O arquip\u00e9lago dos A\u00e7ores \u00e9 uma regi\u00e3o particularmente rica em t\u00faneis l\u00e1vicos, devido, sobretudo, a uma grande abund\u00e2ncia de escoadas de natureza bas\u00e1ltica (basaltos e hawaiitos), onde s\u00e3o comuns estruturas do tipo pahoehoe, nomeadamente tubos l\u00e1vicos. Em termos gerais, estes t\u00faneis l\u00e1vicos resultam da solidifica\u00e7\u00e3o superficial de uma escoada l\u00e1vica, acompanhada de um escoamento da lava fluida do seu interior.<\/p>\n<p align=\"left\">A Gruta do Carv\u00e3o surge numa regi\u00e3o da Ilha de S. Miguel denominada geologicamente como &#8220;Complexo Vulc\u00e2nico dos Picos&#8221;, uma \u00e1rea de vulcanismo fissural recente, composta por cerca de 200 cones de esc\u00f3rias e por escoadas l\u00e1vicas de natureza bas\u00e1ltica. Esta gruta desenvolve-se numa extensa escoada l\u00e1vica bas\u00e1ltica, com orienta\u00e7\u00e3o geral sensivelmente N-S, cujo centro emissor estar\u00e1 localizado na zona central do Complexo Vulc\u00e2nico dos Picos.<\/p>\n<p align=\"left\">A Gruta do Carv\u00e3o est\u00e1 situada na zona poente da cidade de Ponta Delgada e constitui o maior t\u00fanel l\u00e1vico da Ilha de S. Miguel. Actualmente \u00e9 poss\u00edvel percorrer uma extens\u00e3o de cerca de 1250 metros desta gruta, em dois tro\u00e7os separados. O tro\u00e7o mais a sul estende-se ao longo de 700 metros, desde a Rua de Lisboa, junto aos 2 secadores da F\u00e1brica de Tabaco Micaelense, at\u00e9 ao cruzamento da Rua Pintor Domingos Rebelo (antiga Rua de Carv\u00e3o) com a Avenida Antero de Quental. A parte mais a norte desenvolve-se para noroeste dos dep\u00f3sitos de \u00e1gua da C.M.P.D., situados na Rua do Paim, em direc\u00e7\u00e3o \u00e0 Rua da Sa\u00fade, na freguesia dos Arrifes, por uma dist\u00e2ncia de cerca de 550 metros.<\/p>\n<p align=\"left\">A Gruta do Carv\u00e3o possui uma altura m\u00e9dia na ordem dos 2 a 3 metros, havendo locais onde esta ultrapassa os 5 metros. Nalguns tro\u00e7os, a gruta foi colmatada pela deposi\u00e7\u00e3o de areias e terras trazidas pelas \u00e1guas de escorr\u00eancia (com espessura m\u00e9dia de cerca de 1 metro), materiais estes que foram j\u00e1 removidos nalguns locais da gruta, permitindo assim a circula\u00e7\u00e3o em toda a extens\u00e3o deste tro\u00e7o. A largura da Gruta do Carv\u00e3o \u00e9 muito vari\u00e1vel, atingindo valores superiores a 10 metros, designadamente na conflu\u00eancia de v\u00e1rios ramos, na zona do Bairro da Miseric\u00f3rdia. O tro\u00e7o montante da gruta apresenta como principal caracter\u00edsica a exist\u00eancia, ao longo de uma extens\u00e3o de cerca de 200 metros, de dois t\u00faneis sobrepostos.<\/p>\n<p align=\"left\">Para al\u00e9m dos aspectos atr\u00e1s focados, a riqueza natural da Gruta do Carv\u00e3o reside sobretudo na grande variedade de aspectos geol\u00f3gicos, estruturas e fen\u00f3menos t\u00edpicos do vulcanismo que a\u00ed se podem observar. \u00c9 o caso de estruturas conhecidas como \u201cbolhas de g\u00e1z\u201d que correspondem a sectores da parede da gruta que \u201crebentaram\u201d sob ac\u00e7\u00e3o de gases acumulados no seu interior, ou a presen\u00e7a de fendas nas paredes e tecto da gruta, resultantes do arrefecimento da escoada l\u00e1vica.<\/p>\n<p align=\"left\">Do tecto da gruta pendem in\u00fameras estalactites, quer prim\u00e1rias (l\u00e1vicas e em geral de forma c\u00f3nica e superf\u00edcie lisa), que resultam da solidifica\u00e7\u00e3o de pingos de lava, quer secund\u00e1rias (predominantemente irregulares, de tonalidade esbranqui\u00e7ada e muito fr\u00e1geis), resultantes de fen\u00f3menos de altera\u00e7\u00e3o e deposi\u00e7\u00e3o a partir das \u00e1guas de escorr\u00eancia que se infiltraram na gruta. Estas \u00e1guas de escorr\u00eancia s\u00e3o tamb\u00e9m respons\u00e1veis por fen\u00f3menos de oxida\u00e7\u00e3o das rochas bas\u00e1lticas que formam a Gruta do Carv\u00e3o, conferindo-lhes em muitos locais tonalidades avermelhadas ou alaranjadas junto \u00e0s fendas e outros locais de infiltra\u00e7\u00e3o.<\/p>\n<p align=\"left\">Comuns a outras grutas dos A\u00e7ores e da Ilha de S. Miguel, \u00e9 a presen\u00e7a de longos tro\u00e7os de balc\u00f5es (ou bancadas) nas paredes da gruta, testemunho de antigos n\u00edveis de lava fluida que percorreram o interior do t\u00fanel. Em diversos locais, \u00e9 poss\u00edvel observar balc\u00f5es a diferentes patamares. Igualmente resultantes do fluxo da lava no interior da gruta, as estrias est\u00e3o presentes sobretudo nas zonas c\u00f4ncavas dos sectores curvil\u00edneos existentes no t\u00fanel l\u00e1vico.<\/p>\n<p align=\"left\">A presen\u00e7a de lajes, morfologias do tipo aa, lava encordoada e injec\u00e7\u00f5es de lava muito fluida em zonas mais escori\u00e1ceas (tipo clinker), s\u00e3o outras micro-estruturas vulc\u00e2nicas que se podem observar no interior da Gruta do Carv\u00e3o e que atestam da import\u00e2ncia desta cavidade no conhecimento e interpreta\u00e7\u00e3o do vulcanismo bas\u00e1ltico da Ilha de S. Miguel.<\/p>\n<p align=\"left\"><strong>Aspectos Biof\u00edsicos, Paisag\u00edsticos e S\u00f3cio-econ\u00f3micos<\/strong><\/p>\n<p align=\"left\">As grutas vulc\u00e2nicas apresentam comunidades biol\u00f3gicas adaptadas \u00e0s condi\u00e7\u00f5es particulares existentes neste tipo de estruturas. Os factores ambientais caracter\u00edsticos dos tubos l\u00e1vicos, nomeadamente a aus\u00eancia de luminosidade e a elevada humidade atmosf\u00e9rica, levam a que a ecologia cavern\u00edcola tenha um elevado interesse cient\u00edfico.<br>A Gruta do Carv\u00e3o, devido \u00e0s suas dimens\u00f5es, \u00e0s estruturas vulc\u00e2nicas que possui e \u00e0 variedade de fen\u00f3menos geol\u00f3gicos que a\u00ed podem ser observados, constitui o maior tubo l\u00e1vico da Ilha de S. Miguel e um dos mais importantes do arquip\u00e9lago.<\/p>\n<p align=\"left\">S\u00e3o de destacar, no seu tro\u00e7o mais a sul, as \u00e1reas com mais de 5 m de altura, as zonas com amplos sal\u00f5es e a presen\u00e7a de diversas microestruturas vulc\u00e2nicas, enquanto que no tro\u00e7o mais a norte evidencia-se a exist\u00eancia de dois t\u00faneis sobrepostos numa extens\u00e3o apreci\u00e1vel e de in\u00fameras estalactites l\u00e1vicas.<\/p>\n<p align=\"left\">Os mais importantes aspectos s\u00f3cio-econ\u00f3micos relacionados com a Gruta do Carv\u00e3o prendem-se com o tipo de ocupa\u00e7\u00e3o e de edifica\u00e7\u00f5es existentes \u00e0 superf\u00edcie e tamb\u00e9m com os condicionalismos que a presen\u00e7a desta estrutura imp\u00f5e ao ordenamento e planeamento urban\u00edstico.<\/p>\n<p align=\"left\">No tro\u00e7o a juzante, a gruta desenvolve-se sob os secadores da F\u00e1brica de Tabaco Micaelense, a Escola Prim\u00e1ria do Carv\u00e3o e parte das moradias do Bairro da Miseric\u00f3rdia. Entre este bairro habitacional e a Escola do Carv\u00e3o existem terrenos recentemente urbanizados, mostrando que \u00e9 poss\u00edvel compatibilizar o uso do solo com a exist\u00eancia, em profundidade, da cavidade vulc\u00e2nica. Entre a Rua de Lisboa e os terrenos da F.T.M., a gruta desenvolve-se em terrenos particulares, com moradia.<\/p>\n<p align=\"left\">O tro\u00e7o montante da gruta, que se inicia sob quintais das moradias da Rua do Paim, desenvolve-se em direc\u00e7\u00e3o \u00e0 freguesia dos Arrifes, na maioria dos casos sob terrenos de cultivo (designadamente de milho) e estufas. \u00c9 ainda conhecida a exist\u00eancia da gruta sob algumas moradias da Rua da Sa\u00fade e, sensivelmente a meio deste tro\u00e7o da Gruta do Carv\u00e3o, est\u00e1 implantada a 2\u00aa Circular \u00e0 cidade de Ponta Delgada, onde foi constru\u00eddo um t\u00fanel artificial, em manilhas de bet\u00e3o, com 2 m de di\u00e2metro.<\/p>\n<p align=\"left\">Nalgumas locais da Gruta do Carv\u00e3o, pr\u00f3ximo do extremo sul dos terrenos da F\u00e1brica de Tabaco Micaelense, foram constru\u00eddos no seu interior muros de pedra, visando assegurar a estabilidade das suas paredes. Estes podem observar-se, nomeadamente, sob o edif\u00edcio onde est\u00e1 instalada a caldeira dos Secadores da F.T.M..<\/p>\n<p align=\"left\">A presen\u00e7a destes muros e de uma antiga instala\u00e7\u00e3o el\u00e9ctrica no interior desta gruta, atestam da sua utiliza\u00e7\u00e3o pelo homem, em tempos idos.<\/p>\n<p align=\"left\">A Gruta do Carv\u00e3o apresenta diversas potencialidades que, de um modo geral podem ser repartidas em aspectos cient\u00edficos, did\u00e1cticos e tur\u00edsticos. \u00c9 reconhecida a import\u00e2ncia desta gruta na interpreta\u00e7\u00e3o de fen\u00f3menos vulc\u00e2nicos e como local privilegiado para uma abordagem da tem\u00e1tica vulcanol\u00f3gica. Em termos did\u00e1cticos poder\u00e1 constituir um excelente cen\u00e1rio para a dinamiza\u00e7\u00e3o de visitas de estudo e de ac\u00e7\u00f5es de educa\u00e7\u00e3o ambiental. Atendendo ainda \u00e0 sua localiza\u00e7\u00e3o, impon\u00eancia e invulgaridade das estruturas geol\u00f3gicas, esta gruta vulc\u00e2nica assume, tamb\u00e9m, um ineg\u00e1vel interesse tur\u00edstico. A classifica\u00e7\u00e3o jur\u00eddica da Gruta do Carv\u00e3o, contribuindo para a sua protec\u00e7\u00e3o e preserva\u00e7\u00e3o, garante, igualmente, a desej\u00e1vel interven\u00e7\u00e3o museol\u00f3gica e a capta\u00e7\u00e3o dos apoios necess\u00e1rios \u00e0 sua concretiza\u00e7\u00e3o.<\/p>\n\n\t\t<\/div>\n\t\t\t\t\t<\/div>\n\n\t\n\n<\/div>\n","protected":false},"excerpt":{"rendered":"<p>in\u00edcio atividades publica\u00e7\u00f5es\/\/arquivo\/\/links quem somos Cavidades Vulc\u00e2nicas Cavidades abertas ao p\u00fablico IPEA gloss\u00e1rio Algar do Carv\u00e3o Caldeira da Graciosa e Furna do Enxofre Furna d&#8217;\u00c1gua Gruta do Carv\u00e3o Gruta das Torres Gruta do Natal Gruta do Carv\u00e3o A Gruta do Carv\u00e3o \u00e9 a cavidade vulc\u00e2nica mais conhecida da Ilha de S. Miguel.No s\u00e9culo XVI foi [&#8230;]\n","protected":false},"author":1,"featured_media":0,"parent":7485,"menu_order":3,"comment_status":"closed","ping_status":"closed","template":"page-single-page-nav.php","meta":{"jetpack_post_was_ever_published":false,"footnotes":""},"class_list":["post-7832","page","type-page","status-publish","hentry"],"jetpack_sharing_enabled":true,"jetpack_shortlink":"https:\/\/wp.me\/PaT0CI-22k","_links":{"self":[{"href":"https:\/\/www.montanheiros.com\/en\/wp-json\/wp\/v2\/pages\/7832","targetHints":{"allow":["GET"]}}],"collection":[{"href":"https:\/\/www.montanheiros.com\/en\/wp-json\/wp\/v2\/pages"}],"about":[{"href":"https:\/\/www.montanheiros.com\/en\/wp-json\/wp\/v2\/types\/page"}],"author":[{"embeddable":true,"href":"https:\/\/www.montanheiros.com\/en\/wp-json\/wp\/v2\/users\/1"}],"replies":[{"embeddable":true,"href":"https:\/\/www.montanheiros.com\/en\/wp-json\/wp\/v2\/comments?post=7832"}],"version-history":[{"count":15,"href":"https:\/\/www.montanheiros.com\/en\/wp-json\/wp\/v2\/pages\/7832\/revisions"}],"predecessor-version":[{"id":12182,"href":"https:\/\/www.montanheiros.com\/en\/wp-json\/wp\/v2\/pages\/7832\/revisions\/12182"}],"up":[{"embeddable":true,"href":"https:\/\/www.montanheiros.com\/en\/wp-json\/wp\/v2\/pages\/7485"}],"wp:attachment":[{"href":"https:\/\/www.montanheiros.com\/en\/wp-json\/wp\/v2\/media?parent=7832"}],"curies":[{"name":"wp","href":"https:\/\/api.w.org\/{rel}","templated":true}]}}