{"id":7840,"date":"2019-05-17T21:36:05","date_gmt":"2019-05-17T21:36:05","guid":{"rendered":"http:\/\/montanheiros.cecilia-designs.com\/?page_id=7840"},"modified":"2019-12-03T14:00:17","modified_gmt":"2019-12-03T14:00:17","slug":"speleoazores-gruta-torres","status":"publish","type":"page","link":"https:\/\/www.montanheiros.com\/en\/speleoazores-home\/speleoazores-gruta-torres\/","title":{"rendered":"Cavidades Abertas ao P\u00fablico | Gruta das Torres"},"content":{"rendered":"\n<div class=\"row\"  id=\"row-844484516\">\n\n\n\t<div id=\"col-1505159936\" class=\"col medium-3 small-6 large-3\"  >\n\t\t\t\t<div class=\"col-inner\"  >\n\t\t\t\n\t\t\t\n\n\t<div class=\"img has-hover x md-x lg-x y md-y lg-y\" id=\"image_1519592907\">\n\t\t<a class=\"\" href=\"\/speleoazores\"  >\t\t\t\t\t\t<div class=\"img-inner dark\" style=\"margin:11px 0px 0px 0px;\">\n\t\t\t<img loading=\"lazy\" decoding=\"async\" width=\"320\" height=\"113\" src=\"https:\/\/www.montanheiros.com\/wp-content\/uploads\/2019\/05\/logo_gespea.png\" class=\"attachment-large size-large\" alt=\"\" \/>\t\t\t\t\t\t\n\t\t\t\t\t<\/div>\n\t\t\t\t\t\t<\/a>\t\t\n<style>\n#image_1519592907 {\n  width: 100%;\n}\n<\/style>\n\t<\/div>\n\t\n\n\n\t\t<\/div>\n\t\t\t\t\t<\/div>\n\n\t\n\n\t<div id=\"col-222615097\" class=\"col medium-9 small-12 large-9\"  >\n\t\t\t\t<div class=\"col-inner text-right\"  >\n\t\t\t\n\t\t\t\n\n<a href=\"\/speleoazores-home\" target=\"_self\" class=\"button alert is-underline lowercase\"  >\n    <span>in\u00edcio<\/span>\n  <\/a>\n\n\n<a href=\"\/espeleoazores\/speleoazores-atividades\" target=\"_self\" class=\"button alert is-underline lowercase\"  >\n    <span>atividades<\/span>\n  <\/a>\n\n\n<a href=\"\/espeleoazores\/publicacoes\" target=\"_self\" class=\"button alert is-underline lowercase\"  >\n    <span>publica\u00e7\u00f5es\/\/arquivo\/\/links<\/span>\n  <\/a>\n\n\n<a href=\"\/espeleoazores\/quem\" target=\"_self\" class=\"button alert is-underline lowercase\"  >\n    <span>quem somos<\/span>\n  <\/a>\n\n\n\n\t\t<\/div>\n\t\t\t\t\t<\/div>\n\n\t\n\n<\/div>\n\t<section class=\"section\" id=\"section_702822811\">\n\t\t<div class=\"bg section-bg fill bg-fill  \" >\n\n\t\t\t\n\t\t\t\n\t\t\t\n\n\t\t<\/div>\n\n\t\t\n\n\t\t<div class=\"section-content relative\">\n\t\t\t\n\n<div class=\"row align-equal align-center row-dashed\"  id=\"row-655616128\">\n\n\n\t<div id=\"col-1735253895\" class=\"col small-12 large-12\"  >\n\t\t\t\t<div class=\"col-inner text-center\"  >\n\t\t\t\n\t\t\t\n\n<a href=\"\/speleoazores\/cavidades-vulcanicas\" target=\"_self\" class=\"button white is-underline\"  >\n    <span>Cavidades Vulc\u00e2nicas<\/span>\n  <\/a>\n\n\n<a href=\"\/speleoazores\/speleoazores-algar-carvao\/\" target=\"_self\" class=\"button success is-underline\"  >\n    <span>Cavidades abertas ao p\u00fablico<\/span>\n  <\/a>\n\n\n<a href=\"\/speleoazores\/ipea-faial\/\" target=\"_self\" class=\"button white is-underline lowercase\"  >\n    <span>IPEA<\/span>\n  <\/a>\n\n\n<a href=\"\/espeleoazores\/glossario\" target=\"_self\" class=\"button white is-underline\"  >\n    <span>gloss\u00e1rio<\/span>\n  <\/a>\n\n\n\n\t\t<\/div>\n\t\t\t\t\t<\/div>\n\n\t\n\n<\/div>\n\n\t\t<\/div>\n\n\t\t\n<style>\n#section_702822811 {\n  padding-top: 0px;\n  padding-bottom: 0px;\n  min-height: 59px;\n  background-color: rgb(245, 245, 245);\n}\n#section_702822811 .section-bg.bg-loaded {\n  background-image: url(https:\/\/www.montanheiros.com\/wp-content\/uploads\/2019\/05\/big5_1543850268.jpg);\n}\n#section_702822811 .ux-shape-divider--top svg {\n  height: 150px;\n  --divider-top-width: 100%;\n}\n#section_702822811 .ux-shape-divider--bottom svg {\n  height: 150px;\n  --divider-width: 100%;\n}\n<\/style>\n\t<\/section>\n\t\n\t<div id=\"gap-1399344087\" class=\"gap-element clearfix\" style=\"display:block; height:auto;\">\n\t\t\n<style>\n#gap-1399344087 {\n  padding-top: 30px;\n}\n<\/style>\n\t<\/div>\n\t\n\n<div class=\"row\"  id=\"row-1654488717\">\n\n\n\t<div id=\"col-526019619\" class=\"col small-12 large-12\"  >\n\t\t\t\t<div class=\"col-inner text-center\"  >\n\t\t\t\n\t\t\t\n\n<a href=\"\/speleoazores\/speleoazores-algar-carvao\/\" target=\"_self\" class=\"button alert is-underline lowercase\"  >\n    <span>Algar do Carv\u00e3o<\/span>\n  <\/a>\n\n\n<a href=\"\/speleoazores\/speleoazores-furna-enxofre\" target=\"_self\" class=\"button alert is-underline lowercase\"  >\n    <span>Caldeira da Graciosa e Furna do Enxofre<\/span>\n  <\/a>\n\n\n<a href=\"\/espeleoazores\/speleoazores-furna-dagua\" target=\"_self\" class=\"button alert is-underline lowercase\"  >\n    <span>Furna d'\u00c1gua<\/span>\n  <\/a>\n\n\n<a href=\"\/speleoazores\/speleoazores-gruta-carvao\" target=\"_self\" class=\"button alert is-underline lowercase\"  >\n    <span>Gruta do Carv\u00e3o<\/span>\n  <\/a>\n\n\n<a href=\"\/espeleoazores\/speleoazores-gruta-torres\" target=\"_self\" class=\"button success is-underline lowercase\"  >\n    <span>Gruta das Torres<\/span>\n  <\/a>\n\n\n<a href=\"\/espeleoazores\/speleoazores-gruta-natal\" target=\"_self\" class=\"button alert is-underline lowercase\"  >\n    <span>Gruta do Natal<\/span>\n  <\/a>\n\n\n\n\t\t<\/div>\n\t\t\t\t\t<\/div>\n\n\t\n\n<\/div>\n<div class=\"container section-title-container\" ><h3 class=\"section-title section-title-center\"><b><\/b><span class=\"section-title-main\" style=\"color:rgb(0, 0, 0);\">Gruta das Torres<\/span><b><\/b><\/h3><\/div>\n\n<div class=\"row\"  id=\"row-727590045\">\n\n\n\t<div id=\"col-877871089\" class=\"col medium-2 small-12 large-2\"  >\n\t\t\t\t<div class=\"col-inner\"  >\n\t\t\t\n\t\t\t\n\n\t<div class=\"img has-hover x md-x lg-x y md-y lg-y\" id=\"image_1436375513\">\n\t\t\t\t\t\t\t\t<div class=\"img-inner dark\" >\n\t\t\t<img loading=\"lazy\" decoding=\"async\" width=\"214\" height=\"130\" src=\"https:\/\/www.montanheiros.com\/wp-content\/uploads\/2019\/05\/gruta_das_torres_logo.gif\" class=\"attachment-large size-large\" alt=\"\" \/>\t\t\t\t\t\t\n\t\t\t\t\t<\/div>\n\t\t\t\t\t\t\t\t\n<style>\n#image_1436375513 {\n  width: 100%;\n}\n<\/style>\n\t<\/div>\n\t\n\n\n\t\t<\/div>\n\t\t\t\t\t<\/div>\n\n\t\n\n\t<div id=\"col-519126649\" class=\"col medium-8 small-12 large-8\"  >\n\t\t\t\t<div class=\"col-inner\"  >\n\t\t\t\n\t\t\t\n\n<p>Pela sua import\u00e2ncia enquanto patrim\u00f3nio natural, a Gruta das Torres foi classificada como Monumento Natural Regional pelo DLR N.\u00ba 6\/2004\/A, de 18 de Mar\u00e7o de 2004.<\/p>\n<p>Em 2000 a Secretaria Regional do Ambiente iniciou um projecto com a inten\u00e7\u00e3o de dotar a Gruta das Torres com as infra-estruturas que permitiriam a sua explora\u00e7\u00e3o tur\u00edstica, nomeadamente com a melhoria de acessibilidades ao interior, constru\u00e7\u00e3o de um centro de visita\u00e7\u00e3o, edif\u00edcios anexos e instala\u00e7\u00e3o de ilumina\u00e7\u00e3o c\u00e9nica na gruta.<\/p>\n\n\t\t<\/div>\n\t\t\t\t\t<\/div>\n\n\t\n\n\t<div id=\"col-1039919242\" class=\"col medium-2 small-12 large-2\"  >\n\t\t\t\t<div class=\"col-inner\"  >\n\t\t\t\n\t\t\t\n\n\t<div class=\"img has-hover x md-x lg-x y md-y lg-y\" id=\"image_982086936\">\n\t\t\t\t\t\t\t\t<div class=\"img-inner dark\" >\n\t\t\t<img loading=\"lazy\" decoding=\"async\" width=\"175\" height=\"143\" src=\"https:\/\/www.montanheiros.com\/wp-content\/uploads\/2019\/05\/PICO_torres.gif\" class=\"attachment-large size-large\" alt=\"\" \/>\t\t\t\t\t\t\n\t\t\t\t\t<\/div>\n\t\t\t\t\t\t\t\t\n<style>\n#image_982086936 {\n  width: 100%;\n}\n<\/style>\n\t<\/div>\n\t\n\n\n\t\t<\/div>\n\t\t\t\t\t<\/div>\n\n\t\n\n<\/div>\n<div class=\"row row-dashed\"  id=\"row-1541187630\">\n\n\n\t<div id=\"col-22615062\" class=\"col medium-4 small-12 large-4\"  >\n\t\t\t\t<div class=\"col-inner\"  >\n\t\t\t\n\t\t\t\n\n\t<div class=\"img has-hover x md-x lg-x y md-y lg-y\" id=\"image_177945582\">\n\t\t\t\t\t\t\t\t<div class=\"img-inner dark\" >\n\t\t\t<img loading=\"lazy\" decoding=\"async\" width=\"350\" height=\"467\" src=\"https:\/\/www.montanheiros.com\/wp-content\/uploads\/2019\/05\/gruta_das_torres_foto5.jpg\" class=\"attachment-large size-large\" alt=\"\" srcset=\"https:\/\/www.montanheiros.com\/wp-content\/uploads\/2019\/05\/gruta_das_torres_foto5.jpg 350w, https:\/\/www.montanheiros.com\/wp-content\/uploads\/2019\/05\/gruta_das_torres_foto5-300x400.jpg 300w\" sizes=\"auto, (max-width: 350px) 100vw, 350px\" \/>\t\t\t\t\t\t\n\t\t\t\t\t<\/div>\n\t\t\t\t\t\t\t\t\n<style>\n#image_177945582 {\n  width: 100%;\n}\n<\/style>\n\t<\/div>\n\t\n\n<p><strong><a href=\"\/wp-content\/uploads\/2019\/05\/lei_gruta_torres.pdf\">Decreto Legislativo Regional n.\u00ba 6\/2004\/A, de 18 de Mar\u00e7o<\/a><br><\/strong>Classifica como monumento regional a gruta das Torres, na ilha do Pico&#8230;<\/p>\n<hr>\n\t<div class=\"img has-hover x md-x lg-x y md-y lg-y\" id=\"image_681380557\">\n\t\t\t\t\t\t\t\t<div class=\"img-inner dark\" >\n\t\t\t<img loading=\"lazy\" decoding=\"async\" width=\"400\" height=\"302\" src=\"https:\/\/www.montanheiros.com\/wp-content\/uploads\/2019\/05\/gruta_das_torres_foto3.jpg\" class=\"attachment-large size-large\" alt=\"\" \/>\t\t\t\t\t\t\n\t\t\t\t\t<\/div>\n\t\t\t\t\t\t\t\t\n<style>\n#image_681380557 {\n  width: 100%;\n}\n<\/style>\n\t<\/div>\n\t\n\n\t<div class=\"img has-hover x md-x lg-x y md-y lg-y\" id=\"image_1778088937\">\n\t\t\t\t\t\t\t\t<div class=\"img-inner dark\" >\n\t\t\t<img loading=\"lazy\" decoding=\"async\" width=\"400\" height=\"267\" src=\"https:\/\/www.montanheiros.com\/wp-content\/uploads\/2019\/05\/gruta_das_torres_foto1.jpg\" class=\"attachment-large size-large\" alt=\"\" \/>\t\t\t\t\t\t\n\t\t\t\t\t<\/div>\n\t\t\t\t\t\t\t\t\n<style>\n#image_1778088937 {\n  width: 100%;\n}\n<\/style>\n\t<\/div>\n\t\n\n\t<div class=\"img has-hover x md-x lg-x y md-y lg-y\" id=\"image_65373986\">\n\t\t\t\t\t\t\t\t<div class=\"img-inner dark\" >\n\t\t\t<img loading=\"lazy\" decoding=\"async\" width=\"350\" height=\"510\" src=\"https:\/\/www.montanheiros.com\/wp-content\/uploads\/2019\/05\/gruta_das_torres_foto4.jpg\" class=\"attachment-large size-large\" alt=\"\" srcset=\"https:\/\/www.montanheiros.com\/wp-content\/uploads\/2019\/05\/gruta_das_torres_foto4.jpg 350w, https:\/\/www.montanheiros.com\/wp-content\/uploads\/2019\/05\/gruta_das_torres_foto4-275x400.jpg 275w\" sizes=\"auto, (max-width: 350px) 100vw, 350px\" \/>\t\t\t\t\t\t\n\t\t\t\t\t<\/div>\n\t\t\t\t\t\t\t\t\n<style>\n#image_65373986 {\n  width: 100%;\n}\n<\/style>\n\t<\/div>\n\t\n\n\n\t\t<\/div>\n\t\t\t\t\t<\/div>\n\n\t\n\n\t<div id=\"col-1065426972\" class=\"col medium-8 small-12 large-8\"  >\n\t\t\t\t<div class=\"col-inner\"  >\n\t\t\t\n\t\t\t\n\n<p align=\"left\">Considerando que a Secretaria do Ambiente pretendia atribuir a concess\u00e3o da explora\u00e7\u00e3o tur\u00edstica da Gruta das Torres a uma entidade n\u00e3o governamental com experi\u00eancia neste sector, assinou a 10 de Setembro de 2004 um Protocolo de Coopera\u00e7\u00e3o com a Associa\u00e7\u00e3o Os Montanheiros.<\/p>\n<p align=\"left\">A 24 de Junho de 2005 foi inaugurado o centro de visita\u00e7\u00e3o \u2013 Gruta Das Torres, que contou com a presen\u00e7a do Presidente do Governo Regional, Carlos C\u00e9sar e a Secret\u00e1ria Regional do Ambiente e do Mar, Ana Paula Marques, iniciando assim as explora\u00e7\u00f5es tur\u00edsticas desta Gruta.<\/p>\n<p align=\"left\"><strong>Localiza\u00e7\u00e3o<\/strong><\/p>\n<p align=\"left\">A Gruta das Torres est\u00e1 localizada na freguesia da Cria\u00e7\u00e3o Velha, concelho da Madalena. Faz parte da forma\u00e7\u00e3o dos Lajidos-Gruta das Torres, inserida no complexo vulc\u00e2nico da montanha, originada muito provavelmente num intervalo de tempo estimado entre os 500 e os 1500 anos atr\u00e1s. Encontra-se a 5 km desta vila, levando cerca de 10 minutos de autom\u00f3vel at\u00e9 ao Centro de Interpreta\u00e7\u00e3o.<\/p>\n<p align=\"left\">Na ilha do Pico s\u00e3o conhecidas 81 cavidades vulc\u00e2nicas, algumas de particular impon\u00eancia e interesse cient\u00edfico.<\/p>\n<p align=\"left\">Estas cavidades est\u00e3o situadas, na sua maioria, na metade ocidental da ilha, de idade geol\u00f3gica mais recente.<\/p>\n<p>Esta Gruta foi descoberta em 1990, tendo sido explorada pelos Montanheiros e por Albino Garcia nos dois anos subsequentes, bem como por C. Thomas em 1994.<\/p>\n<p align=\"left\"><strong> Descri\u00e7\u00e3o <\/strong><\/p>\n<p align=\"left\">Trata-se do maior tubo l\u00e1vico conhecido em Portugal, com extens\u00e3o de 5150mt. Foi formado a partir das lavas de uma erup\u00e7\u00e3o vulc\u00e2nica com origem no Cabe\u00e7o Bravo. O t\u00fanel principal desenvolve-se ao longo de 4480mt e \u00e9 na sua maior parte de grandes dimens\u00f5es, podendo atingir alturas de 15mt, ao contr\u00e1rio dos t\u00faneis secund\u00e1rios laterais e superiores, com dimens\u00f5es mais reduzidas mas com estruturas geol\u00f3gicas muito variadas. A Gruta tem um desn\u00edvel total de cerca de 200mt, com uma inclina\u00e7\u00e3o mais suave no tro\u00e7o SE, ao contr\u00e1rio do que acontece em alguns sectores a NW onde ocorrem as maiores inclina\u00e7\u00f5es.<\/p>\n<p align=\"left\">As lavas que formam o ch\u00e3o s\u00e3o do tipo <em>aa <\/em>e <em>pahoehoe<\/em> e est\u00e3o muito bem preservadas em grande parte do t\u00fanel, havendo no entanto locais onde est\u00e3o cobertas por materiais provenientes de desabamentos das paredes e do tecto. No interior de gruta est\u00e3o presentes diversas estruturas caracter\u00edsticas das cavidades vulc\u00e2nicas tais como estalactites, estalagmites l\u00e1vicas, bancadas laterais e <em>lava balls.<\/em> Ao longo da gruta existem sectores com algum gotejamento proveniente do tecto embora haja uma fraca circula\u00e7\u00e3o de \u00e1gua em grande parte da gruta. A temperatura no seu interior \u00e9 sensivelmente constante ao longo do ano, variando de forma mais acentuada pr\u00f3ximo da abertura.&nbsp;<\/p>\n<p align=\"left\"><strong> Modelo de visita\u00e7\u00e3o<\/strong><\/p>\n<p align=\"left\">O percurso tem in\u00edcio no Centro de Interpreta\u00e7\u00e3o onde, pela leitura do espa\u00e7o envolvente e pelo breafing do guia, o visitante come\u00e7a por tomar conhecimento da gruta e dos procedimentos a respeitar durante a estadia. S\u00f3 depois disto \u00e9 que se processa a visita ao interior da gruta, numa extens\u00e3o de 450 metros e com a dura\u00e7\u00e3o aproximada de 45 minutos.<\/p>\n<p align=\"left\">A visita\u00e7\u00e3o ser\u00e1 efectuada com grupos de 12 visitantes acompanhados por um Guia. Cada visitante ser\u00e1 munido de um capacete e de um sistema individual de ilumina\u00e7\u00e3o, que tamb\u00e9m funcionar\u00e1 como luz de emerg\u00eancia.<\/p>\n<p align=\"left\">A entrada principal da gruta \u00e9 feita pelo \u201cAlgar da Ponte\u201d, onde os visitantes ao entrarem num ambiente cavern\u00edcola, observam a transi\u00e7\u00e3o da vegeta\u00e7\u00e3o arb\u00f3rea da superf\u00edcie para outras formas de vida vegetal menos evolu\u00eddas, como sejam os fetos, os musgos e os l\u00edquenes, que se encontram no ch\u00e3o e nas paredes junto das aberturas.<\/p>\n<p align=\"left\">Penetrando no escuro podemos contar apenas com a presen\u00e7a de bolores, bact\u00e9rias e de entmofauna cavern\u00edcola pr\u00f3pria destes locais.<\/p>\n<div align=\"left\">\n<p>Relativamente \u00e0 fauna trogl\u00f3bia, foram identificadas as esp\u00e9cies end\u00e9micas, <em>Trechus picoensis <\/em>Machado e <em>Cixius azopicavuz <\/em>Hoch. No entanto as grandes dimens\u00f5es desta cavidade fazem prever a exist\u00eancia de mais esp\u00e9cies que poder\u00e3o ser encontradas em futuros estudos bioespeleol\u00f3gicos.<\/p>\n<\/div>\n\n\t\t<\/div>\n\t\t\t\t\t<\/div>\n\n\t\n\n<\/div>\n","protected":false},"excerpt":{"rendered":"<p>in\u00edcio atividades publica\u00e7\u00f5es\/\/arquivo\/\/links quem somos Cavidades Vulc\u00e2nicas Cavidades abertas ao p\u00fablico IPEA gloss\u00e1rio Algar do Carv\u00e3o Caldeira da Graciosa e Furna do Enxofre Furna d&#8217;\u00c1gua Gruta do Carv\u00e3o Gruta das Torres Gruta do Natal Gruta das Torres Pela sua import\u00e2ncia enquanto patrim\u00f3nio natural, a Gruta das Torres foi classificada como Monumento Natural Regional pelo DLR [&#8230;]\n","protected":false},"author":1,"featured_media":0,"parent":7485,"menu_order":3,"comment_status":"closed","ping_status":"closed","template":"page-single-page-nav.php","meta":{"jetpack_post_was_ever_published":false,"footnotes":""},"class_list":["post-7840","page","type-page","status-publish","hentry"],"jetpack_sharing_enabled":true,"jetpack_shortlink":"https:\/\/wp.me\/PaT0CI-22s","_links":{"self":[{"href":"https:\/\/www.montanheiros.com\/en\/wp-json\/wp\/v2\/pages\/7840","targetHints":{"allow":["GET"]}}],"collection":[{"href":"https:\/\/www.montanheiros.com\/en\/wp-json\/wp\/v2\/pages"}],"about":[{"href":"https:\/\/www.montanheiros.com\/en\/wp-json\/wp\/v2\/types\/page"}],"author":[{"embeddable":true,"href":"https:\/\/www.montanheiros.com\/en\/wp-json\/wp\/v2\/users\/1"}],"replies":[{"embeddable":true,"href":"https:\/\/www.montanheiros.com\/en\/wp-json\/wp\/v2\/comments?post=7840"}],"version-history":[{"count":12,"href":"https:\/\/www.montanheiros.com\/en\/wp-json\/wp\/v2\/pages\/7840\/revisions"}],"predecessor-version":[{"id":12184,"href":"https:\/\/www.montanheiros.com\/en\/wp-json\/wp\/v2\/pages\/7840\/revisions\/12184"}],"up":[{"embeddable":true,"href":"https:\/\/www.montanheiros.com\/en\/wp-json\/wp\/v2\/pages\/7485"}],"wp:attachment":[{"href":"https:\/\/www.montanheiros.com\/en\/wp-json\/wp\/v2\/media?parent=7840"}],"curies":[{"name":"wp","href":"https:\/\/api.w.org\/{rel}","templated":true}]}}