{"id":7851,"date":"2019-05-17T21:49:19","date_gmt":"2019-05-17T21:49:19","guid":{"rendered":"http:\/\/montanheiros.cecilia-designs.com\/?page_id=7851"},"modified":"2019-12-03T14:03:22","modified_gmt":"2019-12-03T14:03:22","slug":"speleoazores-gruta-natal","status":"publish","type":"page","link":"https:\/\/www.montanheiros.com\/en\/speleoazores-home\/speleoazores-gruta-natal\/","title":{"rendered":"Cavidades Abertas ao P\u00fablico | Gruta do Natal"},"content":{"rendered":"\n<div class=\"row\"  id=\"row-587240705\">\n\n\n\t<div id=\"col-1500902900\" class=\"col medium-3 small-6 large-3\"  >\n\t\t\t\t<div class=\"col-inner\"  >\n\t\t\t\n\t\t\t\n\n\t<div class=\"img has-hover x md-x lg-x y md-y lg-y\" id=\"image_2037062371\">\n\t\t<a class=\"\" href=\"\/speleoazores\"  >\t\t\t\t\t\t<div class=\"img-inner dark\" style=\"margin:11px 0px 0px 0px;\">\n\t\t\t<img loading=\"lazy\" decoding=\"async\" width=\"320\" height=\"113\" src=\"https:\/\/www.montanheiros.com\/wp-content\/uploads\/2019\/05\/logo_gespea.png\" class=\"attachment-large size-large\" alt=\"\" \/>\t\t\t\t\t\t\n\t\t\t\t\t<\/div>\n\t\t\t\t\t\t<\/a>\t\t\n<style>\n#image_2037062371 {\n  width: 100%;\n}\n<\/style>\n\t<\/div>\n\t\n\n\n\t\t<\/div>\n\t\t\t\t\t<\/div>\n\n\t\n\n\t<div id=\"col-689562647\" class=\"col medium-9 small-12 large-9\"  >\n\t\t\t\t<div class=\"col-inner text-right\"  >\n\t\t\t\n\t\t\t\n\n<a href=\"\/speleoazores-home\" target=\"_self\" class=\"button alert is-underline lowercase\"  >\n    <span>in\u00edcio<\/span>\n  <\/a>\n\n\n<a href=\"\/espeleoazores\/speleoazores-atividades\" target=\"_self\" class=\"button alert is-underline lowercase\"  >\n    <span>atividades<\/span>\n  <\/a>\n\n\n<a href=\"\/espeleoazores\/publicacoes\" target=\"_self\" class=\"button alert is-underline lowercase\"  >\n    <span>publica\u00e7\u00f5es\/\/arquivo\/\/links<\/span>\n  <\/a>\n\n\n<a href=\"\/espeleoazores\/quem\" target=\"_self\" class=\"button alert is-underline lowercase\"  >\n    <span>quem somos<\/span>\n  <\/a>\n\n\n\n\t\t<\/div>\n\t\t\t\t\t<\/div>\n\n\t\n\n<\/div>\n\t<section class=\"section\" id=\"section_1209311048\">\n\t\t<div class=\"bg section-bg fill bg-fill  \" >\n\n\t\t\t\n\t\t\t\n\t\t\t\n\n\t\t<\/div>\n\n\t\t\n\n\t\t<div class=\"section-content relative\">\n\t\t\t\n\n<div class=\"row align-equal align-center row-dashed\"  id=\"row-2035009067\">\n\n\n\t<div id=\"col-630308132\" class=\"col small-12 large-12\"  >\n\t\t\t\t<div class=\"col-inner text-center\"  >\n\t\t\t\n\t\t\t\n\n<a href=\"\/speleoazores\/cavidades-vulcanicas\" target=\"_self\" class=\"button white is-underline\"  >\n    <span>Cavidades Vulc\u00e2nicas<\/span>\n  <\/a>\n\n\n<a href=\"\/speleoazores\/speleoazores-algar-carvao\/\" target=\"_self\" class=\"button success is-underline\"  >\n    <span>Cavidades abertas ao p\u00fablico<\/span>\n  <\/a>\n\n\n<a href=\"\/speleoazores\/ipea-faial\/\" target=\"_self\" class=\"button white is-underline lowercase\"  >\n    <span>IPEA<\/span>\n  <\/a>\n\n\n<a href=\"\/espeleoazores\/glossario\" target=\"_self\" class=\"button white is-underline\"  >\n    <span>gloss\u00e1rio<\/span>\n  <\/a>\n\n\n\n\t\t<\/div>\n\t\t\t\t\t<\/div>\n\n\t\n\n<\/div>\n\n\t\t<\/div>\n\n\t\t\n<style>\n#section_1209311048 {\n  padding-top: 0px;\n  padding-bottom: 0px;\n  min-height: 59px;\n  background-color: rgb(245, 245, 245);\n}\n#section_1209311048 .section-bg.bg-loaded {\n  background-image: url(https:\/\/www.montanheiros.com\/wp-content\/uploads\/2019\/05\/big5_1543850268.jpg);\n}\n#section_1209311048 .ux-shape-divider--top svg {\n  height: 150px;\n  --divider-top-width: 100%;\n}\n#section_1209311048 .ux-shape-divider--bottom svg {\n  height: 150px;\n  --divider-width: 100%;\n}\n<\/style>\n\t<\/section>\n\t\n\t<div id=\"gap-589980722\" class=\"gap-element clearfix\" style=\"display:block; height:auto;\">\n\t\t\n<style>\n#gap-589980722 {\n  padding-top: 30px;\n}\n<\/style>\n\t<\/div>\n\t\n\n<div class=\"row\"  id=\"row-1361481100\">\n\n\n\t<div id=\"col-1269160263\" class=\"col small-12 large-12\"  >\n\t\t\t\t<div class=\"col-inner text-center\"  >\n\t\t\t\n\t\t\t\n\n<a href=\"\/speleoazores\/speleoazores-algar-carvao\/\" target=\"_self\" class=\"button alert is-underline lowercase\"  >\n    <span>Algar do Carv\u00e3o<\/span>\n  <\/a>\n\n\n<a href=\"\/speleoazores\/speleoazores-furna-enxofre\" target=\"_self\" class=\"button alert is-underline lowercase\"  >\n    <span>Caldeira da Graciosa e Furna do Enxofre<\/span>\n  <\/a>\n\n\n<a href=\"\/espeleoazores\/speleoazores-furna-dagua\" target=\"_self\" class=\"button alert is-underline lowercase\"  >\n    <span>Furna d'\u00c1gua<\/span>\n  <\/a>\n\n\n<a href=\"\/speleoazores\/speleoazores-gruta-carvao\" target=\"_self\" class=\"button alert is-underline lowercase\"  >\n    <span>Gruta do Carv\u00e3o<\/span>\n  <\/a>\n\n\n<a href=\"\/espeleoazores\/speleoazores-gruta-torres\" target=\"_self\" class=\"button alert is-underline lowercase\"  >\n    <span>Gruta das Torres<\/span>\n  <\/a>\n\n\n<a href=\"\/espeleoazores\/speleoazores-gruta-natal\" target=\"_self\" class=\"button success is-underline lowercase\"  >\n    <span>Gruta do Natal<\/span>\n  <\/a>\n\n\n\n\t\t<\/div>\n\t\t\t\t\t<\/div>\n\n\t\n\n<\/div>\n<div class=\"container section-title-container\" ><h3 class=\"section-title section-title-center\"><b><\/b><span class=\"section-title-main\" style=\"color:rgb(0, 0, 0);\">Gruta do Natal<\/span><b><\/b><\/h3><\/div>\n\n<div class=\"row\"  id=\"row-1119813110\">\n\n\n\t<div id=\"col-1908347662\" class=\"col medium-5 small-12 large-5\"  >\n\t\t\t\t<div class=\"col-inner\"  >\n\t\t\t\n\t\t\t\n\n\t<div class=\"img has-hover x md-x lg-x y md-y lg-y\" id=\"image_1133848778\">\n\t\t\t\t\t\t\t\t<div class=\"img-inner dark\" >\n\t\t\t<img loading=\"lazy\" decoding=\"async\" width=\"399\" height=\"223\" src=\"https:\/\/www.montanheiros.com\/wp-content\/uploads\/2019\/05\/cavidades_classificadas_clip_image002.jpg\" class=\"attachment-large size-large\" alt=\"\" \/>\t\t\t\t\t\t\n\t\t\t\t\t<\/div>\n\t\t\t\t\t\t\t\t\n<style>\n#image_1133848778 {\n  width: 100%;\n}\n<\/style>\n\t<\/div>\n\t\n\n\n\t\t<\/div>\n\t\t\t\t\t<\/div>\n\n\t\n\n\t<div id=\"col-1633507271\" class=\"col medium-5 small-12 large-5\"  >\n\t\t\t\t<div class=\"col-inner\"  >\n\t\t\t\n\t\t\t\n\n<p>Esta gruta, inicialmente conhecida por Galeria Negra, foi rebaptizada por Gruta do Cavalo, aquando das primeiras explora\u00e7\u00f5es, por l\u00e1 terem sido encontrados restos de uma ossada de um cavalo que havia ca\u00eddo pela abertura de entrada. Mais tarde, conquistando o \u201cmist\u00e9rio\u201d que aquela gruta representava no passado, os Montanheiros iniciaram algo que se tornaria numa singular tradi\u00e7\u00e3o.<\/p>\n\n\t\t<\/div>\n\t\t\t\t\t<\/div>\n\n\t\n\n\t<div id=\"col-610741075\" class=\"col medium-2 small-12 large-2\"  >\n\t\t\t\t<div class=\"col-inner\"  >\n\t\t\t\n\t\t\t\n\n\t<div class=\"img has-hover x md-x lg-x y md-y lg-y\" id=\"image_2064488799\">\n\t\t\t\t\t\t\t\t<div class=\"img-inner dark\" >\n\t\t\t<img loading=\"lazy\" decoding=\"async\" width=\"175\" height=\"143\" src=\"https:\/\/www.montanheiros.com\/wp-content\/uploads\/2019\/05\/TERCEIRA_gruta_do_natal.gif\" class=\"attachment-large size-large\" alt=\"\" \/>\t\t\t\t\t\t\n\t\t\t\t\t<\/div>\n\t\t\t\t\t\t\t\t\n<style>\n#image_2064488799 {\n  width: 100%;\n}\n<\/style>\n\t<\/div>\n\t\n\n\n\t\t<\/div>\n\t\t\t\t\t<\/div>\n\n\t\n\n<\/div>\n<div class=\"row row-dashed\"  id=\"row-207004383\">\n\n\n\t<div id=\"col-2034646385\" class=\"col medium-4 small-12 large-4\"  >\n\t\t\t\t<div class=\"col-inner\"  >\n\t\t\t\n\t\t\t\n\n\t<div class=\"img has-hover x md-x lg-x y md-y lg-y\" id=\"image_638226790\">\n\t\t\t\t\t\t\t\t<div class=\"img-inner dark\" >\n\t\t\t<img loading=\"lazy\" decoding=\"async\" width=\"352\" height=\"239\" src=\"https:\/\/www.montanheiros.com\/wp-content\/uploads\/2019\/05\/cavidades_classificadas_clip_image001.jpg\" class=\"attachment-large size-large\" alt=\"\" \/>\t\t\t\t\t\t\n\t\t\t\t\t<\/div>\n\t\t\t\t\t\t\t\t\n<style>\n#image_638226790 {\n  width: 100%;\n}\n<\/style>\n\t<\/div>\n\t\n\n\n\t\t<\/div>\n\t\t\t\t\t<\/div>\n\n\t\n\n\t<div id=\"col-694171797\" class=\"col medium-8 small-12 large-8\"  >\n\t\t\t\t<div class=\"col-inner\"  >\n\t\t\t\n\t\t\t\n\n<p>ssim, ap\u00f3s 25 de Dezembro de 1969, com a celebra\u00e7\u00e3o pelo Patriarca das \u00cdndias D. Jos\u00e9 Vieira Alvernaz, passou a chamar-se de Gruta do Natal. Esta data marca ainda a abertura da gruta pela primeira vez \u00e0 popula\u00e7\u00e3o, para tal tendo sido constru\u00eddo um acesso simples e instalada uma ilumina\u00e7\u00e3o rudimentar.<br>T\u00eam sido realizadas, noutros anos, a Missa de Natal, tendo a gruta sido j\u00e1 palco tamb\u00e9m de um baptizado e de um casamento.<\/p>\n<p align=\"left\"><strong>Localiza\u00e7\u00e3o<\/strong> <br>A Gruta do Natal localiza-se junto aos Picos Gordos, ainda dentro da Reserva Florestal Natural da Serra de Santa B\u00e1rbara e Mist\u00e9rios Negros, mas j\u00e1 integrada numa zona fortemente humanizada, rodeada de pastagens de altitude e matas de criptom\u00e9rias.<br>Com uma localiza\u00e7\u00e3o privilegiada, encontra-se junto a uma estrada asfaltada de grande aflu\u00eancia, principalmente de Ver\u00e3o, em boa parte tamb\u00e9m devido ao facto de se encontrar frente a uma pequena mas bonita lagoa &#8211; Lagoa do Negro \u2013 em redor da qual podem ser observados com alguma frequ\u00eancia pessoas a fazerem os seus piqueniques. Para mais, a estrada constitui ainda ponto de passagem de algumas excurs\u00f5es tur\u00edsticas. <br>Adiante-se ainda o facto de ser das poucas grutas visit\u00e1veis da ilha Terceira que possui desde h\u00e1 in\u00fameros anos uma placa de sinaliza\u00e7\u00e3o, num cruzamento de estradas a 500 m, que indica a sua exist\u00eancia e localiza\u00e7\u00e3o.<\/p>\n<p align=\"left\"><strong>A Gruta<\/strong><br>O interesse desta associa\u00e7\u00e3o pela explora\u00e7\u00e3o tur\u00edstica desta gruta deve-se, em primeiro lugar, \u00e0 rela\u00e7\u00e3o hist\u00f3rica e sentimental que a associa\u00e7\u00e3o sempre manteve com esta cavidade. Mas tamb\u00e9m ao facto de, entre todas as grutas que existem na ilha Terceira, esta ser a que melhores condi\u00e7\u00f5es oferecia para a explora\u00e7\u00e3o tur\u00edstica, bem como ao facto de constituir uma estrutura geol\u00f3gica complementar a um algar. <br>A g\u00e9nese da gruta \u00e9 incerta. Uma explica\u00e7\u00e3o aponta para a sua origem nas correntes de lava originadas por erup\u00e7\u00f5es fissur\u00edcolas, ocorridas num vale encaixado que outrora existiu entre os picos que constituem a paisagem local.<br>Trata-se de um tubo de lava com um total de 697 m de comprimento total, na sua quase totalidade de tr\u00e2nsito f\u00e1cil, em ch\u00e3o com pouco desn\u00edvel e tectos altos. O circuito interno \u00e9 feito para que n\u00e3o haja necessidade do visitante percorrer o mesmo trajecto na ida e na volta. Importante \u00e9 tamb\u00e9m a hist\u00f3ria cultural e tradicional que esta gruta possui, bem como o valor cient\u00edfico em forma\u00e7\u00f5es geol\u00f3gicas. <br>No seu interior poder\u00e3o ser observados estruturas geol\u00f3gicas diversas como escorr\u00eancias de diferentes tipos de lava, estafilites e balc\u00f5es laterais.<br>Apresenta-se como um espa\u00e7o did\u00e1ctico a que cada vez mais recorrem os professores, acompanhados das suas turmas, para melhor compreenderem as manifesta\u00e7\u00f5es vulc\u00e2nicas que se encontraram na g\u00e9nese destas ilhas.<br>Foi no passado palco de in\u00fameros actos de vandalismo pelo que o acesso \u00e9 agora condicionado.<\/p>\n<p align=\"left\"><strong>A Casa-apoio<\/strong><br>Num passado distante Os Montanheiros haviam constru\u00eddo uma casa &#8211; tipo palheiro \u2013 para dar apoio \u00e0s explora\u00e7\u00f5es de ent\u00e3o \u00e0 Gruta do Natal, no entanto a simplicidade da estrutura teve por consequ\u00eancia a sua degrada\u00e7\u00e3o, merc\u00ea tamb\u00e9m dos actos criminosos a que foi sujeita.<br>Finalmente em 1998 os Montanheiros conseguiram dar in\u00edcio ao projecto da explora\u00e7\u00e3o tur\u00edstica da Gruta do Natal, com a constru\u00e7\u00e3o de uma nova casa-apoio, perfeitamente integrada na paisagem envolvente. Este edif\u00edcio tem por fun\u00e7\u00f5es: albergar o sistema gerador e controlar a electrifica\u00e7\u00e3o permanente da gruta, proteg\u00ea-la do vandalismo e valoriz\u00e1-la, criando as condi\u00e7\u00f5es m\u00ednimas para que os visitantes possam encontrar na Gruta do Natal a possibilidade de tomar um primeiro contacto e poder usufruir das belezas e novidades que um tubo de lava tem para oferecer.<br>O edif\u00edcio alberga ainda instala\u00e7\u00f5es sanit\u00e1rias, sala para o Gerador e t\u00fanel com escadas de acesso, ao interior da Gruta.<\/p>\n<p align=\"left\"><strong>Aberturas<\/strong><br>Inaugurado a 1 de Dezembro de 1998, data do anivers\u00e1rio da associa\u00e7\u00e3o, abriu ao p\u00fablico regularmente a partir de 1 de Junho de 1999.<br>O calend\u00e1rio anual de aberturas realiza-se habitualmente entre Junho e Setembro, todos os dias, no per\u00edodo da tarde. S\u00e3o realizadas aberturas extraordin\u00e1rias durante todo o ano mediante marca\u00e7\u00e3o junto dos Montanheiros.<\/p>\n\n\t\t<\/div>\n\t\t\t\t\t<\/div>\n\n\t\n\n<\/div>\n","protected":false},"excerpt":{"rendered":"<p>in\u00edcio atividades publica\u00e7\u00f5es\/\/arquivo\/\/links quem somos Cavidades Vulc\u00e2nicas Cavidades abertas ao p\u00fablico IPEA gloss\u00e1rio Algar do Carv\u00e3o Caldeira da Graciosa e Furna do Enxofre Furna d&#8217;\u00c1gua Gruta do Carv\u00e3o Gruta das Torres Gruta do Natal Gruta do Natal Esta gruta, inicialmente conhecida por Galeria Negra, foi rebaptizada por Gruta do Cavalo, aquando das primeiras explora\u00e7\u00f5es, por [&#8230;]\n","protected":false},"author":1,"featured_media":0,"parent":7485,"menu_order":3,"comment_status":"closed","ping_status":"closed","template":"page-single-page-nav.php","meta":{"jetpack_post_was_ever_published":false,"footnotes":""},"class_list":["post-7851","page","type-page","status-publish","hentry"],"jetpack_sharing_enabled":true,"jetpack_shortlink":"https:\/\/wp.me\/PaT0CI-22D","_links":{"self":[{"href":"https:\/\/www.montanheiros.com\/en\/wp-json\/wp\/v2\/pages\/7851","targetHints":{"allow":["GET"]}}],"collection":[{"href":"https:\/\/www.montanheiros.com\/en\/wp-json\/wp\/v2\/pages"}],"about":[{"href":"https:\/\/www.montanheiros.com\/en\/wp-json\/wp\/v2\/types\/page"}],"author":[{"embeddable":true,"href":"https:\/\/www.montanheiros.com\/en\/wp-json\/wp\/v2\/users\/1"}],"replies":[{"embeddable":true,"href":"https:\/\/www.montanheiros.com\/en\/wp-json\/wp\/v2\/comments?post=7851"}],"version-history":[{"count":11,"href":"https:\/\/www.montanheiros.com\/en\/wp-json\/wp\/v2\/pages\/7851\/revisions"}],"predecessor-version":[{"id":12186,"href":"https:\/\/www.montanheiros.com\/en\/wp-json\/wp\/v2\/pages\/7851\/revisions\/12186"}],"up":[{"embeddable":true,"href":"https:\/\/www.montanheiros.com\/en\/wp-json\/wp\/v2\/pages\/7485"}],"wp:attachment":[{"href":"https:\/\/www.montanheiros.com\/en\/wp-json\/wp\/v2\/media?parent=7851"}],"curies":[{"name":"wp","href":"https:\/\/api.w.org\/{rel}","templated":true}]}}