{"id":7884,"date":"2019-05-21T11:13:51","date_gmt":"2019-05-21T11:13:51","guid":{"rendered":"http:\/\/montanheiros.cecilia-designs.com\/?page_id=7884"},"modified":"2024-05-26T08:23:37","modified_gmt":"2024-05-26T08:23:37","slug":"doc","status":"publish","type":"page","link":"https:\/\/www.montanheiros.com\/en\/montanheiros\/doc\/","title":{"rendered":"Documentos"},"content":{"rendered":"\n<div class=\"container section-title-container\" ><h3 class=\"section-title section-title-normal\"><b><\/b><span class=\"section-title-main\" >Documenta\u00e7\u00e3o<\/span><b><\/b><\/h3><\/div>\n\n<div class=\"row\"  id=\"row-161925307\">\n\n\n\t<div id=\"col-2110380622\" class=\"col medium-6 small-12 large-6\"  >\n\t\t\t\t<div class=\"col-inner\"  >\n\t\t\t\n\t\t\t\n\n<div class=\"container section-title-container\" ><h4 class=\"section-title section-title-bold\"><b><\/b><span class=\"section-title-main\" style=\"color:rgb(203, 119, 52);\">Associa\u00e7\u00e3o Os Montanheiros<\/span><b><\/b><\/h4><\/div>\n\n<p><a href=\"http:\/\/www.montanheiros.com\/wp-content\/uploads\/2024\/02\/Estatutos-atualizados-a-16fev2024.pdf\" target=\"_blank\" rel=\"noopener\">Estatutos atualizados a 16 de fevereiro 2024<\/a><\/p>\n<p><a href=\"http:\/\/www.montanheiros.com\/wp-content\/uploads\/2024\/05\/Regulamento-concurso-fotografia-Pedacos-Mar-Ambiente2024-1.pdf\" target=\"_blank\" rel=\"noopener\">Regulamento &#8211; concurso de fotografia Peda\u00e7os de Mar e Ambiente 2024<\/a><\/p>\n\n\t\t<\/div>\n\t\t\t\t\t<\/div>\n\n\t\n\n\t<div id=\"col-1341501040\" class=\"col medium-6 small-12 large-6\"  >\n\t\t\t\t<div class=\"col-inner\"  >\n\t\t\t\n\t\t\t\n\n<div class=\"container section-title-container\" ><h4 class=\"section-title section-title-bold\"><b><\/b><span class=\"section-title-main\" style=\"color:rgb(203, 119, 52);\">Clube Desportivo Montanheiros<\/span><b><\/b><\/h4><\/div>\n\n<p><a href=\"http:\/\/montanheiros.com\/wp-content\/uploads\/2019\/05\/1473421059.pdf\" target=\"_blank\" rel=\"noopener noreferrer\">Regulamento Geral Interno do CDM<\/a><\/p>\n<p><a href=\"http:\/\/montanheiros.com\/wp-content\/uploads\/2019\/05\/1473420967.pdf\" target=\"_blank\" rel=\"noopener noreferrer\">Escritura e Estatutos do CDM<\/a><\/p>\n<div class=\"is-divider divider clearfix\" style=\"max-width:300px;\"><\/div>\n\n<h3>Sec\u00e7\u00e3o de escalada<\/h3>\n<p><a href=\"http:\/\/montanheiros.com\/wp-content\/uploads\/2019\/05\/1456757278.pdf\" target=\"_blank\" rel=\"noopener noreferrer\">Boletim de Exame M\u00e9dico &#8211; Seguro Di\u00e1rio da FPME<\/a><\/p>\n<p><a href=\"http:\/\/montanheiros.com\/wp-content\/uploads\/2019\/05\/1456757202.pdf\" target=\"_blank\" rel=\"noopener noreferrer\">Boletim de Exame M\u00e9dico &#8211; Seguro Anual da FPME<\/a><\/p>\n<p><a href=\"http:\/\/montanheiros.com\/wp-content\/uploads\/2019\/05\/1456756883.pdf\" target=\"_blank\" rel=\"noopener noreferrer\">Boletim de Alta &#8211; Seguro Di\u00e1rio da FPME<\/a><\/p>\n<p><a href=\"http:\/\/montanheiros.com\/wp-content\/uploads\/2019\/05\/1456756799.pdf\" target=\"_blank\" rel=\"noopener noreferrer\">Boletim de Alta &#8211; Seguro Anual da FPME<\/a><\/p>\n<p><a href=\"http:\/\/montanheiros.com\/wp-content\/uploads\/2019\/05\/1456756704.pdf\" target=\"_blank\" rel=\"noopener noreferrer\">Participa\u00e7\u00e3o de Sinistro &#8211; Seguro Di\u00e1rio da FPME<\/a><\/p>\n<p><a href=\"http:\/\/montanheiros.com\/wp-content\/uploads\/2019\/05\/1456756574.pdf\" target=\"_blank\" rel=\"noopener noreferrer\">Participa\u00e7\u00e3o de Sinistro &#8211; Seguro Anual da FPME<\/a><\/p>\n<p><a href=\"http:\/\/montanheiros.com\/wp-content\/uploads\/2019\/05\/1456756457.pdf\" target=\"_blank\" rel=\"noopener noreferrer\">Manual de Procedimentos em Caso de Acidente &#8211; Seguro Di\u00e1rio FPME<\/a><\/p>\n<p><a href=\"http:\/\/montanheiros.com\/wp-content\/uploads\/2019\/05\/1456756383.pdf\" target=\"_blank\" rel=\"noopener noreferrer\">Manual de Procedimentos em Caso de Acidente &#8211; Seguro Anual FPME<\/a><\/p>\n\n\t\t<\/div>\n\t\t\t\t\t<\/div>\n\n\t\n\n<\/div>\n\n","protected":false},"excerpt":{"rendered":"<p>Documenta\u00e7\u00e3o Associa\u00e7\u00e3o Os Montanheiros Estatutos atualizados a 16 de fevereiro 2024 Regulamento &#8211; concurso de fotografia Peda\u00e7os de Mar e Ambiente 2024 Clube Desportivo Montanheiros Regulamento Geral Interno do CDM Escritura e Estatutos do CDM Sec\u00e7\u00e3o de escalada Boletim de Exame M\u00e9dico &#8211; Seguro Di\u00e1rio da FPME Boletim de Exame M\u00e9dico &#8211; Seguro Anual da [&#8230;]\n","protected":false},"author":1,"featured_media":0,"parent":18,"menu_order":0,"comment_status":"closed","ping_status":"closed","template":"","meta":{"jetpack_post_was_ever_published":false,"footnotes":""},"class_list":["post-7884","page","type-page","status-publish","hentry"],"jetpack_sharing_enabled":true,"jetpack_shortlink":"https:\/\/wp.me\/PaT0CI-23a","_links":{"self":[{"href":"https:\/\/www.montanheiros.com\/en\/wp-json\/wp\/v2\/pages\/7884","targetHints":{"allow":["GET"]}}],"collection":[{"href":"https:\/\/www.montanheiros.com\/en\/wp-json\/wp\/v2\/pages"}],"about":[{"href":"https:\/\/www.montanheiros.com\/en\/wp-json\/wp\/v2\/types\/page"}],"author":[{"embeddable":true,"href":"https:\/\/www.montanheiros.com\/en\/wp-json\/wp\/v2\/users\/1"}],"replies":[{"embeddable":true,"href":"https:\/\/www.montanheiros.com\/en\/wp-json\/wp\/v2\/comments?post=7884"}],"version-history":[{"count":26,"href":"https:\/\/www.montanheiros.com\/en\/wp-json\/wp\/v2\/pages\/7884\/revisions"}],"predecessor-version":[{"id":16730,"href":"https:\/\/www.montanheiros.com\/en\/wp-json\/wp\/v2\/pages\/7884\/revisions\/16730"}],"up":[{"embeddable":true,"href":"https:\/\/www.montanheiros.com\/en\/wp-json\/wp\/v2\/pages\/18"}],"wp:attachment":[{"href":"https:\/\/www.montanheiros.com\/en\/wp-json\/wp\/v2\/media?parent=7884"}],"curies":[{"name":"wp","href":"https:\/\/api.w.org\/{rel}","templated":true}]}}