{"id":15476,"date":"2023-04-11T10:39:25","date_gmt":"2023-04-11T10:39:25","guid":{"rendered":"http:\/\/www.montanheiros.com\/?post_type=product&#038;p=15476"},"modified":"2025-09-12T17:22:51","modified_gmt":"2025-09-12T17:22:51","slug":"guia-pratico-da-fauna-terrestre-dos-acores-field-guide-of-azorean-terrestrial-fauna","status":"publish","type":"product","link":"https:\/\/www.montanheiros.com\/en\/product\/guia-pratico-da-fauna-terrestre-dos-acores-field-guide-of-azorean-terrestrial-fauna\/","title":{"rendered":"Guia pr\u00e1tico da Fauna Terrestre dos A\u00e7ores &#8211; Field guide of Azorean Terrestrial Fauna"},"content":{"rendered":"<p>Dimens\u00f5es: 11,50cm x 19cm<\/p>\n<p>Idiomas: Portugu\u00eas e Ingl\u00eas<\/p>\n<p>Autores: Paulo Borges, Cec\u00edlia Melo, Carlos Pereira, Ant\u00f3nio Frias Martins, Virg\u00edlio Vieira, Sophie Wallon, Pedro Cardoso, Ana Pican\u00e7o, Lucas Lamelas-L\u00f3pez, Isabel Amorim, Artur Serrano, Lina Nunes, S\u00f3cia Duarte, Ant\u00f3nio Onofre Soares, En\u00e9sima Mendon\u00e7a, Peter Stuben, Isabel Borges, Jorgen Lissner, Tim Faasen<\/p>\n<p>Edi\u00e7\u00e3o: IAC<\/p>\n<p>Co-Edi\u00e7\u00e3o: Associa\u00e7\u00e3o Os Montanheiros, Funda\u00e7\u00e3o Gaspar Frutuoso<\/p>\n<p>\u00c0 venda nos Centros de Visitantes Algar do Carv\u00e3o e Gruta do Natal e na Sede da Associa\u00e7\u00e3o Os Montanheiros<\/p>\n","protected":false},"excerpt":{"rendered":"<p>Trata-se de uma segunda edi\u00e7\u00e3o revista e aumentada, bilingue, com edi\u00e7\u00e3o do Instituto A\u00e7oriano de Cultura e desta vez com a co-edi\u00e7\u00e3o da Associa\u00e7\u00e3o Os Montanheiros e a Funda\u00e7\u00e3o Gaspar Frutuoso. \u00c9 um guia de campo de capa mole, que pretende dar uma vis\u00e3o geral dos moluscos terrestres, artr\u00f3podes e vertebrados dos A\u00e7ores, dando maior destaque \u00e0s esp\u00e9cies e sub-esp\u00e9cies end\u00e9micas.<\/p>\n","protected":false},"featured_media":15477,"comment_status":"open","ping_status":"closed","template":"","meta":{"jetpack_post_was_ever_published":false,"jetpack_publicize_message":"","jetpack_publicize_feature_enabled":true,"jetpack_social_post_already_shared":true,"jetpack_social_options":{"image_generator_settings":{"template":"highway","default_image_id":0,"font":"","enabled":false},"version":2}},"product_brand":[],"product_cat":[72],"product_tag":[79,473,472],"class_list":{"0":"post-15476","1":"product","2":"type-product","3":"status-publish","4":"has-post-thumbnail","6":"product_cat-livros","7":"product_tag-acores","8":"product_tag-azores","9":"product_tag-fauna-terrestre","11":"first","12":"instock","13":"shipping-taxable","14":"purchasable","15":"product-type-simple"},"jetpack_publicize_connections":[],"jetpack_sharing_enabled":true,"_links":{"self":[{"href":"https:\/\/www.montanheiros.com\/en\/wp-json\/wp\/v2\/product\/15476","targetHints":{"allow":["GET"]}}],"collection":[{"href":"https:\/\/www.montanheiros.com\/en\/wp-json\/wp\/v2\/product"}],"about":[{"href":"https:\/\/www.montanheiros.com\/en\/wp-json\/wp\/v2\/types\/product"}],"replies":[{"embeddable":true,"href":"https:\/\/www.montanheiros.com\/en\/wp-json\/wp\/v2\/comments?post=15476"}],"wp:featuredmedia":[{"embeddable":true,"href":"https:\/\/www.montanheiros.com\/en\/wp-json\/wp\/v2\/media\/15477"}],"wp:attachment":[{"href":"https:\/\/www.montanheiros.com\/en\/wp-json\/wp\/v2\/media?parent=15476"}],"wp:term":[{"taxonomy":"product_brand","embeddable":true,"href":"https:\/\/www.montanheiros.com\/en\/wp-json\/wp\/v2\/product_brand?post=15476"},{"taxonomy":"product_cat","embeddable":true,"href":"https:\/\/www.montanheiros.com\/en\/wp-json\/wp\/v2\/product_cat?post=15476"},{"taxonomy":"product_tag","embeddable":true,"href":"https:\/\/www.montanheiros.com\/en\/wp-json\/wp\/v2\/product_tag?post=15476"}],"curies":[{"name":"wp","href":"https:\/\/api.w.org\/{rel}","templated":true}]}}