{"id":16341,"date":"2023-12-18T19:26:08","date_gmt":"2023-12-18T19:26:08","guid":{"rendered":"https:\/\/www.montanheiros.com\/?post_type=product&#038;p=16341"},"modified":"2025-10-09T04:09:01","modified_gmt":"2025-10-09T04:09:01","slug":"fornos-de-cal","status":"publish","type":"product","link":"https:\/\/www.montanheiros.com\/en\/product\/fornos-de-cal\/","title":{"rendered":"Fornos de Cal"},"content":{"rendered":"<p>Dimens\u00f5es: 15,30 x 21 cm<\/p>\n<p>Idioma: Portugu\u00eas<\/p>\n<p>Autor: Paulo J. M. Barcelos<\/p>\n<p>Edi\u00e7\u00e3o : Munic\u00edpio de Angra do Hero\u00edsmo e Associa\u00e7\u00e3o Os Montanheiros<\/p>\n<p>\u00c0 venda dos Centros de visitantes do Algar do Carv\u00e3o, Gruta do Natal e na Sede da Associa\u00e7\u00e3o Os Montanheiros. Pre\u00e7o especial para s\u00f3cios.<\/p>\n","protected":false},"excerpt":{"rendered":"<p>Dimens\u00f5es: 15,30 x 21 cm Idioma: Portugu\u00eas Autor: Paulo J. M. Barcelos Edi\u00e7\u00e3o : Munic\u00edpio de Angra do Hero\u00edsmo e Associa\u00e7\u00e3o Os Montanheiros \u00c0 venda dos Centros de visitantes do Algar do Carv\u00e3o, Gruta do Natal e na Sede da Associa\u00e7\u00e3o Os Montanheiros. Pre\u00e7o especial para s\u00f3cios.<\/p>\n","protected":false},"featured_media":16342,"comment_status":"open","ping_status":"closed","template":"","meta":{"jetpack_post_was_ever_published":false,"jetpack_publicize_message":"","jetpack_publicize_feature_enabled":true,"jetpack_social_post_already_shared":true,"jetpack_social_options":{"image_generator_settings":{"template":"highway","default_image_id":0,"font":"","enabled":false},"version":2}},"product_brand":[],"product_cat":[72],"product_tag":[475,476,477],"class_list":{"0":"post-16341","1":"product","2":"type-product","3":"status-publish","4":"has-post-thumbnail","6":"product_cat-livros","7":"product_tag-cal","8":"product_tag-forno","9":"product_tag-producao-de-cal","11":"first","12":"instock","13":"shipping-taxable","14":"purchasable","15":"product-type-simple"},"jetpack_publicize_connections":[],"jetpack_sharing_enabled":true,"_links":{"self":[{"href":"https:\/\/www.montanheiros.com\/en\/wp-json\/wp\/v2\/product\/16341","targetHints":{"allow":["GET"]}}],"collection":[{"href":"https:\/\/www.montanheiros.com\/en\/wp-json\/wp\/v2\/product"}],"about":[{"href":"https:\/\/www.montanheiros.com\/en\/wp-json\/wp\/v2\/types\/product"}],"replies":[{"embeddable":true,"href":"https:\/\/www.montanheiros.com\/en\/wp-json\/wp\/v2\/comments?post=16341"}],"wp:featuredmedia":[{"embeddable":true,"href":"https:\/\/www.montanheiros.com\/en\/wp-json\/wp\/v2\/media\/16342"}],"wp:attachment":[{"href":"https:\/\/www.montanheiros.com\/en\/wp-json\/wp\/v2\/media?parent=16341"}],"wp:term":[{"taxonomy":"product_brand","embeddable":true,"href":"https:\/\/www.montanheiros.com\/en\/wp-json\/wp\/v2\/product_brand?post=16341"},{"taxonomy":"product_cat","embeddable":true,"href":"https:\/\/www.montanheiros.com\/en\/wp-json\/wp\/v2\/product_cat?post=16341"},{"taxonomy":"product_tag","embeddable":true,"href":"https:\/\/www.montanheiros.com\/en\/wp-json\/wp\/v2\/product_tag?post=16341"}],"curies":[{"name":"wp","href":"https:\/\/api.w.org\/{rel}","templated":true}]}}