{"id":16433,"date":"2024-02-20T09:36:09","date_gmt":"2024-02-20T09:36:09","guid":{"rendered":"https:\/\/www.montanheiros.com\/?post_type=product&#038;p=16433"},"modified":"2026-03-01T04:49:23","modified_gmt":"2026-03-01T04:49:23","slug":"guia-pratico-da-geodiversidade-dos-acores","status":"publish","type":"product","link":"https:\/\/www.montanheiros.com\/en\/product\/guia-pratico-da-geodiversidade-dos-acores\/","title":{"rendered":"Guia pr\u00e1tico da Geodiversidade dos A\u00e7ores"},"content":{"rendered":"<p>Dimens\u00f5es: 19 cm x 11,50 cm<br \/>\nEncardena\u00e7\u00e3o: Capa mole<br \/>\nAutores: Jo\u00e3o Carlos Nunes<br \/>\nIdioma: Portugu\u00eas-Ingl\u00eas<br \/>\nEdi\u00e7\u00e3o: IAC<br \/>\nAno: 2023<\/p>\n<p>\u00c0 venda na Sede dos Montanheiros e nos Centros de Visitantes do Algar do Carv\u00e3o e da Gruta do Natal.<\/p>\n","protected":false},"excerpt":{"rendered":"<p>Dimens\u00f5es: 19 cm x 11,50 cm Encardena\u00e7\u00e3o: Capa mole Autores: Jo\u00e3o Carlos Nunes Idioma: Portugu\u00eas-Ingl\u00eas Edi\u00e7\u00e3o: IAC Ano: 2023 \u00c0 venda na Sede dos Montanheiros e nos Centros de Visitantes do Algar do Carv\u00e3o e da Gruta do Natal.<\/p>\n","protected":false},"featured_media":16436,"comment_status":"open","ping_status":"closed","template":"","meta":{"jetpack_post_was_ever_published":false,"jetpack_publicize_message":"","jetpack_publicize_feature_enabled":true,"jetpack_social_post_already_shared":true,"jetpack_social_options":{"image_generator_settings":{"template":"highway","default_image_id":0,"font":"","enabled":false},"version":2}},"product_brand":[],"product_cat":[72],"product_tag":[79,473,98],"class_list":{"0":"post-16433","1":"product","2":"type-product","3":"status-publish","4":"has-post-thumbnail","6":"product_cat-livros","7":"product_tag-acores","8":"product_tag-azores","9":"product_tag-geodiversidade","11":"first","12":"instock","13":"shipping-taxable","14":"purchasable","15":"product-type-simple"},"jetpack_publicize_connections":[],"jetpack_sharing_enabled":true,"_links":{"self":[{"href":"https:\/\/www.montanheiros.com\/en\/wp-json\/wp\/v2\/product\/16433","targetHints":{"allow":["GET"]}}],"collection":[{"href":"https:\/\/www.montanheiros.com\/en\/wp-json\/wp\/v2\/product"}],"about":[{"href":"https:\/\/www.montanheiros.com\/en\/wp-json\/wp\/v2\/types\/product"}],"replies":[{"embeddable":true,"href":"https:\/\/www.montanheiros.com\/en\/wp-json\/wp\/v2\/comments?post=16433"}],"wp:featuredmedia":[{"embeddable":true,"href":"https:\/\/www.montanheiros.com\/en\/wp-json\/wp\/v2\/media\/16436"}],"wp:attachment":[{"href":"https:\/\/www.montanheiros.com\/en\/wp-json\/wp\/v2\/media?parent=16433"}],"wp:term":[{"taxonomy":"product_brand","embeddable":true,"href":"https:\/\/www.montanheiros.com\/en\/wp-json\/wp\/v2\/product_brand?post=16433"},{"taxonomy":"product_cat","embeddable":true,"href":"https:\/\/www.montanheiros.com\/en\/wp-json\/wp\/v2\/product_cat?post=16433"},{"taxonomy":"product_tag","embeddable":true,"href":"https:\/\/www.montanheiros.com\/en\/wp-json\/wp\/v2\/product_tag?post=16433"}],"curies":[{"name":"wp","href":"https:\/\/api.w.org\/{rel}","templated":true}]}}