{"id":16437,"date":"2024-02-20T09:40:28","date_gmt":"2024-02-20T09:40:28","guid":{"rendered":"https:\/\/www.montanheiros.com\/?post_type=product&#038;p=16437"},"modified":"2024-12-12T17:47:22","modified_gmt":"2024-12-12T17:47:22","slug":"guia-pratico-da-flora-nativa-dos-acores","status":"publish","type":"product","link":"https:\/\/www.montanheiros.com\/en\/product\/guia-pratico-da-flora-nativa-dos-acores\/","title":{"rendered":"Guia pr\u00e1tico da Flora Nativa dos A\u00e7ores"},"content":{"rendered":"<p>Dimens\u00f5es: 19 cm x 11,50 cm<br \/>\nEncardena\u00e7\u00e3o: Capa mole<br \/>\nAutores: Rui Bento Elias, Ant\u00f3nio F\u00e9lix Rodrigues e Rosalina Gabriel<br \/>\nIdioma: Portugu\u00eas-Ingl\u00eas<br \/>\nAno: 2024 (2\u00aa edi\u00e7\u00e3o revista)<\/p>\n<p><img loading=\"lazy\" decoding=\"async\" src=\"http:\/\/www.montanheiros.com\/wp-content\/uploads\/2024\/02\/Guia-Flora-Nativa-238x400.jpg\" alt=\"\" width=\"238\" height=\"400\" class=\"alignnone size-medium wp-image-17175\" srcset=\"https:\/\/www.montanheiros.com\/wp-content\/uploads\/2024\/02\/Guia-Flora-Nativa-238x400.jpg 238w, https:\/\/www.montanheiros.com\/wp-content\/uploads\/2024\/02\/Guia-Flora-Nativa.jpg 298w\" sizes=\"auto, (max-width: 238px) 100vw, 238px\" \/><\/p>\n","protected":false},"excerpt":{"rendered":"<p>Dimens\u00f5es: 19 cm x 11,50 cm Encardena\u00e7\u00e3o: Capa mole Autores: Rui Bento Elias, Ant\u00f3nio F\u00e9lix Rodrigues e Rosalina Gabriel Idioma: Portugu\u00eas-Ingl\u00eas Ano: 2024 (2\u00aa edi\u00e7\u00e3o revista)<\/p>\n","protected":false},"featured_media":16435,"comment_status":"open","ping_status":"closed","template":"","meta":{"jetpack_post_was_ever_published":false,"jetpack_publicize_message":"","jetpack_publicize_feature_enabled":true,"jetpack_social_post_already_shared":true,"jetpack_social_options":{"image_generator_settings":{"template":"highway","default_image_id":0,"font":"","enabled":false},"version":2}},"product_brand":[],"product_cat":[72],"product_tag":[79,473,105],"class_list":{"0":"post-16437","1":"product","2":"type-product","3":"status-publish","4":"has-post-thumbnail","6":"product_cat-livros","7":"product_tag-acores","8":"product_tag-azores","9":"product_tag-flora","11":"first","12":"instock","13":"shipping-taxable","14":"purchasable","15":"product-type-simple"},"jetpack_publicize_connections":[],"jetpack_sharing_enabled":true,"_links":{"self":[{"href":"https:\/\/www.montanheiros.com\/en\/wp-json\/wp\/v2\/product\/16437","targetHints":{"allow":["GET"]}}],"collection":[{"href":"https:\/\/www.montanheiros.com\/en\/wp-json\/wp\/v2\/product"}],"about":[{"href":"https:\/\/www.montanheiros.com\/en\/wp-json\/wp\/v2\/types\/product"}],"replies":[{"embeddable":true,"href":"https:\/\/www.montanheiros.com\/en\/wp-json\/wp\/v2\/comments?post=16437"}],"wp:featuredmedia":[{"embeddable":true,"href":"https:\/\/www.montanheiros.com\/en\/wp-json\/wp\/v2\/media\/16435"}],"wp:attachment":[{"href":"https:\/\/www.montanheiros.com\/en\/wp-json\/wp\/v2\/media?parent=16437"}],"wp:term":[{"taxonomy":"product_brand","embeddable":true,"href":"https:\/\/www.montanheiros.com\/en\/wp-json\/wp\/v2\/product_brand?post=16437"},{"taxonomy":"product_cat","embeddable":true,"href":"https:\/\/www.montanheiros.com\/en\/wp-json\/wp\/v2\/product_cat?post=16437"},{"taxonomy":"product_tag","embeddable":true,"href":"https:\/\/www.montanheiros.com\/en\/wp-json\/wp\/v2\/product_tag?post=16437"}],"curies":[{"name":"wp","href":"https:\/\/api.w.org\/{rel}","templated":true}]}}