{"id":16712,"date":"2024-05-24T09:51:55","date_gmt":"2024-05-24T09:51:55","guid":{"rendered":"https:\/\/www.montanheiros.com\/?post_type=product&#038;p=16712"},"modified":"2025-12-02T19:50:41","modified_gmt":"2025-12-02T19:50:41","slug":"cagarro-em-peluche","status":"publish","type":"product","link":"https:\/\/www.montanheiros.com\/en\/product\/cagarro-em-peluche\/","title":{"rendered":"Cagarro em peluche"},"content":{"rendered":"<p>Cagarro em peluche inspirado na esp\u00e9cie <em>Calonectris borealis<\/em> com as vocaliza\u00e7\u00f5es reais de cagarros<\/p>\n<p>O Cagarro, \u00e9 uma ave marinha de porte m\u00e9dio cujas vocaliza\u00e7\u00f5es noturnas s\u00e3o muito conhecidas nas ilhas a\u00e7orianas. Tem bico amarelo e pode ser identificada pela cor das partes superiores (cinzento-acastanhado) contrastando com as partes inferiores brancas. Quando voam junto \u00e0s ondas do mar s\u00e3o \u00e1geis, mas em terra s\u00e3o muito desajeitadas. Nas \u00e1guas a\u00e7orianas, \u00e9 frequente observar bandos de Cagarros a alimentarem-se em associa\u00e7\u00e3o com outras esp\u00e9cies marinhas, tais como os cet\u00e1ceos e tun\u00eddeos, que cercam as suas presas junto \u00e0 superf\u00edcie, ou ent\u00e3o pousados na superf\u00edcie da \u00e1gua, formando as chamadas \u201cjangadas\u201d<br \/>\nEm finais de fevereiro os Cagarros adultos chegam \u00e0s ilhas. Fazem seus ninhos, em arribas e fal\u00e9sias, em cavidades naturais, fendas nas rochas ou escavando buracos. Para al\u00e9m dos poss\u00edveis predadores que possam invadir os ninhos e matar as crias, o maior perigo para estas jovens aves \u00e9 quando saem dos ninhos pela primeira vez em busca de alimento, quando j\u00e1 se encontram s\u00f3s, confundindo as estrelas, pelas quais se orientam, com a ilumina\u00e7\u00e3o artificial das zonas urbanas, desorientando-se e caindo em terra em vez de chegarem ao mar, ficando feridas ou mesmo morrendo.<br \/>\nGra\u00e7as \u00e0 campanha SOS Cagarro, que decorre entre os meses de outubro e novembro, coordenada e orientada pelo Governo Regional e \u00e0 colabora\u00e7\u00e3o das in\u00fameras entidades n\u00e3o governamentais e volunt\u00e1rios, tem sido poss\u00edvel reduzir o n\u00famero de mortes.<br \/>\nO Cagarro \u00e9 a maior pardela que nidifica no hemisf\u00e9rio Norte, nidificando em todas as ilhas e ilh\u00e9us a\u00e7orianos. Os A\u00e7ores albergam 75% da sua popula\u00e7\u00e3o mundial.<\/p>\n<p>37 cm comprimento | 35 cm di\u00e2metro<\/p>\n","protected":false},"excerpt":{"rendered":"<p>Cagarro em peluche inspirado na esp\u00e9cie <em>Calonectris borealis<\/em> com as vocaliza\u00e7\u00f5es reais de cagarros<\/p>\n","protected":false},"featured_media":16713,"comment_status":"open","ping_status":"closed","template":"","meta":{"jetpack_post_was_ever_published":false,"jetpack_publicize_message":"","jetpack_publicize_feature_enabled":true,"jetpack_social_post_already_shared":true,"jetpack_social_options":{"image_generator_settings":{"template":"highway","default_image_id":0,"font":"","enabled":false},"version":2}},"product_brand":[],"product_cat":[480],"product_tag":[483,481,482],"class_list":{"0":"post-16712","1":"product","2":"type-product","3":"status-publish","4":"has-post-thumbnail","6":"product_cat-peluche","7":"product_tag-avifauna","8":"product_tag-brinquedo","9":"product_tag-merchandising","11":"first","12":"instock","13":"shipping-taxable","14":"purchasable","15":"product-type-simple"},"jetpack_publicize_connections":[],"jetpack_sharing_enabled":true,"_links":{"self":[{"href":"https:\/\/www.montanheiros.com\/en\/wp-json\/wp\/v2\/product\/16712","targetHints":{"allow":["GET"]}}],"collection":[{"href":"https:\/\/www.montanheiros.com\/en\/wp-json\/wp\/v2\/product"}],"about":[{"href":"https:\/\/www.montanheiros.com\/en\/wp-json\/wp\/v2\/types\/product"}],"replies":[{"embeddable":true,"href":"https:\/\/www.montanheiros.com\/en\/wp-json\/wp\/v2\/comments?post=16712"}],"wp:featuredmedia":[{"embeddable":true,"href":"https:\/\/www.montanheiros.com\/en\/wp-json\/wp\/v2\/media\/16713"}],"wp:attachment":[{"href":"https:\/\/www.montanheiros.com\/en\/wp-json\/wp\/v2\/media?parent=16712"}],"wp:term":[{"taxonomy":"product_brand","embeddable":true,"href":"https:\/\/www.montanheiros.com\/en\/wp-json\/wp\/v2\/product_brand?post=16712"},{"taxonomy":"product_cat","embeddable":true,"href":"https:\/\/www.montanheiros.com\/en\/wp-json\/wp\/v2\/product_cat?post=16712"},{"taxonomy":"product_tag","embeddable":true,"href":"https:\/\/www.montanheiros.com\/en\/wp-json\/wp\/v2\/product_tag?post=16712"}],"curies":[{"name":"wp","href":"https:\/\/api.w.org\/{rel}","templated":true}]}}