{"id":17176,"date":"2024-12-12T17:15:07","date_gmt":"2024-12-12T17:15:07","guid":{"rendered":"https:\/\/www.montanheiros.com\/?post_type=product&#038;p=17176"},"modified":"2026-04-03T00:55:03","modified_gmt":"2026-04-03T00:55:03","slug":"guia-pratico-da-flora-e-fauna-marinha-dos-acores","status":"publish","type":"product","link":"https:\/\/www.montanheiros.com\/en\/product\/guia-pratico-da-flora-e-fauna-marinha-dos-acores\/","title":{"rendered":"Guia Pr\u00e1tico da Flora e Fauna Marinha dos A\u00e7ores"},"content":{"rendered":"<p>Dimens\u00f5es: 19cm x 11,50cm<br \/>\nEncaderna\u00e7\u00e3o: Capa mole<br \/>\nAutores: Jo\u00e3o Pedro Barreiros, Ana C. Costa, Filipe M. Porteiro &#038; Gui M. Menezes<br \/>\nIdioma: Portugu\u00eas- Ingl\u00eas<br \/>\nAno: 2024<\/p>\n","protected":false},"excerpt":{"rendered":"<p>Dimens\u00f5es: 19cm x 11,50cm Encaderna\u00e7\u00e3o: Capa mole Autores: Jo\u00e3o Pedro Barreiros, Ana C. Costa, Filipe M. Porteiro &#038; Gui M. Menezes Idioma: Portugu\u00eas- Ingl\u00eas Ano: 2024<\/p>\n","protected":false},"featured_media":17177,"comment_status":"open","ping_status":"closed","template":"","meta":{"jetpack_post_was_ever_published":false,"jetpack_publicize_message":"","jetpack_publicize_feature_enabled":true,"jetpack_social_post_already_shared":true,"jetpack_social_options":{"image_generator_settings":{"template":"highway","default_image_id":0,"font":"","enabled":false},"version":2}},"product_brand":[],"product_cat":[72],"product_tag":[],"class_list":{"0":"post-17176","1":"product","2":"type-product","3":"status-publish","4":"has-post-thumbnail","6":"product_cat-livros","8":"first","9":"instock","10":"shipping-taxable","11":"purchasable","12":"product-type-simple"},"jetpack_publicize_connections":[],"jetpack_sharing_enabled":true,"_links":{"self":[{"href":"https:\/\/www.montanheiros.com\/en\/wp-json\/wp\/v2\/product\/17176","targetHints":{"allow":["GET"]}}],"collection":[{"href":"https:\/\/www.montanheiros.com\/en\/wp-json\/wp\/v2\/product"}],"about":[{"href":"https:\/\/www.montanheiros.com\/en\/wp-json\/wp\/v2\/types\/product"}],"replies":[{"embeddable":true,"href":"https:\/\/www.montanheiros.com\/en\/wp-json\/wp\/v2\/comments?post=17176"}],"wp:featuredmedia":[{"embeddable":true,"href":"https:\/\/www.montanheiros.com\/en\/wp-json\/wp\/v2\/media\/17177"}],"wp:attachment":[{"href":"https:\/\/www.montanheiros.com\/en\/wp-json\/wp\/v2\/media?parent=17176"}],"wp:term":[{"taxonomy":"product_brand","embeddable":true,"href":"https:\/\/www.montanheiros.com\/en\/wp-json\/wp\/v2\/product_brand?post=17176"},{"taxonomy":"product_cat","embeddable":true,"href":"https:\/\/www.montanheiros.com\/en\/wp-json\/wp\/v2\/product_cat?post=17176"},{"taxonomy":"product_tag","embeddable":true,"href":"https:\/\/www.montanheiros.com\/en\/wp-json\/wp\/v2\/product_tag?post=17176"}],"curies":[{"name":"wp","href":"https:\/\/api.w.org\/{rel}","templated":true}]}}