{"id":17547,"date":"2025-07-18T13:57:47","date_gmt":"2025-07-18T13:57:47","guid":{"rendered":"https:\/\/www.montanheiros.com\/?post_type=product&#038;p=17547"},"modified":"2025-10-08T02:17:37","modified_gmt":"2025-10-08T02:17:37","slug":"tentilhao-peluche","status":"publish","type":"product","link":"https:\/\/www.montanheiros.com\/en\/product\/tentilhao-peluche\/","title":{"rendered":"Tentilh\u00e3o em peluche"},"content":{"rendered":"<p>Peluche inspirado na esp\u00e9cie <em>Fringilla moreletti<\/em> com vocaliza\u00e7\u00f5es reais.<\/p>\n","protected":false},"excerpt":{"rendered":"<p>Peluche inspirado na esp\u00e9cie <em>Fringilla moreletti<\/em> Tentilh\u00e3o com vocaliza\u00e7\u00f5es reais.<\/p>\n","protected":false},"featured_media":17548,"comment_status":"open","ping_status":"closed","template":"","meta":{"jetpack_post_was_ever_published":false,"jetpack_publicize_message":"","jetpack_publicize_feature_enabled":true,"jetpack_social_post_already_shared":true,"jetpack_social_options":{"image_generator_settings":{"template":"highway","default_image_id":0,"font":"","enabled":false},"version":2}},"product_brand":[],"product_cat":[480],"product_tag":[483,481,482],"class_list":{"0":"post-17547","1":"product","2":"type-product","3":"status-publish","4":"has-post-thumbnail","6":"product_cat-peluche","7":"product_tag-avifauna","8":"product_tag-brinquedo","9":"product_tag-merchandising","11":"first","12":"instock","13":"shipping-taxable","14":"purchasable","15":"product-type-simple"},"jetpack_publicize_connections":[],"jetpack_sharing_enabled":true,"_links":{"self":[{"href":"https:\/\/www.montanheiros.com\/en\/wp-json\/wp\/v2\/product\/17547","targetHints":{"allow":["GET"]}}],"collection":[{"href":"https:\/\/www.montanheiros.com\/en\/wp-json\/wp\/v2\/product"}],"about":[{"href":"https:\/\/www.montanheiros.com\/en\/wp-json\/wp\/v2\/types\/product"}],"replies":[{"embeddable":true,"href":"https:\/\/www.montanheiros.com\/en\/wp-json\/wp\/v2\/comments?post=17547"}],"wp:featuredmedia":[{"embeddable":true,"href":"https:\/\/www.montanheiros.com\/en\/wp-json\/wp\/v2\/media\/17548"}],"wp:attachment":[{"href":"https:\/\/www.montanheiros.com\/en\/wp-json\/wp\/v2\/media?parent=17547"}],"wp:term":[{"taxonomy":"product_brand","embeddable":true,"href":"https:\/\/www.montanheiros.com\/en\/wp-json\/wp\/v2\/product_brand?post=17547"},{"taxonomy":"product_cat","embeddable":true,"href":"https:\/\/www.montanheiros.com\/en\/wp-json\/wp\/v2\/product_cat?post=17547"},{"taxonomy":"product_tag","embeddable":true,"href":"https:\/\/www.montanheiros.com\/en\/wp-json\/wp\/v2\/product_tag?post=17547"}],"curies":[{"name":"wp","href":"https:\/\/api.w.org\/{rel}","templated":true}]}}