{"id":17551,"date":"2025-07-18T14:14:54","date_gmt":"2025-07-18T14:14:54","guid":{"rendered":"https:\/\/www.montanheiros.com\/?post_type=product&#038;p=17551"},"modified":"2025-09-24T14:31:13","modified_gmt":"2025-09-24T14:31:13","slug":"morcego-peluche","status":"publish","type":"product","link":"https:\/\/www.montanheiros.com\/en\/product\/morcego-peluche\/","title":{"rendered":"Morcego de peluche"},"content":{"rendered":"<p>Morcego em peluche com carater\u00edsticas com semelhan\u00e7as \u00e0 esp\u00e9cie end\u00e9mica dos A\u00e7ores, o <em>Nyctalus azoreum<\/em>.<\/p>\n","protected":false},"excerpt":{"rendered":"<p>Morcego em peluche com carater\u00edsticas com semelhan\u00e7as \u00e0 esp\u00e9cie end\u00e9mica dos A\u00e7ores, o <em>Nyctalus azoreum<\/em>.<\/p>\n","protected":false},"featured_media":17619,"comment_status":"open","ping_status":"closed","template":"","meta":{"jetpack_post_was_ever_published":false,"jetpack_publicize_message":"","jetpack_publicize_feature_enabled":true,"jetpack_social_post_already_shared":true,"jetpack_social_options":{"image_generator_settings":{"template":"highway","default_image_id":0,"font":"","enabled":false},"version":2}},"product_brand":[],"product_cat":[480],"product_tag":[483,481,482],"class_list":{"0":"post-17551","1":"product","2":"type-product","3":"status-publish","4":"has-post-thumbnail","6":"product_cat-peluche","7":"product_tag-avifauna","8":"product_tag-brinquedo","9":"product_tag-merchandising","11":"first","12":"instock","13":"shipping-taxable","14":"purchasable","15":"product-type-simple"},"jetpack_publicize_connections":[],"jetpack_sharing_enabled":true,"_links":{"self":[{"href":"https:\/\/www.montanheiros.com\/en\/wp-json\/wp\/v2\/product\/17551","targetHints":{"allow":["GET"]}}],"collection":[{"href":"https:\/\/www.montanheiros.com\/en\/wp-json\/wp\/v2\/product"}],"about":[{"href":"https:\/\/www.montanheiros.com\/en\/wp-json\/wp\/v2\/types\/product"}],"replies":[{"embeddable":true,"href":"https:\/\/www.montanheiros.com\/en\/wp-json\/wp\/v2\/comments?post=17551"}],"wp:featuredmedia":[{"embeddable":true,"href":"https:\/\/www.montanheiros.com\/en\/wp-json\/wp\/v2\/media\/17619"}],"wp:attachment":[{"href":"https:\/\/www.montanheiros.com\/en\/wp-json\/wp\/v2\/media?parent=17551"}],"wp:term":[{"taxonomy":"product_brand","embeddable":true,"href":"https:\/\/www.montanheiros.com\/en\/wp-json\/wp\/v2\/product_brand?post=17551"},{"taxonomy":"product_cat","embeddable":true,"href":"https:\/\/www.montanheiros.com\/en\/wp-json\/wp\/v2\/product_cat?post=17551"},{"taxonomy":"product_tag","embeddable":true,"href":"https:\/\/www.montanheiros.com\/en\/wp-json\/wp\/v2\/product_tag?post=17551"}],"curies":[{"name":"wp","href":"https:\/\/api.w.org\/{rel}","templated":true}]}}