{"id":17553,"date":"2025-07-18T14:29:49","date_gmt":"2025-07-18T14:29:49","guid":{"rendered":"https:\/\/www.montanheiros.com\/?post_type=product&#038;p=17553"},"modified":"2025-11-07T08:54:57","modified_gmt":"2025-11-07T08:54:57","slug":"passarinhosacores","status":"publish","type":"product","link":"https:\/\/www.montanheiros.com\/en\/product\/passarinhosacores\/","title":{"rendered":"Passarinhos dos A\u00e7ores"},"content":{"rendered":"<p>Conto infantil onde \u00e9 dado a conhecer \u00e0s principais personagens os passariformes dos A\u00e7ores.<\/p>\n<p>Autores: Sofia Goulart e R\u00faben Coelho<\/p>\n","protected":false},"excerpt":{"rendered":"<p>Conto infantil onde \u00e9 dado a conhecer \u00e0s principais personagens os passariformes dos A\u00e7ores.<\/p>\n","protected":false},"featured_media":17554,"comment_status":"open","ping_status":"closed","template":"","meta":{"jetpack_post_was_ever_published":false,"jetpack_publicize_message":"","jetpack_publicize_feature_enabled":true,"jetpack_social_post_already_shared":true,"jetpack_social_options":{"image_generator_settings":{"template":"highway","default_image_id":0,"font":"","enabled":false},"version":2}},"product_brand":[],"product_cat":[72,510],"product_tag":[483,484],"class_list":{"0":"post-17553","1":"product","2":"type-product","3":"status-publish","4":"has-post-thumbnail","6":"product_cat-livros","7":"product_cat-livros-didaticos","8":"product_tag-avifauna","9":"product_tag-conto-infantil","11":"first","12":"instock","13":"shipping-taxable","14":"purchasable","15":"product-type-simple"},"jetpack_publicize_connections":[],"jetpack_sharing_enabled":true,"_links":{"self":[{"href":"https:\/\/www.montanheiros.com\/en\/wp-json\/wp\/v2\/product\/17553","targetHints":{"allow":["GET"]}}],"collection":[{"href":"https:\/\/www.montanheiros.com\/en\/wp-json\/wp\/v2\/product"}],"about":[{"href":"https:\/\/www.montanheiros.com\/en\/wp-json\/wp\/v2\/types\/product"}],"replies":[{"embeddable":true,"href":"https:\/\/www.montanheiros.com\/en\/wp-json\/wp\/v2\/comments?post=17553"}],"wp:featuredmedia":[{"embeddable":true,"href":"https:\/\/www.montanheiros.com\/en\/wp-json\/wp\/v2\/media\/17554"}],"wp:attachment":[{"href":"https:\/\/www.montanheiros.com\/en\/wp-json\/wp\/v2\/media?parent=17553"}],"wp:term":[{"taxonomy":"product_brand","embeddable":true,"href":"https:\/\/www.montanheiros.com\/en\/wp-json\/wp\/v2\/product_brand?post=17553"},{"taxonomy":"product_cat","embeddable":true,"href":"https:\/\/www.montanheiros.com\/en\/wp-json\/wp\/v2\/product_cat?post=17553"},{"taxonomy":"product_tag","embeddable":true,"href":"https:\/\/www.montanheiros.com\/en\/wp-json\/wp\/v2\/product_tag?post=17553"}],"curies":[{"name":"wp","href":"https:\/\/api.w.org\/{rel}","templated":true}]}}